{"id":318,"date":"2019-05-10T10:09:47","date_gmt":"2019-05-10T13:09:47","guid":{"rendered":"https:\/\/www.odonto.ufmg.br\/cpc\/?page_id=318"},"modified":"2019-05-10T10:10:15","modified_gmt":"2019-05-10T13:10:15","slug":"resolucoes","status":"publish","type":"page","link":"https:\/\/www.odonto.ufmg.br\/cpc\/documentos\/resolucoes\/","title":{"rendered":"Resolu\u00e7\u00f5es"},"content":{"rendered":"\n<style type=\"text\/css\" data-created_by=\"avia_inline_auto\" id=\"style-css-av-av_heading-9bd0f528e3b969e7e8e0b97a193fbda8\">\n#top .av-special-heading.av-av_heading-9bd0f528e3b969e7e8e0b97a193fbda8{\npadding-bottom:10px;\nfont-size:25px;\n}\nbody .av-special-heading.av-av_heading-9bd0f528e3b969e7e8e0b97a193fbda8 .av-special-heading-tag .heading-char{\nfont-size:25px;\n}\n#top #wrap_all .av-special-heading.av-av_heading-9bd0f528e3b969e7e8e0b97a193fbda8 .av-special-heading-tag{\nfont-size:25px;\n}\n.av-special-heading.av-av_heading-9bd0f528e3b969e7e8e0b97a193fbda8 .av-subheading{\nfont-size:15px;\n}\n\n@media only screen and (min-width: 480px) and (max-width: 767px){ \n#top #wrap_all .av-special-heading.av-av_heading-9bd0f528e3b969e7e8e0b97a193fbda8 .av-special-heading-tag{\nfont-size:0.8em;\n}\n}\n\n@media only screen and (max-width: 479px){ \n#top #wrap_all .av-special-heading.av-av_heading-9bd0f528e3b969e7e8e0b97a193fbda8 .av-special-heading-tag{\nfont-size:0.8em;\n}\n}\n<\/style>\n<div  class='av-special-heading av-av_heading-9bd0f528e3b969e7e8e0b97a193fbda8 av-special-heading-h3 blockquote modern-quote  avia-builder-el-0  el_before_av_hr  avia-builder-el-first  av-inherit-size'><h3 class='av-special-heading-tag '  itemprop=\"headline\"  >Resolu\u00e7\u00f5es<\/h3><div class=\"special-heading-border\"><div class=\"special-heading-inner-border\"><\/div><\/div><\/div>\n\n<style type=\"text\/css\" data-created_by=\"avia_inline_auto\" id=\"style-css-av-jvi3k6up-a3f83015981a6b6431b45aa4c197f8ef\">\n#top .hr.hr-invisible.av-jvi3k6up-a3f83015981a6b6431b45aa4c197f8ef{\nheight:50px;\n}\n<\/style>\n<div  class='hr av-jvi3k6up-a3f83015981a6b6431b45aa4c197f8ef hr-invisible  avia-builder-el-1  el_after_av_heading  el_before_av_blog '><span class='hr-inner '><span class=\"hr-inner-style\"><\/span><\/span><\/div>\n<div  class='av-alb-blogposts template-blog  '  itemscope=\"itemscope\" itemtype=\"https:\/\/schema.org\/Blog\" >\t<article class=\"entry\">\n\t\t<header class=\"entry-content-header\" aria-label=\"No Posts Found\" >\n<h1 class='post-title entry-title '>Nothing Found<\/h1>\t\t<\/header>\n\n\t\t<p class=\"entry-content\"  itemprop=\"text\" >Sorry, no posts matched your criteria<\/p>\n\n\t\t<footer class=\"entry-footer\"><\/footer>\n\t<\/article>\n\n<div class='single-big'><\/div><\/div>\n","protected":false},"excerpt":{"rendered":"","protected":false},"author":5,"featured_media":0,"parent":37,"menu_order":0,"comment_status":"closed","ping_status":"closed","template":"","meta":{"inline_featured_image":false,"footnotes":""},"class_list":["post-318","page","type-page","status-publish","hentry"],"yoast_head":"<!-- This site is optimized with the Yoast SEO plugin v27.5 - https:\/\/yoast.com\/product\/yoast-seo-wordpress\/ -->\n<title>Resolu\u00e7\u00f5es - Departamento de Cl\u00ednica, Patologia e Cirurgia Odontol\u00f3gicas<\/title>\n<meta name=\"robots\" content=\"index, follow, max-snippet:-1, max-image-preview:large, max-video-preview:-1\" \/>\n<link rel=\"canonical\" href=\"https:\/\/www.odonto.ufmg.br\/cpc\/documentos\/resolucoes\/\" \/>\n<meta property=\"og:locale\" content=\"pt_BR\" \/>\n<meta property=\"og:type\" content=\"article\" \/>\n<meta property=\"og:title\" content=\"Resolu\u00e7\u00f5es - Departamento de Cl\u00ednica, Patologia e Cirurgia Odontol\u00f3gicas\" \/>\n<meta property=\"og:url\" content=\"https:\/\/www.odonto.ufmg.br\/cpc\/documentos\/resolucoes\/\" \/>\n<meta property=\"og:site_name\" content=\"Departamento de Cl\u00ednica, Patologia e Cirurgia Odontol\u00f3gicas\" \/>\n<meta property=\"article:modified_time\" content=\"2019-05-10T13:10:15+00:00\" \/>\n<meta name=\"twitter:card\" content=\"summary_large_image\" \/>\n<meta name=\"twitter:label1\" content=\"Est. tempo de leitura\" \/>\n\t<meta name=\"twitter:data1\" content=\"1 minuto\" \/>\n<script type=\"application\/ld+json\" class=\"yoast-schema-graph\">{\"@context\":\"https:\\\/\\\/schema.org\",\"@graph\":[{\"@type\":\"WebPage\",\"@id\":\"https:\\\/\\\/www.odonto.ufmg.br\\\/cpc\\\/documentos\\\/resolucoes\\\/\",\"url\":\"https:\\\/\\\/www.odonto.ufmg.br\\\/cpc\\\/documentos\\\/resolucoes\\\/\",\"name\":\"Resolu\u00e7\u00f5es - Departamento de Cl\u00ednica, Patologia e Cirurgia Odontol\u00f3gicas\",\"isPartOf\":{\"@id\":\"https:\\\/\\\/www.odonto.ufmg.br\\\/cpc\\\/#website\"},\"datePublished\":\"2019-05-10T13:09:47+00:00\",\"dateModified\":\"2019-05-10T13:10:15+00:00\",\"breadcrumb\":{\"@id\":\"https:\\\/\\\/www.odonto.ufmg.br\\\/cpc\\\/documentos\\\/resolucoes\\\/#breadcrumb\"},\"inLanguage\":\"pt-BR\",\"potentialAction\":[{\"@type\":\"ReadAction\",\"target\":[\"https:\\\/\\\/www.odonto.ufmg.br\\\/cpc\\\/documentos\\\/resolucoes\\\/\"]}]},{\"@type\":\"BreadcrumbList\",\"@id\":\"https:\\\/\\\/www.odonto.ufmg.br\\\/cpc\\\/documentos\\\/resolucoes\\\/#breadcrumb\",\"itemListElement\":[{\"@type\":\"ListItem\",\"position\":1,\"name\":\"In\u00edcio\",\"item\":\"https:\\\/\\\/www.odonto.ufmg.br\\\/cpc\\\/\"},{\"@type\":\"ListItem\",\"position\":2,\"name\":\"Documentos\",\"item\":\"https:\\\/\\\/www.odonto.ufmg.br\\\/cpc\\\/documentos\\\/\"},{\"@type\":\"ListItem\",\"position\":3,\"name\":\"Resolu\u00e7\u00f5es\"}]},{\"@type\":\"WebSite\",\"@id\":\"https:\\\/\\\/www.odonto.ufmg.br\\\/cpc\\\/#website\",\"url\":\"https:\\\/\\\/www.odonto.ufmg.br\\\/cpc\\\/\",\"name\":\"Departamento de Cl\u00ednica, Patologia e Cirurgia Odontol\u00f3gicas\",\"description\":\"Faculdade de Odontologia - Universidade Federal de Minas Gerais\",\"potentialAction\":[{\"@type\":\"SearchAction\",\"target\":{\"@type\":\"EntryPoint\",\"urlTemplate\":\"https:\\\/\\\/www.odonto.ufmg.br\\\/cpc\\\/?s={search_term_string}\"},\"query-input\":{\"@type\":\"PropertyValueSpecification\",\"valueRequired\":true,\"valueName\":\"search_term_string\"}}],\"inLanguage\":\"pt-BR\"}]}<\/script>\n<!-- \/ Yoast SEO plugin. -->","yoast_head_json":{"title":"Resolu\u00e7\u00f5es - Departamento de Cl\u00ednica, Patologia e Cirurgia Odontol\u00f3gicas","robots":{"index":"index","follow":"follow","max-snippet":"max-snippet:-1","max-image-preview":"max-image-preview:large","max-video-preview":"max-video-preview:-1"},"canonical":"https:\/\/www.odonto.ufmg.br\/cpc\/documentos\/resolucoes\/","og_locale":"pt_BR","og_type":"article","og_title":"Resolu\u00e7\u00f5es - Departamento de Cl\u00ednica, Patologia e Cirurgia Odontol\u00f3gicas","og_url":"https:\/\/www.odonto.ufmg.br\/cpc\/documentos\/resolucoes\/","og_site_name":"Departamento de Cl\u00ednica, Patologia e Cirurgia Odontol\u00f3gicas","article_modified_time":"2019-05-10T13:10:15+00:00","twitter_card":"summary_large_image","twitter_misc":{"Est. tempo de leitura":"1 minuto"},"schema":{"@context":"https:\/\/schema.org","@graph":[{"@type":"WebPage","@id":"https:\/\/www.odonto.ufmg.br\/cpc\/documentos\/resolucoes\/","url":"https:\/\/www.odonto.ufmg.br\/cpc\/documentos\/resolucoes\/","name":"Resolu\u00e7\u00f5es - Departamento de Cl\u00ednica, Patologia e Cirurgia Odontol\u00f3gicas","isPartOf":{"@id":"https:\/\/www.odonto.ufmg.br\/cpc\/#website"},"datePublished":"2019-05-10T13:09:47+00:00","dateModified":"2019-05-10T13:10:15+00:00","breadcrumb":{"@id":"https:\/\/www.odonto.ufmg.br\/cpc\/documentos\/resolucoes\/#breadcrumb"},"inLanguage":"pt-BR","potentialAction":[{"@type":"ReadAction","target":["https:\/\/www.odonto.ufmg.br\/cpc\/documentos\/resolucoes\/"]}]},{"@type":"BreadcrumbList","@id":"https:\/\/www.odonto.ufmg.br\/cpc\/documentos\/resolucoes\/#breadcrumb","itemListElement":[{"@type":"ListItem","position":1,"name":"In\u00edcio","item":"https:\/\/www.odonto.ufmg.br\/cpc\/"},{"@type":"ListItem","position":2,"name":"Documentos","item":"https:\/\/www.odonto.ufmg.br\/cpc\/documentos\/"},{"@type":"ListItem","position":3,"name":"Resolu\u00e7\u00f5es"}]},{"@type":"WebSite","@id":"https:\/\/www.odonto.ufmg.br\/cpc\/#website","url":"https:\/\/www.odonto.ufmg.br\/cpc\/","name":"Departamento de Cl\u00ednica, Patologia e Cirurgia Odontol\u00f3gicas","description":"Faculdade de Odontologia - Universidade Federal de Minas Gerais","potentialAction":[{"@type":"SearchAction","target":{"@type":"EntryPoint","urlTemplate":"https:\/\/www.odonto.ufmg.br\/cpc\/?s={search_term_string}"},"query-input":{"@type":"PropertyValueSpecification","valueRequired":true,"valueName":"search_term_string"}}],"inLanguage":"pt-BR"}]}},"_links":{"self":[{"href":"https:\/\/www.odonto.ufmg.br\/cpc\/wp-json\/wp\/v2\/pages\/318","targetHints":{"allow":["GET"]}}],"collection":[{"href":"https:\/\/www.odonto.ufmg.br\/cpc\/wp-json\/wp\/v2\/pages"}],"about":[{"href":"https:\/\/www.odonto.ufmg.br\/cpc\/wp-json\/wp\/v2\/types\/page"}],"author":[{"embeddable":true,"href":"https:\/\/www.odonto.ufmg.br\/cpc\/wp-json\/wp\/v2\/users\/5"}],"replies":[{"embeddable":true,"href":"https:\/\/www.odonto.ufmg.br\/cpc\/wp-json\/wp\/v2\/comments?post=318"}],"version-history":[{"count":3,"href":"https:\/\/www.odonto.ufmg.br\/cpc\/wp-json\/wp\/v2\/pages\/318\/revisions"}],"predecessor-version":[{"id":320,"href":"https:\/\/www.odonto.ufmg.br\/cpc\/wp-json\/wp\/v2\/pages\/318\/revisions\/320"}],"up":[{"embeddable":true,"href":"https:\/\/www.odonto.ufmg.br\/cpc\/wp-json\/wp\/v2\/pages\/37"}],"wp:attachment":[{"href":"https:\/\/www.odonto.ufmg.br\/cpc\/wp-json\/wp\/v2\/media?parent=318"}],"curies":[{"name":"wp","href":"https:\/\/api.w.org\/{rel}","templated":true}]}}