{"id":314,"date":"2019-05-10T10:07:29","date_gmt":"2019-05-10T13:07:29","guid":{"rendered":"https:\/\/www.odonto.ufmg.br\/cpc\/?page_id=314"},"modified":"2019-05-10T10:08:12","modified_gmt":"2019-05-10T13:08:12","slug":"editais","status":"publish","type":"page","link":"https:\/\/www.odonto.ufmg.br\/cpc\/documentos\/editais\/","title":{"rendered":"Editais"},"content":{"rendered":"\n<style type=\"text\/css\" data-created_by=\"avia_inline_auto\" id=\"style-css-av-jvi3iv4x-068c856c960f8f76f29bbe140c073e28\">\n#top .av-special-heading.av-jvi3iv4x-068c856c960f8f76f29bbe140c073e28{\npadding-bottom:10px;\nfont-size:25px;\n}\nbody .av-special-heading.av-jvi3iv4x-068c856c960f8f76f29bbe140c073e28 .av-special-heading-tag .heading-char{\nfont-size:25px;\n}\n#top #wrap_all .av-special-heading.av-jvi3iv4x-068c856c960f8f76f29bbe140c073e28 .av-special-heading-tag{\nfont-size:25px;\n}\n.av-special-heading.av-jvi3iv4x-068c856c960f8f76f29bbe140c073e28 .av-subheading{\nfont-size:15px;\n}\n\n@media only screen and (min-width: 480px) and (max-width: 767px){ \n#top #wrap_all .av-special-heading.av-jvi3iv4x-068c856c960f8f76f29bbe140c073e28 .av-special-heading-tag{\nfont-size:0.8em;\n}\n}\n\n@media only screen and (max-width: 479px){ \n#top #wrap_all .av-special-heading.av-jvi3iv4x-068c856c960f8f76f29bbe140c073e28 .av-special-heading-tag{\nfont-size:0.8em;\n}\n}\n<\/style>\n<div  class='av-special-heading av-jvi3iv4x-068c856c960f8f76f29bbe140c073e28 av-special-heading-h3 blockquote modern-quote  avia-builder-el-0  el_before_av_hr  avia-builder-el-first  av-inherit-size'><h3 class='av-special-heading-tag '  itemprop=\"headline\"  >Editais<\/h3><div class=\"special-heading-border\"><div class=\"special-heading-inner-border\"><\/div><\/div><\/div>\n\n<style type=\"text\/css\" data-created_by=\"avia_inline_auto\" id=\"style-css-av-jvi3ikea-1f967e14e2acc561809e74ef18fef0d3\">\n#top .hr.hr-invisible.av-jvi3ikea-1f967e14e2acc561809e74ef18fef0d3{\nheight:50px;\n}\n<\/style>\n<div  class='hr av-jvi3ikea-1f967e14e2acc561809e74ef18fef0d3 hr-invisible  avia-builder-el-1  el_after_av_heading  el_before_av_blog '><span class='hr-inner '><span class=\"hr-inner-style\"><\/span><\/span><\/div>\n<div  class='av-alb-blogposts template-blog  '  itemscope=\"itemscope\" itemtype=\"https:\/\/schema.org\/Blog\" ><article class=\"post-entry post-entry-type-standard post-entry-636 post-loop-1 post-parity-odd single-big with-slider post-636 post type-post status-publish format-standard has-post-thumbnail hentry category-editais category-geral\"  itemscope=\"itemscope\" itemtype=\"https:\/\/schema.org\/BlogPosting\" ><div class=\"big-preview single-big\"  itemprop=\"image\" itemscope=\"itemscope\" itemtype=\"https:\/\/schema.org\/ImageObject\" ><a href=\"https:\/\/www.odonto.ufmg.br\/cpc\/geral\/edital-de-selecao-monitoria-de-graduacao-01-2026-2\/\"  title=\"edital\" ><img decoding=\"async\" loading=\"lazy\" width=\"780\" height=\"423\" src=\"https:\/\/www.odonto.ufmg.br\/cpc\/wp-content\/uploads\/sites\/19\/2021\/07\/edital-780x423.jpg\" class=\"wp-image-554 avia-img-lazy-loading-554 attachment-entry_without_sidebar size-entry_without_sidebar wp-post-image\" alt=\"\" \/><\/a><\/div><div class=\"blog-meta\"><\/div><div class='entry-content-wrapper clearfix standard-content'><header class=\"entry-content-header\" aria-label=\"Post: EDITAL DE SELE\u00c7\u00c3O MONITORIA DE POS-GRADUA\u00c7\u00c3O 01\/2026\"><h2 class='post-title entry-title '  itemprop=\"headline\" ><a href=\"https:\/\/www.odonto.ufmg.br\/cpc\/geral\/edital-de-selecao-monitoria-de-graduacao-01-2026-2\/\" rel=\"bookmark\" title=\"Link permanente: EDITAL DE SELE\u00c7\u00c3O MONITORIA DE POS-GRADUA\u00c7\u00c3O 01\/2026\">EDITAL DE SELE\u00c7\u00c3O MONITORIA DE POS-GRADUA\u00c7\u00c3O 01\/2026<span class=\"post-format-icon minor-meta\"><\/span><\/a><\/h2><span class=\"post-meta-infos\"><time class=\"date-container minor-meta updated\"  itemprop=\"datePublished\" datetime=\"2026-02-13T14:14:00-03:00\" >13 de fevereiro de 2026<\/time><span class=\"text-sep\">\/<\/span><span class=\"blog-categories minor-meta\">em <a href=\"https:\/\/www.odonto.ufmg.br\/cpc\/category\/documentos\/editais\/\" rel=\"tag\">Editais<\/a>, <a href=\"https:\/\/www.odonto.ufmg.br\/cpc\/category\/geral\/\" rel=\"tag\">Geral<\/a><\/span><span class=\"text-sep\">\/<\/span><span class=\"blog-author minor-meta\">por <span class=\"entry-author-link\"  itemprop=\"author\" ><span class=\"author\"><span class=\"fn\"><a href=\"https:\/\/www.odonto.ufmg.br\/cpc\/author\/sites\/\" title=\"Posts de Faculdade de Odontologia UFMG\" rel=\"author\">Faculdade de Odontologia UFMG<\/a><\/span><\/span><\/span><\/span><\/span><\/header><div class=\"entry-content\"  itemprop=\"text\" ><div class=\"read-more-link\"><a href=\"https:\/\/www.odonto.ufmg.br\/cpc\/geral\/edital-de-selecao-monitoria-de-graduacao-01-2026-2\/\" class=\"more-link\">Leia mais<span class='more-link-arrow avia-svg-icon avia-font-svg_entypo-fontello' data-av_svg_icon='right-open-big' data-av_iconset='svg_entypo-fontello'><svg version=\"1.1\" xmlns=\"http:\/\/www.w3.org\/2000\/svg\" width=\"15\" height=\"32\" viewBox=\"0 0 15 32\" preserveAspectRatio=\"xMidYMid meet\" role=\"graphics-symbol\" aria-hidden=\"true\">\n<path d=\"M0.416 27.84l11.456-11.84-11.456-11.904q-0.832-0.832 0-1.536 0.832-0.832 1.536 0l12.544 12.608q0.768 0.832 0 1.6l-12.544 12.608q-0.704 0.832-1.536 0-0.832-0.704 0-1.536z\"><\/path>\n<\/svg><\/span><\/a><\/div>\n<\/div><footer class=\"entry-footer\"><\/footer><div class='post_delimiter'><\/div><\/div><div class=\"post_author_timeline\"><\/div><span class='hidden'>\n\t\t\t\t<span class='av-structured-data'  itemprop=\"image\" itemscope=\"itemscope\" itemtype=\"https:\/\/schema.org\/ImageObject\" >\n\t\t\t\t\t\t<span itemprop='url'>https:\/\/www.odonto.ufmg.br\/cpc\/wp-content\/uploads\/sites\/19\/2021\/07\/edital.jpg<\/span>\n\t\t\t\t\t\t<span itemprop='height'>450<\/span>\n\t\t\t\t\t\t<span itemprop='width'>780<\/span>\n\t\t\t\t<\/span>\n\t\t\t\t<span class='av-structured-data'  itemprop=\"publisher\" itemtype=\"https:\/\/schema.org\/Organization\" itemscope=\"itemscope\" >\n\t\t\t\t\t\t<span itemprop='name'>Faculdade de Odontologia UFMG<\/span>\n\t\t\t\t\t\t<span itemprop='logo' itemscope itemtype='https:\/\/schema.org\/ImageObject'>\n\t\t\t\t\t\t\t<span itemprop='url'>https:\/\/www.odonto.ufmg.br\/cpc\/wp-content\/uploads\/sites\/19\/2019\/04\/logo-cpc.svg<\/span>\n\t\t\t\t\t\t<\/span>\n\t\t\t\t<\/span><span class='av-structured-data'  itemprop=\"author\" itemscope=\"itemscope\" itemtype=\"https:\/\/schema.org\/Person\" ><span itemprop='name'>Faculdade de Odontologia UFMG<\/span><\/span><span class='av-structured-data'  itemprop=\"datePublished\" datetime=\"2026-02-13T14:14:00-03:00\" >2026-02-13 14:14:00<\/span><span class='av-structured-data'  itemprop=\"dateModified\" itemtype=\"https:\/\/schema.org\/dateModified\" >2026-02-19 11:30:26<\/span><span class='av-structured-data'  itemprop=\"mainEntityOfPage\" itemtype=\"https:\/\/schema.org\/mainEntityOfPage\" ><span itemprop='name'>EDITAL DE SELE\u00c7\u00c3O MONITORIA DE POS-GRADUA\u00c7\u00c3O 01\/2026<\/span><\/span><\/span><\/article><article class=\"post-entry post-entry-type-standard post-entry-625 post-loop-2 post-parity-even single-big with-slider post-625 post type-post status-publish format-standard has-post-thumbnail hentry category-editais category-geral\"  itemscope=\"itemscope\" itemtype=\"https:\/\/schema.org\/BlogPosting\" ><div class=\"big-preview single-big\"  itemprop=\"image\" itemscope=\"itemscope\" itemtype=\"https:\/\/schema.org\/ImageObject\" ><a href=\"https:\/\/www.odonto.ufmg.br\/cpc\/geral\/edital-de-selecao-monitoria-de-graduacao-01-2026\/\"  title=\"edital\" ><img decoding=\"async\" loading=\"lazy\" width=\"780\" height=\"423\" src=\"https:\/\/www.odonto.ufmg.br\/cpc\/wp-content\/uploads\/sites\/19\/2021\/07\/edital-780x423.jpg\" class=\"wp-image-554 avia-img-lazy-loading-554 attachment-entry_without_sidebar size-entry_without_sidebar wp-post-image\" alt=\"\" \/><\/a><\/div><div class=\"blog-meta\"><\/div><div class='entry-content-wrapper clearfix standard-content'><header class=\"entry-content-header\" aria-label=\"Post: EDITAL DE SELE\u00c7\u00c3O MONITORIA DE GRADUA\u00c7\u00c3O 01\/2026\"><h2 class='post-title entry-title '  itemprop=\"headline\" ><a href=\"https:\/\/www.odonto.ufmg.br\/cpc\/geral\/edital-de-selecao-monitoria-de-graduacao-01-2026\/\" rel=\"bookmark\" title=\"Link permanente: EDITAL DE SELE\u00c7\u00c3O MONITORIA DE GRADUA\u00c7\u00c3O 01\/2026\">EDITAL DE SELE\u00c7\u00c3O MONITORIA DE GRADUA\u00c7\u00c3O 01\/2026<span class=\"post-format-icon minor-meta\"><\/span><\/a><\/h2><span class=\"post-meta-infos\"><time class=\"date-container minor-meta updated\"  itemprop=\"datePublished\" datetime=\"2026-02-12T13:58:20-03:00\" >12 de fevereiro de 2026<\/time><span class=\"text-sep\">\/<\/span><span class=\"blog-categories minor-meta\">em <a href=\"https:\/\/www.odonto.ufmg.br\/cpc\/category\/documentos\/editais\/\" rel=\"tag\">Editais<\/a>, <a href=\"https:\/\/www.odonto.ufmg.br\/cpc\/category\/geral\/\" rel=\"tag\">Geral<\/a><\/span><span class=\"text-sep\">\/<\/span><span class=\"blog-author minor-meta\">por <span class=\"entry-author-link\"  itemprop=\"author\" ><span class=\"author\"><span class=\"fn\"><a href=\"https:\/\/www.odonto.ufmg.br\/cpc\/author\/sites\/\" title=\"Posts de Faculdade de Odontologia UFMG\" rel=\"author\">Faculdade de Odontologia UFMG<\/a><\/span><\/span><\/span><\/span><\/span><\/header><div class=\"entry-content\"  itemprop=\"text\" ><div class=\"read-more-link\"><a href=\"https:\/\/www.odonto.ufmg.br\/cpc\/geral\/edital-de-selecao-monitoria-de-graduacao-01-2026\/\" class=\"more-link\">Leia mais<span class='more-link-arrow avia-svg-icon avia-font-svg_entypo-fontello' data-av_svg_icon='right-open-big' data-av_iconset='svg_entypo-fontello'><svg version=\"1.1\" xmlns=\"http:\/\/www.w3.org\/2000\/svg\" width=\"15\" height=\"32\" viewBox=\"0 0 15 32\" preserveAspectRatio=\"xMidYMid meet\" role=\"graphics-symbol\" aria-hidden=\"true\">\n<path d=\"M0.416 27.84l11.456-11.84-11.456-11.904q-0.832-0.832 0-1.536 0.832-0.832 1.536 0l12.544 12.608q0.768 0.832 0 1.6l-12.544 12.608q-0.704 0.832-1.536 0-0.832-0.704 0-1.536z\"><\/path>\n<\/svg><\/span><\/a><\/div>\n<\/div><footer class=\"entry-footer\"><\/footer><div class='post_delimiter'><\/div><\/div><div class=\"post_author_timeline\"><\/div><span class='hidden'>\n\t\t\t\t<span class='av-structured-data'  itemprop=\"image\" itemscope=\"itemscope\" itemtype=\"https:\/\/schema.org\/ImageObject\" >\n\t\t\t\t\t\t<span itemprop='url'>https:\/\/www.odonto.ufmg.br\/cpc\/wp-content\/uploads\/sites\/19\/2021\/07\/edital.jpg<\/span>\n\t\t\t\t\t\t<span itemprop='height'>450<\/span>\n\t\t\t\t\t\t<span itemprop='width'>780<\/span>\n\t\t\t\t<\/span>\n\t\t\t\t<span class='av-structured-data'  itemprop=\"publisher\" itemtype=\"https:\/\/schema.org\/Organization\" itemscope=\"itemscope\" >\n\t\t\t\t\t\t<span itemprop='name'>Faculdade de Odontologia UFMG<\/span>\n\t\t\t\t\t\t<span itemprop='logo' itemscope itemtype='https:\/\/schema.org\/ImageObject'>\n\t\t\t\t\t\t\t<span itemprop='url'>https:\/\/www.odonto.ufmg.br\/cpc\/wp-content\/uploads\/sites\/19\/2019\/04\/logo-cpc.svg<\/span>\n\t\t\t\t\t\t<\/span>\n\t\t\t\t<\/span><span class='av-structured-data'  itemprop=\"author\" itemscope=\"itemscope\" itemtype=\"https:\/\/schema.org\/Person\" ><span itemprop='name'>Faculdade de Odontologia UFMG<\/span><\/span><span class='av-structured-data'  itemprop=\"datePublished\" datetime=\"2026-02-12T13:58:20-03:00\" >2026-02-12 13:58:20<\/span><span class='av-structured-data'  itemprop=\"dateModified\" itemtype=\"https:\/\/schema.org\/dateModified\" >2026-02-13 14:12:54<\/span><span class='av-structured-data'  itemprop=\"mainEntityOfPage\" itemtype=\"https:\/\/schema.org\/mainEntityOfPage\" ><span itemprop='name'>EDITAL DE SELE\u00c7\u00c3O MONITORIA DE GRADUA\u00c7\u00c3O 01\/2026<\/span><\/span><\/span><\/article><article class=\"post-entry post-entry-type-standard post-entry-565 post-loop-3 post-parity-odd post-entry-last single-big with-slider post-565 post type-post status-publish format-standard has-post-thumbnail hentry category-editais\"  itemscope=\"itemscope\" itemtype=\"https:\/\/schema.org\/BlogPosting\" ><div class=\"big-preview single-big\"  itemprop=\"image\" itemscope=\"itemscope\" itemtype=\"https:\/\/schema.org\/ImageObject\" ><a href=\"https:\/\/www.odonto.ufmg.br\/cpc\/documentos\/editais\/edital-21-2021-eleicao-de-representantes-dos-servidores-tecnicos-administrativos-em-educacao-junto-a-camara-departamental-do-cpc\/\"  title=\"edital\" ><img decoding=\"async\" loading=\"lazy\" width=\"780\" height=\"423\" src=\"https:\/\/www.odonto.ufmg.br\/cpc\/wp-content\/uploads\/sites\/19\/2021\/07\/edital-780x423.jpg\" class=\"wp-image-554 avia-img-lazy-loading-554 attachment-entry_without_sidebar size-entry_without_sidebar wp-post-image\" alt=\"\" \/><\/a><\/div><div class=\"blog-meta\"><\/div><div class='entry-content-wrapper clearfix standard-content'><header class=\"entry-content-header\" aria-label=\"Post: Edital 21\/2021 Elei\u00e7\u00e3o de Representantes dos servidores t\u00e9cnicos-administrativos em educa\u00e7\u00e3o junto \u00e0 C\u00e2mara Departamental do CPC\"><h2 class='post-title entry-title '  itemprop=\"headline\" ><a href=\"https:\/\/www.odonto.ufmg.br\/cpc\/documentos\/editais\/edital-21-2021-eleicao-de-representantes-dos-servidores-tecnicos-administrativos-em-educacao-junto-a-camara-departamental-do-cpc\/\" rel=\"bookmark\" title=\"Link permanente: Edital 21\/2021 Elei\u00e7\u00e3o de Representantes dos servidores t\u00e9cnicos-administrativos em educa\u00e7\u00e3o junto \u00e0 C\u00e2mara Departamental do CPC\">Edital 21\/2021 Elei\u00e7\u00e3o de Representantes dos servidores t\u00e9cnicos-administrativos em educa\u00e7\u00e3o junto \u00e0 C\u00e2mara Departamental do CPC<span class=\"post-format-icon minor-meta\"><\/span><\/a><\/h2><span class=\"post-meta-infos\"><time class=\"date-container minor-meta updated\"  itemprop=\"datePublished\" datetime=\"2021-07-08T23:50:51-03:00\" >8 de julho de 2021<\/time><span class=\"text-sep\">\/<\/span><span class=\"blog-categories minor-meta\">em <a href=\"https:\/\/www.odonto.ufmg.br\/cpc\/category\/documentos\/editais\/\" rel=\"tag\">Editais<\/a><\/span><span class=\"text-sep\">\/<\/span><span class=\"blog-author minor-meta\">por <span class=\"entry-author-link\"  itemprop=\"author\" ><span class=\"author\"><span class=\"fn\"><a href=\"https:\/\/www.odonto.ufmg.br\/cpc\/author\/cristiano\/\" title=\"Posts de cristiano\" rel=\"author\">cristiano<\/a><\/span><\/span><\/span><\/span><\/span><\/header><div class=\"entry-content\"  itemprop=\"text\" ><p>De acordo com o Art. 26 do Regimento Geral da UFMG, o Diretor da Faculdade de Odontologia da UFMG, no uso de suas atribui\u00e7\u00f5es legais, torna p\u00fablico para conhecimento dos interessados a abertura de elei\u00e7\u00e3o para 01 (uma) vaga para Representantes dos servidores t\u00e9cnicos-administrativos em educa\u00e7\u00e3o junto \u00e0 C\u00e2mara Departamental do CPC (Titular e Suplente). Para visualizar o documento na \u00edntegra, <a href=\"https:\/\/www.odonto.ufmg.br\/cpc\/wp-content\/uploads\/sites\/19\/2021\/07\/2021-EDITAL-20-Representante-Professores-Titulares-Camara-CPC.pdf\" target=\"_blank\" rel=\"noopener\">clique aqui.<\/a><\/p>\n<\/div><footer class=\"entry-footer\"><\/footer><div class='post_delimiter'><\/div><\/div><div class=\"post_author_timeline\"><\/div><span class='hidden'>\n\t\t\t\t<span class='av-structured-data'  itemprop=\"image\" itemscope=\"itemscope\" itemtype=\"https:\/\/schema.org\/ImageObject\" >\n\t\t\t\t\t\t<span itemprop='url'>https:\/\/www.odonto.ufmg.br\/cpc\/wp-content\/uploads\/sites\/19\/2021\/07\/edital.jpg<\/span>\n\t\t\t\t\t\t<span itemprop='height'>450<\/span>\n\t\t\t\t\t\t<span itemprop='width'>780<\/span>\n\t\t\t\t<\/span>\n\t\t\t\t<span class='av-structured-data'  itemprop=\"publisher\" itemtype=\"https:\/\/schema.org\/Organization\" itemscope=\"itemscope\" >\n\t\t\t\t\t\t<span itemprop='name'>cristiano<\/span>\n\t\t\t\t\t\t<span itemprop='logo' itemscope itemtype='https:\/\/schema.org\/ImageObject'>\n\t\t\t\t\t\t\t<span itemprop='url'>https:\/\/www.odonto.ufmg.br\/cpc\/wp-content\/uploads\/sites\/19\/2019\/04\/logo-cpc.svg<\/span>\n\t\t\t\t\t\t<\/span>\n\t\t\t\t<\/span><span class='av-structured-data'  itemprop=\"author\" itemscope=\"itemscope\" itemtype=\"https:\/\/schema.org\/Person\" ><span itemprop='name'>cristiano<\/span><\/span><span class='av-structured-data'  itemprop=\"datePublished\" datetime=\"2021-07-08T23:50:51-03:00\" >2021-07-08 23:50:51<\/span><span class='av-structured-data'  itemprop=\"dateModified\" itemtype=\"https:\/\/schema.org\/dateModified\" >2021-07-08 23:50:51<\/span><span class='av-structured-data'  itemprop=\"mainEntityOfPage\" itemtype=\"https:\/\/schema.org\/mainEntityOfPage\" ><span itemprop='name'>Edital 21\/2021 Elei\u00e7\u00e3o de Representantes dos servidores t\u00e9cnicos-administrativos em educa\u00e7\u00e3o junto \u00e0 C\u00e2mara Departamental do CPC<\/span><\/span><\/span><\/article><div class='single-big'><nav class='pagination'><span class='pagination-meta'>P\u00e1gina 1 de 2<\/span><span class='current'>1<\/span><a href='https:\/\/www.odonto.ufmg.br\/cpc\/wp-json\/wp\/v2\/pages\/314\/page\/2\/' class='inactive next_page' >2<\/a><\/nav>\n<\/div><\/div>\n","protected":false},"excerpt":{"rendered":"","protected":false},"author":5,"featured_media":0,"parent":37,"menu_order":0,"comment_status":"closed","ping_status":"closed","template":"","meta":{"inline_featured_image":false,"footnotes":""},"class_list":["post-314","page","type-page","status-publish","hentry"],"yoast_head":"<!-- This site is optimized with the Yoast SEO plugin v27.3 - https:\/\/yoast.com\/product\/yoast-seo-wordpress\/ -->\n<title>Editais - Departamento de Cl\u00ednica, Patologia e Cirurgia Odontol\u00f3gicas<\/title>\n<meta name=\"robots\" content=\"index, follow, max-snippet:-1, max-image-preview:large, max-video-preview:-1\" \/>\n<link rel=\"canonical\" href=\"https:\/\/www.odonto.ufmg.br\/cpc\/documentos\/editais\/\" \/>\n<meta property=\"og:locale\" content=\"pt_BR\" \/>\n<meta property=\"og:type\" content=\"article\" \/>\n<meta property=\"og:title\" content=\"Editais - Departamento de Cl\u00ednica, Patologia e Cirurgia Odontol\u00f3gicas\" \/>\n<meta property=\"og:url\" content=\"https:\/\/www.odonto.ufmg.br\/cpc\/documentos\/editais\/\" \/>\n<meta property=\"og:site_name\" content=\"Departamento de Cl\u00ednica, Patologia e Cirurgia Odontol\u00f3gicas\" \/>\n<meta property=\"article:modified_time\" content=\"2019-05-10T13:08:12+00:00\" \/>\n<meta name=\"twitter:card\" content=\"summary_large_image\" \/>\n<meta name=\"twitter:label1\" content=\"Est. tempo de leitura\" \/>\n\t<meta name=\"twitter:data1\" content=\"1 minuto\" \/>\n<script type=\"application\/ld+json\" class=\"yoast-schema-graph\">{\"@context\":\"https:\\\/\\\/schema.org\",\"@graph\":[{\"@type\":\"WebPage\",\"@id\":\"https:\\\/\\\/www.odonto.ufmg.br\\\/cpc\\\/documentos\\\/editais\\\/\",\"url\":\"https:\\\/\\\/www.odonto.ufmg.br\\\/cpc\\\/documentos\\\/editais\\\/\",\"name\":\"Editais - Departamento de Cl\u00ednica, Patologia e Cirurgia Odontol\u00f3gicas\",\"isPartOf\":{\"@id\":\"https:\\\/\\\/www.odonto.ufmg.br\\\/cpc\\\/#website\"},\"datePublished\":\"2019-05-10T13:07:29+00:00\",\"dateModified\":\"2019-05-10T13:08:12+00:00\",\"breadcrumb\":{\"@id\":\"https:\\\/\\\/www.odonto.ufmg.br\\\/cpc\\\/documentos\\\/editais\\\/#breadcrumb\"},\"inLanguage\":\"pt-BR\",\"potentialAction\":[{\"@type\":\"ReadAction\",\"target\":[\"https:\\\/\\\/www.odonto.ufmg.br\\\/cpc\\\/documentos\\\/editais\\\/\"]}]},{\"@type\":\"BreadcrumbList\",\"@id\":\"https:\\\/\\\/www.odonto.ufmg.br\\\/cpc\\\/documentos\\\/editais\\\/#breadcrumb\",\"itemListElement\":[{\"@type\":\"ListItem\",\"position\":1,\"name\":\"In\u00edcio\",\"item\":\"https:\\\/\\\/www.odonto.ufmg.br\\\/cpc\\\/\"},{\"@type\":\"ListItem\",\"position\":2,\"name\":\"Documentos\",\"item\":\"https:\\\/\\\/www.odonto.ufmg.br\\\/cpc\\\/documentos\\\/\"},{\"@type\":\"ListItem\",\"position\":3,\"name\":\"Editais\"}]},{\"@type\":\"WebSite\",\"@id\":\"https:\\\/\\\/www.odonto.ufmg.br\\\/cpc\\\/#website\",\"url\":\"https:\\\/\\\/www.odonto.ufmg.br\\\/cpc\\\/\",\"name\":\"Departamento de Cl\u00ednica, Patologia e Cirurgia Odontol\u00f3gicas\",\"description\":\"Faculdade de Odontologia - Universidade Federal de Minas Gerais\",\"potentialAction\":[{\"@type\":\"SearchAction\",\"target\":{\"@type\":\"EntryPoint\",\"urlTemplate\":\"https:\\\/\\\/www.odonto.ufmg.br\\\/cpc\\\/?s={search_term_string}\"},\"query-input\":{\"@type\":\"PropertyValueSpecification\",\"valueRequired\":true,\"valueName\":\"search_term_string\"}}],\"inLanguage\":\"pt-BR\"}]}<\/script>\n<!-- \/ Yoast SEO plugin. -->","yoast_head_json":{"title":"Editais - Departamento de Cl\u00ednica, Patologia e Cirurgia Odontol\u00f3gicas","robots":{"index":"index","follow":"follow","max-snippet":"max-snippet:-1","max-image-preview":"max-image-preview:large","max-video-preview":"max-video-preview:-1"},"canonical":"https:\/\/www.odonto.ufmg.br\/cpc\/documentos\/editais\/","og_locale":"pt_BR","og_type":"article","og_title":"Editais - Departamento de Cl\u00ednica, Patologia e Cirurgia Odontol\u00f3gicas","og_url":"https:\/\/www.odonto.ufmg.br\/cpc\/documentos\/editais\/","og_site_name":"Departamento de Cl\u00ednica, Patologia e Cirurgia Odontol\u00f3gicas","article_modified_time":"2019-05-10T13:08:12+00:00","twitter_card":"summary_large_image","twitter_misc":{"Est. tempo de leitura":"1 minuto"},"schema":{"@context":"https:\/\/schema.org","@graph":[{"@type":"WebPage","@id":"https:\/\/www.odonto.ufmg.br\/cpc\/documentos\/editais\/","url":"https:\/\/www.odonto.ufmg.br\/cpc\/documentos\/editais\/","name":"Editais - Departamento de Cl\u00ednica, Patologia e Cirurgia Odontol\u00f3gicas","isPartOf":{"@id":"https:\/\/www.odonto.ufmg.br\/cpc\/#website"},"datePublished":"2019-05-10T13:07:29+00:00","dateModified":"2019-05-10T13:08:12+00:00","breadcrumb":{"@id":"https:\/\/www.odonto.ufmg.br\/cpc\/documentos\/editais\/#breadcrumb"},"inLanguage":"pt-BR","potentialAction":[{"@type":"ReadAction","target":["https:\/\/www.odonto.ufmg.br\/cpc\/documentos\/editais\/"]}]},{"@type":"BreadcrumbList","@id":"https:\/\/www.odonto.ufmg.br\/cpc\/documentos\/editais\/#breadcrumb","itemListElement":[{"@type":"ListItem","position":1,"name":"In\u00edcio","item":"https:\/\/www.odonto.ufmg.br\/cpc\/"},{"@type":"ListItem","position":2,"name":"Documentos","item":"https:\/\/www.odonto.ufmg.br\/cpc\/documentos\/"},{"@type":"ListItem","position":3,"name":"Editais"}]},{"@type":"WebSite","@id":"https:\/\/www.odonto.ufmg.br\/cpc\/#website","url":"https:\/\/www.odonto.ufmg.br\/cpc\/","name":"Departamento de Cl\u00ednica, Patologia e Cirurgia Odontol\u00f3gicas","description":"Faculdade de Odontologia - Universidade Federal de Minas Gerais","potentialAction":[{"@type":"SearchAction","target":{"@type":"EntryPoint","urlTemplate":"https:\/\/www.odonto.ufmg.br\/cpc\/?s={search_term_string}"},"query-input":{"@type":"PropertyValueSpecification","valueRequired":true,"valueName":"search_term_string"}}],"inLanguage":"pt-BR"}]}},"_links":{"self":[{"href":"https:\/\/www.odonto.ufmg.br\/cpc\/wp-json\/wp\/v2\/pages\/314","targetHints":{"allow":["GET"]}}],"collection":[{"href":"https:\/\/www.odonto.ufmg.br\/cpc\/wp-json\/wp\/v2\/pages"}],"about":[{"href":"https:\/\/www.odonto.ufmg.br\/cpc\/wp-json\/wp\/v2\/types\/page"}],"author":[{"embeddable":true,"href":"https:\/\/www.odonto.ufmg.br\/cpc\/wp-json\/wp\/v2\/users\/5"}],"replies":[{"embeddable":true,"href":"https:\/\/www.odonto.ufmg.br\/cpc\/wp-json\/wp\/v2\/comments?post=314"}],"version-history":[{"count":3,"href":"https:\/\/www.odonto.ufmg.br\/cpc\/wp-json\/wp\/v2\/pages\/314\/revisions"}],"predecessor-version":[{"id":316,"href":"https:\/\/www.odonto.ufmg.br\/cpc\/wp-json\/wp\/v2\/pages\/314\/revisions\/316"}],"up":[{"embeddable":true,"href":"https:\/\/www.odonto.ufmg.br\/cpc\/wp-json\/wp\/v2\/pages\/37"}],"wp:attachment":[{"href":"https:\/\/www.odonto.ufmg.br\/cpc\/wp-json\/wp\/v2\/media?parent=314"}],"curies":[{"name":"wp","href":"https:\/\/api.w.org\/{rel}","templated":true}]}}