{"id":25,"date":"2018-01-26T16:41:18","date_gmt":"2018-01-26T18:41:18","guid":{"rendered":"https:\/\/www.odonto.ufmg.br\/cpc\/?page_id=25"},"modified":"2018-01-26T16:41:18","modified_gmt":"2018-01-26T18:41:18","slug":"graduacao","status":"publish","type":"page","link":"https:\/\/www.odonto.ufmg.br\/cpc\/graduacao\/","title":{"rendered":"Gradua\u00e7\u00e3o"},"content":{"rendered":"","protected":false},"excerpt":{"rendered":"","protected":false},"author":5,"featured_media":0,"parent":0,"menu_order":0,"comment_status":"closed","ping_status":"closed","template":"","meta":{"inline_featured_image":false,"footnotes":""},"class_list":["post-25","page","type-page","status-publish","hentry"],"yoast_head":"<!-- This site is optimized with the Yoast SEO plugin v27.3 - https:\/\/yoast.com\/product\/yoast-seo-wordpress\/ -->\n<title>Gradua\u00e7\u00e3o - Departamento de Cl\u00ednica, Patologia e Cirurgia Odontol\u00f3gicas<\/title>\n<meta name=\"robots\" content=\"index, follow, max-snippet:-1, max-image-preview:large, max-video-preview:-1\" \/>\n<link rel=\"canonical\" href=\"https:\/\/www.odonto.ufmg.br\/cpc\/graduacao\/\" \/>\n<meta property=\"og:locale\" content=\"pt_BR\" \/>\n<meta property=\"og:type\" content=\"article\" \/>\n<meta property=\"og:title\" content=\"Gradua\u00e7\u00e3o - Departamento de Cl\u00ednica, Patologia e Cirurgia Odontol\u00f3gicas\" \/>\n<meta property=\"og:url\" content=\"https:\/\/www.odonto.ufmg.br\/cpc\/graduacao\/\" \/>\n<meta property=\"og:site_name\" content=\"Departamento de Cl\u00ednica, Patologia e Cirurgia Odontol\u00f3gicas\" \/>\n<meta name=\"twitter:card\" content=\"summary_large_image\" \/>\n<script type=\"application\/ld+json\" class=\"yoast-schema-graph\">{\"@context\":\"https:\\\/\\\/schema.org\",\"@graph\":[{\"@type\":\"WebPage\",\"@id\":\"https:\\\/\\\/www.odonto.ufmg.br\\\/cpc\\\/graduacao\\\/\",\"url\":\"https:\\\/\\\/www.odonto.ufmg.br\\\/cpc\\\/graduacao\\\/\",\"name\":\"Gradua\u00e7\u00e3o - Departamento de Cl\u00ednica, Patologia e Cirurgia Odontol\u00f3gicas\",\"isPartOf\":{\"@id\":\"https:\\\/\\\/www.odonto.ufmg.br\\\/cpc\\\/#website\"},\"datePublished\":\"2018-01-26T18:41:18+00:00\",\"breadcrumb\":{\"@id\":\"https:\\\/\\\/www.odonto.ufmg.br\\\/cpc\\\/graduacao\\\/#breadcrumb\"},\"inLanguage\":\"pt-BR\",\"potentialAction\":[{\"@type\":\"ReadAction\",\"target\":[\"https:\\\/\\\/www.odonto.ufmg.br\\\/cpc\\\/graduacao\\\/\"]}]},{\"@type\":\"BreadcrumbList\",\"@id\":\"https:\\\/\\\/www.odonto.ufmg.br\\\/cpc\\\/graduacao\\\/#breadcrumb\",\"itemListElement\":[{\"@type\":\"ListItem\",\"position\":1,\"name\":\"In\u00edcio\",\"item\":\"https:\\\/\\\/www.odonto.ufmg.br\\\/cpc\\\/\"},{\"@type\":\"ListItem\",\"position\":2,\"name\":\"Gradua\u00e7\u00e3o\"}]},{\"@type\":\"WebSite\",\"@id\":\"https:\\\/\\\/www.odonto.ufmg.br\\\/cpc\\\/#website\",\"url\":\"https:\\\/\\\/www.odonto.ufmg.br\\\/cpc\\\/\",\"name\":\"Departamento de Cl\u00ednica, Patologia e Cirurgia Odontol\u00f3gicas\",\"description\":\"Faculdade de Odontologia - Universidade Federal de Minas Gerais\",\"potentialAction\":[{\"@type\":\"SearchAction\",\"target\":{\"@type\":\"EntryPoint\",\"urlTemplate\":\"https:\\\/\\\/www.odonto.ufmg.br\\\/cpc\\\/?s={search_term_string}\"},\"query-input\":{\"@type\":\"PropertyValueSpecification\",\"valueRequired\":true,\"valueName\":\"search_term_string\"}}],\"inLanguage\":\"pt-BR\"}]}<\/script>\n<!-- \/ Yoast SEO plugin. -->","yoast_head_json":{"title":"Gradua\u00e7\u00e3o - Departamento de Cl\u00ednica, Patologia e Cirurgia Odontol\u00f3gicas","robots":{"index":"index","follow":"follow","max-snippet":"max-snippet:-1","max-image-preview":"max-image-preview:large","max-video-preview":"max-video-preview:-1"},"canonical":"https:\/\/www.odonto.ufmg.br\/cpc\/graduacao\/","og_locale":"pt_BR","og_type":"article","og_title":"Gradua\u00e7\u00e3o - Departamento de Cl\u00ednica, Patologia e Cirurgia Odontol\u00f3gicas","og_url":"https:\/\/www.odonto.ufmg.br\/cpc\/graduacao\/","og_site_name":"Departamento de Cl\u00ednica, Patologia e Cirurgia Odontol\u00f3gicas","twitter_card":"summary_large_image","schema":{"@context":"https:\/\/schema.org","@graph":[{"@type":"WebPage","@id":"https:\/\/www.odonto.ufmg.br\/cpc\/graduacao\/","url":"https:\/\/www.odonto.ufmg.br\/cpc\/graduacao\/","name":"Gradua\u00e7\u00e3o - Departamento de Cl\u00ednica, Patologia e Cirurgia Odontol\u00f3gicas","isPartOf":{"@id":"https:\/\/www.odonto.ufmg.br\/cpc\/#website"},"datePublished":"2018-01-26T18:41:18+00:00","breadcrumb":{"@id":"https:\/\/www.odonto.ufmg.br\/cpc\/graduacao\/#breadcrumb"},"inLanguage":"pt-BR","potentialAction":[{"@type":"ReadAction","target":["https:\/\/www.odonto.ufmg.br\/cpc\/graduacao\/"]}]},{"@type":"BreadcrumbList","@id":"https:\/\/www.odonto.ufmg.br\/cpc\/graduacao\/#breadcrumb","itemListElement":[{"@type":"ListItem","position":1,"name":"In\u00edcio","item":"https:\/\/www.odonto.ufmg.br\/cpc\/"},{"@type":"ListItem","position":2,"name":"Gradua\u00e7\u00e3o"}]},{"@type":"WebSite","@id":"https:\/\/www.odonto.ufmg.br\/cpc\/#website","url":"https:\/\/www.odonto.ufmg.br\/cpc\/","name":"Departamento de Cl\u00ednica, Patologia e Cirurgia Odontol\u00f3gicas","description":"Faculdade de Odontologia - Universidade Federal de Minas Gerais","potentialAction":[{"@type":"SearchAction","target":{"@type":"EntryPoint","urlTemplate":"https:\/\/www.odonto.ufmg.br\/cpc\/?s={search_term_string}"},"query-input":{"@type":"PropertyValueSpecification","valueRequired":true,"valueName":"search_term_string"}}],"inLanguage":"pt-BR"}]}},"_links":{"self":[{"href":"https:\/\/www.odonto.ufmg.br\/cpc\/wp-json\/wp\/v2\/pages\/25","targetHints":{"allow":["GET"]}}],"collection":[{"href":"https:\/\/www.odonto.ufmg.br\/cpc\/wp-json\/wp\/v2\/pages"}],"about":[{"href":"https:\/\/www.odonto.ufmg.br\/cpc\/wp-json\/wp\/v2\/types\/page"}],"author":[{"embeddable":true,"href":"https:\/\/www.odonto.ufmg.br\/cpc\/wp-json\/wp\/v2\/users\/5"}],"replies":[{"embeddable":true,"href":"https:\/\/www.odonto.ufmg.br\/cpc\/wp-json\/wp\/v2\/comments?post=25"}],"version-history":[{"count":2,"href":"https:\/\/www.odonto.ufmg.br\/cpc\/wp-json\/wp\/v2\/pages\/25\/revisions"}],"predecessor-version":[{"id":27,"href":"https:\/\/www.odonto.ufmg.br\/cpc\/wp-json\/wp\/v2\/pages\/25\/revisions\/27"}],"wp:attachment":[{"href":"https:\/\/www.odonto.ufmg.br\/cpc\/wp-json\/wp\/v2\/media?parent=25"}],"curies":[{"name":"wp","href":"https:\/\/api.w.org\/{rel}","templated":true}]}}