{"id":15,"date":"2018-01-26T16:40:22","date_gmt":"2018-01-26T18:40:22","guid":{"rendered":"https:\/\/www.odonto.ufmg.br\/cpc\/?page_id=15"},"modified":"2021-07-08T23:41:08","modified_gmt":"2021-07-09T02:41:08","slug":"inicio","status":"publish","type":"page","link":"https:\/\/www.odonto.ufmg.br\/cpc\/","title":{"rendered":"In\u00edcio"},"content":{"rendered":"<div id='av_section_1'  class='avia-section av-6ow5n-3f7af6b8195a22ba5cc8e1c8f036bf7f main_color avia-section-default avia-no-shadow  avia-builder-el-0  el_before_av_section  avia-builder-el-first  avia-bg-style-scroll container_wrap fullsize'  ><div class='container av-section-cont-open' ><main  role=\"main\" itemprop=\"mainContentOfPage\"  class='template-page content  av-content-full alpha units'><div class='post-entry post-entry-type-page post-entry-15'><div class='entry-content-wrapper clearfix'>\n\n<style type=\"text\/css\" data-created_by=\"avia_inline_auto\" id=\"style-css-av-mcvf-9127296725571320acc6ef349b5a7d9f\">\n.flex_column.av-mcvf-9127296725571320acc6ef349b5a7d9f{\nborder-radius:0px 0px 0px 0px;\npadding:0px 0px 0px 0px;\n}\n<\/style>\n<div  class='flex_column av-mcvf-9127296725571320acc6ef349b5a7d9f av_two_third  avia-builder-el-1  el_before_av_one_third  avia-builder-el-first  first flex_column_div av-zero-column-padding  '     ><div  class='avia-slideshow av-5qo4v-93e33893dfcb84205eedca2e5fcd5e6b avia-slideshow-featured av_slideshow avia-slide-slider  avia-builder-el-2  avia-builder-el-no-sibling  av-slideshow-ui av-control-default av-slideshow-manual av-loop-once av-loop-manual-endless av-default-height-applied avia-slideshow-1' data-slideshow-options=\"{&quot;animation&quot;:&quot;slide&quot;,&quot;autoplay&quot;:false,&quot;loop_autoplay&quot;:&quot;once&quot;,&quot;interval&quot;:5,&quot;loop_manual&quot;:&quot;manual-endless&quot;,&quot;autoplay_stopper&quot;:false,&quot;noNavigation&quot;:false,&quot;bg_slider&quot;:false,&quot;keep_padding&quot;:false,&quot;hoverpause&quot;:false,&quot;show_slide_delay&quot;:0}\"  itemprop=\"image\" itemscope=\"itemscope\" itemtype=\"https:\/\/schema.org\/ImageObject\" ><ul class='avia-slideshow-inner ' style='padding-bottom: 41.747572815534%;'><li  class='avia-slideshow-slide av-5qo4v-93e33893dfcb84205eedca2e5fcd5e6b__0  av-single-slide slide-1 slide-odd'><a href=\"https:\/\/www.odonto.ufmg.br\/cpc\/geral\/bem-vindos-ao-novo-site-do-cpc\/\"  data-rel='slideshow-1' class='avia-slide-wrap '   ><div class='av-slideshow-caption av-5qo4v-93e33893dfcb84205eedca2e5fcd5e6b__0 avia-caption'><div class=\"avia-inner-caption\"><h2 class='avia-caption-title '  itemprop=\"name\" >Bem-vindos ao site do CPC<\/h2><div class='avia-caption-content '  itemprop=\"description\" ><p>Confira as novidades<\/p>\n<\/div><\/div><\/div><img fetchpriority=\"high\" class=\"wp-image-63 avia-img-lazy-loading-not-63\"  src='https:\/\/www.odonto.ufmg.br\/cpc\/wp-content\/uploads\/sites\/19\/2018\/01\/Imagem-248-1030x773-1030x430-1030x430.jpg' width='1030' height='430' title='Imagem-248-1030x773-1030x430' alt=''  itemprop=\"thumbnailUrl\"   \/><\/a><\/li><\/ul><\/div><\/div>\n<style type=\"text\/css\" data-created_by=\"avia_inline_auto\" id=\"style-css-av-1pnv-ad4b0adf7659e50f3b6c169aaa6fd107\">\n.flex_column.av-1pnv-ad4b0adf7659e50f3b6c169aaa6fd107{\nborder-radius:0px 0px 0px 0px;\npadding:0px 0px 0px 0px;\n}\n<\/style>\n<div  class='flex_column av-1pnv-ad4b0adf7659e50f3b6c169aaa6fd107 av_one_third  avia-builder-el-3  el_after_av_two_third  avia-builder-el-last  flex_column_div av-zero-column-padding  '     ><div  id=\"avia-magazine-1\"  class='av-magazine av-41s8j-f686b467103d3d4d56e68802a7d76fa1 av-magazine-top-bar-active av-magazine-tabs-active  avia-builder-el-4  avia-builder-el-no-sibling   avia-builder-el-4  avia-builder-el-no-sibling ' ><div class='av-magazine-top-bar '><\/div><div class='av-magazine-group sort_all'><article class='av-magazine-entry av-magazine-entry-id-636 av-magazine-format-standard av-magazine-type-post av-magazine-entry-1 av-magazine-entry-small '  itemscope=\"itemscope\" itemtype=\"https:\/\/schema.org\/CreativeWork\" ><div class=\"av-magazine-thumbnail\"><a href='https:\/\/www.odonto.ufmg.br\/cpc\/geral\/edital-de-selecao-monitoria-de-graduacao-01-2026-2\/' title='Link to: EDITAL DE SELE\u00c7\u00c3O MONITORIA DE POS-GRADUA\u00c7\u00c3O 01\/2026' class='av-magazine-thumbnail-link'><img decoding=\"async\" fetchpriority=\"high\" width=\"80\" height=\"80\" src=\"https:\/\/www.odonto.ufmg.br\/cpc\/wp-content\/uploads\/sites\/19\/2021\/07\/edital-80x80.jpg\" class=\"wp-image-554 avia-img-lazy-loading-not-554 attachment-thumbnail size-thumbnail wp-post-image\" alt=\"\" srcset=\"https:\/\/www.odonto.ufmg.br\/cpc\/wp-content\/uploads\/sites\/19\/2021\/07\/edital-80x80.jpg 80w, https:\/\/www.odonto.ufmg.br\/cpc\/wp-content\/uploads\/sites\/19\/2021\/07\/edital-36x36.jpg 36w, https:\/\/www.odonto.ufmg.br\/cpc\/wp-content\/uploads\/sites\/19\/2021\/07\/edital-180x180.jpg 180w\" sizes=\"(max-width: 80px) 100vw, 80px\" \/><\/a><\/div><div class=\"av-magazine-content-wrap\"><header class=\"entry-content-header\" aria-label=\"Post: EDITAL DE SELE\u00c7\u00c3O MONITORIA DE POS-GRADUA\u00c7\u00c3O 01\/2026\"><time class='av-magazine-time updated'  itemprop=\"datePublished\" datetime=\"2026-02-13T14:14:00-03:00\" >13 de fevereiro de 2026<\/time><h3 class='av-magazine-title entry-title '  itemprop=\"headline\" ><a href='https:\/\/www.odonto.ufmg.br\/cpc\/geral\/edital-de-selecao-monitoria-de-graduacao-01-2026-2\/' title='Link to: EDITAL DE SELE\u00c7\u00c3O MONITORIA DE POS-GRADUA\u00c7\u00c3O 01\/2026'>EDITAL DE SELE\u00c7\u00c3O MONITORIA DE POS-GRADUA\u00c7\u00c3O 01\/2026<\/a><\/h3><\/header><\/div><footer class=\"entry-footer\"><\/footer><\/article><article class='av-magazine-entry av-magazine-entry-id-625 av-magazine-format-standard av-magazine-type-post av-magazine-entry-2 av-magazine-entry-small '  itemscope=\"itemscope\" itemtype=\"https:\/\/schema.org\/CreativeWork\" ><div class=\"av-magazine-thumbnail\"><a href='https:\/\/www.odonto.ufmg.br\/cpc\/geral\/edital-de-selecao-monitoria-de-graduacao-01-2026\/' title='Link to: EDITAL DE SELE\u00c7\u00c3O MONITORIA DE GRADUA\u00c7\u00c3O 01\/2026' class='av-magazine-thumbnail-link'><img decoding=\"async\" fetchpriority=\"high\" width=\"80\" height=\"80\" src=\"https:\/\/www.odonto.ufmg.br\/cpc\/wp-content\/uploads\/sites\/19\/2021\/07\/edital-80x80.jpg\" class=\"wp-image-554 avia-img-lazy-loading-not-554 attachment-thumbnail size-thumbnail wp-post-image\" alt=\"\" srcset=\"https:\/\/www.odonto.ufmg.br\/cpc\/wp-content\/uploads\/sites\/19\/2021\/07\/edital-80x80.jpg 80w, https:\/\/www.odonto.ufmg.br\/cpc\/wp-content\/uploads\/sites\/19\/2021\/07\/edital-36x36.jpg 36w, https:\/\/www.odonto.ufmg.br\/cpc\/wp-content\/uploads\/sites\/19\/2021\/07\/edital-180x180.jpg 180w\" sizes=\"(max-width: 80px) 100vw, 80px\" \/><\/a><\/div><div class=\"av-magazine-content-wrap\"><header class=\"entry-content-header\" aria-label=\"Post: EDITAL DE SELE\u00c7\u00c3O MONITORIA DE GRADUA\u00c7\u00c3O 01\/2026\"><time class='av-magazine-time updated'  itemprop=\"datePublished\" datetime=\"2026-02-12T13:58:20-03:00\" >12 de fevereiro de 2026<\/time><h3 class='av-magazine-title entry-title '  itemprop=\"headline\" ><a href='https:\/\/www.odonto.ufmg.br\/cpc\/geral\/edital-de-selecao-monitoria-de-graduacao-01-2026\/' title='Link to: EDITAL DE SELE\u00c7\u00c3O MONITORIA DE GRADUA\u00c7\u00c3O 01\/2026'>EDITAL DE SELE\u00c7\u00c3O MONITORIA DE GRADUA\u00c7\u00c3O 01\/2026<\/a><\/h3><\/header><\/div><footer class=\"entry-footer\"><\/footer><\/article><article class='av-magazine-entry av-magazine-entry-id-598 av-magazine-format-standard av-magazine-type-post av-magazine-entry-3 av-magazine-entry-small '  itemscope=\"itemscope\" itemtype=\"https:\/\/schema.org\/CreativeWork\" ><div class=\"av-magazine-thumbnail\"><a href='https:\/\/www.odonto.ufmg.br\/cpc\/geral\/edital-no-2137-de-15-de-setembro-de-2023-processo-seletivo-para-professor-substituto\/' title='Link to: EDITAL N\u00ba 2137, DE 15 DE SETEMBRO DE 2023 PROCESSO SELETIVO PARA PROFESSOR SUBSTITUTO' class='av-magazine-thumbnail-link'><img decoding=\"async\" fetchpriority=\"high\" width=\"80\" height=\"80\" src=\"https:\/\/www.odonto.ufmg.br\/cpc\/wp-content\/uploads\/sites\/19\/2021\/07\/edital-80x80.jpg\" class=\"wp-image-554 avia-img-lazy-loading-not-554 attachment-thumbnail size-thumbnail wp-post-image\" alt=\"\" srcset=\"https:\/\/www.odonto.ufmg.br\/cpc\/wp-content\/uploads\/sites\/19\/2021\/07\/edital-80x80.jpg 80w, https:\/\/www.odonto.ufmg.br\/cpc\/wp-content\/uploads\/sites\/19\/2021\/07\/edital-36x36.jpg 36w, https:\/\/www.odonto.ufmg.br\/cpc\/wp-content\/uploads\/sites\/19\/2021\/07\/edital-180x180.jpg 180w\" sizes=\"(max-width: 80px) 100vw, 80px\" \/><\/a><\/div><div class=\"av-magazine-content-wrap\"><header class=\"entry-content-header\" aria-label=\"Post: EDITAL N\u00ba 2137, DE 15 DE SETEMBRO DE 2023 PROCESSO SELETIVO PARA PROFESSOR SUBSTITUTO\"><time class='av-magazine-time updated'  itemprop=\"datePublished\" datetime=\"2023-09-20T17:39:47-03:00\" >20 de setembro de 2023<\/time><h3 class='av-magazine-title entry-title '  itemprop=\"headline\" ><a href='https:\/\/www.odonto.ufmg.br\/cpc\/geral\/edital-no-2137-de-15-de-setembro-de-2023-processo-seletivo-para-professor-substituto\/' title='Link to: EDITAL N\u00ba 2137, DE 15 DE SETEMBRO DE 2023 PROCESSO SELETIVO PARA PROFESSOR SUBSTITUTO'>EDITAL N\u00ba 2137, DE 15 DE SETEMBRO DE 2023 PROCESSO SELETIVO PARA PROFESSOR SUBSTITUTO<\/a><\/h3><\/header><\/div><footer class=\"entry-footer\"><\/footer><\/article><\/div><\/div><\/div><\/div><\/div><\/main><!-- close content main element --><\/div><\/div>\n<style type=\"text\/css\" data-created_by=\"avia_inline_auto\" id=\"style-css-av-38hon-879077cc854d3a72af5e098a7da039b5\">\n.avia-section.av-38hon-879077cc854d3a72af5e098a7da039b5 .av-section-color-overlay{\nopacity:0.5;\nbackground-image:url(https:\/\/www.odonto.ufmg.br\/cpc\/wp-content\/themes\/enfold\/images\/background-images\/diagonal-thin-dark.png);\nbackground-repeat:repeat;\n}\n.avia-section.av-38hon-879077cc854d3a72af5e098a7da039b5 .av-extra-border-element .av-extra-border-inner{\nbackground-color:#ffffff;\n}\n<\/style>\n<div id='av_section_2'  class='avia-section av-38hon-879077cc854d3a72af5e098a7da039b5 main_color avia-section-default avia-no-shadow  avia-builder-el-5  el_after_av_section  avia-builder-el-last  avia-bg-style-scroll av-section-color-overlay-active av-arrow-down-section container_wrap fullsize'  ><div class=\"av-section-color-overlay-wrap\"><div class=\"av-section-color-overlay\"><\/div><div class='container av-section-cont-open' ><div class='template-page content  av-content-full alpha units'><div class='post-entry post-entry-type-page post-entry-15'><div class='entry-content-wrapper clearfix'>\n\n<style type=\"text\/css\" data-created_by=\"avia_inline_auto\" id=\"style-css-av-104f-4e98526f22adff11260c0384979f82d5\">\n.flex_column.av-104f-4e98526f22adff11260c0384979f82d5{\nborder-radius:0px 0px 0px 0px;\npadding:0px 0px 0px 0px;\n}\n<\/style>\n<div  class='flex_column av-104f-4e98526f22adff11260c0384979f82d5 av_one_half  avia-builder-el-6  el_before_av_one_half  avia-builder-el-first  first flex_column_div av-zero-column-padding  '     ><article  class='iconbox iconbox_top av-270zv-aa0518a394248f2d990a7d6f06f1d763  avia-builder-el-7  avia-builder-el-no-sibling  main_color'  itemscope=\"itemscope\" itemtype=\"https:\/\/schema.org\/CreativeWork\" ><div class=\"iconbox_content\"><header class=\"entry-content-header\" aria-label=\"Icon: Formul\u00e1rios\"><div class='iconbox_icon heading-color avia-iconfont avia-font-entypo-fontello' data-av_icon='\ue84e' data-av_iconfont='entypo-fontello'  ><\/div><h3 class='iconbox_content_title '  itemprop=\"headline\" >Formul\u00e1rios<\/h3><\/header><div class='iconbox_content_container '  itemprop=\"text\" ><p>Formul\u00e1rio para inscri\u00e7\u00f5es em cursos e eventos.<\/p>\n<\/div><\/div><footer class=\"entry-footer\"><\/footer><\/article><\/div>\n<style type=\"text\/css\" data-created_by=\"avia_inline_auto\" id=\"style-css-av-192rv-971b3e48de7e04cf35e9e96082902bb6\">\n.flex_column.av-192rv-971b3e48de7e04cf35e9e96082902bb6{\nborder-radius:0px 0px 0px 0px;\npadding:0px 0px 0px 0px;\n}\n<\/style>\n<div  class='flex_column av-192rv-971b3e48de7e04cf35e9e96082902bb6 av_one_half  avia-builder-el-8  el_after_av_one_half  avia-builder-el-last  flex_column_div av-zero-column-padding  '     ><article  class='iconbox iconbox_top av-va8v-05d7410457b3ceb4f6095746db0c0223  avia-builder-el-9  avia-builder-el-no-sibling  main_color'  itemscope=\"itemscope\" itemtype=\"https:\/\/schema.org\/CreativeWork\" ><div class=\"iconbox_content\"><header class=\"entry-content-header\" aria-label=\"Icon: Corpo Docente\"><a href='https:\/\/www.odonto.ufmg.br\/cpc\/corpo-docente\/' title='Corpo Docente' aria-label='Corpo Docente'  class='iconbox_icon heading-color avia-iconfont avia-font-entypo-fontello' data-av_icon='\ue80b' data-av_iconfont='entypo-fontello' title=\"Corpo Docente\" desc=\"Corpo Docente\" ><\/a><h3 class='iconbox_content_title '  itemprop=\"headline\" ><a href='https:\/\/www.odonto.ufmg.br\/cpc\/corpo-docente\/' title='Corpo Docente' >Corpo Docente<\/a><\/h3><\/header><div class='iconbox_content_container '  itemprop=\"text\" ><p>Conhe\u00e7a os professores do Departamento.<\/p>\n<\/div><\/div><footer class=\"entry-footer\"><\/footer><\/article><\/div>\n<\/p>\n","protected":false},"excerpt":{"rendered":"","protected":false},"author":5,"featured_media":0,"parent":0,"menu_order":0,"comment_status":"closed","ping_status":"closed","template":"","meta":{"inline_featured_image":false,"footnotes":""},"class_list":["post-15","page","type-page","status-publish","hentry"],"yoast_head":"<!-- This site is optimized with the Yoast SEO plugin v27.3 - https:\/\/yoast.com\/product\/yoast-seo-wordpress\/ -->\n<title>In\u00edcio - Departamento de Cl\u00ednica, Patologia e Cirurgia Odontol\u00f3gicas<\/title>\n<meta name=\"robots\" content=\"index, follow, max-snippet:-1, max-image-preview:large, max-video-preview:-1\" \/>\n<link rel=\"canonical\" href=\"https:\/\/www.odonto.ufmg.br\/cpc\/\" \/>\n<meta property=\"og:locale\" content=\"pt_BR\" \/>\n<meta property=\"og:type\" content=\"article\" \/>\n<meta property=\"og:title\" content=\"In\u00edcio - Departamento de Cl\u00ednica, Patologia e Cirurgia Odontol\u00f3gicas\" \/>\n<meta property=\"og:url\" content=\"https:\/\/www.odonto.ufmg.br\/cpc\/\" \/>\n<meta property=\"og:site_name\" content=\"Departamento de Cl\u00ednica, Patologia e Cirurgia Odontol\u00f3gicas\" \/>\n<meta property=\"article:modified_time\" content=\"2021-07-09T02:41:08+00:00\" \/>\n<meta name=\"twitter:card\" content=\"summary_large_image\" \/>\n<meta name=\"twitter:label1\" content=\"Est. tempo de leitura\" \/>\n\t<meta name=\"twitter:data1\" content=\"3 minutos\" \/>\n<script type=\"application\/ld+json\" class=\"yoast-schema-graph\">{\"@context\":\"https:\\\/\\\/schema.org\",\"@graph\":[{\"@type\":\"WebPage\",\"@id\":\"https:\\\/\\\/www.odonto.ufmg.br\\\/cpc\\\/\",\"url\":\"https:\\\/\\\/www.odonto.ufmg.br\\\/cpc\\\/\",\"name\":\"In\u00edcio - Departamento de Cl\u00ednica, Patologia e Cirurgia Odontol\u00f3gicas\",\"isPartOf\":{\"@id\":\"https:\\\/\\\/www.odonto.ufmg.br\\\/cpc\\\/#website\"},\"datePublished\":\"2018-01-26T18:40:22+00:00\",\"dateModified\":\"2021-07-09T02:41:08+00:00\",\"breadcrumb\":{\"@id\":\"https:\\\/\\\/www.odonto.ufmg.br\\\/cpc\\\/#breadcrumb\"},\"inLanguage\":\"pt-BR\",\"potentialAction\":[{\"@type\":\"ReadAction\",\"target\":[\"https:\\\/\\\/www.odonto.ufmg.br\\\/cpc\\\/\"]}]},{\"@type\":\"BreadcrumbList\",\"@id\":\"https:\\\/\\\/www.odonto.ufmg.br\\\/cpc\\\/#breadcrumb\",\"itemListElement\":[{\"@type\":\"ListItem\",\"position\":1,\"name\":\"In\u00edcio\",\"item\":\"https:\\\/\\\/www.odonto.ufmg.br\\\/cpc\\\/\"},{\"@type\":\"ListItem\",\"position\":2,\"name\":\"In\u00edcio\"}]},{\"@type\":\"WebSite\",\"@id\":\"https:\\\/\\\/www.odonto.ufmg.br\\\/cpc\\\/#website\",\"url\":\"https:\\\/\\\/www.odonto.ufmg.br\\\/cpc\\\/\",\"name\":\"Departamento de Cl\u00ednica, Patologia e Cirurgia Odontol\u00f3gicas\",\"description\":\"Faculdade de Odontologia - Universidade Federal de Minas Gerais\",\"potentialAction\":[{\"@type\":\"SearchAction\",\"target\":{\"@type\":\"EntryPoint\",\"urlTemplate\":\"https:\\\/\\\/www.odonto.ufmg.br\\\/cpc\\\/?s={search_term_string}\"},\"query-input\":{\"@type\":\"PropertyValueSpecification\",\"valueRequired\":true,\"valueName\":\"search_term_string\"}}],\"inLanguage\":\"pt-BR\"}]}<\/script>\n<!-- \/ Yoast SEO plugin. -->","yoast_head_json":{"title":"In\u00edcio - Departamento de Cl\u00ednica, Patologia e Cirurgia Odontol\u00f3gicas","robots":{"index":"index","follow":"follow","max-snippet":"max-snippet:-1","max-image-preview":"max-image-preview:large","max-video-preview":"max-video-preview:-1"},"canonical":"https:\/\/www.odonto.ufmg.br\/cpc\/","og_locale":"pt_BR","og_type":"article","og_title":"In\u00edcio - Departamento de Cl\u00ednica, Patologia e Cirurgia Odontol\u00f3gicas","og_url":"https:\/\/www.odonto.ufmg.br\/cpc\/","og_site_name":"Departamento de Cl\u00ednica, Patologia e Cirurgia Odontol\u00f3gicas","article_modified_time":"2021-07-09T02:41:08+00:00","twitter_card":"summary_large_image","twitter_misc":{"Est. tempo de leitura":"3 minutos"},"schema":{"@context":"https:\/\/schema.org","@graph":[{"@type":"WebPage","@id":"https:\/\/www.odonto.ufmg.br\/cpc\/","url":"https:\/\/www.odonto.ufmg.br\/cpc\/","name":"In\u00edcio - Departamento de Cl\u00ednica, Patologia e Cirurgia Odontol\u00f3gicas","isPartOf":{"@id":"https:\/\/www.odonto.ufmg.br\/cpc\/#website"},"datePublished":"2018-01-26T18:40:22+00:00","dateModified":"2021-07-09T02:41:08+00:00","breadcrumb":{"@id":"https:\/\/www.odonto.ufmg.br\/cpc\/#breadcrumb"},"inLanguage":"pt-BR","potentialAction":[{"@type":"ReadAction","target":["https:\/\/www.odonto.ufmg.br\/cpc\/"]}]},{"@type":"BreadcrumbList","@id":"https:\/\/www.odonto.ufmg.br\/cpc\/#breadcrumb","itemListElement":[{"@type":"ListItem","position":1,"name":"In\u00edcio","item":"https:\/\/www.odonto.ufmg.br\/cpc\/"},{"@type":"ListItem","position":2,"name":"In\u00edcio"}]},{"@type":"WebSite","@id":"https:\/\/www.odonto.ufmg.br\/cpc\/#website","url":"https:\/\/www.odonto.ufmg.br\/cpc\/","name":"Departamento de Cl\u00ednica, Patologia e Cirurgia Odontol\u00f3gicas","description":"Faculdade de Odontologia - Universidade Federal de Minas Gerais","potentialAction":[{"@type":"SearchAction","target":{"@type":"EntryPoint","urlTemplate":"https:\/\/www.odonto.ufmg.br\/cpc\/?s={search_term_string}"},"query-input":{"@type":"PropertyValueSpecification","valueRequired":true,"valueName":"search_term_string"}}],"inLanguage":"pt-BR"}]}},"_links":{"self":[{"href":"https:\/\/www.odonto.ufmg.br\/cpc\/wp-json\/wp\/v2\/pages\/15","targetHints":{"allow":["GET"]}}],"collection":[{"href":"https:\/\/www.odonto.ufmg.br\/cpc\/wp-json\/wp\/v2\/pages"}],"about":[{"href":"https:\/\/www.odonto.ufmg.br\/cpc\/wp-json\/wp\/v2\/types\/page"}],"author":[{"embeddable":true,"href":"https:\/\/www.odonto.ufmg.br\/cpc\/wp-json\/wp\/v2\/users\/5"}],"replies":[{"embeddable":true,"href":"https:\/\/www.odonto.ufmg.br\/cpc\/wp-json\/wp\/v2\/comments?post=15"}],"version-history":[{"count":9,"href":"https:\/\/www.odonto.ufmg.br\/cpc\/wp-json\/wp\/v2\/pages\/15\/revisions"}],"predecessor-version":[{"id":548,"href":"https:\/\/www.odonto.ufmg.br\/cpc\/wp-json\/wp\/v2\/pages\/15\/revisions\/548"}],"wp:attachment":[{"href":"https:\/\/www.odonto.ufmg.br\/cpc\/wp-json\/wp\/v2\/media?parent=15"}],"curies":[{"name":"wp","href":"https:\/\/api.w.org\/{rel}","templated":true}]}}