{"id":133,"date":"2018-03-12T13:50:15","date_gmt":"2018-03-12T16:50:15","guid":{"rendered":"https:\/\/www.odonto.ufmg.br\/cpc\/?page_id=133"},"modified":"2018-03-12T14:04:23","modified_gmt":"2018-03-12T17:04:23","slug":"apoio-ao-aluno","status":"publish","type":"page","link":"https:\/\/www.odonto.ufmg.br\/cpc\/apoio-ao-aluno\/","title":{"rendered":"Apoio ao aluno"},"content":{"rendered":"<article  class='iconbox iconbox_top av-av_icon_box-5bf13306dbaaddeebb0763d4e81c3fb2  avia-builder-el-0  el_before_av_icon_box  avia-builder-el-first  main_color'  itemscope=\"itemscope\" itemtype=\"https:\/\/schema.org\/CreativeWork\" ><div class=\"iconbox_content\"><header class=\"entry-content-header\" aria-label=\"Icon: GRADUA\u00c7\u00c3O\"><a href='https:\/\/www.odonto.ufmg.br\/cpc\/graduacao-ap\/' title='GRADUA\u00c7\u00c3O' aria-label='GRADUA\u00c7\u00c3O'  target=\"_blank\"  rel=\"noopener noreferrer\" class='iconbox_icon heading-color avia-iconfont avia-font-entypo-fontello' data-av_icon='\ue84f' data-av_iconfont='entypo-fontello' title=\"GRADUA\u00c7\u00c3O\" desc=\"GRADUA\u00c7\u00c3O\" ><\/a><h3 class='iconbox_content_title '  itemprop=\"headline\" ><a href='https:\/\/www.odonto.ufmg.br\/cpc\/graduacao-ap\/' title='GRADUA\u00c7\u00c3O'  target=\"_blank\"  rel=\"noopener noreferrer\">GRADUA\u00c7\u00c3O<\/a><\/h3><\/header><div class='iconbox_content_container '  itemprop=\"text\" ><\/div><\/div><footer class=\"entry-footer\"><\/footer><\/article>\n<article  class='iconbox iconbox_top av-av_icon_box-8e306f42481f1304a70db0c5400fed7d  avia-builder-el-1  el_after_av_icon_box  el_before_av_icon_box  main_color'  itemscope=\"itemscope\" itemtype=\"https:\/\/schema.org\/CreativeWork\" ><div class=\"iconbox_content\"><header class=\"entry-content-header\" aria-label=\"Icon: EXTENS\u00c3O\"><a href='https:\/\/www.odonto.ufmg.br\/cpc\/extensao\/' title='EXTENS\u00c3O' aria-label='EXTENS\u00c3O'  target=\"_blank\"  rel=\"noopener noreferrer\" class='iconbox_icon heading-color avia-iconfont avia-font-entypo-fontello' data-av_icon='\ue84e' data-av_iconfont='entypo-fontello' title=\"EXTENS\u00c3O\" desc=\"EXTENS\u00c3O\" ><\/a><h3 class='iconbox_content_title '  itemprop=\"headline\" ><a href='https:\/\/www.odonto.ufmg.br\/cpc\/extensao\/' title='EXTENS\u00c3O'  target=\"_blank\"  rel=\"noopener noreferrer\">EXTENS\u00c3O<\/a><\/h3><\/header><div class='iconbox_content_container '  itemprop=\"text\" ><\/div><\/div><footer class=\"entry-footer\"><\/footer><\/article>\n<article  class='iconbox iconbox_top av-av_icon_box-267bd0c006a9a64ae52c0abb0c8c3dd6  avia-builder-el-2  el_after_av_icon_box  avia-builder-el-last  main_color'  itemscope=\"itemscope\" itemtype=\"https:\/\/schema.org\/CreativeWork\" ><div class=\"iconbox_content\"><header class=\"entry-content-header\" aria-label=\"Icon: P\u00d3S-GRADUA\u00c7\u00c3O\"><a href='https:\/\/www.odonto.ufmg.br\/cpc\/pos-graduacao-2\/' title='P\u00d3S-GRADUA\u00c7\u00c3O' aria-label='P\u00d3S-GRADUA\u00c7\u00c3O'  target=\"_blank\"  rel=\"noopener noreferrer\" class='iconbox_icon heading-color avia-iconfont avia-font-entypo-fontello' data-av_icon='\ue850' data-av_iconfont='entypo-fontello' title=\"P\u00d3S-GRADUA\u00c7\u00c3O\" desc=\"P\u00d3S-GRADUA\u00c7\u00c3O\" ><\/a><h3 class='iconbox_content_title '  itemprop=\"headline\" ><a href='https:\/\/www.odonto.ufmg.br\/cpc\/pos-graduacao-2\/' title='P\u00d3S-GRADUA\u00c7\u00c3O'  target=\"_blank\"  rel=\"noopener noreferrer\">P\u00d3S-GRADUA\u00c7\u00c3O<\/a><\/h3><\/header><div class='iconbox_content_container '  itemprop=\"text\" ><\/div><\/div><footer class=\"entry-footer\"><\/footer><\/article>\n","protected":false},"excerpt":{"rendered":"","protected":false},"author":1,"featured_media":0,"parent":0,"menu_order":0,"comment_status":"closed","ping_status":"closed","template":"","meta":{"inline_featured_image":false,"footnotes":""},"class_list":["post-133","page","type-page","status-publish","hentry"],"yoast_head":"<!-- This site is optimized with the Yoast SEO plugin v27.3 - https:\/\/yoast.com\/product\/yoast-seo-wordpress\/ -->\n<title>Apoio ao aluno - Departamento de Cl\u00ednica, Patologia e Cirurgia Odontol\u00f3gicas<\/title>\n<meta name=\"robots\" content=\"index, follow, max-snippet:-1, max-image-preview:large, max-video-preview:-1\" \/>\n<link rel=\"canonical\" href=\"https:\/\/www.odonto.ufmg.br\/cpc\/apoio-ao-aluno\/\" \/>\n<meta property=\"og:locale\" content=\"pt_BR\" \/>\n<meta property=\"og:type\" content=\"article\" \/>\n<meta property=\"og:title\" content=\"Apoio ao aluno - Departamento de Cl\u00ednica, Patologia e Cirurgia Odontol\u00f3gicas\" \/>\n<meta property=\"og:url\" content=\"https:\/\/www.odonto.ufmg.br\/cpc\/apoio-ao-aluno\/\" \/>\n<meta property=\"og:site_name\" content=\"Departamento de Cl\u00ednica, Patologia e Cirurgia Odontol\u00f3gicas\" \/>\n<meta property=\"article:modified_time\" content=\"2018-03-12T17:04:23+00:00\" \/>\n<meta name=\"twitter:card\" content=\"summary_large_image\" \/>\n<meta name=\"twitter:label1\" content=\"Est. tempo de leitura\" \/>\n\t<meta name=\"twitter:data1\" content=\"1 minuto\" \/>\n<script type=\"application\/ld+json\" class=\"yoast-schema-graph\">{\"@context\":\"https:\\\/\\\/schema.org\",\"@graph\":[{\"@type\":\"WebPage\",\"@id\":\"https:\\\/\\\/www.odonto.ufmg.br\\\/cpc\\\/apoio-ao-aluno\\\/\",\"url\":\"https:\\\/\\\/www.odonto.ufmg.br\\\/cpc\\\/apoio-ao-aluno\\\/\",\"name\":\"Apoio ao aluno - Departamento de Cl\u00ednica, Patologia e Cirurgia Odontol\u00f3gicas\",\"isPartOf\":{\"@id\":\"https:\\\/\\\/www.odonto.ufmg.br\\\/cpc\\\/#website\"},\"datePublished\":\"2018-03-12T16:50:15+00:00\",\"dateModified\":\"2018-03-12T17:04:23+00:00\",\"breadcrumb\":{\"@id\":\"https:\\\/\\\/www.odonto.ufmg.br\\\/cpc\\\/apoio-ao-aluno\\\/#breadcrumb\"},\"inLanguage\":\"pt-BR\",\"potentialAction\":[{\"@type\":\"ReadAction\",\"target\":[\"https:\\\/\\\/www.odonto.ufmg.br\\\/cpc\\\/apoio-ao-aluno\\\/\"]}]},{\"@type\":\"BreadcrumbList\",\"@id\":\"https:\\\/\\\/www.odonto.ufmg.br\\\/cpc\\\/apoio-ao-aluno\\\/#breadcrumb\",\"itemListElement\":[{\"@type\":\"ListItem\",\"position\":1,\"name\":\"In\u00edcio\",\"item\":\"https:\\\/\\\/www.odonto.ufmg.br\\\/cpc\\\/\"},{\"@type\":\"ListItem\",\"position\":2,\"name\":\"Apoio ao aluno\"}]},{\"@type\":\"WebSite\",\"@id\":\"https:\\\/\\\/www.odonto.ufmg.br\\\/cpc\\\/#website\",\"url\":\"https:\\\/\\\/www.odonto.ufmg.br\\\/cpc\\\/\",\"name\":\"Departamento de Cl\u00ednica, Patologia e Cirurgia Odontol\u00f3gicas\",\"description\":\"Faculdade de Odontologia - Universidade Federal de Minas Gerais\",\"potentialAction\":[{\"@type\":\"SearchAction\",\"target\":{\"@type\":\"EntryPoint\",\"urlTemplate\":\"https:\\\/\\\/www.odonto.ufmg.br\\\/cpc\\\/?s={search_term_string}\"},\"query-input\":{\"@type\":\"PropertyValueSpecification\",\"valueRequired\":true,\"valueName\":\"search_term_string\"}}],\"inLanguage\":\"pt-BR\"}]}<\/script>\n<!-- \/ Yoast SEO plugin. -->","yoast_head_json":{"title":"Apoio ao aluno - Departamento de Cl\u00ednica, Patologia e Cirurgia Odontol\u00f3gicas","robots":{"index":"index","follow":"follow","max-snippet":"max-snippet:-1","max-image-preview":"max-image-preview:large","max-video-preview":"max-video-preview:-1"},"canonical":"https:\/\/www.odonto.ufmg.br\/cpc\/apoio-ao-aluno\/","og_locale":"pt_BR","og_type":"article","og_title":"Apoio ao aluno - Departamento de Cl\u00ednica, Patologia e Cirurgia Odontol\u00f3gicas","og_url":"https:\/\/www.odonto.ufmg.br\/cpc\/apoio-ao-aluno\/","og_site_name":"Departamento de Cl\u00ednica, Patologia e Cirurgia Odontol\u00f3gicas","article_modified_time":"2018-03-12T17:04:23+00:00","twitter_card":"summary_large_image","twitter_misc":{"Est. tempo de leitura":"1 minuto"},"schema":{"@context":"https:\/\/schema.org","@graph":[{"@type":"WebPage","@id":"https:\/\/www.odonto.ufmg.br\/cpc\/apoio-ao-aluno\/","url":"https:\/\/www.odonto.ufmg.br\/cpc\/apoio-ao-aluno\/","name":"Apoio ao aluno - Departamento de Cl\u00ednica, Patologia e Cirurgia Odontol\u00f3gicas","isPartOf":{"@id":"https:\/\/www.odonto.ufmg.br\/cpc\/#website"},"datePublished":"2018-03-12T16:50:15+00:00","dateModified":"2018-03-12T17:04:23+00:00","breadcrumb":{"@id":"https:\/\/www.odonto.ufmg.br\/cpc\/apoio-ao-aluno\/#breadcrumb"},"inLanguage":"pt-BR","potentialAction":[{"@type":"ReadAction","target":["https:\/\/www.odonto.ufmg.br\/cpc\/apoio-ao-aluno\/"]}]},{"@type":"BreadcrumbList","@id":"https:\/\/www.odonto.ufmg.br\/cpc\/apoio-ao-aluno\/#breadcrumb","itemListElement":[{"@type":"ListItem","position":1,"name":"In\u00edcio","item":"https:\/\/www.odonto.ufmg.br\/cpc\/"},{"@type":"ListItem","position":2,"name":"Apoio ao aluno"}]},{"@type":"WebSite","@id":"https:\/\/www.odonto.ufmg.br\/cpc\/#website","url":"https:\/\/www.odonto.ufmg.br\/cpc\/","name":"Departamento de Cl\u00ednica, Patologia e Cirurgia Odontol\u00f3gicas","description":"Faculdade de Odontologia - Universidade Federal de Minas Gerais","potentialAction":[{"@type":"SearchAction","target":{"@type":"EntryPoint","urlTemplate":"https:\/\/www.odonto.ufmg.br\/cpc\/?s={search_term_string}"},"query-input":{"@type":"PropertyValueSpecification","valueRequired":true,"valueName":"search_term_string"}}],"inLanguage":"pt-BR"}]}},"_links":{"self":[{"href":"https:\/\/www.odonto.ufmg.br\/cpc\/wp-json\/wp\/v2\/pages\/133","targetHints":{"allow":["GET"]}}],"collection":[{"href":"https:\/\/www.odonto.ufmg.br\/cpc\/wp-json\/wp\/v2\/pages"}],"about":[{"href":"https:\/\/www.odonto.ufmg.br\/cpc\/wp-json\/wp\/v2\/types\/page"}],"author":[{"embeddable":true,"href":"https:\/\/www.odonto.ufmg.br\/cpc\/wp-json\/wp\/v2\/users\/1"}],"replies":[{"embeddable":true,"href":"https:\/\/www.odonto.ufmg.br\/cpc\/wp-json\/wp\/v2\/comments?post=133"}],"version-history":[{"count":11,"href":"https:\/\/www.odonto.ufmg.br\/cpc\/wp-json\/wp\/v2\/pages\/133\/revisions"}],"predecessor-version":[{"id":137,"href":"https:\/\/www.odonto.ufmg.br\/cpc\/wp-json\/wp\/v2\/pages\/133\/revisions\/137"}],"wp:attachment":[{"href":"https:\/\/www.odonto.ufmg.br\/cpc\/wp-json\/wp\/v2\/media?parent=133"}],"curies":[{"name":"wp","href":"https:\/\/api.w.org\/{rel}","templated":true}]}}