{"id":94,"date":"2015-12-07T16:09:29","date_gmt":"2015-12-07T18:09:29","guid":{"rendered":"http:\/\/www.odonto.ufmg.br\/colgrad\/?page_id=94"},"modified":"2015-12-07T16:16:47","modified_gmt":"2015-12-07T18:16:47","slug":"condicoes-de-oferta","status":"publish","type":"page","link":"https:\/\/www.odonto.ufmg.br\/colgrad\/condicoes-de-oferta\/","title":{"rendered":"Condi\u00e7\u00f5es de Oferta"},"content":{"rendered":"\n<style type=\"text\/css\" data-created_by=\"avia_inline_auto\" id=\"style-css-av-av_one_full-9497bbf8bff73ea4c6992cc17fa9ec36\">\n.flex_column.av-av_one_full-9497bbf8bff73ea4c6992cc17fa9ec36{\nborder-radius:0px 0px 0px 0px;\npadding:0px 0px 0px 0px;\n}\n<\/style>\n<div  class='flex_column av-av_one_full-9497bbf8bff73ea4c6992cc17fa9ec36 av_one_full  avia-builder-el-0  el_before_av_hr  avia-builder-el-first  first flex_column_div av-zero-column-padding  '     ><style type=\"text\/css\" data-created_by=\"avia_inline_auto\" id=\"style-css-av-av_heading-b4283f52ebfc2e689eb0460f83601910\">\n#top .av-special-heading.av-av_heading-b4283f52ebfc2e689eb0460f83601910{\npadding-bottom:10px;\n}\nbody .av-special-heading.av-av_heading-b4283f52ebfc2e689eb0460f83601910 .av-special-heading-tag .heading-char{\nfont-size:25px;\n}\n.av-special-heading.av-av_heading-b4283f52ebfc2e689eb0460f83601910 .av-subheading{\nfont-size:15px;\n}\n<\/style>\n<div  class='av-special-heading av-av_heading-b4283f52ebfc2e689eb0460f83601910 av-special-heading-h1 blockquote modern-quote modern-centered  avia-builder-el-1  avia-builder-el-no-sibling '><h1 class='av-special-heading-tag '  itemprop=\"headline\"  >Condi\u00e7\u00f5es de Oferta<\/h1><div class='av-subheading av-subheading_below'><p>O aluno pode concorrer \u00e0s vagas oferecidas pela Faculdade de Odontologia da UFMG atrav\u00e9s de seguintes formas de ingresso:<\/p>\n<\/div><div class=\"special-heading-border\"><div class=\"special-heading-inner-border\"><\/div><\/div><\/div><\/div><div  class='hr av-av_hr-dcd2069817a0e3d34ae04cad8f3443c7 hr-default  avia-builder-el-2  el_after_av_one_full  el_before_av_textblock '><span class='hr-inner '><span class=\"hr-inner-style\"><\/span><\/span><\/div><\/p>\n<section  class='av_textblock_section av-av_textblock-0366cc7376be6c9e82a3e9cc8987b64f '   itemscope=\"itemscope\" itemtype=\"https:\/\/schema.org\/CreativeWork\" ><div class='avia_textblock'  itemprop=\"text\" ><div><\/div>\n<div><\/div>\n<div>\n<table>\n<tbody>\n<tr>\n<th>Vagas Anuais<\/th>\n<th>Vagas Remanescentes<\/th>\n<\/tr>\n<tr>\n<td>\n<ul>\n<li>Vestibular<\/li>\n<li>Programa de estudantes-conv\u00eanio<\/li>\n<\/ul>\n<\/td>\n<td>\n<ul>\n<li>Obten\u00e7\u00e3o de Novo T\u00edtulo<\/li>\n<li>Rematr\u00edcula<\/li>\n<li>Reop\u00e7\u00e3o<\/li>\n<li>Transfer\u00eancia comum<\/li>\n<li>Continuidade de Estudos<\/li>\n<li>Transfer\u00eancia Especial<\/li>\n<\/ul>\n<\/td>\n<\/tr>\n<tr>\n<td><\/td>\n<td>\n<ul>\n<li>\u00a0Disciplina Isolada<\/li>\n<li>Disciplina Eletiva\/Gradua\u00e7\u00e3o<\/li>\n<\/ul>\n<\/td>\n<\/tr>\n<\/tbody>\n<\/table>\n<\/div>\n<div><\/div>\n<div><\/div>\n<div><\/div>\n<div>A resolu\u00e7\u00e3o 0791 do colegiado de gradua\u00e7\u00e3o estabelece normas para distribui\u00e7\u00e3o de vagas e define crit\u00e9rios de classifica\u00e7\u00e3o.<\/div>\n<div><\/div>\n<div><strong>Vagas Anuais<\/strong><\/div>\n<div><\/div>\n<div><strong>O concurso vestibular<\/strong><\/div>\n<div>O concurso vestibular \u00e9 aberto a candidatos que tenham conclu\u00eddo cursos m\u00e9dios ou equivalentes, consoante com o disposto na legisla\u00e7\u00e3o aplic\u00e1vel. Atrav\u00e9s do concurso vestibular, a UFMG disponibilizar\u00e1 120 vagas anuais para o ingresso no curso de Odontologia.<\/div>\n<div>Mais informa\u00e7\u00f5es: COPEVE &#8211; Comiss\u00e3o Permanente do Vestibular<\/div>\n<div><\/div>\n<div><strong>O Programa de Estudantes-Conv\u00eanio (PEC)<\/strong><\/div>\n<div>\u00c9 um dos instrumentos de coopera\u00e7\u00e3o educacional, cient\u00edfica e tecnol\u00f3gica que o Governo Brasileiro oferece a outros pa\u00edses em vias de desenvolvimento, com participa\u00e7\u00e3o de v\u00e1rias universidades. Na UFMG, as vagas oferecidas para o PEC s\u00e3o espec\u00edficas do programa, e os estudantes estrangeiros aceitos n\u00e3o ocupam, portanto, vagas remanescentes ou as oferecidas no concurso vestibular. As condi\u00e7\u00f5es para o ingresso dos alunos s\u00e3o estabelecidas na legisla\u00e7\u00e3o pertinente.<\/div>\n<div><\/div>\n<div>Mais informa\u00e7\u00f5es: DRCA &#8211; Departamento de Registro e Controle Acad\u00eamico<\/div>\n<div><\/div>\n<div><strong>Vagas Remanescentes<\/strong><\/div>\n<div>O n\u00famero de vagas remanescentes n\u00e3o \u00e9 pr\u00e9-determinado, uma vez que elas s\u00e3o oriundas da desvincula\u00e7\u00e3o de alunos por determina\u00e7\u00e3o normativa, solicita\u00e7\u00e3o de transfer\u00eancia ou desist\u00eancia formal do curso. Para concorrer \u00e0s vagas remanescentes, os candidatos dever\u00e3o atender \u00e0s exig\u00eancias estabelecidas no Regimento Geral e nas Normas Gerais do Ensino da Gradua\u00e7\u00e3o da UFMG e se submeter a crit\u00e9rios seletivos estabelecidos pelos colegiados acad\u00eamicos de cada curso.<\/div>\n<div><\/div>\n<div><strong>Obten\u00e7\u00e3o de Novo T\u00edtulo<\/strong><\/div>\n<div>\u00c9 a oportunidade oferecida pela Universidade aos diplomados em curso superior reconhecido, independentemente de concurso vestibular, de se matricularem para um novo curso, em qualquer uma de suas \u00e1reas, sendo poss\u00edvel, a ju\u00edzo do Colegiado do Curso, o aproveitamento dos cr\u00e9ditos j\u00e1 obtidos.<\/div>\n<div><\/div>\n<div><strong>Rematr\u00edcula<\/strong><\/div>\n<div>\u00c9 a oportunidade que a UFMG d\u00e1 ao aluno exclu\u00eddo da Universidade, de retomar seus estudos, desde que tenha integralizado, no m\u00ednimo, 50% dos cr\u00e9ditos do curr\u00edculo pleno de seu curso, vigente \u00e0 \u00e9poca do pedido de rematr\u00edcula.<\/div>\n<div><\/div>\n<div><strong>Reop\u00e7\u00e3o<\/strong><\/div>\n<div>\u00c9 a oportunidade que a UFMG d\u00e1 aos alunos nela ingressos por concurso vestibular, de se transferirem de um curso para outro sem a necessidade de prestarem novo concurso vestibular. Todavia \u00e9 necess\u00e1rio que os interessados j\u00e1 tenham integralizado entre 35 e 75% dos cr\u00e9ditos de seu curso, observando que a reop\u00e7\u00e3o s\u00f3 \u00e9 concedida uma \u00fanica vez.<\/div>\n<div><\/div>\n<div><strong>Transfer\u00eancia Comum<\/strong><\/div>\n<div>Consiste na aceita\u00e7\u00e3o da matr\u00edcula de alunos oriundos de outras institui\u00e7\u00f5es de ensino superior, sendo necess\u00e1rio que haja a correspond\u00eancia ou afinidade do curso original do aluno com o curso pretendido na UFMG. Al\u00e9m disso, ele j\u00e1 deve ter integralizado 30 cr\u00e9ditos ou 450 horas em sua institui\u00e7\u00e3o de origem e ter ainda a cursar, na UFMG, pelo menos 45 cr\u00e9ditos.<\/div>\n<div>Mais informa\u00e7\u00f5es: DRCA &#8211; Departamento de Registro e Controle Acad\u00eamico<\/div>\n<div><\/div>\n<div><strong>Outras formas de ingresso<\/strong><\/div>\n<div>Al\u00e9m das formas de ingresso acima descritas, a UFMG ainda recebe em seus cursos, independentemente de vagas, alunos que se enquadrem em uma das seguintes situa\u00e7\u00f5es:<\/div>\n<div>Continuidade de estudos<\/div>\n<div>Permite que o aluno graduado pela UFMG em curso com mais de uma modalidade, habilita\u00e7\u00e3o e\/ou \u00eanfase, possa concluir outra modalidade, habilita\u00e7\u00e3o e\/ou \u00eanfase, de acordo com crit\u00e9rios estabelecidos pelo Colegiado de Curso, respeitado o tempo m\u00e1ximo de integraliza\u00e7\u00e3o do curso.<\/div>\n<div><\/div>\n<div><strong>Transfer\u00eancia Especial<\/strong><\/div>\n<div>Aceita\u00e7\u00e3o de matr\u00edcula de alunos oriundos de outras institui\u00e7\u00f5es de Ensino Superior, em condi\u00e7\u00f5es especiais, regidas por legisla\u00e7\u00e3o federal.<\/div>\n<div>Cabe ressaltar que, independentemente da forma de ingresso na Universidade, toda a vida acad\u00eamica dos alunos \u00e9 regida pelo Estatuto, Regimento Geral e Normas Gerais do Ensino de Gradua\u00e7\u00e3o. Atrav\u00e9s do Guia Acad\u00eamico, o estudante toma conhecimento de seus direitos e deveres como aluno e das oportunidades de crescimento que a UFMG lhe oferece durante sua perman\u00eancia na institui\u00e7\u00e3o.<\/div>\n<div>Mais informa\u00e7\u00f5es: DRCA &#8211; Departamento de Registro e Controle Acad\u00eamico.<\/div>\n<div><\/div>\n<div><strong>Disciplinas Isoladas ou Eletivas<\/strong><\/div>\n<div>Al\u00e9m disso, existem outras formas de se vincular a FO-UFMG atrav\u00e9s do curso de disciplinas isoladas ou eletivas, regidas por protocolos estabelecidos pelo Colegiado de Gradua\u00e7\u00e3o:<\/div>\n<div><\/div>\n<div><strong>Disciplina Isolada<\/strong><\/div>\n<div>Ser\u00e1 permitida a qualquer pessoa n\u00e3o pertencente ao corpo discente da UFMG, a matr\u00edcula em disciplinas isoladas integrantes dos curr\u00edculos dos cursos de gradua\u00e7\u00e3o e p\u00f3s-gradua\u00e7\u00e3o, para complementa\u00e7\u00e3o ou atualiza\u00e7\u00e3o de conhecimento.<\/div>\n<div><\/div>\n<div><strong>Disciplina Eletiva\/Gradua\u00e7\u00e3o<\/strong><\/div>\n<div>\u00c9 qualquer disciplina oferecida pela Universidade e que pode ou n\u00e3o estar inclu\u00edda na integraliza\u00e7\u00e3o do curso.<\/div>\n<div>Mais informa\u00e7\u00f5es: DRCA &#8211; Departamento de Registro e Controle Acad\u00eamico<\/div>\n<\/div><\/section>\n","protected":false},"excerpt":{"rendered":"","protected":false},"author":1,"featured_media":0,"parent":0,"menu_order":0,"comment_status":"closed","ping_status":"closed","template":"","meta":{"inline_featured_image":false,"footnotes":""},"class_list":["post-94","page","type-page","status-publish","hentry"],"yoast_head":"<!-- This site is optimized with the Yoast SEO plugin v27.3 - https:\/\/yoast.com\/product\/yoast-seo-wordpress\/ -->\n<title>Condi\u00e7\u00f5es de Oferta - Colegiado de Gradua\u00e7\u00e3o<\/title>\n<meta name=\"robots\" content=\"index, follow, max-snippet:-1, max-image-preview:large, max-video-preview:-1\" \/>\n<link rel=\"canonical\" href=\"https:\/\/www.odonto.ufmg.br\/colgrad\/condicoes-de-oferta\/\" \/>\n<meta property=\"og:locale\" content=\"pt_BR\" \/>\n<meta property=\"og:type\" content=\"article\" \/>\n<meta property=\"og:title\" content=\"Condi\u00e7\u00f5es de Oferta - Colegiado de Gradua\u00e7\u00e3o\" \/>\n<meta property=\"og:url\" content=\"https:\/\/www.odonto.ufmg.br\/colgrad\/condicoes-de-oferta\/\" \/>\n<meta property=\"og:site_name\" content=\"Colegiado de Gradua\u00e7\u00e3o\" \/>\n<meta property=\"article:modified_time\" content=\"2015-12-07T18:16:47+00:00\" \/>\n<meta name=\"twitter:card\" content=\"summary_large_image\" \/>\n<meta name=\"twitter:label1\" content=\"Est. tempo de leitura\" \/>\n\t<meta name=\"twitter:data1\" content=\"5 minutos\" \/>\n<script type=\"application\/ld+json\" class=\"yoast-schema-graph\">{\"@context\":\"https:\\\/\\\/schema.org\",\"@graph\":[{\"@type\":\"WebPage\",\"@id\":\"https:\\\/\\\/www.odonto.ufmg.br\\\/colgrad\\\/condicoes-de-oferta\\\/\",\"url\":\"https:\\\/\\\/www.odonto.ufmg.br\\\/colgrad\\\/condicoes-de-oferta\\\/\",\"name\":\"Condi\u00e7\u00f5es de Oferta - Colegiado de Gradua\u00e7\u00e3o\",\"isPartOf\":{\"@id\":\"https:\\\/\\\/www.odonto.ufmg.br\\\/colgrad\\\/#website\"},\"datePublished\":\"2015-12-07T18:09:29+00:00\",\"dateModified\":\"2015-12-07T18:16:47+00:00\",\"breadcrumb\":{\"@id\":\"https:\\\/\\\/www.odonto.ufmg.br\\\/colgrad\\\/condicoes-de-oferta\\\/#breadcrumb\"},\"inLanguage\":\"pt-BR\",\"potentialAction\":[{\"@type\":\"ReadAction\",\"target\":[\"https:\\\/\\\/www.odonto.ufmg.br\\\/colgrad\\\/condicoes-de-oferta\\\/\"]}]},{\"@type\":\"BreadcrumbList\",\"@id\":\"https:\\\/\\\/www.odonto.ufmg.br\\\/colgrad\\\/condicoes-de-oferta\\\/#breadcrumb\",\"itemListElement\":[{\"@type\":\"ListItem\",\"position\":1,\"name\":\"In\u00edcio\",\"item\":\"https:\\\/\\\/www.odonto.ufmg.br\\\/colgrad\\\/inicio\\\/\"},{\"@type\":\"ListItem\",\"position\":2,\"name\":\"Condi\u00e7\u00f5es de Oferta\"}]},{\"@type\":\"WebSite\",\"@id\":\"https:\\\/\\\/www.odonto.ufmg.br\\\/colgrad\\\/#website\",\"url\":\"https:\\\/\\\/www.odonto.ufmg.br\\\/colgrad\\\/\",\"name\":\"Colegiado de Gradua\u00e7\u00e3o\",\"description\":\"Faculdade de Odontologia UFMG\",\"potentialAction\":[{\"@type\":\"SearchAction\",\"target\":{\"@type\":\"EntryPoint\",\"urlTemplate\":\"https:\\\/\\\/www.odonto.ufmg.br\\\/colgrad\\\/?s={search_term_string}\"},\"query-input\":{\"@type\":\"PropertyValueSpecification\",\"valueRequired\":true,\"valueName\":\"search_term_string\"}}],\"inLanguage\":\"pt-BR\"}]}<\/script>\n<!-- \/ Yoast SEO plugin. -->","yoast_head_json":{"title":"Condi\u00e7\u00f5es de Oferta - Colegiado de Gradua\u00e7\u00e3o","robots":{"index":"index","follow":"follow","max-snippet":"max-snippet:-1","max-image-preview":"max-image-preview:large","max-video-preview":"max-video-preview:-1"},"canonical":"https:\/\/www.odonto.ufmg.br\/colgrad\/condicoes-de-oferta\/","og_locale":"pt_BR","og_type":"article","og_title":"Condi\u00e7\u00f5es de Oferta - Colegiado de Gradua\u00e7\u00e3o","og_url":"https:\/\/www.odonto.ufmg.br\/colgrad\/condicoes-de-oferta\/","og_site_name":"Colegiado de Gradua\u00e7\u00e3o","article_modified_time":"2015-12-07T18:16:47+00:00","twitter_card":"summary_large_image","twitter_misc":{"Est. tempo de leitura":"5 minutos"},"schema":{"@context":"https:\/\/schema.org","@graph":[{"@type":"WebPage","@id":"https:\/\/www.odonto.ufmg.br\/colgrad\/condicoes-de-oferta\/","url":"https:\/\/www.odonto.ufmg.br\/colgrad\/condicoes-de-oferta\/","name":"Condi\u00e7\u00f5es de Oferta - Colegiado de Gradua\u00e7\u00e3o","isPartOf":{"@id":"https:\/\/www.odonto.ufmg.br\/colgrad\/#website"},"datePublished":"2015-12-07T18:09:29+00:00","dateModified":"2015-12-07T18:16:47+00:00","breadcrumb":{"@id":"https:\/\/www.odonto.ufmg.br\/colgrad\/condicoes-de-oferta\/#breadcrumb"},"inLanguage":"pt-BR","potentialAction":[{"@type":"ReadAction","target":["https:\/\/www.odonto.ufmg.br\/colgrad\/condicoes-de-oferta\/"]}]},{"@type":"BreadcrumbList","@id":"https:\/\/www.odonto.ufmg.br\/colgrad\/condicoes-de-oferta\/#breadcrumb","itemListElement":[{"@type":"ListItem","position":1,"name":"In\u00edcio","item":"https:\/\/www.odonto.ufmg.br\/colgrad\/inicio\/"},{"@type":"ListItem","position":2,"name":"Condi\u00e7\u00f5es de Oferta"}]},{"@type":"WebSite","@id":"https:\/\/www.odonto.ufmg.br\/colgrad\/#website","url":"https:\/\/www.odonto.ufmg.br\/colgrad\/","name":"Colegiado de Gradua\u00e7\u00e3o","description":"Faculdade de Odontologia UFMG","potentialAction":[{"@type":"SearchAction","target":{"@type":"EntryPoint","urlTemplate":"https:\/\/www.odonto.ufmg.br\/colgrad\/?s={search_term_string}"},"query-input":{"@type":"PropertyValueSpecification","valueRequired":true,"valueName":"search_term_string"}}],"inLanguage":"pt-BR"}]}},"_links":{"self":[{"href":"https:\/\/www.odonto.ufmg.br\/colgrad\/wp-json\/wp\/v2\/pages\/94","targetHints":{"allow":["GET"]}}],"collection":[{"href":"https:\/\/www.odonto.ufmg.br\/colgrad\/wp-json\/wp\/v2\/pages"}],"about":[{"href":"https:\/\/www.odonto.ufmg.br\/colgrad\/wp-json\/wp\/v2\/types\/page"}],"author":[{"embeddable":true,"href":"https:\/\/www.odonto.ufmg.br\/colgrad\/wp-json\/wp\/v2\/users\/1"}],"replies":[{"embeddable":true,"href":"https:\/\/www.odonto.ufmg.br\/colgrad\/wp-json\/wp\/v2\/comments?post=94"}],"version-history":[{"count":7,"href":"https:\/\/www.odonto.ufmg.br\/colgrad\/wp-json\/wp\/v2\/pages\/94\/revisions"}],"predecessor-version":[{"id":102,"href":"https:\/\/www.odonto.ufmg.br\/colgrad\/wp-json\/wp\/v2\/pages\/94\/revisions\/102"}],"wp:attachment":[{"href":"https:\/\/www.odonto.ufmg.br\/colgrad\/wp-json\/wp\/v2\/media?parent=94"}],"curies":[{"name":"wp","href":"https:\/\/api.w.org\/{rel}","templated":true}]}}