{"id":75,"date":"2015-12-07T15:52:20","date_gmt":"2015-12-07T17:52:20","guid":{"rendered":"http:\/\/www.odonto.ufmg.br\/colgrad\/?page_id=75"},"modified":"2015-12-07T16:07:01","modified_gmt":"2015-12-07T18:07:01","slug":"departamentos-envolvidos","status":"publish","type":"page","link":"https:\/\/www.odonto.ufmg.br\/colgrad\/departamentos-envolvidos\/","title":{"rendered":"Departamentos envolvidos"},"content":{"rendered":"\n<style type=\"text\/css\" data-created_by=\"avia_inline_auto\" id=\"style-css-av-av_one_full-9497bbf8bff73ea4c6992cc17fa9ec36\">\n.flex_column.av-av_one_full-9497bbf8bff73ea4c6992cc17fa9ec36{\nborder-radius:0px 0px 0px 0px;\npadding:0px 0px 0px 0px;\n}\n<\/style>\n<div  class='flex_column av-av_one_full-9497bbf8bff73ea4c6992cc17fa9ec36 av_one_full  avia-builder-el-0  avia-builder-el-no-sibling  first flex_column_div av-zero-column-padding  '     ><p>\n<style type=\"text\/css\" data-created_by=\"avia_inline_auto\" id=\"style-css-av-av_heading-0def2a1a1bf8dfef5cc7a338a8ce51c8\">\n#top .av-special-heading.av-av_heading-0def2a1a1bf8dfef5cc7a338a8ce51c8{\npadding-bottom:10px;\n}\nbody .av-special-heading.av-av_heading-0def2a1a1bf8dfef5cc7a338a8ce51c8 .av-special-heading-tag .heading-char{\nfont-size:25px;\n}\n.av-special-heading.av-av_heading-0def2a1a1bf8dfef5cc7a338a8ce51c8 .av-subheading{\nfont-size:15px;\n}\n<\/style>\n<div  class='av-special-heading av-av_heading-0def2a1a1bf8dfef5cc7a338a8ce51c8 av-special-heading-h1 blockquote modern-quote modern-centered  avia-builder-el-1  el_before_av_hr  avia-builder-el-first '><h1 class='av-special-heading-tag '  itemprop=\"headline\"  >Departamentos envolvidos<\/h1><div class=\"special-heading-border\"><div class=\"special-heading-inner-border\"><\/div><\/div><\/div><br \/>\n<div  class='hr av-av_hr-dcd2069817a0e3d34ae04cad8f3443c7 hr-default  avia-builder-el-2  el_after_av_heading  el_before_av_textblock '><span class='hr-inner '><span class=\"hr-inner-style\"><\/span><\/span><\/div><br \/>\n<section  class='av_textblock_section av-av_textblock-0366cc7376be6c9e82a3e9cc8987b64f '   itemscope=\"itemscope\" itemtype=\"https:\/\/schema.org\/CreativeWork\" ><div class='avia_textblock'  itemprop=\"text\" ><table>\n<tbody>\n<tr>\n<th colspan=\"1\" rowspan=\"2\"><center>Sigla<\/center><\/th>\n<th colspan=\"1\" rowspan=\"2\"><center>Denomina\u00e7\u00e3o<\/center><\/th>\n<th colspan=\"2\" rowspan=\"1\"><center>Particiapa\u00e7\u00e3o no curso<\/center><\/th>\n<\/tr>\n<tr>\n<th><center>Carga hor\u00e1ria<br \/>\nobrigat\u00f3ria<br \/>\n(em%)<\/center><\/th>\n<th><center>Num. de disciplinas<br \/>\noptativas<\/center><\/th>\n<\/tr>\n<tr>\n<td><center>BIG<\/center><\/td>\n<td>Biologia Geral<\/td>\n<td><center>2<\/center><\/td>\n<td><center>&#8211;<\/center><\/td>\n<\/tr>\n<tr>\n<td><center>BIQ<\/center><\/td>\n<td>Bioqu\u00edmica e Imunologia<\/td>\n<td><center>4<\/center><\/td>\n<td><center>&#8211;<\/center><\/td>\n<\/tr>\n<tr>\n<td><center>CPC<\/center><\/td>\n<td>Cl\u00ednica, Patologia e Cirurgia Odontol\u00f3gica<\/td>\n<td><center>18<\/center><\/td>\n<td><center>4<\/center><\/td>\n<\/tr>\n<tr>\n<td colspan=\"1\"><\/td>\n<td colspan=\"1\">Disciplinas Interdepartamentais<\/td>\n<td colspan=\"1\"><center>&#8211;\u00a0<\/center><\/td>\n<td colspan=\"1\"><center>12<\/center><\/td>\n<\/tr>\n<tr>\n<td><center>EFI<\/center><\/td>\n<td>Educa\u00e7\u00e3o F\u00edsica<\/td>\n<td><center>&#8211;<\/center><\/td>\n<td><center>2<\/center><\/td>\n<\/tr>\n<tr>\n<td><center>FAR<\/center><\/td>\n<td>Farmacologia<\/td>\n<td><center>3<\/center><\/td>\n<td><center>&#8211;<\/center><\/td>\n<\/tr>\n<tr>\n<td><center>FIB<\/center><\/td>\n<td>Fisiologia e Biof\u00edsica<\/td>\n<td><center>4<\/center><\/td>\n<td><center>&#8211;<\/center><\/td>\n<\/tr>\n<tr>\n<td><center>MIC<\/center><\/td>\n<td>Microbiologia<\/td>\n<td><center>3<\/center><\/td>\n<td><center>&#8211;<\/center><\/td>\n<\/tr>\n<tr>\n<td><center>MOF<\/center><\/td>\n<td>Morfologia<\/td>\n<td><center>12<\/center><\/td>\n<td><center>&#8211;<\/center><\/td>\n<\/tr>\n<tr>\n<td><center>OSP<\/center><\/td>\n<td>Odontologia Social e Preventiva<\/td>\n<td><center>17<\/center><\/td>\n<td><center>3<\/center><\/td>\n<\/tr>\n<tr>\n<td><center>ODR<\/center><\/td>\n<td>Odontologia Restauradora<\/td>\n<td><center>28<\/center><\/td>\n<td><center>5<\/center><\/td>\n<\/tr>\n<tr>\n<td><center>OPO<\/center><\/td>\n<td>Odontopediatria e Ortodontia<\/td>\n<td><center>6<\/center><\/td>\n<td><center>2<\/center><\/td>\n<\/tr>\n<tr>\n<td><center>PAG<\/center><\/td>\n<td>Patologia Geral<\/td>\n<td><center>3<\/center><\/td>\n<td><center>&#8211;<\/center><\/td>\n<\/tr>\n<\/tbody>\n<\/table>\n<\/div><\/section><\/p><\/div>\n","protected":false},"excerpt":{"rendered":"","protected":false},"author":1,"featured_media":0,"parent":0,"menu_order":0,"comment_status":"closed","ping_status":"closed","template":"","meta":{"inline_featured_image":false,"footnotes":""},"class_list":["post-75","page","type-page","status-publish","hentry"],"yoast_head":"<!-- This site is optimized with the Yoast SEO plugin v27.5 - https:\/\/yoast.com\/product\/yoast-seo-wordpress\/ -->\n<title>Departamentos envolvidos - Colegiado de Gradua\u00e7\u00e3o<\/title>\n<meta name=\"robots\" content=\"index, follow, max-snippet:-1, max-image-preview:large, max-video-preview:-1\" \/>\n<link rel=\"canonical\" href=\"https:\/\/www.odonto.ufmg.br\/colgrad\/departamentos-envolvidos\/\" \/>\n<meta property=\"og:locale\" content=\"pt_BR\" \/>\n<meta property=\"og:type\" content=\"article\" \/>\n<meta property=\"og:title\" content=\"Departamentos envolvidos - Colegiado de Gradua\u00e7\u00e3o\" \/>\n<meta property=\"og:url\" content=\"https:\/\/www.odonto.ufmg.br\/colgrad\/departamentos-envolvidos\/\" \/>\n<meta property=\"og:site_name\" content=\"Colegiado de Gradua\u00e7\u00e3o\" \/>\n<meta property=\"article:modified_time\" content=\"2015-12-07T18:07:01+00:00\" \/>\n<meta name=\"twitter:card\" content=\"summary_large_image\" \/>\n<meta name=\"twitter:label1\" content=\"Est. tempo de leitura\" \/>\n\t<meta name=\"twitter:data1\" content=\"1 minuto\" \/>\n<script type=\"application\/ld+json\" class=\"yoast-schema-graph\">{\"@context\":\"https:\\\/\\\/schema.org\",\"@graph\":[{\"@type\":\"WebPage\",\"@id\":\"https:\\\/\\\/www.odonto.ufmg.br\\\/colgrad\\\/departamentos-envolvidos\\\/\",\"url\":\"https:\\\/\\\/www.odonto.ufmg.br\\\/colgrad\\\/departamentos-envolvidos\\\/\",\"name\":\"Departamentos envolvidos - Colegiado de Gradua\u00e7\u00e3o\",\"isPartOf\":{\"@id\":\"https:\\\/\\\/www.odonto.ufmg.br\\\/colgrad\\\/#website\"},\"datePublished\":\"2015-12-07T17:52:20+00:00\",\"dateModified\":\"2015-12-07T18:07:01+00:00\",\"breadcrumb\":{\"@id\":\"https:\\\/\\\/www.odonto.ufmg.br\\\/colgrad\\\/departamentos-envolvidos\\\/#breadcrumb\"},\"inLanguage\":\"pt-BR\",\"potentialAction\":[{\"@type\":\"ReadAction\",\"target\":[\"https:\\\/\\\/www.odonto.ufmg.br\\\/colgrad\\\/departamentos-envolvidos\\\/\"]}]},{\"@type\":\"BreadcrumbList\",\"@id\":\"https:\\\/\\\/www.odonto.ufmg.br\\\/colgrad\\\/departamentos-envolvidos\\\/#breadcrumb\",\"itemListElement\":[{\"@type\":\"ListItem\",\"position\":1,\"name\":\"In\u00edcio\",\"item\":\"https:\\\/\\\/www.odonto.ufmg.br\\\/colgrad\\\/inicio\\\/\"},{\"@type\":\"ListItem\",\"position\":2,\"name\":\"Departamentos envolvidos\"}]},{\"@type\":\"WebSite\",\"@id\":\"https:\\\/\\\/www.odonto.ufmg.br\\\/colgrad\\\/#website\",\"url\":\"https:\\\/\\\/www.odonto.ufmg.br\\\/colgrad\\\/\",\"name\":\"Colegiado de Gradua\u00e7\u00e3o\",\"description\":\"Faculdade de Odontologia UFMG\",\"potentialAction\":[{\"@type\":\"SearchAction\",\"target\":{\"@type\":\"EntryPoint\",\"urlTemplate\":\"https:\\\/\\\/www.odonto.ufmg.br\\\/colgrad\\\/?s={search_term_string}\"},\"query-input\":{\"@type\":\"PropertyValueSpecification\",\"valueRequired\":true,\"valueName\":\"search_term_string\"}}],\"inLanguage\":\"pt-BR\"}]}<\/script>\n<!-- \/ Yoast SEO plugin. -->","yoast_head_json":{"title":"Departamentos envolvidos - Colegiado de Gradua\u00e7\u00e3o","robots":{"index":"index","follow":"follow","max-snippet":"max-snippet:-1","max-image-preview":"max-image-preview:large","max-video-preview":"max-video-preview:-1"},"canonical":"https:\/\/www.odonto.ufmg.br\/colgrad\/departamentos-envolvidos\/","og_locale":"pt_BR","og_type":"article","og_title":"Departamentos envolvidos - Colegiado de Gradua\u00e7\u00e3o","og_url":"https:\/\/www.odonto.ufmg.br\/colgrad\/departamentos-envolvidos\/","og_site_name":"Colegiado de Gradua\u00e7\u00e3o","article_modified_time":"2015-12-07T18:07:01+00:00","twitter_card":"summary_large_image","twitter_misc":{"Est. tempo de leitura":"1 minuto"},"schema":{"@context":"https:\/\/schema.org","@graph":[{"@type":"WebPage","@id":"https:\/\/www.odonto.ufmg.br\/colgrad\/departamentos-envolvidos\/","url":"https:\/\/www.odonto.ufmg.br\/colgrad\/departamentos-envolvidos\/","name":"Departamentos envolvidos - Colegiado de Gradua\u00e7\u00e3o","isPartOf":{"@id":"https:\/\/www.odonto.ufmg.br\/colgrad\/#website"},"datePublished":"2015-12-07T17:52:20+00:00","dateModified":"2015-12-07T18:07:01+00:00","breadcrumb":{"@id":"https:\/\/www.odonto.ufmg.br\/colgrad\/departamentos-envolvidos\/#breadcrumb"},"inLanguage":"pt-BR","potentialAction":[{"@type":"ReadAction","target":["https:\/\/www.odonto.ufmg.br\/colgrad\/departamentos-envolvidos\/"]}]},{"@type":"BreadcrumbList","@id":"https:\/\/www.odonto.ufmg.br\/colgrad\/departamentos-envolvidos\/#breadcrumb","itemListElement":[{"@type":"ListItem","position":1,"name":"In\u00edcio","item":"https:\/\/www.odonto.ufmg.br\/colgrad\/inicio\/"},{"@type":"ListItem","position":2,"name":"Departamentos envolvidos"}]},{"@type":"WebSite","@id":"https:\/\/www.odonto.ufmg.br\/colgrad\/#website","url":"https:\/\/www.odonto.ufmg.br\/colgrad\/","name":"Colegiado de Gradua\u00e7\u00e3o","description":"Faculdade de Odontologia UFMG","potentialAction":[{"@type":"SearchAction","target":{"@type":"EntryPoint","urlTemplate":"https:\/\/www.odonto.ufmg.br\/colgrad\/?s={search_term_string}"},"query-input":{"@type":"PropertyValueSpecification","valueRequired":true,"valueName":"search_term_string"}}],"inLanguage":"pt-BR"}]}},"_links":{"self":[{"href":"https:\/\/www.odonto.ufmg.br\/colgrad\/wp-json\/wp\/v2\/pages\/75","targetHints":{"allow":["GET"]}}],"collection":[{"href":"https:\/\/www.odonto.ufmg.br\/colgrad\/wp-json\/wp\/v2\/pages"}],"about":[{"href":"https:\/\/www.odonto.ufmg.br\/colgrad\/wp-json\/wp\/v2\/types\/page"}],"author":[{"embeddable":true,"href":"https:\/\/www.odonto.ufmg.br\/colgrad\/wp-json\/wp\/v2\/users\/1"}],"replies":[{"embeddable":true,"href":"https:\/\/www.odonto.ufmg.br\/colgrad\/wp-json\/wp\/v2\/comments?post=75"}],"version-history":[{"count":7,"href":"https:\/\/www.odonto.ufmg.br\/colgrad\/wp-json\/wp\/v2\/pages\/75\/revisions"}],"predecessor-version":[{"id":93,"href":"https:\/\/www.odonto.ufmg.br\/colgrad\/wp-json\/wp\/v2\/pages\/75\/revisions\/93"}],"wp:attachment":[{"href":"https:\/\/www.odonto.ufmg.br\/colgrad\/wp-json\/wp\/v2\/media?parent=75"}],"curies":[{"name":"wp","href":"https:\/\/api.w.org\/{rel}","templated":true}]}}