{"id":68,"date":"2015-12-07T15:41:48","date_gmt":"2015-12-07T17:41:48","guid":{"rendered":"http:\/\/www.odonto.ufmg.br\/colgrad\/?page_id=68"},"modified":"2024-06-12T12:54:37","modified_gmt":"2024-06-12T15:54:37","slug":"planos-de-ensino","status":"publish","type":"page","link":"https:\/\/www.odonto.ufmg.br\/colgrad\/planos-de-ensino\/","title":{"rendered":"Planos de Ensino"},"content":{"rendered":"<section  class='av_textblock_section av-kt8x81rv-a0cfae001b944e628a20c30c4f6af454 '   itemscope=\"itemscope\" itemtype=\"https:\/\/schema.org\/CreativeWork\" ><div class='avia_textblock'  itemprop=\"text\" ><h1 style=\"text-align: center\"><span style=\"color: #831d1c\">PLANOS DE ENSINO<\/span><\/h1>\n<\/div><\/section>\n<div  class='hr av-7qgl8-48dad62868029c4193a4d3e0b23d3d37 hr-default  avia-builder-el-1  el_after_av_textblock  el_before_av_one_third '><span class='hr-inner '><span class=\"hr-inner-style\"><\/span><\/span><\/div>\n\n<style type=\"text\/css\" data-created_by=\"avia_inline_auto\" id=\"style-css-av-6yf0s-b806b17bb65f7f509b86b4e2c39777e8\">\n.flex_column.av-6yf0s-b806b17bb65f7f509b86b4e2c39777e8{\nborder-radius:0px 0px 0px 0px;\npadding:0px 0px 0px 0px;\n}\n<\/style>\n<div  class='flex_column av-6yf0s-b806b17bb65f7f509b86b4e2c39777e8 av_one_third  avia-builder-el-2  el_after_av_hr  el_before_av_one_third  first flex_column_div av-zero-column-padding  '     ><article  class='iconbox iconbox_left av-6e738-1b9de3b9dcd4021bdabd856d54c9ac3a  avia-builder-el-3  avia-builder-el-no-sibling '  itemscope=\"itemscope\" itemtype=\"https:\/\/schema.org\/CreativeWork\" ><div class=\"iconbox_content\"><header class=\"entry-content-header\" aria-label=\"Icon: VERS\u00c3O CURRICULAR 2013\/2\"><a href='http:\/\/www.odonto.ufmg.br\/colgrad\/wp-content\/uploads\/sites\/3\/2021\/08\/VersaoCurricular2013-2-Autenticada.pdf' title='VERS\u00c3O CURRICULAR 2013\/2' aria-label='VERS\u00c3O CURRICULAR 2013\/2'  target=\"_blank\"  rel=\"noopener noreferrer\" class='iconbox_icon heading-color avia-iconfont avia-font-entypo-fontello' data-av_icon='\ue84c' data-av_iconfont='entypo-fontello' title=\"VERS\u00c3O CURRICULAR 2013\/2\" desc=\"VERS\u00c3O CURRICULAR 2013\/2\" ><\/a><h3 class='iconbox_content_title '  itemprop=\"headline\" ><a href='http:\/\/www.odonto.ufmg.br\/colgrad\/wp-content\/uploads\/sites\/3\/2021\/08\/VersaoCurricular2013-2-Autenticada.pdf' title='VERS\u00c3O CURRICULAR 2013\/2'  target=\"_blank\"  rel=\"noopener noreferrer\">VERS\u00c3O CURRICULAR 2013\/2<\/a><\/h3><\/header><div class='iconbox_content_container '  itemprop=\"text\" ><p>Clique para abrir em nova janela!<\/p>\n<\/div><\/div><footer class=\"entry-footer\"><\/footer><\/article><\/div>\n\n<style type=\"text\/css\" data-created_by=\"avia_inline_auto\" id=\"style-css-av-5vjbw-a6b8962313273ec0e8a01ed215cb48cb\">\n.flex_column.av-5vjbw-a6b8962313273ec0e8a01ed215cb48cb{\nborder-radius:0px 0px 0px 0px;\npadding:0px 0px 0px 0px;\n}\n<\/style>\n<div  class='flex_column av-5vjbw-a6b8962313273ec0e8a01ed215cb48cb av_one_third  avia-builder-el-4  el_after_av_one_third  el_before_av_one_third  flex_column_div av-zero-column-padding  '     ><article  class='iconbox iconbox_left av-5cbqo-51871f14ef80d17d795d8325e8d902d1  avia-builder-el-5  avia-builder-el-no-sibling '  itemscope=\"itemscope\" itemtype=\"https:\/\/schema.org\/CreativeWork\" ><div class=\"iconbox_content\"><header class=\"entry-content-header\" aria-label=\"Icon: VERS\u00c3O CURRICULAR 2001\/1\"><a href='http:\/\/www.odonto.ufmg.br\/colgrad\/wp-content\/uploads\/sites\/3\/2021\/08\/VersaoCurricular2001-1-Autenticada.pdf' title='VERS\u00c3O CURRICULAR 2001\/1' aria-label='VERS\u00c3O CURRICULAR 2001\/1'  target=\"_blank\"  rel=\"noopener noreferrer\" class='iconbox_icon heading-color avia-iconfont avia-font-entypo-fontello' data-av_icon='\ue84b' data-av_iconfont='entypo-fontello' title=\"VERS\u00c3O CURRICULAR 2001\/1\" desc=\"VERS\u00c3O CURRICULAR 2001\/1\" ><\/a><h3 class='iconbox_content_title '  itemprop=\"headline\" ><a href='http:\/\/www.odonto.ufmg.br\/colgrad\/wp-content\/uploads\/sites\/3\/2021\/08\/VersaoCurricular2001-1-Autenticada.pdf' title='VERS\u00c3O CURRICULAR 2001\/1'  target=\"_blank\"  rel=\"noopener noreferrer\">VERS\u00c3O CURRICULAR 2001\/1<\/a><\/h3><\/header><div class='iconbox_content_container '  itemprop=\"text\" ><p>Clique para abrir em nova janela!<\/p>\n<\/div><\/div><footer class=\"entry-footer\"><\/footer><\/article><\/div>\n\n<style type=\"text\/css\" data-created_by=\"avia_inline_auto\" id=\"style-css-av-4eo8s-9174ab9e5918a946aa6c7d13141f842e\">\n.flex_column.av-4eo8s-9174ab9e5918a946aa6c7d13141f842e{\nborder-radius:0px 0px 0px 0px;\npadding:0px 0px 0px 0px;\n}\n<\/style>\n<div  class='flex_column av-4eo8s-9174ab9e5918a946aa6c7d13141f842e av_one_third  avia-builder-el-6  el_after_av_one_third  el_before_av_hr  flex_column_div av-zero-column-padding  '     ><section  class='av_textblock_section av-3oujc-9deb58449286abd468962fab91d3d3fb '   itemscope=\"itemscope\" itemtype=\"https:\/\/schema.org\/CreativeWork\" ><div class='avia_textblock'  itemprop=\"text\" ><p style=\"text-align: center\">Alguma d\u00favida? Entre em contato conosco!<\/p>\n<\/div><\/section><br \/>\n<div  class='avia-button-wrap av-15y8-338a6d8fe76d1ca4c60beb15b1db9598-wrap avia-button-center  avia-builder-el-8  el_after_av_textblock  avia-builder-el-last '><a href='https:\/\/www.odonto.ufmg.br\/colgrad\/contato\/'  class='avia-button av-15y8-338a6d8fe76d1ca4c60beb15b1db9598 av-link-btn avia-icon_select-yes-left-icon avia-size-medium avia-position-center avia-color-theme-color'   aria-label=\"CONTATO\"><span class='avia_button_icon avia_button_icon_left avia-iconfont avia-font-entypo-fontello' data-av_icon='\ue805' data-av_iconfont='entypo-fontello' ><\/span><span class='avia_iconbox_title' >CONTATO<\/span><\/a><\/div><\/p><\/div>\n<div  class='hr av-2tqxs-7a55a70a797675a15b2d243a934fb878 hr-default  avia-builder-el-9  el_after_av_one_third  el_before_av_textblock '><span class='hr-inner '><span class=\"hr-inner-style\"><\/span><\/span><\/div>\n<section  class='av_textblock_section av-124ns-fb284f37d0d5b18ea2a110132cc00904 '   itemscope=\"itemscope\" itemtype=\"https:\/\/schema.org\/CreativeWork\" ><div class='avia_textblock'  itemprop=\"text\" ><h1 style=\"text-align: center\"><span style=\"color: #831d1c\">QUADRO DE INTEGRALIZA\u00c7\u00c3O CURRICULAR<\/span><\/h1>\n<\/div><\/section>\n<section  class='av_textblock_section av-13ypk-b9caa61ea9c62b7e86a50c4ae3b8250a '   itemscope=\"itemscope\" itemtype=\"https:\/\/schema.org\/CreativeWork\" ><div class='avia_textblock'  itemprop=\"text\" ><table width=\"389\">\n<tbody>\n<tr>\n<td rowspan=\"3\" width=\"176\">Semestres<\/td>\n<td width=\"121\">M\u00ednimo<\/td>\n<td style=\"text-align: center\" width=\"92\">10<\/td>\n<\/tr>\n<tr>\n<td>Padr\u00e3o<\/td>\n<td style=\"text-align: center\">10<\/td>\n<\/tr>\n<tr>\n<td>M\u00e1ximo<\/td>\n<td style=\"text-align: center\">17<\/td>\n<\/tr>\n<tr>\n<td rowspan=\"2\" width=\"176\">Carga hor\u00e1ria de matr\u00edcula por semestre<\/td>\n<td>M\u00ednima<\/td>\n<td style=\"text-align: center\">240<\/td>\n<\/tr>\n<tr>\n<td>M\u00e1xima<\/td>\n<td style=\"text-align: center\">&#8211;<\/td>\n<\/tr>\n<tr>\n<td rowspan=\"2\" width=\"176\">Carga hor\u00e1ria em atividades obrigat\u00f3rias<\/td>\n<td>M\u00ednima<\/td>\n<td style=\"text-align: center\">2550<\/td>\n<\/tr>\n<tr>\n<td>M\u00e1xima<\/td>\n<td style=\"text-align: center\">2550<\/td>\n<\/tr>\n<tr>\n<td rowspan=\"2\" width=\"176\">Carga hor\u00e1ria em atividades optativas<\/td>\n<td>M\u00ednima<\/td>\n<td style=\"text-align: center\">630<\/td>\n<\/tr>\n<tr>\n<td>M\u00e1xima<\/td>\n<td style=\"text-align: center\">630<\/td>\n<\/tr>\n<tr>\n<td rowspan=\"2\" width=\"176\">Carga hor\u00e1ria em est\u00e1gio obrigat\u00f3rio<\/td>\n<td>M\u00ednima<\/td>\n<td style=\"text-align: center\">825<\/td>\n<\/tr>\n<tr>\n<td>M\u00e1xima<\/td>\n<td style=\"text-align: center\">825<\/td>\n<\/tr>\n<tr>\n<td rowspan=\"2\" width=\"176\">Carga hor\u00e1ria em atividades de forma\u00e7\u00e3o complementar preestabelecida<\/td>\n<td>M\u00ednima<\/td>\n<td style=\"text-align: center\">0<\/td>\n<\/tr>\n<tr>\n<td>M\u00e1xima<\/td>\n<td style=\"text-align: center\">0<\/td>\n<\/tr>\n<tr>\n<td rowspan=\"2\" width=\"176\">Carga hor\u00e1ria em atividades de forma\u00e7\u00e3o complementar aberta<\/td>\n<td>M\u00ednima<\/td>\n<td style=\"text-align: center\">0<\/td>\n<\/tr>\n<tr>\n<td>M\u00e1xima<\/td>\n<td style=\"text-align: center\">0<\/td>\n<\/tr>\n<tr>\n<td rowspan=\"2\" width=\"176\">Carga hor\u00e1ria em atividades de forma\u00e7\u00e3o livre<\/td>\n<td>M\u00ednima<\/td>\n<td style=\"text-align: center\">45<\/td>\n<\/tr>\n<tr>\n<td>M\u00e1xima<\/td>\n<td style=\"text-align: center\">45<\/td>\n<\/tr>\n<tr>\n<td rowspan=\"2\" width=\"176\">Total (Carga hor\u00e1ria m\u00ednima para integraliza\u00e7\u00e3o)<\/td>\n<td style=\"text-align: center\" colspan=\"2\" rowspan=\"2\">4050<\/td>\n<\/tr>\n<\/tbody>\n<\/table>\n<\/div><\/section>\n","protected":false},"excerpt":{"rendered":"","protected":false},"author":1,"featured_media":0,"parent":0,"menu_order":0,"comment_status":"closed","ping_status":"closed","template":"","meta":{"inline_featured_image":false,"footnotes":""},"class_list":["post-68","page","type-page","status-publish","hentry"],"yoast_head":"<!-- This site is optimized with the Yoast SEO plugin v27.3 - https:\/\/yoast.com\/product\/yoast-seo-wordpress\/ -->\n<title>Planos de Ensino - Colegiado de Gradua\u00e7\u00e3o<\/title>\n<meta name=\"robots\" content=\"index, follow, max-snippet:-1, max-image-preview:large, max-video-preview:-1\" \/>\n<link rel=\"canonical\" href=\"https:\/\/www.odonto.ufmg.br\/colgrad\/planos-de-ensino\/\" \/>\n<meta property=\"og:locale\" content=\"pt_BR\" \/>\n<meta property=\"og:type\" content=\"article\" \/>\n<meta property=\"og:title\" content=\"Planos de Ensino - Colegiado de Gradua\u00e7\u00e3o\" \/>\n<meta property=\"og:url\" content=\"https:\/\/www.odonto.ufmg.br\/colgrad\/planos-de-ensino\/\" \/>\n<meta property=\"og:site_name\" content=\"Colegiado de Gradua\u00e7\u00e3o\" \/>\n<meta property=\"article:modified_time\" content=\"2024-06-12T15:54:37+00:00\" \/>\n<meta name=\"twitter:card\" content=\"summary_large_image\" \/>\n<meta name=\"twitter:label1\" content=\"Est. tempo de leitura\" \/>\n\t<meta name=\"twitter:data1\" content=\"1 minuto\" \/>\n<script type=\"application\/ld+json\" class=\"yoast-schema-graph\">{\"@context\":\"https:\\\/\\\/schema.org\",\"@graph\":[{\"@type\":\"WebPage\",\"@id\":\"https:\\\/\\\/www.odonto.ufmg.br\\\/colgrad\\\/planos-de-ensino\\\/\",\"url\":\"https:\\\/\\\/www.odonto.ufmg.br\\\/colgrad\\\/planos-de-ensino\\\/\",\"name\":\"Planos de Ensino - Colegiado de Gradua\u00e7\u00e3o\",\"isPartOf\":{\"@id\":\"https:\\\/\\\/www.odonto.ufmg.br\\\/colgrad\\\/#website\"},\"datePublished\":\"2015-12-07T17:41:48+00:00\",\"dateModified\":\"2024-06-12T15:54:37+00:00\",\"breadcrumb\":{\"@id\":\"https:\\\/\\\/www.odonto.ufmg.br\\\/colgrad\\\/planos-de-ensino\\\/#breadcrumb\"},\"inLanguage\":\"pt-BR\",\"potentialAction\":[{\"@type\":\"ReadAction\",\"target\":[\"https:\\\/\\\/www.odonto.ufmg.br\\\/colgrad\\\/planos-de-ensino\\\/\"]}]},{\"@type\":\"BreadcrumbList\",\"@id\":\"https:\\\/\\\/www.odonto.ufmg.br\\\/colgrad\\\/planos-de-ensino\\\/#breadcrumb\",\"itemListElement\":[{\"@type\":\"ListItem\",\"position\":1,\"name\":\"In\u00edcio\",\"item\":\"https:\\\/\\\/www.odonto.ufmg.br\\\/colgrad\\\/inicio\\\/\"},{\"@type\":\"ListItem\",\"position\":2,\"name\":\"Planos de Ensino\"}]},{\"@type\":\"WebSite\",\"@id\":\"https:\\\/\\\/www.odonto.ufmg.br\\\/colgrad\\\/#website\",\"url\":\"https:\\\/\\\/www.odonto.ufmg.br\\\/colgrad\\\/\",\"name\":\"Colegiado de Gradua\u00e7\u00e3o\",\"description\":\"Faculdade de Odontologia UFMG\",\"potentialAction\":[{\"@type\":\"SearchAction\",\"target\":{\"@type\":\"EntryPoint\",\"urlTemplate\":\"https:\\\/\\\/www.odonto.ufmg.br\\\/colgrad\\\/?s={search_term_string}\"},\"query-input\":{\"@type\":\"PropertyValueSpecification\",\"valueRequired\":true,\"valueName\":\"search_term_string\"}}],\"inLanguage\":\"pt-BR\"}]}<\/script>\n<!-- \/ Yoast SEO plugin. -->","yoast_head_json":{"title":"Planos de Ensino - Colegiado de Gradua\u00e7\u00e3o","robots":{"index":"index","follow":"follow","max-snippet":"max-snippet:-1","max-image-preview":"max-image-preview:large","max-video-preview":"max-video-preview:-1"},"canonical":"https:\/\/www.odonto.ufmg.br\/colgrad\/planos-de-ensino\/","og_locale":"pt_BR","og_type":"article","og_title":"Planos de Ensino - Colegiado de Gradua\u00e7\u00e3o","og_url":"https:\/\/www.odonto.ufmg.br\/colgrad\/planos-de-ensino\/","og_site_name":"Colegiado de Gradua\u00e7\u00e3o","article_modified_time":"2024-06-12T15:54:37+00:00","twitter_card":"summary_large_image","twitter_misc":{"Est. tempo de leitura":"1 minuto"},"schema":{"@context":"https:\/\/schema.org","@graph":[{"@type":"WebPage","@id":"https:\/\/www.odonto.ufmg.br\/colgrad\/planos-de-ensino\/","url":"https:\/\/www.odonto.ufmg.br\/colgrad\/planos-de-ensino\/","name":"Planos de Ensino - Colegiado de Gradua\u00e7\u00e3o","isPartOf":{"@id":"https:\/\/www.odonto.ufmg.br\/colgrad\/#website"},"datePublished":"2015-12-07T17:41:48+00:00","dateModified":"2024-06-12T15:54:37+00:00","breadcrumb":{"@id":"https:\/\/www.odonto.ufmg.br\/colgrad\/planos-de-ensino\/#breadcrumb"},"inLanguage":"pt-BR","potentialAction":[{"@type":"ReadAction","target":["https:\/\/www.odonto.ufmg.br\/colgrad\/planos-de-ensino\/"]}]},{"@type":"BreadcrumbList","@id":"https:\/\/www.odonto.ufmg.br\/colgrad\/planos-de-ensino\/#breadcrumb","itemListElement":[{"@type":"ListItem","position":1,"name":"In\u00edcio","item":"https:\/\/www.odonto.ufmg.br\/colgrad\/inicio\/"},{"@type":"ListItem","position":2,"name":"Planos de Ensino"}]},{"@type":"WebSite","@id":"https:\/\/www.odonto.ufmg.br\/colgrad\/#website","url":"https:\/\/www.odonto.ufmg.br\/colgrad\/","name":"Colegiado de Gradua\u00e7\u00e3o","description":"Faculdade de Odontologia UFMG","potentialAction":[{"@type":"SearchAction","target":{"@type":"EntryPoint","urlTemplate":"https:\/\/www.odonto.ufmg.br\/colgrad\/?s={search_term_string}"},"query-input":{"@type":"PropertyValueSpecification","valueRequired":true,"valueName":"search_term_string"}}],"inLanguage":"pt-BR"}]}},"_links":{"self":[{"href":"https:\/\/www.odonto.ufmg.br\/colgrad\/wp-json\/wp\/v2\/pages\/68","targetHints":{"allow":["GET"]}}],"collection":[{"href":"https:\/\/www.odonto.ufmg.br\/colgrad\/wp-json\/wp\/v2\/pages"}],"about":[{"href":"https:\/\/www.odonto.ufmg.br\/colgrad\/wp-json\/wp\/v2\/types\/page"}],"author":[{"embeddable":true,"href":"https:\/\/www.odonto.ufmg.br\/colgrad\/wp-json\/wp\/v2\/users\/1"}],"replies":[{"embeddable":true,"href":"https:\/\/www.odonto.ufmg.br\/colgrad\/wp-json\/wp\/v2\/comments?post=68"}],"version-history":[{"count":23,"href":"https:\/\/www.odonto.ufmg.br\/colgrad\/wp-json\/wp\/v2\/pages\/68\/revisions"}],"predecessor-version":[{"id":3311,"href":"https:\/\/www.odonto.ufmg.br\/colgrad\/wp-json\/wp\/v2\/pages\/68\/revisions\/3311"}],"wp:attachment":[{"href":"https:\/\/www.odonto.ufmg.br\/colgrad\/wp-json\/wp\/v2\/media?parent=68"}],"curies":[{"name":"wp","href":"https:\/\/api.w.org\/{rel}","templated":true}]}}