{"id":5,"date":"2015-12-02T09:46:25","date_gmt":"2015-12-02T11:46:25","guid":{"rendered":"http:\/\/www.odonto.ufmg.br\/colgrad\/?page_id=5"},"modified":"2025-08-05T09:18:07","modified_gmt":"2025-08-05T12:18:07","slug":"inicio","status":"publish","type":"page","link":"https:\/\/www.odonto.ufmg.br\/colgrad\/","title":{"rendered":"In\u00edcio"},"content":{"rendered":"<div  class='avia-slideshow av-s9rv-18970d3dda342640c9bfa76ccb1caa96 avia-slideshow-large av_slideshow avia-fade-slider  avia-builder-el-0  el_before_av_postslider  avia-builder-el-first  av-slideshow-ui av-control-minimal av-slideshow-autoplay av-loop-endless av-loop-manual-endless av-default-height-applied avia-slideshow-1' data-slideshow-options=\"{&quot;animation&quot;:&quot;fade&quot;,&quot;autoplay&quot;:true,&quot;loop_autoplay&quot;:&quot;endless&quot;,&quot;interval&quot;:20,&quot;loop_manual&quot;:&quot;manual-endless&quot;,&quot;autoplay_stopper&quot;:false,&quot;noNavigation&quot;:false,&quot;bg_slider&quot;:false,&quot;keep_padding&quot;:false,&quot;hoverpause&quot;:false,&quot;show_slide_delay&quot;:0}\"  itemprop=\"image\" itemscope=\"itemscope\" itemtype=\"https:\/\/schema.org\/ImageObject\" ><ul class='avia-slideshow-inner ' style='padding-bottom: 34.077669902913%;'><li  class='avia-slideshow-slide av-s9rv-18970d3dda342640c9bfa76ccb1caa96__0  slide-1 slide-odd'><div data-rel='slideshow-1' class='avia-slide-wrap '   ><img decoding=\"async\" fetchpriority=\"high\" class=\"wp-image-236 avia-img-lazy-loading-not-236\"  src=\"https:\/\/www.odonto.ufmg.br\/colgrad\/wp-content\/uploads\/sites\/3\/2015\/12\/ODONTOLOGIA2-1030x351.jpg\" width=\"1030\" height=\"351\" title='ODONTOLOGIA2' alt=''  itemprop=\"thumbnailUrl\" srcset=\"https:\/\/www.odonto.ufmg.br\/colgrad\/wp-content\/uploads\/sites\/3\/2015\/12\/ODONTOLOGIA2-1030x351.jpg 1030w, https:\/\/www.odonto.ufmg.br\/colgrad\/wp-content\/uploads\/sites\/3\/2015\/12\/ODONTOLOGIA2-80x27.jpg 80w, https:\/\/www.odonto.ufmg.br\/colgrad\/wp-content\/uploads\/sites\/3\/2015\/12\/ODONTOLOGIA2-300x102.jpg 300w, https:\/\/www.odonto.ufmg.br\/colgrad\/wp-content\/uploads\/sites\/3\/2015\/12\/ODONTOLOGIA2-768x262.jpg 768w, https:\/\/www.odonto.ufmg.br\/colgrad\/wp-content\/uploads\/sites\/3\/2015\/12\/ODONTOLOGIA2-705x240.jpg 705w, https:\/\/www.odonto.ufmg.br\/colgrad\/wp-content\/uploads\/sites\/3\/2015\/12\/ODONTOLOGIA2-450x153.jpg 450w, https:\/\/www.odonto.ufmg.br\/colgrad\/wp-content\/uploads\/sites\/3\/2015\/12\/ODONTOLOGIA2.jpg 1280w\" sizes=\"(max-width: 1030px) 100vw, 1030px\" \/><\/div><\/li><li  class='avia-slideshow-slide av-s9rv-18970d3dda342640c9bfa76ccb1caa96__1  slide-2 slide-even'><a href=\"http:\/\/www.odonto.ufmg.br\/colgrad\/wp-content\/uploads\/sites\/3\/2024\/12\/Integralizacao_de_credito.pdf\"  data-rel='slideshow-1' class='avia-slide-wrap '   ><img decoding=\"async\" fetchpriority=\"high\" class=\"wp-image-3373 avia-img-lazy-loading-not-3373\"  src=\"https:\/\/www.odonto.ufmg.br\/colgrad\/wp-content\/uploads\/sites\/3\/2024\/12\/integralizacao.jpg\" width=\"950\" height=\"707\" title='integralizacao' alt=''  itemprop=\"thumbnailUrl\" srcset=\"https:\/\/www.odonto.ufmg.br\/colgrad\/wp-content\/uploads\/sites\/3\/2024\/12\/integralizacao.jpg 950w, https:\/\/www.odonto.ufmg.br\/colgrad\/wp-content\/uploads\/sites\/3\/2024\/12\/integralizacao-300x223.jpg 300w, https:\/\/www.odonto.ufmg.br\/colgrad\/wp-content\/uploads\/sites\/3\/2024\/12\/integralizacao-80x60.jpg 80w, https:\/\/www.odonto.ufmg.br\/colgrad\/wp-content\/uploads\/sites\/3\/2024\/12\/integralizacao-768x572.jpg 768w, https:\/\/www.odonto.ufmg.br\/colgrad\/wp-content\/uploads\/sites\/3\/2024\/12\/integralizacao-705x525.jpg 705w\" sizes=\"(max-width: 950px) 100vw, 950px\" \/><\/a><\/li><li  class='avia-slideshow-slide av-s9rv-18970d3dda342640c9bfa76ccb1caa96__2  slide-3 slide-odd'><a href=\"http:\/\/www.odonto.ufmg.br\/colgrad\/wp-content\/uploads\/sites\/3\/2023\/10\/projeto-de-ensino-proposta.pdf\"  data-rel='slideshow-1' class='avia-slide-wrap '   ><img decoding=\"async\" fetchpriority=\"high\" class=\"wp-image-3122 avia-img-lazy-loading-not-3122\"  src=\"https:\/\/www.odonto.ufmg.br\/colgrad\/wp-content\/uploads\/sites\/3\/2023\/10\/projeto.jpg\" width=\"960\" height=\"720\" title='projeto' alt=''  itemprop=\"thumbnailUrl\" srcset=\"https:\/\/www.odonto.ufmg.br\/colgrad\/wp-content\/uploads\/sites\/3\/2023\/10\/projeto.jpg 960w, https:\/\/www.odonto.ufmg.br\/colgrad\/wp-content\/uploads\/sites\/3\/2023\/10\/projeto-300x225.jpg 300w, https:\/\/www.odonto.ufmg.br\/colgrad\/wp-content\/uploads\/sites\/3\/2023\/10\/projeto-80x60.jpg 80w, https:\/\/www.odonto.ufmg.br\/colgrad\/wp-content\/uploads\/sites\/3\/2023\/10\/projeto-768x576.jpg 768w, https:\/\/www.odonto.ufmg.br\/colgrad\/wp-content\/uploads\/sites\/3\/2023\/10\/projeto-705x529.jpg 705w\" sizes=\"(max-width: 960px) 100vw, 960px\" \/><\/a><\/li><li  class='avia-slideshow-slide av-s9rv-18970d3dda342640c9bfa76ccb1caa96__3  slide-4 slide-even'><a href=\"http:\/\/www.odonto.ufmg.br\/colgrad\/wp-content\/uploads\/sites\/3\/2022\/07\/Estatuto.pdf\"  data-rel='slideshow-1' class='avia-slide-wrap '   ><img decoding=\"async\" fetchpriority=\"high\" class=\"wp-image-2535 avia-img-lazy-loading-not-2535\"  src=\"https:\/\/www.odonto.ufmg.br\/colgrad\/wp-content\/uploads\/sites\/3\/2022\/07\/estatuto.jpg\" width=\"958\" height=\"712\" title='estatuto' alt=''  itemprop=\"thumbnailUrl\" srcset=\"https:\/\/www.odonto.ufmg.br\/colgrad\/wp-content\/uploads\/sites\/3\/2022\/07\/estatuto.jpg 958w, https:\/\/www.odonto.ufmg.br\/colgrad\/wp-content\/uploads\/sites\/3\/2022\/07\/estatuto-300x223.jpg 300w, https:\/\/www.odonto.ufmg.br\/colgrad\/wp-content\/uploads\/sites\/3\/2022\/07\/estatuto-80x59.jpg 80w, https:\/\/www.odonto.ufmg.br\/colgrad\/wp-content\/uploads\/sites\/3\/2022\/07\/estatuto-768x571.jpg 768w, https:\/\/www.odonto.ufmg.br\/colgrad\/wp-content\/uploads\/sites\/3\/2022\/07\/estatuto-705x524.jpg 705w\" sizes=\"(max-width: 958px) 100vw, 958px\" \/><\/a><\/li><li  class='avia-slideshow-slide av-s9rv-18970d3dda342640c9bfa76ccb1caa96__4  slide-5 slide-odd'><a href=\"http:\/\/www.odonto.ufmg.br\/colgrad\/wp-content\/uploads\/sites\/3\/2021\/06\/Resolucao-02-2021-ColGrad-ESTAGIO-EXTRACURRICULAR-NAO-OBRIGATORIO.pdf\"  data-rel='slideshow-1' class='avia-slide-wrap '   ><img decoding=\"async\" fetchpriority=\"high\" class=\"wp-image-1973 avia-img-lazy-loading-not-1973\"  src=\"https:\/\/www.odonto.ufmg.br\/colgrad\/wp-content\/uploads\/sites\/3\/2021\/06\/Resolucao-02_2021.jpg\" width=\"960\" height=\"720\" title='Resolu\u00e7\u00e3o 02_2021' alt=''  itemprop=\"thumbnailUrl\" srcset=\"https:\/\/www.odonto.ufmg.br\/colgrad\/wp-content\/uploads\/sites\/3\/2021\/06\/Resolucao-02_2021.jpg 960w, https:\/\/www.odonto.ufmg.br\/colgrad\/wp-content\/uploads\/sites\/3\/2021\/06\/Resolucao-02_2021-300x225.jpg 300w, https:\/\/www.odonto.ufmg.br\/colgrad\/wp-content\/uploads\/sites\/3\/2021\/06\/Resolucao-02_2021-80x60.jpg 80w, https:\/\/www.odonto.ufmg.br\/colgrad\/wp-content\/uploads\/sites\/3\/2021\/06\/Resolucao-02_2021-768x576.jpg 768w, https:\/\/www.odonto.ufmg.br\/colgrad\/wp-content\/uploads\/sites\/3\/2021\/06\/Resolucao-02_2021-705x529.jpg 705w\" sizes=\"(max-width: 960px) 100vw, 960px\" \/><\/a><\/li><li  class='avia-slideshow-slide av-s9rv-18970d3dda342640c9bfa76ccb1caa96__5  slide-6 slide-even'><div data-rel='slideshow-1' class='avia-slide-wrap '   ><img decoding=\"async\" fetchpriority=\"high\" class=\"wp-image-1629 avia-img-lazy-loading-not-1629\"  src=\"https:\/\/www.odonto.ufmg.br\/colgrad\/wp-content\/uploads\/sites\/3\/2020\/10\/conceito5ENADEfoto2-1030x577.jpg\" width=\"1030\" height=\"577\" title='Conceito 5 no ENADE' alt=''  itemprop=\"thumbnailUrl\" srcset=\"https:\/\/www.odonto.ufmg.br\/colgrad\/wp-content\/uploads\/sites\/3\/2020\/10\/conceito5ENADEfoto2-1030x577.jpg 1030w, https:\/\/www.odonto.ufmg.br\/colgrad\/wp-content\/uploads\/sites\/3\/2020\/10\/conceito5ENADEfoto2-300x168.jpg 300w, https:\/\/www.odonto.ufmg.br\/colgrad\/wp-content\/uploads\/sites\/3\/2020\/10\/conceito5ENADEfoto2-80x45.jpg 80w, https:\/\/www.odonto.ufmg.br\/colgrad\/wp-content\/uploads\/sites\/3\/2020\/10\/conceito5ENADEfoto2-768x430.jpg 768w, https:\/\/www.odonto.ufmg.br\/colgrad\/wp-content\/uploads\/sites\/3\/2020\/10\/conceito5ENADEfoto2-1536x861.jpg 1536w, https:\/\/www.odonto.ufmg.br\/colgrad\/wp-content\/uploads\/sites\/3\/2020\/10\/conceito5ENADEfoto2-1500x841.jpg 1500w, https:\/\/www.odonto.ufmg.br\/colgrad\/wp-content\/uploads\/sites\/3\/2020\/10\/conceito5ENADEfoto2-705x395.jpg 705w, https:\/\/www.odonto.ufmg.br\/colgrad\/wp-content\/uploads\/sites\/3\/2020\/10\/conceito5ENADEfoto2-450x252.jpg 450w, https:\/\/www.odonto.ufmg.br\/colgrad\/wp-content\/uploads\/sites\/3\/2020\/10\/conceito5ENADEfoto2.jpg 1920w\" sizes=\"(max-width: 1030px) 100vw, 1030px\" \/><\/div><\/li><li  class='avia-slideshow-slide av-s9rv-18970d3dda342640c9bfa76ccb1caa96__6  slide-7 slide-odd'><a href=\"https:\/\/youtu.be\/NVhdL6kPMR4\"  data-rel='slideshow-1' class='avia-slide-wrap '   ><img decoding=\"async\" fetchpriority=\"high\" class=\"wp-image-288 avia-img-lazy-loading-not-288\"  src=\"https:\/\/www.odonto.ufmg.br\/colgrad\/wp-content\/uploads\/sites\/3\/2017\/09\/Mostra-das-Profiss\u00f5es-2017.jpg\" width=\"960\" height=\"720\" title='Mostra das Profiss\u00f5es 2017' alt=''  itemprop=\"thumbnailUrl\" srcset=\"https:\/\/www.odonto.ufmg.br\/colgrad\/wp-content\/uploads\/sites\/3\/2017\/09\/Mostra-das-Profiss\u00f5es-2017.jpg 960w, https:\/\/www.odonto.ufmg.br\/colgrad\/wp-content\/uploads\/sites\/3\/2017\/09\/Mostra-das-Profiss\u00f5es-2017-80x60.jpg 80w, https:\/\/www.odonto.ufmg.br\/colgrad\/wp-content\/uploads\/sites\/3\/2017\/09\/Mostra-das-Profiss\u00f5es-2017-300x225.jpg 300w, https:\/\/www.odonto.ufmg.br\/colgrad\/wp-content\/uploads\/sites\/3\/2017\/09\/Mostra-das-Profiss\u00f5es-2017-768x576.jpg 768w, https:\/\/www.odonto.ufmg.br\/colgrad\/wp-content\/uploads\/sites\/3\/2017\/09\/Mostra-das-Profiss\u00f5es-2017-705x529.jpg 705w, https:\/\/www.odonto.ufmg.br\/colgrad\/wp-content\/uploads\/sites\/3\/2017\/09\/Mostra-das-Profiss\u00f5es-2017-450x338.jpg 450w\" sizes=\"(max-width: 960px) 100vw, 960px\" \/><\/a><\/li><\/ul><div class='avia-slideshow-arrows avia-slideshow-controls' ><a href='#prev' class='prev-slide  avia-svg-icon avia-font-svg_entypo-fontello' data-av_svg_icon='left-open-big' data-av_iconset='svg_entypo-fontello' tabindex='-1' title=\"Anterior\"><svg version=\"1.1\" xmlns=\"http:\/\/www.w3.org\/2000\/svg\" width=\"15\" height=\"32\" viewBox=\"0 0 15 32\" preserveAspectRatio=\"xMidYMid meet\" aria-labelledby='av-svg-title-1' aria-describedby='av-svg-desc-1' role=\"graphics-symbol\" aria-hidden=\"true\">\n<title id='av-svg-title-1'>Anterior<\/title>\n<desc id='av-svg-desc-1'>Anterior<\/desc>\n<path d=\"M14.464 27.84q0.832 0.832 0 1.536-0.832 0.832-1.536 0l-12.544-12.608q-0.768-0.768 0-1.6l12.544-12.608q0.704-0.832 1.536 0 0.832 0.704 0 1.536l-11.456 11.904z\"><\/path>\n<\/svg><span class='avia_hidden_link_text'>Anterior<\/span><\/a><a href='#next' class='next-slide  avia-svg-icon avia-font-svg_entypo-fontello' data-av_svg_icon='right-open-big' data-av_iconset='svg_entypo-fontello' tabindex='-1' title=\"Pr\u00f3ximo\"><svg version=\"1.1\" xmlns=\"http:\/\/www.w3.org\/2000\/svg\" width=\"15\" height=\"32\" viewBox=\"0 0 15 32\" preserveAspectRatio=\"xMidYMid meet\" aria-labelledby='av-svg-title-2' aria-describedby='av-svg-desc-2' role=\"graphics-symbol\" aria-hidden=\"true\">\n<title id='av-svg-title-2'>Pr\u00f3ximo<\/title>\n<desc id='av-svg-desc-2'>Pr\u00f3ximo<\/desc>\n<path d=\"M0.416 27.84l11.456-11.84-11.456-11.904q-0.832-0.832 0-1.536 0.832-0.832 1.536 0l12.544 12.608q0.768 0.832 0 1.6l-12.544 12.608q-0.704 0.832-1.536 0-0.832-0.704 0-1.536z\"><\/path>\n<\/svg><span class='avia_hidden_link_text'>Pr\u00f3ximo<\/span><\/a><\/div><div class='avia-slideshow-dots avia-slideshow-controls'><a href='#1' class='goto-slide active' >1<\/a><a href='#2' class='goto-slide ' >2<\/a><a href='#3' class='goto-slide ' >3<\/a><a href='#4' class='goto-slide ' >4<\/a><a href='#5' class='goto-slide ' >5<\/a><a href='#6' class='goto-slide ' >6<\/a><a href='#7' class='goto-slide ' >7<\/a><\/div><\/div>\n\n\n<style type=\"text\/css\" data-created_by=\"avia_inline_auto\" id=\"style-css-av-ex1r-64847ece9d70808cc0df0835424cd7f9\">\n.flex_column.av-ex1r-64847ece9d70808cc0df0835424cd7f9{\nborder-radius:0px 0px 0px 0px;\npadding:0px 0px 0px 0px;\n}\n<\/style>\n<div  class='flex_column av-ex1r-64847ece9d70808cc0df0835424cd7f9 av_one_third  avia-builder-el-2  el_after_av_postslider  el_before_av_one_third  first flex_column_div av-zero-column-padding  '     ><article  class='iconbox iconbox_top av-19uf-58d06ade4ba4bac1b6ecc28b55922be8  avia-builder-el-3  avia-builder-el-no-sibling  main_color'  itemscope=\"itemscope\" itemtype=\"https:\/\/schema.org\/CreativeWork\" ><div class=\"iconbox_content\"><header class=\"entry-content-header\" aria-label=\"Icon: \"><a href='https:\/\/www.odonto.ufmg.br\/tcc' title='' aria-label=''  class='iconbox_icon heading-color avia-iconfont avia-font-entypo-fontello' data-av_icon='\ue8c9' data-av_iconfont='entypo-fontello'  ><\/a><\/header><div class='iconbox_content_container '  itemprop=\"text\" ><p><a href=\"https:\/\/www.odonto.ufmg.br\/tcc\"><img decoding=\"async\" class=\"size-full wp-image-241 aligncenter\" src=\"http:\/\/www.odonto.ufmg.br\/colgrad\/wp-content\/uploads\/sites\/3\/2015\/12\/TCC.jpg\" alt=\"\" width=\"200\" height=\"137\" srcset=\"https:\/\/www.odonto.ufmg.br\/colgrad\/wp-content\/uploads\/sites\/3\/2015\/12\/TCC.jpg 200w, https:\/\/www.odonto.ufmg.br\/colgrad\/wp-content\/uploads\/sites\/3\/2015\/12\/TCC-80x55.jpg 80w\" sizes=\"(max-width: 200px) 100vw, 200px\" \/><\/a><\/p>\n<\/div><\/div><footer class=\"entry-footer\"><\/footer><\/article><\/div>\n\n<style type=\"text\/css\" data-created_by=\"avia_inline_auto\" id=\"style-css-av-5hcl-f7bf8424a87fea7d392e3f48475f3498\">\n.flex_column.av-5hcl-f7bf8424a87fea7d392e3f48475f3498{\nborder-radius:0px 0px 0px 0px;\npadding:0px 0px 0px 0px;\n}\n<\/style>\n<div  class='flex_column av-5hcl-f7bf8424a87fea7d392e3f48475f3498 av_one_third  avia-builder-el-4  el_after_av_one_third  el_before_av_one_third  flex_column_div av-zero-column-padding  '     ><article  class='iconbox iconbox_top av-3zod-24bbfe7204fbf0a8039548380c2fd355  avia-builder-el-5  avia-builder-el-no-sibling  main_color'  itemscope=\"itemscope\" itemtype=\"https:\/\/schema.org\/CreativeWork\" ><div class=\"iconbox_content\"><header class=\"entry-content-header\" aria-label=\"Icon: FORMAS DE INGRESSO NA GRADUA\u00c7\u00c3O\"><a href='https:\/\/ufmg.br\/cursos\/formas-de-ingresso\/ingresso-em-graduacao' title='FORMAS DE INGRESSO NA GRADUA\u00c7\u00c3O' aria-label='FORMAS DE INGRESSO NA GRADUA\u00c7\u00c3O'  class='iconbox_icon heading-color avia-iconfont avia-font-entypo-fontello' data-av_icon='\ue8c9' data-av_iconfont='entypo-fontello' title=\"FORMAS DE INGRESSO NA GRADUA\u00c7\u00c3O\" desc=\"FORMAS DE INGRESSO NA GRADUA\u00c7\u00c3O\" ><\/a><h3 class='iconbox_content_title '  itemprop=\"headline\" ><a href='https:\/\/ufmg.br\/cursos\/formas-de-ingresso\/ingresso-em-graduacao' title='FORMAS DE INGRESSO NA GRADUA\u00c7\u00c3O' >FORMAS DE INGRESSO NA GRADUA\u00c7\u00c3O<\/a><\/h3><\/header><div class='iconbox_content_container '  itemprop=\"text\" ><p><a href=\"https:\/\/ufmg.br\/cursos\/formas-de-ingresso\/ingresso-em-graduacao\"><img decoding=\"async\" class=\"wp-image-1037 aligncenter\" src=\"http:\/\/www.odonto.ufmg.br\/colgrad\/wp-content\/uploads\/sites\/3\/2018\/11\/brasao-odonto-300x290.jpg\" alt=\"\" width=\"128\" height=\"122\" \/><\/a><\/p>\n<\/div><\/div><footer class=\"entry-footer\"><\/footer><\/article><\/div>\n\n<style type=\"text\/css\" data-created_by=\"avia_inline_auto\" id=\"style-css-av-4lnr-b14685bd2d85532a6b4b2220d0c6c4e2\">\n.flex_column.av-4lnr-b14685bd2d85532a6b4b2220d0c6c4e2{\nborder-radius:0px 0px 0px 0px;\npadding:0px 0px 0px 0px;\n}\n<\/style>\n<div  class='flex_column av-4lnr-b14685bd2d85532a6b4b2220d0c6c4e2 av_one_third  avia-builder-el-6  el_after_av_one_third  avia-builder-el-last  flex_column_div av-zero-column-padding  '     ><article  class='iconbox iconbox_top av-3511-1337bee070ac28d352d11e903eda5b22  avia-builder-el-7  avia-builder-el-no-sibling  main_color'  itemscope=\"itemscope\" itemtype=\"https:\/\/schema.org\/CreativeWork\" ><div class=\"iconbox_content\"><header class=\"entry-content-header\" aria-label=\"Icon: \"><a href='https:\/\/youtu.be\/NVhdL6kPMR4' title=''  aria-label='' class='iconbox_icon heading-color avia-iconfont avia-font-entypo-fontello' data-av_icon='\ue856' data-av_iconfont='entypo-fontello'  ><\/a><\/header><div class='iconbox_content_container '  itemprop=\"text\" ><p><a href=\"https:\/\/www.youtube.com\/watch?v=NVhdL6kPMR4\"><img decoding=\"async\" class=\"aligncenter wp-image-2533\" src=\"http:\/\/www.odonto.ufmg.br\/colgrad\/wp-content\/uploads\/sites\/3\/2022\/07\/Mostra-das-Profissoes-1.png\" alt=\"\" width=\"258\" height=\"133\" srcset=\"https:\/\/www.odonto.ufmg.br\/colgrad\/wp-content\/uploads\/sites\/3\/2022\/07\/Mostra-das-Profissoes-1.png 250w, https:\/\/www.odonto.ufmg.br\/colgrad\/wp-content\/uploads\/sites\/3\/2022\/07\/Mostra-das-Profissoes-1-80x41.png 80w\" sizes=\"(max-width: 258px) 100vw, 258px\" \/><\/a><\/p>\n<\/div><\/div><footer class=\"entry-footer\"><\/footer><\/article><\/div>\n","protected":false},"excerpt":{"rendered":"","protected":false},"author":1,"featured_media":0,"parent":0,"menu_order":0,"comment_status":"closed","ping_status":"closed","template":"","meta":{"inline_featured_image":false,"footnotes":""},"class_list":["post-5","page","type-page","status-publish","hentry"],"yoast_head":"<!-- This site is optimized with the Yoast SEO plugin v27.3 - https:\/\/yoast.com\/product\/yoast-seo-wordpress\/ -->\n<title>In\u00edcio - Colegiado de Gradua\u00e7\u00e3o<\/title>\n<meta name=\"robots\" content=\"index, follow, max-snippet:-1, max-image-preview:large, max-video-preview:-1\" \/>\n<link rel=\"canonical\" href=\"https:\/\/www.odonto.ufmg.br\/colgrad\/inicio\/\" \/>\n<meta property=\"og:locale\" content=\"pt_BR\" \/>\n<meta property=\"og:type\" content=\"article\" \/>\n<meta property=\"og:title\" content=\"In\u00edcio - Colegiado de Gradua\u00e7\u00e3o\" \/>\n<meta property=\"og:url\" content=\"https:\/\/www.odonto.ufmg.br\/colgrad\/inicio\/\" \/>\n<meta property=\"og:site_name\" content=\"Colegiado de Gradua\u00e7\u00e3o\" \/>\n<meta property=\"article:modified_time\" content=\"2025-08-05T12:18:07+00:00\" \/>\n<meta property=\"og:image\" content=\"http:\/\/www.odonto.ufmg.br\/colgrad\/wp-content\/uploads\/sites\/3\/2015\/12\/TCC.jpg\" \/>\n<meta name=\"twitter:card\" content=\"summary_large_image\" \/>\n<meta name=\"twitter:label1\" content=\"Est. tempo de leitura\" \/>\n\t<meta name=\"twitter:data1\" content=\"3 minutos\" \/>\n<script type=\"application\/ld+json\" class=\"yoast-schema-graph\">{\"@context\":\"https:\\\/\\\/schema.org\",\"@graph\":[{\"@type\":\"WebPage\",\"@id\":\"https:\\\/\\\/www.odonto.ufmg.br\\\/colgrad\\\/inicio\\\/\",\"url\":\"https:\\\/\\\/www.odonto.ufmg.br\\\/colgrad\\\/inicio\\\/\",\"name\":\"In\u00edcio - Colegiado de Gradua\u00e7\u00e3o\",\"isPartOf\":{\"@id\":\"https:\\\/\\\/www.odonto.ufmg.br\\\/colgrad\\\/#website\"},\"primaryImageOfPage\":{\"@id\":\"https:\\\/\\\/www.odonto.ufmg.br\\\/colgrad\\\/inicio\\\/#primaryimage\"},\"image\":{\"@id\":\"https:\\\/\\\/www.odonto.ufmg.br\\\/colgrad\\\/inicio\\\/#primaryimage\"},\"thumbnailUrl\":\"http:\\\/\\\/www.odonto.ufmg.br\\\/colgrad\\\/wp-content\\\/uploads\\\/sites\\\/3\\\/2015\\\/12\\\/TCC.jpg\",\"datePublished\":\"2015-12-02T11:46:25+00:00\",\"dateModified\":\"2025-08-05T12:18:07+00:00\",\"breadcrumb\":{\"@id\":\"https:\\\/\\\/www.odonto.ufmg.br\\\/colgrad\\\/inicio\\\/#breadcrumb\"},\"inLanguage\":\"pt-BR\",\"potentialAction\":[{\"@type\":\"ReadAction\",\"target\":[\"https:\\\/\\\/www.odonto.ufmg.br\\\/colgrad\\\/inicio\\\/\"]}]},{\"@type\":\"ImageObject\",\"inLanguage\":\"pt-BR\",\"@id\":\"https:\\\/\\\/www.odonto.ufmg.br\\\/colgrad\\\/inicio\\\/#primaryimage\",\"url\":\"https:\\\/\\\/www.odonto.ufmg.br\\\/colgrad\\\/wp-content\\\/uploads\\\/sites\\\/3\\\/2015\\\/12\\\/TCC.jpg\",\"contentUrl\":\"https:\\\/\\\/www.odonto.ufmg.br\\\/colgrad\\\/wp-content\\\/uploads\\\/sites\\\/3\\\/2015\\\/12\\\/TCC.jpg\",\"width\":200,\"height\":137},{\"@type\":\"BreadcrumbList\",\"@id\":\"https:\\\/\\\/www.odonto.ufmg.br\\\/colgrad\\\/inicio\\\/#breadcrumb\",\"itemListElement\":[{\"@type\":\"ListItem\",\"position\":1,\"name\":\"In\u00edcio\",\"item\":\"https:\\\/\\\/www.odonto.ufmg.br\\\/colgrad\\\/inicio\\\/\"},{\"@type\":\"ListItem\",\"position\":2,\"name\":\"In\u00edcio\"}]},{\"@type\":\"WebSite\",\"@id\":\"https:\\\/\\\/www.odonto.ufmg.br\\\/colgrad\\\/#website\",\"url\":\"https:\\\/\\\/www.odonto.ufmg.br\\\/colgrad\\\/\",\"name\":\"Colegiado de Gradua\u00e7\u00e3o\",\"description\":\"Faculdade de Odontologia UFMG\",\"potentialAction\":[{\"@type\":\"SearchAction\",\"target\":{\"@type\":\"EntryPoint\",\"urlTemplate\":\"https:\\\/\\\/www.odonto.ufmg.br\\\/colgrad\\\/?s={search_term_string}\"},\"query-input\":{\"@type\":\"PropertyValueSpecification\",\"valueRequired\":true,\"valueName\":\"search_term_string\"}}],\"inLanguage\":\"pt-BR\"}]}<\/script>\n<!-- \/ Yoast SEO plugin. -->","yoast_head_json":{"title":"In\u00edcio - Colegiado de Gradua\u00e7\u00e3o","robots":{"index":"index","follow":"follow","max-snippet":"max-snippet:-1","max-image-preview":"max-image-preview:large","max-video-preview":"max-video-preview:-1"},"canonical":"https:\/\/www.odonto.ufmg.br\/colgrad\/inicio\/","og_locale":"pt_BR","og_type":"article","og_title":"In\u00edcio - Colegiado de Gradua\u00e7\u00e3o","og_url":"https:\/\/www.odonto.ufmg.br\/colgrad\/inicio\/","og_site_name":"Colegiado de Gradua\u00e7\u00e3o","article_modified_time":"2025-08-05T12:18:07+00:00","og_image":[{"url":"http:\/\/www.odonto.ufmg.br\/colgrad\/wp-content\/uploads\/sites\/3\/2015\/12\/TCC.jpg","type":"","width":"","height":""}],"twitter_card":"summary_large_image","twitter_misc":{"Est. tempo de leitura":"3 minutos"},"schema":{"@context":"https:\/\/schema.org","@graph":[{"@type":"WebPage","@id":"https:\/\/www.odonto.ufmg.br\/colgrad\/inicio\/","url":"https:\/\/www.odonto.ufmg.br\/colgrad\/inicio\/","name":"In\u00edcio - Colegiado de Gradua\u00e7\u00e3o","isPartOf":{"@id":"https:\/\/www.odonto.ufmg.br\/colgrad\/#website"},"primaryImageOfPage":{"@id":"https:\/\/www.odonto.ufmg.br\/colgrad\/inicio\/#primaryimage"},"image":{"@id":"https:\/\/www.odonto.ufmg.br\/colgrad\/inicio\/#primaryimage"},"thumbnailUrl":"http:\/\/www.odonto.ufmg.br\/colgrad\/wp-content\/uploads\/sites\/3\/2015\/12\/TCC.jpg","datePublished":"2015-12-02T11:46:25+00:00","dateModified":"2025-08-05T12:18:07+00:00","breadcrumb":{"@id":"https:\/\/www.odonto.ufmg.br\/colgrad\/inicio\/#breadcrumb"},"inLanguage":"pt-BR","potentialAction":[{"@type":"ReadAction","target":["https:\/\/www.odonto.ufmg.br\/colgrad\/inicio\/"]}]},{"@type":"ImageObject","inLanguage":"pt-BR","@id":"https:\/\/www.odonto.ufmg.br\/colgrad\/inicio\/#primaryimage","url":"https:\/\/www.odonto.ufmg.br\/colgrad\/wp-content\/uploads\/sites\/3\/2015\/12\/TCC.jpg","contentUrl":"https:\/\/www.odonto.ufmg.br\/colgrad\/wp-content\/uploads\/sites\/3\/2015\/12\/TCC.jpg","width":200,"height":137},{"@type":"BreadcrumbList","@id":"https:\/\/www.odonto.ufmg.br\/colgrad\/inicio\/#breadcrumb","itemListElement":[{"@type":"ListItem","position":1,"name":"In\u00edcio","item":"https:\/\/www.odonto.ufmg.br\/colgrad\/inicio\/"},{"@type":"ListItem","position":2,"name":"In\u00edcio"}]},{"@type":"WebSite","@id":"https:\/\/www.odonto.ufmg.br\/colgrad\/#website","url":"https:\/\/www.odonto.ufmg.br\/colgrad\/","name":"Colegiado de Gradua\u00e7\u00e3o","description":"Faculdade de Odontologia UFMG","potentialAction":[{"@type":"SearchAction","target":{"@type":"EntryPoint","urlTemplate":"https:\/\/www.odonto.ufmg.br\/colgrad\/?s={search_term_string}"},"query-input":{"@type":"PropertyValueSpecification","valueRequired":true,"valueName":"search_term_string"}}],"inLanguage":"pt-BR"}]}},"_links":{"self":[{"href":"https:\/\/www.odonto.ufmg.br\/colgrad\/wp-json\/wp\/v2\/pages\/5","targetHints":{"allow":["GET"]}}],"collection":[{"href":"https:\/\/www.odonto.ufmg.br\/colgrad\/wp-json\/wp\/v2\/pages"}],"about":[{"href":"https:\/\/www.odonto.ufmg.br\/colgrad\/wp-json\/wp\/v2\/types\/page"}],"author":[{"embeddable":true,"href":"https:\/\/www.odonto.ufmg.br\/colgrad\/wp-json\/wp\/v2\/users\/1"}],"replies":[{"embeddable":true,"href":"https:\/\/www.odonto.ufmg.br\/colgrad\/wp-json\/wp\/v2\/comments?post=5"}],"version-history":[{"count":209,"href":"https:\/\/www.odonto.ufmg.br\/colgrad\/wp-json\/wp\/v2\/pages\/5\/revisions"}],"predecessor-version":[{"id":3508,"href":"https:\/\/www.odonto.ufmg.br\/colgrad\/wp-json\/wp\/v2\/pages\/5\/revisions\/3508"}],"wp:attachment":[{"href":"https:\/\/www.odonto.ufmg.br\/colgrad\/wp-json\/wp\/v2\/media?parent=5"}],"curies":[{"name":"wp","href":"https:\/\/api.w.org\/{rel}","templated":true}]}}