{"id":42,"date":"2015-12-07T12:23:39","date_gmt":"2015-12-07T14:23:39","guid":{"rendered":"http:\/\/www.odonto.ufmg.br\/colgrad\/?page_id=42"},"modified":"2019-10-10T08:15:47","modified_gmt":"2019-10-10T11:15:47","slug":"editais","status":"publish","type":"page","link":"https:\/\/www.odonto.ufmg.br\/colgrad\/editais\/","title":{"rendered":"Editais COLGRAD"},"content":{"rendered":"<div  class='togglecontainer av-av_toggle_container-8e0c6e39d39b619a829887bd54fff3ed  avia-builder-el-0  avia-builder-el-no-sibling  toggle_close_all' >\n<section class='av_toggle_section av-av_toggle-287c7a61374d5ad7ea990fa19e13c802'  itemscope=\"itemscope\" itemtype=\"https:\/\/schema.org\/CreativeWork\" ><div role=\"tablist\" class=\"single_toggle\" data-tags=\"{Todos} \"  ><p id='toggle-toggle-id-1' data-fake-id='#toggle-id-1' class='toggler  av-title-above '  itemprop=\"headline\"  role='tab' tabindex='0' aria-controls='toggle-id-1' data-slide-speed=\"200\" data-title=\"EDITAL FO\/COLGRAD\/N\u00ba. 008\/2018 - SELE\u00c7\u00c3O DE ALUNOS PARA LIGANTES DA LIGA ACAD\u00caMICA DE PR\u00c1TICAS INTEGRATIVAS E COMPLEMENTARES LAOPIC FO UFMG\/RESULTADO FINAL\" data-title-open=\"\" data-aria_collapsed=\"Click to expand: EDITAL FO\/COLGRAD\/N\u00ba. 008\/2018 - SELE\u00c7\u00c3O DE ALUNOS PARA LIGANTES DA LIGA ACAD\u00caMICA DE PR\u00c1TICAS INTEGRATIVAS E COMPLEMENTARES LAOPIC FO UFMG\/RESULTADO FINAL\" data-aria_expanded=\"Click to collapse: EDITAL FO\/COLGRAD\/N\u00ba. 008\/2018 - SELE\u00c7\u00c3O DE ALUNOS PARA LIGANTES DA LIGA ACAD\u00caMICA DE PR\u00c1TICAS INTEGRATIVAS E COMPLEMENTARES LAOPIC FO UFMG\/RESULTADO FINAL\">EDITAL FO\/COLGRAD\/N\u00ba. 008\/2018 - SELE\u00c7\u00c3O DE ALUNOS PARA LIGANTES DA LIGA ACAD\u00caMICA DE PR\u00c1TICAS INTEGRATIVAS E COMPLEMENTARES LAOPIC FO UFMG\/RESULTADO FINAL<span class=\"toggle_icon\"><span class=\"vert_icon\"><\/span><span class=\"hor_icon\"><\/span><\/span><\/p><div id='toggle-id-1' aria-labelledby='toggle-toggle-id-1' role='region' class='toggle_wrap  av-title-above'  ><div class='toggle_content invers-color '  itemprop=\"text\" ><p><a href=\"http:\/\/www.odonto.ufmg.br\/colgrad\/wp-content\/uploads\/sites\/3\/2018\/11\/EDITAL-FO-COLGRAD-08-2018.pdf\">EDITAL-FO-COLGRAD-08-2018<\/a><\/p>\n<p><a href=\"http:\/\/www.odonto.ufmg.br\/colgrad\/wp-content\/uploads\/sites\/3\/2018\/10\/RESULTADO-FINAL-DO-EXAME-DE-SELE\u00c7\u00c3O-DA-LIGA-ACAD\u00caMICA-DE-PR\u00c1TICAS-INTEGRATIVAS-E-COMPLEMENTARES-LAOPIC.pdf\">RESULTADO-FINAL-DO-EXAME-DE-SELE\u00c7\u00c3O-DA-LIGA-ACAD\u00caMICA-DE-PR\u00c1TICAS-INTEGRATIVAS-E-COMPLEMENTARES-LAOPIC<\/a><\/p>\n<\/div><\/div><\/div><\/section>\n<section class='av_toggle_section av-av_toggle-13e518377721518ab78fd8d9fcc8ca3b'  itemscope=\"itemscope\" itemtype=\"https:\/\/schema.org\/CreativeWork\" ><div role=\"tablist\" class=\"single_toggle\" data-tags=\"{Todos} \"  ><p id='toggle-toggle-id-2' data-fake-id='#toggle-id-2' class='toggler  av-title-above '  itemprop=\"headline\"  role='tab' tabindex='0' aria-controls='toggle-id-2' data-slide-speed=\"200\" data-title=\"EDITAL FO\/COLGRAD\/N\u00ba. 007\/2018 - SELE\u00c7\u00c3O DE ALUNOS PARA LIGANTES DA LIGA ACAD\u00caMICA DE SA\u00daDE INFANTIL LASI FO UFMG \/ RESULTADO FINAL\" data-title-open=\"\" data-aria_collapsed=\"Click to expand: EDITAL FO\/COLGRAD\/N\u00ba. 007\/2018 - SELE\u00c7\u00c3O DE ALUNOS PARA LIGANTES DA LIGA ACAD\u00caMICA DE SA\u00daDE INFANTIL LASI FO UFMG \/ RESULTADO FINAL\" data-aria_expanded=\"Click to collapse: EDITAL FO\/COLGRAD\/N\u00ba. 007\/2018 - SELE\u00c7\u00c3O DE ALUNOS PARA LIGANTES DA LIGA ACAD\u00caMICA DE SA\u00daDE INFANTIL LASI FO UFMG \/ RESULTADO FINAL\">EDITAL FO\/COLGRAD\/N\u00ba. 007\/2018 - SELE\u00c7\u00c3O DE ALUNOS PARA LIGANTES DA LIGA ACAD\u00caMICA DE SA\u00daDE INFANTIL LASI FO UFMG \/ RESULTADO FINAL<span class=\"toggle_icon\"><span class=\"vert_icon\"><\/span><span class=\"hor_icon\"><\/span><\/span><\/p><div id='toggle-id-2' aria-labelledby='toggle-toggle-id-2' role='region' class='toggle_wrap  av-title-above'  ><div class='toggle_content invers-color '  itemprop=\"text\" ><p><a href=\"https:\/\/www.odonto.ufmg.br\/wp-content\/uploads\/2018\/10\/EDITAL FOCOLGRAD 007_2018.pdf\">EDITAL FOCOLGRAD n\u00ba 07 2018<\/a><\/p>\n<p><a href=\"http:\/\/www.odonto.ufmg.br\/colgrad\/wp-content\/uploads\/sites\/3\/2018\/10\/RESULTADO-FINAL-DO-EXAME-DE-SELE\u00c7\u00c3O-DA-LIGA-ACAD\u00caMICA-DA-SA\u00daDE-INFATIL-LASI-_1.pdf\">RESULTADO FINAL DO EXAME DE SELE\u00c7\u00c3O DA LIGA ACAD\u00caMICA DA SA\u00daDE INFATIL LASI _1<\/a><\/p>\n<p><a href=\"http:\/\/www.odonto.ufmg.br\/colgrad\/wp-content\/uploads\/sites\/3\/2018\/10\/RESULTADO-FINAL-DO-EXAME-DE-SELE\u00c7\u00c3O-DA-LIGA-ACAD\u00caMICA-DA-SA\u00daDE-INFATIL-LASI-_2.pdf\">RESULTADO FINAL DO EXAME DE SELE\u00c7\u00c3O DA LIGA ACAD\u00caMICA DA SA\u00daDE INFATIL LASI _2<\/a><\/p>\n<\/div><\/div><\/div><\/section>\n<section class='av_toggle_section av-av_toggle-833e7f741cb98fa45bf72fd4e0651411'  itemscope=\"itemscope\" itemtype=\"https:\/\/schema.org\/CreativeWork\" ><div role=\"tablist\" class=\"single_toggle\" data-tags=\"{Todos} \"  ><p id='toggle-toggle-id-3' data-fake-id='#toggle-id-3' class='toggler  av-title-above '  itemprop=\"headline\"  role='tab' tabindex='0' aria-controls='toggle-id-3' data-slide-speed=\"200\" data-title=\"EDITAL FO\/COLGRAD\/N\u00ba. 006\/2018 - SELE\u00c7\u00c3O DE ALUNOS PARA LIGANTES DA LIGA ACAD\u00caMICA DE CIRURGIA ORAL E BUCO-MAXILO-FACIAL LACOB FO UFMG \/ RESULTADO FINAL\" data-title-open=\"\" data-aria_collapsed=\"Click to expand: EDITAL FO\/COLGRAD\/N\u00ba. 006\/2018 - SELE\u00c7\u00c3O DE ALUNOS PARA LIGANTES DA LIGA ACAD\u00caMICA DE CIRURGIA ORAL E BUCO-MAXILO-FACIAL LACOB FO UFMG \/ RESULTADO FINAL\" data-aria_expanded=\"Click to collapse: EDITAL FO\/COLGRAD\/N\u00ba. 006\/2018 - SELE\u00c7\u00c3O DE ALUNOS PARA LIGANTES DA LIGA ACAD\u00caMICA DE CIRURGIA ORAL E BUCO-MAXILO-FACIAL LACOB FO UFMG \/ RESULTADO FINAL\">EDITAL FO\/COLGRAD\/N\u00ba. 006\/2018 - SELE\u00c7\u00c3O DE ALUNOS PARA LIGANTES DA LIGA ACAD\u00caMICA DE CIRURGIA ORAL E BUCO-MAXILO-FACIAL LACOB FO UFMG \/ RESULTADO FINAL<span class=\"toggle_icon\"><span class=\"vert_icon\"><\/span><span class=\"hor_icon\"><\/span><\/span><\/p><div id='toggle-id-3' aria-labelledby='toggle-toggle-id-3' role='region' class='toggle_wrap  av-title-above'  ><div class='toggle_content invers-color '  itemprop=\"text\" ><p><a href=\"http:\/\/www.odonto.ufmg.br\/colgrad\/wp-content\/uploads\/sites\/3\/2018\/10\/EDITAL-FOCOLGRAD-06-2018.pdf\">EDITAL FOCOLGRAD n\u00ba 06 2018<\/a><\/p>\n<p><a href=\"http:\/\/www.odonto.ufmg.br\/colgrad\/wp-content\/uploads\/sites\/3\/2018\/10\/Resultado-final-LACOB.pdf\">RESULTADO FINAL DO EXAME DE SELE\u00c7\u00c3O DA LIGA ACAD\u00caMICA DE CIRURGIA ORAL E BUCO-MAXILO-FACIAL LACOB FO UFMG<\/a><\/p>\n<\/div><\/div><\/div><\/section>\n<section class='av_toggle_section av-av_toggle-f11d3c46d393286ec755ee6ef7d82ec7'  itemscope=\"itemscope\" itemtype=\"https:\/\/schema.org\/CreativeWork\" ><div role=\"tablist\" class=\"single_toggle\" data-tags=\"{Todos} \"  ><p id='toggle-toggle-id-4' data-fake-id='#toggle-id-4' class='toggler  av-title-above '  itemprop=\"headline\"  role='tab' tabindex='0' aria-controls='toggle-id-4' data-slide-speed=\"200\" data-title=\"EDITAL FO\/COLGRAD\/N\u00ba. 005\/2018 - SELE\u00c7\u00c3O DE ALUNOS PARA LIGANTES DA LIGA ACAD\u00caMICA DE ODONTOLOGIA RESTAURADORA LAOR FO UFMG \/ RESULTADO FINAL\" data-title-open=\"\" data-aria_collapsed=\"Click to expand: EDITAL FO\/COLGRAD\/N\u00ba. 005\/2018 - SELE\u00c7\u00c3O DE ALUNOS PARA LIGANTES DA LIGA ACAD\u00caMICA DE ODONTOLOGIA RESTAURADORA LAOR FO UFMG \/ RESULTADO FINAL\" data-aria_expanded=\"Click to collapse: EDITAL FO\/COLGRAD\/N\u00ba. 005\/2018 - SELE\u00c7\u00c3O DE ALUNOS PARA LIGANTES DA LIGA ACAD\u00caMICA DE ODONTOLOGIA RESTAURADORA LAOR FO UFMG \/ RESULTADO FINAL\">EDITAL FO\/COLGRAD\/N\u00ba. 005\/2018 - SELE\u00c7\u00c3O DE ALUNOS PARA LIGANTES DA LIGA ACAD\u00caMICA DE ODONTOLOGIA RESTAURADORA LAOR FO UFMG \/ RESULTADO FINAL<span class=\"toggle_icon\"><span class=\"vert_icon\"><\/span><span class=\"hor_icon\"><\/span><\/span><\/p><div id='toggle-id-4' aria-labelledby='toggle-toggle-id-4' role='region' class='toggle_wrap  av-title-above'  ><div class='toggle_content invers-color '  itemprop=\"text\" ><p><a href=\"http:\/\/www.odonto.ufmg.br\/colgrad\/wp-content\/uploads\/sites\/3\/2018\/09\/EDITAL-FO-COLGRAD-05-2018.pdf\">EDITAL FO\/COLGRAD n\u00ba 05 2018<\/a><\/p>\n<p><a href=\"http:\/\/www.odonto.ufmg.br\/colgrad\/wp-content\/uploads\/sites\/3\/2018\/09\/RESULTADO-FINAL-DO-EXAME-DE-SELE\u00c7\u00c3O-DA-LIGA-ACAD\u00caMICA-DE-ODONTOLOGIA-RESTAURADORA-LAOR-_-1.pdf\">RESULTADO FINAL DO EXAME DE SELE\u00c7\u00c3O DA LIGA ACAD\u00caMICA DE ODONTOLOGIA RESTAURADORA LAOR _ 1<\/a><\/p>\n<p><a href=\"http:\/\/www.odonto.ufmg.br\/colgrad\/wp-content\/uploads\/sites\/3\/2018\/09\/RESULTADO-FINAL-DO-EXAME-DE-SELE\u00c7\u00c3O-DA-LIGA-ACAD\u00caMICA-DE-ODONTOLOGIA-RESTAURADORA-LAOR-_-2.pdf\">RESULTADO FINAL DO EXAME DE SELE\u00c7\u00c3O DA LIGA ACAD\u00caMICA DE ODONTOLOGIA RESTAURADORA LAOR _ 2<\/a><\/p>\n<\/div><\/div><\/div><\/section>\n<section class='av_toggle_section av-av_toggle-47fa351e7befe4b4f632e5a0e2b31489'  itemscope=\"itemscope\" itemtype=\"https:\/\/schema.org\/CreativeWork\" ><div role=\"tablist\" class=\"single_toggle\" data-tags=\"{Todos} \"  ><p id='toggle-toggle-id-5' data-fake-id='#toggle-id-5' class='toggler  av-title-above '  itemprop=\"headline\"  role='tab' tabindex='0' aria-controls='toggle-id-5' data-slide-speed=\"200\" data-title=\"EDITAL FO\/COLGRAD\/N\u00ba. 004\/2018 - SELE\u00c7\u00c3O DE ALUNOS PARA LIGANTES DA LIGA ACAD\u00caMICA DE IMAGINOLOGIA E ESTOMATOLOGIA LACIME FO UFMG \/ RESULTADO FINAL\" data-title-open=\"\" data-aria_collapsed=\"Click to expand: EDITAL FO\/COLGRAD\/N\u00ba. 004\/2018 - SELE\u00c7\u00c3O DE ALUNOS PARA LIGANTES DA LIGA ACAD\u00caMICA DE IMAGINOLOGIA E ESTOMATOLOGIA LACIME FO UFMG \/ RESULTADO FINAL\" data-aria_expanded=\"Click to collapse: EDITAL FO\/COLGRAD\/N\u00ba. 004\/2018 - SELE\u00c7\u00c3O DE ALUNOS PARA LIGANTES DA LIGA ACAD\u00caMICA DE IMAGINOLOGIA E ESTOMATOLOGIA LACIME FO UFMG \/ RESULTADO FINAL\">EDITAL FO\/COLGRAD\/N\u00ba. 004\/2018 - SELE\u00c7\u00c3O DE ALUNOS PARA LIGANTES DA LIGA ACAD\u00caMICA DE IMAGINOLOGIA E ESTOMATOLOGIA LACIME FO UFMG \/ RESULTADO FINAL<span class=\"toggle_icon\"><span class=\"vert_icon\"><\/span><span class=\"hor_icon\"><\/span><\/span><\/p><div id='toggle-id-5' aria-labelledby='toggle-toggle-id-5' role='region' class='toggle_wrap  av-title-above'  ><div class='toggle_content invers-color '  itemprop=\"text\" ><p><a href=\"http:\/\/www.odonto.ufmg.br\/colgrad\/wp-content\/uploads\/sites\/3\/2018\/09\/EDITAL-FO-COLGRAD-N\u00ba004_-2018.pdf\">EDITAL FO COLGRAD N\u00ba004_ 2018<\/a><\/p>\n<p><a href=\"http:\/\/www.odonto.ufmg.br\/colgrad\/wp-content\/uploads\/sites\/3\/2018\/09\/RESULTADO-FINAL-DA-SELE\u00c7\u00c3O-DE-ALUNOS-PARA-LIGANTES-DA-LACIME-_-1.pdf\">RESULTADO FINAL DA SELE\u00c7\u00c3O DE ALUNOS PARA LIGANTES DA LACIME _ 1<\/a><\/p>\n<p><a href=\"http:\/\/www.odonto.ufmg.br\/colgrad\/wp-content\/uploads\/sites\/3\/2018\/09\/RESULTADO-FINAL-DA-SELE\u00c7\u00c3O-DE-ALUNOS-PARA-LIGANTES-DA-LACIME-_-2.pdf\">RESULTADO FINAL DA SELE\u00c7\u00c3O DE ALUNOS PARA LIGANTES DA LACIME _ 2<\/a><\/p>\n<\/div><\/div><\/div><\/section>\n<section class='av_toggle_section av-av_toggle-706cfc974b9991b1263f50839c75ea87'  itemscope=\"itemscope\" itemtype=\"https:\/\/schema.org\/CreativeWork\" ><div role=\"tablist\" class=\"single_toggle\" data-tags=\"{Todos} \"  ><p id='toggle-toggle-id-6' data-fake-id='#toggle-id-6' class='toggler  av-title-above '  itemprop=\"headline\"  role='tab' tabindex='0' aria-controls='toggle-id-6' data-slide-speed=\"200\" data-title=\"EDITAL FO\/COLGRAD\/N\u00ba. 003\/2018 - SELE\u00c7\u00c3O DE ALUNOS PARA O PROJETO DE ENSINO DE RADIOLOGIA E IMAGINOLOGIA ODONTOL\u00d3GICAS \/ RESULTADO FINAL\" data-title-open=\"\" data-aria_collapsed=\"Click to expand: EDITAL FO\/COLGRAD\/N\u00ba. 003\/2018 - SELE\u00c7\u00c3O DE ALUNOS PARA O PROJETO DE ENSINO DE RADIOLOGIA E IMAGINOLOGIA ODONTOL\u00d3GICAS \/ RESULTADO FINAL\" data-aria_expanded=\"Click to collapse: EDITAL FO\/COLGRAD\/N\u00ba. 003\/2018 - SELE\u00c7\u00c3O DE ALUNOS PARA O PROJETO DE ENSINO DE RADIOLOGIA E IMAGINOLOGIA ODONTOL\u00d3GICAS \/ RESULTADO FINAL\">EDITAL FO\/COLGRAD\/N\u00ba. 003\/2018 - SELE\u00c7\u00c3O DE ALUNOS PARA O PROJETO DE ENSINO DE RADIOLOGIA E IMAGINOLOGIA ODONTOL\u00d3GICAS \/ RESULTADO FINAL<span class=\"toggle_icon\"><span class=\"vert_icon\"><\/span><span class=\"hor_icon\"><\/span><\/span><\/p><div id='toggle-id-6' aria-labelledby='toggle-toggle-id-6' role='region' class='toggle_wrap  av-title-above'  ><div class='toggle_content invers-color '  itemprop=\"text\" ><p><a href=\"http:\/\/www.odonto.ufmg.br\/colgrad\/wp-content\/uploads\/sites\/3\/2018\/08\/EDITAL-No-003-2018-COLGRAD.pdf\">EDITAL No 003-2018 COLGRAD<\/a><\/p>\n<p><a href=\"http:\/\/www.odonto.ufmg.br\/colgrad\/wp-content\/uploads\/sites\/3\/2018\/08\/RESULTADO-FINAL-DO-EXAME-DO-PROJETO-DE-ENSINO-DE-RADIOLOGIA-E-IMAGINOLOGIA-ODONTOL\u00d3GICAS-2018_2.pdf\">RESULTADO FINAL DO EXAME DO PROJETO DE ENSINO DE RADIOLOGIA E IMAGINOLOGIA ODONTOL\u00d3GICAS 2018_2<\/a><\/p>\n<\/div><\/div><\/div><\/section>\n<section class='av_toggle_section av-av_toggle-a7dfad5761f0a5be9c3abd1818ed40d1'  itemscope=\"itemscope\" itemtype=\"https:\/\/schema.org\/CreativeWork\" ><div role=\"tablist\" class=\"single_toggle\" data-tags=\"{Todos} \"  ><p id='toggle-toggle-id-7' data-fake-id='#toggle-id-7' class='toggler  av-title-above '  itemprop=\"headline\"  role='tab' tabindex='0' aria-controls='toggle-id-7' data-slide-speed=\"200\" data-title=\"EDITAL FO\/COLGRAD\/N\u00ba. 002\/2018 DE SELE\u00c7\u00c3O DE MONITOR PMG PROGRAD \/ RESULTADO FINAL\" data-title-open=\"\" data-aria_collapsed=\"Click to expand: EDITAL FO\/COLGRAD\/N\u00ba. 002\/2018 DE SELE\u00c7\u00c3O DE MONITOR PMG PROGRAD \/ RESULTADO FINAL\" data-aria_expanded=\"Click to collapse: EDITAL FO\/COLGRAD\/N\u00ba. 002\/2018 DE SELE\u00c7\u00c3O DE MONITOR PMG PROGRAD \/ RESULTADO FINAL\">EDITAL FO\/COLGRAD\/N\u00ba. 002\/2018 DE SELE\u00c7\u00c3O DE MONITOR PMG PROGRAD \/ RESULTADO FINAL<span class=\"toggle_icon\"><span class=\"vert_icon\"><\/span><span class=\"hor_icon\"><\/span><\/span><\/p><div id='toggle-id-7' aria-labelledby='toggle-toggle-id-7' role='region' class='toggle_wrap  av-title-above'  ><div class='toggle_content invers-color '  itemprop=\"text\" ><p><a href=\"http:\/\/www.odonto.ufmg.br\/colgrad\/wp-content\/uploads\/sites\/3\/2018\/03\/EDITAL-No-002-2018-PMG-COLGRAD.pdf\">EDITAL No 002-2018 PMG COLGRAD<\/a><\/p>\n<p><a href=\"http:\/\/www.odonto.ufmg.br\/colgrad\/wp-content\/uploads\/sites\/3\/2018\/04\/Resultado-Final-de-Sele\u00e7\u00e3o-de-Bolsistas-no-PMG-do-COLGRAD-ODONTO.pdf\">RESULTADO FINAL DO EXAME DE SELE\u00c7\u00c3O DE BOLSISTAS\u00a0 PMG\u00a0 &#8211; COLGRAD ODONTO 2018<\/a><\/p>\n<\/div><\/div><\/div><\/section>\n<section class='av_toggle_section av-av_toggle-e0a0f16991f010f84d94095281472e01'  itemscope=\"itemscope\" itemtype=\"https:\/\/schema.org\/CreativeWork\" ><div role=\"tablist\" class=\"single_toggle\" data-tags=\"{Todos} \"  ><p id='toggle-toggle-id-8' data-fake-id='#toggle-id-8' class='toggler  av-title-above '  itemprop=\"headline\"  role='tab' tabindex='0' aria-controls='toggle-id-8' data-slide-speed=\"200\" data-title=\"EDITAL FO\/COLGRAD\/N\u00ba. 001\/2018 DE SELE\u00c7\u00c3O DO PIFD \/ RESULTADO FINAL\" data-title-open=\"\" data-aria_collapsed=\"Click to expand: EDITAL FO\/COLGRAD\/N\u00ba. 001\/2018 DE SELE\u00c7\u00c3O DO PIFD \/ RESULTADO FINAL\" data-aria_expanded=\"Click to collapse: EDITAL FO\/COLGRAD\/N\u00ba. 001\/2018 DE SELE\u00c7\u00c3O DO PIFD \/ RESULTADO FINAL\">EDITAL FO\/COLGRAD\/N\u00ba. 001\/2018 DE SELE\u00c7\u00c3O DO PIFD \/ RESULTADO FINAL<span class=\"toggle_icon\"><span class=\"vert_icon\"><\/span><span class=\"hor_icon\"><\/span><\/span><\/p><div id='toggle-id-8' aria-labelledby='toggle-toggle-id-8' role='region' class='toggle_wrap  av-title-above'  ><div class='toggle_content invers-color '  itemprop=\"text\" ><p><a href=\"http:\/\/www.odonto.ufmg.br\/colgrad\/wp-content\/uploads\/sites\/3\/2018\/03\/EDITAL-COLGRAD-N\u00ba001_2018-DE-SELE\u00c7\u00c3O-DO-PIFD.pdf\">EDITAL COLGRAD N\u00ba001_2018 DE SELE\u00c7\u00c3O DO PIFD<\/a><\/p>\n<p><a href=\"http:\/\/www.odonto.ufmg.br\/colgrad\/wp-content\/uploads\/sites\/3\/2018\/03\/Resultado-Final-do-Exame-de-Sele\u00e7\u00e3o-PIFD_2018.pdf\">RESULTADO FINAL DO EXAME DE SELE\u00c7\u00c3O PIFD_2018<\/a><\/p>\n<\/div><\/div><\/div><\/section>\n<section class='av_toggle_section av-av_toggle-a84f6783df4faf77bf6e29933a35311d'  itemscope=\"itemscope\" itemtype=\"https:\/\/schema.org\/CreativeWork\" ><div role=\"tablist\" class=\"single_toggle\" data-tags=\"{Todos} \"  ><p id='toggle-toggle-id-9' data-fake-id='#toggle-id-9' class='toggler  av-title-above '  itemprop=\"headline\"  role='tab' tabindex='0' aria-controls='toggle-id-9' data-slide-speed=\"200\" data-title=\"EDITAL FO\/DIRETORIA\/N\u00ba. 04\/2018 - ELEI\u00c7\u00c3O DA COORDENA\u00c7\u00c3O GERAL DO COLEGIADO DE GRADUA\u00c7\u00c3O \/ ATA DA REUNI\u00c3O ORDIN\u00c1RIA \/ ATA DE HOMOLOGA\u00c7\u00c3O\" data-title-open=\"\" data-aria_collapsed=\"Click to expand: EDITAL FO\/DIRETORIA\/N\u00ba. 04\/2018 - ELEI\u00c7\u00c3O DA COORDENA\u00c7\u00c3O GERAL DO COLEGIADO DE GRADUA\u00c7\u00c3O \/ ATA DA REUNI\u00c3O ORDIN\u00c1RIA \/ ATA DE HOMOLOGA\u00c7\u00c3O\" data-aria_expanded=\"Click to collapse: EDITAL FO\/DIRETORIA\/N\u00ba. 04\/2018 - ELEI\u00c7\u00c3O DA COORDENA\u00c7\u00c3O GERAL DO COLEGIADO DE GRADUA\u00c7\u00c3O \/ ATA DA REUNI\u00c3O ORDIN\u00c1RIA \/ ATA DE HOMOLOGA\u00c7\u00c3O\">EDITAL FO\/DIRETORIA\/N\u00ba. 04\/2018 - ELEI\u00c7\u00c3O DA COORDENA\u00c7\u00c3O GERAL DO COLEGIADO DE GRADUA\u00c7\u00c3O \/ ATA DA REUNI\u00c3O ORDIN\u00c1RIA \/ ATA DE HOMOLOGA\u00c7\u00c3O<span class=\"toggle_icon\"><span class=\"vert_icon\"><\/span><span class=\"hor_icon\"><\/span><\/span><\/p><div id='toggle-id-9' aria-labelledby='toggle-toggle-id-9' role='region' class='toggle_wrap  av-title-above'  ><div class='toggle_content invers-color '  itemprop=\"text\" ><p><a href=\"http:\/\/www.odonto.ufmg.br\/colgrad\/wp-content\/uploads\/sites\/3\/2018\/02\/EDITAL-ELEICAO-COORDENADOR-E-SUB-COORDENADOR-COLGRAD-2018.pdf\">EDITAL ELEICAO COORDENADOR E SUB COORDENADOR COLGRAD 2018<\/a><\/p>\n<p><a href=\"http:\/\/www.odonto.ufmg.br\/colgrad\/wp-content\/uploads\/sites\/3\/2018\/03\/ATA-DA-REUNI\u00c3O-ORDIN\u00c1RIA.pdf\">ATA DA REUNI\u00c3O ORDIN\u00c1RIA DE 14\/03\/2018 PARA ELEI\u00c7\u00c3O DA COORDENA\u00c7\u00c3O GERAL &#8211; COORDENADOR E SUB COORDENADOR &#8211; DO COLEGIADO DE GRADUA\u00c7\u00c3O EM ODONTOLOGIA DA FO UFMG 2018-2020<\/a><\/p>\n<p><a href=\"http:\/\/www.odonto.ufmg.br\/colgrad\/wp-content\/uploads\/sites\/3\/2018\/03\/ata-20.03.2018-homologacao.pdf\">ATA\u00a0 DE 20.03.2018 HOMOLOGA\u00c7\u00c3O<\/a><\/p>\n<\/div><\/div><\/div><\/section>\n<\/div>\n","protected":false},"excerpt":{"rendered":"","protected":false},"author":1,"featured_media":0,"parent":0,"menu_order":0,"comment_status":"closed","ping_status":"closed","template":"","meta":{"inline_featured_image":false,"footnotes":""},"class_list":["post-42","page","type-page","status-publish","hentry"],"yoast_head":"<!-- This site is optimized with the Yoast SEO plugin v27.5 - https:\/\/yoast.com\/product\/yoast-seo-wordpress\/ -->\n<title>Editais COLGRAD - Colegiado de Gradua\u00e7\u00e3o<\/title>\n<meta name=\"robots\" content=\"index, follow, max-snippet:-1, max-image-preview:large, max-video-preview:-1\" \/>\n<link rel=\"canonical\" href=\"https:\/\/www.odonto.ufmg.br\/colgrad\/editais\/\" \/>\n<meta property=\"og:locale\" content=\"pt_BR\" \/>\n<meta property=\"og:type\" content=\"article\" \/>\n<meta property=\"og:title\" content=\"Editais COLGRAD - Colegiado de Gradua\u00e7\u00e3o\" \/>\n<meta property=\"og:url\" content=\"https:\/\/www.odonto.ufmg.br\/colgrad\/editais\/\" \/>\n<meta property=\"og:site_name\" content=\"Colegiado de Gradua\u00e7\u00e3o\" \/>\n<meta property=\"article:modified_time\" content=\"2019-10-10T11:15:47+00:00\" \/>\n<meta name=\"twitter:card\" content=\"summary_large_image\" \/>\n<meta name=\"twitter:label1\" content=\"Est. tempo de leitura\" \/>\n\t<meta name=\"twitter:data1\" content=\"2 minutos\" \/>\n<script type=\"application\/ld+json\" class=\"yoast-schema-graph\">{\"@context\":\"https:\\\/\\\/schema.org\",\"@graph\":[{\"@type\":\"WebPage\",\"@id\":\"https:\\\/\\\/www.odonto.ufmg.br\\\/colgrad\\\/editais\\\/\",\"url\":\"https:\\\/\\\/www.odonto.ufmg.br\\\/colgrad\\\/editais\\\/\",\"name\":\"Editais COLGRAD - Colegiado de Gradua\u00e7\u00e3o\",\"isPartOf\":{\"@id\":\"https:\\\/\\\/www.odonto.ufmg.br\\\/colgrad\\\/#website\"},\"datePublished\":\"2015-12-07T14:23:39+00:00\",\"dateModified\":\"2019-10-10T11:15:47+00:00\",\"breadcrumb\":{\"@id\":\"https:\\\/\\\/www.odonto.ufmg.br\\\/colgrad\\\/editais\\\/#breadcrumb\"},\"inLanguage\":\"pt-BR\",\"potentialAction\":[{\"@type\":\"ReadAction\",\"target\":[\"https:\\\/\\\/www.odonto.ufmg.br\\\/colgrad\\\/editais\\\/\"]}]},{\"@type\":\"BreadcrumbList\",\"@id\":\"https:\\\/\\\/www.odonto.ufmg.br\\\/colgrad\\\/editais\\\/#breadcrumb\",\"itemListElement\":[{\"@type\":\"ListItem\",\"position\":1,\"name\":\"In\u00edcio\",\"item\":\"https:\\\/\\\/www.odonto.ufmg.br\\\/colgrad\\\/inicio\\\/\"},{\"@type\":\"ListItem\",\"position\":2,\"name\":\"Editais COLGRAD\"}]},{\"@type\":\"WebSite\",\"@id\":\"https:\\\/\\\/www.odonto.ufmg.br\\\/colgrad\\\/#website\",\"url\":\"https:\\\/\\\/www.odonto.ufmg.br\\\/colgrad\\\/\",\"name\":\"Colegiado de Gradua\u00e7\u00e3o\",\"description\":\"Faculdade de Odontologia UFMG\",\"potentialAction\":[{\"@type\":\"SearchAction\",\"target\":{\"@type\":\"EntryPoint\",\"urlTemplate\":\"https:\\\/\\\/www.odonto.ufmg.br\\\/colgrad\\\/?s={search_term_string}\"},\"query-input\":{\"@type\":\"PropertyValueSpecification\",\"valueRequired\":true,\"valueName\":\"search_term_string\"}}],\"inLanguage\":\"pt-BR\"}]}<\/script>\n<!-- \/ Yoast SEO plugin. -->","yoast_head_json":{"title":"Editais COLGRAD - Colegiado de Gradua\u00e7\u00e3o","robots":{"index":"index","follow":"follow","max-snippet":"max-snippet:-1","max-image-preview":"max-image-preview:large","max-video-preview":"max-video-preview:-1"},"canonical":"https:\/\/www.odonto.ufmg.br\/colgrad\/editais\/","og_locale":"pt_BR","og_type":"article","og_title":"Editais COLGRAD - Colegiado de Gradua\u00e7\u00e3o","og_url":"https:\/\/www.odonto.ufmg.br\/colgrad\/editais\/","og_site_name":"Colegiado de Gradua\u00e7\u00e3o","article_modified_time":"2019-10-10T11:15:47+00:00","twitter_card":"summary_large_image","twitter_misc":{"Est. tempo de leitura":"2 minutos"},"schema":{"@context":"https:\/\/schema.org","@graph":[{"@type":"WebPage","@id":"https:\/\/www.odonto.ufmg.br\/colgrad\/editais\/","url":"https:\/\/www.odonto.ufmg.br\/colgrad\/editais\/","name":"Editais COLGRAD - Colegiado de Gradua\u00e7\u00e3o","isPartOf":{"@id":"https:\/\/www.odonto.ufmg.br\/colgrad\/#website"},"datePublished":"2015-12-07T14:23:39+00:00","dateModified":"2019-10-10T11:15:47+00:00","breadcrumb":{"@id":"https:\/\/www.odonto.ufmg.br\/colgrad\/editais\/#breadcrumb"},"inLanguage":"pt-BR","potentialAction":[{"@type":"ReadAction","target":["https:\/\/www.odonto.ufmg.br\/colgrad\/editais\/"]}]},{"@type":"BreadcrumbList","@id":"https:\/\/www.odonto.ufmg.br\/colgrad\/editais\/#breadcrumb","itemListElement":[{"@type":"ListItem","position":1,"name":"In\u00edcio","item":"https:\/\/www.odonto.ufmg.br\/colgrad\/inicio\/"},{"@type":"ListItem","position":2,"name":"Editais COLGRAD"}]},{"@type":"WebSite","@id":"https:\/\/www.odonto.ufmg.br\/colgrad\/#website","url":"https:\/\/www.odonto.ufmg.br\/colgrad\/","name":"Colegiado de Gradua\u00e7\u00e3o","description":"Faculdade de Odontologia UFMG","potentialAction":[{"@type":"SearchAction","target":{"@type":"EntryPoint","urlTemplate":"https:\/\/www.odonto.ufmg.br\/colgrad\/?s={search_term_string}"},"query-input":{"@type":"PropertyValueSpecification","valueRequired":true,"valueName":"search_term_string"}}],"inLanguage":"pt-BR"}]}},"_links":{"self":[{"href":"https:\/\/www.odonto.ufmg.br\/colgrad\/wp-json\/wp\/v2\/pages\/42","targetHints":{"allow":["GET"]}}],"collection":[{"href":"https:\/\/www.odonto.ufmg.br\/colgrad\/wp-json\/wp\/v2\/pages"}],"about":[{"href":"https:\/\/www.odonto.ufmg.br\/colgrad\/wp-json\/wp\/v2\/types\/page"}],"author":[{"embeddable":true,"href":"https:\/\/www.odonto.ufmg.br\/colgrad\/wp-json\/wp\/v2\/users\/1"}],"replies":[{"embeddable":true,"href":"https:\/\/www.odonto.ufmg.br\/colgrad\/wp-json\/wp\/v2\/comments?post=42"}],"version-history":[{"count":48,"href":"https:\/\/www.odonto.ufmg.br\/colgrad\/wp-json\/wp\/v2\/pages\/42\/revisions"}],"predecessor-version":[{"id":2387,"href":"https:\/\/www.odonto.ufmg.br\/colgrad\/wp-json\/wp\/v2\/pages\/42\/revisions\/2387"}],"wp:attachment":[{"href":"https:\/\/www.odonto.ufmg.br\/colgrad\/wp-json\/wp\/v2\/media?parent=42"}],"curies":[{"name":"wp","href":"https:\/\/api.w.org\/{rel}","templated":true}]}}