{"id":3646,"date":"2026-01-29T12:36:58","date_gmt":"2026-01-29T15:36:58","guid":{"rendered":"https:\/\/www.odonto.ufmg.br\/colgrad\/?page_id=3646"},"modified":"2026-01-29T12:36:59","modified_gmt":"2026-01-29T15:36:59","slug":"liga-academica-3","status":"publish","type":"page","link":"https:\/\/www.odonto.ufmg.br\/colgrad\/liga-academica-3\/","title":{"rendered":"Liga Acad\u00eamica Processo Seletivo"},"content":{"rendered":"<div  class='togglecontainer av-m2xxdv4u-9cac14022e16a754261be23a276e76cb  avia-builder-el-0  avia-builder-el-no-sibling  toggle_close_all' >\n<section class='av_toggle_section av-m2xxdn9n-feb2ded51c9f6c9edca855e61ff9c320'  itemscope=\"itemscope\" itemtype=\"https:\/\/schema.org\/CreativeWork\" ><div role=\"tablist\" class=\"single_toggle\" data-tags=\"{Todos} \"  ><p id='toggle-toggle-id-1' data-fake-id='#toggle-id-1' class='toggler  av-title-above '  itemprop=\"headline\"  role='tab' tabindex='0' aria-controls='toggle-id-1' data-slide-speed=\"200\" data-title=\"2025\" data-title-open=\"\" data-aria_collapsed=\"Click to expand: 2025\" data-aria_expanded=\"Click to collapse: 2025\">2025<span class=\"toggle_icon\"><span class=\"vert_icon\"><\/span><span class=\"hor_icon\"><\/span><\/span><\/p><div id='toggle-id-1' aria-labelledby='toggle-toggle-id-1' role='region' class='toggle_wrap  av-title-above'  ><div class='toggle_content invers-color '  itemprop=\"text\" ><ul>\n<li><strong>Chamada P\u00fablica Interna &#8211; Sele\u00e7\u00e3o de ligantes 2025: <span style=\"color: #ff0000\"><a style=\"color: #ff0000\" href=\"http:\/\/www.odonto.ufmg.br\/colgrad\/wp-content\/uploads\/sites\/3\/2025\/01\/0_Chamada_publica_interna_-_Selecao_de_ligantes_2025_assinado.pdf\">Download<\/a><\/span><\/strong><\/li>\n<li><strong>Ficha de Inscri\u00e7\u00e3o: <span style=\"color: #ff0000\"><a style=\"color: #ff0000\" href=\"http:\/\/www.odonto.ufmg.br\/colgrad\/wp-content\/uploads\/sites\/3\/2025\/01\/1-Ficha-de-inscricao.docx\">Download<\/a><\/span><\/strong><\/li>\n<li><strong>Edital Unificado 001\/2025 &#8211; SELE\u00c7\u00c3O DE ALUNOS PARA LIGANTES DAS LIGAS ACAD\u00caMICAS DA FAO UFMG: <span style=\"color: #ff0000\"><a style=\"color: #ff0000\" href=\"http:\/\/www.odonto.ufmg.br\/colgrad\/wp-content\/uploads\/sites\/3\/2025\/02\/2_Edital_unificado_-_SELECAO_LIGAS_ACADEMICAS_FAOUFMG_2025_assinado.pdf\">Download<\/a><\/span><\/strong><\/li>\n<\/ul>\n<h3 class=\"h6 font-weight-bold mb-0\" style=\"text-align: center\" data-region-content=\"forum-post-core-subject\" data-reply-subject=\"Re: Resultado da Sele\u00e7\u00e3o de Alunos para Ligantes das Ligas Acad\u00eamicas da FAO\/UFMG 2024\"><strong>Resultado da Sele\u00e7\u00e3o de Alunos para Ligantes das Ligas Acad\u00eamicas da FAO\/UFMG 2025<\/strong><\/h3>\n<p>O Colegiado de Gradua\u00e7\u00e3o da Faculdade de Odontologia da UFMG torna p\u00fablico o resultado da sele\u00e7\u00e3o de alunos para as ligas acad\u00eamicas da FAO\/UFMG 2025, conforme o EDITAL FAO\/COLGRAD N\u00ba 01\/2025. Informamos que o resultado da liga n\u00e3o inclu\u00eddo nesta publica\u00e7\u00e3o se deve ao fato de o material precisar ser refeito ou de a liga n\u00e3o ter enviado a documenta\u00e7\u00e3o necess\u00e1ria para a publica\u00e7\u00e3o. Em caso de d\u00favidas sobre o resultado final, os candidatos devem entrar em contato com os membros da diretoria da liga.<\/p>\n<ul>\n<li><strong>ENDOPRO &#8211; <span style=\"color: #ff0000\"><a style=\"color: #ff0000\" href=\"http:\/\/www.odonto.ufmg.br\/colgrad\/wp-content\/uploads\/sites\/3\/2025\/03\/ENDOPRO.pdf\">Download<\/a><\/span><\/strong><\/li>\n<li><strong>LACIME &#8211; <span style=\"color: #ff0000\"><a style=\"color: #ff0000\" href=\"http:\/\/www.odonto.ufmg.br\/colgrad\/wp-content\/uploads\/sites\/3\/2025\/03\/LACIME.pdf\">Download<\/a><\/span><\/strong><\/li>\n<li><strong>LACOB &#8211; <span style=\"color: #ff0000\"><a style=\"color: #ff0000\" href=\"http:\/\/www.odonto.ufmg.br\/colgrad\/wp-content\/uploads\/sites\/3\/2025\/03\/LACOB.pdf\">Download<\/a><\/span><\/strong><\/li>\n<li><strong>LAGEO &#8211; <span style=\"color: #ff0000\"><a style=\"color: #ff0000\" href=\"http:\/\/www.odonto.ufmg.br\/colgrad\/wp-content\/uploads\/sites\/3\/2025\/03\/LAGEO.pdf\">Download<\/a><\/span><\/strong><\/li>\n<li><strong>LAHOF &#8211; <span style=\"color: #ff0000\"><a style=\"color: #ff0000\" href=\"http:\/\/www.odonto.ufmg.br\/colgrad\/wp-content\/uploads\/sites\/3\/2025\/03\/LAHOF.pdf\">Download<\/a><\/span><\/strong><\/li>\n<li><strong>LAIMPERIO &#8211; <span style=\"color: #ff0000\"><a style=\"color: #ff0000\" href=\"http:\/\/www.odonto.ufmg.br\/colgrad\/wp-content\/uploads\/sites\/3\/2025\/03\/LAIMPERIO.pdf\">Download<\/a><\/span><\/strong><\/li>\n<li><strong>LAOD &#8211; <span style=\"color: #ff0000\"><a style=\"color: #ff0000\" href=\"http:\/\/www.odonto.ufmg.br\/colgrad\/wp-content\/uploads\/sites\/3\/2025\/03\/LAOD.pdf\">Download<\/a><\/span><\/strong><\/li>\n<li><strong>LAOESP &#8211; <span style=\"color: #ff0000\"><a style=\"color: #ff0000\" href=\"http:\/\/www.odonto.ufmg.br\/colgrad\/wp-content\/uploads\/sites\/3\/2025\/04\/LAOESP.pdf\">Download<\/a><\/span><\/strong><\/li>\n<li><strong>LAOHOSP &#8211; <span style=\"color: #ff0000\"><a style=\"color: #ff0000\" href=\"http:\/\/www.odonto.ufmg.br\/colgrad\/wp-content\/uploads\/sites\/3\/2025\/03\/LAOHOSP.pdf\">Download<\/a><\/span><\/strong><\/li>\n<li><strong>LAOPIC &#8211; <span style=\"color: #ff0000\"><a style=\"color: #ff0000\" href=\"http:\/\/www.odonto.ufmg.br\/colgrad\/wp-content\/uploads\/sites\/3\/2025\/03\/LAOPIC.pdf\">Download<\/a><\/span><\/strong><\/li>\n<li><strong>LAOR &#8211; <span style=\"color: #ff0000\"><a style=\"color: #ff0000\" href=\"http:\/\/www.odonto.ufmg.br\/colgrad\/wp-content\/uploads\/sites\/3\/2025\/03\/LAOR.pdf\">Download<\/a><\/span><\/strong><\/li>\n<li><strong>LAORTO &#8211; <span style=\"color: #ff0000\"><a style=\"color: #ff0000\" href=\"http:\/\/www.odonto.ufmg.br\/colgrad\/wp-content\/uploads\/sites\/3\/2025\/03\/LAORTO.pdf\">Download<\/a><\/span><\/strong><\/li>\n<li><strong>LASI &#8211; <span style=\"color: #ff0000\"><a style=\"color: #ff0000\" href=\"http:\/\/www.odonto.ufmg.br\/colgrad\/wp-content\/uploads\/sites\/3\/2025\/03\/LASI.pdf\">Download<\/a><\/span><\/strong><\/li>\n<li><strong>LATEC &#8211; <span style=\"color: #ff0000\"><a style=\"color: #ff0000\" href=\"http:\/\/www.odonto.ufmg.br\/colgrad\/wp-content\/uploads\/sites\/3\/2025\/03\/LATEC.pdf\">Download<\/a><\/span><\/strong><\/li>\n<\/ul>\n<\/div><\/div><\/div><\/section>\n<section class='av_toggle_section av-m2xxdn9n-1-d75d86af0a27dde4392e1dc31b0c171a'  itemscope=\"itemscope\" itemtype=\"https:\/\/schema.org\/CreativeWork\" ><div role=\"tablist\" class=\"single_toggle\" data-tags=\"{Todos} \"  ><p id='toggle-toggle-id-2' data-fake-id='#toggle-id-2' class='toggler  av-title-above '  itemprop=\"headline\"  role='tab' tabindex='0' aria-controls='toggle-id-2' data-slide-speed=\"200\" data-title=\"2024\" data-title-open=\"\" data-aria_collapsed=\"Click to expand: 2024\" data-aria_expanded=\"Click to collapse: 2024\">2024<span class=\"toggle_icon\"><span class=\"vert_icon\"><\/span><span class=\"hor_icon\"><\/span><\/span><\/p><div id='toggle-id-2' aria-labelledby='toggle-toggle-id-2' role='region' class='toggle_wrap  av-title-above'  ><div class='toggle_content invers-color '  itemprop=\"text\" ><ul>\n<li><strong>Edital Unificado 01\/2024 &#8211; SELE\u00c7\u00c3O DE ALUNOS PARA LIGANTES DAS LIGAS ACAD\u00caMICAS DA FAO UFMG: <span style=\"color: #ff0000\"><a style=\"color: #ff0000\" href=\"http:\/\/www.odonto.ufmg.br\/colgrad\/wp-content\/uploads\/sites\/3\/2024\/03\/Edital-unificado-SELECAO-LIGAS-ACADEMICAS-FAOUFMG-2024.pdf\">Download<\/a><\/span><\/strong><\/li>\n<\/ul>\n<h3 class=\"h6 font-weight-bold mb-0\" style=\"text-align: center\" data-region-content=\"forum-post-core-subject\" data-reply-subject=\"Re: Resultado da Sele\u00e7\u00e3o de Alunos para Ligantes das Ligas Acad\u00eamicas da FAO\/UFMG 2024\"><strong>Resultado da Sele\u00e7\u00e3o de Alunos para Ligantes das Ligas Acad\u00eamicas da FAO\/UFMG 2024<\/strong><\/h3>\n<p>O Colegiado de Gradua\u00e7\u00e3o da Faculdade de Odontologia da UFMG torna p\u00fablico o resultado da sele\u00e7\u00e3o de alunos para as ligas acad\u00eamicas da FAO\/UFMG 2024, conforme o EDITAL FAO\/COLGRAD N\u00ba 01\/2024. Informamos que o resultado da liga n\u00e3o inclu\u00eddo nesta publica\u00e7\u00e3o se deve ao fato de o material precisar ser refeito ou de a liga n\u00e3o ter enviado a documenta\u00e7\u00e3o necess\u00e1ria para a publica\u00e7\u00e3o. Em caso de d\u00favidas sobre o resultado final, os candidatos devem entrar em contato com os membros da diretoria da liga.<\/p>\n<ul>\n<li><strong>ENDOPRO &#8211; <span style=\"color: #ff0000\"><a style=\"color: #ff0000\" href=\"http:\/\/www.odonto.ufmg.br\/colgrad\/wp-content\/uploads\/sites\/3\/2024\/03\/ENDOPRO.pdf\">Download<\/a><\/span><\/strong><\/li>\n<li><strong>LAHOF &#8211; <span style=\"color: #ff0000\"><a style=\"color: #ff0000\" href=\"http:\/\/www.odonto.ufmg.br\/colgrad\/wp-content\/uploads\/sites\/3\/2024\/03\/LAHOF.pdf\">Download<\/a><\/span><\/strong><\/li>\n<li><strong>LAOHOSP &#8211; <span style=\"color: #ff0000\"><a style=\"color: #ff0000\" href=\"http:\/\/www.odonto.ufmg.br\/colgrad\/wp-content\/uploads\/sites\/3\/2024\/03\/LAOHOSP.pdf\">Download<\/a><\/span><\/strong><\/li>\n<li><strong>LAOPIC &#8211; <span style=\"color: #ff0000\"><a style=\"color: #ff0000\" href=\"http:\/\/www.odonto.ufmg.br\/colgrad\/wp-content\/uploads\/sites\/3\/2024\/03\/LAOPIC.pdf\">Download<\/a><\/span><\/strong><\/li>\n<li><strong>LASI &#8211; <span style=\"color: #ff0000\"><a style=\"color: #ff0000\" href=\"http:\/\/www.odonto.ufmg.br\/colgrad\/wp-content\/uploads\/sites\/3\/2024\/03\/LASI.pdf\">Download<\/a><\/span><\/strong><\/li>\n<li><strong>LATEC &#8211; <span style=\"color: #ff0000\"><a style=\"color: #ff0000\" href=\"http:\/\/www.odonto.ufmg.br\/colgrad\/wp-content\/uploads\/sites\/3\/2024\/03\/LATEC.pdf\">Download<\/a><\/span><\/strong><\/li>\n<li><strong>LACIME &#8211; <span style=\"color: #ff0000\"><a style=\"color: #ff0000\" href=\"http:\/\/www.odonto.ufmg.br\/colgrad\/wp-content\/uploads\/sites\/3\/2024\/03\/LACIME28_03.pdf\">Download<\/a><\/span><\/strong><\/li>\n<li><strong>LAODigital &#8211; <span style=\"color: #ff0000\"><a style=\"color: #ff0000\" href=\"http:\/\/www.odonto.ufmg.br\/colgrad\/wp-content\/uploads\/sites\/3\/2024\/03\/LAODigital27_03.pdf\">Download<\/a><\/span><\/strong><\/li>\n<li><strong>LAOESP &#8211; <span style=\"color: #ff0000\"><a style=\"color: #ff0000\" href=\"http:\/\/www.odonto.ufmg.br\/colgrad\/wp-content\/uploads\/sites\/3\/2024\/04\/LAOESP.pdf\">Download<\/a><\/span><\/strong><\/li>\n<li><strong>LAOF &#8211; <span style=\"color: #ff0000\"><a style=\"color: #ff0000\" href=\"http:\/\/www.odonto.ufmg.br\/colgrad\/wp-content\/uploads\/sites\/3\/2024\/04\/LAOF.pdf\">Download<\/a><\/span><\/strong><\/li>\n<li><strong>LAOR &#8211; <span style=\"color: #ff0000\"><a style=\"color: #ff0000\" href=\"http:\/\/www.odonto.ufmg.br\/colgrad\/wp-content\/uploads\/sites\/3\/2024\/04\/LAOR.pdf\">Download<\/a><\/span><\/strong><\/li>\n<li><strong>LACOB &#8211; <span style=\"color: #ff0000\"><a style=\"color: #ff0000\" href=\"http:\/\/www.odonto.ufmg.br\/colgrad\/wp-content\/uploads\/sites\/3\/2024\/04\/LACOB.pdf\">Download<\/a><\/span><\/strong><\/li>\n<li><strong>LAORTO &#8211; <span style=\"color: #ff0000\"><a style=\"color: #ff0000\" href=\"http:\/\/www.odonto.ufmg.br\/colgrad\/wp-content\/uploads\/sites\/3\/2024\/05\/LAORTO.pdf\">Download<\/a><\/span><\/strong><\/li>\n<li><strong>LAGEO &#8211; <span style=\"color: #ff0000\"><a style=\"color: #ff0000\" href=\"http:\/\/www.odonto.ufmg.br\/colgrad\/wp-content\/uploads\/sites\/3\/2024\/06\/LAGEO.pdf\">Download<\/a><\/span><\/strong><\/li>\n<\/ul>\n<\/div><\/div><\/div><\/section>\n<section class='av_toggle_section av-m2xxdtee-a9244bd8c8ef1cab77cec59e59981564'  itemscope=\"itemscope\" itemtype=\"https:\/\/schema.org\/CreativeWork\" ><div role=\"tablist\" class=\"single_toggle\" data-tags=\"{Todos} \"  ><p id='toggle-toggle-id-3' data-fake-id='#toggle-id-3' class='toggler  av-title-above '  itemprop=\"headline\"  role='tab' tabindex='0' aria-controls='toggle-id-3' data-slide-speed=\"200\" data-title=\"2023\" data-title-open=\"\" data-aria_collapsed=\"Click to expand: 2023\" data-aria_expanded=\"Click to collapse: 2023\">2023<span class=\"toggle_icon\"><span class=\"vert_icon\"><\/span><span class=\"hor_icon\"><\/span><\/span><\/p><div id='toggle-id-3' aria-labelledby='toggle-toggle-id-3' role='region' class='toggle_wrap  av-title-above'  ><div class='toggle_content invers-color '  itemprop=\"text\" ><ul>\n<li>Edital Unificado 01\/2023 &#8211; SELE\u00c7\u00c3O DE ALUNOS PARA LIGANTES DAS LIGAS ACAD\u00caMICAS DA FAO UFMG: <span style=\"color: #ff0000\"><a style=\"color: #ff0000\" href=\"http:\/\/www.odonto.ufmg.br\/colgrad\/wp-content\/uploads\/sites\/3\/2023\/03\/EDITAL_DE_SELECAO_LIGAS_ACADEMICAS_FAOUFMG_2023_01_29_assinado.pdf\">Download<\/a><\/span><\/li>\n<li>Resultado de Selec\u0327a\u0303o Unificado &#8211; <span style=\"color: #ff0000\"><strong><a style=\"color: #ff0000\" href=\"http:\/\/www.odonto.ufmg.br\/colgrad\/wp-content\/uploads\/sites\/3\/2023\/03\/Resultado-Selec\u0327a\u0303o-Padronizado.pdf\">Download<\/a><\/strong><\/span><\/li>\n<li>ANEXO_Resultado_revisado da liga LACOB &#8211; <strong><a href=\"http:\/\/www.odonto.ufmg.br\/colgrad\/wp-content\/uploads\/sites\/3\/2023\/04\/Revisao_de_resultado.pdf\"><span style=\"color: #ff0000\">Download<\/span><\/a><\/strong><\/li>\n<\/ul>\n<\/div><\/div><\/div><\/section>\n<\/div>\n","protected":false},"excerpt":{"rendered":"","protected":false},"author":20,"featured_media":0,"parent":0,"menu_order":0,"comment_status":"closed","ping_status":"closed","template":"","meta":{"inline_featured_image":false,"footnotes":""},"class_list":["post-3646","page","type-page","status-publish","hentry"],"yoast_head":"<!-- This site is optimized with the Yoast SEO plugin v27.3 - https:\/\/yoast.com\/product\/yoast-seo-wordpress\/ -->\n<title>Liga Acad\u00eamica Processo Seletivo - Colegiado de Gradua\u00e7\u00e3o<\/title>\n<meta name=\"robots\" content=\"index, follow, max-snippet:-1, max-image-preview:large, max-video-preview:-1\" \/>\n<link rel=\"canonical\" href=\"https:\/\/www.odonto.ufmg.br\/colgrad\/liga-academica-3\/\" \/>\n<meta property=\"og:locale\" content=\"pt_BR\" \/>\n<meta property=\"og:type\" content=\"article\" \/>\n<meta property=\"og:title\" content=\"Liga Acad\u00eamica Processo Seletivo - Colegiado de Gradua\u00e7\u00e3o\" \/>\n<meta property=\"og:url\" content=\"https:\/\/www.odonto.ufmg.br\/colgrad\/liga-academica-3\/\" \/>\n<meta property=\"og:site_name\" content=\"Colegiado de Gradua\u00e7\u00e3o\" \/>\n<meta property=\"article:modified_time\" content=\"2026-01-29T15:36:59+00:00\" \/>\n<meta name=\"twitter:card\" content=\"summary_large_image\" \/>\n<meta name=\"twitter:label1\" content=\"Est. tempo de leitura\" \/>\n\t<meta name=\"twitter:data1\" content=\"2 minutos\" \/>\n<script type=\"application\/ld+json\" class=\"yoast-schema-graph\">{\"@context\":\"https:\\\/\\\/schema.org\",\"@graph\":[{\"@type\":\"WebPage\",\"@id\":\"https:\\\/\\\/www.odonto.ufmg.br\\\/colgrad\\\/liga-academica-3\\\/\",\"url\":\"https:\\\/\\\/www.odonto.ufmg.br\\\/colgrad\\\/liga-academica-3\\\/\",\"name\":\"Liga Acad\u00eamica Processo Seletivo - Colegiado de Gradua\u00e7\u00e3o\",\"isPartOf\":{\"@id\":\"https:\\\/\\\/www.odonto.ufmg.br\\\/colgrad\\\/#website\"},\"datePublished\":\"2026-01-29T15:36:58+00:00\",\"dateModified\":\"2026-01-29T15:36:59+00:00\",\"breadcrumb\":{\"@id\":\"https:\\\/\\\/www.odonto.ufmg.br\\\/colgrad\\\/liga-academica-3\\\/#breadcrumb\"},\"inLanguage\":\"pt-BR\",\"potentialAction\":[{\"@type\":\"ReadAction\",\"target\":[\"https:\\\/\\\/www.odonto.ufmg.br\\\/colgrad\\\/liga-academica-3\\\/\"]}]},{\"@type\":\"BreadcrumbList\",\"@id\":\"https:\\\/\\\/www.odonto.ufmg.br\\\/colgrad\\\/liga-academica-3\\\/#breadcrumb\",\"itemListElement\":[{\"@type\":\"ListItem\",\"position\":1,\"name\":\"In\u00edcio\",\"item\":\"https:\\\/\\\/www.odonto.ufmg.br\\\/colgrad\\\/inicio\\\/\"},{\"@type\":\"ListItem\",\"position\":2,\"name\":\"Liga Acad\u00eamica Processo Seletivo\"}]},{\"@type\":\"WebSite\",\"@id\":\"https:\\\/\\\/www.odonto.ufmg.br\\\/colgrad\\\/#website\",\"url\":\"https:\\\/\\\/www.odonto.ufmg.br\\\/colgrad\\\/\",\"name\":\"Colegiado de Gradua\u00e7\u00e3o\",\"description\":\"Faculdade de Odontologia UFMG\",\"potentialAction\":[{\"@type\":\"SearchAction\",\"target\":{\"@type\":\"EntryPoint\",\"urlTemplate\":\"https:\\\/\\\/www.odonto.ufmg.br\\\/colgrad\\\/?s={search_term_string}\"},\"query-input\":{\"@type\":\"PropertyValueSpecification\",\"valueRequired\":true,\"valueName\":\"search_term_string\"}}],\"inLanguage\":\"pt-BR\"}]}<\/script>\n<!-- \/ Yoast SEO plugin. -->","yoast_head_json":{"title":"Liga Acad\u00eamica Processo Seletivo - Colegiado de Gradua\u00e7\u00e3o","robots":{"index":"index","follow":"follow","max-snippet":"max-snippet:-1","max-image-preview":"max-image-preview:large","max-video-preview":"max-video-preview:-1"},"canonical":"https:\/\/www.odonto.ufmg.br\/colgrad\/liga-academica-3\/","og_locale":"pt_BR","og_type":"article","og_title":"Liga Acad\u00eamica Processo Seletivo - Colegiado de Gradua\u00e7\u00e3o","og_url":"https:\/\/www.odonto.ufmg.br\/colgrad\/liga-academica-3\/","og_site_name":"Colegiado de Gradua\u00e7\u00e3o","article_modified_time":"2026-01-29T15:36:59+00:00","twitter_card":"summary_large_image","twitter_misc":{"Est. tempo de leitura":"2 minutos"},"schema":{"@context":"https:\/\/schema.org","@graph":[{"@type":"WebPage","@id":"https:\/\/www.odonto.ufmg.br\/colgrad\/liga-academica-3\/","url":"https:\/\/www.odonto.ufmg.br\/colgrad\/liga-academica-3\/","name":"Liga Acad\u00eamica Processo Seletivo - Colegiado de Gradua\u00e7\u00e3o","isPartOf":{"@id":"https:\/\/www.odonto.ufmg.br\/colgrad\/#website"},"datePublished":"2026-01-29T15:36:58+00:00","dateModified":"2026-01-29T15:36:59+00:00","breadcrumb":{"@id":"https:\/\/www.odonto.ufmg.br\/colgrad\/liga-academica-3\/#breadcrumb"},"inLanguage":"pt-BR","potentialAction":[{"@type":"ReadAction","target":["https:\/\/www.odonto.ufmg.br\/colgrad\/liga-academica-3\/"]}]},{"@type":"BreadcrumbList","@id":"https:\/\/www.odonto.ufmg.br\/colgrad\/liga-academica-3\/#breadcrumb","itemListElement":[{"@type":"ListItem","position":1,"name":"In\u00edcio","item":"https:\/\/www.odonto.ufmg.br\/colgrad\/inicio\/"},{"@type":"ListItem","position":2,"name":"Liga Acad\u00eamica Processo Seletivo"}]},{"@type":"WebSite","@id":"https:\/\/www.odonto.ufmg.br\/colgrad\/#website","url":"https:\/\/www.odonto.ufmg.br\/colgrad\/","name":"Colegiado de Gradua\u00e7\u00e3o","description":"Faculdade de Odontologia UFMG","potentialAction":[{"@type":"SearchAction","target":{"@type":"EntryPoint","urlTemplate":"https:\/\/www.odonto.ufmg.br\/colgrad\/?s={search_term_string}"},"query-input":{"@type":"PropertyValueSpecification","valueRequired":true,"valueName":"search_term_string"}}],"inLanguage":"pt-BR"}]}},"_links":{"self":[{"href":"https:\/\/www.odonto.ufmg.br\/colgrad\/wp-json\/wp\/v2\/pages\/3646","targetHints":{"allow":["GET"]}}],"collection":[{"href":"https:\/\/www.odonto.ufmg.br\/colgrad\/wp-json\/wp\/v2\/pages"}],"about":[{"href":"https:\/\/www.odonto.ufmg.br\/colgrad\/wp-json\/wp\/v2\/types\/page"}],"author":[{"embeddable":true,"href":"https:\/\/www.odonto.ufmg.br\/colgrad\/wp-json\/wp\/v2\/users\/20"}],"replies":[{"embeddable":true,"href":"https:\/\/www.odonto.ufmg.br\/colgrad\/wp-json\/wp\/v2\/comments?post=3646"}],"version-history":[{"count":2,"href":"https:\/\/www.odonto.ufmg.br\/colgrad\/wp-json\/wp\/v2\/pages\/3646\/revisions"}],"predecessor-version":[{"id":3655,"href":"https:\/\/www.odonto.ufmg.br\/colgrad\/wp-json\/wp\/v2\/pages\/3646\/revisions\/3655"}],"wp:attachment":[{"href":"https:\/\/www.odonto.ufmg.br\/colgrad\/wp-json\/wp\/v2\/media?parent=3646"}],"curies":[{"name":"wp","href":"https:\/\/api.w.org\/{rel}","templated":true}]}}