{"id":36,"date":"2015-12-07T12:17:00","date_gmt":"2015-12-07T14:17:00","guid":{"rendered":"http:\/\/www.odonto.ufmg.br\/colgrad\/?page_id=36"},"modified":"2024-12-02T19:31:00","modified_gmt":"2024-12-02T22:31:00","slug":"informacoes-gerais","status":"publish","type":"page","link":"https:\/\/www.odonto.ufmg.br\/colgrad\/informacoes-gerais\/","title":{"rendered":"Informa\u00e7\u00f5es Gerais"},"content":{"rendered":"\n<style type=\"text\/css\" data-created_by=\"avia_inline_auto\" id=\"style-css-av-dd8so-dfd7b08ada6a47ea827257822a89240a\">\n.flex_column.av-dd8so-dfd7b08ada6a47ea827257822a89240a{\nborder-radius:0px 0px 0px 0px;\npadding:0px 0px 0px 0px;\n}\n<\/style>\n<div  class='flex_column av-dd8so-dfd7b08ada6a47ea827257822a89240a av_one_full  avia-builder-el-0  el_before_av_one_full  avia-builder-el-first  first flex_column_div av-zero-column-padding  '     ><style type=\"text\/css\" data-created_by=\"avia_inline_auto\" id=\"style-css-av-cmzno-d9ffdc8e2b929ea778bfe5806015a891\">\n.avia-image-container.av-cmzno-d9ffdc8e2b929ea778bfe5806015a891 img.avia_image{\nbox-shadow:none;\n}\n.avia-image-container.av-cmzno-d9ffdc8e2b929ea778bfe5806015a891 .av-image-caption-overlay-center{\ncolor:#ffffff;\n}\n<\/style>\n<div  class='avia-image-container av-cmzno-d9ffdc8e2b929ea778bfe5806015a891 av-styling- avia-align-center  avia-builder-el-1  avia-builder-el-no-sibling '   itemprop=\"image\" itemscope=\"itemscope\" itemtype=\"https:\/\/schema.org\/ImageObject\" ><div class=\"avia-image-container-inner\"><div class=\"avia-image-overlay-wrap\"><img decoding=\"async\" fetchpriority=\"high\" class='wp-image- avia-img-lazy-loading-not- avia_image ' src=\"http:\/\/www.odonto.ufmg.br\/colgrad\/wp-content\/uploads\/sites\/3\/2015\/12\/logo-fao-ufmg.svg\" alt='' title=''   itemprop=\"thumbnailUrl\"  \/><\/div><\/div><\/div><\/div>\n\n<style type=\"text\/css\" data-created_by=\"avia_inline_auto\" id=\"style-css-av-c5cbg-c790a0688fa570cf1361e9455081ab7f\">\n.flex_column.av-c5cbg-c790a0688fa570cf1361e9455081ab7f{\nborder-radius:0px 0px 0px 0px;\npadding:0px 0px 0px 0px;\n}\n<\/style>\n<div  class='flex_column av-c5cbg-c790a0688fa570cf1361e9455081ab7f av_one_full  avia-builder-el-2  el_after_av_one_full  el_before_av_one_third  first flex_column_div av-zero-column-padding  column-top-margin'     ><style type=\"text\/css\" data-created_by=\"avia_inline_auto\" id=\"style-css-av-bpadw-66f06a6f359426ead09ad89abcf6c526\">\n#top .av-special-heading.av-bpadw-66f06a6f359426ead09ad89abcf6c526{\npadding-bottom:10px;\n}\nbody .av-special-heading.av-bpadw-66f06a6f359426ead09ad89abcf6c526 .av-special-heading-tag .heading-char{\nfont-size:25px;\n}\n.av-special-heading.av-bpadw-66f06a6f359426ead09ad89abcf6c526 .av-subheading{\nfont-size:15px;\n}\n<\/style>\n<div  class='av-special-heading av-bpadw-66f06a6f359426ead09ad89abcf6c526 av-special-heading-h3 blockquote modern-quote modern-centered  avia-builder-el-3  avia-builder-el-no-sibling '><h3 class='av-special-heading-tag '  itemprop=\"headline\"  >Colegiado de Gradua\u00e7\u00e3o da Faculdade de Odontologia da UFMG<\/h3><div class='av-subheading av-subheading_below'><p>Informa\u00e7\u00f5es gerais do curso de Odontologia da UFMG.<\/p>\n<\/div><div class=\"special-heading-border\"><div class=\"special-heading-inner-border\"><\/div><\/div><\/div><\/div>\n\n<style type=\"text\/css\" data-created_by=\"avia_inline_auto\" id=\"style-css-av-atbro-d7cf629491f72d564c2fad4eb15e5355\">\n.flex_column.av-atbro-d7cf629491f72d564c2fad4eb15e5355{\nborder-radius:0px 0px 0px 0px;\npadding:0px 0px 0px 0px;\n}\n<\/style>\n<div  class='flex_column av-atbro-d7cf629491f72d564c2fad4eb15e5355 av_one_third  avia-builder-el-4  el_after_av_one_full  el_before_av_one_third  first flex_column_div av-zero-column-padding  column-top-margin'     ><article  class='iconbox iconbox_left av-acxc4-6bb219c0ae3d4c6a2e596180711a6426  avia-builder-el-5  avia-builder-el-no-sibling '  itemscope=\"itemscope\" itemtype=\"https:\/\/schema.org\/CreativeWork\" ><div class=\"iconbox_content\"><header class=\"entry-content-header\" aria-label=\"Icon: Cola\u00e7\u00e3o de Grau\"><div class='iconbox_icon heading-color avia-iconfont avia-font-entypo-fontello' data-av_icon='\ue8c9' data-av_iconfont='entypo-fontello' title=\"Cola\u00e7\u00e3o de Grau\" desc=\"Cola\u00e7\u00e3o de Grau\" ><\/div><h3 class='iconbox_content_title '  itemprop=\"headline\" ><a href='https:\/\/www.odonto.ufmg.br\/colgrad\/colacao-de-grau\/' title='Cola\u00e7\u00e3o de Grau'  >Cola\u00e7\u00e3o de Grau<\/a><\/h3><\/header><div class='iconbox_content_container '  itemprop=\"text\" ><\/div><\/div><footer class=\"entry-footer\"><\/footer><\/article><\/div>\n\n<style type=\"text\/css\" data-created_by=\"avia_inline_auto\" id=\"style-css-av-109co-f65d828a8b025f2b9dea27ccf821e60a\">\n.flex_column.av-109co-f65d828a8b025f2b9dea27ccf821e60a{\nborder-radius:0px 0px 0px 0px;\npadding:0px 0px 0px 0px;\n}\n<\/style>\n<div  class='flex_column av-109co-f65d828a8b025f2b9dea27ccf821e60a av_one_third  avia-builder-el-6  el_after_av_one_third  el_before_av_one_third  flex_column_div av-zero-column-padding  column-top-margin'     ><article  class='iconbox iconbox_left av-l3ek9hr2-971291cecf55296d1193d1b8eaa9c408  avia-builder-el-7  avia-builder-el-no-sibling '  itemscope=\"itemscope\" itemtype=\"https:\/\/schema.org\/CreativeWork\" ><div class=\"iconbox_content\"><header class=\"entry-content-header\" aria-label=\"Icon: 2\u00aa VIA DE DIPLOMA\"><div class='iconbox_icon heading-color avia-iconfont avia-font-entypo-fontello' data-av_icon='\ue849' data-av_iconfont='entypo-fontello' title=\"2\u00aa VIA DE DIPLOMA\" desc=\"2\u00aa VIA DE DIPLOMA\" ><\/div><h3 class='iconbox_content_title '  itemprop=\"headline\" ><a href='https:\/\/www.odonto.ufmg.br\/colgrad\/2-via-de-diploma\/' title='2\u00aa VIA DE DIPLOMA'  >2\u00aa VIA DE DIPLOMA<\/a><\/h3><\/header><div class='iconbox_content_container '  itemprop=\"text\" ><\/div><\/div><footer class=\"entry-footer\"><\/footer><\/article><\/div>\n\n<style type=\"text\/css\" data-created_by=\"avia_inline_auto\" id=\"style-css-av-9wpm8-9e3be2c90e085a0474aef01822d1b8aa\">\n.flex_column.av-9wpm8-9e3be2c90e085a0474aef01822d1b8aa{\nborder-radius:0px 0px 0px 0px;\npadding:0px 0px 0px 0px;\n}\n<\/style>\n<div  class='flex_column av-9wpm8-9e3be2c90e085a0474aef01822d1b8aa av_one_third  avia-builder-el-8  el_after_av_one_third  el_before_av_one_third  flex_column_div av-zero-column-padding  column-top-margin'     ><article  class='iconbox iconbox_left av-99qm0-bb50b47f2c0eb684fe529949af16a32d  avia-builder-el-9  avia-builder-el-no-sibling '  itemscope=\"itemscope\" itemtype=\"https:\/\/schema.org\/CreativeWork\" ><div class=\"iconbox_content\"><header class=\"entry-content-header\" aria-label=\"Icon: Grade curricular\"><div class='iconbox_icon heading-color avia-iconfont avia-font-entypo-fontello' data-av_icon='\ue84d' data-av_iconfont='entypo-fontello' title=\"Grade curricular\" desc=\"Grade curricular\" ><\/div><h3 class='iconbox_content_title '  itemprop=\"headline\" ><a href='http:\/\/www.odonto.ufmg.br\/colgrad\/wp-content\/uploads\/sites\/3\/2021\/08\/Versao-curricular-D-20139.pdf' title='Grade curricular'  >Grade curricular<\/a><\/h3><\/header><div class='iconbox_content_container '  itemprop=\"text\" ><\/div><\/div><footer class=\"entry-footer\"><\/footer><\/article><\/div>\n\n<style type=\"text\/css\" data-created_by=\"avia_inline_auto\" id=\"style-css-av-rt9g-fb0eb811f78c5104031c260d9f2b17ee\">\n.flex_column.av-rt9g-fb0eb811f78c5104031c260d9f2b17ee{\nborder-radius:0px 0px 0px 0px;\npadding:0px 0px 0px 0px;\n}\n<\/style>\n<div  class='flex_column av-rt9g-fb0eb811f78c5104031c260d9f2b17ee av_one_third  avia-builder-el-10  el_after_av_one_third  el_before_av_one_third  first flex_column_div av-zero-column-padding  column-top-margin'     ><article  class='iconbox iconbox_left av-m47kfw9t-b0ee3baba063c95aa1ace85340d824ee  avia-builder-el-11  avia-builder-el-no-sibling '  itemscope=\"itemscope\" itemtype=\"https:\/\/schema.org\/CreativeWork\" ><div class=\"iconbox_content\"><header class=\"entry-content-header\" aria-label=\"Icon: Integraliza\u00e7\u00e3o de credito\"><div class='iconbox_icon heading-color avia-iconfont avia-font-entypo-fontello' data-av_icon='\ue84d' data-av_iconfont='entypo-fontello' title=\"Integraliza\u00e7\u00e3o de credito\" desc=\"Integraliza\u00e7\u00e3o de credito\" ><\/div><h3 class='iconbox_content_title '  itemprop=\"headline\" ><a href='http:\/\/www.odonto.ufmg.br\/colgrad\/wp-content\/uploads\/sites\/3\/2024\/12\/Integralizacao_de_credito.pdf' title='Integraliza\u00e7\u00e3o de credito'  >Integraliza\u00e7\u00e3o de credito<\/a><\/h3><\/header><div class='iconbox_content_container '  itemprop=\"text\" ><\/div><\/div><footer class=\"entry-footer\"><\/footer><\/article><\/div>\n<style type=\"text\/css\" data-created_by=\"avia_inline_auto\" id=\"style-css-av-8n5hs-b14af718e9f7be54620132520ed9e460\">\n.flex_column.av-8n5hs-b14af718e9f7be54620132520ed9e460{\nborder-radius:0px 0px 0px 0px;\npadding:0px 0px 0px 0px;\n}\n<\/style>\n<div  class='flex_column av-8n5hs-b14af718e9f7be54620132520ed9e460 av_one_third  avia-builder-el-12  el_after_av_one_third  el_before_av_one_third  flex_column_div av-zero-column-padding  column-top-margin'     ><article  class='iconbox iconbox_left av-866x8-b7d3dfb52fabf104498f43d0105ce394  avia-builder-el-13  avia-builder-el-no-sibling '  itemscope=\"itemscope\" itemtype=\"https:\/\/schema.org\/CreativeWork\" ><div class=\"iconbox_content\"><header class=\"entry-content-header\" aria-label=\"Icon: Planos de Ensino\"><div class='iconbox_icon heading-color avia-iconfont avia-font-entypo-fontello' data-av_icon='\ue84e' data-av_iconfont='entypo-fontello' title=\"Planos de Ensino\" desc=\"Planos de Ensino\" ><\/div><h3 class='iconbox_content_title '  itemprop=\"headline\" ><a href='https:\/\/www.odonto.ufmg.br\/colgrad\/planos-de-ensino\/' title='Planos de Ensino'  >Planos de Ensino<\/a><\/h3><\/header><div class='iconbox_content_container '  itemprop=\"text\" ><\/div><\/div><footer class=\"entry-footer\"><\/footer><\/article><\/div><\/p>\n\n<style type=\"text\/css\" data-created_by=\"avia_inline_auto\" id=\"style-css-av-77r6o-bd88a3cc33e09f83923453a08abe6f4a\">\n.flex_column.av-77r6o-bd88a3cc33e09f83923453a08abe6f4a{\nborder-radius:0px 0px 0px 0px;\npadding:0px 0px 0px 0px;\n}\n<\/style>\n<div  class='flex_column av-77r6o-bd88a3cc33e09f83923453a08abe6f4a av_one_third  avia-builder-el-14  el_after_av_one_third  el_before_av_one_third  flex_column_div av-zero-column-padding  column-top-margin'     ><article  class='iconbox iconbox_left av-6pg8g-8357d355832f4f4be312431725c7e0f9  avia-builder-el-15  avia-builder-el-no-sibling '  itemscope=\"itemscope\" itemtype=\"https:\/\/schema.org\/CreativeWork\" ><div class=\"iconbox_content\"><header class=\"entry-content-header\" aria-label=\"Icon: Departamentos\"><div class='iconbox_icon heading-color avia-iconfont avia-font-entypo-fontello' data-av_icon='\ue810' data-av_iconfont='entypo-fontello' title=\"Departamentos\" desc=\"Departamentos\" ><\/div><h3 class='iconbox_content_title '  itemprop=\"headline\" ><a href='https:\/\/www.odonto.ufmg.br\/colgrad\/departamentos-envolvidos\/' title='Departamentos'  >Departamentos<\/a><\/h3><\/header><div class='iconbox_content_container '  itemprop=\"text\" ><\/div><\/div><footer class=\"entry-footer\"><\/footer><\/article><\/div>\n\n<style type=\"text\/css\" data-created_by=\"avia_inline_auto\" id=\"style-css-av-667kc-c383b4ca681ab7b602a7884849a72703\">\n.flex_column.av-667kc-c383b4ca681ab7b602a7884849a72703{\nborder-radius:0px 0px 0px 0px;\npadding:0px 0px 0px 0px;\n}\n<\/style>\n<div  class='flex_column av-667kc-c383b4ca681ab7b602a7884849a72703 av_one_third  avia-builder-el-16  el_after_av_one_third  el_before_av_one_third  first flex_column_div av-zero-column-padding  column-top-margin'     ><article  class='iconbox iconbox_left av-5ucsg-dc679f3c668ea85baeed2d76158c6aec  avia-builder-el-17  avia-builder-el-no-sibling '  itemscope=\"itemscope\" itemtype=\"https:\/\/schema.org\/CreativeWork\" ><div class=\"iconbox_content\"><header class=\"entry-content-header\" aria-label=\"Icon: Condi\u00e7\u00f5es de Oferta\"><a href='https:\/\/www.odonto.ufmg.br\/colgrad\/condicoes-de-oferta\/' title='Condi\u00e7\u00f5es de Oferta' aria-label='Condi\u00e7\u00f5es de Oferta'  class='iconbox_icon heading-color avia-iconfont avia-font-entypo-fontello' data-av_icon='\ue80c' data-av_iconfont='entypo-fontello' title=\"Condi\u00e7\u00f5es de Oferta\" desc=\"Condi\u00e7\u00f5es de Oferta\" ><\/a><h3 class='iconbox_content_title '  itemprop=\"headline\" ><a href='https:\/\/www.odonto.ufmg.br\/colgrad\/condicoes-de-oferta\/' title='Condi\u00e7\u00f5es de Oferta' >Condi\u00e7\u00f5es de Oferta<\/a><\/h3><\/header><div class='iconbox_content_container '  itemprop=\"text\" ><\/div><\/div><footer class=\"entry-footer\"><\/footer><\/article><\/div>\n\n<style type=\"text\/css\" data-created_by=\"avia_inline_auto\" id=\"style-css-av-4u3p4-3f1ea931d74527d8ac4f9c0617702113\">\n.flex_column.av-4u3p4-3f1ea931d74527d8ac4f9c0617702113{\nborder-radius:0px 0px 0px 0px;\npadding:0px 0px 0px 0px;\n}\n<\/style>\n<div  class='flex_column av-4u3p4-3f1ea931d74527d8ac4f9c0617702113 av_one_third  avia-builder-el-18  el_after_av_one_third  el_before_av_one_third  flex_column_div av-zero-column-padding  column-top-margin'     ><article  class='iconbox iconbox_left av-4ns2o-cd78e164efb7de714823347598bd973e  avia-builder-el-19  avia-builder-el-no-sibling '  itemscope=\"itemscope\" itemtype=\"https:\/\/schema.org\/CreativeWork\" ><div class=\"iconbox_content\"><header class=\"entry-content-header\" aria-label=\"Icon: Documentos Autentic\u00e1veis\"><div class='iconbox_icon heading-color avia-iconfont avia-font-entypo-fontello' data-av_icon='\ue8aa' data-av_iconfont='entypo-fontello' title=\"Documentos Autentic\u00e1veis\" desc=\"Documentos Autentic\u00e1veis\" ><\/div><h3 class='iconbox_content_title '  itemprop=\"headline\" ><a href='https:\/\/www.odonto.ufmg.br\/colgrad\/autenticacao-de-documentos\/' title='Documentos Autentic\u00e1veis'  >Documentos Autentic\u00e1veis<\/a><\/h3><\/header><div class='iconbox_content_container '  itemprop=\"text\" ><\/div><\/div><footer class=\"entry-footer\"><\/footer><\/article><\/div>\n\n<style type=\"text\/css\" data-created_by=\"avia_inline_auto\" id=\"style-css-av-423lg-c727c7fad143928f8f7c8d2ea0196e11\">\n.flex_column.av-423lg-c727c7fad143928f8f7c8d2ea0196e11{\nborder-radius:0px 0px 0px 0px;\npadding:0px 0px 0px 0px;\n}\n<\/style>\n<div  class='flex_column av-423lg-c727c7fad143928f8f7c8d2ea0196e11 av_one_third  avia-builder-el-20  el_after_av_one_third  el_before_av_one_third  flex_column_div av-zero-column-padding  column-top-margin'     ><article  class='iconbox iconbox_left av-32b3c-a9811bca9827b20873ed59c4254a58fa  avia-builder-el-21  avia-builder-el-no-sibling '  itemscope=\"itemscope\" itemtype=\"https:\/\/schema.org\/CreativeWork\" ><div class=\"iconbox_content\"><header class=\"entry-content-header\" aria-label=\"Icon: APROVEITAMENTO DE ESTUDOS\"><div class='iconbox_icon heading-color avia-iconfont avia-font-entypo-fontello' data-av_icon='\ue84f' data-av_iconfont='entypo-fontello' title=\"APROVEITAMENTO DE ESTUDOS\" desc=\"APROVEITAMENTO DE ESTUDOS\" ><\/div><h3 class='iconbox_content_title '  itemprop=\"headline\" ><a href='https:\/\/www.odonto.ufmg.br\/colgrad\/aproveitamento-de-estudos\/' title='APROVEITAMENTO DE ESTUDOS'  >APROVEITAMENTO DE ESTUDOS<\/a><\/h3><\/header><div class='iconbox_content_container '  itemprop=\"text\" ><\/div><\/div><footer class=\"entry-footer\"><\/footer><\/article><\/div>\n\n<style type=\"text\/css\" data-created_by=\"avia_inline_auto\" id=\"style-css-av-2p3xs-2d6b0244967ff54a32a9338a5ce81f22\">\n.flex_column.av-2p3xs-2d6b0244967ff54a32a9338a5ce81f22{\nborder-radius:0px 0px 0px 0px;\npadding:0px 0px 0px 0px;\n}\n<\/style>\n<div  class='flex_column av-2p3xs-2d6b0244967ff54a32a9338a5ce81f22 av_one_third  avia-builder-el-22  el_after_av_one_third  el_before_av_one_third  first flex_column_div av-zero-column-padding  column-top-margin'     ><article  class='iconbox iconbox_left av-2a0f4-3e4f752df03a0ba174bc79305b83be18  avia-builder-el-23  avia-builder-el-no-sibling '  itemscope=\"itemscope\" itemtype=\"https:\/\/schema.org\/CreativeWork\" ><div class=\"iconbox_content\"><header class=\"entry-content-header\" aria-label=\"Icon: Atas e Resolu\u00e7\u00f5es\"><div class='iconbox_icon heading-color avia-iconfont avia-font-entypo-fontello' data-av_icon='\ue84f' data-av_iconfont='entypo-fontello' title=\"Atas e Resolu\u00e7\u00f5es\" desc=\"Atas e Resolu\u00e7\u00f5es\" ><\/div><h3 class='iconbox_content_title '  itemprop=\"headline\" ><a href='https:\/\/www.odonto.ufmg.br\/colgrad\/atas-e-resolucoes\/' title='Atas e Resolu\u00e7\u00f5es'  >Atas e Resolu\u00e7\u00f5es<\/a><\/h3><\/header><div class='iconbox_content_container '  itemprop=\"text\" ><\/div><\/div><footer class=\"entry-footer\"><\/footer><\/article><\/div>\n\n<style type=\"text\/css\" data-created_by=\"avia_inline_auto\" id=\"style-css-av-32g0-f547a48aaf59d8dde83d4b777636511a\">\n.flex_column.av-32g0-f547a48aaf59d8dde83d4b777636511a{\nborder-radius:0px 0px 0px 0px;\npadding:0px 0px 0px 0px;\n}\n<\/style>\n<div  class='flex_column av-32g0-f547a48aaf59d8dde83d4b777636511a av_one_third  avia-builder-el-24  el_after_av_one_third  el_before_av_one_third  flex_column_div av-zero-column-padding  column-top-margin'     ><article  class='iconbox iconbox_left av-ll5a67d3-71028aba6903b2b452e9efaddcf8d176  avia-builder-el-25  avia-builder-el-no-sibling '  itemscope=\"itemscope\" itemtype=\"https:\/\/schema.org\/CreativeWork\" ><div class=\"iconbox_content\"><header class=\"entry-content-header\" aria-label=\"Icon: Comprova\u00e7\u00e3o de Conhecimento\"><div class='iconbox_icon heading-color avia-iconfont avia-font-entypo-fontello' data-av_icon='\ue84f' data-av_iconfont='entypo-fontello' title=\"Comprova\u00e7\u00e3o de Conhecimento\" desc=\"Comprova\u00e7\u00e3o de Conhecimento\" ><\/div><h3 class='iconbox_content_title '  itemprop=\"headline\" ><a href='https:\/\/www.odonto.ufmg.br\/colgrad\/comprovacao-de-conhecimento\/' title='Comprova\u00e7\u00e3o de Conhecimento'  >Comprova\u00e7\u00e3o de Conhecimento<\/a><\/h3><\/header><div class='iconbox_content_container '  itemprop=\"text\" ><\/div><\/div><footer class=\"entry-footer\"><\/footer><\/article><\/div>\n\n<style type=\"text\/css\" data-created_by=\"avia_inline_auto\" id=\"style-css-av-1qgps-08587cfd2b0b3f978939f1ed99c15c4f\">\n.flex_column.av-1qgps-08587cfd2b0b3f978939f1ed99c15c4f{\nborder-radius:0px 0px 0px 0px;\npadding:0px 0px 0px 0px;\n}\n<\/style>\n<div  class='flex_column av-1qgps-08587cfd2b0b3f978939f1ed99c15c4f av_one_third  avia-builder-el-26  el_after_av_one_third  avia-builder-el-last  flex_column_div av-zero-column-padding  column-top-margin'     ><article  class='iconbox iconbox_left av-ug64-00834382c7c82fcfa9874398d73fd440  avia-builder-el-27  avia-builder-el-no-sibling '  itemscope=\"itemscope\" itemtype=\"https:\/\/schema.org\/CreativeWork\" ><div class=\"iconbox_content\"><header class=\"entry-content-header\" aria-label=\"Icon: PROJETO PEDAG\u00d3GICO E DOCUMENTOS CORRELATOS\"><div class='iconbox_icon heading-color avia-iconfont avia-font-entypo-fontello' data-av_icon='\ue84b' data-av_iconfont='entypo-fontello' title=\"PROJETO PEDAG\u00d3GICO E DOCUMENTOS CORRELATOS\" desc=\"PROJETO PEDAG\u00d3GICO E DOCUMENTOS CORRELATOS\" ><\/div><h3 class='iconbox_content_title '  itemprop=\"headline\" ><a href='https:\/\/www.odonto.ufmg.br\/colgrad\/documentos-diversos\/' title='PROJETO PEDAG\u00d3GICO E DOCUMENTOS CORRELATOS'  >PROJETO PEDAG\u00d3GICO E DOCUMENTOS CORRELATOS<\/a><\/h3><\/header><div class='iconbox_content_container '  itemprop=\"text\" ><\/div><\/div><footer class=\"entry-footer\"><\/footer><\/article><\/div>\n","protected":false},"excerpt":{"rendered":"","protected":false},"author":1,"featured_media":0,"parent":0,"menu_order":0,"comment_status":"closed","ping_status":"closed","template":"","meta":{"inline_featured_image":false,"footnotes":""},"class_list":["post-36","page","type-page","status-publish","hentry"],"yoast_head":"<!-- This site is optimized with the Yoast SEO plugin v27.3 - https:\/\/yoast.com\/product\/yoast-seo-wordpress\/ -->\n<title>Informa\u00e7\u00f5es Gerais - Colegiado de Gradua\u00e7\u00e3o<\/title>\n<meta name=\"robots\" content=\"index, follow, max-snippet:-1, max-image-preview:large, max-video-preview:-1\" \/>\n<link rel=\"canonical\" href=\"https:\/\/www.odonto.ufmg.br\/colgrad\/informacoes-gerais\/\" \/>\n<meta property=\"og:locale\" content=\"pt_BR\" \/>\n<meta property=\"og:type\" content=\"article\" \/>\n<meta property=\"og:title\" content=\"Informa\u00e7\u00f5es Gerais - Colegiado de Gradua\u00e7\u00e3o\" \/>\n<meta property=\"og:url\" content=\"https:\/\/www.odonto.ufmg.br\/colgrad\/informacoes-gerais\/\" \/>\n<meta property=\"og:site_name\" content=\"Colegiado de Gradua\u00e7\u00e3o\" \/>\n<meta property=\"article:modified_time\" content=\"2024-12-02T22:31:00+00:00\" \/>\n<meta name=\"twitter:card\" content=\"summary_large_image\" \/>\n<meta name=\"twitter:label1\" content=\"Est. tempo de leitura\" \/>\n\t<meta name=\"twitter:data1\" content=\"1 minuto\" \/>\n<script type=\"application\/ld+json\" class=\"yoast-schema-graph\">{\"@context\":\"https:\\\/\\\/schema.org\",\"@graph\":[{\"@type\":\"WebPage\",\"@id\":\"https:\\\/\\\/www.odonto.ufmg.br\\\/colgrad\\\/informacoes-gerais\\\/\",\"url\":\"https:\\\/\\\/www.odonto.ufmg.br\\\/colgrad\\\/informacoes-gerais\\\/\",\"name\":\"Informa\u00e7\u00f5es Gerais - Colegiado de Gradua\u00e7\u00e3o\",\"isPartOf\":{\"@id\":\"https:\\\/\\\/www.odonto.ufmg.br\\\/colgrad\\\/#website\"},\"datePublished\":\"2015-12-07T14:17:00+00:00\",\"dateModified\":\"2024-12-02T22:31:00+00:00\",\"breadcrumb\":{\"@id\":\"https:\\\/\\\/www.odonto.ufmg.br\\\/colgrad\\\/informacoes-gerais\\\/#breadcrumb\"},\"inLanguage\":\"pt-BR\",\"potentialAction\":[{\"@type\":\"ReadAction\",\"target\":[\"https:\\\/\\\/www.odonto.ufmg.br\\\/colgrad\\\/informacoes-gerais\\\/\"]}]},{\"@type\":\"BreadcrumbList\",\"@id\":\"https:\\\/\\\/www.odonto.ufmg.br\\\/colgrad\\\/informacoes-gerais\\\/#breadcrumb\",\"itemListElement\":[{\"@type\":\"ListItem\",\"position\":1,\"name\":\"In\u00edcio\",\"item\":\"https:\\\/\\\/www.odonto.ufmg.br\\\/colgrad\\\/inicio\\\/\"},{\"@type\":\"ListItem\",\"position\":2,\"name\":\"Informa\u00e7\u00f5es Gerais\"}]},{\"@type\":\"WebSite\",\"@id\":\"https:\\\/\\\/www.odonto.ufmg.br\\\/colgrad\\\/#website\",\"url\":\"https:\\\/\\\/www.odonto.ufmg.br\\\/colgrad\\\/\",\"name\":\"Colegiado de Gradua\u00e7\u00e3o\",\"description\":\"Faculdade de Odontologia UFMG\",\"potentialAction\":[{\"@type\":\"SearchAction\",\"target\":{\"@type\":\"EntryPoint\",\"urlTemplate\":\"https:\\\/\\\/www.odonto.ufmg.br\\\/colgrad\\\/?s={search_term_string}\"},\"query-input\":{\"@type\":\"PropertyValueSpecification\",\"valueRequired\":true,\"valueName\":\"search_term_string\"}}],\"inLanguage\":\"pt-BR\"}]}<\/script>\n<!-- \/ Yoast SEO plugin. -->","yoast_head_json":{"title":"Informa\u00e7\u00f5es Gerais - Colegiado de Gradua\u00e7\u00e3o","robots":{"index":"index","follow":"follow","max-snippet":"max-snippet:-1","max-image-preview":"max-image-preview:large","max-video-preview":"max-video-preview:-1"},"canonical":"https:\/\/www.odonto.ufmg.br\/colgrad\/informacoes-gerais\/","og_locale":"pt_BR","og_type":"article","og_title":"Informa\u00e7\u00f5es Gerais - Colegiado de Gradua\u00e7\u00e3o","og_url":"https:\/\/www.odonto.ufmg.br\/colgrad\/informacoes-gerais\/","og_site_name":"Colegiado de Gradua\u00e7\u00e3o","article_modified_time":"2024-12-02T22:31:00+00:00","twitter_card":"summary_large_image","twitter_misc":{"Est. tempo de leitura":"1 minuto"},"schema":{"@context":"https:\/\/schema.org","@graph":[{"@type":"WebPage","@id":"https:\/\/www.odonto.ufmg.br\/colgrad\/informacoes-gerais\/","url":"https:\/\/www.odonto.ufmg.br\/colgrad\/informacoes-gerais\/","name":"Informa\u00e7\u00f5es Gerais - Colegiado de Gradua\u00e7\u00e3o","isPartOf":{"@id":"https:\/\/www.odonto.ufmg.br\/colgrad\/#website"},"datePublished":"2015-12-07T14:17:00+00:00","dateModified":"2024-12-02T22:31:00+00:00","breadcrumb":{"@id":"https:\/\/www.odonto.ufmg.br\/colgrad\/informacoes-gerais\/#breadcrumb"},"inLanguage":"pt-BR","potentialAction":[{"@type":"ReadAction","target":["https:\/\/www.odonto.ufmg.br\/colgrad\/informacoes-gerais\/"]}]},{"@type":"BreadcrumbList","@id":"https:\/\/www.odonto.ufmg.br\/colgrad\/informacoes-gerais\/#breadcrumb","itemListElement":[{"@type":"ListItem","position":1,"name":"In\u00edcio","item":"https:\/\/www.odonto.ufmg.br\/colgrad\/inicio\/"},{"@type":"ListItem","position":2,"name":"Informa\u00e7\u00f5es Gerais"}]},{"@type":"WebSite","@id":"https:\/\/www.odonto.ufmg.br\/colgrad\/#website","url":"https:\/\/www.odonto.ufmg.br\/colgrad\/","name":"Colegiado de Gradua\u00e7\u00e3o","description":"Faculdade de Odontologia UFMG","potentialAction":[{"@type":"SearchAction","target":{"@type":"EntryPoint","urlTemplate":"https:\/\/www.odonto.ufmg.br\/colgrad\/?s={search_term_string}"},"query-input":{"@type":"PropertyValueSpecification","valueRequired":true,"valueName":"search_term_string"}}],"inLanguage":"pt-BR"}]}},"_links":{"self":[{"href":"https:\/\/www.odonto.ufmg.br\/colgrad\/wp-json\/wp\/v2\/pages\/36","targetHints":{"allow":["GET"]}}],"collection":[{"href":"https:\/\/www.odonto.ufmg.br\/colgrad\/wp-json\/wp\/v2\/pages"}],"about":[{"href":"https:\/\/www.odonto.ufmg.br\/colgrad\/wp-json\/wp\/v2\/types\/page"}],"author":[{"embeddable":true,"href":"https:\/\/www.odonto.ufmg.br\/colgrad\/wp-json\/wp\/v2\/users\/1"}],"replies":[{"embeddable":true,"href":"https:\/\/www.odonto.ufmg.br\/colgrad\/wp-json\/wp\/v2\/comments?post=36"}],"version-history":[{"count":30,"href":"https:\/\/www.odonto.ufmg.br\/colgrad\/wp-json\/wp\/v2\/pages\/36\/revisions"}],"predecessor-version":[{"id":3372,"href":"https:\/\/www.odonto.ufmg.br\/colgrad\/wp-json\/wp\/v2\/pages\/36\/revisions\/3372"}],"wp:attachment":[{"href":"https:\/\/www.odonto.ufmg.br\/colgrad\/wp-json\/wp\/v2\/media?parent=36"}],"curies":[{"name":"wp","href":"https:\/\/api.w.org\/{rel}","templated":true}]}}