{"id":3574,"date":"2025-11-19T12:19:02","date_gmt":"2025-11-19T15:19:02","guid":{"rendered":"https:\/\/www.odonto.ufmg.br\/colgrad\/?page_id=3574"},"modified":"2025-11-19T12:26:16","modified_gmt":"2025-11-19T15:26:16","slug":"normas-gerais-de-ensino-da-graduacao-da-ufmg-e-resolucoes-correlatas-2018-2-2","status":"publish","type":"page","link":"https:\/\/www.odonto.ufmg.br\/colgrad\/normas-gerais-de-ensino-da-graduacao-da-ufmg-e-resolucoes-correlatas-2018-2-2\/","title":{"rendered":"Outras Resolu\u00e7\u00f5es"},"content":{"rendered":"<h3>\u00a0<\/h3>\n<h3 style=\"text-align: center\">Cola\u00e7\u00e3o de Grau Antecipada<\/h3>\n<p>A Congrega\u00e7\u00e3o da Faculdade de Odontologia da Universidade Federal de Minas Gerais (FAO UFMG), no uso de suas atribui\u00e7\u00f5es legais e estatut\u00e1rias e, considerando o art. 67 do Regimento Geral da UFMG e a Resolu\u00e7\u00e3o n\u00ba. 05\/2008 do CEPE\/UFMG,\u00a0 Regulamenta a Cola\u00e7\u00e3o de Grau Antecipada no \u00e2mbito do Curso de Gradua\u00e7\u00e3o da Faculdade de Odontologia da Universidade Federal de Minas Gerais. Para visualizar o documento na \u00edntegra, <a href=\"https:\/\/www.odonto.ufmg.br\/wp-content\/uploads\/2025\/04\/RESOLUCAO-No.-001_2025-DE-09_04_2025-.docx-5.pdf\" target=\"_blank\" rel=\"noopener\">clique aqui.<\/a><\/p>\n\n\n<p><\/p>\n\n\n\n<p>REQUERIMENTO: <strong><a href=\"http:\/\/www.odonto.ufmg.br\/colgrad\/wp-content\/uploads\/sites\/3\/2025\/06\/Requerimento-colacao-antecipada.pdf\">Download<\/a><\/strong><\/p>\n\n\n\n<p><\/p>\n","protected":false},"excerpt":{"rendered":"<p>\u00a0 Cola\u00e7\u00e3o de Grau Antecipada A Congrega\u00e7\u00e3o da Faculdade de Odontologia da Universidade Federal de Minas Gerais (FAO UFMG), no uso de suas atribui\u00e7\u00f5es legais e estatut\u00e1rias e, considerando o art. 67 do Regimento Geral da UFMG e a Resolu\u00e7\u00e3o n\u00ba. 05\/2008 do CEPE\/UFMG,\u00a0 Regulamenta a Cola\u00e7\u00e3o de Grau Antecipada no \u00e2mbito do Curso de [&hellip;]<\/p>\n","protected":false},"author":20,"featured_media":0,"parent":0,"menu_order":0,"comment_status":"closed","ping_status":"closed","template":"","meta":{"inline_featured_image":false,"footnotes":""},"class_list":["post-3574","page","type-page","status-publish","hentry"],"yoast_head":"<!-- This site is optimized with the Yoast SEO plugin v27.3 - https:\/\/yoast.com\/product\/yoast-seo-wordpress\/ -->\n<title>Outras Resolu\u00e7\u00f5es - Colegiado de Gradua\u00e7\u00e3o<\/title>\n<meta name=\"robots\" content=\"index, follow, max-snippet:-1, max-image-preview:large, max-video-preview:-1\" \/>\n<link rel=\"canonical\" href=\"https:\/\/www.odonto.ufmg.br\/colgrad\/normas-gerais-de-ensino-da-graduacao-da-ufmg-e-resolucoes-correlatas-2018-2-2\/\" \/>\n<meta property=\"og:locale\" content=\"pt_BR\" \/>\n<meta property=\"og:type\" content=\"article\" \/>\n<meta property=\"og:title\" content=\"Outras Resolu\u00e7\u00f5es - Colegiado de Gradua\u00e7\u00e3o\" \/>\n<meta property=\"og:description\" content=\"\u00a0 Cola\u00e7\u00e3o de Grau Antecipada A Congrega\u00e7\u00e3o da Faculdade de Odontologia da Universidade Federal de Minas Gerais (FAO UFMG), no uso de suas atribui\u00e7\u00f5es legais e estatut\u00e1rias e, considerando o art. 67 do Regimento Geral da UFMG e a Resolu\u00e7\u00e3o n\u00ba. 05\/2008 do CEPE\/UFMG,\u00a0 Regulamenta a Cola\u00e7\u00e3o de Grau Antecipada no \u00e2mbito do Curso de [&hellip;]\" \/>\n<meta property=\"og:url\" content=\"https:\/\/www.odonto.ufmg.br\/colgrad\/normas-gerais-de-ensino-da-graduacao-da-ufmg-e-resolucoes-correlatas-2018-2-2\/\" \/>\n<meta property=\"og:site_name\" content=\"Colegiado de Gradua\u00e7\u00e3o\" \/>\n<meta property=\"article:modified_time\" content=\"2025-11-19T15:26:16+00:00\" \/>\n<meta name=\"twitter:card\" content=\"summary_large_image\" \/>\n<meta name=\"twitter:label1\" content=\"Est. tempo de leitura\" \/>\n\t<meta name=\"twitter:data1\" content=\"1 minuto\" \/>\n<script type=\"application\/ld+json\" class=\"yoast-schema-graph\">{\"@context\":\"https:\\\/\\\/schema.org\",\"@graph\":[{\"@type\":\"WebPage\",\"@id\":\"https:\\\/\\\/www.odonto.ufmg.br\\\/colgrad\\\/normas-gerais-de-ensino-da-graduacao-da-ufmg-e-resolucoes-correlatas-2018-2-2\\\/\",\"url\":\"https:\\\/\\\/www.odonto.ufmg.br\\\/colgrad\\\/normas-gerais-de-ensino-da-graduacao-da-ufmg-e-resolucoes-correlatas-2018-2-2\\\/\",\"name\":\"Outras Resolu\u00e7\u00f5es - Colegiado de Gradua\u00e7\u00e3o\",\"isPartOf\":{\"@id\":\"https:\\\/\\\/www.odonto.ufmg.br\\\/colgrad\\\/#website\"},\"datePublished\":\"2025-11-19T15:19:02+00:00\",\"dateModified\":\"2025-11-19T15:26:16+00:00\",\"breadcrumb\":{\"@id\":\"https:\\\/\\\/www.odonto.ufmg.br\\\/colgrad\\\/normas-gerais-de-ensino-da-graduacao-da-ufmg-e-resolucoes-correlatas-2018-2-2\\\/#breadcrumb\"},\"inLanguage\":\"pt-BR\",\"potentialAction\":[{\"@type\":\"ReadAction\",\"target\":[\"https:\\\/\\\/www.odonto.ufmg.br\\\/colgrad\\\/normas-gerais-de-ensino-da-graduacao-da-ufmg-e-resolucoes-correlatas-2018-2-2\\\/\"]}]},{\"@type\":\"BreadcrumbList\",\"@id\":\"https:\\\/\\\/www.odonto.ufmg.br\\\/colgrad\\\/normas-gerais-de-ensino-da-graduacao-da-ufmg-e-resolucoes-correlatas-2018-2-2\\\/#breadcrumb\",\"itemListElement\":[{\"@type\":\"ListItem\",\"position\":1,\"name\":\"In\u00edcio\",\"item\":\"https:\\\/\\\/www.odonto.ufmg.br\\\/colgrad\\\/inicio\\\/\"},{\"@type\":\"ListItem\",\"position\":2,\"name\":\"Outras Resolu\u00e7\u00f5es\"}]},{\"@type\":\"WebSite\",\"@id\":\"https:\\\/\\\/www.odonto.ufmg.br\\\/colgrad\\\/#website\",\"url\":\"https:\\\/\\\/www.odonto.ufmg.br\\\/colgrad\\\/\",\"name\":\"Colegiado de Gradua\u00e7\u00e3o\",\"description\":\"Faculdade de Odontologia UFMG\",\"potentialAction\":[{\"@type\":\"SearchAction\",\"target\":{\"@type\":\"EntryPoint\",\"urlTemplate\":\"https:\\\/\\\/www.odonto.ufmg.br\\\/colgrad\\\/?s={search_term_string}\"},\"query-input\":{\"@type\":\"PropertyValueSpecification\",\"valueRequired\":true,\"valueName\":\"search_term_string\"}}],\"inLanguage\":\"pt-BR\"}]}<\/script>\n<!-- \/ Yoast SEO plugin. -->","yoast_head_json":{"title":"Outras Resolu\u00e7\u00f5es - Colegiado de Gradua\u00e7\u00e3o","robots":{"index":"index","follow":"follow","max-snippet":"max-snippet:-1","max-image-preview":"max-image-preview:large","max-video-preview":"max-video-preview:-1"},"canonical":"https:\/\/www.odonto.ufmg.br\/colgrad\/normas-gerais-de-ensino-da-graduacao-da-ufmg-e-resolucoes-correlatas-2018-2-2\/","og_locale":"pt_BR","og_type":"article","og_title":"Outras Resolu\u00e7\u00f5es - Colegiado de Gradua\u00e7\u00e3o","og_description":"\u00a0 Cola\u00e7\u00e3o de Grau Antecipada A Congrega\u00e7\u00e3o da Faculdade de Odontologia da Universidade Federal de Minas Gerais (FAO UFMG), no uso de suas atribui\u00e7\u00f5es legais e estatut\u00e1rias e, considerando o art. 67 do Regimento Geral da UFMG e a Resolu\u00e7\u00e3o n\u00ba. 05\/2008 do CEPE\/UFMG,\u00a0 Regulamenta a Cola\u00e7\u00e3o de Grau Antecipada no \u00e2mbito do Curso de [&hellip;]","og_url":"https:\/\/www.odonto.ufmg.br\/colgrad\/normas-gerais-de-ensino-da-graduacao-da-ufmg-e-resolucoes-correlatas-2018-2-2\/","og_site_name":"Colegiado de Gradua\u00e7\u00e3o","article_modified_time":"2025-11-19T15:26:16+00:00","twitter_card":"summary_large_image","twitter_misc":{"Est. tempo de leitura":"1 minuto"},"schema":{"@context":"https:\/\/schema.org","@graph":[{"@type":"WebPage","@id":"https:\/\/www.odonto.ufmg.br\/colgrad\/normas-gerais-de-ensino-da-graduacao-da-ufmg-e-resolucoes-correlatas-2018-2-2\/","url":"https:\/\/www.odonto.ufmg.br\/colgrad\/normas-gerais-de-ensino-da-graduacao-da-ufmg-e-resolucoes-correlatas-2018-2-2\/","name":"Outras Resolu\u00e7\u00f5es - Colegiado de Gradua\u00e7\u00e3o","isPartOf":{"@id":"https:\/\/www.odonto.ufmg.br\/colgrad\/#website"},"datePublished":"2025-11-19T15:19:02+00:00","dateModified":"2025-11-19T15:26:16+00:00","breadcrumb":{"@id":"https:\/\/www.odonto.ufmg.br\/colgrad\/normas-gerais-de-ensino-da-graduacao-da-ufmg-e-resolucoes-correlatas-2018-2-2\/#breadcrumb"},"inLanguage":"pt-BR","potentialAction":[{"@type":"ReadAction","target":["https:\/\/www.odonto.ufmg.br\/colgrad\/normas-gerais-de-ensino-da-graduacao-da-ufmg-e-resolucoes-correlatas-2018-2-2\/"]}]},{"@type":"BreadcrumbList","@id":"https:\/\/www.odonto.ufmg.br\/colgrad\/normas-gerais-de-ensino-da-graduacao-da-ufmg-e-resolucoes-correlatas-2018-2-2\/#breadcrumb","itemListElement":[{"@type":"ListItem","position":1,"name":"In\u00edcio","item":"https:\/\/www.odonto.ufmg.br\/colgrad\/inicio\/"},{"@type":"ListItem","position":2,"name":"Outras Resolu\u00e7\u00f5es"}]},{"@type":"WebSite","@id":"https:\/\/www.odonto.ufmg.br\/colgrad\/#website","url":"https:\/\/www.odonto.ufmg.br\/colgrad\/","name":"Colegiado de Gradua\u00e7\u00e3o","description":"Faculdade de Odontologia UFMG","potentialAction":[{"@type":"SearchAction","target":{"@type":"EntryPoint","urlTemplate":"https:\/\/www.odonto.ufmg.br\/colgrad\/?s={search_term_string}"},"query-input":{"@type":"PropertyValueSpecification","valueRequired":true,"valueName":"search_term_string"}}],"inLanguage":"pt-BR"}]}},"_links":{"self":[{"href":"https:\/\/www.odonto.ufmg.br\/colgrad\/wp-json\/wp\/v2\/pages\/3574","targetHints":{"allow":["GET"]}}],"collection":[{"href":"https:\/\/www.odonto.ufmg.br\/colgrad\/wp-json\/wp\/v2\/pages"}],"about":[{"href":"https:\/\/www.odonto.ufmg.br\/colgrad\/wp-json\/wp\/v2\/types\/page"}],"author":[{"embeddable":true,"href":"https:\/\/www.odonto.ufmg.br\/colgrad\/wp-json\/wp\/v2\/users\/20"}],"replies":[{"embeddable":true,"href":"https:\/\/www.odonto.ufmg.br\/colgrad\/wp-json\/wp\/v2\/comments?post=3574"}],"version-history":[{"count":8,"href":"https:\/\/www.odonto.ufmg.br\/colgrad\/wp-json\/wp\/v2\/pages\/3574\/revisions"}],"predecessor-version":[{"id":3586,"href":"https:\/\/www.odonto.ufmg.br\/colgrad\/wp-json\/wp\/v2\/pages\/3574\/revisions\/3586"}],"wp:attachment":[{"href":"https:\/\/www.odonto.ufmg.br\/colgrad\/wp-json\/wp\/v2\/media?parent=3574"}],"curies":[{"name":"wp","href":"https:\/\/api.w.org\/{rel}","templated":true}]}}