{"id":2986,"date":"2023-06-22T19:51:39","date_gmt":"2023-06-22T22:51:39","guid":{"rendered":"https:\/\/www.odonto.ufmg.br\/colgrad\/?page_id=2986"},"modified":"2026-04-09T17:10:00","modified_gmt":"2026-04-09T20:10:00","slug":"liga-academica","status":"publish","type":"page","link":"https:\/\/www.odonto.ufmg.br\/colgrad\/liga-academica\/","title":{"rendered":"Liga Acad\u00eamica"},"content":{"rendered":"<section  class='av_textblock_section av-m2xxlf2o-e427f12c298cc76c89ed701fff2761a9 '   itemscope=\"itemscope\" itemtype=\"https:\/\/schema.org\/CreativeWork\" ><div class='avia_textblock'  itemprop=\"text\" ><h3 class=\"h6 font-weight-bold mb-0\" style=\"text-align: center\" data-region-content=\"forum-post-core-subject\" data-reply-subject=\"Re: Resultado da Sele\u00e7\u00e3o de Alunos para Ligantes das Ligas Acad\u00eamicas da FAO\/UFMG 2024\"><strong>Ligas Acad\u00eamicas da FAO\/UFMG<\/strong><\/h3>\n<\/div><\/section>\n<section  class='av_textblock_section av-m6fkkzw7-914f3d9404b51dc17d8a13f944f0cb28 '   itemscope=\"itemscope\" itemtype=\"https:\/\/schema.org\/CreativeWork\" ><div class='avia_textblock'  itemprop=\"text\" ><p data-start=\"147\" data-end=\"605\">As Ligas Acad\u00eamicas s\u00e3o associa\u00e7\u00f5es cient\u00edficas, sem fins lucrativos, com ou sem registro em cart\u00f3rio civil, apartid\u00e1rias e n\u00e3o religiosas, de dura\u00e7\u00e3o ilimitada. Elas s\u00e3o criadas e organizadas por estudantes da Faculdade de Odontologia da Universidade Federal de Minas Gerais, exercendo protagonismo em seu processo formativo, sob a coordena\u00e7\u00e3o pedag\u00f3gica de professores da FAO\/UFMG, e t\u00eam como foco interesses comuns em campos espec\u00edficos do conhecimento.<\/p>\n<p data-start=\"607\" data-end=\"787\">As atividades desenvolvidas pelas Ligas Acad\u00eamicas s\u00e3o extracurriculares, n\u00e3o possuindo qualquer rela\u00e7\u00e3o com o curr\u00edculo regular do curso de gradua\u00e7\u00e3o em Odontologia da FAO\/UFMG.<\/p>\n<p data-start=\"789\" data-end=\"1202\">O objetivo geral das Ligas Acad\u00eamicas \u00e9 complementar a forma\u00e7\u00e3o acad\u00eamica na \u00e1rea espec\u00edfica de cada liga, sendo que seus objetivos espec\u00edficos incluem:<\/p>\n<p data-start=\"789\" data-end=\"1202\">1 &#8211; Promover atividades did\u00e1ticas, como palestras, cursos, mesas-redondas, debates, semin\u00e1rios e discuss\u00f5es de casos cl\u00ednicos;<br data-start=\"1068\" data-end=\"1071\" \/>2 &#8211; Desenvolver e estimular a apresenta\u00e7\u00e3o de trabalhos em eventos cient\u00edficos;<br data-start=\"1148\" data-end=\"1151\" \/>3 &#8211;\u00a0 Promover interc\u00e2mbio entre as diferentes ligas.<\/p>\n<p data-start=\"789\" data-end=\"1202\">\n<ul>\n<li><strong>Memorando Diretoria FAO UFMG\/25\/2022: <span style=\"color: #800000\"><a style=\"color: #800000\" href=\"http:\/\/www.odonto.ufmg.br\/colgrad\/wp-content\/uploads\/sites\/3\/2023\/06\/2022-Memorando-Diretoria-25-Aprovacao-Estatuto-Liga-Academica.docx.pdf\">Download<\/a><\/span><\/strong><\/li>\n<li><strong>Regulamento das Ligas Acad\u00eamicas no \u00e2mbito da Faculdade de Odontologia da UFMG: <span style=\"color: #800000\"><a style=\"color: #800000\" href=\"http:\/\/www.odonto.ufmg.br\/colgrad\/wp-content\/uploads\/sites\/3\/2022\/07\/Estatuto.pdf\">Download<\/a><\/span><\/strong><strong><br \/>\n<\/strong><\/li>\n<\/ul>\n<\/div><\/section>\n<section  class='av_textblock_section av-7lc9m-c19b915e9b402e30ab0128f68d8eaec3 '   itemscope=\"itemscope\" itemtype=\"https:\/\/schema.org\/CreativeWork\" ><div class='avia_textblock'  itemprop=\"text\" ><h3 class=\"h6 font-weight-bold mb-0\" style=\"text-align: center\" data-region-content=\"forum-post-core-subject\" data-reply-subject=\"Re: Resultado da Sele\u00e7\u00e3o de Alunos para Ligantes das Ligas Acad\u00eamicas da FAO\/UFMG 2024\">Processo Seletivo Unificado<\/h3>\n<p>A sele\u00e7\u00e3o de novos ligantes ocorrer\u00e1, para todas as ligas, no in\u00edcio do ano letivo. Inicialmente, a Secretaria do Colegiado publicar\u00e1 uma chamada p\u00fablica convidando as ligas a participarem do processo seletivo. Ap\u00f3s a manifesta\u00e7\u00e3o de interesse, ser\u00e1 elaborado um edital, o qual ser\u00e1 publicado na p\u00e1gina do Colegiado e no f\u00f3rum de not\u00edcias do COLGRAD FAO\/UFMG.<\/p>\n<p>Cada liga ficar\u00e1 respons\u00e1vel pelas seguintes atribui\u00e7\u00f5es:<\/p>\n<ul>\n<li>Disponibilizar um formul\u00e1rio pr\u00f3prio para inscri\u00e7\u00e3o dos candidatos;<\/li>\n<li>Conferir a documenta\u00e7\u00e3o exigida;<\/li>\n<li>Conduzir o processo seletivo.<\/li>\n<\/ul>\n<p>Caber\u00e1 ao Colegiado a divulga\u00e7\u00e3o da chamada p\u00fablica, do edital e do resultado final do processo seletivo.<\/p>\n<ul>\n<li><strong>Chamada P\u00fablica Interna &#8211; Sele\u00e7\u00e3o de ligantes 2026: <span style=\"color: #ff0000\"><a style=\"color: #ff0000\" href=\"http:\/\/www.odonto.ufmg.br\/colgrad\/wp-content\/uploads\/sites\/3\/2026\/02\/0-Chamada-publica-interna.pdf\">Download<\/a><\/span><\/strong><\/li>\n<li><strong>Ficha de Inscri\u00e7\u00e3o: <span style=\"color: #ff0000\"><a style=\"color: #ff0000\" href=\"http:\/\/www.odonto.ufmg.br\/colgrad\/wp-content\/uploads\/sites\/3\/2026\/02\/1-Ficha-de-inscricao.docx\">Download<\/a><\/span><\/strong><\/li>\n<li><strong>Cronograma<\/strong><\/li>\n<\/ul>\n<table width=\"0\">\n<tbody>\n<tr>\n<td width=\"246\">Publica\u00e7\u00e3o do edital<\/td>\n<td width=\"350\">26 a 27\/02\/2026<\/td>\n<\/tr>\n<tr>\n<td width=\"246\">Per\u00edodo de inscri\u00e7\u00e3o dos candidatos<\/td>\n<td width=\"350\">02\/03\/2026 a 06\/03\/2026<\/td>\n<\/tr>\n<tr>\n<td width=\"246\">Envio do resultado final para publica\u00e7\u00e3o (ligas)<\/td>\n<td width=\"350\">At\u00e9 o dia 16\/03\/2026<\/td>\n<\/tr>\n<tr>\n<td width=\"246\">Publica\u00e7\u00e3o do resultado final (Secretaria do COLGRAD)<\/td>\n<td width=\"350\">\u00a018\/03\/2026 at\u00e9 as 22:00 horas<\/td>\n<\/tr>\n<\/tbody>\n<\/table>\n<ul>\n<li><strong>Edital n\u00ba 182\/2026: <span style=\"color: #ff0000\"><a style=\"color: #ff0000\" href=\"http:\/\/www.odonto.ufmg.br\/colgrad\/wp-content\/uploads\/sites\/3\/2026\/02\/SEI_4922739_Edital_182.pdf\">Download<\/a><\/span><\/strong><\/li>\n<\/ul>\n<p><strong>Resultado da sele\u00e7\u00e3o de alunos para as ligas acad\u00eamicas da FAO\/UFMG 2026<\/strong><\/p>\n<p style=\"margin-top: 0cm;background: white\"><span style=\"font-size: 11.5pt;font-family: 'Segoe UI','sans-serif';color: #1d2125\">O Colegiado de Gradua\u00e7\u00e3o da Faculdade de Odontologia da UFMG torna p\u00fablico o resultado da sele\u00e7\u00e3o de alunos para as ligas acad\u00eamicas da FAO\/UFMG 2026, conforme o EDITAL FAO\/COLGRAD N\u00ba 182\/2026. Informamos que o resultado da liga n\u00e3o inclu\u00eddo nesta publica\u00e7\u00e3o se deve ao fato de o material precisar ser refeito ou de a liga n\u00e3o ter enviado a documenta\u00e7\u00e3o necess\u00e1ria para a publica\u00e7\u00e3o.\u00a0<\/span><\/p>\n<ol>\n<li><strong>ENDOPRO \u2013\u00a0<a href=\"http:\/\/www.odonto.ufmg.br\/colgrad\/wp-content\/uploads\/sites\/3\/2026\/03\/ENDOPRO.pdf\">Download<\/a><\/strong><\/li>\n<li><strong>LACIME\u00a0\u2013 <a href=\"http:\/\/www.odonto.ufmg.br\/colgrad\/wp-content\/uploads\/sites\/3\/2026\/03\/LACIME.pdf\">Download<\/a><\/strong><\/li>\n<li><strong>LACOB\u00a0\u2013 <a href=\"http:\/\/www.odonto.ufmg.br\/colgrad\/wp-content\/uploads\/sites\/3\/2026\/03\/LACOB.pdf\">Download<\/a><\/strong><\/li>\n<li><strong>LAHOF \u2013 <a href=\"http:\/\/www.odonto.ufmg.br\/colgrad\/wp-content\/uploads\/sites\/3\/2026\/04\/LAHOF.pdf\">Download<\/a><\/strong><\/li>\n<li><strong>LAMET \u2013 <a href=\"http:\/\/www.odonto.ufmg.br\/colgrad\/wp-content\/uploads\/sites\/3\/2026\/04\/LAMET.pdf\">Download<\/a><\/strong><\/li>\n<li><strong>LAOD \u2013 <a href=\"http:\/\/www.odonto.ufmg.br\/colgrad\/wp-content\/uploads\/sites\/3\/2026\/04\/LAOD.pdf\">Download<\/a><\/strong><\/li>\n<li><strong>LAOESP \u2013\u00a0<a href=\"http:\/\/www.odonto.ufmg.br\/colgrad\/wp-content\/uploads\/sites\/3\/2026\/03\/LAOESP.pdf\">Downloa<\/a><\/strong><\/li>\n<li><strong>LAOF\u00a0\u2013 <a href=\"http:\/\/www.odonto.ufmg.br\/colgrad\/wp-content\/uploads\/sites\/3\/2026\/03\/LAOF.pdf\">Downloa<\/a><\/strong><\/li>\n<li><strong>LAOHOSP \u2013 <a href=\"http:\/\/www.odonto.ufmg.br\/colgrad\/wp-content\/uploads\/sites\/3\/2026\/04\/LAOHOSP.pdf\">Downloa<\/a><\/strong><\/li>\n<li><strong>LAOR\u00a0\u2013 <a href=\"http:\/\/www.odonto.ufmg.br\/colgrad\/wp-content\/uploads\/sites\/3\/2026\/03\/LAOR.pdf\">Downloa<\/a><\/strong><\/li>\n<li><strong>LAORTO\u00a0\u2013 <a href=\"http:\/\/www.odonto.ufmg.br\/colgrad\/wp-content\/uploads\/sites\/3\/2026\/03\/LAORTO.pdf\">Downloa<\/a><\/strong><\/li>\n<li><strong>LAPOMF\u00a0\u2013 <a href=\"http:\/\/www.odonto.ufmg.br\/colgrad\/wp-content\/uploads\/sites\/3\/2026\/03\/LAPOMF.pdf\">Downloa<\/a><\/strong><\/li>\n<li><strong>LASBUC\u00a0\u2013 <a href=\"http:\/\/www.odonto.ufmg.br\/colgrad\/wp-content\/uploads\/sites\/3\/2026\/03\/LASBUC.pdf\">Downloa<\/a><\/strong><\/li>\n<li><strong>LATEC \u2013 <a href=\"http:\/\/www.odonto.ufmg.br\/colgrad\/wp-content\/uploads\/sites\/3\/2026\/04\/LATEC.pdf\">Downloa<\/a><\/strong><\/li>\n<\/ol>\n<p style=\"margin-top: 0cm;background: white\"><strong><span style=\"font-size: 11.5pt;font-family: 'Segoe UI','sans-serif';color: #1d2125\">Em caso de d\u00favidas sobre o resultado final, os candidatos devem entrar em contato com os membros da diretoria da liga.<\/span><\/strong><\/p>\n<ul>\n<li data-start=\"784\" data-end=\"933\"><strong data-start=\"784\" data-end=\"819\">Processos Seletivos Anteriores:<\/strong> acesse informa\u00e7\u00f5es sobre os processos realizados em anos anteriores. <a href=\"https:\/\/www.odonto.ufmg.br\/colgrad\/liga-academica-3\/\">[Acesse aqui]<\/a><\/li>\n<\/ul>\n<\/div><\/section>\n<section  class='av_textblock_section av-mhxz5aug-87e4491eb4e4c4b523b0e92c353ee80f '   itemscope=\"itemscope\" itemtype=\"https:\/\/schema.org\/CreativeWork\" ><div class='avia_textblock'  itemprop=\"text\" ><h3 class=\"h6 font-weight-bold mb-0\" style=\"text-align: center\" data-region-content=\"forum-post-core-subject\" data-reply-subject=\"Re: Resultado da Sele\u00e7\u00e3o de Alunos para Ligantes das Ligas Acad\u00eamicas da FAO\/UFMG 2024\">Emiss\u00e3o de Certificados<\/h3>\n<\/div><\/section>\n<section  class='av_textblock_section av-mhy0ufg5-4177a321c651e30a4dfc1e4ba2925a15 '   itemscope=\"itemscope\" itemtype=\"https:\/\/schema.org\/CreativeWork\" ><div class='avia_textblock'  itemprop=\"text\" ><p>A diretoria da liga \u00e9 respons\u00e1vel por solicitar e enviar os certificados aos ligantes. Ao final do semestre, o presidente deve reunir a documenta\u00e7\u00e3o necess\u00e1ria e envi\u00e1-la exclusivamente pelo e-mail oficial da Liga Acad\u00eamica, com c\u00f3pia obrigat\u00f3ria para o(s) tutor(es) respons\u00e1vel(is), para que o Colegiado de Gradua\u00e7\u00e3o possa analisar e confeccionar os certificados. O envio deve ser feito para <strong data-start=\"570\" data-end=\"593\"><a class=\"decorated-link cursor-pointer\" rel=\"noopener\" data-start=\"572\" data-end=\"591\">odonto-grad@ufmg.br<\/a><\/strong>. Solicita\u00e7\u00f5es enviadas a partir de endere\u00e7os de e-mail pessoais n\u00e3o ser\u00e3o aceitas.<\/p>\n<h3>Documentos obrigat\u00f3rios<\/h3>\n<ul>\n<li>Planilha Excel para Solicitar Certificados: <strong>\u00a0<span style=\"color: #ff0000\"><a style=\"color: #ff0000\" href=\"http:\/\/www.odonto.ufmg.br\/colgrad\/wp-content\/uploads\/sites\/3\/2026\/01\/1-Planilha-Excel-para-Solicitar-Certificados.xlsx\">Download<\/a><\/span><\/strong><\/li>\n<li>Guia para Preenchimento da Planilha Excel: <strong><span style=\"color: #ff0000\"><a style=\"color: #ff0000\" href=\"http:\/\/www.odonto.ufmg.br\/colgrad\/wp-content\/uploads\/sites\/3\/2026\/01\/4-Guia-para-Preenchimento-da-Planilha-Excel.pdf\">Download<\/a><\/span><\/strong><\/li>\n<li>Formul\u00e1rio para Cronograma:<strong>\u00a0<span style=\"color: #ff0000\"><a style=\"color: #ff0000\" href=\"http:\/\/www.odonto.ufmg.br\/colgrad\/wp-content\/uploads\/sites\/3\/2026\/01\/2-Formulario-de-Cronograma.docx\">Download<\/a><\/span><\/strong><\/li>\n<li>Guia para Preenchimento do Formul\u00e1rio de Cronograma: <strong><span style=\"color: #ff0000\"><a style=\"color: #ff0000\" href=\"http:\/\/www.odonto.ufmg.br\/colgrad\/wp-content\/uploads\/sites\/3\/2026\/01\/3-Guia-para-Preenchimento-do-Formulario-de-Cronograma.pdf\">Download<\/a><\/span><\/strong><\/li>\n<li>Lista de frequ\u00eancia de cada atividade<b>.<\/b><\/li>\n<\/ul>\n<h3><\/h3>\n<h3>Instru\u00e7\u00f5es para envio de documentos<\/h3>\n<p><strong>1. Planilha de Ligantes<\/strong><\/p>\n<ul>\n<li>Baixe a planilha Excel dispon\u00edvel no site e preencha com os nomes dos ligantes. <strong>N\u00e3o altere a formata\u00e7\u00e3o da planilha.<\/strong><\/li>\n<li>Envie o arquivo em <strong>PDF<\/strong>, que deve ser <strong>assinado eletronicamente<\/strong> pelo tutor(a) atrav\u00e9s do site <a href=\"https:\/\/www.gov.br\">gov.br<\/a>.<\/li>\n<li>Envie tamb\u00e9m o arquivo Excel original que gerou o PDF.<\/li>\n<li><strong>Observa\u00e7\u00e3o:<\/strong> Um ligante s\u00f3 pode ser inclu\u00eddo na planilha se tiver participado da sele\u00e7\u00e3o unificada de ligantes e sido selecionado pela Liga.<\/li>\n<\/ul>\n<p><strong>2. Formul\u00e1rio de Cronograma<\/strong><\/p>\n<ul>\n<li>Baixe o formul\u00e1rio de Cronograma dispon\u00edvel no site e preencha todas as informa\u00e7\u00f5es solicitadas.<\/li>\n<li>Envie o formul\u00e1rio em\u00a0<strong>PDF<\/strong>, assinado eletronicamente pelo tutor(a) atrav\u00e9s do site <a href=\"https:\/\/www.gov.br\">gov.br<\/a>.<\/li>\n<\/ul>\n<p><strong>3. Lista de Frequ\u00eancia das Atividades<\/strong><\/p>\n<ul>\n<li>As listas de frequ\u00eancia podem ser consolidadas em <strong>um \u00fanico arquivo PDF<\/strong>.<\/li>\n<li>Esse PDF deve ser <strong>assinado eletronicamente<\/strong> uma \u00fanica vez pelo tutor(a) atrav\u00e9s do site <a href=\"https:\/\/www.gov.br\">gov.br<\/a>.<\/li>\n<\/ul>\n<\/div><\/section>\n<section  class='av_textblock_section av-mkzi1tcw-76cc17333ea7d9a5d01aeaec38904369 '   itemscope=\"itemscope\" itemtype=\"https:\/\/schema.org\/CreativeWork\" ><div class='avia_textblock'  itemprop=\"text\" ><h3 class=\"h6 font-weight-bold mb-0\" style=\"text-align: center\" data-region-content=\"forum-post-core-subject\" data-reply-subject=\"Re: Resultado da Sele\u00e7\u00e3o de Alunos para Ligantes das Ligas Acad\u00eamicas da FAO\/UFMG 2024\">Formul\u00e1rios<\/h3>\n<\/div><\/section>\n<section  class='av_textblock_section av-mkzi342o-0e5905e869b4e0f8b9adb30d96dc86bc '   itemscope=\"itemscope\" itemtype=\"https:\/\/schema.org\/CreativeWork\" ><div class='avia_textblock'  itemprop=\"text\" ><h3><\/h3>\n<ul>\n<li>Pedido de altera\u00e7\u00e3o de tutor: <strong>\u00a0<span style=\"color: #ff0000\"><a style=\"color: #ff0000\" href=\"http:\/\/www.odonto.ufmg.br\/colgrad\/wp-content\/uploads\/sites\/3\/2026\/01\/Formulario-para-solicitar-troca-de-tutor.docx\">Download<\/a><\/span><\/strong><\/li>\n<li>Pedido de altera\u00e7\u00e3o de diretoria: <strong><span style=\"color: #ff0000\"><a style=\"color: #ff0000\" href=\"http:\/\/www.odonto.ufmg.br\/colgrad\/wp-content\/uploads\/sites\/3\/2026\/01\/Formulario-para-solicitar-troca-de-diretoria.docx\">Download<\/a><\/span><\/strong><\/li>\n<\/ul>\n<h3><\/h3>\n<\/div><\/section>\n","protected":false},"excerpt":{"rendered":"","protected":false},"author":20,"featured_media":0,"parent":0,"menu_order":0,"comment_status":"closed","ping_status":"closed","template":"","meta":{"inline_featured_image":false,"footnotes":""},"class_list":["post-2986","page","type-page","status-publish","hentry"],"yoast_head":"<!-- This site is optimized with the Yoast SEO plugin v27.5 - https:\/\/yoast.com\/product\/yoast-seo-wordpress\/ -->\n<title>Liga Acad\u00eamica - Colegiado de Gradua\u00e7\u00e3o<\/title>\n<meta name=\"robots\" content=\"index, follow, max-snippet:-1, max-image-preview:large, max-video-preview:-1\" \/>\n<link rel=\"canonical\" href=\"https:\/\/www.odonto.ufmg.br\/colgrad\/liga-academica\/\" \/>\n<meta property=\"og:locale\" content=\"pt_BR\" \/>\n<meta property=\"og:type\" content=\"article\" \/>\n<meta property=\"og:title\" content=\"Liga Acad\u00eamica - Colegiado de Gradua\u00e7\u00e3o\" \/>\n<meta property=\"og:url\" content=\"https:\/\/www.odonto.ufmg.br\/colgrad\/liga-academica\/\" \/>\n<meta property=\"og:site_name\" content=\"Colegiado de Gradua\u00e7\u00e3o\" \/>\n<meta property=\"article:modified_time\" content=\"2026-04-09T20:10:00+00:00\" \/>\n<meta name=\"twitter:card\" content=\"summary_large_image\" \/>\n<meta name=\"twitter:label1\" content=\"Est. tempo de leitura\" \/>\n\t<meta name=\"twitter:data1\" content=\"4 minutos\" \/>\n<script type=\"application\/ld+json\" class=\"yoast-schema-graph\">{\"@context\":\"https:\\\/\\\/schema.org\",\"@graph\":[{\"@type\":\"WebPage\",\"@id\":\"https:\\\/\\\/www.odonto.ufmg.br\\\/colgrad\\\/liga-academica\\\/\",\"url\":\"https:\\\/\\\/www.odonto.ufmg.br\\\/colgrad\\\/liga-academica\\\/\",\"name\":\"Liga Acad\u00eamica - Colegiado de Gradua\u00e7\u00e3o\",\"isPartOf\":{\"@id\":\"https:\\\/\\\/www.odonto.ufmg.br\\\/colgrad\\\/#website\"},\"datePublished\":\"2023-06-22T22:51:39+00:00\",\"dateModified\":\"2026-04-09T20:10:00+00:00\",\"breadcrumb\":{\"@id\":\"https:\\\/\\\/www.odonto.ufmg.br\\\/colgrad\\\/liga-academica\\\/#breadcrumb\"},\"inLanguage\":\"pt-BR\",\"potentialAction\":[{\"@type\":\"ReadAction\",\"target\":[\"https:\\\/\\\/www.odonto.ufmg.br\\\/colgrad\\\/liga-academica\\\/\"]}]},{\"@type\":\"BreadcrumbList\",\"@id\":\"https:\\\/\\\/www.odonto.ufmg.br\\\/colgrad\\\/liga-academica\\\/#breadcrumb\",\"itemListElement\":[{\"@type\":\"ListItem\",\"position\":1,\"name\":\"In\u00edcio\",\"item\":\"https:\\\/\\\/www.odonto.ufmg.br\\\/colgrad\\\/inicio\\\/\"},{\"@type\":\"ListItem\",\"position\":2,\"name\":\"Liga Acad\u00eamica\"}]},{\"@type\":\"WebSite\",\"@id\":\"https:\\\/\\\/www.odonto.ufmg.br\\\/colgrad\\\/#website\",\"url\":\"https:\\\/\\\/www.odonto.ufmg.br\\\/colgrad\\\/\",\"name\":\"Colegiado de Gradua\u00e7\u00e3o\",\"description\":\"Faculdade de Odontologia UFMG\",\"potentialAction\":[{\"@type\":\"SearchAction\",\"target\":{\"@type\":\"EntryPoint\",\"urlTemplate\":\"https:\\\/\\\/www.odonto.ufmg.br\\\/colgrad\\\/?s={search_term_string}\"},\"query-input\":{\"@type\":\"PropertyValueSpecification\",\"valueRequired\":true,\"valueName\":\"search_term_string\"}}],\"inLanguage\":\"pt-BR\"}]}<\/script>\n<!-- \/ Yoast SEO plugin. -->","yoast_head_json":{"title":"Liga Acad\u00eamica - Colegiado de Gradua\u00e7\u00e3o","robots":{"index":"index","follow":"follow","max-snippet":"max-snippet:-1","max-image-preview":"max-image-preview:large","max-video-preview":"max-video-preview:-1"},"canonical":"https:\/\/www.odonto.ufmg.br\/colgrad\/liga-academica\/","og_locale":"pt_BR","og_type":"article","og_title":"Liga Acad\u00eamica - Colegiado de Gradua\u00e7\u00e3o","og_url":"https:\/\/www.odonto.ufmg.br\/colgrad\/liga-academica\/","og_site_name":"Colegiado de Gradua\u00e7\u00e3o","article_modified_time":"2026-04-09T20:10:00+00:00","twitter_card":"summary_large_image","twitter_misc":{"Est. tempo de leitura":"4 minutos"},"schema":{"@context":"https:\/\/schema.org","@graph":[{"@type":"WebPage","@id":"https:\/\/www.odonto.ufmg.br\/colgrad\/liga-academica\/","url":"https:\/\/www.odonto.ufmg.br\/colgrad\/liga-academica\/","name":"Liga Acad\u00eamica - Colegiado de Gradua\u00e7\u00e3o","isPartOf":{"@id":"https:\/\/www.odonto.ufmg.br\/colgrad\/#website"},"datePublished":"2023-06-22T22:51:39+00:00","dateModified":"2026-04-09T20:10:00+00:00","breadcrumb":{"@id":"https:\/\/www.odonto.ufmg.br\/colgrad\/liga-academica\/#breadcrumb"},"inLanguage":"pt-BR","potentialAction":[{"@type":"ReadAction","target":["https:\/\/www.odonto.ufmg.br\/colgrad\/liga-academica\/"]}]},{"@type":"BreadcrumbList","@id":"https:\/\/www.odonto.ufmg.br\/colgrad\/liga-academica\/#breadcrumb","itemListElement":[{"@type":"ListItem","position":1,"name":"In\u00edcio","item":"https:\/\/www.odonto.ufmg.br\/colgrad\/inicio\/"},{"@type":"ListItem","position":2,"name":"Liga Acad\u00eamica"}]},{"@type":"WebSite","@id":"https:\/\/www.odonto.ufmg.br\/colgrad\/#website","url":"https:\/\/www.odonto.ufmg.br\/colgrad\/","name":"Colegiado de Gradua\u00e7\u00e3o","description":"Faculdade de Odontologia UFMG","potentialAction":[{"@type":"SearchAction","target":{"@type":"EntryPoint","urlTemplate":"https:\/\/www.odonto.ufmg.br\/colgrad\/?s={search_term_string}"},"query-input":{"@type":"PropertyValueSpecification","valueRequired":true,"valueName":"search_term_string"}}],"inLanguage":"pt-BR"}]}},"_links":{"self":[{"href":"https:\/\/www.odonto.ufmg.br\/colgrad\/wp-json\/wp\/v2\/pages\/2986","targetHints":{"allow":["GET"]}}],"collection":[{"href":"https:\/\/www.odonto.ufmg.br\/colgrad\/wp-json\/wp\/v2\/pages"}],"about":[{"href":"https:\/\/www.odonto.ufmg.br\/colgrad\/wp-json\/wp\/v2\/types\/page"}],"author":[{"embeddable":true,"href":"https:\/\/www.odonto.ufmg.br\/colgrad\/wp-json\/wp\/v2\/users\/20"}],"replies":[{"embeddable":true,"href":"https:\/\/www.odonto.ufmg.br\/colgrad\/wp-json\/wp\/v2\/comments?post=2986"}],"version-history":[{"count":85,"href":"https:\/\/www.odonto.ufmg.br\/colgrad\/wp-json\/wp\/v2\/pages\/2986\/revisions"}],"predecessor-version":[{"id":3721,"href":"https:\/\/www.odonto.ufmg.br\/colgrad\/wp-json\/wp\/v2\/pages\/2986\/revisions\/3721"}],"wp:attachment":[{"href":"https:\/\/www.odonto.ufmg.br\/colgrad\/wp-json\/wp\/v2\/media?parent=2986"}],"curies":[{"name":"wp","href":"https:\/\/api.w.org\/{rel}","templated":true}]}}