{"id":29,"date":"2015-12-07T11:56:05","date_gmt":"2015-12-07T13:56:05","guid":{"rendered":"http:\/\/www.odonto.ufmg.br\/colgrad\/?page_id=29"},"modified":"2015-12-07T11:59:12","modified_gmt":"2015-12-07T13:59:12","slug":"sobre","status":"publish","type":"page","link":"https:\/\/www.odonto.ufmg.br\/colgrad\/sobre\/","title":{"rendered":"O curso de Odontologia"},"content":{"rendered":"\n<style type=\"text\/css\" data-created_by=\"avia_inline_auto\" id=\"style-css-av-av_heading-57930d1a07f6bb350804e4d9db4e7b0a\">\n#top .av-special-heading.av-av_heading-57930d1a07f6bb350804e4d9db4e7b0a{\npadding-bottom:10px;\n}\nbody .av-special-heading.av-av_heading-57930d1a07f6bb350804e4d9db4e7b0a .av-special-heading-tag .heading-char{\nfont-size:25px;\n}\n.av-special-heading.av-av_heading-57930d1a07f6bb350804e4d9db4e7b0a .av-subheading{\nfont-size:15px;\n}\n<\/style>\n<div  class='av-special-heading av-av_heading-57930d1a07f6bb350804e4d9db4e7b0a av-special-heading-h3 blockquote modern-quote modern-centered  avia-builder-el-0  el_before_av_textblock  avia-builder-el-first '><h3 class='av-special-heading-tag '  itemprop=\"headline\"  >O curso de Odontologia na UFMG<\/h3><div class=\"special-heading-border\"><div class=\"special-heading-inner-border\"><\/div><\/div><\/div>\n<section  class='av_textblock_section av-av_textblock-0366cc7376be6c9e82a3e9cc8987b64f '   itemscope=\"itemscope\" itemtype=\"https:\/\/schema.org\/CreativeWork\" ><div class='avia_textblock'  itemprop=\"text\" ><p><strong>Breve Hist\u00f3rico<\/strong><\/p>\n<p>O curso de Odontologia da Universidade Federal de Minas Gerais iniciou suas atividades em agosto do ano de 1907, a princ\u00edpio como Escola Livre de Odontologia de Belo Horizonte. Essa escola foi fundada por iniciativa de um grupo de profissionais, preocupados em responder \u00e0s necessidades do Estado de Minas Gerais, quanto a forma\u00e7\u00e3o de profissionais odont\u00f3logos. Em 1908 a escola adquiriu personalidade jur\u00eddica e formou sua primeira turma no m\u00eas de dezembro. Em 1911 foi criado o curso de Farm\u00e1cia anexo ao curso de Odontologia. Em 1927, a Faculdade de Odontologia e Farm\u00e1cia, e mais tr\u00eas unidades de ensino superior do Estado de Minas Gerais, Faculdade de Direito, escola de Engenharia e escola de Medicina constitu\u00edram a Universidade de Minas Gerais (UMG). Em 1949 a UMG foi federalizada. Quatro anos depois, ap\u00f3s ocupar v\u00e1rias sedes na cidade de Belo Horizonte, a escola de Odontologia e Farm\u00e1cia transferiu-se para a Rua Conde de Linhares, no Bairro Cidade Jardim. A separa\u00e7\u00e3o dos cursos de Odontologia e Farm\u00e1cia ocorreu em 1960, objetivando maior autonomia para ambos os cursos. Atualmente, a Faculdade de Odontologia da UFMG se localiza no campus Pampulha sendo dotada de ampla infraestrutura e modernas instala\u00e7\u00f5es para a realiza\u00e7\u00e3o da pr\u00e1tica odontol\u00f3gica.<\/p>\n<p><strong>O Ciclo B\u00e1sico<\/strong><\/p>\n<p>A estrutura de todos os cursos de gradua\u00e7\u00e3o da UFMG \u00e9 integrada por um primeiro ciclo, tamb\u00e9m chamado de ciclo b\u00e1sico, que se organiza por \u00e1reas. Na \u00e1rea de Ci\u00eancias da Sa\u00fade, o ciclo b\u00e1sico, com dura\u00e7\u00e3o de dois anos, \u00e9 oferecido pelo Instituto de Ci\u00eancias Biol\u00f3gicas (ICB) e \u00e9 obrigat\u00f3rio para os cursos de Medicina, Enfermagem, Terapia Ocupacional, Farm\u00e1cia, Fisioterapia, Odontologia e Veterin\u00e1ria. O primeiro ciclo contempla as \u00e1reas b\u00e1sicas da s\u00e1ude como morfologia, fisiologia, biof\u00edsica, farmacologia, gen\u00e9tica, bioqu\u00edmica, imunologia, microbiologia e patologia geral.<\/p>\n<p><strong>O Ciclo Profissional<\/strong><\/p>\n<p>Na Faculdade de Odontologia, o ciclo profissionalizante, isto \u00e9, a fase pela qual ocorre o contato e o trabalho na pr\u00e1tica odontol\u00f3gica, tem in\u00edcio no 4\u00ba per\u00edodo. Atrav\u00e9s dos quatro departamentos envolvidos na integraliza\u00e7\u00e3o do curr\u00edculo, o aluno de Odontologia desenvolve nesse intervalo as habilidades espec\u00edficas requeridas para a forma\u00e7\u00e3o de um cirurgi\u00e3o-dentista integral, cl\u00ednico generalista e integrante de equipe odontol\u00f3gica multidisciplinar.<\/p>\n<p><strong>Perfil profissional<\/strong><\/p>\n<p>O curso de Odontologia da UFMG tem como objetivo a forma\u00e7\u00e3o de profissionais com viv\u00eancia em diferentes realidades de atendimento odontol\u00f3gico, com ampla vis\u00e3o de sa\u00fade bucal e coletiva, com compet\u00eancia para tomar decis\u00f5es, intervir a n\u00edvel das necessidades globais da popula\u00e7\u00e3o, compreender e avaliar as pol\u00edticas de sa\u00fade vigentes e com capacidade de atualizar-se quanto aos conhecimentos inerentes \u00e0 pr\u00e1tica odontol\u00f3gica. Est\u00e3o no \u00e2mbito da pr\u00e1tica profissional do cirurgi\u00e3o-dentista, a abordagem da promo\u00e7\u00e3o da sa\u00fade, da preven\u00e7\u00e3o, terap\u00eautica e reabilita\u00e7\u00e3o de pacientes portadores de altera\u00e7\u00f5es patol\u00f3gicas que acometem o sistema estomatogn\u00e1tico. Em sua pr\u00e1tica cl\u00ednica esse profissional dever\u00e1 articular os diversos determinantes do processo sa\u00fade-doen\u00e7a, e sua inter-rela\u00e7\u00e3o com a totalidade da vida dos indiv\u00edduos, aplicando esse conhecimento, de forma espec\u00edfica, na \u00e1rea da sa\u00fade bucal.<\/p>\n<p>O curr\u00edculo prev\u00ea a forma\u00e7\u00e3o na \u00e1rea das ci\u00eancias morfol\u00f3gicas, fisiol\u00f3gicas, patol\u00f3gicas, sociais, da proped\u00eautica cl\u00ednica, cl\u00ednicas odontol\u00f3gicas e odontopediatria.<\/p>\n<p>O curr\u00edculo do curso de odontologia tem como objetivo a forma\u00e7\u00e3o de um cirurgi\u00e3o-dentista com o seguinte perfil:<\/p>\n<ol>\n<li>Que seja profissional integral, cl\u00ednico generalista, integrante de equipe odontol\u00f3gica multidisciplinar, respons\u00e1vel pelo diagn\u00f3stico e planejamento integral das necessidades do paciente e capacitado a executar esse planejamento no que lhe compete pela sua forma\u00e7\u00e3o.<\/li>\n<li>Que seja capacitado ao trabalho em equipe com delega\u00e7\u00e3o de fun\u00e7\u00e3o para pessoal auxiliar.<\/li>\n<li>Que tenha vis\u00e3o cr\u00edtica que o capacite a atuar no n\u00edvel das necessidades globais da comunidade.<\/li>\n<li>Que atenda ao paciente como uma unidade bio-psico-social.<\/li>\n<li>Que fa\u00e7a da promo\u00e7\u00e3o da sa\u00fade o eixo condutor de sua pr\u00e1tica profissional.<\/li>\n<li>Que esteja capacitado a atualizar-se, pela educa\u00e7\u00e3o continuada, nas novas exig\u00eancias da profiss\u00e3o e fazendo an\u00e1lise cr\u00edtica de trabalhos cient\u00edficos.<\/li>\n<\/ol>\n<p><strong>\u00c1reas de atua\u00e7\u00e3o<\/strong><\/p>\n<p>O Cirurgi\u00e3o-Dentista estar\u00e1 capacitado \u00e0 atuar na cl\u00ednica privada, servi\u00e7os e programas de sa\u00fade p\u00fablica, institui\u00e7\u00f5es de ensino e pesquisa e Centros de reabilita\u00e7\u00e3o.<\/p>\n<\/div><\/section>\n","protected":false},"excerpt":{"rendered":"","protected":false},"author":1,"featured_media":0,"parent":0,"menu_order":0,"comment_status":"closed","ping_status":"closed","template":"","meta":{"inline_featured_image":false,"footnotes":""},"class_list":["post-29","page","type-page","status-publish","hentry"],"yoast_head":"<!-- This site is optimized with the Yoast SEO plugin v27.3 - https:\/\/yoast.com\/product\/yoast-seo-wordpress\/ -->\n<title>O curso de Odontologia - Colegiado de Gradua\u00e7\u00e3o<\/title>\n<meta name=\"robots\" content=\"index, follow, max-snippet:-1, max-image-preview:large, max-video-preview:-1\" \/>\n<link rel=\"canonical\" href=\"https:\/\/www.odonto.ufmg.br\/colgrad\/sobre\/\" \/>\n<meta property=\"og:locale\" content=\"pt_BR\" \/>\n<meta property=\"og:type\" content=\"article\" \/>\n<meta property=\"og:title\" content=\"O curso de Odontologia - Colegiado de Gradua\u00e7\u00e3o\" \/>\n<meta property=\"og:url\" content=\"https:\/\/www.odonto.ufmg.br\/colgrad\/sobre\/\" \/>\n<meta property=\"og:site_name\" content=\"Colegiado de Gradua\u00e7\u00e3o\" \/>\n<meta property=\"article:modified_time\" content=\"2015-12-07T13:59:12+00:00\" \/>\n<meta name=\"twitter:card\" content=\"summary_large_image\" \/>\n<meta name=\"twitter:label1\" content=\"Est. tempo de leitura\" \/>\n\t<meta name=\"twitter:data1\" content=\"4 minutos\" \/>\n<script type=\"application\/ld+json\" class=\"yoast-schema-graph\">{\"@context\":\"https:\\\/\\\/schema.org\",\"@graph\":[{\"@type\":\"WebPage\",\"@id\":\"https:\\\/\\\/www.odonto.ufmg.br\\\/colgrad\\\/sobre\\\/\",\"url\":\"https:\\\/\\\/www.odonto.ufmg.br\\\/colgrad\\\/sobre\\\/\",\"name\":\"O curso de Odontologia - Colegiado de Gradua\u00e7\u00e3o\",\"isPartOf\":{\"@id\":\"https:\\\/\\\/www.odonto.ufmg.br\\\/colgrad\\\/#website\"},\"datePublished\":\"2015-12-07T13:56:05+00:00\",\"dateModified\":\"2015-12-07T13:59:12+00:00\",\"breadcrumb\":{\"@id\":\"https:\\\/\\\/www.odonto.ufmg.br\\\/colgrad\\\/sobre\\\/#breadcrumb\"},\"inLanguage\":\"pt-BR\",\"potentialAction\":[{\"@type\":\"ReadAction\",\"target\":[\"https:\\\/\\\/www.odonto.ufmg.br\\\/colgrad\\\/sobre\\\/\"]}]},{\"@type\":\"BreadcrumbList\",\"@id\":\"https:\\\/\\\/www.odonto.ufmg.br\\\/colgrad\\\/sobre\\\/#breadcrumb\",\"itemListElement\":[{\"@type\":\"ListItem\",\"position\":1,\"name\":\"In\u00edcio\",\"item\":\"https:\\\/\\\/www.odonto.ufmg.br\\\/colgrad\\\/inicio\\\/\"},{\"@type\":\"ListItem\",\"position\":2,\"name\":\"O curso de Odontologia\"}]},{\"@type\":\"WebSite\",\"@id\":\"https:\\\/\\\/www.odonto.ufmg.br\\\/colgrad\\\/#website\",\"url\":\"https:\\\/\\\/www.odonto.ufmg.br\\\/colgrad\\\/\",\"name\":\"Colegiado de Gradua\u00e7\u00e3o\",\"description\":\"Faculdade de Odontologia UFMG\",\"potentialAction\":[{\"@type\":\"SearchAction\",\"target\":{\"@type\":\"EntryPoint\",\"urlTemplate\":\"https:\\\/\\\/www.odonto.ufmg.br\\\/colgrad\\\/?s={search_term_string}\"},\"query-input\":{\"@type\":\"PropertyValueSpecification\",\"valueRequired\":true,\"valueName\":\"search_term_string\"}}],\"inLanguage\":\"pt-BR\"}]}<\/script>\n<!-- \/ Yoast SEO plugin. -->","yoast_head_json":{"title":"O curso de Odontologia - Colegiado de Gradua\u00e7\u00e3o","robots":{"index":"index","follow":"follow","max-snippet":"max-snippet:-1","max-image-preview":"max-image-preview:large","max-video-preview":"max-video-preview:-1"},"canonical":"https:\/\/www.odonto.ufmg.br\/colgrad\/sobre\/","og_locale":"pt_BR","og_type":"article","og_title":"O curso de Odontologia - Colegiado de Gradua\u00e7\u00e3o","og_url":"https:\/\/www.odonto.ufmg.br\/colgrad\/sobre\/","og_site_name":"Colegiado de Gradua\u00e7\u00e3o","article_modified_time":"2015-12-07T13:59:12+00:00","twitter_card":"summary_large_image","twitter_misc":{"Est. tempo de leitura":"4 minutos"},"schema":{"@context":"https:\/\/schema.org","@graph":[{"@type":"WebPage","@id":"https:\/\/www.odonto.ufmg.br\/colgrad\/sobre\/","url":"https:\/\/www.odonto.ufmg.br\/colgrad\/sobre\/","name":"O curso de Odontologia - Colegiado de Gradua\u00e7\u00e3o","isPartOf":{"@id":"https:\/\/www.odonto.ufmg.br\/colgrad\/#website"},"datePublished":"2015-12-07T13:56:05+00:00","dateModified":"2015-12-07T13:59:12+00:00","breadcrumb":{"@id":"https:\/\/www.odonto.ufmg.br\/colgrad\/sobre\/#breadcrumb"},"inLanguage":"pt-BR","potentialAction":[{"@type":"ReadAction","target":["https:\/\/www.odonto.ufmg.br\/colgrad\/sobre\/"]}]},{"@type":"BreadcrumbList","@id":"https:\/\/www.odonto.ufmg.br\/colgrad\/sobre\/#breadcrumb","itemListElement":[{"@type":"ListItem","position":1,"name":"In\u00edcio","item":"https:\/\/www.odonto.ufmg.br\/colgrad\/inicio\/"},{"@type":"ListItem","position":2,"name":"O curso de Odontologia"}]},{"@type":"WebSite","@id":"https:\/\/www.odonto.ufmg.br\/colgrad\/#website","url":"https:\/\/www.odonto.ufmg.br\/colgrad\/","name":"Colegiado de Gradua\u00e7\u00e3o","description":"Faculdade de Odontologia UFMG","potentialAction":[{"@type":"SearchAction","target":{"@type":"EntryPoint","urlTemplate":"https:\/\/www.odonto.ufmg.br\/colgrad\/?s={search_term_string}"},"query-input":{"@type":"PropertyValueSpecification","valueRequired":true,"valueName":"search_term_string"}}],"inLanguage":"pt-BR"}]}},"_links":{"self":[{"href":"https:\/\/www.odonto.ufmg.br\/colgrad\/wp-json\/wp\/v2\/pages\/29","targetHints":{"allow":["GET"]}}],"collection":[{"href":"https:\/\/www.odonto.ufmg.br\/colgrad\/wp-json\/wp\/v2\/pages"}],"about":[{"href":"https:\/\/www.odonto.ufmg.br\/colgrad\/wp-json\/wp\/v2\/types\/page"}],"author":[{"embeddable":true,"href":"https:\/\/www.odonto.ufmg.br\/colgrad\/wp-json\/wp\/v2\/users\/1"}],"replies":[{"embeddable":true,"href":"https:\/\/www.odonto.ufmg.br\/colgrad\/wp-json\/wp\/v2\/comments?post=29"}],"version-history":[{"count":4,"href":"https:\/\/www.odonto.ufmg.br\/colgrad\/wp-json\/wp\/v2\/pages\/29\/revisions"}],"predecessor-version":[{"id":260,"href":"https:\/\/www.odonto.ufmg.br\/colgrad\/wp-json\/wp\/v2\/pages\/29\/revisions\/260"}],"wp:attachment":[{"href":"https:\/\/www.odonto.ufmg.br\/colgrad\/wp-json\/wp\/v2\/media?parent=29"}],"curies":[{"name":"wp","href":"https:\/\/api.w.org\/{rel}","templated":true}]}}