{"id":2748,"date":"2023-01-27T11:55:40","date_gmt":"2023-01-27T14:55:40","guid":{"rendered":"https:\/\/www.odonto.ufmg.br\/colgrad\/?page_id=2748"},"modified":"2026-02-09T08:17:13","modified_gmt":"2026-02-09T11:17:13","slug":"matricula-2025-1","status":"publish","type":"page","link":"https:\/\/www.odonto.ufmg.br\/colgrad\/matricula-2025-1\/","title":{"rendered":"Matr\u00edcula 2026\/1"},"content":{"rendered":"<section  class='av_textblock_section av-lden7v4x-0dffd16cea104dee9c0974cb8e3aafcd '   itemscope=\"itemscope\" itemtype=\"https:\/\/schema.org\/CreativeWork\" ><div class='avia_textblock'  itemprop=\"text\" ><h3 class=\" text-center\" style=\"text-align: center\">Matr\u00edcula dos(as) Alunos(as) Veteranos(as) de Gradua\u00e7\u00e3o<\/h3>\n<div class=\"\">\n<div class=\"content-view-embed\">\n<div class=\"class-image\">\n<div class=\"attribute-image\"><\/div>\n<\/div>\n<\/div>\n<\/div>\n<p>Conforme o Calend\u00e1rio Escolar da <a href=\"https:\/\/www.ufmg.br\/\/app\/uploads\/2025\/11\/07rescepe2025-Calendario-Escolar-2026-FINAL.pdf\">UFMG<\/a>, no dia 26 de janeiro ter\u00e1 in\u00edcio a matr\u00edcula on-line para o primeiro per\u00edodo letivo de 2026.<\/p>\n<p>Ressaltamos que o preenchimento do question\u00e1rio de avalia\u00e7\u00e3o do desempenho did\u00e1tico de docentes, j\u00e1 dispon\u00edvel para os(as) estudantes, \u00e9 exigido para a libera\u00e7\u00e3o de acesso ao requerimento de matr\u00edcula, exceto para os(as) discentes que possuem lan\u00e7amento de ocorr\u00eancia acad\u00eamica de trancamento total ou mobilidade acad\u00eamica em 2025\/2.<\/p>\n<p>A matr\u00edcula on-line de estudantes veteranos(as) de gradua\u00e7\u00e3o poder\u00e1 ocorrer em at\u00e9 quatro fases:<\/p>\n<p><strong><span style=\"color: #993366\">1\u00aa Fase (Obrigat\u00f3ria)<\/span><\/strong><br \/>\n&#8211; Envio do requerimento de matr\u00edcula on-line (n\u00facleo espec\u00edfico), exclusivamente via app SiGA UFMG: 26 de janeiro.<br \/>\n&#8211; Envio do requerimento de matr\u00edcula on-line (n\u00facleo espec\u00edfico) via navegador e app SiGA UFMG: de 27 a 29 de janeiro.<br \/>\n&#8211; An\u00e1lise dos requerimentos de matr\u00edcula: de 26 (a partir das 18:00) a 30 de janeiro.<br \/>\n&#8211; Resultado da 1\u00aa fase da matr\u00edcula: 09 de fevereiro.<\/p>\n<p><strong><span style=\"color: #993366\">2\u00aa Fase (Opcional)<\/span><\/strong><br \/>\n&#8211; Envio do requerimento de inclus\u00e3o de novas atividades (n\u00facleo espec\u00edfico) em turmas com vagas: 12 e 13 de fevereiro.<br \/>\n&#8211; An\u00e1lise dos requerimentos de inclus\u00e3o de novas atividades (n\u00facleo espec\u00edfico): 19 e 20 de fevereiro.<\/p>\n<p><strong><span style=\"color: #993366\">3\u00aa Fase<\/span><\/strong><br \/>\n&#8211; Envio do requerimento de matr\u00edcula em atividades do n\u00facleo geral (forma\u00e7\u00e3o livre) e n\u00facleo complementar (forma\u00e7\u00f5es transversais): 24 e 25 de fevereiro.<br \/>\n&#8211; Resultado da 3\u00aa fase da matr\u00edcula: 28 de fevereiro.<\/p>\n<p><strong><span style=\"color: #993366\">4\u00aa Fase (Opcional)<\/span><\/strong><br \/>\n&#8211; Requerimento de matr\u00edcula em atividades do n\u00facleo avan\u00e7ado (p\u00f3s-gradua\u00e7\u00e3o) pelos(as) estudantes de gradua\u00e7\u00e3o nos Colegiados de Cursos de P\u00f3s-gradua\u00e7\u00e3o: 02 de mar\u00e7o.<br \/>\n&#8211; Matr\u00edcula em atividades do n\u00facleo avan\u00e7ado (p\u00f3s-gradua\u00e7\u00e3o) pelos(as) estudantes de gradua\u00e7\u00e3o nos Colegiados de Cursos de P\u00f3s-gradua\u00e7\u00e3o: 05 de mar\u00e7o.<\/p>\n<p>Em caso de d\u00favidas, o(a) estudante dever\u00e1 consultar o Colegiado do curso ou o <a href=\"https:\/\/www2.ufmg.br\/drca\/content\/download\/28481\/190325\/file\/Manual%20do%20estudante%20-%20Matr%C3%ADcula.pdf\">Manual do estudante<\/a> &#8211; Matr\u00edcula, dispon\u00edvel no link &#8220;Ajuda&#8221; do SiGA.<b><\/b><\/p>\n<p>Cat\u00e1logo das Disciplinas Optativas:<b id=\"yui_3_17_2_1_1769086269518_26\"><strong><a href=\"http:\/\/www.odonto.ufmg.br\/colgrad\/wp-content\/uploads\/sites\/3\/2026\/01\/Catalogo-das-Disciplinas-Optativas_-2026_1.pdf\">Download<\/a><\/strong><\/b><\/p>\n<p>Mais informa\u00e7\u00f5es est\u00e3o dispon\u00edveis no site do <a href=\"https:\/\/www2.ufmg.br\/drca\/drca\/Home\/Graduacao\/Matricula-de-estudantes-veteranos-as-de-graduacao\/Informacoes-Gerais\">Departamento de Registro e Controle Acad\u00eamico (DRCA)<\/a>.<\/p>\n<div><\/div>\n<\/div><\/section>\n","protected":false},"excerpt":{"rendered":"","protected":false},"author":20,"featured_media":0,"parent":0,"menu_order":0,"comment_status":"closed","ping_status":"closed","template":"","meta":{"inline_featured_image":false,"footnotes":""},"class_list":["post-2748","page","type-page","status-publish","hentry"],"yoast_head":"<!-- This site is optimized with the Yoast SEO plugin v27.3 - https:\/\/yoast.com\/product\/yoast-seo-wordpress\/ -->\n<title>Matr\u00edcula 2026\/1 - Colegiado de Gradua\u00e7\u00e3o<\/title>\n<meta name=\"robots\" content=\"index, follow, max-snippet:-1, max-image-preview:large, max-video-preview:-1\" \/>\n<link rel=\"canonical\" href=\"https:\/\/www.odonto.ufmg.br\/colgrad\/matricula-2025-1\/\" \/>\n<meta property=\"og:locale\" content=\"pt_BR\" \/>\n<meta property=\"og:type\" content=\"article\" \/>\n<meta property=\"og:title\" content=\"Matr\u00edcula 2026\/1 - Colegiado de Gradua\u00e7\u00e3o\" \/>\n<meta property=\"og:url\" content=\"https:\/\/www.odonto.ufmg.br\/colgrad\/matricula-2025-1\/\" \/>\n<meta property=\"og:site_name\" content=\"Colegiado de Gradua\u00e7\u00e3o\" \/>\n<meta property=\"article:modified_time\" content=\"2026-02-09T11:17:13+00:00\" \/>\n<meta name=\"twitter:card\" content=\"summary_large_image\" \/>\n<meta name=\"twitter:label1\" content=\"Est. tempo de leitura\" \/>\n\t<meta name=\"twitter:data1\" content=\"2 minutos\" \/>\n<script type=\"application\/ld+json\" class=\"yoast-schema-graph\">{\"@context\":\"https:\\\/\\\/schema.org\",\"@graph\":[{\"@type\":\"WebPage\",\"@id\":\"https:\\\/\\\/www.odonto.ufmg.br\\\/colgrad\\\/matricula-2025-1\\\/\",\"url\":\"https:\\\/\\\/www.odonto.ufmg.br\\\/colgrad\\\/matricula-2025-1\\\/\",\"name\":\"Matr\u00edcula 2026\\\/1 - Colegiado de Gradua\u00e7\u00e3o\",\"isPartOf\":{\"@id\":\"https:\\\/\\\/www.odonto.ufmg.br\\\/colgrad\\\/#website\"},\"datePublished\":\"2023-01-27T14:55:40+00:00\",\"dateModified\":\"2026-02-09T11:17:13+00:00\",\"breadcrumb\":{\"@id\":\"https:\\\/\\\/www.odonto.ufmg.br\\\/colgrad\\\/matricula-2025-1\\\/#breadcrumb\"},\"inLanguage\":\"pt-BR\",\"potentialAction\":[{\"@type\":\"ReadAction\",\"target\":[\"https:\\\/\\\/www.odonto.ufmg.br\\\/colgrad\\\/matricula-2025-1\\\/\"]}]},{\"@type\":\"BreadcrumbList\",\"@id\":\"https:\\\/\\\/www.odonto.ufmg.br\\\/colgrad\\\/matricula-2025-1\\\/#breadcrumb\",\"itemListElement\":[{\"@type\":\"ListItem\",\"position\":1,\"name\":\"In\u00edcio\",\"item\":\"https:\\\/\\\/www.odonto.ufmg.br\\\/colgrad\\\/inicio\\\/\"},{\"@type\":\"ListItem\",\"position\":2,\"name\":\"Matr\u00edcula 2026\\\/1\"}]},{\"@type\":\"WebSite\",\"@id\":\"https:\\\/\\\/www.odonto.ufmg.br\\\/colgrad\\\/#website\",\"url\":\"https:\\\/\\\/www.odonto.ufmg.br\\\/colgrad\\\/\",\"name\":\"Colegiado de Gradua\u00e7\u00e3o\",\"description\":\"Faculdade de Odontologia UFMG\",\"potentialAction\":[{\"@type\":\"SearchAction\",\"target\":{\"@type\":\"EntryPoint\",\"urlTemplate\":\"https:\\\/\\\/www.odonto.ufmg.br\\\/colgrad\\\/?s={search_term_string}\"},\"query-input\":{\"@type\":\"PropertyValueSpecification\",\"valueRequired\":true,\"valueName\":\"search_term_string\"}}],\"inLanguage\":\"pt-BR\"}]}<\/script>\n<!-- \/ Yoast SEO plugin. -->","yoast_head_json":{"title":"Matr\u00edcula 2026\/1 - Colegiado de Gradua\u00e7\u00e3o","robots":{"index":"index","follow":"follow","max-snippet":"max-snippet:-1","max-image-preview":"max-image-preview:large","max-video-preview":"max-video-preview:-1"},"canonical":"https:\/\/www.odonto.ufmg.br\/colgrad\/matricula-2025-1\/","og_locale":"pt_BR","og_type":"article","og_title":"Matr\u00edcula 2026\/1 - Colegiado de Gradua\u00e7\u00e3o","og_url":"https:\/\/www.odonto.ufmg.br\/colgrad\/matricula-2025-1\/","og_site_name":"Colegiado de Gradua\u00e7\u00e3o","article_modified_time":"2026-02-09T11:17:13+00:00","twitter_card":"summary_large_image","twitter_misc":{"Est. tempo de leitura":"2 minutos"},"schema":{"@context":"https:\/\/schema.org","@graph":[{"@type":"WebPage","@id":"https:\/\/www.odonto.ufmg.br\/colgrad\/matricula-2025-1\/","url":"https:\/\/www.odonto.ufmg.br\/colgrad\/matricula-2025-1\/","name":"Matr\u00edcula 2026\/1 - Colegiado de Gradua\u00e7\u00e3o","isPartOf":{"@id":"https:\/\/www.odonto.ufmg.br\/colgrad\/#website"},"datePublished":"2023-01-27T14:55:40+00:00","dateModified":"2026-02-09T11:17:13+00:00","breadcrumb":{"@id":"https:\/\/www.odonto.ufmg.br\/colgrad\/matricula-2025-1\/#breadcrumb"},"inLanguage":"pt-BR","potentialAction":[{"@type":"ReadAction","target":["https:\/\/www.odonto.ufmg.br\/colgrad\/matricula-2025-1\/"]}]},{"@type":"BreadcrumbList","@id":"https:\/\/www.odonto.ufmg.br\/colgrad\/matricula-2025-1\/#breadcrumb","itemListElement":[{"@type":"ListItem","position":1,"name":"In\u00edcio","item":"https:\/\/www.odonto.ufmg.br\/colgrad\/inicio\/"},{"@type":"ListItem","position":2,"name":"Matr\u00edcula 2026\/1"}]},{"@type":"WebSite","@id":"https:\/\/www.odonto.ufmg.br\/colgrad\/#website","url":"https:\/\/www.odonto.ufmg.br\/colgrad\/","name":"Colegiado de Gradua\u00e7\u00e3o","description":"Faculdade de Odontologia UFMG","potentialAction":[{"@type":"SearchAction","target":{"@type":"EntryPoint","urlTemplate":"https:\/\/www.odonto.ufmg.br\/colgrad\/?s={search_term_string}"},"query-input":{"@type":"PropertyValueSpecification","valueRequired":true,"valueName":"search_term_string"}}],"inLanguage":"pt-BR"}]}},"_links":{"self":[{"href":"https:\/\/www.odonto.ufmg.br\/colgrad\/wp-json\/wp\/v2\/pages\/2748","targetHints":{"allow":["GET"]}}],"collection":[{"href":"https:\/\/www.odonto.ufmg.br\/colgrad\/wp-json\/wp\/v2\/pages"}],"about":[{"href":"https:\/\/www.odonto.ufmg.br\/colgrad\/wp-json\/wp\/v2\/types\/page"}],"author":[{"embeddable":true,"href":"https:\/\/www.odonto.ufmg.br\/colgrad\/wp-json\/wp\/v2\/users\/20"}],"replies":[{"embeddable":true,"href":"https:\/\/www.odonto.ufmg.br\/colgrad\/wp-json\/wp\/v2\/comments?post=2748"}],"version-history":[{"count":67,"href":"https:\/\/www.odonto.ufmg.br\/colgrad\/wp-json\/wp\/v2\/pages\/2748\/revisions"}],"predecessor-version":[{"id":3657,"href":"https:\/\/www.odonto.ufmg.br\/colgrad\/wp-json\/wp\/v2\/pages\/2748\/revisions\/3657"}],"wp:attachment":[{"href":"https:\/\/www.odonto.ufmg.br\/colgrad\/wp-json\/wp\/v2\/media?parent=2748"}],"curies":[{"name":"wp","href":"https:\/\/api.w.org\/{rel}","templated":true}]}}