{"id":2447,"date":"2022-05-20T11:32:08","date_gmt":"2022-05-20T14:32:08","guid":{"rendered":"https:\/\/www.odonto.ufmg.br\/colgrad\/?page_id=2447"},"modified":"2024-01-25T16:08:07","modified_gmt":"2024-01-25T19:08:07","slug":"2-via-de-diploma","status":"publish","type":"page","link":"https:\/\/www.odonto.ufmg.br\/colgrad\/2-via-de-diploma\/","title":{"rendered":"2 via de diploma"},"content":{"rendered":"\n<style type=\"text\/css\" data-created_by=\"avia_inline_auto\" id=\"style-css-av-l3efpger-609b3821ce5fce8a13d81ef96568eb2a\">\n#top .av-special-heading.av-l3efpger-609b3821ce5fce8a13d81ef96568eb2a{\npadding-bottom:10px;\n}\nbody .av-special-heading.av-l3efpger-609b3821ce5fce8a13d81ef96568eb2a .av-special-heading-tag .heading-char{\nfont-size:25px;\n}\n.av-special-heading.av-l3efpger-609b3821ce5fce8a13d81ef96568eb2a .av-subheading{\nfont-size:15px;\n}\n<\/style>\n<div  class='av-special-heading av-l3efpger-609b3821ce5fce8a13d81ef96568eb2a av-special-heading-h1 blockquote modern-quote modern-centered  avia-builder-el-0  el_before_av_progress  avia-builder-el-first '><h1 class='av-special-heading-tag '  itemprop=\"headline\"  >2\u00aa via de diploma<\/h1><div class=\"special-heading-border\"><div class=\"special-heading-inner-border\"><\/div><\/div><\/div>\n\n<style type=\"text\/css\" data-created_by=\"avia_inline_auto\" id=\"style-css-sub-av-4q4ga7-a50df64e84ede7a5a1cd23ee48a98d18\">\n#top .avia-progress-bar-container .avia-progress-bar.av-9j7a7-f014eb2a20f25aa3f56438df862a671c .bar{\nwidth:100%;\nbackground-image: linear-gradient( -45deg, #B02B2C 25%, #D24D4E 25%, #D24D4E 50%, #B02B2C 50%, #B02B2C 75%, #D24D4E 75%, #D24D4E );\nbackground-image: linear-gradient( -45deg, #B02B2C 25%, #D24D4E 25%, #D24D4E 50%, #B02B2C 50%, #B02B2C 75%, #D24D4E 75%, #D24D4E );\nbackground-color:#B02B2C;\n}\n<\/style>\n<div  class='avia-progress-bar-container av-4q4ga7-a50df64e84ede7a5a1cd23ee48a98d18 av-striped-bar av-animated-bar avia_animate_when_almost_visible  avia-builder-el-1  el_after_av_heading  el_before_av_textblock '><div class='avia-progress-bar av-9j7a7-f014eb2a20f25aa3f56438df862a671c icon-bar-no red-bar icon-bar-no'><div class=\"progress\"><div class=\"bar-outer\"><div class='bar' data-progress='100'><\/div><\/div><\/div><\/div><\/div>\n<section  class='av_textblock_section av-l3eglru2-ce24f2b8c06551ec1656edfcba2140d7 '   itemscope=\"itemscope\" itemtype=\"https:\/\/schema.org\/CreativeWork\" ><div class='avia_textblock'  itemprop=\"text\" ><p>Para solicitar a 2\u00ba via de diploma o(a) interessando(a) deve entrar em contato com o Departamento de Registro e Controle Acad\u00eamico (DRCA) atrav\u00e9s do e-mail <strong>drd@drca.ufmg.br<\/strong>. Ao e-mail devem ser anexados os documentos abaixo, em PDF:<\/p>\n<ul>\n<li>Certid\u00e3o de nascimento\/casamento<\/li>\n<li>Identidade<\/li>\n<li>CPF<\/li>\n<li>\u00a0GRU e comprovante de seu pagamento<\/li>\n<li><a href=\"https:\/\/www2.ufmg.br\/drca\/content\/download\/30683\/203702\/file\/Formul%C3%A1rio%20de%20requisi%C3%A7%C3%A3o%20de%20segunda%20via.pdf\" target=\"_self\" rel=\"noopener\">Formul\u00e1rio Requisi\u00e7\u00e3o Segunda Via<\/a>*<br \/>\n* O formul\u00e1rio de requisi\u00e7\u00e3o de segunda via dever\u00e1 ser impresso, assinado e digitalizado. Apenas assinaturas digitais da plataforma gov.br ser\u00e3o aceitas.<\/li>\n<\/ul>\n<p>\u00c9 cobrada uma taxa no valor de R$ 80,00 para a emiss\u00e3o da segunda via do diploma.<\/p>\n<p>Gerar a\u00a0<b>Guia de Recolhimento da Uni\u00e3o (GRU)<\/b>\u00a0pela internet:<\/p>\n<ul>\n<li>\u00a0<a href=\"https:\/\/sistemas.ufmg.br\/sisarc\/emissaogru\/gerir\/geriremissaogru.seam?codigo=btNtlMfp9\" target=\"_blank\" rel=\"noopener\">Clique aqui<\/a>\u00a0(Taxa de Registro de Diploma) &#8211; Valor da taxa:\u00a0<b>R$ 80,00<\/b>;<\/li>\n<\/ul>\n<p>DRCA &#8211; Departamento de Registro e Controle Acad\u00eamico: <a href=\"https:\/\/www2.ufmg.br\/drca\/drca\/Home\/Registro-de-Diplomas\">link<\/a><\/p>\n<\/div><\/section>\n","protected":false},"excerpt":{"rendered":"","protected":false},"author":20,"featured_media":0,"parent":0,"menu_order":0,"comment_status":"closed","ping_status":"closed","template":"","meta":{"inline_featured_image":false,"footnotes":""},"class_list":["post-2447","page","type-page","status-publish","hentry"],"yoast_head":"<!-- This site is optimized with the Yoast SEO plugin v27.3 - https:\/\/yoast.com\/product\/yoast-seo-wordpress\/ -->\n<title>2 via de diploma - Colegiado de Gradua\u00e7\u00e3o<\/title>\n<meta name=\"robots\" content=\"index, follow, max-snippet:-1, max-image-preview:large, max-video-preview:-1\" \/>\n<link rel=\"canonical\" href=\"https:\/\/www.odonto.ufmg.br\/colgrad\/2-via-de-diploma\/\" \/>\n<meta property=\"og:locale\" content=\"pt_BR\" \/>\n<meta property=\"og:type\" content=\"article\" \/>\n<meta property=\"og:title\" content=\"2 via de diploma - Colegiado de Gradua\u00e7\u00e3o\" \/>\n<meta property=\"og:url\" content=\"https:\/\/www.odonto.ufmg.br\/colgrad\/2-via-de-diploma\/\" \/>\n<meta property=\"og:site_name\" content=\"Colegiado de Gradua\u00e7\u00e3o\" \/>\n<meta property=\"article:modified_time\" content=\"2024-01-25T19:08:07+00:00\" \/>\n<meta name=\"twitter:card\" content=\"summary_large_image\" \/>\n<meta name=\"twitter:label1\" content=\"Est. tempo de leitura\" \/>\n\t<meta name=\"twitter:data1\" content=\"2 minutos\" \/>\n<script type=\"application\/ld+json\" class=\"yoast-schema-graph\">{\"@context\":\"https:\\\/\\\/schema.org\",\"@graph\":[{\"@type\":\"WebPage\",\"@id\":\"https:\\\/\\\/www.odonto.ufmg.br\\\/colgrad\\\/2-via-de-diploma\\\/\",\"url\":\"https:\\\/\\\/www.odonto.ufmg.br\\\/colgrad\\\/2-via-de-diploma\\\/\",\"name\":\"2 via de diploma - Colegiado de Gradua\u00e7\u00e3o\",\"isPartOf\":{\"@id\":\"https:\\\/\\\/www.odonto.ufmg.br\\\/colgrad\\\/#website\"},\"datePublished\":\"2022-05-20T14:32:08+00:00\",\"dateModified\":\"2024-01-25T19:08:07+00:00\",\"breadcrumb\":{\"@id\":\"https:\\\/\\\/www.odonto.ufmg.br\\\/colgrad\\\/2-via-de-diploma\\\/#breadcrumb\"},\"inLanguage\":\"pt-BR\",\"potentialAction\":[{\"@type\":\"ReadAction\",\"target\":[\"https:\\\/\\\/www.odonto.ufmg.br\\\/colgrad\\\/2-via-de-diploma\\\/\"]}]},{\"@type\":\"BreadcrumbList\",\"@id\":\"https:\\\/\\\/www.odonto.ufmg.br\\\/colgrad\\\/2-via-de-diploma\\\/#breadcrumb\",\"itemListElement\":[{\"@type\":\"ListItem\",\"position\":1,\"name\":\"In\u00edcio\",\"item\":\"https:\\\/\\\/www.odonto.ufmg.br\\\/colgrad\\\/inicio\\\/\"},{\"@type\":\"ListItem\",\"position\":2,\"name\":\"2 via de diploma\"}]},{\"@type\":\"WebSite\",\"@id\":\"https:\\\/\\\/www.odonto.ufmg.br\\\/colgrad\\\/#website\",\"url\":\"https:\\\/\\\/www.odonto.ufmg.br\\\/colgrad\\\/\",\"name\":\"Colegiado de Gradua\u00e7\u00e3o\",\"description\":\"Faculdade de Odontologia UFMG\",\"potentialAction\":[{\"@type\":\"SearchAction\",\"target\":{\"@type\":\"EntryPoint\",\"urlTemplate\":\"https:\\\/\\\/www.odonto.ufmg.br\\\/colgrad\\\/?s={search_term_string}\"},\"query-input\":{\"@type\":\"PropertyValueSpecification\",\"valueRequired\":true,\"valueName\":\"search_term_string\"}}],\"inLanguage\":\"pt-BR\"}]}<\/script>\n<!-- \/ Yoast SEO plugin. -->","yoast_head_json":{"title":"2 via de diploma - Colegiado de Gradua\u00e7\u00e3o","robots":{"index":"index","follow":"follow","max-snippet":"max-snippet:-1","max-image-preview":"max-image-preview:large","max-video-preview":"max-video-preview:-1"},"canonical":"https:\/\/www.odonto.ufmg.br\/colgrad\/2-via-de-diploma\/","og_locale":"pt_BR","og_type":"article","og_title":"2 via de diploma - Colegiado de Gradua\u00e7\u00e3o","og_url":"https:\/\/www.odonto.ufmg.br\/colgrad\/2-via-de-diploma\/","og_site_name":"Colegiado de Gradua\u00e7\u00e3o","article_modified_time":"2024-01-25T19:08:07+00:00","twitter_card":"summary_large_image","twitter_misc":{"Est. tempo de leitura":"2 minutos"},"schema":{"@context":"https:\/\/schema.org","@graph":[{"@type":"WebPage","@id":"https:\/\/www.odonto.ufmg.br\/colgrad\/2-via-de-diploma\/","url":"https:\/\/www.odonto.ufmg.br\/colgrad\/2-via-de-diploma\/","name":"2 via de diploma - Colegiado de Gradua\u00e7\u00e3o","isPartOf":{"@id":"https:\/\/www.odonto.ufmg.br\/colgrad\/#website"},"datePublished":"2022-05-20T14:32:08+00:00","dateModified":"2024-01-25T19:08:07+00:00","breadcrumb":{"@id":"https:\/\/www.odonto.ufmg.br\/colgrad\/2-via-de-diploma\/#breadcrumb"},"inLanguage":"pt-BR","potentialAction":[{"@type":"ReadAction","target":["https:\/\/www.odonto.ufmg.br\/colgrad\/2-via-de-diploma\/"]}]},{"@type":"BreadcrumbList","@id":"https:\/\/www.odonto.ufmg.br\/colgrad\/2-via-de-diploma\/#breadcrumb","itemListElement":[{"@type":"ListItem","position":1,"name":"In\u00edcio","item":"https:\/\/www.odonto.ufmg.br\/colgrad\/inicio\/"},{"@type":"ListItem","position":2,"name":"2 via de diploma"}]},{"@type":"WebSite","@id":"https:\/\/www.odonto.ufmg.br\/colgrad\/#website","url":"https:\/\/www.odonto.ufmg.br\/colgrad\/","name":"Colegiado de Gradua\u00e7\u00e3o","description":"Faculdade de Odontologia UFMG","potentialAction":[{"@type":"SearchAction","target":{"@type":"EntryPoint","urlTemplate":"https:\/\/www.odonto.ufmg.br\/colgrad\/?s={search_term_string}"},"query-input":{"@type":"PropertyValueSpecification","valueRequired":true,"valueName":"search_term_string"}}],"inLanguage":"pt-BR"}]}},"_links":{"self":[{"href":"https:\/\/www.odonto.ufmg.br\/colgrad\/wp-json\/wp\/v2\/pages\/2447","targetHints":{"allow":["GET"]}}],"collection":[{"href":"https:\/\/www.odonto.ufmg.br\/colgrad\/wp-json\/wp\/v2\/pages"}],"about":[{"href":"https:\/\/www.odonto.ufmg.br\/colgrad\/wp-json\/wp\/v2\/types\/page"}],"author":[{"embeddable":true,"href":"https:\/\/www.odonto.ufmg.br\/colgrad\/wp-json\/wp\/v2\/users\/20"}],"replies":[{"embeddable":true,"href":"https:\/\/www.odonto.ufmg.br\/colgrad\/wp-json\/wp\/v2\/comments?post=2447"}],"version-history":[{"count":16,"href":"https:\/\/www.odonto.ufmg.br\/colgrad\/wp-json\/wp\/v2\/pages\/2447\/revisions"}],"predecessor-version":[{"id":3190,"href":"https:\/\/www.odonto.ufmg.br\/colgrad\/wp-json\/wp\/v2\/pages\/2447\/revisions\/3190"}],"wp:attachment":[{"href":"https:\/\/www.odonto.ufmg.br\/colgrad\/wp-json\/wp\/v2\/media?parent=2447"}],"curies":[{"name":"wp","href":"https:\/\/api.w.org\/{rel}","templated":true}]}}