{"id":2318,"date":"2021-10-28T07:51:09","date_gmt":"2021-10-28T10:51:09","guid":{"rendered":"https:\/\/www.odonto.ufmg.br\/colgrad\/?page_id=2318"},"modified":"2021-10-28T08:05:36","modified_gmt":"2021-10-28T11:05:36","slug":"cbf353","status":"publish","type":"page","link":"https:\/\/www.odonto.ufmg.br\/colgrad\/cbf353\/","title":{"rendered":"CBF353"},"content":{"rendered":"<h1><span style=\"color: #339966\">EMENTA ENCONTRADA!<\/span><\/h1>\n<p>&nbsp;<\/p>\n<p>Est\u00e1 \u00e9 uma ementa oficial do Curso de Odontologia da Faculdade de Odontologia da UFMG.<br \/>\nVers\u00e3o curricular: 2700-1996<br \/>\nDisciplina: T\u00d3PICOS DE EDUCA\u00c7\u00c3O DE SA\u00daDE<br \/>\nTotal de p\u00e1ginas: 03<br \/>\nC\u00f3digo de verifica\u00e7\u00e3o: <span style=\"color: #008000\">CBF353<\/span><\/p>\n<p>&nbsp;<\/p>\n<p>Consulte <a href=\"http:\/\/www.odonto.ufmg.br\/colgrad\/wp-content\/uploads\/sites\/3\/2021\/10\/OSP016-TOPICOS-DE-EDUCACAO-DE-SAUDE.pdf\"><strong><span style=\"color: #339966\">AQUI<\/span><\/strong><\/a> a ementa original.<\/p>\n","protected":false},"excerpt":{"rendered":"<p>EMENTA ENCONTRADA! &nbsp; Est\u00e1 \u00e9 uma ementa oficial do Curso de Odontologia da Faculdade de Odontologia da UFMG. Vers\u00e3o curricular: 2700-1996 Disciplina: T\u00d3PICOS DE EDUCA\u00c7\u00c3O DE SA\u00daDE Total de p\u00e1ginas: 03 C\u00f3digo de verifica\u00e7\u00e3o: CBF353 &nbsp; Consulte AQUI a ementa original.<\/p>\n","protected":false},"author":20,"featured_media":0,"parent":0,"menu_order":0,"comment_status":"closed","ping_status":"closed","template":"","meta":{"inline_featured_image":false,"footnotes":""},"class_list":["post-2318","page","type-page","status-publish","hentry"],"yoast_head":"<!-- This site is optimized with the Yoast SEO plugin v27.3 - https:\/\/yoast.com\/product\/yoast-seo-wordpress\/ -->\n<title>CBF353 - Colegiado de Gradua\u00e7\u00e3o<\/title>\n<meta name=\"robots\" content=\"index, follow, max-snippet:-1, max-image-preview:large, max-video-preview:-1\" \/>\n<link rel=\"canonical\" href=\"https:\/\/www.odonto.ufmg.br\/colgrad\/cbf353\/\" \/>\n<meta property=\"og:locale\" content=\"pt_BR\" \/>\n<meta property=\"og:type\" content=\"article\" \/>\n<meta property=\"og:title\" content=\"CBF353 - Colegiado de Gradua\u00e7\u00e3o\" \/>\n<meta property=\"og:description\" content=\"EMENTA ENCONTRADA! &nbsp; Est\u00e1 \u00e9 uma ementa oficial do Curso de Odontologia da Faculdade de Odontologia da UFMG. Vers\u00e3o curricular: 2700-1996 Disciplina: T\u00d3PICOS DE EDUCA\u00c7\u00c3O DE SA\u00daDE Total de p\u00e1ginas: 03 C\u00f3digo de verifica\u00e7\u00e3o: CBF353 &nbsp; Consulte AQUI a ementa original.\" \/>\n<meta property=\"og:url\" content=\"https:\/\/www.odonto.ufmg.br\/colgrad\/cbf353\/\" \/>\n<meta property=\"og:site_name\" content=\"Colegiado de Gradua\u00e7\u00e3o\" \/>\n<meta property=\"article:modified_time\" content=\"2021-10-28T11:05:36+00:00\" \/>\n<meta name=\"twitter:card\" content=\"summary_large_image\" \/>\n<script type=\"application\/ld+json\" class=\"yoast-schema-graph\">{\"@context\":\"https:\\\/\\\/schema.org\",\"@graph\":[{\"@type\":\"WebPage\",\"@id\":\"https:\\\/\\\/www.odonto.ufmg.br\\\/colgrad\\\/cbf353\\\/\",\"url\":\"https:\\\/\\\/www.odonto.ufmg.br\\\/colgrad\\\/cbf353\\\/\",\"name\":\"CBF353 - Colegiado de Gradua\u00e7\u00e3o\",\"isPartOf\":{\"@id\":\"https:\\\/\\\/www.odonto.ufmg.br\\\/colgrad\\\/#website\"},\"datePublished\":\"2021-10-28T10:51:09+00:00\",\"dateModified\":\"2021-10-28T11:05:36+00:00\",\"breadcrumb\":{\"@id\":\"https:\\\/\\\/www.odonto.ufmg.br\\\/colgrad\\\/cbf353\\\/#breadcrumb\"},\"inLanguage\":\"pt-BR\",\"potentialAction\":[{\"@type\":\"ReadAction\",\"target\":[\"https:\\\/\\\/www.odonto.ufmg.br\\\/colgrad\\\/cbf353\\\/\"]}]},{\"@type\":\"BreadcrumbList\",\"@id\":\"https:\\\/\\\/www.odonto.ufmg.br\\\/colgrad\\\/cbf353\\\/#breadcrumb\",\"itemListElement\":[{\"@type\":\"ListItem\",\"position\":1,\"name\":\"In\u00edcio\",\"item\":\"https:\\\/\\\/www.odonto.ufmg.br\\\/colgrad\\\/inicio\\\/\"},{\"@type\":\"ListItem\",\"position\":2,\"name\":\"CBF353\"}]},{\"@type\":\"WebSite\",\"@id\":\"https:\\\/\\\/www.odonto.ufmg.br\\\/colgrad\\\/#website\",\"url\":\"https:\\\/\\\/www.odonto.ufmg.br\\\/colgrad\\\/\",\"name\":\"Colegiado de Gradua\u00e7\u00e3o\",\"description\":\"Faculdade de Odontologia UFMG\",\"potentialAction\":[{\"@type\":\"SearchAction\",\"target\":{\"@type\":\"EntryPoint\",\"urlTemplate\":\"https:\\\/\\\/www.odonto.ufmg.br\\\/colgrad\\\/?s={search_term_string}\"},\"query-input\":{\"@type\":\"PropertyValueSpecification\",\"valueRequired\":true,\"valueName\":\"search_term_string\"}}],\"inLanguage\":\"pt-BR\"}]}<\/script>\n<!-- \/ Yoast SEO plugin. -->","yoast_head_json":{"title":"CBF353 - Colegiado de Gradua\u00e7\u00e3o","robots":{"index":"index","follow":"follow","max-snippet":"max-snippet:-1","max-image-preview":"max-image-preview:large","max-video-preview":"max-video-preview:-1"},"canonical":"https:\/\/www.odonto.ufmg.br\/colgrad\/cbf353\/","og_locale":"pt_BR","og_type":"article","og_title":"CBF353 - Colegiado de Gradua\u00e7\u00e3o","og_description":"EMENTA ENCONTRADA! &nbsp; Est\u00e1 \u00e9 uma ementa oficial do Curso de Odontologia da Faculdade de Odontologia da UFMG. Vers\u00e3o curricular: 2700-1996 Disciplina: T\u00d3PICOS DE EDUCA\u00c7\u00c3O DE SA\u00daDE Total de p\u00e1ginas: 03 C\u00f3digo de verifica\u00e7\u00e3o: CBF353 &nbsp; Consulte AQUI a ementa original.","og_url":"https:\/\/www.odonto.ufmg.br\/colgrad\/cbf353\/","og_site_name":"Colegiado de Gradua\u00e7\u00e3o","article_modified_time":"2021-10-28T11:05:36+00:00","twitter_card":"summary_large_image","schema":{"@context":"https:\/\/schema.org","@graph":[{"@type":"WebPage","@id":"https:\/\/www.odonto.ufmg.br\/colgrad\/cbf353\/","url":"https:\/\/www.odonto.ufmg.br\/colgrad\/cbf353\/","name":"CBF353 - Colegiado de Gradua\u00e7\u00e3o","isPartOf":{"@id":"https:\/\/www.odonto.ufmg.br\/colgrad\/#website"},"datePublished":"2021-10-28T10:51:09+00:00","dateModified":"2021-10-28T11:05:36+00:00","breadcrumb":{"@id":"https:\/\/www.odonto.ufmg.br\/colgrad\/cbf353\/#breadcrumb"},"inLanguage":"pt-BR","potentialAction":[{"@type":"ReadAction","target":["https:\/\/www.odonto.ufmg.br\/colgrad\/cbf353\/"]}]},{"@type":"BreadcrumbList","@id":"https:\/\/www.odonto.ufmg.br\/colgrad\/cbf353\/#breadcrumb","itemListElement":[{"@type":"ListItem","position":1,"name":"In\u00edcio","item":"https:\/\/www.odonto.ufmg.br\/colgrad\/inicio\/"},{"@type":"ListItem","position":2,"name":"CBF353"}]},{"@type":"WebSite","@id":"https:\/\/www.odonto.ufmg.br\/colgrad\/#website","url":"https:\/\/www.odonto.ufmg.br\/colgrad\/","name":"Colegiado de Gradua\u00e7\u00e3o","description":"Faculdade de Odontologia UFMG","potentialAction":[{"@type":"SearchAction","target":{"@type":"EntryPoint","urlTemplate":"https:\/\/www.odonto.ufmg.br\/colgrad\/?s={search_term_string}"},"query-input":{"@type":"PropertyValueSpecification","valueRequired":true,"valueName":"search_term_string"}}],"inLanguage":"pt-BR"}]}},"_links":{"self":[{"href":"https:\/\/www.odonto.ufmg.br\/colgrad\/wp-json\/wp\/v2\/pages\/2318","targetHints":{"allow":["GET"]}}],"collection":[{"href":"https:\/\/www.odonto.ufmg.br\/colgrad\/wp-json\/wp\/v2\/pages"}],"about":[{"href":"https:\/\/www.odonto.ufmg.br\/colgrad\/wp-json\/wp\/v2\/types\/page"}],"author":[{"embeddable":true,"href":"https:\/\/www.odonto.ufmg.br\/colgrad\/wp-json\/wp\/v2\/users\/20"}],"replies":[{"embeddable":true,"href":"https:\/\/www.odonto.ufmg.br\/colgrad\/wp-json\/wp\/v2\/comments?post=2318"}],"version-history":[{"count":3,"href":"https:\/\/www.odonto.ufmg.br\/colgrad\/wp-json\/wp\/v2\/pages\/2318\/revisions"}],"predecessor-version":[{"id":2331,"href":"https:\/\/www.odonto.ufmg.br\/colgrad\/wp-json\/wp\/v2\/pages\/2318\/revisions\/2331"}],"wp:attachment":[{"href":"https:\/\/www.odonto.ufmg.br\/colgrad\/wp-json\/wp\/v2\/media?parent=2318"}],"curies":[{"name":"wp","href":"https:\/\/api.w.org\/{rel}","templated":true}]}}