{"id":2178,"date":"2021-08-12T10:23:58","date_gmt":"2021-08-12T13:23:58","guid":{"rendered":"https:\/\/www.odonto.ufmg.br\/colgrad\/?page_id=2178"},"modified":"2021-08-12T12:04:45","modified_gmt":"2021-08-12T15:04:45","slug":"2178-2","status":"publish","type":"page","link":"https:\/\/www.odonto.ufmg.br\/colgrad\/2178-2\/","title":{"rendered":"BCA145"},"content":{"rendered":"<h1><span style=\"color: #339966\">EMENTA ENCONTRADA!<\/span><\/h1>\n<p>&nbsp;<\/p>\n<p>Est\u00e1 \u00e9 uma ementa oficial do Curso de Odontologia da Faculdade de Odontologia da UFMG.<br \/>\nAno: 1985<br \/>\nTotal de p\u00e1ginas: 36<br \/>\nC\u00f3digo de verifica\u00e7\u00e3o: <span style=\"color: #008000\">BCA145<\/span><\/p>\n<p>&nbsp;<\/p>\n<p>Consulte <a href=\"http:\/\/www.odonto.ufmg.br\/colgrad\/wp-content\/uploads\/sites\/3\/2021\/08\/Ementas1985-Autenticada.pdf\"><strong><span style=\"color: #339966\">AQUI<\/span><\/strong><\/a> a ementa original.<\/p>\n","protected":false},"excerpt":{"rendered":"<p>EMENTA ENCONTRADA! &nbsp; Est\u00e1 \u00e9 uma ementa oficial do Curso de Odontologia da Faculdade de Odontologia da UFMG. Ano: 1985 Total de p\u00e1ginas: 36 C\u00f3digo de verifica\u00e7\u00e3o: BCA145 &nbsp; Consulte AQUI a ementa original.<\/p>\n","protected":false},"author":20,"featured_media":0,"parent":0,"menu_order":0,"comment_status":"closed","ping_status":"closed","template":"","meta":{"inline_featured_image":false,"footnotes":""},"class_list":["post-2178","page","type-page","status-publish","hentry"],"yoast_head":"<!-- This site is optimized with the Yoast SEO plugin v27.3 - https:\/\/yoast.com\/product\/yoast-seo-wordpress\/ -->\n<title>BCA145 - Colegiado de Gradua\u00e7\u00e3o<\/title>\n<meta name=\"robots\" content=\"index, follow, max-snippet:-1, max-image-preview:large, max-video-preview:-1\" \/>\n<link rel=\"canonical\" href=\"https:\/\/www.odonto.ufmg.br\/colgrad\/2178-2\/\" \/>\n<meta property=\"og:locale\" content=\"pt_BR\" \/>\n<meta property=\"og:type\" content=\"article\" \/>\n<meta property=\"og:title\" content=\"BCA145 - Colegiado de Gradua\u00e7\u00e3o\" \/>\n<meta property=\"og:description\" content=\"EMENTA ENCONTRADA! &nbsp; Est\u00e1 \u00e9 uma ementa oficial do Curso de Odontologia da Faculdade de Odontologia da UFMG. Ano: 1985 Total de p\u00e1ginas: 36 C\u00f3digo de verifica\u00e7\u00e3o: BCA145 &nbsp; Consulte AQUI a ementa original.\" \/>\n<meta property=\"og:url\" content=\"https:\/\/www.odonto.ufmg.br\/colgrad\/2178-2\/\" \/>\n<meta property=\"og:site_name\" content=\"Colegiado de Gradua\u00e7\u00e3o\" \/>\n<meta property=\"article:modified_time\" content=\"2021-08-12T15:04:45+00:00\" \/>\n<meta name=\"twitter:card\" content=\"summary_large_image\" \/>\n<script type=\"application\/ld+json\" class=\"yoast-schema-graph\">{\"@context\":\"https:\\\/\\\/schema.org\",\"@graph\":[{\"@type\":\"WebPage\",\"@id\":\"https:\\\/\\\/www.odonto.ufmg.br\\\/colgrad\\\/2178-2\\\/\",\"url\":\"https:\\\/\\\/www.odonto.ufmg.br\\\/colgrad\\\/2178-2\\\/\",\"name\":\"BCA145 - Colegiado de Gradua\u00e7\u00e3o\",\"isPartOf\":{\"@id\":\"https:\\\/\\\/www.odonto.ufmg.br\\\/colgrad\\\/#website\"},\"datePublished\":\"2021-08-12T13:23:58+00:00\",\"dateModified\":\"2021-08-12T15:04:45+00:00\",\"breadcrumb\":{\"@id\":\"https:\\\/\\\/www.odonto.ufmg.br\\\/colgrad\\\/2178-2\\\/#breadcrumb\"},\"inLanguage\":\"pt-BR\",\"potentialAction\":[{\"@type\":\"ReadAction\",\"target\":[\"https:\\\/\\\/www.odonto.ufmg.br\\\/colgrad\\\/2178-2\\\/\"]}]},{\"@type\":\"BreadcrumbList\",\"@id\":\"https:\\\/\\\/www.odonto.ufmg.br\\\/colgrad\\\/2178-2\\\/#breadcrumb\",\"itemListElement\":[{\"@type\":\"ListItem\",\"position\":1,\"name\":\"In\u00edcio\",\"item\":\"https:\\\/\\\/www.odonto.ufmg.br\\\/colgrad\\\/inicio\\\/\"},{\"@type\":\"ListItem\",\"position\":2,\"name\":\"BCA145\"}]},{\"@type\":\"WebSite\",\"@id\":\"https:\\\/\\\/www.odonto.ufmg.br\\\/colgrad\\\/#website\",\"url\":\"https:\\\/\\\/www.odonto.ufmg.br\\\/colgrad\\\/\",\"name\":\"Colegiado de Gradua\u00e7\u00e3o\",\"description\":\"Faculdade de Odontologia UFMG\",\"potentialAction\":[{\"@type\":\"SearchAction\",\"target\":{\"@type\":\"EntryPoint\",\"urlTemplate\":\"https:\\\/\\\/www.odonto.ufmg.br\\\/colgrad\\\/?s={search_term_string}\"},\"query-input\":{\"@type\":\"PropertyValueSpecification\",\"valueRequired\":true,\"valueName\":\"search_term_string\"}}],\"inLanguage\":\"pt-BR\"}]}<\/script>\n<!-- \/ Yoast SEO plugin. -->","yoast_head_json":{"title":"BCA145 - Colegiado de Gradua\u00e7\u00e3o","robots":{"index":"index","follow":"follow","max-snippet":"max-snippet:-1","max-image-preview":"max-image-preview:large","max-video-preview":"max-video-preview:-1"},"canonical":"https:\/\/www.odonto.ufmg.br\/colgrad\/2178-2\/","og_locale":"pt_BR","og_type":"article","og_title":"BCA145 - Colegiado de Gradua\u00e7\u00e3o","og_description":"EMENTA ENCONTRADA! &nbsp; Est\u00e1 \u00e9 uma ementa oficial do Curso de Odontologia da Faculdade de Odontologia da UFMG. Ano: 1985 Total de p\u00e1ginas: 36 C\u00f3digo de verifica\u00e7\u00e3o: BCA145 &nbsp; Consulte AQUI a ementa original.","og_url":"https:\/\/www.odonto.ufmg.br\/colgrad\/2178-2\/","og_site_name":"Colegiado de Gradua\u00e7\u00e3o","article_modified_time":"2021-08-12T15:04:45+00:00","twitter_card":"summary_large_image","schema":{"@context":"https:\/\/schema.org","@graph":[{"@type":"WebPage","@id":"https:\/\/www.odonto.ufmg.br\/colgrad\/2178-2\/","url":"https:\/\/www.odonto.ufmg.br\/colgrad\/2178-2\/","name":"BCA145 - Colegiado de Gradua\u00e7\u00e3o","isPartOf":{"@id":"https:\/\/www.odonto.ufmg.br\/colgrad\/#website"},"datePublished":"2021-08-12T13:23:58+00:00","dateModified":"2021-08-12T15:04:45+00:00","breadcrumb":{"@id":"https:\/\/www.odonto.ufmg.br\/colgrad\/2178-2\/#breadcrumb"},"inLanguage":"pt-BR","potentialAction":[{"@type":"ReadAction","target":["https:\/\/www.odonto.ufmg.br\/colgrad\/2178-2\/"]}]},{"@type":"BreadcrumbList","@id":"https:\/\/www.odonto.ufmg.br\/colgrad\/2178-2\/#breadcrumb","itemListElement":[{"@type":"ListItem","position":1,"name":"In\u00edcio","item":"https:\/\/www.odonto.ufmg.br\/colgrad\/inicio\/"},{"@type":"ListItem","position":2,"name":"BCA145"}]},{"@type":"WebSite","@id":"https:\/\/www.odonto.ufmg.br\/colgrad\/#website","url":"https:\/\/www.odonto.ufmg.br\/colgrad\/","name":"Colegiado de Gradua\u00e7\u00e3o","description":"Faculdade de Odontologia UFMG","potentialAction":[{"@type":"SearchAction","target":{"@type":"EntryPoint","urlTemplate":"https:\/\/www.odonto.ufmg.br\/colgrad\/?s={search_term_string}"},"query-input":{"@type":"PropertyValueSpecification","valueRequired":true,"valueName":"search_term_string"}}],"inLanguage":"pt-BR"}]}},"_links":{"self":[{"href":"https:\/\/www.odonto.ufmg.br\/colgrad\/wp-json\/wp\/v2\/pages\/2178","targetHints":{"allow":["GET"]}}],"collection":[{"href":"https:\/\/www.odonto.ufmg.br\/colgrad\/wp-json\/wp\/v2\/pages"}],"about":[{"href":"https:\/\/www.odonto.ufmg.br\/colgrad\/wp-json\/wp\/v2\/types\/page"}],"author":[{"embeddable":true,"href":"https:\/\/www.odonto.ufmg.br\/colgrad\/wp-json\/wp\/v2\/users\/20"}],"replies":[{"embeddable":true,"href":"https:\/\/www.odonto.ufmg.br\/colgrad\/wp-json\/wp\/v2\/comments?post=2178"}],"version-history":[{"count":5,"href":"https:\/\/www.odonto.ufmg.br\/colgrad\/wp-json\/wp\/v2\/pages\/2178\/revisions"}],"predecessor-version":[{"id":2307,"href":"https:\/\/www.odonto.ufmg.br\/colgrad\/wp-json\/wp\/v2\/pages\/2178\/revisions\/2307"}],"wp:attachment":[{"href":"https:\/\/www.odonto.ufmg.br\/colgrad\/wp-json\/wp\/v2\/media?parent=2178"}],"curies":[{"name":"wp","href":"https:\/\/api.w.org\/{rel}","templated":true}]}}