{"id":2088,"date":"2021-08-02T14:55:59","date_gmt":"2021-08-02T17:55:59","guid":{"rendered":"https:\/\/www.odonto.ufmg.br\/colgrad\/?page_id=2088"},"modified":"2025-11-19T11:30:24","modified_gmt":"2025-11-19T14:30:24","slug":"colacao-de-grau","status":"publish","type":"page","link":"https:\/\/www.odonto.ufmg.br\/colgrad\/colacao-de-grau\/","title":{"rendered":"COLA\u00c7\u00c3O DE GRAU"},"content":{"rendered":"\n<style type=\"text\/css\" data-created_by=\"avia_inline_auto\" id=\"style-css-av-kruxg91l-3379ef1e0812d5665ea2f158bf326509\">\n#top .av-special-heading.av-kruxg91l-3379ef1e0812d5665ea2f158bf326509{\npadding-bottom:10px;\n}\nbody .av-special-heading.av-kruxg91l-3379ef1e0812d5665ea2f158bf326509 .av-special-heading-tag .heading-char{\nfont-size:25px;\n}\n.av-special-heading.av-kruxg91l-3379ef1e0812d5665ea2f158bf326509 .av-subheading{\nfont-size:15px;\n}\n<\/style>\n<div  class='av-special-heading av-kruxg91l-3379ef1e0812d5665ea2f158bf326509 av-special-heading-h1 blockquote modern-quote modern-centered  avia-builder-el-0  el_before_av_progress  avia-builder-el-first '><h1 class='av-special-heading-tag '  itemprop=\"headline\"  >Inscri\u00e7\u00e3o a Cola\u00e7\u00e3o de Grau<\/h1><div class=\"special-heading-border\"><div class=\"special-heading-inner-border\"><\/div><\/div><\/div>\n\n<style type=\"text\/css\" data-created_by=\"avia_inline_auto\" id=\"style-css-sub-av-4n4f48-a4b68354beab8fbb0c1bafca6799f3a2\">\n#top .avia-progress-bar-container .avia-progress-bar.av-2f4tzs-d733031627af00a5c3930d5212e96b17 .bar{\nwidth:100%;\nbackground-image: linear-gradient( -45deg, #B02B2C 25%, #D24D4E 25%, #D24D4E 50%, #B02B2C 50%, #B02B2C 75%, #D24D4E 75%, #D24D4E );\nbackground-image: linear-gradient( -45deg, #B02B2C 25%, #D24D4E 25%, #D24D4E 50%, #B02B2C 50%, #B02B2C 75%, #D24D4E 75%, #D24D4E );\nbackground-color:#B02B2C;\n}\n<\/style>\n<div  class='avia-progress-bar-container av-4n4f48-a4b68354beab8fbb0c1bafca6799f3a2 av-striped-bar av-animated-bar avia_animate_when_almost_visible  avia-builder-el-1  el_after_av_heading  el_before_av_textblock '><div class='avia-progress-bar av-2f4tzs-d733031627af00a5c3930d5212e96b17 icon-bar-no red-bar icon-bar-no'><div class=\"progress\"><div class=\"bar-outer\"><div class='bar' data-progress='100'><\/div><\/div><\/div><\/div><\/div>\n<section  class='av_textblock_section av-kruxixys-d3f5865d165c6f76702ba36f0da778e7 '   itemscope=\"itemscope\" itemtype=\"https:\/\/schema.org\/CreativeWork\" ><div class='avia_textblock'  itemprop=\"text\" ><h4 style=\"text-align: center\">DOCUMENTOS NECESS\u00c1RIOS PARA SOLICITAR COLA\u00c7\u00c3O DE GRAU<\/h4>\n<ul>\n<li>\n<h5>Requerimento de Inscri\u00e7\u00e3o \u00e0 Cola\u00e7\u00e3o de Grau: <span style=\"color: #339966\"><a style=\"color: #339966\" href=\"http:\/\/www.odonto.ufmg.br\/colgrad\/wp-content\/uploads\/sites\/3\/2022\/06\/REQUERIMENTO-DE-INSCRICAO-A-COLACAO-DE-GRAU.pdf\">Download<\/a><\/span><\/h5>\n<\/li>\n<li>\n<h5>C\u00e9dula de Identidade <strong>(original e c\u00f3pia leg\u00edvel*)<\/strong>;<\/h5>\n<\/li>\n<li>\n<h5>CPF <strong>(original e c\u00f3pia leg\u00edvel*)<\/strong>. Observe se j\u00e1 consta na c\u00e9dula de identidade, sen\u00e3o traga o cart\u00e3o de CPF;<\/h5>\n<\/li>\n<li>\n<h5>Certid\u00e3o de Nascimento ou Casamento, com data de expedi\u00e7\u00e3o de no m\u00e1ximo 90 dias. N\u00e3o s\u00e3o aceitas certid\u00f5es fora deste prazo <strong>(original e c\u00f3pia leg\u00edvel*)<\/strong>;<\/h5>\n<\/li>\n<li>\n<h5>Comprovante de quita\u00e7\u00e3o com a Biblioteca da FAO UFMG ou outra que utilize. <strong>(solicitar o comprovante na biblioteca)<\/strong>;<\/h5>\n<\/li>\n<li>\n<h5>Caso ainda precise integralizar horas, entregar documenta\u00e7\u00e3o necess\u00e1ria\u00a0 para projeto, monitoria, pesquisa e outros. O formul\u00e1rio pr\u00f3prio encontra-se dispon\u00edvel na \u00e1rea do estudante <span style=\"color: #339966\"><a style=\"color: #339966\" href=\"https:\/\/virtual.ufmg.br\/plataforma\/mod\/folder\/view.php?id=11789\">minhaUFMG<\/a>.<\/span><\/h5>\n<\/li>\n<\/ul>\n<h5>&#8211; A documenta\u00e7\u00e3o completa tem que ser entregue na Secretaria do Colegiado de Gradua\u00e7\u00e3o em data publicada pelo Colegiado;<\/h5>\n<h5>&#8211; Ap\u00f3s a cola\u00e7\u00e3o de grau a documenta\u00e7\u00e3o ser\u00e1 enviada para o Departamento de Registro de Diploma. O acad\u00eamico n\u00e3o precisa fazer requerimento para expedi\u00e7\u00e3o do diploma. O processo \u00e9 autom\u00e1tico;<\/h5>\n<p>*Se a c\u00f3pia for autenticada em cart\u00f3rio n\u00e3o \u00e9 preciso apresentar documento original.<\/p>\n<\/div><\/section>\n\n<style type=\"text\/css\" data-created_by=\"avia_inline_auto\" id=\"style-css-av-ldbn92j9-2fad1e43809e943ab396d59a65a871a3\">\n#top .av-special-heading.av-ldbn92j9-2fad1e43809e943ab396d59a65a871a3{\npadding-bottom:10px;\n}\nbody .av-special-heading.av-ldbn92j9-2fad1e43809e943ab396d59a65a871a3 .av-special-heading-tag .heading-char{\nfont-size:25px;\n}\n.av-special-heading.av-ldbn92j9-2fad1e43809e943ab396d59a65a871a3 .av-subheading{\nfont-size:15px;\n}\n<\/style>\n<div  class='av-special-heading av-ldbn92j9-2fad1e43809e943ab396d59a65a871a3 av-special-heading-h3 blockquote modern-quote modern-centered  avia-builder-el-3  el_after_av_textblock  el_before_av_textblock '><h3 class='av-special-heading-tag '  itemprop=\"headline\"  >CRO MG<\/h3><div class=\"special-heading-border\"><div class=\"special-heading-inner-border\"><\/div><\/div><\/div>\n<section  class='av_textblock_section av-ldbna4sg-afc1b93441836fc7c9b7064280d480ce '   itemscope=\"itemscope\" itemtype=\"https:\/\/schema.org\/CreativeWork\" ><div class='avia_textblock'  itemprop=\"text\" ><ul>\n<li><a href=\"http:\/\/www.odonto.ufmg.br\/colgrad\/wp-content\/uploads\/sites\/3\/2023\/01\/Como-agilizar-sua-inscric\u0327a\u0303o-proviso\u0301ria.pdf\"><strong>Como solicitar sua inscri\u00e7\u00e3o provis\u00f3ria<\/strong><\/a><\/li>\n<li><a href=\"https:\/\/www.cromg.org.br\/\"><strong>Website do CRO MG<\/strong><\/a><\/li>\n<\/ul>\n<h5><\/h5>\n<\/div><\/section>\n","protected":false},"excerpt":{"rendered":"","protected":false},"author":20,"featured_media":0,"parent":0,"menu_order":0,"comment_status":"closed","ping_status":"closed","template":"","meta":{"inline_featured_image":false,"footnotes":""},"class_list":["post-2088","page","type-page","status-publish","hentry"],"yoast_head":"<!-- This site is optimized with the Yoast SEO plugin v27.5 - https:\/\/yoast.com\/product\/yoast-seo-wordpress\/ -->\n<title>COLA\u00c7\u00c3O DE GRAU - Colegiado de Gradua\u00e7\u00e3o<\/title>\n<meta name=\"robots\" content=\"index, follow, max-snippet:-1, max-image-preview:large, max-video-preview:-1\" \/>\n<link rel=\"canonical\" href=\"https:\/\/www.odonto.ufmg.br\/colgrad\/colacao-de-grau\/\" \/>\n<meta property=\"og:locale\" content=\"pt_BR\" \/>\n<meta property=\"og:type\" content=\"article\" \/>\n<meta property=\"og:title\" content=\"COLA\u00c7\u00c3O DE GRAU - Colegiado de Gradua\u00e7\u00e3o\" \/>\n<meta property=\"og:url\" content=\"https:\/\/www.odonto.ufmg.br\/colgrad\/colacao-de-grau\/\" \/>\n<meta property=\"og:site_name\" content=\"Colegiado de Gradua\u00e7\u00e3o\" \/>\n<meta property=\"article:modified_time\" content=\"2025-11-19T14:30:24+00:00\" \/>\n<meta name=\"twitter:card\" content=\"summary_large_image\" \/>\n<meta name=\"twitter:label1\" content=\"Est. tempo de leitura\" \/>\n\t<meta name=\"twitter:data1\" content=\"2 minutos\" \/>\n<script type=\"application\/ld+json\" class=\"yoast-schema-graph\">{\"@context\":\"https:\\\/\\\/schema.org\",\"@graph\":[{\"@type\":\"WebPage\",\"@id\":\"https:\\\/\\\/www.odonto.ufmg.br\\\/colgrad\\\/colacao-de-grau\\\/\",\"url\":\"https:\\\/\\\/www.odonto.ufmg.br\\\/colgrad\\\/colacao-de-grau\\\/\",\"name\":\"COLA\u00c7\u00c3O DE GRAU - Colegiado de Gradua\u00e7\u00e3o\",\"isPartOf\":{\"@id\":\"https:\\\/\\\/www.odonto.ufmg.br\\\/colgrad\\\/#website\"},\"datePublished\":\"2021-08-02T17:55:59+00:00\",\"dateModified\":\"2025-11-19T14:30:24+00:00\",\"breadcrumb\":{\"@id\":\"https:\\\/\\\/www.odonto.ufmg.br\\\/colgrad\\\/colacao-de-grau\\\/#breadcrumb\"},\"inLanguage\":\"pt-BR\",\"potentialAction\":[{\"@type\":\"ReadAction\",\"target\":[\"https:\\\/\\\/www.odonto.ufmg.br\\\/colgrad\\\/colacao-de-grau\\\/\"]}]},{\"@type\":\"BreadcrumbList\",\"@id\":\"https:\\\/\\\/www.odonto.ufmg.br\\\/colgrad\\\/colacao-de-grau\\\/#breadcrumb\",\"itemListElement\":[{\"@type\":\"ListItem\",\"position\":1,\"name\":\"In\u00edcio\",\"item\":\"https:\\\/\\\/www.odonto.ufmg.br\\\/colgrad\\\/inicio\\\/\"},{\"@type\":\"ListItem\",\"position\":2,\"name\":\"COLA\u00c7\u00c3O DE GRAU\"}]},{\"@type\":\"WebSite\",\"@id\":\"https:\\\/\\\/www.odonto.ufmg.br\\\/colgrad\\\/#website\",\"url\":\"https:\\\/\\\/www.odonto.ufmg.br\\\/colgrad\\\/\",\"name\":\"Colegiado de Gradua\u00e7\u00e3o\",\"description\":\"Faculdade de Odontologia UFMG\",\"potentialAction\":[{\"@type\":\"SearchAction\",\"target\":{\"@type\":\"EntryPoint\",\"urlTemplate\":\"https:\\\/\\\/www.odonto.ufmg.br\\\/colgrad\\\/?s={search_term_string}\"},\"query-input\":{\"@type\":\"PropertyValueSpecification\",\"valueRequired\":true,\"valueName\":\"search_term_string\"}}],\"inLanguage\":\"pt-BR\"}]}<\/script>\n<!-- \/ Yoast SEO plugin. -->","yoast_head_json":{"title":"COLA\u00c7\u00c3O DE GRAU - Colegiado de Gradua\u00e7\u00e3o","robots":{"index":"index","follow":"follow","max-snippet":"max-snippet:-1","max-image-preview":"max-image-preview:large","max-video-preview":"max-video-preview:-1"},"canonical":"https:\/\/www.odonto.ufmg.br\/colgrad\/colacao-de-grau\/","og_locale":"pt_BR","og_type":"article","og_title":"COLA\u00c7\u00c3O DE GRAU - Colegiado de Gradua\u00e7\u00e3o","og_url":"https:\/\/www.odonto.ufmg.br\/colgrad\/colacao-de-grau\/","og_site_name":"Colegiado de Gradua\u00e7\u00e3o","article_modified_time":"2025-11-19T14:30:24+00:00","twitter_card":"summary_large_image","twitter_misc":{"Est. tempo de leitura":"2 minutos"},"schema":{"@context":"https:\/\/schema.org","@graph":[{"@type":"WebPage","@id":"https:\/\/www.odonto.ufmg.br\/colgrad\/colacao-de-grau\/","url":"https:\/\/www.odonto.ufmg.br\/colgrad\/colacao-de-grau\/","name":"COLA\u00c7\u00c3O DE GRAU - Colegiado de Gradua\u00e7\u00e3o","isPartOf":{"@id":"https:\/\/www.odonto.ufmg.br\/colgrad\/#website"},"datePublished":"2021-08-02T17:55:59+00:00","dateModified":"2025-11-19T14:30:24+00:00","breadcrumb":{"@id":"https:\/\/www.odonto.ufmg.br\/colgrad\/colacao-de-grau\/#breadcrumb"},"inLanguage":"pt-BR","potentialAction":[{"@type":"ReadAction","target":["https:\/\/www.odonto.ufmg.br\/colgrad\/colacao-de-grau\/"]}]},{"@type":"BreadcrumbList","@id":"https:\/\/www.odonto.ufmg.br\/colgrad\/colacao-de-grau\/#breadcrumb","itemListElement":[{"@type":"ListItem","position":1,"name":"In\u00edcio","item":"https:\/\/www.odonto.ufmg.br\/colgrad\/inicio\/"},{"@type":"ListItem","position":2,"name":"COLA\u00c7\u00c3O DE GRAU"}]},{"@type":"WebSite","@id":"https:\/\/www.odonto.ufmg.br\/colgrad\/#website","url":"https:\/\/www.odonto.ufmg.br\/colgrad\/","name":"Colegiado de Gradua\u00e7\u00e3o","description":"Faculdade de Odontologia UFMG","potentialAction":[{"@type":"SearchAction","target":{"@type":"EntryPoint","urlTemplate":"https:\/\/www.odonto.ufmg.br\/colgrad\/?s={search_term_string}"},"query-input":{"@type":"PropertyValueSpecification","valueRequired":true,"valueName":"search_term_string"}}],"inLanguage":"pt-BR"}]}},"_links":{"self":[{"href":"https:\/\/www.odonto.ufmg.br\/colgrad\/wp-json\/wp\/v2\/pages\/2088","targetHints":{"allow":["GET"]}}],"collection":[{"href":"https:\/\/www.odonto.ufmg.br\/colgrad\/wp-json\/wp\/v2\/pages"}],"about":[{"href":"https:\/\/www.odonto.ufmg.br\/colgrad\/wp-json\/wp\/v2\/types\/page"}],"author":[{"embeddable":true,"href":"https:\/\/www.odonto.ufmg.br\/colgrad\/wp-json\/wp\/v2\/users\/20"}],"replies":[{"embeddable":true,"href":"https:\/\/www.odonto.ufmg.br\/colgrad\/wp-json\/wp\/v2\/comments?post=2088"}],"version-history":[{"count":25,"href":"https:\/\/www.odonto.ufmg.br\/colgrad\/wp-json\/wp\/v2\/pages\/2088\/revisions"}],"predecessor-version":[{"id":3570,"href":"https:\/\/www.odonto.ufmg.br\/colgrad\/wp-json\/wp\/v2\/pages\/2088\/revisions\/3570"}],"wp:attachment":[{"href":"https:\/\/www.odonto.ufmg.br\/colgrad\/wp-json\/wp\/v2\/media?parent=2088"}],"curies":[{"name":"wp","href":"https:\/\/api.w.org\/{rel}","templated":true}]}}