{"id":2065,"date":"2021-08-02T13:38:40","date_gmt":"2021-08-02T16:38:40","guid":{"rendered":"https:\/\/www.odonto.ufmg.br\/colgrad\/?page_id=2065"},"modified":"2021-08-02T13:38:40","modified_gmt":"2021-08-02T16:38:40","slug":"cro-mg","status":"publish","type":"page","link":"https:\/\/www.odonto.ufmg.br\/colgrad\/cro-mg\/","title":{"rendered":"CRO MG"},"content":{"rendered":"\n<style type=\"text\/css\" data-created_by=\"avia_inline_auto\" id=\"style-css-av-krupypqj-33cb432332f3a0cd72ec149ad8cdd17c\">\n#top .av-special-heading.av-krupypqj-33cb432332f3a0cd72ec149ad8cdd17c{\npadding-bottom:10px;\n}\nbody .av-special-heading.av-krupypqj-33cb432332f3a0cd72ec149ad8cdd17c .av-special-heading-tag .heading-char{\nfont-size:25px;\n}\n.av-special-heading.av-krupypqj-33cb432332f3a0cd72ec149ad8cdd17c .av-subheading{\nfont-size:15px;\n}\n<\/style>\n<div  class='av-special-heading av-krupypqj-33cb432332f3a0cd72ec149ad8cdd17c av-special-heading-h1 blockquote modern-quote modern-centered  avia-builder-el-0  el_before_av_progress  avia-builder-el-first '><h1 class='av-special-heading-tag '  itemprop=\"headline\"  >Documentos do CRO MG<\/h1><div class=\"special-heading-border\"><div class=\"special-heading-inner-border\"><\/div><\/div><\/div>\n\n<style type=\"text\/css\" data-created_by=\"avia_inline_auto\" id=\"style-css-sub-av-kruq2yiu-c43fc862557bd249386d95db51acb760\">\n#top .avia-progress-bar-container .avia-progress-bar.av-2e5gtt-8e0721fb0b47ba3ee84b17db9d2884f1 .bar{\nwidth:100%;\nbackground-image: linear-gradient( -45deg, #B02B2C 25%, #D24D4E 25%, #D24D4E 50%, #B02B2C 50%, #B02B2C 75%, #D24D4E 75%, #D24D4E );\nbackground-image: linear-gradient( -45deg, #B02B2C 25%, #D24D4E 25%, #D24D4E 50%, #B02B2C 50%, #B02B2C 75%, #D24D4E 75%, #D24D4E );\nbackground-color:#B02B2C;\n}\n<\/style>\n<div  class='avia-progress-bar-container av-kruq2yiu-c43fc862557bd249386d95db51acb760 av-striped-bar av-animated-bar avia_animate_when_almost_visible  avia-builder-el-1  el_after_av_heading  el_before_av_textblock '><div class='avia-progress-bar av-2e5gtt-8e0721fb0b47ba3ee84b17db9d2884f1 icon-bar-no red-bar icon-bar-no'><div class=\"progress\"><div class=\"bar-outer\"><div class='bar' data-progress='100'><\/div><\/div><\/div><\/div><\/div>\n<section  class='av_textblock_section av-kruqh2u2-2677b1a66aeb276f88c79a548d826afc '   itemscope=\"itemscope\" itemtype=\"https:\/\/schema.org\/CreativeWork\" ><div class='avia_textblock'  itemprop=\"text\" ><p>A c\u00e9dula de estagi\u00e1rio do CRO \u00e9 solicitada pelo aluno, sendo que o colegiado envia os nomes dos estagi\u00e1rios com o respectivo local de est\u00e1gio para o CRO. Cabe ressaltar que a cl\u00ednica, para ser campo de est\u00e1gio, tem que estar de acordo com a legisla\u00e7\u00e3o do CRO.<br \/>\nEm of\u00edcio do CRO do dia 02 de julho de 2021 foi orientado que:<\/p>\n<p>1. Solicita\u00e7\u00e3o da inscri\u00e7\u00e3o e c\u00e9dula de estagi\u00e1rio<\/p>\n<p>O aluno deve acessar o formul\u00e1rio no link cro.mg\/inscricaoestagiario, preencher todas as informa\u00e7\u00f5es e enviar c\u00f3pia do RG e CPF.<\/p>\n<p>2. Envio da lista de alunos aptos a estagiar (fun\u00e7\u00e3o colegiado de gradua\u00e7\u00e3o)<\/p>\n<p>A Institui\u00e7\u00e3o de Ensino Superior enviar\u00e1 para o e-mail inscricao@cromg.org.br a lista dos alunos aptos a estagiar. A lista deve conter nome completo, CPF, local de est\u00e1gio e o per\u00edodo do curso.<\/p>\n<p>3. Confec\u00e7\u00e3o e retirada da c\u00e9dula de estagi\u00e1rio<\/p>\n<p>Dentro do prazo m\u00e1ximo de 30 dias, as c\u00e9dulas ficar\u00e3o dispon\u00edveis para retirada na sede ou regional do CRO-MG que o aluno escolher no formul\u00e1rio. Lembrando, diferentemente de como \u00e9 feito hoje, que as c\u00e9dulas n\u00e3o ser\u00e3o entregues para a IES e sim diretamente para o aluno, tendo em vista a necessidade de assinatura e aplica\u00e7\u00e3o de digital no documento, que ser\u00e3o feitas no ato da retirada.<\/p>\n<ul>\n<li>OF\u00cdCIO SIRE N\u00ba 586\/2021:<\/li>\n<\/ul>\n<p><a href=\"http:\/\/www.odonto.ufmg.br\/colgrad\/wp-content\/uploads\/sites\/3\/2021\/08\/OFICIO-SIRE-No-586-2021.pdf\"><img decoding=\"async\" class=\"alignnone wp-image-2072\" src=\"http:\/\/www.odonto.ufmg.br\/colgrad\/wp-content\/uploads\/sites\/3\/2021\/08\/download-300x104.jpg\" alt=\"\" width=\"159\" height=\"55\" srcset=\"https:\/\/www.odonto.ufmg.br\/colgrad\/wp-content\/uploads\/sites\/3\/2021\/08\/download-300x104.jpg 300w, https:\/\/www.odonto.ufmg.br\/colgrad\/wp-content\/uploads\/sites\/3\/2021\/08\/download-1030x358.jpg 1030w, https:\/\/www.odonto.ufmg.br\/colgrad\/wp-content\/uploads\/sites\/3\/2021\/08\/download-80x28.jpg 80w, https:\/\/www.odonto.ufmg.br\/colgrad\/wp-content\/uploads\/sites\/3\/2021\/08\/download-768x267.jpg 768w, https:\/\/www.odonto.ufmg.br\/colgrad\/wp-content\/uploads\/sites\/3\/2021\/08\/download-1536x534.jpg 1536w, https:\/\/www.odonto.ufmg.br\/colgrad\/wp-content\/uploads\/sites\/3\/2021\/08\/download-1500x521.jpg 1500w, https:\/\/www.odonto.ufmg.br\/colgrad\/wp-content\/uploads\/sites\/3\/2021\/08\/download-705x245.jpg 705w, https:\/\/www.odonto.ufmg.br\/colgrad\/wp-content\/uploads\/sites\/3\/2021\/08\/download-1210x423.jpg 1210w, https:\/\/www.odonto.ufmg.br\/colgrad\/wp-content\/uploads\/sites\/3\/2021\/08\/download.jpg 1920w\" sizes=\"(max-width: 159px) 100vw, 159px\" \/><\/a><\/p>\n<p>Resolu\u00e7\u00e3o CRO-MG n\u00ba 010\/2020 que regulamenta o credenciamento de cl\u00ednicas e consult\u00f3rios para oferecimento de est\u00e1gio extracurricular n\u00e3o obrigat\u00f3rio da \u00e1rea odontol\u00f3gica no Estado de Minas Gerais e d\u00e1 outras provid\u00eancias<\/p>\n<ul>\n<li>RESOLU\u00c7\u00c3O CRO-MG N\u00ba010\/2020<\/li>\n<\/ul>\n<p><a href=\"http:\/\/www.odonto.ufmg.br\/colgrad\/wp-content\/uploads\/sites\/3\/2021\/08\/CRO-Resolucao-estagio.pdf\"><img decoding=\"async\" class=\"alignnone wp-image-2072\" src=\"http:\/\/www.odonto.ufmg.br\/colgrad\/wp-content\/uploads\/sites\/3\/2021\/08\/download-300x104.jpg\" alt=\"\" width=\"159\" height=\"55\" srcset=\"https:\/\/www.odonto.ufmg.br\/colgrad\/wp-content\/uploads\/sites\/3\/2021\/08\/download-300x104.jpg 300w, https:\/\/www.odonto.ufmg.br\/colgrad\/wp-content\/uploads\/sites\/3\/2021\/08\/download-1030x358.jpg 1030w, https:\/\/www.odonto.ufmg.br\/colgrad\/wp-content\/uploads\/sites\/3\/2021\/08\/download-80x28.jpg 80w, https:\/\/www.odonto.ufmg.br\/colgrad\/wp-content\/uploads\/sites\/3\/2021\/08\/download-768x267.jpg 768w, https:\/\/www.odonto.ufmg.br\/colgrad\/wp-content\/uploads\/sites\/3\/2021\/08\/download-1536x534.jpg 1536w, https:\/\/www.odonto.ufmg.br\/colgrad\/wp-content\/uploads\/sites\/3\/2021\/08\/download-1500x521.jpg 1500w, https:\/\/www.odonto.ufmg.br\/colgrad\/wp-content\/uploads\/sites\/3\/2021\/08\/download-705x245.jpg 705w, https:\/\/www.odonto.ufmg.br\/colgrad\/wp-content\/uploads\/sites\/3\/2021\/08\/download-1210x423.jpg 1210w, https:\/\/www.odonto.ufmg.br\/colgrad\/wp-content\/uploads\/sites\/3\/2021\/08\/download.jpg 1920w\" sizes=\"(max-width: 159px) 100vw, 159px\" \/><\/a><\/p>\n<\/div><\/section>\n","protected":false},"excerpt":{"rendered":"","protected":false},"author":20,"featured_media":0,"parent":0,"menu_order":0,"comment_status":"closed","ping_status":"closed","template":"","meta":{"inline_featured_image":false,"footnotes":""},"class_list":["post-2065","page","type-page","status-publish","hentry"],"yoast_head":"<!-- This site is optimized with the Yoast SEO plugin v27.5 - https:\/\/yoast.com\/product\/yoast-seo-wordpress\/ -->\n<title>CRO MG - Colegiado de Gradua\u00e7\u00e3o<\/title>\n<meta name=\"robots\" content=\"index, follow, max-snippet:-1, max-image-preview:large, max-video-preview:-1\" \/>\n<link rel=\"canonical\" href=\"https:\/\/www.odonto.ufmg.br\/colgrad\/cro-mg\/\" \/>\n<meta property=\"og:locale\" content=\"pt_BR\" \/>\n<meta property=\"og:type\" content=\"article\" \/>\n<meta property=\"og:title\" content=\"CRO MG - Colegiado de Gradua\u00e7\u00e3o\" \/>\n<meta property=\"og:url\" content=\"https:\/\/www.odonto.ufmg.br\/colgrad\/cro-mg\/\" \/>\n<meta property=\"og:site_name\" content=\"Colegiado de Gradua\u00e7\u00e3o\" \/>\n<meta property=\"og:image\" content=\"http:\/\/www.odonto.ufmg.br\/colgrad\/wp-content\/uploads\/sites\/3\/2021\/08\/download-300x104.jpg\" \/>\n<meta name=\"twitter:card\" content=\"summary_large_image\" \/>\n<meta name=\"twitter:label1\" content=\"Est. tempo de leitura\" \/>\n\t<meta name=\"twitter:data1\" content=\"2 minutos\" \/>\n<script type=\"application\/ld+json\" class=\"yoast-schema-graph\">{\"@context\":\"https:\\\/\\\/schema.org\",\"@graph\":[{\"@type\":\"WebPage\",\"@id\":\"https:\\\/\\\/www.odonto.ufmg.br\\\/colgrad\\\/cro-mg\\\/\",\"url\":\"https:\\\/\\\/www.odonto.ufmg.br\\\/colgrad\\\/cro-mg\\\/\",\"name\":\"CRO MG - Colegiado de Gradua\u00e7\u00e3o\",\"isPartOf\":{\"@id\":\"https:\\\/\\\/www.odonto.ufmg.br\\\/colgrad\\\/#website\"},\"primaryImageOfPage\":{\"@id\":\"https:\\\/\\\/www.odonto.ufmg.br\\\/colgrad\\\/cro-mg\\\/#primaryimage\"},\"image\":{\"@id\":\"https:\\\/\\\/www.odonto.ufmg.br\\\/colgrad\\\/cro-mg\\\/#primaryimage\"},\"thumbnailUrl\":\"http:\\\/\\\/www.odonto.ufmg.br\\\/colgrad\\\/wp-content\\\/uploads\\\/sites\\\/3\\\/2021\\\/08\\\/download-300x104.jpg\",\"datePublished\":\"2021-08-02T16:38:40+00:00\",\"breadcrumb\":{\"@id\":\"https:\\\/\\\/www.odonto.ufmg.br\\\/colgrad\\\/cro-mg\\\/#breadcrumb\"},\"inLanguage\":\"pt-BR\",\"potentialAction\":[{\"@type\":\"ReadAction\",\"target\":[\"https:\\\/\\\/www.odonto.ufmg.br\\\/colgrad\\\/cro-mg\\\/\"]}]},{\"@type\":\"ImageObject\",\"inLanguage\":\"pt-BR\",\"@id\":\"https:\\\/\\\/www.odonto.ufmg.br\\\/colgrad\\\/cro-mg\\\/#primaryimage\",\"url\":\"https:\\\/\\\/www.odonto.ufmg.br\\\/colgrad\\\/wp-content\\\/uploads\\\/sites\\\/3\\\/2021\\\/08\\\/download.jpg\",\"contentUrl\":\"https:\\\/\\\/www.odonto.ufmg.br\\\/colgrad\\\/wp-content\\\/uploads\\\/sites\\\/3\\\/2021\\\/08\\\/download.jpg\",\"width\":1920,\"height\":667},{\"@type\":\"BreadcrumbList\",\"@id\":\"https:\\\/\\\/www.odonto.ufmg.br\\\/colgrad\\\/cro-mg\\\/#breadcrumb\",\"itemListElement\":[{\"@type\":\"ListItem\",\"position\":1,\"name\":\"In\u00edcio\",\"item\":\"https:\\\/\\\/www.odonto.ufmg.br\\\/colgrad\\\/inicio\\\/\"},{\"@type\":\"ListItem\",\"position\":2,\"name\":\"CRO MG\"}]},{\"@type\":\"WebSite\",\"@id\":\"https:\\\/\\\/www.odonto.ufmg.br\\\/colgrad\\\/#website\",\"url\":\"https:\\\/\\\/www.odonto.ufmg.br\\\/colgrad\\\/\",\"name\":\"Colegiado de Gradua\u00e7\u00e3o\",\"description\":\"Faculdade de Odontologia UFMG\",\"potentialAction\":[{\"@type\":\"SearchAction\",\"target\":{\"@type\":\"EntryPoint\",\"urlTemplate\":\"https:\\\/\\\/www.odonto.ufmg.br\\\/colgrad\\\/?s={search_term_string}\"},\"query-input\":{\"@type\":\"PropertyValueSpecification\",\"valueRequired\":true,\"valueName\":\"search_term_string\"}}],\"inLanguage\":\"pt-BR\"}]}<\/script>\n<!-- \/ Yoast SEO plugin. -->","yoast_head_json":{"title":"CRO MG - Colegiado de Gradua\u00e7\u00e3o","robots":{"index":"index","follow":"follow","max-snippet":"max-snippet:-1","max-image-preview":"max-image-preview:large","max-video-preview":"max-video-preview:-1"},"canonical":"https:\/\/www.odonto.ufmg.br\/colgrad\/cro-mg\/","og_locale":"pt_BR","og_type":"article","og_title":"CRO MG - Colegiado de Gradua\u00e7\u00e3o","og_url":"https:\/\/www.odonto.ufmg.br\/colgrad\/cro-mg\/","og_site_name":"Colegiado de Gradua\u00e7\u00e3o","og_image":[{"url":"http:\/\/www.odonto.ufmg.br\/colgrad\/wp-content\/uploads\/sites\/3\/2021\/08\/download-300x104.jpg","type":"","width":"","height":""}],"twitter_card":"summary_large_image","twitter_misc":{"Est. tempo de leitura":"2 minutos"},"schema":{"@context":"https:\/\/schema.org","@graph":[{"@type":"WebPage","@id":"https:\/\/www.odonto.ufmg.br\/colgrad\/cro-mg\/","url":"https:\/\/www.odonto.ufmg.br\/colgrad\/cro-mg\/","name":"CRO MG - Colegiado de Gradua\u00e7\u00e3o","isPartOf":{"@id":"https:\/\/www.odonto.ufmg.br\/colgrad\/#website"},"primaryImageOfPage":{"@id":"https:\/\/www.odonto.ufmg.br\/colgrad\/cro-mg\/#primaryimage"},"image":{"@id":"https:\/\/www.odonto.ufmg.br\/colgrad\/cro-mg\/#primaryimage"},"thumbnailUrl":"http:\/\/www.odonto.ufmg.br\/colgrad\/wp-content\/uploads\/sites\/3\/2021\/08\/download-300x104.jpg","datePublished":"2021-08-02T16:38:40+00:00","breadcrumb":{"@id":"https:\/\/www.odonto.ufmg.br\/colgrad\/cro-mg\/#breadcrumb"},"inLanguage":"pt-BR","potentialAction":[{"@type":"ReadAction","target":["https:\/\/www.odonto.ufmg.br\/colgrad\/cro-mg\/"]}]},{"@type":"ImageObject","inLanguage":"pt-BR","@id":"https:\/\/www.odonto.ufmg.br\/colgrad\/cro-mg\/#primaryimage","url":"https:\/\/www.odonto.ufmg.br\/colgrad\/wp-content\/uploads\/sites\/3\/2021\/08\/download.jpg","contentUrl":"https:\/\/www.odonto.ufmg.br\/colgrad\/wp-content\/uploads\/sites\/3\/2021\/08\/download.jpg","width":1920,"height":667},{"@type":"BreadcrumbList","@id":"https:\/\/www.odonto.ufmg.br\/colgrad\/cro-mg\/#breadcrumb","itemListElement":[{"@type":"ListItem","position":1,"name":"In\u00edcio","item":"https:\/\/www.odonto.ufmg.br\/colgrad\/inicio\/"},{"@type":"ListItem","position":2,"name":"CRO MG"}]},{"@type":"WebSite","@id":"https:\/\/www.odonto.ufmg.br\/colgrad\/#website","url":"https:\/\/www.odonto.ufmg.br\/colgrad\/","name":"Colegiado de Gradua\u00e7\u00e3o","description":"Faculdade de Odontologia UFMG","potentialAction":[{"@type":"SearchAction","target":{"@type":"EntryPoint","urlTemplate":"https:\/\/www.odonto.ufmg.br\/colgrad\/?s={search_term_string}"},"query-input":{"@type":"PropertyValueSpecification","valueRequired":true,"valueName":"search_term_string"}}],"inLanguage":"pt-BR"}]}},"_links":{"self":[{"href":"https:\/\/www.odonto.ufmg.br\/colgrad\/wp-json\/wp\/v2\/pages\/2065","targetHints":{"allow":["GET"]}}],"collection":[{"href":"https:\/\/www.odonto.ufmg.br\/colgrad\/wp-json\/wp\/v2\/pages"}],"about":[{"href":"https:\/\/www.odonto.ufmg.br\/colgrad\/wp-json\/wp\/v2\/types\/page"}],"author":[{"embeddable":true,"href":"https:\/\/www.odonto.ufmg.br\/colgrad\/wp-json\/wp\/v2\/users\/20"}],"replies":[{"embeddable":true,"href":"https:\/\/www.odonto.ufmg.br\/colgrad\/wp-json\/wp\/v2\/comments?post=2065"}],"version-history":[{"count":13,"href":"https:\/\/www.odonto.ufmg.br\/colgrad\/wp-json\/wp\/v2\/pages\/2065\/revisions"}],"predecessor-version":[{"id":2131,"href":"https:\/\/www.odonto.ufmg.br\/colgrad\/wp-json\/wp\/v2\/pages\/2065\/revisions\/2131"}],"wp:attachment":[{"href":"https:\/\/www.odonto.ufmg.br\/colgrad\/wp-json\/wp\/v2\/media?parent=2065"}],"curies":[{"name":"wp","href":"https:\/\/api.w.org\/{rel}","templated":true}]}}