{"id":1962,"date":"2021-06-07T10:18:43","date_gmt":"2021-06-07T13:18:43","guid":{"rendered":"https:\/\/www.odonto.ufmg.br\/colgrad\/?page_id=1962"},"modified":"2022-04-07T09:01:34","modified_gmt":"2022-04-07T12:01:34","slug":"estagio-nao-obrigatorio","status":"publish","type":"page","link":"https:\/\/www.odonto.ufmg.br\/colgrad\/estagio-nao-obrigatorio\/","title":{"rendered":"Est\u00e1gio N\u00e3o Obrigat\u00f3rio"},"content":{"rendered":"\n<style type=\"text\/css\" data-created_by=\"avia_inline_auto\" id=\"style-css-av-kpspyugp-205d8d86f0d4dea8e2ceaf2b9b00bc47\">\n#top .av-special-heading.av-kpspyugp-205d8d86f0d4dea8e2ceaf2b9b00bc47{\npadding-bottom:10px;\n}\nbody .av-special-heading.av-kpspyugp-205d8d86f0d4dea8e2ceaf2b9b00bc47 .av-special-heading-tag .heading-char{\nfont-size:25px;\n}\n.av-special-heading.av-kpspyugp-205d8d86f0d4dea8e2ceaf2b9b00bc47 .av-subheading{\nfont-size:15px;\n}\n<\/style>\n<div  class='av-special-heading av-kpspyugp-205d8d86f0d4dea8e2ceaf2b9b00bc47 av-special-heading-h1 blockquote modern-quote modern-centered  avia-builder-el-0  el_before_av_progress  avia-builder-el-first '><h1 class='av-special-heading-tag '  itemprop=\"headline\"  >RESOLU\u00c7\u00c3O E DOCUMENTOS<\/h1><div class=\"special-heading-border\"><div class=\"special-heading-inner-border\"><\/div><\/div><\/div>\n\n<style type=\"text\/css\" data-created_by=\"avia_inline_auto\" id=\"style-css-sub-av-652afe-8585791cbe3cec326b6cbbabdd9c8d88\">\n#top .avia-progress-bar-container .avia-progress-bar.av-4tz46y-3ce554e86a4ab9cda5b1def45f44e626 .bar{\nwidth:100%;\nbackground-image: linear-gradient( -45deg, #B02B2C 25%, #D24D4E 25%, #D24D4E 50%, #B02B2C 50%, #B02B2C 75%, #D24D4E 75%, #D24D4E );\nbackground-image: linear-gradient( -45deg, #B02B2C 25%, #D24D4E 25%, #D24D4E 50%, #B02B2C 50%, #B02B2C 75%, #D24D4E 75%, #D24D4E );\nbackground-color:#B02B2C;\n}\n<\/style>\n<div  class='avia-progress-bar-container av-652afe-8585791cbe3cec326b6cbbabdd9c8d88 av-striped-bar av-animated-bar avia_animate_when_almost_visible  avia-builder-el-1  el_after_av_heading  el_before_av_textblock '><div class='avia-progress-bar av-4tz46y-3ce554e86a4ab9cda5b1def45f44e626 icon-bar-no red-bar icon-bar-no'><div class=\"progress\"><div class=\"bar-outer\"><div class='bar' data-progress='100'><\/div><\/div><\/div><\/div><\/div>\n<section  class='av_textblock_section av-kq6i8gsw-e55c8cfe6916d436fedc11da97ead220 '   itemscope=\"itemscope\" itemtype=\"https:\/\/schema.org\/CreativeWork\" ><div class='avia_textblock'  itemprop=\"text\" ><div dir=\"ltr\">\n<p>Prezado aluno,<\/p>\n<p>Caso tenha interesse em apresentar ao Colegiado de Gradua\u00e7\u00e3o uma solicita\u00e7\u00e3o para Est\u00e1gio extracurricular n\u00e3o obrigat\u00f3rio, gentileza ler atentamente a documenta\u00e7\u00e3o dispon\u00edvel nesta p\u00e1gina e enviar para a <strong>comissaoestagiofaoufmg@gmail.com<\/strong> com c\u00f3pia para <strong>odonto-grad@ufmg.br<\/strong> a documenta\u00e7\u00e3o completa:<\/p>\n<p>\u2013 Documenta\u00e7\u00e3o do Supervisor de Est\u00e1gio (c\u00f3pia CRO) e da Cl\u00ednica ou consult\u00f3rio onde se pretende realizar o Est\u00e1gio (c\u00f3pia: CNES do estabelecimento, credenciamento do CRO para receber estagi\u00e1rios conforme Resolu\u00e7\u00e3o CRO-MG N\u00b0010\/2020 e Alvar\u00e1 Sanit\u00e1rio vigente)<\/p>\n<p>&#8211; Comprovante de matr\u00edcula do interessado com os hor\u00e1rios das disciplinas, disciplinas em curso e cursadas e o extrato de integraliza\u00e7\u00e3o (no semestre atual)<\/p>\n<p>\u2013 Formul\u00e1rios 1 a 4 devidamente preenchidos e assinados (deixar em branco apenas os dados relativos \u00e0 FAO UFMG)<\/p>\n<p>\u2013 Sobre a possibilidade de fazer est\u00e1gio em 2 lugares, \u00e9 poss\u00edvel se os dois est\u00e1gios possu\u00edrem compatibilidade com a grade de matr\u00edcula do aluno. Al\u00e9m disso, o somat\u00f3rio da carga hor\u00e1ria n\u00e3o dever\u00e1 ultrapassar 30 horas e o aluno dever\u00e1 preencher os formul\u00e1rios necess\u00e1rios para cada est\u00e1gio. O n\u00famero m\u00e1ximo de locais de est\u00e1gio permitidos para um \u00fanico aluno dever\u00e1 ser 2 (dois).<\/p>\n<p>\u2013 O prazo para envio da documenta\u00e7\u00e3o \u00e9 at\u00e9 30 dias ap\u00f3s o encerramento do per\u00edodo de matricula.<\/p>\n<p>\u2013 Faz-se necess\u00e1rio que os alunos enviem a documenta\u00e7\u00e3o completa e correta com todas as assinaturas pertinentes.<\/p>\n<p>&#8211; Obs. Deve ser enviado para a comiss\u00e3o de est\u00e1gio o comprovante de solicita\u00e7\u00e3o da carteirinha de estagi\u00e1rio no CRO em at\u00e9 10 dias ap\u00f3s emiss\u00e3o do parecer aprovado pela comiss\u00e3o<\/p>\n<\/div>\n<\/div><\/section>\n<div  class='av_promobox av-2rrfmy-d3b67d8696c5bc83afeebd90ef704d4a avia-button-yes  avia-builder-el-3  el_after_av_textblock  el_before_av_promobox '><div class='avia-promocontent'><p>\n<span style=\"color: #800000\">Resolu\u00e7\u00e3o 02-2021 ColGrad EST\u00c1GIO EXTRACURRICULAR N\u00c3O OBRIGAT\u00d3RIO<\/span><\/p>\n<\/div><div  class='avia-button-wrap av-2rrfmy-f1c7d127bd83974506f1acf8e3f02073-wrap avia-button-right '><a href='http:\/\/www.odonto.ufmg.br\/colgrad\/wp-content\/uploads\/sites\/3\/2021\/06\/Resolucao-02-2021-ColGrad-ESTAGIO-EXTRACURRICULAR-NAO-OBRIGATORIO.pdf'  class='avia-button av-2rrfmy-f1c7d127bd83974506f1acf8e3f02073 av-link-btn avia-icon_select-yes-left-icon avia-size-large avia-position-right avia-color-theme-color'   aria-label=\"Downloads\"><span class='avia_button_icon avia_button_icon_left avia-iconfont avia-font-entypo-fontello' data-av_icon='\ue82d' data-av_iconfont='entypo-fontello' ><\/span><span class='avia_iconbox_title' >Downloads<\/span><\/a><\/div><\/div>\n<div  class='av_promobox av-krup1kz8-155230d67166ffd1ba95e598ab9d39c1 avia-button-yes  avia-builder-el-4  el_after_av_promobox  el_before_av_promobox '><div class='avia-promocontent'><p>\n<span style=\"color: #800000\">DOCUMENTOS CRO MG<\/span><\/p>\n<ul>\n<li>Credenciamento de cl\u00ednicas e Consult\u00f3rios.<\/li>\n<li>Inscri\u00e7\u00e3o e emiss\u00e3o de c\u00e9dulas de estagi\u00e1rio.<\/li>\n<\/ul>\n<p>\n<\/div><div  class='avia-button-wrap av-krup1kz8-62e9e88a3a11181be643628fef3dc6aa-wrap avia-button-right '><a href='https:\/\/www.odonto.ufmg.br\/colgrad\/cro-mg\/'  class='avia-button av-krup1kz8-62e9e88a3a11181be643628fef3dc6aa av-link-btn avia-icon_select-yes-left-icon avia-size-large avia-position-right avia-color-theme-color'   aria-label=\"Consultar\"><span class='avia_button_icon avia_button_icon_left avia-iconfont avia-font-entypo-fontello' data-av_icon='\ue85c' data-av_iconfont='entypo-fontello' ><\/span><span class='avia_iconbox_title' >Consultar<\/span><\/a><\/div><\/div>\n<div  class='av_promobox av-kqgjdnxn-c15f8a246809918bd28adf5010e92fa7 avia-button-yes  avia-builder-el-5  el_after_av_promobox  el_before_av_promobox '><div class='avia-promocontent'><p>\n<span style=\"color: #800000\">FLUXOGRAMA E PRAZOS<\/span><\/p>\n<\/div><div  class='avia-button-wrap av-kqgjdnxn-ac96ee9c48aef0b41856bf7a21df0986-wrap avia-button-right '><a href='http:\/\/www.odonto.ufmg.br\/colgrad\/wp-content\/uploads\/sites\/3\/2021\/08\/FLUXOGRAMA-E-PRAZOS_3.pdf'  class='avia-button av-kqgjdnxn-ac96ee9c48aef0b41856bf7a21df0986 av-link-btn avia-icon_select-yes-left-icon avia-size-large avia-position-right avia-color-theme-color'   aria-label=\"Downloads\"><span class='avia_button_icon avia_button_icon_left avia-iconfont avia-font-entypo-fontello' data-av_icon='\ue82d' data-av_iconfont='entypo-fontello' ><\/span><span class='avia_iconbox_title' >Downloads<\/span><\/a><\/div><\/div>\n<div  class='av_promobox av-ck16ui-59963e00359bb39d603a1cccdb4672fc avia-button-yes  avia-builder-el-6  el_after_av_promobox  el_before_av_promobox '><div class='avia-promocontent'><p>\n<span style=\"color: #800000\">1 &#8211; REQUERIMENTO EST\u00c1GIO EXTRACURRICULAR N\u00c3O OBRIGAT\u00d3RIO<\/span><\/p>\n<\/div><div  class='avia-button-wrap av-ck16ui-e8477bd5ba84388e28703dec382ad42d-wrap avia-button-right '><a href='https:\/\/www.odonto.ufmg.br\/tcc\/wp-content\/uploads\/Est\u00e1gio\/1REQUERIMENTOEST\u00c1GIOEXTRACURRICULARN\u00c3OOBRIGAT\u00d3RIO.docx'  class='avia-button av-ck16ui-e8477bd5ba84388e28703dec382ad42d av-link-btn avia-icon_select-yes-left-icon avia-size-large avia-position-right avia-color-theme-color'   aria-label=\"Downloads\"><span class='avia_button_icon avia_button_icon_left avia-iconfont avia-font-entypo-fontello' data-av_icon='\ue82d' data-av_iconfont='entypo-fontello' ><\/span><span class='avia_iconbox_title' >Downloads<\/span><\/a><\/div><\/div>\n<div  class='av_promobox av-12yv22-d78b84424a01803e0e9ca4cbdf2aa018 avia-button-yes  avia-builder-el-7  el_after_av_promobox  el_before_av_promobox '><div class='avia-promocontent'><p>\n<span style=\"color: #800000\">2 &#8211; PROTOCOLO DE EST\u00c1GIO N\u00c3O OBRIGAT\u00d3RIO<\/span><\/p>\n<\/div><div  class='avia-button-wrap av-12yv22-376c63ce03bb2504bdf2478a47b78300-wrap avia-button-right '><a href='https:\/\/www.odonto.ufmg.br\/tcc\/wp-content\/uploads\/Est\u00e1gio\/2PROTOCOLODEEST\u00c1GION\u00c3OOBRIGAT\u00d3RIO.doc'  class='avia-button av-12yv22-376c63ce03bb2504bdf2478a47b78300 av-link-btn avia-icon_select-yes-left-icon avia-size-large avia-position-right avia-color-theme-color'   aria-label=\"Downloads\"><span class='avia_button_icon avia_button_icon_left avia-iconfont avia-font-entypo-fontello' data-av_icon='\ue82d' data-av_iconfont='entypo-fontello' ><\/span><span class='avia_iconbox_title' >Downloads<\/span><\/a><\/div><\/div>\n<div  class='av_promobox av-8oprai-b6b394348ebad47176280a9acda5ab44 avia-button-yes  avia-builder-el-8  el_after_av_promobox  el_before_av_promobox '><div class='avia-promocontent'><p>\n<span style=\"color: #800000\">3 &#8211; TERMO DE COMPROMISSO EST\u00c1GIO EXTRACURRICULAR N\u00c3O OBRIGAT\u00d3RIO<\/span><\/p>\n<\/div><div  class='avia-button-wrap av-8oprai-003042f73c94eb295481a98b428abbc4-wrap avia-button-right '><a href='https:\/\/www.odonto.ufmg.br\/tcc\/wp-content\/uploads\/Est\u00e1gio\/3TERMODECOMPROMISSOEST\u00c1GIOEXTRACURRICULARN\u00c3OOBRIGAT\u00d3RIO.doc'  class='avia-button av-8oprai-003042f73c94eb295481a98b428abbc4 av-link-btn avia-icon_select-yes-left-icon avia-size-large avia-position-right avia-color-theme-color'   aria-label=\"Downloads\"><span class='avia_button_icon avia_button_icon_left avia-iconfont avia-font-entypo-fontello' data-av_icon='\ue82d' data-av_iconfont='entypo-fontello' ><\/span><span class='avia_iconbox_title' >Downloads<\/span><\/a><\/div><\/div>\n<div  class='av_promobox av-7wx122-26093248d4792b9a291654e53b365541 avia-button-yes  avia-builder-el-9  el_after_av_promobox  el_before_av_promobox '><div class='avia-promocontent'><p>\n<span style=\"color: #800000\">4 &#8211; PLANO DE ATIVIDADES EST\u00c1GIO EXTRACURRICULAR N\u00c3O OBRIGAT\u00d3RIO<\/span><\/p>\n<\/div><div  class='avia-button-wrap av-7wx122-d5b4c9483dd1ab9b728e0fccab45f25c-wrap avia-button-right '><a href='https:\/\/www.odonto.ufmg.br\/tcc\/wp-content\/uploads\/Est\u00e1gio\/4PLANODEATIVIDADESEST\u00c1GIOEXTRACURRICULARN\u00c3OOBRIGAT\u00d3RIO.doc'  class='avia-button av-7wx122-d5b4c9483dd1ab9b728e0fccab45f25c av-link-btn avia-icon_select-yes-left-icon avia-size-large avia-position-right avia-color-theme-color'   aria-label=\"Downloads\"><span class='avia_button_icon avia_button_icon_left avia-iconfont avia-font-entypo-fontello' data-av_icon='\ue82d' data-av_iconfont='entypo-fontello' ><\/span><span class='avia_iconbox_title' >Downloads<\/span><\/a><\/div><\/div>\n<div  class='av_promobox av-59oyka-d058bc1de27440820d3a70b8a2c30096 avia-button-yes  avia-builder-el-10  el_after_av_promobox  el_before_av_promobox '><div class='avia-promocontent'><p>\n<span style=\"color: #800000\">5 &#8211; ATESTADO DE FREQU\u00caNCIA EST\u00c1GIO EXTRACURRICULAR N\u00c3O OBRIGAT\u00d3RIO<\/span><\/p>\n<\/div><div  class='avia-button-wrap av-59oyka-2a9a9781d0590549bc38b298e34ca30b-wrap avia-button-right '><a href=' https:\/\/www.odonto.ufmg.br\/tcc\/wp-content\/uploads\/Est\u00e1gio\/5ATESTADODEFREQU\u00caNCIAEST\u00c1GIOEXTRACURRICULARN\u00c3OOBRIGAT\u00d3RIO.docx'  class='avia-button av-59oyka-2a9a9781d0590549bc38b298e34ca30b av-link-btn avia-icon_select-yes-left-icon avia-size-large avia-position-right avia-color-theme-color'   aria-label=\"Downloads\"><span class='avia_button_icon avia_button_icon_left avia-iconfont avia-font-entypo-fontello' data-av_icon='\ue82d' data-av_iconfont='entypo-fontello' ><\/span><span class='avia_iconbox_title' >Downloads<\/span><\/a><\/div><\/div>\n<div  class='av_promobox av-g3tfe-ec802cb568a620f8061de20b414c2e1e avia-button-yes  avia-builder-el-11  el_after_av_promobox  el_before_av_promobox '><div class='avia-promocontent'><p>\n<span style=\"color: #800000\">6 &#8211; FICHA DE AVALIA\u00c7\u00c3O EST\u00c1GIO EXTRACURRICULAR N\u00c3O OBRIGAT\u00d3RIO<\/span><\/p>\n<\/div><div  class='avia-button-wrap av-g3tfe-4a40e2d38bb2492346bffb0e130af5de-wrap avia-button-right '><a href='https:\/\/www.odonto.ufmg.br\/tcc\/wp-content\/uploads\/Est\u00e1gio\/6FICHADEAVALIA\u00c7\u00c3OEST\u00c1GIOEXTRACURRICULARN\u00c3OOBRIGAT\u00d3RIO.docx'  class='avia-button av-g3tfe-4a40e2d38bb2492346bffb0e130af5de av-link-btn avia-icon_select-yes-left-icon avia-size-large avia-position-right avia-color-theme-color'   aria-label=\"Downloads\"><span class='avia_button_icon avia_button_icon_left avia-iconfont avia-font-entypo-fontello' data-av_icon='\ue82d' data-av_iconfont='entypo-fontello' ><\/span><span class='avia_iconbox_title' >Downloads<\/span><\/a><\/div><\/div>\n<div  class='av_promobox av-389ct6-015d568145e6bf21ff7ce865b05ed50a avia-button-yes  avia-builder-el-12  el_after_av_promobox  avia-builder-el-last '><div class='avia-promocontent'><p>\n<span style=\"color: #800000\">7 &#8211; RELAT\u00d3RIO FINAL EST\u00c1GIO EXTRACURRICULAR N\u00c3O OBRIGAT\u00d3RIO<\/span><\/p>\n<\/div><div  class='avia-button-wrap av-389ct6-9aaee5078535d90457f728b22f9653ed-wrap avia-button-right '><a href='https:\/\/www.odonto.ufmg.br\/tcc\/wp-content\/uploads\/Est\u00e1gio\/7RELAT\u00d3RIOFINALEST\u00c1GIOEXTRACURRICULARN\u00c3OOBRIGAT\u00d3RIO.docx'  class='avia-button av-389ct6-9aaee5078535d90457f728b22f9653ed av-link-btn avia-icon_select-yes-left-icon avia-size-large avia-position-right avia-color-theme-color'   aria-label=\"Downloads\"><span class='avia_button_icon avia_button_icon_left avia-iconfont avia-font-entypo-fontello' data-av_icon='\ue82d' data-av_iconfont='entypo-fontello' ><\/span><span class='avia_iconbox_title' >Downloads<\/span><\/a><\/div><\/div>\n","protected":false},"excerpt":{"rendered":"","protected":false},"author":20,"featured_media":0,"parent":0,"menu_order":0,"comment_status":"closed","ping_status":"closed","template":"","meta":{"inline_featured_image":false,"footnotes":""},"class_list":["post-1962","page","type-page","status-publish","hentry"],"yoast_head":"<!-- This site is optimized with the Yoast SEO plugin v27.3 - https:\/\/yoast.com\/product\/yoast-seo-wordpress\/ -->\n<title>Est\u00e1gio N\u00e3o Obrigat\u00f3rio - Colegiado de Gradua\u00e7\u00e3o<\/title>\n<meta name=\"robots\" content=\"index, follow, max-snippet:-1, max-image-preview:large, max-video-preview:-1\" \/>\n<link rel=\"canonical\" href=\"https:\/\/www.odonto.ufmg.br\/colgrad\/estagio-nao-obrigatorio\/\" \/>\n<meta property=\"og:locale\" content=\"pt_BR\" \/>\n<meta property=\"og:type\" content=\"article\" \/>\n<meta property=\"og:title\" content=\"Est\u00e1gio N\u00e3o Obrigat\u00f3rio - Colegiado de Gradua\u00e7\u00e3o\" \/>\n<meta property=\"og:url\" content=\"https:\/\/www.odonto.ufmg.br\/colgrad\/estagio-nao-obrigatorio\/\" \/>\n<meta property=\"og:site_name\" content=\"Colegiado de Gradua\u00e7\u00e3o\" \/>\n<meta property=\"article:modified_time\" content=\"2022-04-07T12:01:34+00:00\" \/>\n<meta name=\"twitter:card\" content=\"summary_large_image\" \/>\n<meta name=\"twitter:label1\" content=\"Est. tempo de leitura\" \/>\n\t<meta name=\"twitter:data1\" content=\"7 minutos\" \/>\n<script type=\"application\/ld+json\" class=\"yoast-schema-graph\">{\"@context\":\"https:\\\/\\\/schema.org\",\"@graph\":[{\"@type\":\"WebPage\",\"@id\":\"https:\\\/\\\/www.odonto.ufmg.br\\\/colgrad\\\/estagio-nao-obrigatorio\\\/\",\"url\":\"https:\\\/\\\/www.odonto.ufmg.br\\\/colgrad\\\/estagio-nao-obrigatorio\\\/\",\"name\":\"Est\u00e1gio N\u00e3o Obrigat\u00f3rio - Colegiado de Gradua\u00e7\u00e3o\",\"isPartOf\":{\"@id\":\"https:\\\/\\\/www.odonto.ufmg.br\\\/colgrad\\\/#website\"},\"datePublished\":\"2021-06-07T13:18:43+00:00\",\"dateModified\":\"2022-04-07T12:01:34+00:00\",\"breadcrumb\":{\"@id\":\"https:\\\/\\\/www.odonto.ufmg.br\\\/colgrad\\\/estagio-nao-obrigatorio\\\/#breadcrumb\"},\"inLanguage\":\"pt-BR\",\"potentialAction\":[{\"@type\":\"ReadAction\",\"target\":[\"https:\\\/\\\/www.odonto.ufmg.br\\\/colgrad\\\/estagio-nao-obrigatorio\\\/\"]}]},{\"@type\":\"BreadcrumbList\",\"@id\":\"https:\\\/\\\/www.odonto.ufmg.br\\\/colgrad\\\/estagio-nao-obrigatorio\\\/#breadcrumb\",\"itemListElement\":[{\"@type\":\"ListItem\",\"position\":1,\"name\":\"In\u00edcio\",\"item\":\"https:\\\/\\\/www.odonto.ufmg.br\\\/colgrad\\\/inicio\\\/\"},{\"@type\":\"ListItem\",\"position\":2,\"name\":\"Est\u00e1gio N\u00e3o Obrigat\u00f3rio\"}]},{\"@type\":\"WebSite\",\"@id\":\"https:\\\/\\\/www.odonto.ufmg.br\\\/colgrad\\\/#website\",\"url\":\"https:\\\/\\\/www.odonto.ufmg.br\\\/colgrad\\\/\",\"name\":\"Colegiado de Gradua\u00e7\u00e3o\",\"description\":\"Faculdade de Odontologia UFMG\",\"potentialAction\":[{\"@type\":\"SearchAction\",\"target\":{\"@type\":\"EntryPoint\",\"urlTemplate\":\"https:\\\/\\\/www.odonto.ufmg.br\\\/colgrad\\\/?s={search_term_string}\"},\"query-input\":{\"@type\":\"PropertyValueSpecification\",\"valueRequired\":true,\"valueName\":\"search_term_string\"}}],\"inLanguage\":\"pt-BR\"}]}<\/script>\n<!-- \/ Yoast SEO plugin. -->","yoast_head_json":{"title":"Est\u00e1gio N\u00e3o Obrigat\u00f3rio - Colegiado de Gradua\u00e7\u00e3o","robots":{"index":"index","follow":"follow","max-snippet":"max-snippet:-1","max-image-preview":"max-image-preview:large","max-video-preview":"max-video-preview:-1"},"canonical":"https:\/\/www.odonto.ufmg.br\/colgrad\/estagio-nao-obrigatorio\/","og_locale":"pt_BR","og_type":"article","og_title":"Est\u00e1gio N\u00e3o Obrigat\u00f3rio - Colegiado de Gradua\u00e7\u00e3o","og_url":"https:\/\/www.odonto.ufmg.br\/colgrad\/estagio-nao-obrigatorio\/","og_site_name":"Colegiado de Gradua\u00e7\u00e3o","article_modified_time":"2022-04-07T12:01:34+00:00","twitter_card":"summary_large_image","twitter_misc":{"Est. tempo de leitura":"7 minutos"},"schema":{"@context":"https:\/\/schema.org","@graph":[{"@type":"WebPage","@id":"https:\/\/www.odonto.ufmg.br\/colgrad\/estagio-nao-obrigatorio\/","url":"https:\/\/www.odonto.ufmg.br\/colgrad\/estagio-nao-obrigatorio\/","name":"Est\u00e1gio N\u00e3o Obrigat\u00f3rio - Colegiado de Gradua\u00e7\u00e3o","isPartOf":{"@id":"https:\/\/www.odonto.ufmg.br\/colgrad\/#website"},"datePublished":"2021-06-07T13:18:43+00:00","dateModified":"2022-04-07T12:01:34+00:00","breadcrumb":{"@id":"https:\/\/www.odonto.ufmg.br\/colgrad\/estagio-nao-obrigatorio\/#breadcrumb"},"inLanguage":"pt-BR","potentialAction":[{"@type":"ReadAction","target":["https:\/\/www.odonto.ufmg.br\/colgrad\/estagio-nao-obrigatorio\/"]}]},{"@type":"BreadcrumbList","@id":"https:\/\/www.odonto.ufmg.br\/colgrad\/estagio-nao-obrigatorio\/#breadcrumb","itemListElement":[{"@type":"ListItem","position":1,"name":"In\u00edcio","item":"https:\/\/www.odonto.ufmg.br\/colgrad\/inicio\/"},{"@type":"ListItem","position":2,"name":"Est\u00e1gio N\u00e3o Obrigat\u00f3rio"}]},{"@type":"WebSite","@id":"https:\/\/www.odonto.ufmg.br\/colgrad\/#website","url":"https:\/\/www.odonto.ufmg.br\/colgrad\/","name":"Colegiado de Gradua\u00e7\u00e3o","description":"Faculdade de Odontologia UFMG","potentialAction":[{"@type":"SearchAction","target":{"@type":"EntryPoint","urlTemplate":"https:\/\/www.odonto.ufmg.br\/colgrad\/?s={search_term_string}"},"query-input":{"@type":"PropertyValueSpecification","valueRequired":true,"valueName":"search_term_string"}}],"inLanguage":"pt-BR"}]}},"_links":{"self":[{"href":"https:\/\/www.odonto.ufmg.br\/colgrad\/wp-json\/wp\/v2\/pages\/1962","targetHints":{"allow":["GET"]}}],"collection":[{"href":"https:\/\/www.odonto.ufmg.br\/colgrad\/wp-json\/wp\/v2\/pages"}],"about":[{"href":"https:\/\/www.odonto.ufmg.br\/colgrad\/wp-json\/wp\/v2\/types\/page"}],"author":[{"embeddable":true,"href":"https:\/\/www.odonto.ufmg.br\/colgrad\/wp-json\/wp\/v2\/users\/20"}],"replies":[{"embeddable":true,"href":"https:\/\/www.odonto.ufmg.br\/colgrad\/wp-json\/wp\/v2\/comments?post=1962"}],"version-history":[{"count":19,"href":"https:\/\/www.odonto.ufmg.br\/colgrad\/wp-json\/wp\/v2\/pages\/1962\/revisions"}],"predecessor-version":[{"id":2402,"href":"https:\/\/www.odonto.ufmg.br\/colgrad\/wp-json\/wp\/v2\/pages\/1962\/revisions\/2402"}],"wp:attachment":[{"href":"https:\/\/www.odonto.ufmg.br\/colgrad\/wp-json\/wp\/v2\/media?parent=1962"}],"curies":[{"name":"wp","href":"https:\/\/api.w.org\/{rel}","templated":true}]}}