{"id":1650,"date":"2020-12-28T17:45:53","date_gmt":"2020-12-28T20:45:53","guid":{"rendered":"http:\/\/www.odonto.ufmg.br\/colgrad\/?page_id=1650"},"modified":"2021-01-22T15:30:00","modified_gmt":"2021-01-22T18:30:00","slug":"eleicao-2021-2023","status":"publish","type":"page","link":"https:\/\/www.odonto.ufmg.br\/colgrad\/eleicao-2021-2023\/","title":{"rendered":"Elei\u00e7\u00e3o 2021\/2023"},"content":{"rendered":"\n<style type=\"text\/css\" data-created_by=\"avia_inline_auto\" id=\"style-css-av-av_heading-a0f5e8aff3af9960f5a41de564dd5903\">\n#top .av-special-heading.av-av_heading-a0f5e8aff3af9960f5a41de564dd5903{\npadding-bottom:10px;\n}\nbody .av-special-heading.av-av_heading-a0f5e8aff3af9960f5a41de564dd5903 .av-special-heading-tag .heading-char{\nfont-size:25px;\n}\n.av-special-heading.av-av_heading-a0f5e8aff3af9960f5a41de564dd5903 .av-subheading{\nfont-size:15px;\n}\n<\/style>\n<div  class='av-special-heading av-av_heading-a0f5e8aff3af9960f5a41de564dd5903 av-special-heading-h2 blockquote modern-quote modern-centered  avia-builder-el-0  el_before_av_textblock  avia-builder-el-first '><h2 class='av-special-heading-tag '  itemprop=\"headline\"  >Elei\u00e7\u00e3o da Coordena\u00e7\u00e3o Geral do Colegiado de Gradua\u00e7\u00e3o da Faculdade de Odontologia da UFMG &#8211; Per\u00edodo 2021 a 2023<\/h2><div class=\"special-heading-border\"><div class=\"special-heading-inner-border\"><\/div><\/div><\/div>\n<section  class='av_textblock_section av-kj90t7a3-d64807b8908cbda84b669cd9589b3950 '   itemscope=\"itemscope\" itemtype=\"https:\/\/schema.org\/CreativeWork\" ><div class='avia_textblock'  itemprop=\"text\" ><ul>\n<li>\n<h3><strong>COMUNICADO Diretoria 22\/01\/2021:\u00a0 <span style=\"color: #ff0000\"><a style=\"color: #ff0000\" href=\"http:\/\/www.odonto.ufmg.br\/colgrad\/wp-content\/uploads\/sites\/3\/2021\/01\/COMUNICADO-diretoria-22-01-2021.docx.pdf\">Download<\/a><\/span><\/strong><\/h3>\n<\/li>\n<li>\n<h3><strong>EDITAL 03\/2021 DIRETORIA: <a href=\"http:\/\/www.odonto.ufmg.br\/colgrad\/wp-content\/uploads\/sites\/3\/2021\/01\/2020-EDITAL-03-eleicao-Coordenacao-COLGRAD.docx.pdf\"><span style=\"color: #ff0000\">\u00a0Download<\/span><\/a><\/strong><\/h3>\n<\/li>\n<li>\n<h3><strong>EDITAL 02\/2021 DIRETORIA: \u00a0<a href=\"http:\/\/www.odonto.ufmg.br\/colgrad\/wp-content\/uploads\/sites\/3\/2021\/01\/2021EDITAL02-complementaraoEdital13-2020.pdf\"><span style=\"color: #ff0000\">Download<\/span><\/a><\/strong><\/h3>\n<\/li>\n<li>\n<h3><strong>EDITAL 13\/2020 DIRETORIA: \u00a0<span style=\"color: #ff0000\"><a href=\"http:\/\/www.odonto.ufmg.br\/colgrad\/wp-content\/uploads\/sites\/3\/2020\/12\/2020-EDITAL-13-eleicao-Coordenacao-COLGRAD.pdf\">Download<\/a><\/span><\/strong><\/h3>\n<\/li>\n<\/ul>\n<ul>\n<li>\n<h3><strong>Termo de inscric\u0327a\u0303o eleic\u0327a\u0303o Coordenac\u0327a\u0303o Geral do COLGRAD FAO UFMG<\/strong><\/h3>\n<h3><strong>PDF:\u00a0 \u00a0 \u00a0 \u00a0<\/strong><a href=\"http:\/\/www.odonto.ufmg.br\/colgrad\/wp-content\/uploads\/sites\/3\/2021\/01\/termo.pdf\"><strong><span style=\"color: #ff0000\">\u00a0Download<\/span><\/strong><\/a><\/h3>\n<h3><strong>Word:<\/strong>\u00a0 \u00a0 \u00a0<a href=\"https:\/\/www.odonto.ufmg.br\/tcc\/wp-content\/uploads\/sites\/14\/2021\/01\/termo.docx\"><span style=\"color: #ff0000\">Download<\/span><\/a><\/h3>\n<\/li>\n<\/ul>\n<ul>\n<li>\n<h3><strong>Declarac\u0327a\u0303o de aceite do cargo Coordenadac\u0327a\u0303o e Subcoordenac\u0327a\u0303o COLGRAD FAO UFMG<\/strong><\/h3>\n<h3><strong>PDF:\u00a0 \u00a0\u00a0 \u00a0\u00a0 <\/strong><a href=\"http:\/\/www.odonto.ufmg.br\/colgrad\/wp-content\/uploads\/sites\/3\/2021\/01\/declaracao.pdf\"><strong><span style=\"color: #ff0000\">Download<\/span><\/strong><\/a><\/h3>\n<h3><strong>Word:<\/strong>\u00a0 \u00a0 \u00a0<span style=\"color: #ff0000\"><a href=\"https:\/\/www.odonto.ufmg.br\/tcc\/wp-content\/uploads\/sites\/14\/2021\/01\/declaracao.docx\">Download<\/a><\/span><\/h3>\n<\/li>\n<\/ul>\n<\/div><\/section>\n","protected":false},"excerpt":{"rendered":"","protected":false},"author":20,"featured_media":0,"parent":0,"menu_order":0,"comment_status":"closed","ping_status":"closed","template":"","meta":{"inline_featured_image":false,"footnotes":""},"class_list":["post-1650","page","type-page","status-publish","hentry"],"yoast_head":"<!-- This site is optimized with the Yoast SEO plugin v27.5 - https:\/\/yoast.com\/product\/yoast-seo-wordpress\/ -->\n<title>Elei\u00e7\u00e3o 2021\/2023 - Colegiado de Gradua\u00e7\u00e3o<\/title>\n<meta name=\"robots\" content=\"index, follow, max-snippet:-1, max-image-preview:large, max-video-preview:-1\" \/>\n<link rel=\"canonical\" href=\"https:\/\/www.odonto.ufmg.br\/colgrad\/eleicao-2021-2023\/\" \/>\n<meta property=\"og:locale\" content=\"pt_BR\" \/>\n<meta property=\"og:type\" content=\"article\" \/>\n<meta property=\"og:title\" content=\"Elei\u00e7\u00e3o 2021\/2023 - Colegiado de Gradua\u00e7\u00e3o\" \/>\n<meta property=\"og:url\" content=\"https:\/\/www.odonto.ufmg.br\/colgrad\/eleicao-2021-2023\/\" \/>\n<meta property=\"og:site_name\" content=\"Colegiado de Gradua\u00e7\u00e3o\" \/>\n<meta property=\"article:modified_time\" content=\"2021-01-22T18:30:00+00:00\" \/>\n<meta name=\"twitter:card\" content=\"summary_large_image\" \/>\n<meta name=\"twitter:label1\" content=\"Est. tempo de leitura\" \/>\n\t<meta name=\"twitter:data1\" content=\"1 minuto\" \/>\n<script type=\"application\/ld+json\" class=\"yoast-schema-graph\">{\"@context\":\"https:\\\/\\\/schema.org\",\"@graph\":[{\"@type\":\"WebPage\",\"@id\":\"https:\\\/\\\/www.odonto.ufmg.br\\\/colgrad\\\/eleicao-2021-2023\\\/\",\"url\":\"https:\\\/\\\/www.odonto.ufmg.br\\\/colgrad\\\/eleicao-2021-2023\\\/\",\"name\":\"Elei\u00e7\u00e3o 2021\\\/2023 - Colegiado de Gradua\u00e7\u00e3o\",\"isPartOf\":{\"@id\":\"https:\\\/\\\/www.odonto.ufmg.br\\\/colgrad\\\/#website\"},\"datePublished\":\"2020-12-28T20:45:53+00:00\",\"dateModified\":\"2021-01-22T18:30:00+00:00\",\"breadcrumb\":{\"@id\":\"https:\\\/\\\/www.odonto.ufmg.br\\\/colgrad\\\/eleicao-2021-2023\\\/#breadcrumb\"},\"inLanguage\":\"pt-BR\",\"potentialAction\":[{\"@type\":\"ReadAction\",\"target\":[\"https:\\\/\\\/www.odonto.ufmg.br\\\/colgrad\\\/eleicao-2021-2023\\\/\"]}]},{\"@type\":\"BreadcrumbList\",\"@id\":\"https:\\\/\\\/www.odonto.ufmg.br\\\/colgrad\\\/eleicao-2021-2023\\\/#breadcrumb\",\"itemListElement\":[{\"@type\":\"ListItem\",\"position\":1,\"name\":\"In\u00edcio\",\"item\":\"https:\\\/\\\/www.odonto.ufmg.br\\\/colgrad\\\/inicio\\\/\"},{\"@type\":\"ListItem\",\"position\":2,\"name\":\"Elei\u00e7\u00e3o 2021\\\/2023\"}]},{\"@type\":\"WebSite\",\"@id\":\"https:\\\/\\\/www.odonto.ufmg.br\\\/colgrad\\\/#website\",\"url\":\"https:\\\/\\\/www.odonto.ufmg.br\\\/colgrad\\\/\",\"name\":\"Colegiado de Gradua\u00e7\u00e3o\",\"description\":\"Faculdade de Odontologia UFMG\",\"potentialAction\":[{\"@type\":\"SearchAction\",\"target\":{\"@type\":\"EntryPoint\",\"urlTemplate\":\"https:\\\/\\\/www.odonto.ufmg.br\\\/colgrad\\\/?s={search_term_string}\"},\"query-input\":{\"@type\":\"PropertyValueSpecification\",\"valueRequired\":true,\"valueName\":\"search_term_string\"}}],\"inLanguage\":\"pt-BR\"}]}<\/script>\n<!-- \/ Yoast SEO plugin. -->","yoast_head_json":{"title":"Elei\u00e7\u00e3o 2021\/2023 - Colegiado de Gradua\u00e7\u00e3o","robots":{"index":"index","follow":"follow","max-snippet":"max-snippet:-1","max-image-preview":"max-image-preview:large","max-video-preview":"max-video-preview:-1"},"canonical":"https:\/\/www.odonto.ufmg.br\/colgrad\/eleicao-2021-2023\/","og_locale":"pt_BR","og_type":"article","og_title":"Elei\u00e7\u00e3o 2021\/2023 - Colegiado de Gradua\u00e7\u00e3o","og_url":"https:\/\/www.odonto.ufmg.br\/colgrad\/eleicao-2021-2023\/","og_site_name":"Colegiado de Gradua\u00e7\u00e3o","article_modified_time":"2021-01-22T18:30:00+00:00","twitter_card":"summary_large_image","twitter_misc":{"Est. tempo de leitura":"1 minuto"},"schema":{"@context":"https:\/\/schema.org","@graph":[{"@type":"WebPage","@id":"https:\/\/www.odonto.ufmg.br\/colgrad\/eleicao-2021-2023\/","url":"https:\/\/www.odonto.ufmg.br\/colgrad\/eleicao-2021-2023\/","name":"Elei\u00e7\u00e3o 2021\/2023 - Colegiado de Gradua\u00e7\u00e3o","isPartOf":{"@id":"https:\/\/www.odonto.ufmg.br\/colgrad\/#website"},"datePublished":"2020-12-28T20:45:53+00:00","dateModified":"2021-01-22T18:30:00+00:00","breadcrumb":{"@id":"https:\/\/www.odonto.ufmg.br\/colgrad\/eleicao-2021-2023\/#breadcrumb"},"inLanguage":"pt-BR","potentialAction":[{"@type":"ReadAction","target":["https:\/\/www.odonto.ufmg.br\/colgrad\/eleicao-2021-2023\/"]}]},{"@type":"BreadcrumbList","@id":"https:\/\/www.odonto.ufmg.br\/colgrad\/eleicao-2021-2023\/#breadcrumb","itemListElement":[{"@type":"ListItem","position":1,"name":"In\u00edcio","item":"https:\/\/www.odonto.ufmg.br\/colgrad\/inicio\/"},{"@type":"ListItem","position":2,"name":"Elei\u00e7\u00e3o 2021\/2023"}]},{"@type":"WebSite","@id":"https:\/\/www.odonto.ufmg.br\/colgrad\/#website","url":"https:\/\/www.odonto.ufmg.br\/colgrad\/","name":"Colegiado de Gradua\u00e7\u00e3o","description":"Faculdade de Odontologia UFMG","potentialAction":[{"@type":"SearchAction","target":{"@type":"EntryPoint","urlTemplate":"https:\/\/www.odonto.ufmg.br\/colgrad\/?s={search_term_string}"},"query-input":{"@type":"PropertyValueSpecification","valueRequired":true,"valueName":"search_term_string"}}],"inLanguage":"pt-BR"}]}},"_links":{"self":[{"href":"https:\/\/www.odonto.ufmg.br\/colgrad\/wp-json\/wp\/v2\/pages\/1650","targetHints":{"allow":["GET"]}}],"collection":[{"href":"https:\/\/www.odonto.ufmg.br\/colgrad\/wp-json\/wp\/v2\/pages"}],"about":[{"href":"https:\/\/www.odonto.ufmg.br\/colgrad\/wp-json\/wp\/v2\/types\/page"}],"author":[{"embeddable":true,"href":"https:\/\/www.odonto.ufmg.br\/colgrad\/wp-json\/wp\/v2\/users\/20"}],"replies":[{"embeddable":true,"href":"https:\/\/www.odonto.ufmg.br\/colgrad\/wp-json\/wp\/v2\/comments?post=1650"}],"version-history":[{"count":22,"href":"https:\/\/www.odonto.ufmg.br\/colgrad\/wp-json\/wp\/v2\/pages\/1650\/revisions"}],"predecessor-version":[{"id":1833,"href":"https:\/\/www.odonto.ufmg.br\/colgrad\/wp-json\/wp\/v2\/pages\/1650\/revisions\/1833"}],"wp:attachment":[{"href":"https:\/\/www.odonto.ufmg.br\/colgrad\/wp-json\/wp\/v2\/media?parent=1650"}],"curies":[{"name":"wp","href":"https:\/\/api.w.org\/{rel}","templated":true}]}}