{"id":1561,"date":"2020-06-15T11:30:38","date_gmt":"2020-06-15T14:30:38","guid":{"rendered":"http:\/\/www.odonto.ufmg.br\/colgrad\/?page_id=1561"},"modified":"2025-11-07T12:53:42","modified_gmt":"2025-11-07T15:53:42","slug":"nde","status":"publish","type":"page","link":"https:\/\/www.odonto.ufmg.br\/colgrad\/nde\/","title":{"rendered":"NDE"},"content":{"rendered":"\n<style type=\"text\/css\" data-created_by=\"avia_inline_auto\" id=\"style-css-av-3358ex-eb917fc05033b63026eff16b77fcb8c2\">\n#top .av-special-heading.av-3358ex-eb917fc05033b63026eff16b77fcb8c2{\npadding-bottom:10px;\n}\nbody .av-special-heading.av-3358ex-eb917fc05033b63026eff16b77fcb8c2 .av-special-heading-tag .heading-char{\nfont-size:25px;\n}\n.av-special-heading.av-3358ex-eb917fc05033b63026eff16b77fcb8c2 .av-subheading{\nfont-size:15px;\n}\n<\/style>\n<div  class='av-special-heading av-3358ex-eb917fc05033b63026eff16b77fcb8c2 av-special-heading-h1  avia-builder-el-0  el_before_av_promobox  avia-builder-el-first '><h1 class='av-special-heading-tag '  itemprop=\"headline\"  >N\u00daCLEO DOCENTE ESTRUTURANTE DA FAO UFMG<\/h1><div class=\"special-heading-border\"><div class=\"special-heading-inner-border\"><\/div><\/div><\/div>\n<div  class='av_promobox av-kbgkvbda-9ed4310041ed90bb69a897b7e5747eba avia-button-yes  avia-builder-el-1  el_after_av_heading  el_before_av_promobox '><div class='avia-promocontent'><p>\nCOMPOSI\u00c7\u00c3O<\/p>\n<\/div><div  class='avia-button-wrap av-kbgkvbda-e10f24224a7254457cf0ad77f6c8063d-wrap avia-button-right '>\n<style type=\"text\/css\" data-created_by=\"avia_inline_auto\" id=\"style-css-av-kbgkvbda-e10f24224a7254457cf0ad77f6c8063d\">\n#top #wrap_all .avia-button.av-kbgkvbda-e10f24224a7254457cf0ad77f6c8063d{\nbackground-color:#800000;\nborder-color:#800000;\ncolor:#ffffff;\ntransition:all 0.4s ease-in-out;\n}\n#top #wrap_all .avia-button.av-kbgkvbda-e10f24224a7254457cf0ad77f6c8063d .avia-svg-icon svg:first-child{\nfill:#ffffff;\nstroke:#ffffff;\n}\n<\/style>\n<a href='https:\/\/www.odonto.ufmg.br\/colgrad\/nde-composicao\/'  class='avia-button av-kbgkvbda-e10f24224a7254457cf0ad77f6c8063d av-link-btn avia-icon_select-no avia-size-large avia-position-right'   aria-label=\"Acessar\"><span class='avia_iconbox_title' >Acessar<\/span><\/a><\/div><\/div>\n<div  class='av_promobox av-mhp18qpz-c496920dc91fff0ccce181a5f617da15 avia-button-yes  avia-builder-el-2  el_after_av_promobox  el_before_av_promobox '><div class='avia-promocontent'><p>\nATAS<\/p>\n<\/div><div  class='avia-button-wrap av-mhp18qpz-63f0f94cd458d69e8de27d58cbf0c0bd-wrap avia-button-right '>\n<style type=\"text\/css\" data-created_by=\"avia_inline_auto\" id=\"style-css-av-mhp18qpz-63f0f94cd458d69e8de27d58cbf0c0bd\">\n#top #wrap_all .avia-button.av-mhp18qpz-63f0f94cd458d69e8de27d58cbf0c0bd{\nbackground-color:#800000;\nborder-color:#800000;\ncolor:#ffffff;\ntransition:all 0.4s ease-in-out;\n}\n#top #wrap_all .avia-button.av-mhp18qpz-63f0f94cd458d69e8de27d58cbf0c0bd .avia-svg-icon svg:first-child{\nfill:#ffffff;\nstroke:#ffffff;\n}\n<\/style>\n<a href='https:\/\/www.odonto.ufmg.br\/colgrad\/liga-academica-2\/'  class='avia-button av-mhp18qpz-63f0f94cd458d69e8de27d58cbf0c0bd av-link-btn avia-icon_select-no avia-size-large avia-position-right'   aria-label=\"Acessar\"><span class='avia_iconbox_title' >Acessar<\/span><\/a><\/div><\/div>\n<div  class='av_promobox av-kbgkvbda-1-ee77c24b668cd5f8b581da26ab9af3b7 avia-button-no  avia-builder-el-3  el_after_av_promobox  avia-builder-el-last '><div class='avia-promocontent'><p>\n<strong>S\u00e3o atribui\u00e7\u00f5es do NDE:<\/strong><\/p>\n<p><strong>1<\/strong> &#8211; propor ao Colegiado do Curso medidas que preservem a atualidade do Projeto Pedag\u00f3gico do Curso (PPC), em face das demandas e possibilidades do campo de atua\u00e7\u00e3o profissional e da sociedade, em sentido amplo;<\/p>\n<p><strong>2<\/strong> &#8211; avaliar e contribuir sistematicamente para a consolida\u00e7\u00e3o do perfil profissional do egresso, considerando as Diretrizes Curriculares Nacionais, bem como a necessidade de promo\u00e7\u00e3o do desenvolvimento de compet\u00eancias, visando a adequada inser\u00e7\u00e3o social e profissional em seu campo de atua\u00e7\u00e3o;<\/p>\n<p><strong>3<\/strong> &#8211; implementar, junto ao Colegiado do Curso, a\u00e7\u00f5es que viabilizem as pol\u00edticas necess\u00e1rias \u00e0 efetiva\u00e7\u00e3o da flexibiliza\u00e7\u00e3o curricular;<\/p>\n<p><strong>4<\/strong> &#8211; criar estrat\u00e9gias para viabilizar a articula\u00e7\u00e3o entre o ensino, a extens\u00e3o, a pesquisa e a p\u00f3s-gradua\u00e7\u00e3o, considerando as demandas espec\u00edficas do curso e de cada \u00e1rea do conhecimento;<\/p>\n<p><strong>5<\/strong> &#8211; realizar anualmente uma atividade de avalia\u00e7\u00e3o do curso com participa\u00e7\u00e3o da comunidade acad\u00eamica que resulte em relat\u00f3rio, aprovado pelo Colegiado de Gradua\u00e7\u00e3o, a ser enviado \u00e0 Comiss\u00e3o Pr\u00f3pria de Avalia\u00e7\u00e3o (CPA) da UFMG.<\/p>\n<p><a class=\"file-to-download\" href=\"http:\/\/www.odonto.ufmg.br\/colgrad\/wp-content\/uploads\/sites\/3\/2022\/11\/10rescepe2018NDE.pdf\">Acesse aqui<\/a>\u00a0a resolu\u00e7\u00e3o do CEPE que institui e regulamenta as fun\u00e7\u00f5es do NDE<\/p>\n<\/div><\/div>\n","protected":false},"excerpt":{"rendered":"","protected":false},"author":20,"featured_media":0,"parent":0,"menu_order":0,"comment_status":"closed","ping_status":"closed","template":"","meta":{"inline_featured_image":false,"footnotes":""},"class_list":["post-1561","page","type-page","status-publish","hentry"],"yoast_head":"<!-- This site is optimized with the Yoast SEO plugin v27.3 - https:\/\/yoast.com\/product\/yoast-seo-wordpress\/ -->\n<title>NDE - Colegiado de Gradua\u00e7\u00e3o<\/title>\n<meta name=\"robots\" content=\"index, follow, max-snippet:-1, max-image-preview:large, max-video-preview:-1\" \/>\n<link rel=\"canonical\" href=\"https:\/\/www.odonto.ufmg.br\/colgrad\/nde\/\" \/>\n<meta property=\"og:locale\" content=\"pt_BR\" \/>\n<meta property=\"og:type\" content=\"article\" \/>\n<meta property=\"og:title\" content=\"NDE - Colegiado de Gradua\u00e7\u00e3o\" \/>\n<meta property=\"og:url\" content=\"https:\/\/www.odonto.ufmg.br\/colgrad\/nde\/\" \/>\n<meta property=\"og:site_name\" content=\"Colegiado de Gradua\u00e7\u00e3o\" \/>\n<meta property=\"article:modified_time\" content=\"2025-11-07T15:53:42+00:00\" \/>\n<meta name=\"twitter:card\" content=\"summary_large_image\" \/>\n<meta name=\"twitter:label1\" content=\"Est. tempo de leitura\" \/>\n\t<meta name=\"twitter:data1\" content=\"2 minutos\" \/>\n<script type=\"application\/ld+json\" class=\"yoast-schema-graph\">{\"@context\":\"https:\\\/\\\/schema.org\",\"@graph\":[{\"@type\":\"WebPage\",\"@id\":\"https:\\\/\\\/www.odonto.ufmg.br\\\/colgrad\\\/nde\\\/\",\"url\":\"https:\\\/\\\/www.odonto.ufmg.br\\\/colgrad\\\/nde\\\/\",\"name\":\"NDE - Colegiado de Gradua\u00e7\u00e3o\",\"isPartOf\":{\"@id\":\"https:\\\/\\\/www.odonto.ufmg.br\\\/colgrad\\\/#website\"},\"datePublished\":\"2020-06-15T14:30:38+00:00\",\"dateModified\":\"2025-11-07T15:53:42+00:00\",\"breadcrumb\":{\"@id\":\"https:\\\/\\\/www.odonto.ufmg.br\\\/colgrad\\\/nde\\\/#breadcrumb\"},\"inLanguage\":\"pt-BR\",\"potentialAction\":[{\"@type\":\"ReadAction\",\"target\":[\"https:\\\/\\\/www.odonto.ufmg.br\\\/colgrad\\\/nde\\\/\"]}]},{\"@type\":\"BreadcrumbList\",\"@id\":\"https:\\\/\\\/www.odonto.ufmg.br\\\/colgrad\\\/nde\\\/#breadcrumb\",\"itemListElement\":[{\"@type\":\"ListItem\",\"position\":1,\"name\":\"In\u00edcio\",\"item\":\"https:\\\/\\\/www.odonto.ufmg.br\\\/colgrad\\\/inicio\\\/\"},{\"@type\":\"ListItem\",\"position\":2,\"name\":\"NDE\"}]},{\"@type\":\"WebSite\",\"@id\":\"https:\\\/\\\/www.odonto.ufmg.br\\\/colgrad\\\/#website\",\"url\":\"https:\\\/\\\/www.odonto.ufmg.br\\\/colgrad\\\/\",\"name\":\"Colegiado de Gradua\u00e7\u00e3o\",\"description\":\"Faculdade de Odontologia UFMG\",\"potentialAction\":[{\"@type\":\"SearchAction\",\"target\":{\"@type\":\"EntryPoint\",\"urlTemplate\":\"https:\\\/\\\/www.odonto.ufmg.br\\\/colgrad\\\/?s={search_term_string}\"},\"query-input\":{\"@type\":\"PropertyValueSpecification\",\"valueRequired\":true,\"valueName\":\"search_term_string\"}}],\"inLanguage\":\"pt-BR\"}]}<\/script>\n<!-- \/ Yoast SEO plugin. -->","yoast_head_json":{"title":"NDE - Colegiado de Gradua\u00e7\u00e3o","robots":{"index":"index","follow":"follow","max-snippet":"max-snippet:-1","max-image-preview":"max-image-preview:large","max-video-preview":"max-video-preview:-1"},"canonical":"https:\/\/www.odonto.ufmg.br\/colgrad\/nde\/","og_locale":"pt_BR","og_type":"article","og_title":"NDE - Colegiado de Gradua\u00e7\u00e3o","og_url":"https:\/\/www.odonto.ufmg.br\/colgrad\/nde\/","og_site_name":"Colegiado de Gradua\u00e7\u00e3o","article_modified_time":"2025-11-07T15:53:42+00:00","twitter_card":"summary_large_image","twitter_misc":{"Est. tempo de leitura":"2 minutos"},"schema":{"@context":"https:\/\/schema.org","@graph":[{"@type":"WebPage","@id":"https:\/\/www.odonto.ufmg.br\/colgrad\/nde\/","url":"https:\/\/www.odonto.ufmg.br\/colgrad\/nde\/","name":"NDE - Colegiado de Gradua\u00e7\u00e3o","isPartOf":{"@id":"https:\/\/www.odonto.ufmg.br\/colgrad\/#website"},"datePublished":"2020-06-15T14:30:38+00:00","dateModified":"2025-11-07T15:53:42+00:00","breadcrumb":{"@id":"https:\/\/www.odonto.ufmg.br\/colgrad\/nde\/#breadcrumb"},"inLanguage":"pt-BR","potentialAction":[{"@type":"ReadAction","target":["https:\/\/www.odonto.ufmg.br\/colgrad\/nde\/"]}]},{"@type":"BreadcrumbList","@id":"https:\/\/www.odonto.ufmg.br\/colgrad\/nde\/#breadcrumb","itemListElement":[{"@type":"ListItem","position":1,"name":"In\u00edcio","item":"https:\/\/www.odonto.ufmg.br\/colgrad\/inicio\/"},{"@type":"ListItem","position":2,"name":"NDE"}]},{"@type":"WebSite","@id":"https:\/\/www.odonto.ufmg.br\/colgrad\/#website","url":"https:\/\/www.odonto.ufmg.br\/colgrad\/","name":"Colegiado de Gradua\u00e7\u00e3o","description":"Faculdade de Odontologia UFMG","potentialAction":[{"@type":"SearchAction","target":{"@type":"EntryPoint","urlTemplate":"https:\/\/www.odonto.ufmg.br\/colgrad\/?s={search_term_string}"},"query-input":{"@type":"PropertyValueSpecification","valueRequired":true,"valueName":"search_term_string"}}],"inLanguage":"pt-BR"}]}},"_links":{"self":[{"href":"https:\/\/www.odonto.ufmg.br\/colgrad\/wp-json\/wp\/v2\/pages\/1561","targetHints":{"allow":["GET"]}}],"collection":[{"href":"https:\/\/www.odonto.ufmg.br\/colgrad\/wp-json\/wp\/v2\/pages"}],"about":[{"href":"https:\/\/www.odonto.ufmg.br\/colgrad\/wp-json\/wp\/v2\/types\/page"}],"author":[{"embeddable":true,"href":"https:\/\/www.odonto.ufmg.br\/colgrad\/wp-json\/wp\/v2\/users\/20"}],"replies":[{"embeddable":true,"href":"https:\/\/www.odonto.ufmg.br\/colgrad\/wp-json\/wp\/v2\/comments?post=1561"}],"version-history":[{"count":17,"href":"https:\/\/www.odonto.ufmg.br\/colgrad\/wp-json\/wp\/v2\/pages\/1561\/revisions"}],"predecessor-version":[{"id":3561,"href":"https:\/\/www.odonto.ufmg.br\/colgrad\/wp-json\/wp\/v2\/pages\/1561\/revisions\/3561"}],"wp:attachment":[{"href":"https:\/\/www.odonto.ufmg.br\/colgrad\/wp-json\/wp\/v2\/media?parent=1561"}],"curies":[{"name":"wp","href":"https:\/\/api.w.org\/{rel}","templated":true}]}}