{"id":1532,"date":"2020-04-08T18:33:29","date_gmt":"2020-04-08T21:33:29","guid":{"rendered":"http:\/\/www.odonto.ufmg.br\/colgrad\/?page_id=1532"},"modified":"2020-04-08T18:33:29","modified_gmt":"2020-04-08T21:33:29","slug":"autenticacao-de-documentos","status":"publish","type":"page","link":"https:\/\/www.odonto.ufmg.br\/colgrad\/autenticacao-de-documentos\/","title":{"rendered":"Autentica\u00e7\u00e3o de documentos"},"content":{"rendered":"\n<style type=\"text\/css\" data-created_by=\"avia_inline_auto\" id=\"style-css-av-av_heading-54da9c67942000d782f75bd0e5c0888a\">\n#top .av-special-heading.av-av_heading-54da9c67942000d782f75bd0e5c0888a{\npadding-bottom:10px;\n}\nbody .av-special-heading.av-av_heading-54da9c67942000d782f75bd0e5c0888a .av-special-heading-tag .heading-char{\nfont-size:25px;\n}\n.av-special-heading.av-av_heading-54da9c67942000d782f75bd0e5c0888a .av-subheading{\nfont-size:15px;\n}\n<\/style>\n<div  class='av-special-heading av-av_heading-54da9c67942000d782f75bd0e5c0888a av-special-heading-h1 blockquote modern-quote modern-centered  avia-builder-el-0  el_before_av_progress  avia-builder-el-first '><h1 class='av-special-heading-tag '  itemprop=\"headline\"  >AUTENTICA\u00c7\u00c3O DE DOCUMENTOS<\/h1><div class=\"special-heading-border\"><div class=\"special-heading-inner-border\"><\/div><\/div><\/div>\n\n<style type=\"text\/css\" data-created_by=\"avia_inline_auto\" id=\"style-css-sub-av-k8ru6r42-9dda50b54f477c8993a8e8829141f620\">\n#top .avia-progress-bar-container .avia-progress-bar.av-87dwc-d7fad1c4c53935709a7a8229d2186140 .bar{\nwidth:100%;\nbackground-image: linear-gradient( -45deg, #B02B2C 25%, #D24D4E 25%, #D24D4E 50%, #B02B2C 50%, #B02B2C 75%, #D24D4E 75%, #D24D4E );\nbackground-image: linear-gradient( -45deg, #B02B2C 25%, #D24D4E 25%, #D24D4E 50%, #B02B2C 50%, #B02B2C 75%, #D24D4E 75%, #D24D4E );\nbackground-color:#B02B2C;\n}\n<\/style>\n<div  class='avia-progress-bar-container av-k8ru6r42-9dda50b54f477c8993a8e8829141f620 av-striped-bar av-animated-bar avia_animate_when_almost_visible  avia-builder-el-1  el_after_av_heading  el_before_av_textblock '><div class='avia-progress-bar av-87dwc-d7fad1c4c53935709a7a8229d2186140 icon-bar-no red-bar icon-bar-no'><div class=\"progress\"><div class=\"bar-outer\"><div class='bar' data-progress='100'><\/div><\/div><\/div><\/div><\/div>\n<section  class='av_textblock_section av-k8rugdj0-38eaf9136139d45a424485878bf94948 '   itemscope=\"itemscope\" itemtype=\"https:\/\/schema.org\/CreativeWork\" ><div class='avia_textblock'  itemprop=\"text\" ><p>O m\u00f3dulo de Autentica\u00e7\u00e3o de Documentos foi projetado para permitir ao aluno emitir documentos que podem ser, posteriormente, autenticados por quaisquer usu\u00e1rios internos e externos \u00e0 Universidade Federal de Minas Gerais (UFMG).<\/p>\n<p>Para que a emiss\u00e3o e a autentica\u00e7\u00e3o dos documentos se tornem mais seguros foi adicionado um c\u00f3digo de autentica\u00e7\u00e3o e seu respectivo Quick\u00a0 Response Code (QR\u00a0 Code), todos capazes de recuperar o documento\u00a0 original\u00a0 emitido\u00a0 pela\u00a0 UFMG, permitindo sua valida\u00e7\u00e3o e autentica\u00e7\u00e3o com seguran\u00e7a. Os benefici\u00e1rios diretos s\u00e3o os alunos e servidores da institui\u00e7\u00e3o (colegiado e se\u00e7\u00e3o de ensino), bem como a comunidade externa que poder\u00e1 usar esse meio de autentica\u00e7\u00e3o com um n\u00edvel de seguran\u00e7a suficiente.<\/p>\n<p><strong>COMO AUTENTICAR O COMPROVANTE DE MATR\u00cdCULA<\/strong><\/p>\n<p>O comprovante de matr\u00edcula pode ser autenticado atrav\u00e9s da leitura do c\u00f3digo Qr Code ou manualmente inserindo o c\u00f3digo de autentica\u00e7\u00e3o gerado no comprovante de matr\u00edcula em um navegador Web.<\/p>\n<p>Caso o c\u00f3digo inserido ou o Qr\u00a0 Code\u00a0 lido\u00a0 esteja\u00a0 v\u00e1lido,\u00a0 o\u00a0 sistema\u00a0 de\u00a0 autentica\u00e7\u00e3o informa que o documento foi encontrado e autenticado com sucesso e disponibiliza um arquivo,\u00a0 ao\u00a0 acionar\u00a0 o\u00a0 comando\u00a0 \u201cDOWNLOAD\u201d,\u00a0 com\u00a0 os\u00a0 dados\u00a0 para\u00a0 confer\u00eancia\u00a0 do comprovante de matr\u00edcula emitido. Destaca-se que todas as informa\u00e7\u00f5es contidas neste arquivo devem ser iguais aos dados do comprovante de matr\u00edcula gerado pelo aluno, pois qualquer diverg\u00eancia caracteriza a viola\u00e7\u00e3o\u00a0 do documento.<\/p>\n<p>INSTRU\u00c7\u00d5ES DO M\u00d3DULO: <a href=\"http:\/\/www.odonto.ufmg.br\/colgrad\/wp-content\/uploads\/sites\/3\/2020\/04\/manual-documentos-autenticaveis-aluno-1.pdf\">download<\/a><\/p>\n<\/div><\/section>\n","protected":false},"excerpt":{"rendered":"","protected":false},"author":20,"featured_media":0,"parent":0,"menu_order":0,"comment_status":"closed","ping_status":"closed","template":"","meta":{"inline_featured_image":false,"footnotes":""},"class_list":["post-1532","page","type-page","status-publish","hentry"],"yoast_head":"<!-- This site is optimized with the Yoast SEO plugin v27.3 - https:\/\/yoast.com\/product\/yoast-seo-wordpress\/ -->\n<title>Autentica\u00e7\u00e3o de documentos - Colegiado de Gradua\u00e7\u00e3o<\/title>\n<meta name=\"robots\" content=\"index, follow, max-snippet:-1, max-image-preview:large, max-video-preview:-1\" \/>\n<link rel=\"canonical\" href=\"https:\/\/www.odonto.ufmg.br\/colgrad\/autenticacao-de-documentos\/\" \/>\n<meta property=\"og:locale\" content=\"pt_BR\" \/>\n<meta property=\"og:type\" content=\"article\" \/>\n<meta property=\"og:title\" content=\"Autentica\u00e7\u00e3o de documentos - Colegiado de Gradua\u00e7\u00e3o\" \/>\n<meta property=\"og:url\" content=\"https:\/\/www.odonto.ufmg.br\/colgrad\/autenticacao-de-documentos\/\" \/>\n<meta property=\"og:site_name\" content=\"Colegiado de Gradua\u00e7\u00e3o\" \/>\n<meta name=\"twitter:card\" content=\"summary_large_image\" \/>\n<meta name=\"twitter:label1\" content=\"Est. tempo de leitura\" \/>\n\t<meta name=\"twitter:data1\" content=\"2 minutos\" \/>\n<script type=\"application\/ld+json\" class=\"yoast-schema-graph\">{\"@context\":\"https:\\\/\\\/schema.org\",\"@graph\":[{\"@type\":\"WebPage\",\"@id\":\"https:\\\/\\\/www.odonto.ufmg.br\\\/colgrad\\\/autenticacao-de-documentos\\\/\",\"url\":\"https:\\\/\\\/www.odonto.ufmg.br\\\/colgrad\\\/autenticacao-de-documentos\\\/\",\"name\":\"Autentica\u00e7\u00e3o de documentos - Colegiado de Gradua\u00e7\u00e3o\",\"isPartOf\":{\"@id\":\"https:\\\/\\\/www.odonto.ufmg.br\\\/colgrad\\\/#website\"},\"datePublished\":\"2020-04-08T21:33:29+00:00\",\"breadcrumb\":{\"@id\":\"https:\\\/\\\/www.odonto.ufmg.br\\\/colgrad\\\/autenticacao-de-documentos\\\/#breadcrumb\"},\"inLanguage\":\"pt-BR\",\"potentialAction\":[{\"@type\":\"ReadAction\",\"target\":[\"https:\\\/\\\/www.odonto.ufmg.br\\\/colgrad\\\/autenticacao-de-documentos\\\/\"]}]},{\"@type\":\"BreadcrumbList\",\"@id\":\"https:\\\/\\\/www.odonto.ufmg.br\\\/colgrad\\\/autenticacao-de-documentos\\\/#breadcrumb\",\"itemListElement\":[{\"@type\":\"ListItem\",\"position\":1,\"name\":\"In\u00edcio\",\"item\":\"https:\\\/\\\/www.odonto.ufmg.br\\\/colgrad\\\/inicio\\\/\"},{\"@type\":\"ListItem\",\"position\":2,\"name\":\"Autentica\u00e7\u00e3o de documentos\"}]},{\"@type\":\"WebSite\",\"@id\":\"https:\\\/\\\/www.odonto.ufmg.br\\\/colgrad\\\/#website\",\"url\":\"https:\\\/\\\/www.odonto.ufmg.br\\\/colgrad\\\/\",\"name\":\"Colegiado de Gradua\u00e7\u00e3o\",\"description\":\"Faculdade de Odontologia UFMG\",\"potentialAction\":[{\"@type\":\"SearchAction\",\"target\":{\"@type\":\"EntryPoint\",\"urlTemplate\":\"https:\\\/\\\/www.odonto.ufmg.br\\\/colgrad\\\/?s={search_term_string}\"},\"query-input\":{\"@type\":\"PropertyValueSpecification\",\"valueRequired\":true,\"valueName\":\"search_term_string\"}}],\"inLanguage\":\"pt-BR\"}]}<\/script>\n<!-- \/ Yoast SEO plugin. -->","yoast_head_json":{"title":"Autentica\u00e7\u00e3o de documentos - Colegiado de Gradua\u00e7\u00e3o","robots":{"index":"index","follow":"follow","max-snippet":"max-snippet:-1","max-image-preview":"max-image-preview:large","max-video-preview":"max-video-preview:-1"},"canonical":"https:\/\/www.odonto.ufmg.br\/colgrad\/autenticacao-de-documentos\/","og_locale":"pt_BR","og_type":"article","og_title":"Autentica\u00e7\u00e3o de documentos - Colegiado de Gradua\u00e7\u00e3o","og_url":"https:\/\/www.odonto.ufmg.br\/colgrad\/autenticacao-de-documentos\/","og_site_name":"Colegiado de Gradua\u00e7\u00e3o","twitter_card":"summary_large_image","twitter_misc":{"Est. tempo de leitura":"2 minutos"},"schema":{"@context":"https:\/\/schema.org","@graph":[{"@type":"WebPage","@id":"https:\/\/www.odonto.ufmg.br\/colgrad\/autenticacao-de-documentos\/","url":"https:\/\/www.odonto.ufmg.br\/colgrad\/autenticacao-de-documentos\/","name":"Autentica\u00e7\u00e3o de documentos - Colegiado de Gradua\u00e7\u00e3o","isPartOf":{"@id":"https:\/\/www.odonto.ufmg.br\/colgrad\/#website"},"datePublished":"2020-04-08T21:33:29+00:00","breadcrumb":{"@id":"https:\/\/www.odonto.ufmg.br\/colgrad\/autenticacao-de-documentos\/#breadcrumb"},"inLanguage":"pt-BR","potentialAction":[{"@type":"ReadAction","target":["https:\/\/www.odonto.ufmg.br\/colgrad\/autenticacao-de-documentos\/"]}]},{"@type":"BreadcrumbList","@id":"https:\/\/www.odonto.ufmg.br\/colgrad\/autenticacao-de-documentos\/#breadcrumb","itemListElement":[{"@type":"ListItem","position":1,"name":"In\u00edcio","item":"https:\/\/www.odonto.ufmg.br\/colgrad\/inicio\/"},{"@type":"ListItem","position":2,"name":"Autentica\u00e7\u00e3o de documentos"}]},{"@type":"WebSite","@id":"https:\/\/www.odonto.ufmg.br\/colgrad\/#website","url":"https:\/\/www.odonto.ufmg.br\/colgrad\/","name":"Colegiado de Gradua\u00e7\u00e3o","description":"Faculdade de Odontologia UFMG","potentialAction":[{"@type":"SearchAction","target":{"@type":"EntryPoint","urlTemplate":"https:\/\/www.odonto.ufmg.br\/colgrad\/?s={search_term_string}"},"query-input":{"@type":"PropertyValueSpecification","valueRequired":true,"valueName":"search_term_string"}}],"inLanguage":"pt-BR"}]}},"_links":{"self":[{"href":"https:\/\/www.odonto.ufmg.br\/colgrad\/wp-json\/wp\/v2\/pages\/1532","targetHints":{"allow":["GET"]}}],"collection":[{"href":"https:\/\/www.odonto.ufmg.br\/colgrad\/wp-json\/wp\/v2\/pages"}],"about":[{"href":"https:\/\/www.odonto.ufmg.br\/colgrad\/wp-json\/wp\/v2\/types\/page"}],"author":[{"embeddable":true,"href":"https:\/\/www.odonto.ufmg.br\/colgrad\/wp-json\/wp\/v2\/users\/20"}],"replies":[{"embeddable":true,"href":"https:\/\/www.odonto.ufmg.br\/colgrad\/wp-json\/wp\/v2\/comments?post=1532"}],"version-history":[{"count":10,"href":"https:\/\/www.odonto.ufmg.br\/colgrad\/wp-json\/wp\/v2\/pages\/1532\/revisions"}],"predecessor-version":[{"id":2406,"href":"https:\/\/www.odonto.ufmg.br\/colgrad\/wp-json\/wp\/v2\/pages\/1532\/revisions\/2406"}],"wp:attachment":[{"href":"https:\/\/www.odonto.ufmg.br\/colgrad\/wp-json\/wp\/v2\/media?parent=1532"}],"curies":[{"name":"wp","href":"https:\/\/api.w.org\/{rel}","templated":true}]}}