{"id":1488,"date":"2020-02-03T15:47:24","date_gmt":"2020-02-03T18:47:24","guid":{"rendered":"http:\/\/www.odonto.ufmg.br\/colgrad\/?page_id=1488"},"modified":"2023-03-17T18:53:17","modified_gmt":"2023-03-17T21:53:17","slug":"aproveitamento-de-estudos","status":"publish","type":"page","link":"https:\/\/www.odonto.ufmg.br\/colgrad\/aproveitamento-de-estudos\/","title":{"rendered":"Aproveitamento de Estudos"},"content":{"rendered":"\n<style type=\"text\/css\" data-created_by=\"avia_inline_auto\" id=\"style-css-av-9l3zk-f721fe02d4beca99d5310a3ca9b855fa\">\n#top .av-special-heading.av-9l3zk-f721fe02d4beca99d5310a3ca9b855fa{\npadding-bottom:10px;\n}\nbody .av-special-heading.av-9l3zk-f721fe02d4beca99d5310a3ca9b855fa .av-special-heading-tag .heading-char{\nfont-size:25px;\n}\n.av-special-heading.av-9l3zk-f721fe02d4beca99d5310a3ca9b855fa .av-subheading{\nfont-size:15px;\n}\n<\/style>\n<div  class='av-special-heading av-9l3zk-f721fe02d4beca99d5310a3ca9b855fa av-special-heading-h1 blockquote modern-quote modern-centered  avia-builder-el-0  el_before_av_progress  avia-builder-el-first '><h1 class='av-special-heading-tag '  itemprop=\"headline\"  >APROVEITAMENTO DE ESTUDOS<\/h1><div class=\"special-heading-border\"><div class=\"special-heading-inner-border\"><\/div><\/div><\/div>\n\n<style type=\"text\/css\" data-created_by=\"avia_inline_auto\" id=\"style-css-sub-av-k66pue9u-696a11de0341e2a52999d581b3f6f261\">\n#top .avia-progress-bar-container .avia-progress-bar.av-23c0bk-49d9c147bf5048bf7942eb2e56b15dbe .bar{\nwidth:100%;\nbackground-image: linear-gradient( -45deg, #B02B2C 25%, #D24D4E 25%, #D24D4E 50%, #B02B2C 50%, #B02B2C 75%, #D24D4E 75%, #D24D4E );\nbackground-image: linear-gradient( -45deg, #B02B2C 25%, #D24D4E 25%, #D24D4E 50%, #B02B2C 50%, #B02B2C 75%, #D24D4E 75%, #D24D4E );\nbackground-color:#B02B2C;\n}\n<\/style>\n<div  class='avia-progress-bar-container av-k66pue9u-696a11de0341e2a52999d581b3f6f261 av-striped-bar av-animated-bar avia_animate_when_almost_visible  avia-builder-el-1  el_after_av_heading  el_before_av_textblock '><div class='avia-progress-bar av-23c0bk-49d9c147bf5048bf7942eb2e56b15dbe icon-bar-no red-bar icon-bar-no'><div class=\"progress\"><div class=\"bar-outer\"><div class='bar' data-progress='100'><\/div><\/div><\/div><\/div><\/div>\n<section  class='av_textblock_section av-k66py3yq-e4e7d90c94eefe1663917dd785196234 '   itemscope=\"itemscope\" itemtype=\"https:\/\/schema.org\/CreativeWork\" ><div class='avia_textblock'  itemprop=\"text\" ><h3>A Resolu\u00e7\u00e3o n\u00ba06\/2019, de 11 de junho de 2019 regulamenta, na UFMG, o aproveitamento de estudos realizados por estudantes de gradua\u00e7\u00e3o em outras institui\u00e7\u00f5es de ensino superior, inclusive aqueles realizados em mobilidade acad\u00eamica nacional e internacional.<\/h3>\n<h3 style=\"text-align: center\"><strong>REGRAS:<\/strong><\/h3>\n<h3>1 &#8211; Protocolizar o requerimento de aproveitamento de estudos, no m\u00e1ximo, at\u00e9 o segundo per\u00edodo letivo de v\u00ednculo do estudante no curso.<\/h3>\n<h3>2 &#8211; Haver correspond\u00eancia entre a(s) atividades(s) cursada(s) em outra institui\u00e7\u00e3o de ensino superior e a atividade acad\u00eamica curricular constante no percurso curricular a que se vincula o(a) requerente e para a qual se solicita o aproveitamento.<\/h3>\n<h3>3 &#8211; Ter conclu\u00eddo a atividade antes da data de ingresso do(a) requerente no curso.<\/h3>\n<h3>4 &#8211; N\u00e3o ter sido o(a) requerente reprovado(a) na atividade acad\u00eamica curricular ofertada pela UFMG para a qual requer aproveitamento de estudos.<\/h3>\n<h3 style=\"text-align: center\"><strong>DOCUMENTOS NECESS\u00c1RIOS:<\/strong><\/h3>\n<ul>\n<li>\n<h3>Hist\u00f3rico escolar emitido pela institui\u00e7\u00e3o na qual os estudos foram realizados. ( original e uma copia para cada disciplina solicitada)<\/h3>\n<\/li>\n<li>\n<h3>Programa da atividade cursada, discriminando ementa e carga hor\u00e1ria. (autenticado)<\/h3>\n<\/li>\n<li>\n<h3>Relat\u00f3rio final elaborado pelo estudante, no caso de mobilidade acad\u00eamica.<\/h3>\n<\/li>\n<\/ul>\n<h3 style=\"text-align: center\">DOWLOAND<\/h3>\n<h3>\u00a0&#8211; <a href=\"http:\/\/www.odonto.ufmg.br\/colgrad\/wp-content\/uploads\/sites\/3\/2023\/03\/3-REQUERIMENTO-DE-APROVEITAMENTO-DE-ESTUDOS-Reformulado-PARECER-V05.pdf\">Requerimento para aproveitamento de estudos<\/a><\/h3>\n<h3>\u00a0&#8211; <a href=\"http:\/\/www.odonto.ufmg.br\/colgrad\/wp-content\/uploads\/sites\/3\/2020\/02\/Resolucao-CEPE-06-2019-Aproveitamento-de-Estudos.pdf\">Resolu\u00e7\u00e3o n\u00ba06\/2019, de 11 de junho de 2019<\/a><\/h3>\n<\/div><\/section>\n","protected":false},"excerpt":{"rendered":"","protected":false},"author":20,"featured_media":0,"parent":0,"menu_order":0,"comment_status":"closed","ping_status":"closed","template":"","meta":{"inline_featured_image":false,"footnotes":""},"class_list":["post-1488","page","type-page","status-publish","hentry"],"yoast_head":"<!-- This site is optimized with the Yoast SEO plugin v27.5 - https:\/\/yoast.com\/product\/yoast-seo-wordpress\/ -->\n<title>Aproveitamento de Estudos - Colegiado de Gradua\u00e7\u00e3o<\/title>\n<meta name=\"robots\" content=\"index, follow, max-snippet:-1, max-image-preview:large, max-video-preview:-1\" \/>\n<link rel=\"canonical\" href=\"https:\/\/www.odonto.ufmg.br\/colgrad\/aproveitamento-de-estudos\/\" \/>\n<meta property=\"og:locale\" content=\"pt_BR\" \/>\n<meta property=\"og:type\" content=\"article\" \/>\n<meta property=\"og:title\" content=\"Aproveitamento de Estudos - Colegiado de Gradua\u00e7\u00e3o\" \/>\n<meta property=\"og:url\" content=\"https:\/\/www.odonto.ufmg.br\/colgrad\/aproveitamento-de-estudos\/\" \/>\n<meta property=\"og:site_name\" content=\"Colegiado de Gradua\u00e7\u00e3o\" \/>\n<meta property=\"article:modified_time\" content=\"2023-03-17T21:53:17+00:00\" \/>\n<meta name=\"twitter:card\" content=\"summary_large_image\" \/>\n<meta name=\"twitter:label1\" content=\"Est. tempo de leitura\" \/>\n\t<meta name=\"twitter:data1\" content=\"2 minutos\" \/>\n<script type=\"application\/ld+json\" class=\"yoast-schema-graph\">{\"@context\":\"https:\\\/\\\/schema.org\",\"@graph\":[{\"@type\":\"WebPage\",\"@id\":\"https:\\\/\\\/www.odonto.ufmg.br\\\/colgrad\\\/aproveitamento-de-estudos\\\/\",\"url\":\"https:\\\/\\\/www.odonto.ufmg.br\\\/colgrad\\\/aproveitamento-de-estudos\\\/\",\"name\":\"Aproveitamento de Estudos - Colegiado de Gradua\u00e7\u00e3o\",\"isPartOf\":{\"@id\":\"https:\\\/\\\/www.odonto.ufmg.br\\\/colgrad\\\/#website\"},\"datePublished\":\"2020-02-03T18:47:24+00:00\",\"dateModified\":\"2023-03-17T21:53:17+00:00\",\"breadcrumb\":{\"@id\":\"https:\\\/\\\/www.odonto.ufmg.br\\\/colgrad\\\/aproveitamento-de-estudos\\\/#breadcrumb\"},\"inLanguage\":\"pt-BR\",\"potentialAction\":[{\"@type\":\"ReadAction\",\"target\":[\"https:\\\/\\\/www.odonto.ufmg.br\\\/colgrad\\\/aproveitamento-de-estudos\\\/\"]}]},{\"@type\":\"BreadcrumbList\",\"@id\":\"https:\\\/\\\/www.odonto.ufmg.br\\\/colgrad\\\/aproveitamento-de-estudos\\\/#breadcrumb\",\"itemListElement\":[{\"@type\":\"ListItem\",\"position\":1,\"name\":\"In\u00edcio\",\"item\":\"https:\\\/\\\/www.odonto.ufmg.br\\\/colgrad\\\/inicio\\\/\"},{\"@type\":\"ListItem\",\"position\":2,\"name\":\"Aproveitamento de Estudos\"}]},{\"@type\":\"WebSite\",\"@id\":\"https:\\\/\\\/www.odonto.ufmg.br\\\/colgrad\\\/#website\",\"url\":\"https:\\\/\\\/www.odonto.ufmg.br\\\/colgrad\\\/\",\"name\":\"Colegiado de Gradua\u00e7\u00e3o\",\"description\":\"Faculdade de Odontologia UFMG\",\"potentialAction\":[{\"@type\":\"SearchAction\",\"target\":{\"@type\":\"EntryPoint\",\"urlTemplate\":\"https:\\\/\\\/www.odonto.ufmg.br\\\/colgrad\\\/?s={search_term_string}\"},\"query-input\":{\"@type\":\"PropertyValueSpecification\",\"valueRequired\":true,\"valueName\":\"search_term_string\"}}],\"inLanguage\":\"pt-BR\"}]}<\/script>\n<!-- \/ Yoast SEO plugin. -->","yoast_head_json":{"title":"Aproveitamento de Estudos - Colegiado de Gradua\u00e7\u00e3o","robots":{"index":"index","follow":"follow","max-snippet":"max-snippet:-1","max-image-preview":"max-image-preview:large","max-video-preview":"max-video-preview:-1"},"canonical":"https:\/\/www.odonto.ufmg.br\/colgrad\/aproveitamento-de-estudos\/","og_locale":"pt_BR","og_type":"article","og_title":"Aproveitamento de Estudos - Colegiado de Gradua\u00e7\u00e3o","og_url":"https:\/\/www.odonto.ufmg.br\/colgrad\/aproveitamento-de-estudos\/","og_site_name":"Colegiado de Gradua\u00e7\u00e3o","article_modified_time":"2023-03-17T21:53:17+00:00","twitter_card":"summary_large_image","twitter_misc":{"Est. tempo de leitura":"2 minutos"},"schema":{"@context":"https:\/\/schema.org","@graph":[{"@type":"WebPage","@id":"https:\/\/www.odonto.ufmg.br\/colgrad\/aproveitamento-de-estudos\/","url":"https:\/\/www.odonto.ufmg.br\/colgrad\/aproveitamento-de-estudos\/","name":"Aproveitamento de Estudos - Colegiado de Gradua\u00e7\u00e3o","isPartOf":{"@id":"https:\/\/www.odonto.ufmg.br\/colgrad\/#website"},"datePublished":"2020-02-03T18:47:24+00:00","dateModified":"2023-03-17T21:53:17+00:00","breadcrumb":{"@id":"https:\/\/www.odonto.ufmg.br\/colgrad\/aproveitamento-de-estudos\/#breadcrumb"},"inLanguage":"pt-BR","potentialAction":[{"@type":"ReadAction","target":["https:\/\/www.odonto.ufmg.br\/colgrad\/aproveitamento-de-estudos\/"]}]},{"@type":"BreadcrumbList","@id":"https:\/\/www.odonto.ufmg.br\/colgrad\/aproveitamento-de-estudos\/#breadcrumb","itemListElement":[{"@type":"ListItem","position":1,"name":"In\u00edcio","item":"https:\/\/www.odonto.ufmg.br\/colgrad\/inicio\/"},{"@type":"ListItem","position":2,"name":"Aproveitamento de Estudos"}]},{"@type":"WebSite","@id":"https:\/\/www.odonto.ufmg.br\/colgrad\/#website","url":"https:\/\/www.odonto.ufmg.br\/colgrad\/","name":"Colegiado de Gradua\u00e7\u00e3o","description":"Faculdade de Odontologia UFMG","potentialAction":[{"@type":"SearchAction","target":{"@type":"EntryPoint","urlTemplate":"https:\/\/www.odonto.ufmg.br\/colgrad\/?s={search_term_string}"},"query-input":{"@type":"PropertyValueSpecification","valueRequired":true,"valueName":"search_term_string"}}],"inLanguage":"pt-BR"}]}},"_links":{"self":[{"href":"https:\/\/www.odonto.ufmg.br\/colgrad\/wp-json\/wp\/v2\/pages\/1488","targetHints":{"allow":["GET"]}}],"collection":[{"href":"https:\/\/www.odonto.ufmg.br\/colgrad\/wp-json\/wp\/v2\/pages"}],"about":[{"href":"https:\/\/www.odonto.ufmg.br\/colgrad\/wp-json\/wp\/v2\/types\/page"}],"author":[{"embeddable":true,"href":"https:\/\/www.odonto.ufmg.br\/colgrad\/wp-json\/wp\/v2\/users\/20"}],"replies":[{"embeddable":true,"href":"https:\/\/www.odonto.ufmg.br\/colgrad\/wp-json\/wp\/v2\/comments?post=1488"}],"version-history":[{"count":19,"href":"https:\/\/www.odonto.ufmg.br\/colgrad\/wp-json\/wp\/v2\/pages\/1488\/revisions"}],"predecessor-version":[{"id":3056,"href":"https:\/\/www.odonto.ufmg.br\/colgrad\/wp-json\/wp\/v2\/pages\/1488\/revisions\/3056"}],"wp:attachment":[{"href":"https:\/\/www.odonto.ufmg.br\/colgrad\/wp-json\/wp\/v2\/media?parent=1488"}],"curies":[{"name":"wp","href":"https:\/\/api.w.org\/{rel}","templated":true}]}}