{"id":1433,"date":"2018-04-04T09:09:20","date_gmt":"2018-04-04T12:09:20","guid":{"rendered":"http:\/\/www.odonto.ufmg.br\/colgrad\/?page_id=1433"},"modified":"2025-06-25T14:35:27","modified_gmt":"2025-06-25T17:35:27","slug":"resolucoes-colgrad","status":"publish","type":"page","link":"https:\/\/www.odonto.ufmg.br\/colgrad\/resolucoes-colgrad\/","title":{"rendered":"Resolu\u00e7\u00f5es COLGRAD"},"content":{"rendered":"\n<p><\/p>\n\n\n<section  class='av_textblock_section av-mcc8j6jw-5602d16b13ba80ad4dcbafcd7c9ff82b '   itemscope=\"itemscope\" itemtype=\"https:\/\/schema.org\/CreativeWork\" ><div class='avia_textblock'  itemprop=\"text\" ><p><a href=\"http:\/\/www.odonto.ufmg.br\/colgrad\/wp-content\/uploads\/sites\/3\/2021\/06\/Resolucao-02-2021-ColGrad-ESTAGIO-EXTRACURRICULAR-NAO-OBRIGATORIO.pdf\">Resolu\u00e7\u00e3o 02\/2021 COLGRAD \/ FAO UFMG, de 08 de junho de 2021<\/a> &#8211; Disp\u00f5e sobre est\u00e1gio extracurricular n\u00e3o obrigat\u00f3rio de acad\u00eamicos do curso de Odontologia da FAO UFMG.<\/p>\n<p><a href=\"https:\/\/www.odonto.ufmg.br\/colgrad\/wp-content\/uploads\/sites\/3\/2019\/05\/RESOLU%C3%87%C3%83O-01_2019.pdf\">Resolu\u00e7\u00e3o n\u00ba 001\/2019, de 22 de maio de 2019<\/a> &#8211; Disp\u00f5e sobre o provimento de vagas remanescentes no curso de gradua\u00e7\u00e3o da Faculdade de Odontologia da UFMG e revoga a Resolu\u00e7\u00e3o n\u00ba 001\/2009 do Colegiado de Gradua\u00e7\u00e3o do Curso de Odontologia, de 04\/05\/2009.<\/p>\n<p><a href=\"http:\/\/www.odonto.ufmg.br\/colgrad\/wp-content\/uploads\/sites\/3\/2018\/04\/RESOLU\u00c7\u00c3O-FO-COLGRAD-N\u00ba-04_2017.pdf\">Resolu\u00e7\u00e3o n\u00ba 004\/2017, de 12 de dezembro de 2017<\/a> &#8211; Estabelece o regulamento de funcionamento do Colegiado de Gradua\u00e7\u00e3o em Odontologia da FO\/UFMG.<\/p>\n<p><a href=\"http:\/\/www.odonto.ufmg.br\/colgrad\/wp-content\/uploads\/sites\/3\/2019\/10\/Resolu\u00e7\u00e3o-02-2005.pdf\">Resolu\u00e7\u00e3o n\u00ba 002\/2005<\/a> do Colegiado do Curso de Gradua\u00e7\u00e3o em Odontologia, regulamentando aspectos do sistema de avalia\u00e7\u00e3o da FO-UFMG &#8211; Disp\u00f5e sobre modifica\u00e7\u00f5es \u00e0 Resolu\u00e7\u00e3o 01\/05 e regulamenta a divulga\u00e7\u00e3o e revis\u00e3o de resultados e segunda chamada das avalia\u00e7\u00f5es das disciplinas ofertadas pela FO-UFMG, subordinadas ao Colegiado de Gradua\u00e7\u00e3o.<\/p>\n<\/div><\/section>\n","protected":false},"excerpt":{"rendered":"","protected":false},"author":20,"featured_media":0,"parent":0,"menu_order":0,"comment_status":"closed","ping_status":"closed","template":"","meta":{"inline_featured_image":false,"footnotes":""},"class_list":["post-1433","page","type-page","status-publish","hentry"],"yoast_head":"<!-- This site is optimized with the Yoast SEO plugin v27.3 - https:\/\/yoast.com\/product\/yoast-seo-wordpress\/ -->\n<title>Resolu\u00e7\u00f5es COLGRAD - Colegiado de Gradua\u00e7\u00e3o<\/title>\n<meta name=\"robots\" content=\"index, follow, max-snippet:-1, max-image-preview:large, max-video-preview:-1\" \/>\n<link rel=\"canonical\" href=\"https:\/\/www.odonto.ufmg.br\/colgrad\/resolucoes-colgrad\/\" \/>\n<meta property=\"og:locale\" content=\"pt_BR\" \/>\n<meta property=\"og:type\" content=\"article\" \/>\n<meta property=\"og:title\" content=\"Resolu\u00e7\u00f5es COLGRAD - Colegiado de Gradua\u00e7\u00e3o\" \/>\n<meta property=\"og:url\" content=\"https:\/\/www.odonto.ufmg.br\/colgrad\/resolucoes-colgrad\/\" \/>\n<meta property=\"og:site_name\" content=\"Colegiado de Gradua\u00e7\u00e3o\" \/>\n<meta property=\"article:modified_time\" content=\"2025-06-25T17:35:27+00:00\" \/>\n<meta name=\"twitter:card\" content=\"summary_large_image\" \/>\n<meta name=\"twitter:label1\" content=\"Est. tempo de leitura\" \/>\n\t<meta name=\"twitter:data1\" content=\"1 minuto\" \/>\n<script type=\"application\/ld+json\" class=\"yoast-schema-graph\">{\"@context\":\"https:\\\/\\\/schema.org\",\"@graph\":[{\"@type\":\"WebPage\",\"@id\":\"https:\\\/\\\/www.odonto.ufmg.br\\\/colgrad\\\/resolucoes-colgrad\\\/\",\"url\":\"https:\\\/\\\/www.odonto.ufmg.br\\\/colgrad\\\/resolucoes-colgrad\\\/\",\"name\":\"Resolu\u00e7\u00f5es COLGRAD - Colegiado de Gradua\u00e7\u00e3o\",\"isPartOf\":{\"@id\":\"https:\\\/\\\/www.odonto.ufmg.br\\\/colgrad\\\/#website\"},\"datePublished\":\"2018-04-04T12:09:20+00:00\",\"dateModified\":\"2025-06-25T17:35:27+00:00\",\"breadcrumb\":{\"@id\":\"https:\\\/\\\/www.odonto.ufmg.br\\\/colgrad\\\/resolucoes-colgrad\\\/#breadcrumb\"},\"inLanguage\":\"pt-BR\",\"potentialAction\":[{\"@type\":\"ReadAction\",\"target\":[\"https:\\\/\\\/www.odonto.ufmg.br\\\/colgrad\\\/resolucoes-colgrad\\\/\"]}]},{\"@type\":\"BreadcrumbList\",\"@id\":\"https:\\\/\\\/www.odonto.ufmg.br\\\/colgrad\\\/resolucoes-colgrad\\\/#breadcrumb\",\"itemListElement\":[{\"@type\":\"ListItem\",\"position\":1,\"name\":\"In\u00edcio\",\"item\":\"https:\\\/\\\/www.odonto.ufmg.br\\\/colgrad\\\/inicio\\\/\"},{\"@type\":\"ListItem\",\"position\":2,\"name\":\"Resolu\u00e7\u00f5es COLGRAD\"}]},{\"@type\":\"WebSite\",\"@id\":\"https:\\\/\\\/www.odonto.ufmg.br\\\/colgrad\\\/#website\",\"url\":\"https:\\\/\\\/www.odonto.ufmg.br\\\/colgrad\\\/\",\"name\":\"Colegiado de Gradua\u00e7\u00e3o\",\"description\":\"Faculdade de Odontologia UFMG\",\"potentialAction\":[{\"@type\":\"SearchAction\",\"target\":{\"@type\":\"EntryPoint\",\"urlTemplate\":\"https:\\\/\\\/www.odonto.ufmg.br\\\/colgrad\\\/?s={search_term_string}\"},\"query-input\":{\"@type\":\"PropertyValueSpecification\",\"valueRequired\":true,\"valueName\":\"search_term_string\"}}],\"inLanguage\":\"pt-BR\"}]}<\/script>\n<!-- \/ Yoast SEO plugin. -->","yoast_head_json":{"title":"Resolu\u00e7\u00f5es COLGRAD - Colegiado de Gradua\u00e7\u00e3o","robots":{"index":"index","follow":"follow","max-snippet":"max-snippet:-1","max-image-preview":"max-image-preview:large","max-video-preview":"max-video-preview:-1"},"canonical":"https:\/\/www.odonto.ufmg.br\/colgrad\/resolucoes-colgrad\/","og_locale":"pt_BR","og_type":"article","og_title":"Resolu\u00e7\u00f5es COLGRAD - Colegiado de Gradua\u00e7\u00e3o","og_url":"https:\/\/www.odonto.ufmg.br\/colgrad\/resolucoes-colgrad\/","og_site_name":"Colegiado de Gradua\u00e7\u00e3o","article_modified_time":"2025-06-25T17:35:27+00:00","twitter_card":"summary_large_image","twitter_misc":{"Est. tempo de leitura":"1 minuto"},"schema":{"@context":"https:\/\/schema.org","@graph":[{"@type":"WebPage","@id":"https:\/\/www.odonto.ufmg.br\/colgrad\/resolucoes-colgrad\/","url":"https:\/\/www.odonto.ufmg.br\/colgrad\/resolucoes-colgrad\/","name":"Resolu\u00e7\u00f5es COLGRAD - Colegiado de Gradua\u00e7\u00e3o","isPartOf":{"@id":"https:\/\/www.odonto.ufmg.br\/colgrad\/#website"},"datePublished":"2018-04-04T12:09:20+00:00","dateModified":"2025-06-25T17:35:27+00:00","breadcrumb":{"@id":"https:\/\/www.odonto.ufmg.br\/colgrad\/resolucoes-colgrad\/#breadcrumb"},"inLanguage":"pt-BR","potentialAction":[{"@type":"ReadAction","target":["https:\/\/www.odonto.ufmg.br\/colgrad\/resolucoes-colgrad\/"]}]},{"@type":"BreadcrumbList","@id":"https:\/\/www.odonto.ufmg.br\/colgrad\/resolucoes-colgrad\/#breadcrumb","itemListElement":[{"@type":"ListItem","position":1,"name":"In\u00edcio","item":"https:\/\/www.odonto.ufmg.br\/colgrad\/inicio\/"},{"@type":"ListItem","position":2,"name":"Resolu\u00e7\u00f5es COLGRAD"}]},{"@type":"WebSite","@id":"https:\/\/www.odonto.ufmg.br\/colgrad\/#website","url":"https:\/\/www.odonto.ufmg.br\/colgrad\/","name":"Colegiado de Gradua\u00e7\u00e3o","description":"Faculdade de Odontologia UFMG","potentialAction":[{"@type":"SearchAction","target":{"@type":"EntryPoint","urlTemplate":"https:\/\/www.odonto.ufmg.br\/colgrad\/?s={search_term_string}"},"query-input":{"@type":"PropertyValueSpecification","valueRequired":true,"valueName":"search_term_string"}}],"inLanguage":"pt-BR"}]}},"_links":{"self":[{"href":"https:\/\/www.odonto.ufmg.br\/colgrad\/wp-json\/wp\/v2\/pages\/1433","targetHints":{"allow":["GET"]}}],"collection":[{"href":"https:\/\/www.odonto.ufmg.br\/colgrad\/wp-json\/wp\/v2\/pages"}],"about":[{"href":"https:\/\/www.odonto.ufmg.br\/colgrad\/wp-json\/wp\/v2\/types\/page"}],"author":[{"embeddable":true,"href":"https:\/\/www.odonto.ufmg.br\/colgrad\/wp-json\/wp\/v2\/users\/20"}],"replies":[{"embeddable":true,"href":"https:\/\/www.odonto.ufmg.br\/colgrad\/wp-json\/wp\/v2\/comments?post=1433"}],"version-history":[{"count":12,"href":"https:\/\/www.odonto.ufmg.br\/colgrad\/wp-json\/wp\/v2\/pages\/1433\/revisions"}],"predecessor-version":[{"id":3452,"href":"https:\/\/www.odonto.ufmg.br\/colgrad\/wp-json\/wp\/v2\/pages\/1433\/revisions\/3452"}],"wp:attachment":[{"href":"https:\/\/www.odonto.ufmg.br\/colgrad\/wp-json\/wp\/v2\/media?parent=1433"}],"curies":[{"name":"wp","href":"https:\/\/api.w.org\/{rel}","templated":true}]}}