{"id":1419,"date":"2019-10-10T09:16:50","date_gmt":"2019-10-10T12:16:50","guid":{"rendered":"http:\/\/www.odonto.ufmg.br\/colgrad\/?page_id=1419"},"modified":"2025-11-19T12:27:12","modified_gmt":"2025-11-19T15:27:12","slug":"resolucoes","status":"publish","type":"page","link":"https:\/\/www.odonto.ufmg.br\/colgrad\/resolucoes\/","title":{"rendered":"Resolu\u00e7\u00f5es"},"content":{"rendered":"\n<style type=\"text\/css\" data-created_by=\"avia_inline_auto\" id=\"style-css-av-2rjx5n-f274665bc0776c6569550a4c0fb745c6\">\n#top .av-special-heading.av-2rjx5n-f274665bc0776c6569550a4c0fb745c6{\npadding-bottom:10px;\n}\nbody .av-special-heading.av-2rjx5n-f274665bc0776c6569550a4c0fb745c6 .av-special-heading-tag .heading-char{\nfont-size:25px;\n}\n.av-special-heading.av-2rjx5n-f274665bc0776c6569550a4c0fb745c6 .av-subheading{\nfont-size:15px;\n}\n<\/style>\n<div  class='av-special-heading av-2rjx5n-f274665bc0776c6569550a4c0fb745c6 av-special-heading-h1 blockquote modern-quote modern-centered  avia-builder-el-0  el_before_av_progress  avia-builder-el-first '><h1 class='av-special-heading-tag '  itemprop=\"headline\"  >RESOLU\u00c7\u00d5ES<\/h1><div class=\"special-heading-border\"><div class=\"special-heading-inner-border\"><\/div><\/div><\/div>\n\n<style type=\"text\/css\" data-created_by=\"avia_inline_auto\" id=\"style-css-sub-av-k1kmvwv0-445c31eb2a90b56093ae157f9dd17a86\">\n#top .avia-progress-bar-container .avia-progress-bar.av-adm63-0bc66c0f1ceee1f90b165b89fc96b46d .bar{\nwidth:100%;\nbackground-image: linear-gradient( -45deg, #B02B2C 25%, #D24D4E 25%, #D24D4E 50%, #B02B2C 50%, #B02B2C 75%, #D24D4E 75%, #D24D4E );\nbackground-image: linear-gradient( -45deg, #B02B2C 25%, #D24D4E 25%, #D24D4E 50%, #B02B2C 50%, #B02B2C 75%, #D24D4E 75%, #D24D4E );\nbackground-color:#B02B2C;\n}\n<\/style>\n<div  class='avia-progress-bar-container av-k1kmvwv0-445c31eb2a90b56093ae157f9dd17a86 av-striped-bar av-animated-bar avia_animate_when_almost_visible  avia-builder-el-1  el_after_av_heading  el_before_av_promobox '><div class='avia-progress-bar av-adm63-0bc66c0f1ceee1f90b165b89fc96b46d icon-bar-no red-bar icon-bar-no'><div class=\"progress\"><div class=\"bar-outer\"><div class='bar' data-progress='100'><\/div><\/div><\/div><\/div><\/div>\n<div  class='av_promobox av-k1kn0uq0-4f1bb5cea55115c6eb209a9e4c9690d4 avia-button-yes  avia-builder-el-2  el_after_av_progress  el_before_av_promobox '><div class='avia-promocontent'><\/p>\n<h4><span style=\"color: #800000\"><strong>RESOLU\u00c7\u00d5ES DO COLEGIADO DE GRADUA\u00c7\u00c3O<\/strong><\/span><\/h4>\n<p>\n<\/div><div  class='avia-button-wrap av-k1kn0uq0-7515daa7a1035ddbd56b4234482ca137-wrap avia-button-right '><a href='https:\/\/www.odonto.ufmg.br\/colgrad\/resolucoes-colgrad\/'  class='avia-button av-k1kn0uq0-7515daa7a1035ddbd56b4234482ca137 av-link-btn avia-icon_select-no avia-size-large avia-position-right avia-color-red'   aria-label=\"Acessar\"><span class='avia_iconbox_title' >Acessar<\/span><\/a><\/div><\/div>\n<div  class='av_promobox av-k1kn93de-17eb6ecb1bb889ace294e484777c90e1 avia-button-yes  avia-builder-el-3  el_after_av_promobox  el_before_av_promobox '><div class='avia-promocontent'><\/p>\n<h4><span style=\"color: #800000\"><strong>RESOLU\u00c7\u00d5ES DA UFMG<\/strong><\/span><\/h4>\n<p>\n<\/div><div  class='avia-button-wrap av-k1kn93de-dd3479f1b1d25038a8efaf27665765b7-wrap avia-button-right '><a href='https:\/\/www.odonto.ufmg.br\/colgrad\/normas-gerais-de-ensino-da-graduacao-da-ufmg-e-resolucoes-correlatas-2018-2\/'  class='avia-button av-k1kn93de-dd3479f1b1d25038a8efaf27665765b7 av-link-btn avia-icon_select-no avia-size-large avia-position-right avia-color-red'   aria-label=\"Acessar\"><span class='avia_iconbox_title' >Acessar<\/span><\/a><\/div><\/div>\n<div  class='av_promobox av-mi63uj2y-540ac70bf408517a24086c78eb91349d avia-button-yes  avia-builder-el-4  el_after_av_promobox  avia-builder-el-last '><div class='avia-promocontent'><\/p>\n<h4><span style=\"color: #800000\"><strong>OUTRAS RESOLU\u00c7\u00d5ES<\/strong><\/span><\/h4>\n<p>\n<\/div><div  class='avia-button-wrap av-mi63uj2y-f2687cf20ba367e89a27bc47d8db12f3-wrap avia-button-right '><a href='https:\/\/www.odonto.ufmg.br\/colgrad\/normas-gerais-de-ensino-da-graduacao-da-ufmg-e-resolucoes-correlatas-2018-2-2\/'  class='avia-button av-mi63uj2y-f2687cf20ba367e89a27bc47d8db12f3 av-link-btn avia-icon_select-no avia-size-large avia-position-right avia-color-red'   aria-label=\"Acessar\"><span class='avia_iconbox_title' >Acessar<\/span><\/a><\/div><\/div>\n","protected":false},"excerpt":{"rendered":"","protected":false},"author":20,"featured_media":0,"parent":0,"menu_order":0,"comment_status":"closed","ping_status":"closed","template":"","meta":{"inline_featured_image":false,"footnotes":""},"class_list":["post-1419","page","type-page","status-publish","hentry"],"yoast_head":"<!-- This site is optimized with the Yoast SEO plugin v27.3 - https:\/\/yoast.com\/product\/yoast-seo-wordpress\/ -->\n<title>Resolu\u00e7\u00f5es - Colegiado de Gradua\u00e7\u00e3o<\/title>\n<meta name=\"robots\" content=\"index, follow, max-snippet:-1, max-image-preview:large, max-video-preview:-1\" \/>\n<link rel=\"canonical\" href=\"https:\/\/www.odonto.ufmg.br\/colgrad\/resolucoes\/\" \/>\n<meta property=\"og:locale\" content=\"pt_BR\" \/>\n<meta property=\"og:type\" content=\"article\" \/>\n<meta property=\"og:title\" content=\"Resolu\u00e7\u00f5es - Colegiado de Gradua\u00e7\u00e3o\" \/>\n<meta property=\"og:url\" content=\"https:\/\/www.odonto.ufmg.br\/colgrad\/resolucoes\/\" \/>\n<meta property=\"og:site_name\" content=\"Colegiado de Gradua\u00e7\u00e3o\" \/>\n<meta property=\"article:modified_time\" content=\"2025-11-19T15:27:12+00:00\" \/>\n<meta name=\"twitter:card\" content=\"summary_large_image\" \/>\n<meta name=\"twitter:label1\" content=\"Est. tempo de leitura\" \/>\n\t<meta name=\"twitter:data1\" content=\"1 minuto\" \/>\n<script type=\"application\/ld+json\" class=\"yoast-schema-graph\">{\"@context\":\"https:\\\/\\\/schema.org\",\"@graph\":[{\"@type\":\"WebPage\",\"@id\":\"https:\\\/\\\/www.odonto.ufmg.br\\\/colgrad\\\/resolucoes\\\/\",\"url\":\"https:\\\/\\\/www.odonto.ufmg.br\\\/colgrad\\\/resolucoes\\\/\",\"name\":\"Resolu\u00e7\u00f5es - Colegiado de Gradua\u00e7\u00e3o\",\"isPartOf\":{\"@id\":\"https:\\\/\\\/www.odonto.ufmg.br\\\/colgrad\\\/#website\"},\"datePublished\":\"2019-10-10T12:16:50+00:00\",\"dateModified\":\"2025-11-19T15:27:12+00:00\",\"breadcrumb\":{\"@id\":\"https:\\\/\\\/www.odonto.ufmg.br\\\/colgrad\\\/resolucoes\\\/#breadcrumb\"},\"inLanguage\":\"pt-BR\",\"potentialAction\":[{\"@type\":\"ReadAction\",\"target\":[\"https:\\\/\\\/www.odonto.ufmg.br\\\/colgrad\\\/resolucoes\\\/\"]}]},{\"@type\":\"BreadcrumbList\",\"@id\":\"https:\\\/\\\/www.odonto.ufmg.br\\\/colgrad\\\/resolucoes\\\/#breadcrumb\",\"itemListElement\":[{\"@type\":\"ListItem\",\"position\":1,\"name\":\"In\u00edcio\",\"item\":\"https:\\\/\\\/www.odonto.ufmg.br\\\/colgrad\\\/inicio\\\/\"},{\"@type\":\"ListItem\",\"position\":2,\"name\":\"Resolu\u00e7\u00f5es\"}]},{\"@type\":\"WebSite\",\"@id\":\"https:\\\/\\\/www.odonto.ufmg.br\\\/colgrad\\\/#website\",\"url\":\"https:\\\/\\\/www.odonto.ufmg.br\\\/colgrad\\\/\",\"name\":\"Colegiado de Gradua\u00e7\u00e3o\",\"description\":\"Faculdade de Odontologia UFMG\",\"potentialAction\":[{\"@type\":\"SearchAction\",\"target\":{\"@type\":\"EntryPoint\",\"urlTemplate\":\"https:\\\/\\\/www.odonto.ufmg.br\\\/colgrad\\\/?s={search_term_string}\"},\"query-input\":{\"@type\":\"PropertyValueSpecification\",\"valueRequired\":true,\"valueName\":\"search_term_string\"}}],\"inLanguage\":\"pt-BR\"}]}<\/script>\n<!-- \/ Yoast SEO plugin. -->","yoast_head_json":{"title":"Resolu\u00e7\u00f5es - Colegiado de Gradua\u00e7\u00e3o","robots":{"index":"index","follow":"follow","max-snippet":"max-snippet:-1","max-image-preview":"max-image-preview:large","max-video-preview":"max-video-preview:-1"},"canonical":"https:\/\/www.odonto.ufmg.br\/colgrad\/resolucoes\/","og_locale":"pt_BR","og_type":"article","og_title":"Resolu\u00e7\u00f5es - Colegiado de Gradua\u00e7\u00e3o","og_url":"https:\/\/www.odonto.ufmg.br\/colgrad\/resolucoes\/","og_site_name":"Colegiado de Gradua\u00e7\u00e3o","article_modified_time":"2025-11-19T15:27:12+00:00","twitter_card":"summary_large_image","twitter_misc":{"Est. tempo de leitura":"1 minuto"},"schema":{"@context":"https:\/\/schema.org","@graph":[{"@type":"WebPage","@id":"https:\/\/www.odonto.ufmg.br\/colgrad\/resolucoes\/","url":"https:\/\/www.odonto.ufmg.br\/colgrad\/resolucoes\/","name":"Resolu\u00e7\u00f5es - Colegiado de Gradua\u00e7\u00e3o","isPartOf":{"@id":"https:\/\/www.odonto.ufmg.br\/colgrad\/#website"},"datePublished":"2019-10-10T12:16:50+00:00","dateModified":"2025-11-19T15:27:12+00:00","breadcrumb":{"@id":"https:\/\/www.odonto.ufmg.br\/colgrad\/resolucoes\/#breadcrumb"},"inLanguage":"pt-BR","potentialAction":[{"@type":"ReadAction","target":["https:\/\/www.odonto.ufmg.br\/colgrad\/resolucoes\/"]}]},{"@type":"BreadcrumbList","@id":"https:\/\/www.odonto.ufmg.br\/colgrad\/resolucoes\/#breadcrumb","itemListElement":[{"@type":"ListItem","position":1,"name":"In\u00edcio","item":"https:\/\/www.odonto.ufmg.br\/colgrad\/inicio\/"},{"@type":"ListItem","position":2,"name":"Resolu\u00e7\u00f5es"}]},{"@type":"WebSite","@id":"https:\/\/www.odonto.ufmg.br\/colgrad\/#website","url":"https:\/\/www.odonto.ufmg.br\/colgrad\/","name":"Colegiado de Gradua\u00e7\u00e3o","description":"Faculdade de Odontologia UFMG","potentialAction":[{"@type":"SearchAction","target":{"@type":"EntryPoint","urlTemplate":"https:\/\/www.odonto.ufmg.br\/colgrad\/?s={search_term_string}"},"query-input":{"@type":"PropertyValueSpecification","valueRequired":true,"valueName":"search_term_string"}}],"inLanguage":"pt-BR"}]}},"_links":{"self":[{"href":"https:\/\/www.odonto.ufmg.br\/colgrad\/wp-json\/wp\/v2\/pages\/1419","targetHints":{"allow":["GET"]}}],"collection":[{"href":"https:\/\/www.odonto.ufmg.br\/colgrad\/wp-json\/wp\/v2\/pages"}],"about":[{"href":"https:\/\/www.odonto.ufmg.br\/colgrad\/wp-json\/wp\/v2\/types\/page"}],"author":[{"embeddable":true,"href":"https:\/\/www.odonto.ufmg.br\/colgrad\/wp-json\/wp\/v2\/users\/20"}],"replies":[{"embeddable":true,"href":"https:\/\/www.odonto.ufmg.br\/colgrad\/wp-json\/wp\/v2\/comments?post=1419"}],"version-history":[{"count":10,"href":"https:\/\/www.odonto.ufmg.br\/colgrad\/wp-json\/wp\/v2\/pages\/1419\/revisions"}],"predecessor-version":[{"id":3587,"href":"https:\/\/www.odonto.ufmg.br\/colgrad\/wp-json\/wp\/v2\/pages\/1419\/revisions\/3587"}],"wp:attachment":[{"href":"https:\/\/www.odonto.ufmg.br\/colgrad\/wp-json\/wp\/v2\/media?parent=1419"}],"curies":[{"name":"wp","href":"https:\/\/api.w.org\/{rel}","templated":true}]}}