{"id":1237,"date":"2019-07-26T13:09:04","date_gmt":"2019-07-26T16:09:04","guid":{"rendered":"http:\/\/www.odonto.ufmg.br\/colgrad\/?page_id=1237"},"modified":"2020-10-21T15:59:40","modified_gmt":"2020-10-21T18:59:40","slug":"enade","status":"publish","type":"page","link":"https:\/\/www.odonto.ufmg.br\/colgrad\/enade\/","title":{"rendered":"ENADE"},"content":{"rendered":"\n<style type=\"text\/css\" data-created_by=\"avia_inline_auto\" id=\"style-css-av-k35wj7lt-56613992783574a2d6a70cbd61e6c6f9\">\n.avia-image-container.av-k35wj7lt-56613992783574a2d6a70cbd61e6c6f9 img.avia_image{\nbox-shadow:none;\n}\n.avia-image-container.av-k35wj7lt-56613992783574a2d6a70cbd61e6c6f9 .av-image-caption-overlay-center{\ncolor:#ffffff;\n}\n<\/style>\n<div  class='avia-image-container av-k35wj7lt-56613992783574a2d6a70cbd61e6c6f9 av-styling-circle av-hover-grow avia-align-center  avia-builder-el-0  el_before_av_toggle_container  avia-builder-el-first '   itemprop=\"image\" itemscope=\"itemscope\" itemtype=\"https:\/\/schema.org\/ImageObject\" ><div class=\"avia-image-container-inner\"><div class=\"avia-image-overlay-wrap\"><img decoding=\"async\" fetchpriority=\"high\" class='wp-image-1629 avia-img-lazy-loading-not-1629 avia_image ' src=\"https:\/\/www.odonto.ufmg.br\/colgrad\/wp-content\/uploads\/sites\/3\/2020\/10\/conceito5ENADEfoto2-300x168.jpg\" alt='' title='Conceito 5 no ENADE'  height=\"168\" width=\"300\"  itemprop=\"thumbnailUrl\" srcset=\"https:\/\/www.odonto.ufmg.br\/colgrad\/wp-content\/uploads\/sites\/3\/2020\/10\/conceito5ENADEfoto2-300x168.jpg 300w, https:\/\/www.odonto.ufmg.br\/colgrad\/wp-content\/uploads\/sites\/3\/2020\/10\/conceito5ENADEfoto2-1030x577.jpg 1030w, https:\/\/www.odonto.ufmg.br\/colgrad\/wp-content\/uploads\/sites\/3\/2020\/10\/conceito5ENADEfoto2-80x45.jpg 80w, https:\/\/www.odonto.ufmg.br\/colgrad\/wp-content\/uploads\/sites\/3\/2020\/10\/conceito5ENADEfoto2-768x430.jpg 768w, https:\/\/www.odonto.ufmg.br\/colgrad\/wp-content\/uploads\/sites\/3\/2020\/10\/conceito5ENADEfoto2-1536x861.jpg 1536w, https:\/\/www.odonto.ufmg.br\/colgrad\/wp-content\/uploads\/sites\/3\/2020\/10\/conceito5ENADEfoto2-1500x841.jpg 1500w, https:\/\/www.odonto.ufmg.br\/colgrad\/wp-content\/uploads\/sites\/3\/2020\/10\/conceito5ENADEfoto2-705x395.jpg 705w, https:\/\/www.odonto.ufmg.br\/colgrad\/wp-content\/uploads\/sites\/3\/2020\/10\/conceito5ENADEfoto2-450x252.jpg 450w, https:\/\/www.odonto.ufmg.br\/colgrad\/wp-content\/uploads\/sites\/3\/2020\/10\/conceito5ENADEfoto2.jpg 1920w\" sizes=\"(max-width: 300px) 100vw, 300px\" \/><\/div><\/div><\/div>\n<div  class='togglecontainer av-jyk6c1f5-cee8c25bc7777cdf7092ffeba0cd64a4  avia-builder-el-1  el_after_av_image  avia-builder-el-last  toggle_close_all' >\n<section class='av_toggle_section av-62y6o5-6f8f5e652ead3dc5d941adabe88d7fca'  itemscope=\"itemscope\" itemtype=\"https:\/\/schema.org\/CreativeWork\" ><div role=\"tablist\" class=\"single_toggle\" data-tags=\"{Todos} \"  ><p id='toggle-toggle-id-1' data-fake-id='#toggle-id-1' class='toggler  av-title-above '  itemprop=\"headline\"  role='tab' tabindex='0' aria-controls='toggle-id-1' data-slide-speed=\"200\" data-title=\"PROVAS\" data-title-open=\"\" data-aria_collapsed=\"Click to expand: PROVAS\" data-aria_expanded=\"Click to collapse: PROVAS\">PROVAS<span class=\"toggle_icon\"><span class=\"vert_icon\"><\/span><span class=\"hor_icon\"><\/span><\/span><\/p><div id='toggle-id-1' aria-labelledby='toggle-toggle-id-1' role='region' class='toggle_wrap  av-title-above'  ><div class='toggle_content invers-color '  itemprop=\"text\" ><div id='avia-messagebox-' class='avia_message_box av_notification av-39gmw5-10de8f0faf3006f972a0947f470313e1 avia-color-green avia-size-large avia-icon_select-no avia-border-  avia-builder-el-2  el_before_av_notification  avia-builder-el-first ' ><div class=\"avia_message_box_content\"><p>CLICK NA PROVA PARA FAZER O DOWNLOAD<\/p>\n<\/div><\/div>\n<p>1 &#8211; <a href=\"https:\/\/www.odonto.ufmg.br\/colgrad\/wp-content\/uploads\/ENADE\/PROVAS\/1 - Prova ODONTOLOGIA 2004.pdf\">Prova ODONTOLOGIA 2004<\/a><\/p>\n<p>2 &#8211; <a href=\"https:\/\/www.odonto.ufmg.br\/colgrad\/wp-content\/uploads\/ENADE\/PROVAS\/2 - Prova ODONTOLOGIA 2007.pdf\">Prova ODONTOLOGIA 2007<\/a><\/p>\n<p>3 &#8211; <a href=\"https:\/\/www.odonto.ufmg.br\/colgrad\/wp-content\/uploads\/ENADE\/PROVAS\/3 - Prova ODONTOLOGIA 2010.pdf\">Prova ODONTOLOGIA 2010<\/a><\/p>\n<p>4 &#8211; <a href=\"https:\/\/www.odonto.ufmg.br\/colgrad\/wp-content\/uploads\/ENADE\/PROVAS\/4 - Prova ODONTOLOGIA 2013.pdf\">Prova ODONTOLOGIA 2013<\/a><\/p>\n<p>5 &#8211; <a href=\"https:\/\/www.odonto.ufmg.br\/colgrad\/wp-content\/uploads\/ENADE\/PROVAS\/5 - Prova ODONTOLOGIA 2016.pdf\">Prova ODONTOLOGIA 2016<\/a><\/p>\n<\/div><\/div><\/div><\/section>\n<section class='av_toggle_section av-fcd7p-31d9ca965e11321229348b993fc082f8'  itemscope=\"itemscope\" itemtype=\"https:\/\/schema.org\/CreativeWork\" ><div role=\"tablist\" class=\"single_toggle\" data-tags=\"{Todos} \"  ><p id='toggle-toggle-id-2' data-fake-id='#toggle-id-2' class='toggler  av-title-above '  itemprop=\"headline\"  role='tab' tabindex='0' aria-controls='toggle-id-2' data-slide-speed=\"200\" data-title=\"GABARITOS\" data-title-open=\"\" data-aria_collapsed=\"Click to expand: GABARITOS\" data-aria_expanded=\"Click to collapse: GABARITOS\">GABARITOS<span class=\"toggle_icon\"><span class=\"vert_icon\"><\/span><span class=\"hor_icon\"><\/span><\/span><\/p><div id='toggle-id-2' aria-labelledby='toggle-toggle-id-2' role='region' class='toggle_wrap  av-title-above'  ><div class='toggle_content invers-color '  itemprop=\"text\" ><div id='avia-messagebox-' class='avia_message_box av_notification av-39gmw5-10de8f0faf3006f972a0947f470313e1 avia-color-green avia-size-large avia-icon_select-no avia-border-  avia-builder-el-3  el_after_av_notification  el_before_av_notification ' ><div class=\"avia_message_box_content\"><p>CLICK NO GABARITO PARA FAZER O DOWNLOAD<\/p>\n<\/div><\/div>\n<p>1 &#8211; <a href=\"https:\/\/www.odonto.ufmg.br\/colgrad\/wp-content\/uploads\/ENADE\/GABARITOS\/1 - Gabarito ODONTOLOGIA 2004.pdf\">Gabarito ODONTOLOGIA 2004<\/a><\/p>\n<p>2 &#8211; <a href=\"https:\/\/www.odonto.ufmg.br\/colgrad\/wp-content\/uploads\/ENADE\/GABARITOS\/2 - Gabarito ODONTOLOGIA 2007.pdf\">Gabarito ODONTOLOGIA 2007<\/a><\/p>\n<p>3 &#8211; <a href=\"https:\/\/www.odonto.ufmg.br\/colgrad\/wp-content\/uploads\/ENADE\/GABARITOS\/3 - Gabarito ODONTOLOGIA 2010.pdf\">Gabarito ODONTOLOGIA 2010<\/a><\/p>\n<p>4 &#8211; <a href=\"https:\/\/www.odonto.ufmg.br\/colgrad\/wp-content\/uploads\/ENADE\/GABARITOS\/4 - Gabarito ODONTOLOGIA 2013.pdf\">Gabarito ODONTOLOGIA 2013<\/a><\/p>\n<p>5 &#8211; <a href=\"https:\/\/www.odonto.ufmg.br\/colgrad\/wp-content\/uploads\/ENADE\/GABARITOS\/5 - Gabarito ODONTOLOGIA 2016.pdf\">Gabarito ODONTOLOGIA 2016<\/a><\/p>\n<\/div><\/div><\/div><\/section>\n<section class='av_toggle_section av-2q3mat-585d9f6efc069b51a18774347caa11ed'  itemscope=\"itemscope\" itemtype=\"https:\/\/schema.org\/CreativeWork\" ><div role=\"tablist\" class=\"single_toggle\" data-tags=\"{Todos} \"  ><p id='toggle-toggle-id-3' data-fake-id='#toggle-id-3' class='toggler  av-title-above '  itemprop=\"headline\"  role='tab' tabindex='0' aria-controls='toggle-id-3' data-slide-speed=\"200\" data-title=\"PADR\u00c3O DE RESPOSTAS\" data-title-open=\"\" data-aria_collapsed=\"Click to expand: PADR\u00c3O DE RESPOSTAS\" data-aria_expanded=\"Click to collapse: PADR\u00c3O DE RESPOSTAS\">PADR\u00c3O DE RESPOSTAS<span class=\"toggle_icon\"><span class=\"vert_icon\"><\/span><span class=\"hor_icon\"><\/span><\/span><\/p><div id='toggle-id-3' aria-labelledby='toggle-toggle-id-3' role='region' class='toggle_wrap  av-title-above'  ><div class='toggle_content invers-color '  itemprop=\"text\" ><div id='avia-messagebox-' class='avia_message_box av_notification av-39gmw5-10de8f0faf3006f972a0947f470313e1 avia-color-green avia-size-large avia-icon_select-no avia-border-  avia-builder-el-4  el_after_av_notification  avia-builder-el-last ' ><div class=\"avia_message_box_content\"><p>CLICK NO PADR\u00c3O DE RESPOSTA PARA FAZER O DOWNLOAD<\/p>\n<\/div><\/div>\n<p>1 &#8211; Padr\u00e3o de resposta &#8211; <a href=\"https:\/\/www.odonto.ufmg.br\/colgrad\/wp-content\/uploads\/ENADE\/PADR\u00c3O DE RESPOSTAS\/1 - Padr\u00e3o de resposta ODONTOLOGIA 2004.pdf\">Prova ODONTOLOGIA 2004<\/a><\/p>\n<p>2 &#8211; Padr\u00e3o de resposta &#8211;\u00a0<a href=\"https:\/\/www.odonto.ufmg.br\/colgrad\/wp-content\/uploads\/ENADE\/PADR\u00c3O DE RESPOSTAS\/2 - Padr\u00e3o de resposta ODONTOLOGIA 2007.pdf\">Prova ODONTOLOGIA 2007<\/a><\/p>\n<p>3 &#8211; Padr\u00e3o de resposta &#8211; <a href=\"https:\/\/www.odonto.ufmg.br\/colgrad\/wp-content\/uploads\/ENADE\/PADR\u00c3O DE RESPOSTAS\/3 - Padr\u00e3o de resposta ODONTOLOGIA 2010.pdf\">Prova ODONTOLOGIA 2010<\/a><\/p>\n<p>4 &#8211; Padr\u00e3o de resposta &#8211; <a href=\"https:\/\/www.odonto.ufmg.br\/colgrad\/wp-content\/uploads\/ENADE\/PADR\u00c3O DE RESPOSTAS\/4 - Padr\u00e3o de resposta ODONTOLOGIA 2013.pdf\">Prova ODONTOLOGIA 2013<\/a><\/p>\n<p>5 &#8211; Padr\u00e3o de resposta &#8211; <a href=\"https:\/\/www.odonto.ufmg.br\/colgrad\/wp-content\/uploads\/ENADE\/PADR\u00c3O DE RESPOSTAS\/5 - Padr\u00e3o de resposta ODONTOLOGIA 2016.pdf\">Prova ODONTOLOGIA 2016<\/a><\/p>\n<\/div><\/div><\/div><\/section>\n<section class='av_toggle_section av-1vpvat-5b426eafad18bb644da995e6eabb7fee'  itemscope=\"itemscope\" itemtype=\"https:\/\/schema.org\/CreativeWork\" ><div role=\"tablist\" class=\"single_toggle\" data-tags=\"{Todos} \"  ><p id='toggle-toggle-id-4' data-fake-id='#toggle-id-4' class='toggler  av-title-above '  itemprop=\"headline\"  role='tab' tabindex='0' aria-controls='toggle-id-4' data-slide-speed=\"200\" data-title=\"NOTIFICA\u00c7\u00c3O E CITA\u00c7\u00c3O\" data-title-open=\"\" data-aria_collapsed=\"Click to expand: NOTIFICA\u00c7\u00c3O E CITA\u00c7\u00c3O\" data-aria_expanded=\"Click to collapse: NOTIFICA\u00c7\u00c3O E CITA\u00c7\u00c3O\">NOTIFICA\u00c7\u00c3O E CITA\u00c7\u00c3O<span class=\"toggle_icon\"><span class=\"vert_icon\"><\/span><span class=\"hor_icon\"><\/span><\/span><\/p><div id='toggle-id-4' aria-labelledby='toggle-toggle-id-4' role='region' class='toggle_wrap  av-title-above'  ><div class='toggle_content invers-color '  itemprop=\"text\" ><p><a href=\"http:\/\/www.odonto.ufmg.br\/colgrad\/wp-content\/uploads\/sites\/3\/2019\/07\/NOTIFICA\u00c7\u00c3O-E-CITA\u00c7\u00c3O-FO_COLGRAD_N\u00ba.004_2019.pdf\">NOTIFICA\u00c7\u00c3O E CITA\u00c7\u00c3O FO_COLGRAD_N\u00ba.004_2019<\/a><\/p>\n<\/div><\/div><\/div><\/section>\n<section class='av_toggle_section av-2xqlzp-6f1f04782ba1bfe587f1677ed0aa8126'  itemscope=\"itemscope\" itemtype=\"https:\/\/schema.org\/CreativeWork\" ><div role=\"tablist\" class=\"single_toggle\" data-tags=\"{Todos} \"  ><p id='toggle-toggle-id-5' data-fake-id='#toggle-id-5' class='toggler  av-title-above '  itemprop=\"headline\"  role='tab' tabindex='0' aria-controls='toggle-id-5' data-slide-speed=\"200\" data-title=\"PORTARIAS E RESOLU\u00c7\u00d5ES\" data-title-open=\"\" data-aria_collapsed=\"Click to expand: PORTARIAS E RESOLU\u00c7\u00d5ES\" data-aria_expanded=\"Click to collapse: PORTARIAS E RESOLU\u00c7\u00d5ES\">PORTARIAS E RESOLU\u00c7\u00d5ES<span class=\"toggle_icon\"><span class=\"vert_icon\"><\/span><span class=\"hor_icon\"><\/span><\/span><\/p><div id='toggle-id-5' aria-labelledby='toggle-toggle-id-5' role='region' class='toggle_wrap  av-title-above'  ><div class='toggle_content invers-color '  itemprop=\"text\" ><p>1 &#8211; <a href=\"https:\/\/www.odonto.ufmg.br\/colgrad\/wp-content\/uploads\/ENADE\/DOCUMENTOS\/PORTARIA N\u00ba 828, DE 16 DE ABRIL DE 2019.pdf\">PORTARIA N\u00ba 828, DE 16 DE ABRIL DE 2019<\/a><\/p>\n<p>2 &#8211; <a href=\"https:\/\/www.odonto.ufmg.br\/colgrad\/wp-content\/uploads\/ENADE\/DOCUMENTOS\/PORTARIA NORMATIVA N\u00ba 840, DE 24 DE AGOSTO DE 2018.pdf\">PORTARIA NORMATIVA N\u00ba 840, DE 24 DE AGOSTO DE 2018<\/a><\/p>\n<p>3 &#8211; <a href=\"https:\/\/www.odonto.ufmg.br\/colgrad\/wp-content\/uploads\/ENADE\/DOCUMENTOS\/RESOLU\u00c7\u00c3O N\u00ba 01, DE 31 DE MAIO DE 2019.pdf\">RESOLU\u00c7\u00c3O N\u00ba 01, DE 31 DE MAIO DE 2019<\/a><\/p>\n<\/div><\/div><\/div><\/section>\n<section class='av_toggle_section av-2ehvpx-66f02a4247867bf7f1b4436781414f96'  itemscope=\"itemscope\" itemtype=\"https:\/\/schema.org\/CreativeWork\" ><div role=\"tablist\" class=\"single_toggle\" data-tags=\"{Todos} \"  ><p id='toggle-toggle-id-6' data-fake-id='#toggle-id-6' class='toggler  av-title-above '  itemprop=\"headline\"  role='tab' tabindex='0' aria-controls='toggle-id-6' data-slide-speed=\"200\" data-title=\"CRONOGRAMA\" data-title-open=\"\" data-aria_collapsed=\"Click to expand: CRONOGRAMA\" data-aria_expanded=\"Click to collapse: CRONOGRAMA\">CRONOGRAMA<span class=\"toggle_icon\"><span class=\"vert_icon\"><\/span><span class=\"hor_icon\"><\/span><\/span><\/p><div id='toggle-id-6' aria-labelledby='toggle-toggle-id-6' role='region' class='toggle_wrap  av-title-above'  ><div class='toggle_content invers-color '  itemprop=\"text\" ><p><a href=\"https:\/\/www.odonto.ufmg.br\/colgrad\/wp-content\/uploads\/ENADE\/CRONOGRAMA\/CronogramaEnade2019.pdf\">CRONOGRAMA ENADE 2019<\/a><\/p>\n<\/div><\/div><\/div><\/section>\n<section class='av_toggle_section av-a6jed-7129c1a1fe2824de18161b3dd69e4ab3'  itemscope=\"itemscope\" itemtype=\"https:\/\/schema.org\/CreativeWork\" ><div role=\"tablist\" class=\"single_toggle\" data-tags=\"{Todos} \"  ><p id='toggle-toggle-id-7' data-fake-id='#toggle-id-7' class='toggler  av-title-above '  itemprop=\"headline\"  role='tab' tabindex='0' aria-controls='toggle-id-7' data-slide-speed=\"200\" data-title=\"V\u00cdDEOS\" data-title-open=\"\" data-aria_collapsed=\"Click to expand: V\u00cdDEOS\" data-aria_expanded=\"Click to collapse: V\u00cdDEOS\">V\u00cdDEOS<span class=\"toggle_icon\"><span class=\"vert_icon\"><\/span><span class=\"hor_icon\"><\/span><\/span><\/p><div id='toggle-id-7' aria-labelledby='toggle-toggle-id-7' role='region' class='toggle_wrap  av-title-above'  ><div class='toggle_content invers-color '  itemprop=\"text\" ><p>V\u00cdDEO 1 :\u00a0 <a href=\"https:\/\/www.odonto.ufmg.br\/colgrad\/wp-content\/uploads\/ENADE\/V\u00cdDEOS\/ENADE20192.mp4\">ENADE 2019<\/a><\/p>\n<p>V\u00cdDEO 2:\u00a0 <a href=\"https:\/\/www.odonto.ufmg.br\/colgrad\/wp-content\/uploads\/ENADE\/V\u00cdDEOS\/Tiresuasd\u00favidasaqui.mp4\">TIRE SUAS D\u00daVIDAS AQUI<\/a><\/p>\n<\/div><\/div><\/div><\/section>\n<\/div>\n","protected":false},"excerpt":{"rendered":"","protected":false},"author":20,"featured_media":0,"parent":0,"menu_order":0,"comment_status":"closed","ping_status":"closed","template":"","meta":{"inline_featured_image":false,"footnotes":""},"class_list":["post-1237","page","type-page","status-publish","hentry"],"yoast_head":"<!-- This site is optimized with the Yoast SEO plugin v27.3 - https:\/\/yoast.com\/product\/yoast-seo-wordpress\/ -->\n<title>ENADE - Colegiado de Gradua\u00e7\u00e3o<\/title>\n<meta name=\"robots\" content=\"index, follow, max-snippet:-1, max-image-preview:large, max-video-preview:-1\" \/>\n<link rel=\"canonical\" href=\"https:\/\/www.odonto.ufmg.br\/colgrad\/enade\/\" \/>\n<meta property=\"og:locale\" content=\"pt_BR\" \/>\n<meta property=\"og:type\" content=\"article\" \/>\n<meta property=\"og:title\" content=\"ENADE - Colegiado de Gradua\u00e7\u00e3o\" \/>\n<meta property=\"og:url\" content=\"https:\/\/www.odonto.ufmg.br\/colgrad\/enade\/\" \/>\n<meta property=\"og:site_name\" content=\"Colegiado de Gradua\u00e7\u00e3o\" \/>\n<meta property=\"article:modified_time\" content=\"2020-10-21T18:59:40+00:00\" \/>\n<meta name=\"twitter:card\" content=\"summary_large_image\" \/>\n<meta name=\"twitter:label1\" content=\"Est. tempo de leitura\" \/>\n\t<meta name=\"twitter:data1\" content=\"3 minutos\" \/>\n<script type=\"application\/ld+json\" class=\"yoast-schema-graph\">{\"@context\":\"https:\\\/\\\/schema.org\",\"@graph\":[{\"@type\":\"WebPage\",\"@id\":\"https:\\\/\\\/www.odonto.ufmg.br\\\/colgrad\\\/enade\\\/\",\"url\":\"https:\\\/\\\/www.odonto.ufmg.br\\\/colgrad\\\/enade\\\/\",\"name\":\"ENADE - Colegiado de Gradua\u00e7\u00e3o\",\"isPartOf\":{\"@id\":\"https:\\\/\\\/www.odonto.ufmg.br\\\/colgrad\\\/#website\"},\"datePublished\":\"2019-07-26T16:09:04+00:00\",\"dateModified\":\"2020-10-21T18:59:40+00:00\",\"breadcrumb\":{\"@id\":\"https:\\\/\\\/www.odonto.ufmg.br\\\/colgrad\\\/enade\\\/#breadcrumb\"},\"inLanguage\":\"pt-BR\",\"potentialAction\":[{\"@type\":\"ReadAction\",\"target\":[\"https:\\\/\\\/www.odonto.ufmg.br\\\/colgrad\\\/enade\\\/\"]}]},{\"@type\":\"BreadcrumbList\",\"@id\":\"https:\\\/\\\/www.odonto.ufmg.br\\\/colgrad\\\/enade\\\/#breadcrumb\",\"itemListElement\":[{\"@type\":\"ListItem\",\"position\":1,\"name\":\"In\u00edcio\",\"item\":\"https:\\\/\\\/www.odonto.ufmg.br\\\/colgrad\\\/inicio\\\/\"},{\"@type\":\"ListItem\",\"position\":2,\"name\":\"ENADE\"}]},{\"@type\":\"WebSite\",\"@id\":\"https:\\\/\\\/www.odonto.ufmg.br\\\/colgrad\\\/#website\",\"url\":\"https:\\\/\\\/www.odonto.ufmg.br\\\/colgrad\\\/\",\"name\":\"Colegiado de Gradua\u00e7\u00e3o\",\"description\":\"Faculdade de Odontologia UFMG\",\"potentialAction\":[{\"@type\":\"SearchAction\",\"target\":{\"@type\":\"EntryPoint\",\"urlTemplate\":\"https:\\\/\\\/www.odonto.ufmg.br\\\/colgrad\\\/?s={search_term_string}\"},\"query-input\":{\"@type\":\"PropertyValueSpecification\",\"valueRequired\":true,\"valueName\":\"search_term_string\"}}],\"inLanguage\":\"pt-BR\"}]}<\/script>\n<!-- \/ Yoast SEO plugin. -->","yoast_head_json":{"title":"ENADE - Colegiado de Gradua\u00e7\u00e3o","robots":{"index":"index","follow":"follow","max-snippet":"max-snippet:-1","max-image-preview":"max-image-preview:large","max-video-preview":"max-video-preview:-1"},"canonical":"https:\/\/www.odonto.ufmg.br\/colgrad\/enade\/","og_locale":"pt_BR","og_type":"article","og_title":"ENADE - Colegiado de Gradua\u00e7\u00e3o","og_url":"https:\/\/www.odonto.ufmg.br\/colgrad\/enade\/","og_site_name":"Colegiado de Gradua\u00e7\u00e3o","article_modified_time":"2020-10-21T18:59:40+00:00","twitter_card":"summary_large_image","twitter_misc":{"Est. tempo de leitura":"3 minutos"},"schema":{"@context":"https:\/\/schema.org","@graph":[{"@type":"WebPage","@id":"https:\/\/www.odonto.ufmg.br\/colgrad\/enade\/","url":"https:\/\/www.odonto.ufmg.br\/colgrad\/enade\/","name":"ENADE - Colegiado de Gradua\u00e7\u00e3o","isPartOf":{"@id":"https:\/\/www.odonto.ufmg.br\/colgrad\/#website"},"datePublished":"2019-07-26T16:09:04+00:00","dateModified":"2020-10-21T18:59:40+00:00","breadcrumb":{"@id":"https:\/\/www.odonto.ufmg.br\/colgrad\/enade\/#breadcrumb"},"inLanguage":"pt-BR","potentialAction":[{"@type":"ReadAction","target":["https:\/\/www.odonto.ufmg.br\/colgrad\/enade\/"]}]},{"@type":"BreadcrumbList","@id":"https:\/\/www.odonto.ufmg.br\/colgrad\/enade\/#breadcrumb","itemListElement":[{"@type":"ListItem","position":1,"name":"In\u00edcio","item":"https:\/\/www.odonto.ufmg.br\/colgrad\/inicio\/"},{"@type":"ListItem","position":2,"name":"ENADE"}]},{"@type":"WebSite","@id":"https:\/\/www.odonto.ufmg.br\/colgrad\/#website","url":"https:\/\/www.odonto.ufmg.br\/colgrad\/","name":"Colegiado de Gradua\u00e7\u00e3o","description":"Faculdade de Odontologia UFMG","potentialAction":[{"@type":"SearchAction","target":{"@type":"EntryPoint","urlTemplate":"https:\/\/www.odonto.ufmg.br\/colgrad\/?s={search_term_string}"},"query-input":{"@type":"PropertyValueSpecification","valueRequired":true,"valueName":"search_term_string"}}],"inLanguage":"pt-BR"}]}},"_links":{"self":[{"href":"https:\/\/www.odonto.ufmg.br\/colgrad\/wp-json\/wp\/v2\/pages\/1237","targetHints":{"allow":["GET"]}}],"collection":[{"href":"https:\/\/www.odonto.ufmg.br\/colgrad\/wp-json\/wp\/v2\/pages"}],"about":[{"href":"https:\/\/www.odonto.ufmg.br\/colgrad\/wp-json\/wp\/v2\/types\/page"}],"author":[{"embeddable":true,"href":"https:\/\/www.odonto.ufmg.br\/colgrad\/wp-json\/wp\/v2\/users\/20"}],"replies":[{"embeddable":true,"href":"https:\/\/www.odonto.ufmg.br\/colgrad\/wp-json\/wp\/v2\/comments?post=1237"}],"version-history":[{"count":43,"href":"https:\/\/www.odonto.ufmg.br\/colgrad\/wp-json\/wp\/v2\/pages\/1237\/revisions"}],"predecessor-version":[{"id":2132,"href":"https:\/\/www.odonto.ufmg.br\/colgrad\/wp-json\/wp\/v2\/pages\/1237\/revisions\/2132"}],"wp:attachment":[{"href":"https:\/\/www.odonto.ufmg.br\/colgrad\/wp-json\/wp\/v2\/media?parent=1237"}],"curies":[{"name":"wp","href":"https:\/\/api.w.org\/{rel}","templated":true}]}}