{"id":117,"date":"2015-12-07T16:38:58","date_gmt":"2015-12-07T18:38:58","guid":{"rendered":"http:\/\/www.odonto.ufmg.br\/colgrad\/?page_id=117"},"modified":"2018-11-09T14:58:10","modified_gmt":"2018-11-09T16:58:10","slug":"atas-e-resolucoes","status":"publish","type":"page","link":"https:\/\/www.odonto.ufmg.br\/colgrad\/atas-e-resolucoes\/","title":{"rendered":"Atas"},"content":{"rendered":"\n<style type=\"text\/css\" data-created_by=\"avia_inline_auto\" id=\"style-css-av-av_one_full-9497bbf8bff73ea4c6992cc17fa9ec36\">\n.flex_column.av-av_one_full-9497bbf8bff73ea4c6992cc17fa9ec36{\nborder-radius:0px 0px 0px 0px;\npadding:0px 0px 0px 0px;\n}\n<\/style>\n<div  class='flex_column av-av_one_full-9497bbf8bff73ea4c6992cc17fa9ec36 av_one_full  avia-builder-el-0  el_before_av_hr  avia-builder-el-first  first flex_column_div av-zero-column-padding  '     ><style type=\"text\/css\" data-created_by=\"avia_inline_auto\" id=\"style-css-av-av_heading-82e56c3b973e09f95c2f281aa40f97b8\">\n#top .av-special-heading.av-av_heading-82e56c3b973e09f95c2f281aa40f97b8{\npadding-bottom:10px;\n}\nbody .av-special-heading.av-av_heading-82e56c3b973e09f95c2f281aa40f97b8 .av-special-heading-tag .heading-char{\nfont-size:25px;\n}\n.av-special-heading.av-av_heading-82e56c3b973e09f95c2f281aa40f97b8 .av-subheading{\nfont-size:15px;\n}\n<\/style>\n<div  class='av-special-heading av-av_heading-82e56c3b973e09f95c2f281aa40f97b8 av-special-heading-h1 blockquote modern-quote modern-centered  avia-builder-el-1  avia-builder-el-no-sibling '><h1 class='av-special-heading-tag '  itemprop=\"headline\"  >Atas e Resolu\u00e7\u00f5es &#8211; Colegiado de Gradua\u00e7\u00e3o<\/h1><div class=\"special-heading-border\"><div class=\"special-heading-inner-border\"><\/div><\/div><\/div><\/div>\n<div  class='hr av-av_hr-dcd2069817a0e3d34ae04cad8f3443c7 hr-default  avia-builder-el-2  el_after_av_one_full  el_before_av_blog '><span class='hr-inner '><span class=\"hr-inner-style\"><\/span><\/span><\/div>\n<div  class='av-alb-blogposts template-blog  '  itemscope=\"itemscope\" itemtype=\"https:\/\/schema.org\/Blog\" ><article class=\"post-entry post-entry-type-standard post-entry-3715 post-loop-1 post-parity-odd single-small with-slider post-3715 post type-post status-publish format-standard has-post-thumbnail hentry category-atas\"  itemscope=\"itemscope\" itemtype=\"https:\/\/schema.org\/BlogPosting\" ><div class=\"blog-meta\"><a href='https:\/\/www.odonto.ufmg.br\/colgrad\/documentos\/atas\/ata-da-reuniao-ordinaria-do-colegiado-de-graduacao-dafaculdade-de-odontologia-da-ufmg-realizada-em-12-09-2024-2-2-2-2-2-2-2-2-2-2-2-2-2-2-2-2\/' class='small-preview'  title=\"edital-1030x634\"   itemprop=\"image\" itemscope=\"itemscope\" itemtype=\"https:\/\/schema.org\/ImageObject\" ><img decoding=\"async\" loading=\"lazy\" width=\"180\" height=\"180\" src=\"https:\/\/www.odonto.ufmg.br\/colgrad\/wp-content\/uploads\/sites\/3\/2016\/06\/edital-1030x634-180x180.jpg\" class=\"wp-image-153 avia-img-lazy-loading-153 attachment-square size-square wp-post-image\" alt=\"\" srcset=\"https:\/\/www.odonto.ufmg.br\/colgrad\/wp-content\/uploads\/sites\/3\/2016\/06\/edital-1030x634-180x180.jpg 180w, https:\/\/www.odonto.ufmg.br\/colgrad\/wp-content\/uploads\/sites\/3\/2016\/06\/edital-1030x634-36x36.jpg 36w, https:\/\/www.odonto.ufmg.br\/colgrad\/wp-content\/uploads\/sites\/3\/2016\/06\/edital-1030x634-120x120.jpg 120w, https:\/\/www.odonto.ufmg.br\/colgrad\/wp-content\/uploads\/sites\/3\/2016\/06\/edital-1030x634-450x450.jpg 450w\" sizes=\"auto, (max-width: 180px) 100vw, 180px\" \/><span class='iconfont avia-svg-icon avia-font-svg_entypo-fontello' data-av_svg_icon='pencil' data-av_iconset='svg_entypo-fontello' ><svg version=\"1.1\" xmlns=\"http:\/\/www.w3.org\/2000\/svg\" width=\"25\" height=\"32\" viewBox=\"0 0 25 32\" preserveAspectRatio=\"xMidYMid meet\" role=\"graphics-symbol\" aria-hidden=\"true\">\n<path d=\"M22.976 5.44q1.024 1.024 1.504 2.048t0.48 1.536v0.512l-8.064 8.064-9.28 9.216-7.616 1.664 1.6-7.68 9.28-9.216 8.064-8.064q1.728-0.384 4.032 1.92zM7.168 25.92l0.768-0.768q-0.064-1.408-1.664-3.008-0.704-0.704-1.44-1.12t-1.12-0.416l-0.448-0.064-0.704 0.768-0.576 2.56q0.896 0.512 1.472 1.088 0.768 0.768 1.152 1.536z\"><\/path>\n<\/svg><\/span><\/a><\/div><div class='entry-content-wrapper clearfix standard-content'><header class=\"entry-content-header\" aria-label=\"Post: ATA DA REUNI\u00c3O ORDIN\u00c1RIA DO COLEGIADO DE GRADUA\u00c7\u00c3O DA FACULDADE DE ODONTOLOGIA DA UFMG REALIZADA EM 24\/02\/2026.\"><h2 class='post-title entry-title '  itemprop=\"headline\" ><a href=\"https:\/\/www.odonto.ufmg.br\/colgrad\/documentos\/atas\/ata-da-reuniao-ordinaria-do-colegiado-de-graduacao-dafaculdade-de-odontologia-da-ufmg-realizada-em-12-09-2024-2-2-2-2-2-2-2-2-2-2-2-2-2-2-2-2\/\" rel=\"bookmark\" title=\"Link permanente: ATA DA REUNI\u00c3O ORDIN\u00c1RIA DO COLEGIADO DE GRADUA\u00c7\u00c3O DA FACULDADE DE ODONTOLOGIA DA UFMG REALIZADA EM 24\/02\/2026.\">ATA DA REUNI\u00c3O ORDIN\u00c1RIA DO COLEGIADO DE GRADUA\u00c7\u00c3O DA FACULDADE DE ODONTOLOGIA DA UFMG REALIZADA EM 24\/02\/2026.<span class=\"post-format-icon minor-meta\"><\/span><\/a><\/h2><span class=\"post-meta-infos\"><time class=\"date-container minor-meta updated\"  itemprop=\"datePublished\" datetime=\"2026-04-08T18:30:15-03:00\" >08\/04\/2026<\/time><span class=\"text-sep\">\/<\/span><span class=\"blog-categories minor-meta\">em <a href=\"https:\/\/www.odonto.ufmg.br\/colgrad\/category\/documentos\/atas\/\" rel=\"tag\">Atas<\/a><\/span><span class=\"text-sep\">\/<\/span><span class=\"blog-author minor-meta\">por <span class=\"entry-author-link\"  itemprop=\"author\" ><span class=\"author\"><span class=\"fn\"><a href=\"https:\/\/www.odonto.ufmg.br\/colgrad\/author\/lecio\/\" title=\"Posts de lecio\" rel=\"author\">lecio<\/a><\/span><\/span><\/span><\/span><\/span><\/header><div class=\"entry-content\"  itemprop=\"text\" >\n<p><\/p>\n\n\n\n<p>Aos 24 (vinte quatro) dias do m\u00eas de fevereiro de 2026, \u00e0s 08h30, na sala 2930, reuniu-se o Colegiado de Gradua\u00e7\u00e3o em Odontologia (COLGRAD), sob a presid\u00eancia de seu Coordenador, Prof. Dr. Lucas Guimar\u00e3es Abreu. Para visualizar o documento na \u00edntegra,\u00a0<a href=\"http:\/\/www.odonto.ufmg.br\/colgrad\/wp-content\/uploads\/sites\/3\/2026\/04\/Ata-da-reuniao-Ordinaria-24-02-2026.pdf\">CLIQUE AQUI<\/a><\/p>\n\n\n\n<p><\/p>\n<\/div><footer class=\"entry-footer\"><\/footer><div class='post_delimiter'><\/div><\/div><div class=\"post_author_timeline\"><\/div><span class='hidden'>\n\t\t\t\t<span class='av-structured-data'  itemprop=\"image\" itemscope=\"itemscope\" itemtype=\"https:\/\/schema.org\/ImageObject\" >\n\t\t\t\t\t\t<span itemprop='url'>https:\/\/www.odonto.ufmg.br\/colgrad\/wp-content\/uploads\/sites\/3\/2016\/06\/edital-1030x634.jpg<\/span>\n\t\t\t\t\t\t<span itemprop='height'>634<\/span>\n\t\t\t\t\t\t<span itemprop='width'>1030<\/span>\n\t\t\t\t<\/span>\n\t\t\t\t<span class='av-structured-data'  itemprop=\"publisher\" itemtype=\"https:\/\/schema.org\/Organization\" itemscope=\"itemscope\" >\n\t\t\t\t\t\t<span itemprop='name'>lecio<\/span>\n\t\t\t\t\t\t<span itemprop='logo' itemscope itemtype='https:\/\/schema.org\/ImageObject'>\n\t\t\t\t\t\t\t<span itemprop='url'>http:\/\/www.odonto.ufmg.br\/colgrad\/wp-content\/uploads\/sites\/3\/2015\/12\/logo-colgrad.svg<\/span>\n\t\t\t\t\t\t<\/span>\n\t\t\t\t<\/span><span class='av-structured-data'  itemprop=\"author\" itemscope=\"itemscope\" itemtype=\"https:\/\/schema.org\/Person\" ><span itemprop='name'>lecio<\/span><\/span><span class='av-structured-data'  itemprop=\"datePublished\" datetime=\"2026-04-08T18:30:15-03:00\" >2026-04-08 18:30:15<\/span><span class='av-structured-data'  itemprop=\"dateModified\" itemtype=\"https:\/\/schema.org\/dateModified\" >2026-04-08 18:31:50<\/span><span class='av-structured-data'  itemprop=\"mainEntityOfPage\" itemtype=\"https:\/\/schema.org\/mainEntityOfPage\" ><span itemprop='name'>ATA DA REUNI\u00c3O ORDIN\u00c1RIA DO COLEGIADO DE GRADUA\u00c7\u00c3O DA FACULDADE DE ODONTOLOGIA DA UFMG REALIZADA EM 24\/02\/2026.<\/span><\/span><\/span><\/article><article class=\"post-entry post-entry-type-standard post-entry-3705 post-loop-2 post-parity-even single-small with-slider post-3705 post type-post status-publish format-standard has-post-thumbnail hentry category-atas\"  itemscope=\"itemscope\" itemtype=\"https:\/\/schema.org\/BlogPosting\" ><div class=\"blog-meta\"><a href='https:\/\/www.odonto.ufmg.br\/colgrad\/documentos\/atas\/ata-da-reuniao-ordinaria-do-colegiado-de-graduacao-dafaculdade-de-odontologia-da-ufmg-realizada-em-12-09-2024-2-2-2-2-2-2-2-2-2-2-2-2-2-2-2\/' class='small-preview'  title=\"edital-1030x634\"   itemprop=\"image\" itemscope=\"itemscope\" itemtype=\"https:\/\/schema.org\/ImageObject\" ><img decoding=\"async\" loading=\"lazy\" width=\"180\" height=\"180\" src=\"https:\/\/www.odonto.ufmg.br\/colgrad\/wp-content\/uploads\/sites\/3\/2016\/06\/edital-1030x634-180x180.jpg\" class=\"wp-image-153 avia-img-lazy-loading-153 attachment-square size-square wp-post-image\" alt=\"\" srcset=\"https:\/\/www.odonto.ufmg.br\/colgrad\/wp-content\/uploads\/sites\/3\/2016\/06\/edital-1030x634-180x180.jpg 180w, https:\/\/www.odonto.ufmg.br\/colgrad\/wp-content\/uploads\/sites\/3\/2016\/06\/edital-1030x634-36x36.jpg 36w, https:\/\/www.odonto.ufmg.br\/colgrad\/wp-content\/uploads\/sites\/3\/2016\/06\/edital-1030x634-120x120.jpg 120w, https:\/\/www.odonto.ufmg.br\/colgrad\/wp-content\/uploads\/sites\/3\/2016\/06\/edital-1030x634-450x450.jpg 450w\" sizes=\"auto, (max-width: 180px) 100vw, 180px\" \/><span class='iconfont avia-svg-icon avia-font-svg_entypo-fontello' data-av_svg_icon='pencil' data-av_iconset='svg_entypo-fontello' ><svg version=\"1.1\" xmlns=\"http:\/\/www.w3.org\/2000\/svg\" width=\"25\" height=\"32\" viewBox=\"0 0 25 32\" preserveAspectRatio=\"xMidYMid meet\" role=\"graphics-symbol\" aria-hidden=\"true\">\n<path d=\"M22.976 5.44q1.024 1.024 1.504 2.048t0.48 1.536v0.512l-8.064 8.064-9.28 9.216-7.616 1.664 1.6-7.68 9.28-9.216 8.064-8.064q1.728-0.384 4.032 1.92zM7.168 25.92l0.768-0.768q-0.064-1.408-1.664-3.008-0.704-0.704-1.44-1.12t-1.12-0.416l-0.448-0.064-0.704 0.768-0.576 2.56q0.896 0.512 1.472 1.088 0.768 0.768 1.152 1.536z\"><\/path>\n<\/svg><\/span><\/a><\/div><div class='entry-content-wrapper clearfix standard-content'><header class=\"entry-content-header\" aria-label=\"Post: ATA DA REUNI\u00c3O ORDIN\u00c1RIA DO COLEGIADO DE GRADUA\u00c7\u00c3O DA FACULDADE DE ODONTOLOGIA DA UFMG REALIZADA EM 12\/12\/2025.\"><h2 class='post-title entry-title '  itemprop=\"headline\" ><a href=\"https:\/\/www.odonto.ufmg.br\/colgrad\/documentos\/atas\/ata-da-reuniao-ordinaria-do-colegiado-de-graduacao-dafaculdade-de-odontologia-da-ufmg-realizada-em-12-09-2024-2-2-2-2-2-2-2-2-2-2-2-2-2-2-2\/\" rel=\"bookmark\" title=\"Link permanente: ATA DA REUNI\u00c3O ORDIN\u00c1RIA DO COLEGIADO DE GRADUA\u00c7\u00c3O DA FACULDADE DE ODONTOLOGIA DA UFMG REALIZADA EM 12\/12\/2025.\">ATA DA REUNI\u00c3O ORDIN\u00c1RIA DO COLEGIADO DE GRADUA\u00c7\u00c3O DA FACULDADE DE ODONTOLOGIA DA UFMG REALIZADA EM 12\/12\/2025.<span class=\"post-format-icon minor-meta\"><\/span><\/a><\/h2><span class=\"post-meta-infos\"><time class=\"date-container minor-meta updated\"  itemprop=\"datePublished\" datetime=\"2026-04-07T21:01:17-03:00\" >07\/04\/2026<\/time><span class=\"text-sep\">\/<\/span><span class=\"blog-categories minor-meta\">em <a href=\"https:\/\/www.odonto.ufmg.br\/colgrad\/category\/documentos\/atas\/\" rel=\"tag\">Atas<\/a><\/span><span class=\"text-sep\">\/<\/span><span class=\"blog-author minor-meta\">por <span class=\"entry-author-link\"  itemprop=\"author\" ><span class=\"author\"><span class=\"fn\"><a href=\"https:\/\/www.odonto.ufmg.br\/colgrad\/author\/lecio\/\" title=\"Posts de lecio\" rel=\"author\">lecio<\/a><\/span><\/span><\/span><\/span><\/span><\/header><div class=\"entry-content\"  itemprop=\"text\" >\n<p><\/p>\n\n\n\n<p>Aos 12 (doze) dias do m\u00eas de dezembro de 2025, \u00e0s 08h30, na sala 2912, reuniu-se o Colegiado de Gradua\u00e7\u00e3o em Odontologia (COLGRAD), sob a presid\u00eancia de seu Coordenador, Prof. Dr. Lucas Guimar\u00e3es Abreu. Para visualizar o documento na \u00edntegra,\u00a0<a href=\"http:\/\/www.odonto.ufmg.br\/colgrad\/wp-content\/uploads\/sites\/3\/2026\/04\/ATA_DA_REUNIAO_12_12_2025.pdf\">CLIQUE AQUI<\/a><\/p>\n\n\n\n<p><\/p>\n<\/div><footer class=\"entry-footer\"><\/footer><div class='post_delimiter'><\/div><\/div><div class=\"post_author_timeline\"><\/div><span class='hidden'>\n\t\t\t\t<span class='av-structured-data'  itemprop=\"image\" itemscope=\"itemscope\" itemtype=\"https:\/\/schema.org\/ImageObject\" >\n\t\t\t\t\t\t<span itemprop='url'>https:\/\/www.odonto.ufmg.br\/colgrad\/wp-content\/uploads\/sites\/3\/2016\/06\/edital-1030x634.jpg<\/span>\n\t\t\t\t\t\t<span itemprop='height'>634<\/span>\n\t\t\t\t\t\t<span itemprop='width'>1030<\/span>\n\t\t\t\t<\/span>\n\t\t\t\t<span class='av-structured-data'  itemprop=\"publisher\" itemtype=\"https:\/\/schema.org\/Organization\" itemscope=\"itemscope\" >\n\t\t\t\t\t\t<span itemprop='name'>lecio<\/span>\n\t\t\t\t\t\t<span itemprop='logo' itemscope itemtype='https:\/\/schema.org\/ImageObject'>\n\t\t\t\t\t\t\t<span itemprop='url'>http:\/\/www.odonto.ufmg.br\/colgrad\/wp-content\/uploads\/sites\/3\/2015\/12\/logo-colgrad.svg<\/span>\n\t\t\t\t\t\t<\/span>\n\t\t\t\t<\/span><span class='av-structured-data'  itemprop=\"author\" itemscope=\"itemscope\" itemtype=\"https:\/\/schema.org\/Person\" ><span itemprop='name'>lecio<\/span><\/span><span class='av-structured-data'  itemprop=\"datePublished\" datetime=\"2026-04-07T21:01:17-03:00\" >2026-04-07 21:01:17<\/span><span class='av-structured-data'  itemprop=\"dateModified\" itemtype=\"https:\/\/schema.org\/dateModified\" >2026-04-07 21:01:18<\/span><span class='av-structured-data'  itemprop=\"mainEntityOfPage\" itemtype=\"https:\/\/schema.org\/mainEntityOfPage\" ><span itemprop='name'>ATA DA REUNI\u00c3O ORDIN\u00c1RIA DO COLEGIADO DE GRADUA\u00c7\u00c3O DA FACULDADE DE ODONTOLOGIA DA UFMG REALIZADA EM 12\/12\/2025.<\/span><\/span><\/span><\/article><article class=\"post-entry post-entry-type-standard post-entry-3703 post-loop-3 post-parity-odd post-entry-last single-small with-slider post-3703 post type-post status-publish format-standard has-post-thumbnail hentry category-atas\"  itemscope=\"itemscope\" itemtype=\"https:\/\/schema.org\/BlogPosting\" ><div class=\"blog-meta\"><a href='https:\/\/www.odonto.ufmg.br\/colgrad\/documentos\/atas\/ata-da-reuniao-ordinaria-do-colegiado-de-graduacao-dafaculdade-de-odontologia-da-ufmg-realizada-em-12-09-2024-2-2-2-2-2-2-2-2-2-2-2-2-2-2\/' class='small-preview'  title=\"edital-1030x634\"   itemprop=\"image\" itemscope=\"itemscope\" itemtype=\"https:\/\/schema.org\/ImageObject\" ><img decoding=\"async\" loading=\"lazy\" width=\"180\" height=\"180\" src=\"https:\/\/www.odonto.ufmg.br\/colgrad\/wp-content\/uploads\/sites\/3\/2016\/06\/edital-1030x634-180x180.jpg\" class=\"wp-image-153 avia-img-lazy-loading-153 attachment-square size-square wp-post-image\" alt=\"\" srcset=\"https:\/\/www.odonto.ufmg.br\/colgrad\/wp-content\/uploads\/sites\/3\/2016\/06\/edital-1030x634-180x180.jpg 180w, https:\/\/www.odonto.ufmg.br\/colgrad\/wp-content\/uploads\/sites\/3\/2016\/06\/edital-1030x634-36x36.jpg 36w, https:\/\/www.odonto.ufmg.br\/colgrad\/wp-content\/uploads\/sites\/3\/2016\/06\/edital-1030x634-120x120.jpg 120w, https:\/\/www.odonto.ufmg.br\/colgrad\/wp-content\/uploads\/sites\/3\/2016\/06\/edital-1030x634-450x450.jpg 450w\" sizes=\"auto, (max-width: 180px) 100vw, 180px\" \/><span class='iconfont avia-svg-icon avia-font-svg_entypo-fontello' data-av_svg_icon='pencil' data-av_iconset='svg_entypo-fontello' ><svg version=\"1.1\" xmlns=\"http:\/\/www.w3.org\/2000\/svg\" width=\"25\" height=\"32\" viewBox=\"0 0 25 32\" preserveAspectRatio=\"xMidYMid meet\" role=\"graphics-symbol\" aria-hidden=\"true\">\n<path d=\"M22.976 5.44q1.024 1.024 1.504 2.048t0.48 1.536v0.512l-8.064 8.064-9.28 9.216-7.616 1.664 1.6-7.68 9.28-9.216 8.064-8.064q1.728-0.384 4.032 1.92zM7.168 25.92l0.768-0.768q-0.064-1.408-1.664-3.008-0.704-0.704-1.44-1.12t-1.12-0.416l-0.448-0.064-0.704 0.768-0.576 2.56q0.896 0.512 1.472 1.088 0.768 0.768 1.152 1.536z\"><\/path>\n<\/svg><\/span><\/a><\/div><div class='entry-content-wrapper clearfix standard-content'><header class=\"entry-content-header\" aria-label=\"Post: ATA DA REUNI\u00c3O ORDIN\u00c1RIA DO COLEGIADO DE GRADUA\u00c7\u00c3O DA FACULDADE DE ODONTOLOGIA DA UFMG REALIZADA EM 14\/11\/2025.\"><h2 class='post-title entry-title '  itemprop=\"headline\" ><a href=\"https:\/\/www.odonto.ufmg.br\/colgrad\/documentos\/atas\/ata-da-reuniao-ordinaria-do-colegiado-de-graduacao-dafaculdade-de-odontologia-da-ufmg-realizada-em-12-09-2024-2-2-2-2-2-2-2-2-2-2-2-2-2-2\/\" rel=\"bookmark\" title=\"Link permanente: ATA DA REUNI\u00c3O ORDIN\u00c1RIA DO COLEGIADO DE GRADUA\u00c7\u00c3O DA FACULDADE DE ODONTOLOGIA DA UFMG REALIZADA EM 14\/11\/2025.\">ATA DA REUNI\u00c3O ORDIN\u00c1RIA DO COLEGIADO DE GRADUA\u00c7\u00c3O DA FACULDADE DE ODONTOLOGIA DA UFMG REALIZADA EM 14\/11\/2025.<span class=\"post-format-icon minor-meta\"><\/span><\/a><\/h2><span class=\"post-meta-infos\"><time class=\"date-container minor-meta updated\"  itemprop=\"datePublished\" datetime=\"2026-04-07T20:59:03-03:00\" >07\/04\/2026<\/time><span class=\"text-sep\">\/<\/span><span class=\"blog-categories minor-meta\">em <a href=\"https:\/\/www.odonto.ufmg.br\/colgrad\/category\/documentos\/atas\/\" rel=\"tag\">Atas<\/a><\/span><span class=\"text-sep\">\/<\/span><span class=\"blog-author minor-meta\">por <span class=\"entry-author-link\"  itemprop=\"author\" ><span class=\"author\"><span class=\"fn\"><a href=\"https:\/\/www.odonto.ufmg.br\/colgrad\/author\/lecio\/\" title=\"Posts de lecio\" rel=\"author\">lecio<\/a><\/span><\/span><\/span><\/span><\/span><\/header><div class=\"entry-content\"  itemprop=\"text\" >\n<p><\/p>\n\n\n\n<p>Aos 14 (Quatorze) dias do m\u00eas de novembro de 2025, \u00e0s 13h30, na sala 2912, reuniu-se o Colegiado de Gradua\u00e7\u00e3o em Odontologia (COLGRAD), sob a presid\u00eancia de seu Coordenador, Prof. Dr. Lucas Guimar\u00e3es Abreu. Para visualizar o documento na \u00edntegra,\u00a0<a href=\"http:\/\/www.odonto.ufmg.br\/colgrad\/wp-content\/uploads\/sites\/3\/2026\/04\/ATA_DA_REUNIAO_14_11_2025.pdf\">CLIQUE AQUI<\/a><\/p>\n\n\n\n<p><\/p>\n<\/div><footer class=\"entry-footer\"><\/footer><div class='post_delimiter'><\/div><\/div><div class=\"post_author_timeline\"><\/div><span class='hidden'>\n\t\t\t\t<span class='av-structured-data'  itemprop=\"image\" itemscope=\"itemscope\" itemtype=\"https:\/\/schema.org\/ImageObject\" >\n\t\t\t\t\t\t<span itemprop='url'>https:\/\/www.odonto.ufmg.br\/colgrad\/wp-content\/uploads\/sites\/3\/2016\/06\/edital-1030x634.jpg<\/span>\n\t\t\t\t\t\t<span itemprop='height'>634<\/span>\n\t\t\t\t\t\t<span itemprop='width'>1030<\/span>\n\t\t\t\t<\/span>\n\t\t\t\t<span class='av-structured-data'  itemprop=\"publisher\" itemtype=\"https:\/\/schema.org\/Organization\" itemscope=\"itemscope\" >\n\t\t\t\t\t\t<span itemprop='name'>lecio<\/span>\n\t\t\t\t\t\t<span itemprop='logo' itemscope itemtype='https:\/\/schema.org\/ImageObject'>\n\t\t\t\t\t\t\t<span itemprop='url'>http:\/\/www.odonto.ufmg.br\/colgrad\/wp-content\/uploads\/sites\/3\/2015\/12\/logo-colgrad.svg<\/span>\n\t\t\t\t\t\t<\/span>\n\t\t\t\t<\/span><span class='av-structured-data'  itemprop=\"author\" itemscope=\"itemscope\" itemtype=\"https:\/\/schema.org\/Person\" ><span itemprop='name'>lecio<\/span><\/span><span class='av-structured-data'  itemprop=\"datePublished\" datetime=\"2026-04-07T20:59:03-03:00\" >2026-04-07 20:59:03<\/span><span class='av-structured-data'  itemprop=\"dateModified\" itemtype=\"https:\/\/schema.org\/dateModified\" >2026-04-07 20:59:03<\/span><span class='av-structured-data'  itemprop=\"mainEntityOfPage\" itemtype=\"https:\/\/schema.org\/mainEntityOfPage\" ><span itemprop='name'>ATA DA REUNI\u00c3O ORDIN\u00c1RIA DO COLEGIADO DE GRADUA\u00c7\u00c3O DA FACULDADE DE ODONTOLOGIA DA UFMG REALIZADA EM 14\/11\/2025.<\/span><\/span><\/span><\/article><div class='single-small'><nav class='pagination'><span class='pagination-meta'>P\u00e1gina 1 de 34<\/span><span class='current'>1<\/span><a href='https:\/\/www.odonto.ufmg.br\/colgrad\/wp-json\/wp\/v2\/pages\/117\/page\/2\/' class='inactive next_page' >2<\/a><a href='https:\/\/www.odonto.ufmg.br\/colgrad\/wp-json\/wp\/v2\/pages\/117\/page\/3\/' class='inactive' >3<\/a><a href='https:\/\/www.odonto.ufmg.br\/colgrad\/wp-json\/wp\/v2\/pages\/117\/page\/2\/'>&rsaquo;<\/a><a href='https:\/\/www.odonto.ufmg.br\/colgrad\/wp-json\/wp\/v2\/pages\/117\/page\/34\/'>&raquo;<\/a><\/nav>\n<\/div><\/div>\n","protected":false},"excerpt":{"rendered":"","protected":false},"author":1,"featured_media":0,"parent":0,"menu_order":0,"comment_status":"closed","ping_status":"closed","template":"","meta":{"inline_featured_image":false,"footnotes":""},"class_list":["post-117","page","type-page","status-publish","hentry"],"yoast_head":"<!-- This site is optimized with the Yoast SEO plugin v27.3 - https:\/\/yoast.com\/product\/yoast-seo-wordpress\/ -->\n<title>Atas - Colegiado de Gradua\u00e7\u00e3o<\/title>\n<meta name=\"robots\" content=\"index, follow, max-snippet:-1, max-image-preview:large, max-video-preview:-1\" \/>\n<link rel=\"canonical\" href=\"https:\/\/www.odonto.ufmg.br\/colgrad\/atas-e-resolucoes\/\" \/>\n<meta property=\"og:locale\" content=\"pt_BR\" \/>\n<meta property=\"og:type\" content=\"article\" \/>\n<meta property=\"og:title\" content=\"Atas - Colegiado de Gradua\u00e7\u00e3o\" \/>\n<meta property=\"og:url\" content=\"https:\/\/www.odonto.ufmg.br\/colgrad\/atas-e-resolucoes\/\" \/>\n<meta property=\"og:site_name\" content=\"Colegiado de Gradua\u00e7\u00e3o\" \/>\n<meta property=\"article:modified_time\" content=\"2018-11-09T16:58:10+00:00\" \/>\n<meta name=\"twitter:card\" content=\"summary_large_image\" \/>\n<meta name=\"twitter:label1\" content=\"Est. tempo de leitura\" \/>\n\t<meta name=\"twitter:data1\" content=\"1 minuto\" \/>\n<script type=\"application\/ld+json\" class=\"yoast-schema-graph\">{\"@context\":\"https:\\\/\\\/schema.org\",\"@graph\":[{\"@type\":\"WebPage\",\"@id\":\"https:\\\/\\\/www.odonto.ufmg.br\\\/colgrad\\\/atas-e-resolucoes\\\/\",\"url\":\"https:\\\/\\\/www.odonto.ufmg.br\\\/colgrad\\\/atas-e-resolucoes\\\/\",\"name\":\"Atas - Colegiado de Gradua\u00e7\u00e3o\",\"isPartOf\":{\"@id\":\"https:\\\/\\\/www.odonto.ufmg.br\\\/colgrad\\\/#website\"},\"datePublished\":\"2015-12-07T18:38:58+00:00\",\"dateModified\":\"2018-11-09T16:58:10+00:00\",\"breadcrumb\":{\"@id\":\"https:\\\/\\\/www.odonto.ufmg.br\\\/colgrad\\\/atas-e-resolucoes\\\/#breadcrumb\"},\"inLanguage\":\"pt-BR\",\"potentialAction\":[{\"@type\":\"ReadAction\",\"target\":[\"https:\\\/\\\/www.odonto.ufmg.br\\\/colgrad\\\/atas-e-resolucoes\\\/\"]}]},{\"@type\":\"BreadcrumbList\",\"@id\":\"https:\\\/\\\/www.odonto.ufmg.br\\\/colgrad\\\/atas-e-resolucoes\\\/#breadcrumb\",\"itemListElement\":[{\"@type\":\"ListItem\",\"position\":1,\"name\":\"In\u00edcio\",\"item\":\"https:\\\/\\\/www.odonto.ufmg.br\\\/colgrad\\\/inicio\\\/\"},{\"@type\":\"ListItem\",\"position\":2,\"name\":\"Atas\"}]},{\"@type\":\"WebSite\",\"@id\":\"https:\\\/\\\/www.odonto.ufmg.br\\\/colgrad\\\/#website\",\"url\":\"https:\\\/\\\/www.odonto.ufmg.br\\\/colgrad\\\/\",\"name\":\"Colegiado de Gradua\u00e7\u00e3o\",\"description\":\"Faculdade de Odontologia UFMG\",\"potentialAction\":[{\"@type\":\"SearchAction\",\"target\":{\"@type\":\"EntryPoint\",\"urlTemplate\":\"https:\\\/\\\/www.odonto.ufmg.br\\\/colgrad\\\/?s={search_term_string}\"},\"query-input\":{\"@type\":\"PropertyValueSpecification\",\"valueRequired\":true,\"valueName\":\"search_term_string\"}}],\"inLanguage\":\"pt-BR\"}]}<\/script>\n<!-- \/ Yoast SEO plugin. -->","yoast_head_json":{"title":"Atas - Colegiado de Gradua\u00e7\u00e3o","robots":{"index":"index","follow":"follow","max-snippet":"max-snippet:-1","max-image-preview":"max-image-preview:large","max-video-preview":"max-video-preview:-1"},"canonical":"https:\/\/www.odonto.ufmg.br\/colgrad\/atas-e-resolucoes\/","og_locale":"pt_BR","og_type":"article","og_title":"Atas - Colegiado de Gradua\u00e7\u00e3o","og_url":"https:\/\/www.odonto.ufmg.br\/colgrad\/atas-e-resolucoes\/","og_site_name":"Colegiado de Gradua\u00e7\u00e3o","article_modified_time":"2018-11-09T16:58:10+00:00","twitter_card":"summary_large_image","twitter_misc":{"Est. tempo de leitura":"1 minuto"},"schema":{"@context":"https:\/\/schema.org","@graph":[{"@type":"WebPage","@id":"https:\/\/www.odonto.ufmg.br\/colgrad\/atas-e-resolucoes\/","url":"https:\/\/www.odonto.ufmg.br\/colgrad\/atas-e-resolucoes\/","name":"Atas - Colegiado de Gradua\u00e7\u00e3o","isPartOf":{"@id":"https:\/\/www.odonto.ufmg.br\/colgrad\/#website"},"datePublished":"2015-12-07T18:38:58+00:00","dateModified":"2018-11-09T16:58:10+00:00","breadcrumb":{"@id":"https:\/\/www.odonto.ufmg.br\/colgrad\/atas-e-resolucoes\/#breadcrumb"},"inLanguage":"pt-BR","potentialAction":[{"@type":"ReadAction","target":["https:\/\/www.odonto.ufmg.br\/colgrad\/atas-e-resolucoes\/"]}]},{"@type":"BreadcrumbList","@id":"https:\/\/www.odonto.ufmg.br\/colgrad\/atas-e-resolucoes\/#breadcrumb","itemListElement":[{"@type":"ListItem","position":1,"name":"In\u00edcio","item":"https:\/\/www.odonto.ufmg.br\/colgrad\/inicio\/"},{"@type":"ListItem","position":2,"name":"Atas"}]},{"@type":"WebSite","@id":"https:\/\/www.odonto.ufmg.br\/colgrad\/#website","url":"https:\/\/www.odonto.ufmg.br\/colgrad\/","name":"Colegiado de Gradua\u00e7\u00e3o","description":"Faculdade de Odontologia UFMG","potentialAction":[{"@type":"SearchAction","target":{"@type":"EntryPoint","urlTemplate":"https:\/\/www.odonto.ufmg.br\/colgrad\/?s={search_term_string}"},"query-input":{"@type":"PropertyValueSpecification","valueRequired":true,"valueName":"search_term_string"}}],"inLanguage":"pt-BR"}]}},"_links":{"self":[{"href":"https:\/\/www.odonto.ufmg.br\/colgrad\/wp-json\/wp\/v2\/pages\/117","targetHints":{"allow":["GET"]}}],"collection":[{"href":"https:\/\/www.odonto.ufmg.br\/colgrad\/wp-json\/wp\/v2\/pages"}],"about":[{"href":"https:\/\/www.odonto.ufmg.br\/colgrad\/wp-json\/wp\/v2\/types\/page"}],"author":[{"embeddable":true,"href":"https:\/\/www.odonto.ufmg.br\/colgrad\/wp-json\/wp\/v2\/users\/1"}],"replies":[{"embeddable":true,"href":"https:\/\/www.odonto.ufmg.br\/colgrad\/wp-json\/wp\/v2\/comments?post=117"}],"version-history":[{"count":14,"href":"https:\/\/www.odonto.ufmg.br\/colgrad\/wp-json\/wp\/v2\/pages\/117\/revisions"}],"predecessor-version":[{"id":3146,"href":"https:\/\/www.odonto.ufmg.br\/colgrad\/wp-json\/wp\/v2\/pages\/117\/revisions\/3146"}],"wp:attachment":[{"href":"https:\/\/www.odonto.ufmg.br\/colgrad\/wp-json\/wp\/v2\/media?parent=117"}],"curies":[{"name":"wp","href":"https:\/\/api.w.org\/{rel}","templated":true}]}}