{"id":103,"date":"2015-12-07T16:18:50","date_gmt":"2015-12-07T18:18:50","guid":{"rendered":"http:\/\/www.odonto.ufmg.br\/colgrad\/?page_id=103"},"modified":"2018-11-23T07:53:55","modified_gmt":"2018-11-23T09:53:55","slug":"normas-academicas-fao-ufmg","status":"publish","type":"page","link":"https:\/\/www.odonto.ufmg.br\/colgrad\/normas-academicas-fao-ufmg\/","title":{"rendered":"Normas Acad\u00eamicas"},"content":{"rendered":"\n<style type=\"text\/css\" data-created_by=\"avia_inline_auto\" id=\"style-css-av-av_one_full-9497bbf8bff73ea4c6992cc17fa9ec36\">\n.flex_column.av-av_one_full-9497bbf8bff73ea4c6992cc17fa9ec36{\nborder-radius:0px 0px 0px 0px;\npadding:0px 0px 0px 0px;\n}\n<\/style>\n<div  class='flex_column av-av_one_full-9497bbf8bff73ea4c6992cc17fa9ec36 av_one_full  avia-builder-el-0  el_before_av_hr  avia-builder-el-first  first flex_column_div av-zero-column-padding  '     ><style type=\"text\/css\" data-created_by=\"avia_inline_auto\" id=\"style-css-av-av_heading-ab9ae6bfd23cb4bcdcaa59ecabd221e3\">\n#top .av-special-heading.av-av_heading-ab9ae6bfd23cb4bcdcaa59ecabd221e3{\npadding-bottom:10px;\ncolor:#b02b2c;\n}\nbody .av-special-heading.av-av_heading-ab9ae6bfd23cb4bcdcaa59ecabd221e3 .av-special-heading-tag .heading-char{\nfont-size:25px;\n}\n.av-special-heading.av-av_heading-ab9ae6bfd23cb4bcdcaa59ecabd221e3 .special-heading-inner-border{\nborder-color:#b02b2c;\n}\n.av-special-heading.av-av_heading-ab9ae6bfd23cb4bcdcaa59ecabd221e3 .av-subheading{\nfont-size:15px;\n}\n<\/style>\n<div  class='av-special-heading av-av_heading-ab9ae6bfd23cb4bcdcaa59ecabd221e3 av-special-heading-h1 custom-color-heading blockquote modern-quote modern-centered  avia-builder-el-1  avia-builder-el-no-sibling '><h1 class='av-special-heading-tag '  itemprop=\"headline\"  >NORMAS ACAD\u00caMICAS<\/h1><div class=\"special-heading-border\"><div class=\"special-heading-inner-border\"><\/div><\/div><\/div><\/div>\n<div  class='hr av-av_hr-18aba2b50d7e7bb7ef02e03ea93d45e1 hr-full  avia-builder-el-2  el_after_av_one_full  el_before_av_promobox  hr-no-shadow'><span class='hr-inner '><span class=\"hr-inner-style\"><\/span><\/span><\/div>\n<div  class='av_promobox av-av_promobox-c73b9391e8ff00647738e4fb6e5ea735 avia-button-yes  avia-builder-el-3  el_after_av_hr  el_before_av_promobox '><div class='avia-promocontent'><\/p>\n<h4>NORMAS GERAIS DA GRADUA\u00c7\u00c3O ( em vig\u00eancia at\u00e9 2018\/2)<\/h4>\n<p>\n<\/div><div  class='avia-button-wrap av-av_button-5b99cb8c7957385463ea3ef804101b9c-wrap avia-button-right '><a href='http:\/\/www.odonto.ufmg.br\/colgrad\/wp-content\/uploads\/sites\/3\/2018\/11\/normasGraduacao-ate-2018-2.pdf'  class='avia-button av-av_button-5b99cb8c7957385463ea3ef804101b9c av-link-btn avia-icon_select-no avia-size-large avia-position-right avia-color-theme-color'   aria-label=\"Click me\"><span class='avia_iconbox_title' >Click me<\/span><\/a><\/div><\/div>\n<div  class='av_promobox av-av_promobox-0ae72b3c5e5f1d8e0ad2d4bb00a45a6d avia-button-yes  avia-builder-el-4  el_after_av_promobox  avia-builder-el-last '><div class='avia-promocontent'><\/p>\n<h4>NOVAS NORMAS GERAIS DA GRADUA\u00c7\u00c3O<\/h4>\n<p>\n<\/div><div  class='avia-button-wrap av-av_button-94dc8c215e02e51f26fb4998fe9758d1-wrap avia-button-right '><a href='https:\/\/www.odonto.ufmg.br\/colgrad\/wp-content\/uploads\/sites\/3\/2018\/08\/Resolu%C3%A7%C3%A3o-Complementar-n%C2%BA01_2018-de-20-de-Fevereiro-de-2018.pdf'  class='avia-button av-av_button-94dc8c215e02e51f26fb4998fe9758d1 av-link-btn avia-icon_select-no avia-size-large avia-position-right avia-color-theme-color'   aria-label=\"Click me\"><span class='avia_iconbox_title' >Click me<\/span><\/a><\/div><\/div>\n","protected":false},"excerpt":{"rendered":"","protected":false},"author":1,"featured_media":0,"parent":0,"menu_order":0,"comment_status":"closed","ping_status":"closed","template":"","meta":{"inline_featured_image":false,"footnotes":""},"class_list":["post-103","page","type-page","status-publish","hentry"],"yoast_head":"<!-- This site is optimized with the Yoast SEO plugin v27.5 - https:\/\/yoast.com\/product\/yoast-seo-wordpress\/ -->\n<title>Normas Acad\u00eamicas - Colegiado de Gradua\u00e7\u00e3o<\/title>\n<meta name=\"robots\" content=\"index, follow, max-snippet:-1, max-image-preview:large, max-video-preview:-1\" \/>\n<link rel=\"canonical\" href=\"https:\/\/www.odonto.ufmg.br\/colgrad\/normas-academicas-fao-ufmg\/\" \/>\n<meta property=\"og:locale\" content=\"pt_BR\" \/>\n<meta property=\"og:type\" content=\"article\" \/>\n<meta property=\"og:title\" content=\"Normas Acad\u00eamicas - Colegiado de Gradua\u00e7\u00e3o\" \/>\n<meta property=\"og:url\" content=\"https:\/\/www.odonto.ufmg.br\/colgrad\/normas-academicas-fao-ufmg\/\" \/>\n<meta property=\"og:site_name\" content=\"Colegiado de Gradua\u00e7\u00e3o\" \/>\n<meta property=\"article:modified_time\" content=\"2018-11-23T09:53:55+00:00\" \/>\n<meta name=\"twitter:card\" content=\"summary_large_image\" \/>\n<meta name=\"twitter:label1\" content=\"Est. tempo de leitura\" \/>\n\t<meta name=\"twitter:data1\" content=\"1 minuto\" \/>\n<script type=\"application\/ld+json\" class=\"yoast-schema-graph\">{\"@context\":\"https:\\\/\\\/schema.org\",\"@graph\":[{\"@type\":\"WebPage\",\"@id\":\"https:\\\/\\\/www.odonto.ufmg.br\\\/colgrad\\\/normas-academicas-fao-ufmg\\\/\",\"url\":\"https:\\\/\\\/www.odonto.ufmg.br\\\/colgrad\\\/normas-academicas-fao-ufmg\\\/\",\"name\":\"Normas Acad\u00eamicas - Colegiado de Gradua\u00e7\u00e3o\",\"isPartOf\":{\"@id\":\"https:\\\/\\\/www.odonto.ufmg.br\\\/colgrad\\\/#website\"},\"datePublished\":\"2015-12-07T18:18:50+00:00\",\"dateModified\":\"2018-11-23T09:53:55+00:00\",\"breadcrumb\":{\"@id\":\"https:\\\/\\\/www.odonto.ufmg.br\\\/colgrad\\\/normas-academicas-fao-ufmg\\\/#breadcrumb\"},\"inLanguage\":\"pt-BR\",\"potentialAction\":[{\"@type\":\"ReadAction\",\"target\":[\"https:\\\/\\\/www.odonto.ufmg.br\\\/colgrad\\\/normas-academicas-fao-ufmg\\\/\"]}]},{\"@type\":\"BreadcrumbList\",\"@id\":\"https:\\\/\\\/www.odonto.ufmg.br\\\/colgrad\\\/normas-academicas-fao-ufmg\\\/#breadcrumb\",\"itemListElement\":[{\"@type\":\"ListItem\",\"position\":1,\"name\":\"In\u00edcio\",\"item\":\"https:\\\/\\\/www.odonto.ufmg.br\\\/colgrad\\\/inicio\\\/\"},{\"@type\":\"ListItem\",\"position\":2,\"name\":\"Normas Acad\u00eamicas\"}]},{\"@type\":\"WebSite\",\"@id\":\"https:\\\/\\\/www.odonto.ufmg.br\\\/colgrad\\\/#website\",\"url\":\"https:\\\/\\\/www.odonto.ufmg.br\\\/colgrad\\\/\",\"name\":\"Colegiado de Gradua\u00e7\u00e3o\",\"description\":\"Faculdade de Odontologia UFMG\",\"potentialAction\":[{\"@type\":\"SearchAction\",\"target\":{\"@type\":\"EntryPoint\",\"urlTemplate\":\"https:\\\/\\\/www.odonto.ufmg.br\\\/colgrad\\\/?s={search_term_string}\"},\"query-input\":{\"@type\":\"PropertyValueSpecification\",\"valueRequired\":true,\"valueName\":\"search_term_string\"}}],\"inLanguage\":\"pt-BR\"}]}<\/script>\n<!-- \/ Yoast SEO plugin. -->","yoast_head_json":{"title":"Normas Acad\u00eamicas - Colegiado de Gradua\u00e7\u00e3o","robots":{"index":"index","follow":"follow","max-snippet":"max-snippet:-1","max-image-preview":"max-image-preview:large","max-video-preview":"max-video-preview:-1"},"canonical":"https:\/\/www.odonto.ufmg.br\/colgrad\/normas-academicas-fao-ufmg\/","og_locale":"pt_BR","og_type":"article","og_title":"Normas Acad\u00eamicas - Colegiado de Gradua\u00e7\u00e3o","og_url":"https:\/\/www.odonto.ufmg.br\/colgrad\/normas-academicas-fao-ufmg\/","og_site_name":"Colegiado de Gradua\u00e7\u00e3o","article_modified_time":"2018-11-23T09:53:55+00:00","twitter_card":"summary_large_image","twitter_misc":{"Est. tempo de leitura":"1 minuto"},"schema":{"@context":"https:\/\/schema.org","@graph":[{"@type":"WebPage","@id":"https:\/\/www.odonto.ufmg.br\/colgrad\/normas-academicas-fao-ufmg\/","url":"https:\/\/www.odonto.ufmg.br\/colgrad\/normas-academicas-fao-ufmg\/","name":"Normas Acad\u00eamicas - Colegiado de Gradua\u00e7\u00e3o","isPartOf":{"@id":"https:\/\/www.odonto.ufmg.br\/colgrad\/#website"},"datePublished":"2015-12-07T18:18:50+00:00","dateModified":"2018-11-23T09:53:55+00:00","breadcrumb":{"@id":"https:\/\/www.odonto.ufmg.br\/colgrad\/normas-academicas-fao-ufmg\/#breadcrumb"},"inLanguage":"pt-BR","potentialAction":[{"@type":"ReadAction","target":["https:\/\/www.odonto.ufmg.br\/colgrad\/normas-academicas-fao-ufmg\/"]}]},{"@type":"BreadcrumbList","@id":"https:\/\/www.odonto.ufmg.br\/colgrad\/normas-academicas-fao-ufmg\/#breadcrumb","itemListElement":[{"@type":"ListItem","position":1,"name":"In\u00edcio","item":"https:\/\/www.odonto.ufmg.br\/colgrad\/inicio\/"},{"@type":"ListItem","position":2,"name":"Normas Acad\u00eamicas"}]},{"@type":"WebSite","@id":"https:\/\/www.odonto.ufmg.br\/colgrad\/#website","url":"https:\/\/www.odonto.ufmg.br\/colgrad\/","name":"Colegiado de Gradua\u00e7\u00e3o","description":"Faculdade de Odontologia UFMG","potentialAction":[{"@type":"SearchAction","target":{"@type":"EntryPoint","urlTemplate":"https:\/\/www.odonto.ufmg.br\/colgrad\/?s={search_term_string}"},"query-input":{"@type":"PropertyValueSpecification","valueRequired":true,"valueName":"search_term_string"}}],"inLanguage":"pt-BR"}]}},"_links":{"self":[{"href":"https:\/\/www.odonto.ufmg.br\/colgrad\/wp-json\/wp\/v2\/pages\/103","targetHints":{"allow":["GET"]}}],"collection":[{"href":"https:\/\/www.odonto.ufmg.br\/colgrad\/wp-json\/wp\/v2\/pages"}],"about":[{"href":"https:\/\/www.odonto.ufmg.br\/colgrad\/wp-json\/wp\/v2\/types\/page"}],"author":[{"embeddable":true,"href":"https:\/\/www.odonto.ufmg.br\/colgrad\/wp-json\/wp\/v2\/users\/1"}],"replies":[{"embeddable":true,"href":"https:\/\/www.odonto.ufmg.br\/colgrad\/wp-json\/wp\/v2\/comments?post=103"}],"version-history":[{"count":10,"href":"https:\/\/www.odonto.ufmg.br\/colgrad\/wp-json\/wp\/v2\/pages\/103\/revisions"}],"predecessor-version":[{"id":1069,"href":"https:\/\/www.odonto.ufmg.br\/colgrad\/wp-json\/wp\/v2\/pages\/103\/revisions\/1069"}],"wp:attachment":[{"href":"https:\/\/www.odonto.ufmg.br\/colgrad\/wp-json\/wp\/v2\/media?parent=103"}],"curies":[{"name":"wp","href":"https:\/\/api.w.org\/{rel}","templated":true}]}}