{"id":3475,"date":"2015-12-09T17:13:14","date_gmt":"2015-12-09T19:13:14","guid":{"rendered":"http:\/\/www.odonto.ufmg.br\/cenex\/?page_id=3475"},"modified":"2026-03-25T14:59:00","modified_gmt":"2026-03-25T17:59:00","slug":"cursos-e-eventos-3","status":"publish","type":"page","link":"https:\/\/www.odonto.ufmg.br\/cenex\/cursos-e-eventos-3\/","title":{"rendered":"Cursos e Eventos"},"content":{"rendered":"\n<style type=\"text\/css\" data-created_by=\"avia_inline_auto\" id=\"style-css-av-7n19kz-2f2d0806a2464fdcb02a55231399b6ea\">\n.flex_column.av-7n19kz-2f2d0806a2464fdcb02a55231399b6ea{\nborder-radius:0px 0px 0px 0px;\npadding:0px 0px 0px 0px;\n}\n<\/style>\n<div  class='flex_column av-7n19kz-2f2d0806a2464fdcb02a55231399b6ea av_one_half  avia-builder-el-0  el_before_av_one_half  avia-builder-el-first  first flex_column_div av-zero-column-padding  '     ><article  class='iconbox iconbox_top av-63y8oz-4c5f7b4e00e8bacded777ab8cdf39e1e  avia-builder-el-1  avia-builder-el-no-sibling  main_color'  itemscope=\"itemscope\" itemtype=\"https:\/\/schema.org\/CreativeWork\" ><div class=\"iconbox_content\"><header class=\"entry-content-header\" aria-label=\"Icon: Em oferta\"><a href='https:\/\/www.odonto.ufmg.br\/cenex\/atualizacao\/' title='Em oferta' aria-label='Em oferta'  class='iconbox_icon heading-color avia-svg-icon avia-font-svg_entypo-fontello' data-av_svg_icon='user-add' data-av_iconset='svg_entypo-fontello' ><svg version=\"1.1\" xmlns=\"http:\/\/www.w3.org\/2000\/svg\" width=\"32\" height=\"32\" viewBox=\"0 0 32 32\" preserveAspectRatio=\"xMidYMid meet\" aria-labelledby='av-svg-title-1' aria-describedby='av-svg-desc-1' role=\"graphics-symbol\">\n<title id='av-svg-title-1'>Em oferta<\/title>\n<desc id='av-svg-desc-1'>Em oferta<\/desc>\n<path d=\"M19.84 23.104q5.76 2.048 5.76 3.904v3.392h-25.6v-6.464q1.152-0.448 2.624-0.832 3.008-1.088 4.128-2.208t1.12-3.040q0-0.704-0.736-1.536t-0.992-2.368q-0.064-0.384-0.736-0.8t-0.8-1.952q0-0.512 0.16-0.832t0.288-0.384l0.128-0.128q-0.256-1.6-0.384-2.816-0.192-1.728 1.28-3.584t5.12-1.856 5.12 1.856 1.344 3.584l-0.448 2.816q0.576 0.256 0.576 1.344-0.064 0.896-0.288 1.376t-0.448 0.544-0.448 0.256-0.288 0.576q-0.32 1.472-1.056 2.336t-0.736 1.568q0 1.92 1.152 3.040t4.16 2.208zM27.2 14.4h4.8v3.2h-4.8v4.8h-3.2v-4.8h-4.8v-3.2h4.8v-4.8h3.2v4.8z\"><\/path>\n<\/svg><\/a><h3 class='iconbox_content_title '  itemprop=\"headline\" ><a href='https:\/\/www.odonto.ufmg.br\/cenex\/atualizacao\/' title='Em oferta' >Em oferta<\/a><\/h3><\/header><div class='iconbox_content_container '  itemprop=\"text\" ><p>Aperfei\u00e7oamento, Atualiza\u00e7\u00e3o, Cursos Intensivos, Inicia\u00e7\u00e3o Profissional.<\/p>\n<\/div><\/div><footer class=\"entry-footer\"><\/footer><\/article><\/div>\n<style type=\"text\/css\" data-created_by=\"avia_inline_auto\" id=\"style-css-av-2ohd9f-6c7a4d6ae2fe6cb432711f49a016911e\">\n.flex_column.av-2ohd9f-6c7a4d6ae2fe6cb432711f49a016911e{\nborder-radius:0px 0px 0px 0px;\npadding:0px 0px 0px 0px;\n}\n<\/style>\n<div  class='flex_column av-2ohd9f-6c7a4d6ae2fe6cb432711f49a016911e av_one_half  avia-builder-el-2  el_after_av_one_half  avia-builder-el-last  flex_column_div av-zero-column-padding  '     ><article  class='iconbox iconbox_top av-mc20rz6w-b17f2e5a53a92f0b0aef0ee13f08036e  avia-builder-el-3  avia-builder-el-no-sibling  main_color'  itemscope=\"itemscope\" itemtype=\"https:\/\/schema.org\/CreativeWork\" ><div class=\"iconbox_content\"><header class=\"entry-content-header\" aria-label=\"Icon: Em andamento\"><a href='https:\/\/www.odonto.ufmg.br\/cenex\/iniciacao-profissional\/' title='Em andamento' aria-label='Em andamento'  class='iconbox_icon heading-color avia-svg-icon avia-font-svg_entypo-fontello' data-av_svg_icon='users' data-av_iconset='svg_entypo-fontello' ><svg version=\"1.1\" xmlns=\"http:\/\/www.w3.org\/2000\/svg\" width=\"32\" height=\"32\" viewBox=\"0 0 32 32\" preserveAspectRatio=\"xMidYMid meet\" aria-labelledby='av-svg-title-2' aria-describedby='av-svg-desc-2' role=\"graphics-symbol\">\n<title id='av-svg-title-2'>Em andamento<\/title>\n<desc id='av-svg-desc-2'>Em andamento<\/desc>\n<path d=\"M32 30.080h-7.168v-4.8q0-1.728-0.96-2.592t-4.928-2.848q1.28-0.96 1.28-2.688 0-0.512-0.416-1.056t-0.608-1.632q-0.064-0.256-0.448-0.512t-0.448-1.344q0-0.768 0.384-0.96-0.192-1.088-0.256-1.92-0.128-1.216 0.736-2.496t3.040-1.28 3.072 1.28 0.768 2.496l-0.256 1.92q0.384 0.192 0.384 0.96-0.064 1.088-0.448 1.344t-0.448 0.512q-0.192 1.088-0.608 1.632t-0.416 1.056q0 1.344 0.672 2.112t2.464 1.536q3.584 1.472 4.16 2.56 0.192 0.256 0.288 1.952t0.16 3.232v1.536zM16.384 21.696q5.824 2.496 5.824 3.968v4.416h-22.208v-5.888q0-1.408 2.688-2.496 2.432-1.024 3.328-2.048t0.896-2.816q0-0.64-0.608-1.408t-0.8-2.176q-0.064-0.32-0.576-0.704t-0.64-1.792q0-0.448 0.096-0.736t0.224-0.416l0.128-0.064q-0.192-1.472-0.32-2.624-0.128-1.6 1.056-3.296t4.064-1.696 4.064 1.696 1.056 3.296l-0.32 2.624q0.448 0.256 0.448 1.216-0.128 1.408-0.64 1.792t-0.576 0.704q-0.192 1.408-0.8 2.176t-0.608 1.408q0 1.792 0.896 2.816t3.328 2.048z\"><\/path>\n<\/svg><\/a><h3 class='iconbox_content_title '  itemprop=\"headline\" ><a href='https:\/\/www.odonto.ufmg.br\/cenex\/iniciacao-profissional\/' title='Em andamento' >Em andamento<\/a><\/h3><\/header><div class='iconbox_content_container '  itemprop=\"text\" ><p>Aperfei\u00e7oamento, Atualiza\u00e7\u00e3o, Cursos Intensivos, Inicia\u00e7\u00e3o Profissional.<\/p>\n<\/div><\/div><footer class=\"entry-footer\"><\/footer><\/article><\/div><\/p>\n","protected":false},"excerpt":{"rendered":"","protected":false},"author":1,"featured_media":0,"parent":0,"menu_order":0,"comment_status":"closed","ping_status":"closed","template":"","meta":{"inline_featured_image":false,"footnotes":""},"class_list":["post-3475","page","type-page","status-publish","hentry"],"yoast_head":"<!-- This site is optimized with the Yoast SEO plugin v27.3 - https:\/\/yoast.com\/product\/yoast-seo-wordpress\/ -->\n<title>Cursos e Eventos | CENEX Odonto<\/title>\n<meta name=\"robots\" content=\"index, follow, max-snippet:-1, max-image-preview:large, max-video-preview:-1\" \/>\n<link rel=\"canonical\" href=\"https:\/\/www.odonto.ufmg.br\/cenex\/cursos-e-eventos-3\/\" \/>\n<meta property=\"og:locale\" content=\"pt_BR\" \/>\n<meta property=\"og:type\" content=\"article\" \/>\n<meta property=\"og:title\" content=\"Cursos e Eventos | CENEX Odonto\" \/>\n<meta property=\"og:url\" content=\"https:\/\/www.odonto.ufmg.br\/cenex\/cursos-e-eventos-3\/\" \/>\n<meta property=\"og:site_name\" content=\"CENEX Odonto\" \/>\n<meta property=\"article:publisher\" content=\"https:\/\/www.facebook.com\/cenexfao\/?locale=pt_BR\" \/>\n<meta property=\"article:modified_time\" content=\"2026-03-25T17:59:00+00:00\" \/>\n<meta name=\"twitter:card\" content=\"summary_large_image\" \/>\n<meta name=\"twitter:label1\" content=\"Est. tempo de leitura\" \/>\n\t<meta name=\"twitter:data1\" content=\"1 minuto\" \/>\n<script type=\"application\/ld+json\" class=\"yoast-schema-graph\">{\"@context\":\"https:\\\/\\\/schema.org\",\"@graph\":[{\"@type\":\"WebPage\",\"@id\":\"https:\\\/\\\/www.odonto.ufmg.br\\\/cenex\\\/cursos-e-eventos-3\\\/\",\"url\":\"https:\\\/\\\/www.odonto.ufmg.br\\\/cenex\\\/cursos-e-eventos-3\\\/\",\"name\":\"Cursos e Eventos | CENEX Odonto\",\"isPartOf\":{\"@id\":\"https:\\\/\\\/www.odonto.ufmg.br\\\/cenex\\\/#website\"},\"datePublished\":\"2015-12-09T19:13:14+00:00\",\"dateModified\":\"2026-03-25T17:59:00+00:00\",\"breadcrumb\":{\"@id\":\"https:\\\/\\\/www.odonto.ufmg.br\\\/cenex\\\/cursos-e-eventos-3\\\/#breadcrumb\"},\"inLanguage\":\"pt-BR\",\"potentialAction\":[{\"@type\":\"ReadAction\",\"target\":[\"https:\\\/\\\/www.odonto.ufmg.br\\\/cenex\\\/cursos-e-eventos-3\\\/\"]}]},{\"@type\":\"BreadcrumbList\",\"@id\":\"https:\\\/\\\/www.odonto.ufmg.br\\\/cenex\\\/cursos-e-eventos-3\\\/#breadcrumb\",\"itemListElement\":[{\"@type\":\"ListItem\",\"position\":1,\"name\":\"In\u00edcio\",\"item\":\"https:\\\/\\\/www.odonto.ufmg.br\\\/cenex\\\/cenex\\\/\"},{\"@type\":\"ListItem\",\"position\":2,\"name\":\"Cursos e Eventos\"}]},{\"@type\":\"WebSite\",\"@id\":\"https:\\\/\\\/www.odonto.ufmg.br\\\/cenex\\\/#website\",\"url\":\"https:\\\/\\\/www.odonto.ufmg.br\\\/cenex\\\/\",\"name\":\"CENEX Odonto\",\"description\":\"Centro de Extens\u00e3o - Faculdade de Odontologia UFMG\",\"publisher\":{\"@id\":\"https:\\\/\\\/www.odonto.ufmg.br\\\/cenex\\\/#organization\"},\"potentialAction\":[{\"@type\":\"SearchAction\",\"target\":{\"@type\":\"EntryPoint\",\"urlTemplate\":\"https:\\\/\\\/www.odonto.ufmg.br\\\/cenex\\\/?s={search_term_string}\"},\"query-input\":{\"@type\":\"PropertyValueSpecification\",\"valueRequired\":true,\"valueName\":\"search_term_string\"}}],\"inLanguage\":\"pt-BR\"},{\"@type\":\"Organization\",\"@id\":\"https:\\\/\\\/www.odonto.ufmg.br\\\/cenex\\\/#organization\",\"name\":\"Faculdade de Odontologia da UFMG\",\"url\":\"https:\\\/\\\/www.odonto.ufmg.br\\\/cenex\\\/\",\"logo\":{\"@type\":\"ImageObject\",\"inLanguage\":\"pt-BR\",\"@id\":\"https:\\\/\\\/www.odonto.ufmg.br\\\/cenex\\\/#\\\/schema\\\/logo\\\/image\\\/\",\"url\":\"http:\\\/\\\/www.odonto.ufmg.br\\\/cenex\\\/wp-content\\\/uploads\\\/sites\\\/2\\\/2015\\\/12\\\/logo_cenex.svg\",\"contentUrl\":\"http:\\\/\\\/www.odonto.ufmg.br\\\/cenex\\\/wp-content\\\/uploads\\\/sites\\\/2\\\/2015\\\/12\\\/logo_cenex.svg\",\"width\":1,\"height\":1,\"caption\":\"Faculdade de Odontologia da UFMG\"},\"image\":{\"@id\":\"https:\\\/\\\/www.odonto.ufmg.br\\\/cenex\\\/#\\\/schema\\\/logo\\\/image\\\/\"},\"sameAs\":[\"https:\\\/\\\/www.facebook.com\\\/cenexfao\\\/?locale=pt_BR\",\"https:\\\/\\\/www.instagram.com\\\/cenexfao\\\/\"]}]}<\/script>\n<!-- \/ Yoast SEO plugin. -->","yoast_head_json":{"title":"Cursos e Eventos | CENEX Odonto","robots":{"index":"index","follow":"follow","max-snippet":"max-snippet:-1","max-image-preview":"max-image-preview:large","max-video-preview":"max-video-preview:-1"},"canonical":"https:\/\/www.odonto.ufmg.br\/cenex\/cursos-e-eventos-3\/","og_locale":"pt_BR","og_type":"article","og_title":"Cursos e Eventos | CENEX Odonto","og_url":"https:\/\/www.odonto.ufmg.br\/cenex\/cursos-e-eventos-3\/","og_site_name":"CENEX Odonto","article_publisher":"https:\/\/www.facebook.com\/cenexfao\/?locale=pt_BR","article_modified_time":"2026-03-25T17:59:00+00:00","twitter_card":"summary_large_image","twitter_misc":{"Est. tempo de leitura":"1 minuto"},"schema":{"@context":"https:\/\/schema.org","@graph":[{"@type":"WebPage","@id":"https:\/\/www.odonto.ufmg.br\/cenex\/cursos-e-eventos-3\/","url":"https:\/\/www.odonto.ufmg.br\/cenex\/cursos-e-eventos-3\/","name":"Cursos e Eventos | CENEX Odonto","isPartOf":{"@id":"https:\/\/www.odonto.ufmg.br\/cenex\/#website"},"datePublished":"2015-12-09T19:13:14+00:00","dateModified":"2026-03-25T17:59:00+00:00","breadcrumb":{"@id":"https:\/\/www.odonto.ufmg.br\/cenex\/cursos-e-eventos-3\/#breadcrumb"},"inLanguage":"pt-BR","potentialAction":[{"@type":"ReadAction","target":["https:\/\/www.odonto.ufmg.br\/cenex\/cursos-e-eventos-3\/"]}]},{"@type":"BreadcrumbList","@id":"https:\/\/www.odonto.ufmg.br\/cenex\/cursos-e-eventos-3\/#breadcrumb","itemListElement":[{"@type":"ListItem","position":1,"name":"In\u00edcio","item":"https:\/\/www.odonto.ufmg.br\/cenex\/cenex\/"},{"@type":"ListItem","position":2,"name":"Cursos e Eventos"}]},{"@type":"WebSite","@id":"https:\/\/www.odonto.ufmg.br\/cenex\/#website","url":"https:\/\/www.odonto.ufmg.br\/cenex\/","name":"CENEX Odonto","description":"Centro de Extens\u00e3o - Faculdade de Odontologia UFMG","publisher":{"@id":"https:\/\/www.odonto.ufmg.br\/cenex\/#organization"},"potentialAction":[{"@type":"SearchAction","target":{"@type":"EntryPoint","urlTemplate":"https:\/\/www.odonto.ufmg.br\/cenex\/?s={search_term_string}"},"query-input":{"@type":"PropertyValueSpecification","valueRequired":true,"valueName":"search_term_string"}}],"inLanguage":"pt-BR"},{"@type":"Organization","@id":"https:\/\/www.odonto.ufmg.br\/cenex\/#organization","name":"Faculdade de Odontologia da UFMG","url":"https:\/\/www.odonto.ufmg.br\/cenex\/","logo":{"@type":"ImageObject","inLanguage":"pt-BR","@id":"https:\/\/www.odonto.ufmg.br\/cenex\/#\/schema\/logo\/image\/","url":"http:\/\/www.odonto.ufmg.br\/cenex\/wp-content\/uploads\/sites\/2\/2015\/12\/logo_cenex.svg","contentUrl":"http:\/\/www.odonto.ufmg.br\/cenex\/wp-content\/uploads\/sites\/2\/2015\/12\/logo_cenex.svg","width":1,"height":1,"caption":"Faculdade de Odontologia da UFMG"},"image":{"@id":"https:\/\/www.odonto.ufmg.br\/cenex\/#\/schema\/logo\/image\/"},"sameAs":["https:\/\/www.facebook.com\/cenexfao\/?locale=pt_BR","https:\/\/www.instagram.com\/cenexfao\/"]}]}},"_links":{"self":[{"href":"https:\/\/www.odonto.ufmg.br\/cenex\/wp-json\/wp\/v2\/pages\/3475","targetHints":{"allow":["GET"]}}],"collection":[{"href":"https:\/\/www.odonto.ufmg.br\/cenex\/wp-json\/wp\/v2\/pages"}],"about":[{"href":"https:\/\/www.odonto.ufmg.br\/cenex\/wp-json\/wp\/v2\/types\/page"}],"author":[{"embeddable":true,"href":"https:\/\/www.odonto.ufmg.br\/cenex\/wp-json\/wp\/v2\/users\/1"}],"replies":[{"embeddable":true,"href":"https:\/\/www.odonto.ufmg.br\/cenex\/wp-json\/wp\/v2\/comments?post=3475"}],"version-history":[{"count":28,"href":"https:\/\/www.odonto.ufmg.br\/cenex\/wp-json\/wp\/v2\/pages\/3475\/revisions"}],"predecessor-version":[{"id":18152,"href":"https:\/\/www.odonto.ufmg.br\/cenex\/wp-json\/wp\/v2\/pages\/3475\/revisions\/18152"}],"wp:attachment":[{"href":"https:\/\/www.odonto.ufmg.br\/cenex\/wp-json\/wp\/v2\/media?parent=3475"}],"curies":[{"name":"wp","href":"https:\/\/api.w.org\/{rel}","templated":true}]}}