{"id":33,"date":"2015-09-28T10:55:32","date_gmt":"2015-09-28T13:55:32","guid":{"rendered":"http:\/\/184.168.147.247\/~fao\/sites\/cenex\/?page_id=33"},"modified":"2026-03-11T15:46:29","modified_gmt":"2026-03-11T18:46:29","slug":"historia","status":"publish","type":"page","link":"https:\/\/www.odonto.ufmg.br\/cenex\/historia\/","title":{"rendered":"Hist\u00f3ria"},"content":{"rendered":"\n<style type=\"text\/css\" data-created_by=\"avia_inline_auto\" id=\"style-css-av-mmmdiaz0-c518333b820fd8a494ef27b65769bdd2\">\n.avia-image-container.av-mmmdiaz0-c518333b820fd8a494ef27b65769bdd2 img.avia_image{\nbox-shadow:none;\n}\n.avia-image-container.av-mmmdiaz0-c518333b820fd8a494ef27b65769bdd2 .av-image-caption-overlay-center{\ncolor:#ffffff;\n}\n<\/style>\n<div  class='avia-image-container av-mmmdiaz0-c518333b820fd8a494ef27b65769bdd2 av-styling- avia-align-center  avia-builder-el-0  el_before_av_one_fifth  avia-builder-el-first '   itemprop=\"image\" itemscope=\"itemscope\" itemtype=\"https:\/\/schema.org\/ImageObject\" ><div class=\"avia-image-container-inner\"><div class=\"avia-image-overlay-wrap\"><img decoding=\"async\" fetchpriority=\"high\" class='wp-image-17976 avia-img-lazy-loading-not-17976 avia_image ' src=\"https:\/\/www.odonto.ufmg.br\/cenex\/wp-content\/uploads\/sites\/2\/2026\/03\/EXTENSAO.png\" alt='' title='EXTENS\u00c3O'  height=\"315\" width=\"851\"  itemprop=\"thumbnailUrl\" srcset=\"https:\/\/www.odonto.ufmg.br\/cenex\/wp-content\/uploads\/sites\/2\/2026\/03\/EXTENSAO.png 851w, https:\/\/www.odonto.ufmg.br\/cenex\/wp-content\/uploads\/sites\/2\/2026\/03\/EXTENSAO-300x111.png 300w, https:\/\/www.odonto.ufmg.br\/cenex\/wp-content\/uploads\/sites\/2\/2026\/03\/EXTENSAO-80x30.png 80w, https:\/\/www.odonto.ufmg.br\/cenex\/wp-content\/uploads\/sites\/2\/2026\/03\/EXTENSAO-768x284.png 768w, https:\/\/www.odonto.ufmg.br\/cenex\/wp-content\/uploads\/sites\/2\/2026\/03\/EXTENSAO-705x261.png 705w\" sizes=\"(max-width: 851px) 100vw, 851px\" \/><\/div><\/div><\/div>\n<div  class='flex_column av-3fu4l-adbe147fbd3d98e409fac21238dca157 av_one_fifth  avia-builder-el-1  el_after_av_image  el_before_av_one_half  first flex_column_div  '     ><\/div>\n<div  class='flex_column av-aaxp-d358060cd5cb9cdbe5542aa52926d45e av_one_half  avia-builder-el-2  el_after_av_one_fifth  el_before_av_one_fourth  flex_column_div  '     ><style type=\"text\/css\" data-created_by=\"avia_inline_auto\" id=\"style-css-av-mmmdk4l8-395aa51744273025fa5898892a7dd08f\">\n#top .av_textblock_section.av-mmmdk4l8-395aa51744273025fa5898892a7dd08f .avia_textblock{\ncolor:#0c4930;\n}\n<\/style>\n<section  class='av_textblock_section av-mmmdk4l8-395aa51744273025fa5898892a7dd08f '   itemscope=\"itemscope\" itemtype=\"https:\/\/schema.org\/CreativeWork\" ><div class='avia_textblock av_inherit_color'  itemprop=\"text\" ><p><em><span dir=\"auto\" style=\"vertical-align: inherit\">\u201cA Extens\u00e3o Universit\u00e1ria \u00e9 o processo educativo, cultural e cient\u00edfico que articula o Ensino e a Pesquisa de forma indissoci\u00e1vel e viabiliza a rela\u00e7\u00e3o transformadora entre a Universidade e a sociedade\u201d. (FORPROEX, 2007)<\/span><\/em><\/p>\n<\/div><\/section><\/div><div  class='flex_column av-22hcp-6f77696458382d003a9e0b6a78928353 av_one_fourth  avia-builder-el-4  el_after_av_one_half  el_before_av_one_full  flex_column_div  '     ><\/div><\/p>\n\n<style type=\"text\/css\" data-created_by=\"avia_inline_auto\" id=\"style-css-av-3pend-cdd39fb0b28a6ef1b43a947d91878b87\">\n.flex_column.av-3pend-cdd39fb0b28a6ef1b43a947d91878b87{\nborder-radius:0px 0px 0px 0px;\npadding:0px 0px 0px 0px;\n}\n<\/style>\n<div  class='flex_column av-3pend-cdd39fb0b28a6ef1b43a947d91878b87 av_one_full  avia-builder-el-5  el_after_av_one_fourth  el_before_av_one_full  first flex_column_div av-zero-column-padding  column-top-margin'     ><p><section  class='av_textblock_section av-3282x-d1439e0c11d5cfcc71ca9867899435b6 '   itemscope=\"itemscope\" itemtype=\"https:\/\/schema.org\/CreativeWork\" ><div class='avia_textblock av_inherit_color'  itemprop=\"text\" ><p><span dir=\"auto\" style=\"vertical-align: inherit\"><span dir=\"auto\" style=\"vertical-align: inherit\"><span dir=\"auto\" style=\"vertical-align: inherit\"><span dir=\"auto\" style=\"vertical-align: inherit\"><span dir=\"auto\" style=\"vertical-align: inherit\"><span dir=\"auto\" style=\"vertical-align: inherit\">Historicamente, a extens\u00e3o vem evoluindo e demonstrando a relev\u00e2ncia de sua atua\u00e7\u00e3o no contexto acad\u00eamico-social. A Faculdade de Odontologia da Universidade Federal de Minas Gerais (FO\/UFMG), em conson\u00e2ncia com as diretrizes para Extens\u00e3o Universit\u00e1ria, vem contribuindo para o aprimoramento da intera\u00e7\u00e3o dial\u00f3gica com a sociedade e com as atividades extensionistas que comp\u00f5em o trip\u00e9: ensino, pesquisa e extens\u00e3o.<\/span><\/span><\/span><\/span><\/span><\/span><\/p>\n<p><span dir=\"auto\" style=\"vertical-align: inherit\"><span dir=\"auto\" style=\"vertical-align: inherit\"><span dir=\"auto\" style=\"vertical-align: inherit\"><span dir=\"auto\" style=\"vertical-align: inherit\"><span dir=\"auto\" style=\"vertical-align: inherit\"><span dir=\"auto\" style=\"vertical-align: inherit\">O Centro de Extens\u00e3o da Faculdade de Odontologia da UFMG (CENEX\/FAO) \u2013 como \u00f3rg\u00e3o de promo\u00e7\u00e3o, planejamento, gest\u00e3o, organiza\u00e7\u00e3o, assessoramento e divulga\u00e7\u00e3o das atividades extensionistas da Unidade, foi criado em 04\/03\/1977 e, em 1\u00ba\/04\/1977, ocorreu a primeira reuni\u00e3o do Conselho Administrativo. O CENEX FAO\/UFMG se constituiu em um \u00f3rg\u00e3o de assessoramento das atividades extensionistas, vinculado administrativamente \u00e0 Diretoria.<\/span><\/span><\/span><\/span><\/span><\/span><\/p>\n<p><span dir=\"auto\" style=\"vertical-align: inherit\"><span dir=\"auto\" style=\"vertical-align: inherit\"><span dir=\"auto\" style=\"vertical-align: inherit\"><span dir=\"auto\" style=\"vertical-align: inherit\"><span dir=\"auto\" style=\"vertical-align: inherit\"><span dir=\"auto\" style=\"vertical-align: inherit\">A institucionaliza\u00e7\u00e3o dos Centros de Extens\u00e3o como \u00f3rg\u00e3os colegiados na estrutura organizacional da UFMG ocorreu em 2020. Assim, a Egr\u00e9gia Congrega\u00e7\u00e3o da Faculdade de Odontologia da UFMG aprovou, em 04 de mar\u00e7o de 2021, a Resolu\u00e7\u00e3o n\u00ba 02\/2021, que regulamenta a composi\u00e7\u00e3o e as compet\u00eancias do Centro de Extens\u00e3o da Faculdade de Odontologia da UFMG, considerando a Resolu\u00e7\u00e3o Complementar n\u00ba 05\/2020 do Conselho Universit\u00e1rio, de 22 de outubro de 2020, que aprova a cria\u00e7\u00e3o dos Centros de Extens\u00e3o na UFMG e a Resolu\u00e7\u00e3o Complementar n\u00ba 06\/2020, do Conselho Universit\u00e1rio, de 22 de outubro de 2020, que regulamenta a composi\u00e7\u00e3o e compet\u00eancias dos Centros de Extens\u00e3o na UFMG.<\/span><\/span><\/span><\/span><\/span><\/span><\/p>\n<p><span dir=\"auto\" style=\"vertical-align: inherit\">Em reuni\u00e3o realizada em 15 de junho de 2021, o Colegiado do Centro de Extens\u00e3o aprovou a Resolu\u00e7\u00e3o CENEX FAO n\u00ba 01\/2021, que aprova o <\/span><strong><u><a href=\"https:\/\/www.odonto.ufmg.br\/cenex\/wp-content\/uploads\/sites\/2\/2021\/06\/Regimento-Interno-CENEX-FAO-UFMG.pdf\"><span dir=\"auto\" style=\"vertical-align: inherit\">Regimento Interno do Centro de Extens\u00e3o da Faculdade de Odontologia da UFMG<\/span><\/a><\/u><\/strong><span dir=\"auto\" style=\"vertical-align: inherit\">, estabelecendo as normas que guiar\u00e3o as atividades e o funcionamento do \u00f3rg\u00e3o em conson\u00e2ncia com a Resolu\u00e7\u00e3o Complementar n\u00ba 05\/2020, a Resolu\u00e7\u00e3o Complementar n\u00ba 06\/2020, do Conselho Universit\u00e1rio, e a Resolu\u00e7\u00e3o n\u00ba 02\/2021 da Faculdade de Odontologia da UFMG.<\/span><\/p>\n<\/div><\/section><br \/>\n\n<style type=\"text\/css\" data-created_by=\"avia_inline_auto\" id=\"style-css-av-mmmdqrpv-4f9c78738b3eb95717dd7543788e0eb9\">\n#top .hr.hr-invisible.av-mmmdqrpv-4f9c78738b3eb95717dd7543788e0eb9{\nheight:50px;\n}\n<\/style>\n<div  class='hr av-mmmdqrpv-4f9c78738b3eb95717dd7543788e0eb9 hr-invisible  avia-builder-el-7  el_after_av_textblock  el_before_av_textblock '><span class='hr-inner '><span class=\"hr-inner-style\"><\/span><\/span><\/div><br \/>\n\n<style type=\"text\/css\" data-created_by=\"avia_inline_auto\" id=\"style-css-av-mmmdpsax-0e30c0a7f0bd7fb32a3ff0c8d43fc5f4\">\n#top .av_textblock_section.av-mmmdpsax-0e30c0a7f0bd7fb32a3ff0c8d43fc5f4 .avia_textblock{\ncolor:#0c4930;\n}\n<\/style>\n<section  class='av_textblock_section av-mmmdpsax-0e30c0a7f0bd7fb32a3ff0c8d43fc5f4 '   itemscope=\"itemscope\" itemtype=\"https:\/\/schema.org\/CreativeWork\" ><div class='avia_textblock av_inherit_color'  itemprop=\"text\" ><p><span dir=\"auto\" style=\"vertical-align: inherit\"><span dir=\"auto\" style=\"vertical-align: inherit\"><span dir=\"auto\" style=\"vertical-align: inherit\"><span dir=\"auto\" style=\"vertical-align: inherit\"><span dir=\"auto\" style=\"vertical-align: inherit\"><span dir=\"auto\" style=\"vertical-align: inherit\"><span dir=\"auto\" style=\"vertical-align: inherit\"><span dir=\"auto\" style=\"vertical-align: inherit\"><span dir=\"auto\" style=\"vertical-align: inherit\">Em seu Art. 6\u00ba, o Centro de Extens\u00e3o \u00e9 definido:<\/span><\/span><\/span><\/span><\/span><\/span><\/span><\/span><\/span><\/p>\n<p><em><span dir=\"auto\" style=\"vertical-align: inherit\"><span dir=\"auto\" style=\"vertical-align: inherit\"><span dir=\"auto\" style=\"vertical-align: inherit\"><span dir=\"auto\" style=\"vertical-align: inherit\"><span dir=\"auto\" style=\"vertical-align: inherit\"><span dir=\"auto\" style=\"vertical-align: inherit\"><span dir=\"auto\" style=\"vertical-align: inherit\"><span dir=\"auto\" style=\"vertical-align: inherit\"><span dir=\"auto\" style=\"vertical-align: inherit\">\u201cArt. 6o O Centro de Extens\u00e3o, doravante denominado CENEX\/FAO \u00e9 um \u00f3rg\u00e3o colegiado de gest\u00e3o acad\u00eamica e administrativa das atividades de extens\u00e3o no \u00e2mbito da Faculdade de Odontologia da UFMG vinculado administrativamente \u00e0 Diretoria e articulado com a Pr\u00f3-Reitoria de Extens\u00e3o.\u201d<\/span><\/span><\/span><\/span><\/span><\/span><\/span><\/span><\/span><\/em><\/p>\n<\/div><\/section><br \/>\n\n<style type=\"text\/css\" data-created_by=\"avia_inline_auto\" id=\"style-css-av-1ft2l-5eec966225b8a362b5e1bf371da3fdb0\">\n#top .hr.hr-invisible.av-1ft2l-5eec966225b8a362b5e1bf371da3fdb0{\nheight:50px;\n}\n<\/style>\n<div  class='hr av-1ft2l-5eec966225b8a362b5e1bf371da3fdb0 hr-invisible  avia-builder-el-9  el_after_av_textblock  el_before_av_textblock '><span class='hr-inner '><span class=\"hr-inner-style\"><\/span><\/span><\/div><br \/>\n<section  class='av_textblock_section av-mmmdvg9u-985b48117934eb21bbd0616c92715fa5 '   itemscope=\"itemscope\" itemtype=\"https:\/\/schema.org\/CreativeWork\" ><div class='avia_textblock'  itemprop=\"text\" ><p><span dir=\"auto\" style=\"vertical-align: inherit\"><span dir=\"auto\" style=\"vertical-align: inherit\"><span dir=\"auto\" style=\"vertical-align: inherit\"><span dir=\"auto\" style=\"vertical-align: inherit\"><span dir=\"auto\" style=\"vertical-align: inherit\"><span dir=\"auto\" style=\"vertical-align: inherit\"><span dir=\"auto\" style=\"vertical-align: inherit\">O CENEX se articula com a Pr\u00f3-Reitoria de Extens\u00e3o da UFMG para o acompanhamento das atividades relativas \u00e0 gest\u00e3o da extens\u00e3o, observando as normas e os procedimentos disciplinados pelos \u00f3rg\u00e3os competentes.<\/span><\/span><\/span><\/span><\/span><\/span><\/span><\/p>\n<p><span dir=\"auto\" style=\"vertical-align: inherit\"><span dir=\"auto\" style=\"vertical-align: inherit\"><span dir=\"auto\" style=\"vertical-align: inherit\"><span dir=\"auto\" style=\"vertical-align: inherit\"><span dir=\"auto\" style=\"vertical-align: inherit\"><span dir=\"auto\" style=\"vertical-align: inherit\"><span dir=\"auto\" style=\"vertical-align: inherit\">Todas as atividades de extens\u00e3o da Faculdade de Odontologia est\u00e3o sob a responsabilidade do CENEX FAO\/UFMG. Essas atividades s\u00e3o dos seguintes tipos: programa, projeto, curso, evento e presta\u00e7\u00e3o de servi\u00e7o.\u00a0 Todas elas se pautam no princ\u00edpio da indissociabilidade entre ensino, pesquisa e extens\u00e3o e s\u00e3o, em geral, interdisciplinares, de car\u00e1ter educativo, cultural e cient\u00edfico.<\/span><\/span><\/span><\/span><\/span><\/span><\/span><\/p>\n<\/div><\/section><br \/>\n\n<style type=\"text\/css\" data-created_by=\"avia_inline_auto\" id=\"style-css-av-9n0l-057cf80c4e9226563880c09020b42c8a\">\n#top .hr.av-9n0l-057cf80c4e9226563880c09020b42c8a{\nmargin-top:4px;\nmargin-bottom:4px;\n}\n.hr.av-9n0l-057cf80c4e9226563880c09020b42c8a .hr-inner{\nwidth:100%;\nborder-color:#ffffff;\n}\n<\/style>\n<div  class='hr av-9n0l-057cf80c4e9226563880c09020b42c8a hr-custom  avia-builder-el-11  el_after_av_textblock  el_before_av_heading  hr-center hr-icon-no'><span class='hr-inner inner-border-av-border-thin'><span class=\"hr-inner-style\"><\/span><\/span><\/div><br \/>\n\n<style type=\"text\/css\" data-created_by=\"avia_inline_auto\" id=\"style-css-av-1v155-8283d5e46c60cdd4915c44ef72f1e984\">\n#top .av-special-heading.av-1v155-8283d5e46c60cdd4915c44ef72f1e984{\npadding-bottom:10px;\ncolor:#0c4930;\n}\nbody .av-special-heading.av-1v155-8283d5e46c60cdd4915c44ef72f1e984 .av-special-heading-tag .heading-char{\nfont-size:25px;\n}\n.av-special-heading.av-1v155-8283d5e46c60cdd4915c44ef72f1e984 .special-heading-inner-border{\nborder-color:#0c4930;\n}\n.av-special-heading.av-1v155-8283d5e46c60cdd4915c44ef72f1e984 .av-subheading{\nfont-size:15px;\n}\n<\/style>\n<div  class='av-special-heading av-1v155-8283d5e46c60cdd4915c44ef72f1e984 av-special-heading-h3 custom-color-heading  avia-builder-el-12  el_after_av_hr  el_before_av_hr '><h3 class='av-special-heading-tag '  itemprop=\"headline\"  >Coordenadores do Centro de Extens\u00e3o de 1977 a 2025<\/h3><div class=\"special-heading-border\"><div class=\"special-heading-inner-border\"><\/div><\/div><\/div><br \/>\n\n<style type=\"text\/css\" data-created_by=\"avia_inline_auto\" id=\"style-css-av-5agh-39f1ab0553ae4a40b170d54308451401\">\n#top .hr.av-5agh-39f1ab0553ae4a40b170d54308451401{\nmargin-top:4px;\nmargin-bottom:4px;\n}\n.hr.av-5agh-39f1ab0553ae4a40b170d54308451401 .hr-inner{\nwidth:100%;\nborder-color:#ffffff;\n}\n<\/style>\n<div  class='hr av-5agh-39f1ab0553ae4a40b170d54308451401 hr-custom  avia-builder-el-13  el_after_av_heading  el_before_av_textblock  hr-center hr-icon-no'><span class='hr-inner inner-border-av-border-thin'><span class=\"hr-inner-style\"><\/span><\/span><\/div><br \/>\n<section  class='av_textblock_section av-122bh-e53e645931cd5d6694204cc6b2a255a2 '   itemscope=\"itemscope\" itemtype=\"https:\/\/schema.org\/CreativeWork\" ><div class='avia_textblock'  itemprop=\"text\" ><table class=\"table table-striped table-bordered al-center\" style=\"height: 1022px\" width=\"1040\">\n<thead>\n<tr class=\"al-center\">\n<th>#<\/th>\n<th>ANO<\/th>\n<th>COORDENADOR<\/th>\n<th>SUBCOORDENADOR<\/th>\n<\/tr>\n<\/thead>\n<tbody>\n<tr>\n<td>1<\/td>\n<td>04\/1977 \u2013 05\/1979<\/td>\n<td>Jos\u00e9 Moreira dos Santos<\/td>\n<td>Humberto de Campos<\/td>\n<\/tr>\n<tr>\n<td>2<\/td>\n<td>05\/1980 \u2013 02\/1981<\/td>\n<td>Pedro Lincoln de Figueiredo Motta<\/td>\n<td>Marcus Azevedo Furquim Werneck<\/td>\n<\/tr>\n<tr>\n<td>3<\/td>\n<td>07\/1981 \u2013 11\/1983<\/td>\n<td>H\u00e9lio da Silva Henrique<\/td>\n<td><\/td>\n<\/tr>\n<tr>\n<td>4<\/td>\n<td>05\/1984 \u2013 03\/1986<\/td>\n<td>J\u00falio Wansteio<\/td>\n<td><\/td>\n<\/tr>\n<tr>\n<td>5<\/td>\n<td>04\/1986 \u2013 10\/1987<\/td>\n<td>Marcelo de Faria<\/td>\n<td>Edgar Carvalho Silva Filho<\/td>\n<\/tr>\n<tr>\n<td>6<\/td>\n<td>11\/1987 \u2013 12\/1988<\/td>\n<td>Benedito Campos Marques<\/td>\n<td>Edgar Carvalho Silva Filho<\/td>\n<\/tr>\n<tr>\n<td>7<\/td>\n<td>04\/1989 \u2013 10\/1988<\/td>\n<td>Marcelo de Faria<\/td>\n<td>Edgar Carvalho Silva Filho<\/td>\n<\/tr>\n<tr>\n<td>8<\/td>\n<td>03\/1990 \u2013 04\/1991<\/td>\n<td>Luiz C\u00e9sar Fonseca Alves<\/td>\n<td>Edgar Carvalho Silva Filho<\/td>\n<\/tr>\n<tr>\n<td>9<\/td>\n<td>05\/1992 \u2013 02\/1994<\/td>\n<td>Marisa Drumond Martins<\/td>\n<td><\/td>\n<\/tr>\n<tr>\n<td>10<\/td>\n<td>02\/1994 \u2013 02\/1996<\/td>\n<td>Maria Antonieta Silveira Moraes<\/td>\n<td><\/td>\n<\/tr>\n<tr>\n<td>11<\/td>\n<td>03\/1996 \u2013 03\/1998<\/td>\n<td>Maria Antonieta Silveira Moraes<\/td>\n<td><\/td>\n<\/tr>\n<tr>\n<td>12<\/td>\n<td>07\/1998 \u2013 11\/1998<\/td>\n<td>Mara Vasconcelos<\/td>\n<td><\/td>\n<\/tr>\n<tr>\n<td>13<\/td>\n<td>04\/1999 \u2013 02\/2002<\/td>\n<td>Miriam Pimenta Parreira do Vale<\/td>\n<td>Telma Campos Medeiros Lorentz<\/td>\n<\/tr>\n<tr>\n<td>14<\/td>\n<td>03\/2002 \u2013 06\/2006<\/td>\n<td>Juliana Vilela Bastos<\/td>\n<td>Ivan Doche Barreiros<\/td>\n<\/tr>\n<tr>\n<td>15<\/td>\n<td>08\/2006 \u2013 06\/2010<\/td>\n<td>Miriam Pimenta Parreira do Vale<\/td>\n<td>Fl\u00e1vio de Freitas Mattos<\/td>\n<\/tr>\n<tr>\n<td>16<\/td>\n<td>06\/2010 \u2013 06\/2014<\/td>\n<td>Fl\u00e1vio de Freitas Mattos<\/td>\n<td>Sheyla M\u00e1rcia Auad<\/td>\n<\/tr>\n<tr>\n<td>17<\/td>\n<td>23\/06\/2014 \u201323\/06\/2016<\/td>\n<td>Henrique Pretti<\/td>\n<td>Efig\u00eania Ferreira e Ferreira<\/td>\n<\/tr>\n<tr>\n<td>18<\/td>\n<td>17\/01\/2016 &#8211; 17\/01\/2018<\/td>\n<td>Patr\u00edcia Maria Pereira de Ara\u00fajo Zarzar<\/td>\n<td>Ana Cristina Borges de Oliveira<\/td>\n<\/tr>\n<tr>\n<td>19<\/td>\n<td>18\/01\/2018 &#8211; 18\/01\/2020<\/td>\n<td>Fl\u00e1vio de Freitas Mattos<\/td>\n<td>Walison Arthuso Vasconcellos<\/td>\n<\/tr>\n<tr>\n<td>20<\/td>\n<td>05\/07\/2018 \u2013 05\/07\/2020<\/td>\n<td>Maria In\u00eas Barreiros Senna<\/td>\n<td>Walison Arthuso Vasconcellos<\/td>\n<\/tr>\n<tr>\n<td>21<\/td>\n<td>07\/2020 \u2013 05\/2021<br \/>\n(pro tempore)<\/td>\n<td>Maria In\u00eas Barreiros Senna<\/td>\n<td>Walison Arthuso Vasconcellos<\/td>\n<\/tr>\n<tr>\n<td>22<\/td>\n<td>06\/2021 \u2013 05\/2023<\/td>\n<td>Maria In\u00eas Barreiros Senna<\/td>\n<td>Walison Arthuso Vasconcellos<\/td>\n<\/tr>\n<tr>\n<td>23<\/td>\n<td>07\/05\/2023 \u2013 07\/05\/2025<\/td>\n<td>Renata Magalh\u00e3es Cyrino<\/td>\n<td>Isabella Faria da Cunha Peixoto<\/td>\n<\/tr>\n<tr>\n<td>24<\/td>\n<td>08\/05\/2025 \u2013 07\/05\/2027<\/td>\n<td>Renata Magalh\u00e3es Cyrino<\/td>\n<td>Isabella Faria da Cunha Peixoto<\/td>\n<\/tr>\n<\/tbody>\n<\/table>\n<\/div><\/section><\/p><\/div><div  class='flex_column av-16g19-7f20cb2456051ff56649d3afe9fcfeba av_one_full  avia-builder-el-15  el_after_av_one_full  avia-builder-el-last  first flex_column_div  column-top-margin'     ><\/div><\/p>\n","protected":false},"excerpt":{"rendered":"","protected":false},"author":1,"featured_media":0,"parent":0,"menu_order":0,"comment_status":"closed","ping_status":"closed","template":"","meta":{"inline_featured_image":false,"footnotes":""},"class_list":["post-33","page","type-page","status-publish","hentry"],"yoast_head":"<!-- This site is optimized with the Yoast SEO plugin v27.3 - https:\/\/yoast.com\/product\/yoast-seo-wordpress\/ -->\n<title>Hist\u00f3ria | CENEX Odonto<\/title>\n<meta name=\"robots\" content=\"index, follow, max-snippet:-1, max-image-preview:large, max-video-preview:-1\" \/>\n<link rel=\"canonical\" href=\"https:\/\/www.odonto.ufmg.br\/cenex\/historia\/\" \/>\n<meta property=\"og:locale\" content=\"pt_BR\" \/>\n<meta property=\"og:type\" content=\"article\" \/>\n<meta property=\"og:title\" content=\"Hist\u00f3ria | CENEX Odonto\" \/>\n<meta property=\"og:url\" content=\"https:\/\/www.odonto.ufmg.br\/cenex\/historia\/\" \/>\n<meta property=\"og:site_name\" content=\"CENEX Odonto\" \/>\n<meta property=\"article:publisher\" content=\"https:\/\/www.facebook.com\/cenexfao\/?locale=pt_BR\" \/>\n<meta property=\"article:modified_time\" content=\"2026-03-11T18:46:29+00:00\" \/>\n<meta name=\"twitter:card\" content=\"summary_large_image\" \/>\n<meta name=\"twitter:label1\" content=\"Est. tempo de leitura\" \/>\n\t<meta name=\"twitter:data1\" content=\"5 minutos\" \/>\n<script type=\"application\/ld+json\" class=\"yoast-schema-graph\">{\"@context\":\"https:\\\/\\\/schema.org\",\"@graph\":[{\"@type\":\"WebPage\",\"@id\":\"https:\\\/\\\/www.odonto.ufmg.br\\\/cenex\\\/historia\\\/\",\"url\":\"https:\\\/\\\/www.odonto.ufmg.br\\\/cenex\\\/historia\\\/\",\"name\":\"Hist\u00f3ria | CENEX Odonto\",\"isPartOf\":{\"@id\":\"https:\\\/\\\/www.odonto.ufmg.br\\\/cenex\\\/#website\"},\"datePublished\":\"2015-09-28T13:55:32+00:00\",\"dateModified\":\"2026-03-11T18:46:29+00:00\",\"breadcrumb\":{\"@id\":\"https:\\\/\\\/www.odonto.ufmg.br\\\/cenex\\\/historia\\\/#breadcrumb\"},\"inLanguage\":\"pt-BR\",\"potentialAction\":[{\"@type\":\"ReadAction\",\"target\":[\"https:\\\/\\\/www.odonto.ufmg.br\\\/cenex\\\/historia\\\/\"]}]},{\"@type\":\"BreadcrumbList\",\"@id\":\"https:\\\/\\\/www.odonto.ufmg.br\\\/cenex\\\/historia\\\/#breadcrumb\",\"itemListElement\":[{\"@type\":\"ListItem\",\"position\":1,\"name\":\"In\u00edcio\",\"item\":\"https:\\\/\\\/www.odonto.ufmg.br\\\/cenex\\\/cenex\\\/\"},{\"@type\":\"ListItem\",\"position\":2,\"name\":\"Hist\u00f3ria\"}]},{\"@type\":\"WebSite\",\"@id\":\"https:\\\/\\\/www.odonto.ufmg.br\\\/cenex\\\/#website\",\"url\":\"https:\\\/\\\/www.odonto.ufmg.br\\\/cenex\\\/\",\"name\":\"CENEX Odonto\",\"description\":\"Centro de Extens\u00e3o - Faculdade de Odontologia UFMG\",\"publisher\":{\"@id\":\"https:\\\/\\\/www.odonto.ufmg.br\\\/cenex\\\/#organization\"},\"potentialAction\":[{\"@type\":\"SearchAction\",\"target\":{\"@type\":\"EntryPoint\",\"urlTemplate\":\"https:\\\/\\\/www.odonto.ufmg.br\\\/cenex\\\/?s={search_term_string}\"},\"query-input\":{\"@type\":\"PropertyValueSpecification\",\"valueRequired\":true,\"valueName\":\"search_term_string\"}}],\"inLanguage\":\"pt-BR\"},{\"@type\":\"Organization\",\"@id\":\"https:\\\/\\\/www.odonto.ufmg.br\\\/cenex\\\/#organization\",\"name\":\"Faculdade de Odontologia da UFMG\",\"url\":\"https:\\\/\\\/www.odonto.ufmg.br\\\/cenex\\\/\",\"logo\":{\"@type\":\"ImageObject\",\"inLanguage\":\"pt-BR\",\"@id\":\"https:\\\/\\\/www.odonto.ufmg.br\\\/cenex\\\/#\\\/schema\\\/logo\\\/image\\\/\",\"url\":\"http:\\\/\\\/www.odonto.ufmg.br\\\/cenex\\\/wp-content\\\/uploads\\\/sites\\\/2\\\/2015\\\/12\\\/logo_cenex.svg\",\"contentUrl\":\"http:\\\/\\\/www.odonto.ufmg.br\\\/cenex\\\/wp-content\\\/uploads\\\/sites\\\/2\\\/2015\\\/12\\\/logo_cenex.svg\",\"width\":1,\"height\":1,\"caption\":\"Faculdade de Odontologia da UFMG\"},\"image\":{\"@id\":\"https:\\\/\\\/www.odonto.ufmg.br\\\/cenex\\\/#\\\/schema\\\/logo\\\/image\\\/\"},\"sameAs\":[\"https:\\\/\\\/www.facebook.com\\\/cenexfao\\\/?locale=pt_BR\",\"https:\\\/\\\/www.instagram.com\\\/cenexfao\\\/\"]}]}<\/script>\n<!-- \/ Yoast SEO plugin. -->","yoast_head_json":{"title":"Hist\u00f3ria | CENEX Odonto","robots":{"index":"index","follow":"follow","max-snippet":"max-snippet:-1","max-image-preview":"max-image-preview:large","max-video-preview":"max-video-preview:-1"},"canonical":"https:\/\/www.odonto.ufmg.br\/cenex\/historia\/","og_locale":"pt_BR","og_type":"article","og_title":"Hist\u00f3ria | CENEX Odonto","og_url":"https:\/\/www.odonto.ufmg.br\/cenex\/historia\/","og_site_name":"CENEX Odonto","article_publisher":"https:\/\/www.facebook.com\/cenexfao\/?locale=pt_BR","article_modified_time":"2026-03-11T18:46:29+00:00","twitter_card":"summary_large_image","twitter_misc":{"Est. tempo de leitura":"5 minutos"},"schema":{"@context":"https:\/\/schema.org","@graph":[{"@type":"WebPage","@id":"https:\/\/www.odonto.ufmg.br\/cenex\/historia\/","url":"https:\/\/www.odonto.ufmg.br\/cenex\/historia\/","name":"Hist\u00f3ria | CENEX Odonto","isPartOf":{"@id":"https:\/\/www.odonto.ufmg.br\/cenex\/#website"},"datePublished":"2015-09-28T13:55:32+00:00","dateModified":"2026-03-11T18:46:29+00:00","breadcrumb":{"@id":"https:\/\/www.odonto.ufmg.br\/cenex\/historia\/#breadcrumb"},"inLanguage":"pt-BR","potentialAction":[{"@type":"ReadAction","target":["https:\/\/www.odonto.ufmg.br\/cenex\/historia\/"]}]},{"@type":"BreadcrumbList","@id":"https:\/\/www.odonto.ufmg.br\/cenex\/historia\/#breadcrumb","itemListElement":[{"@type":"ListItem","position":1,"name":"In\u00edcio","item":"https:\/\/www.odonto.ufmg.br\/cenex\/cenex\/"},{"@type":"ListItem","position":2,"name":"Hist\u00f3ria"}]},{"@type":"WebSite","@id":"https:\/\/www.odonto.ufmg.br\/cenex\/#website","url":"https:\/\/www.odonto.ufmg.br\/cenex\/","name":"CENEX Odonto","description":"Centro de Extens\u00e3o - Faculdade de Odontologia UFMG","publisher":{"@id":"https:\/\/www.odonto.ufmg.br\/cenex\/#organization"},"potentialAction":[{"@type":"SearchAction","target":{"@type":"EntryPoint","urlTemplate":"https:\/\/www.odonto.ufmg.br\/cenex\/?s={search_term_string}"},"query-input":{"@type":"PropertyValueSpecification","valueRequired":true,"valueName":"search_term_string"}}],"inLanguage":"pt-BR"},{"@type":"Organization","@id":"https:\/\/www.odonto.ufmg.br\/cenex\/#organization","name":"Faculdade de Odontologia da UFMG","url":"https:\/\/www.odonto.ufmg.br\/cenex\/","logo":{"@type":"ImageObject","inLanguage":"pt-BR","@id":"https:\/\/www.odonto.ufmg.br\/cenex\/#\/schema\/logo\/image\/","url":"http:\/\/www.odonto.ufmg.br\/cenex\/wp-content\/uploads\/sites\/2\/2015\/12\/logo_cenex.svg","contentUrl":"http:\/\/www.odonto.ufmg.br\/cenex\/wp-content\/uploads\/sites\/2\/2015\/12\/logo_cenex.svg","width":1,"height":1,"caption":"Faculdade de Odontologia da UFMG"},"image":{"@id":"https:\/\/www.odonto.ufmg.br\/cenex\/#\/schema\/logo\/image\/"},"sameAs":["https:\/\/www.facebook.com\/cenexfao\/?locale=pt_BR","https:\/\/www.instagram.com\/cenexfao\/"]}]}},"_links":{"self":[{"href":"https:\/\/www.odonto.ufmg.br\/cenex\/wp-json\/wp\/v2\/pages\/33","targetHints":{"allow":["GET"]}}],"collection":[{"href":"https:\/\/www.odonto.ufmg.br\/cenex\/wp-json\/wp\/v2\/pages"}],"about":[{"href":"https:\/\/www.odonto.ufmg.br\/cenex\/wp-json\/wp\/v2\/types\/page"}],"author":[{"embeddable":true,"href":"https:\/\/www.odonto.ufmg.br\/cenex\/wp-json\/wp\/v2\/users\/1"}],"replies":[{"embeddable":true,"href":"https:\/\/www.odonto.ufmg.br\/cenex\/wp-json\/wp\/v2\/comments?post=33"}],"version-history":[{"count":26,"href":"https:\/\/www.odonto.ufmg.br\/cenex\/wp-json\/wp\/v2\/pages\/33\/revisions"}],"predecessor-version":[{"id":17979,"href":"https:\/\/www.odonto.ufmg.br\/cenex\/wp-json\/wp\/v2\/pages\/33\/revisions\/17979"}],"wp:attachment":[{"href":"https:\/\/www.odonto.ufmg.br\/cenex\/wp-json\/wp\/v2\/media?parent=33"}],"curies":[{"name":"wp","href":"https:\/\/api.w.org\/{rel}","templated":true}]}}