{"id":18196,"date":"2026-03-31T11:05:37","date_gmt":"2026-03-31T14:05:37","guid":{"rendered":"https:\/\/www.odonto.ufmg.br\/cenex\/?page_id=18196"},"modified":"2026-03-31T11:06:50","modified_gmt":"2026-03-31T14:06:50","slug":"aperfeicoamento-em-alinhadores-esteticos","status":"publish","type":"page","link":"https:\/\/www.odonto.ufmg.br\/cenex\/aperfeicoamento-em-alinhadores-esteticos\/","title":{"rendered":"Aperfei\u00e7oamento em Alinhadores Est\u00e9ticos"},"content":{"rendered":"\n<style type=\"text\/css\" data-created_by=\"avia_inline_auto\" id=\"style-css-av-mhhqwk-c05807a7d6240862d5e44787145e9500\">\n.flex_column.av-mhhqwk-c05807a7d6240862d5e44787145e9500{\nborder-radius:0px 0px 0px 0px;\npadding:0px 0px 0px 0px;\n}\n<\/style>\n<div  class='flex_column av-mhhqwk-c05807a7d6240862d5e44787145e9500 av_one_full  avia-builder-el-0  el_before_av_one_third  avia-builder-el-first  first flex_column_div av-zero-column-padding  '     ><div  class='avia-slideshow av-k3xyzo-757d9ff291ee780752cdc04a2261623c avia-slideshow-featured av_slideshow avia-slide-slider  avia-builder-el-1  avia-builder-el-no-sibling  av-slideshow-ui av-control-default av-slideshow-manual av-loop-once av-loop-manual-endless av-default-height-applied avia-slideshow-1' data-slideshow-options=\"{&quot;animation&quot;:&quot;slide&quot;,&quot;autoplay&quot;:false,&quot;loop_autoplay&quot;:&quot;once&quot;,&quot;interval&quot;:5,&quot;loop_manual&quot;:&quot;manual-endless&quot;,&quot;autoplay_stopper&quot;:false,&quot;noNavigation&quot;:false,&quot;bg_slider&quot;:false,&quot;keep_padding&quot;:false,&quot;hoverpause&quot;:false,&quot;show_slide_delay&quot;:0}\"  itemprop=\"image\" itemscope=\"itemscope\" itemtype=\"https:\/\/schema.org\/ImageObject\" ><ul class='avia-slideshow-inner ' style='padding-bottom: 34.297520661157%;'><li  class='avia-slideshow-slide av-k3xyzo-757d9ff291ee780752cdc04a2261623c__0  av-single-slide slide-1 slide-odd'><div data-rel='slideshow-1' class='avia-slide-wrap '   ><img decoding=\"async\" fetchpriority=\"high\" class=\"wp-image-18198 avia-img-lazy-loading-not-18198\"  src=\"https:\/\/www.odonto.ufmg.br\/cenex\/wp-content\/uploads\/sites\/2\/2026\/03\/Captura-de-tela-2026-03-31-110519.png\" width=\"484\" height=\"166\" title='Captura de tela 2026-03-31 110519' alt=''  itemprop=\"thumbnailUrl\" srcset=\"https:\/\/www.odonto.ufmg.br\/cenex\/wp-content\/uploads\/sites\/2\/2026\/03\/Captura-de-tela-2026-03-31-110519.png 484w, https:\/\/www.odonto.ufmg.br\/cenex\/wp-content\/uploads\/sites\/2\/2026\/03\/Captura-de-tela-2026-03-31-110519-300x103.png 300w, https:\/\/www.odonto.ufmg.br\/cenex\/wp-content\/uploads\/sites\/2\/2026\/03\/Captura-de-tela-2026-03-31-110519-80x27.png 80w\" sizes=\"(max-width: 484px) 100vw, 484px\" \/><\/div><\/li><\/ul><\/div><\/div>\n<style type=\"text\/css\" data-created_by=\"avia_inline_auto\" id=\"style-css-av-gwkdo4-0f66c9f64f407054b5a6875d7024b492\">\n.flex_column.av-gwkdo4-0f66c9f64f407054b5a6875d7024b492{\nborder-radius:0px 0px 0px 0px;\npadding:0px 0px 0px 0px;\n}\n<\/style>\n<div  class='flex_column av-gwkdo4-0f66c9f64f407054b5a6875d7024b492 av_one_third  avia-builder-el-2  el_after_av_one_full  el_before_av_two_third  first flex_column_div av-zero-column-padding  column-top-margin'     ><p>\n<style type=\"text\/css\" data-created_by=\"avia_inline_auto\" id=\"style-css-av-2f2plup-4b9dac91a863e2fb484df40c433baec4\">\n#top .av-special-heading.av-2f2plup-4b9dac91a863e2fb484df40c433baec4{\npadding-bottom:10px;\n}\nbody .av-special-heading.av-2f2plup-4b9dac91a863e2fb484df40c433baec4 .av-special-heading-tag .heading-char{\nfont-size:25px;\n}\n.av-special-heading.av-2f2plup-4b9dac91a863e2fb484df40c433baec4 .av-subheading{\nfont-size:15px;\n}\n<\/style>\n<div  class='av-special-heading av-2f2plup-4b9dac91a863e2fb484df40c433baec4 av-special-heading-h3  avia-builder-el-3  el_before_av_textblock  avia-builder-el-first '><h3 class='av-special-heading-tag '  itemprop=\"headline\"  >Informa\u00e7\u00f5es B\u00e1sicas<\/h3><div class=\"special-heading-border\"><div class=\"special-heading-inner-border\"><\/div><\/div><\/div><br \/>\n<section  class='av_textblock_section av-edyf44-fea7b7e9ace2cffba07bede5de5b8106 '   itemscope=\"itemscope\" itemtype=\"https:\/\/schema.org\/CreativeWork\" ><div class='avia_textblock'  itemprop=\"text\" ><table width=\"100%\">\n<tbody>\n<tr>\n<td><strong>Objetivos gerais:<\/strong><\/td>\n<\/tr>\n<tr>\n<td>Estudar diferentes tipos de alinhadores, a biomec\u00e2nica envolvida nesta tecnologia, como escolher melhores tipos de attachments. Endente o passo a passo do planejamento e fluxo digital dos alinhadores. Estudar casos cl\u00ednicos e artigos cient\u00edficos com as \u00faltimas novidades envolvendo os alinhadores. Atender e discutir casos cl\u00ednicos para melhor compreens\u00e3o te\u00f3rico-pr\u00e1tica.<\/td>\n<\/tr>\n<tr>\n<td><b>Metodologia:<\/b><\/td>\n<\/tr>\n<tr>\n<td>\n<p style=\"font-weight: 400\">As atividades te\u00f3ricas consistir\u00e3o de aulas expositivas, apresenta\u00e7\u00e3o e discuss\u00e3o de casos cl\u00ednicos. A atividade pr\u00e1tica constar\u00e1 de atendimento a pacientes que necessitem de tratamento ortod\u00f4ntico em diferentes complexidades. Estes pacientes ser\u00e3o selecionados mediante demanda livre e os mesmos ter\u00e3o que arcar com os custos de laborat\u00f3rio semelhante aos tratamentos ortod\u00f4nticos j\u00e1 realizados pela Faculdade de Odontologia da UFMG. O atendimento e gest\u00e3o financeira dos pacientes ser\u00e1 realizado pelo Projeto de Presta\u00e7\u00e3o de Servi\u00e7os do Curso de Aperfei\u00e7oamento em Alinhadores Est\u00e9ticos (SEI: 23072.272691\/2023-06).<\/p>\n<\/td>\n<\/tr>\n<\/tbody>\n<\/table>\n<div  class='hr av-ct2nz8-36fa1ffc5705281aaf8d41baaf3f525c hr-short  avia-builder-el-5  avia-builder-el-no-sibling  hr-left'><span class='hr-inner '><span class=\"hr-inner-style\"><\/span><\/span><\/div>\n<ul>\n<li>P\u00fablico alvo: Dentistas.<\/li>\n<li>Natureza do curso: Presencial (te\u00f3rico e cl\u00ednico).<\/li>\n<li>N\u00famero de vagas: 24 vagas.<\/li>\n<li>Periodicidade: 12 meses.<\/li>\n<\/ul>\n<\/div><\/section><\/p><\/div>\n<style type=\"text\/css\" data-created_by=\"avia_inline_auto\" id=\"style-css-av-aqn9n8-e6f8bd186f896df15a939d9b34888bdf\">\n.flex_column.av-aqn9n8-e6f8bd186f896df15a939d9b34888bdf{\nborder-radius:0px 0px 0px 0px;\npadding:0px 0px 0px 0px;\n}\n<\/style>\n<div  class='flex_column av-aqn9n8-e6f8bd186f896df15a939d9b34888bdf av_two_third  avia-builder-el-6  el_after_av_one_third  avia-builder-el-last  flex_column_div av-zero-column-padding  column-top-margin'     ><p>\n<style type=\"text\/css\" data-created_by=\"avia_inline_auto\" id=\"style-css-av-1d8uopt-3361184e87123a0ed7ca9ee39a007734\">\n#top .av-special-heading.av-1d8uopt-3361184e87123a0ed7ca9ee39a007734{\npadding-bottom:10px;\n}\nbody .av-special-heading.av-1d8uopt-3361184e87123a0ed7ca9ee39a007734 .av-special-heading-tag .heading-char{\nfont-size:25px;\n}\n.av-special-heading.av-1d8uopt-3361184e87123a0ed7ca9ee39a007734 .av-subheading{\nfont-size:15px;\n}\n<\/style>\n<div  class='av-special-heading av-1d8uopt-3361184e87123a0ed7ca9ee39a007734 av-special-heading-h3  avia-builder-el-7  el_before_av_tab_container  avia-builder-el-first '><h3 class='av-special-heading-tag '  itemprop=\"headline\"  >Mais Informa\u00e7\u00f5es<\/h3><div class=\"special-heading-border\"><div class=\"special-heading-inner-border\"><\/div><\/div><\/div><br \/>\n<div  class='tabcontainer av-6wcwys-f23efbe54f727338847eaa356886a410 top_tab  avia-builder-el-8  el_after_av_heading  avia-builder-el-last '>\n<section class='av_tab_section av_tab_section av-15jaeht-447364cc9d4e55dd3c1c471beab13e1e'  itemscope=\"itemscope\" itemtype=\"https:\/\/schema.org\/CreativeWork\" ><div id='tab-id-1-tab' class='tab active_tab' role='tab' aria-selected=\"true\" tabindex=\"0\" data-fake-id='#tab-id-1' aria-controls='tab-id-1-content'  itemprop=\"headline\" ><span class='tab_icon avia-iconfont avia-font-entypo-fontello' data-av_icon='\ue80b' data-av_iconfont='entypo-fontello' ><\/span>Coordenadores <\/div><div id='tab-id-1-content' class='tab_content active_tab_content' role='tabpanel' aria-labelledby='tab-id-1-tab' aria-hidden=\"false\"><div class='tab_inner_content invers-color'  itemprop=\"text\" ><div class=\"avia-testimonial-image\"><img decoding=\"async\" class=\"\" src=\"https:\/\/www.odonto.ufmg.br\/odr\/wp-content\/uploads\/sites\/7\/2020\/06\/soraia-180x180.jpg\" width=\"220\" height=\"220\" \/><\/div>\n<div class=\"avia-testimonial-content \">\n<h3>Soraia Macari<\/h3>\n<h3><em>Coordenadora<\/em><\/h3>\n<p class=\"resumo\">Gradua\u00e7\u00e3o em Odontologia: Universidade de S\u00e3o Paulo (1995-1998); Mestrado em Odontologia (Odontopediatria): Universidade de S\u00e3o Paulo (200-2002); Especializa\u00e7\u00e3o em Ortodontia: Universidade Estadual do Rio de Janeiro (2003-2005); Doutorado Sandu\u00edche: Otago University Nova Zel\u00e2ndia (2013-1014); Doutorado em Biologia Molecular: Universidade Federal de Minas Gerais (2011- 2015). P\u00f3s Doutorado na Faculdade de Odontologia: Universidade Federal de Minas Gerais (2015-2016). Professora Adjunto de Ortodontia no Departamento de Odontopediatria e Ortodontia da Faculdade de Odontologia da Universidade Federal de Minas Gerais (2016-atualmente).<\/p>\n<\/div>\n<div class=\"avia-testimonial-meta\"><\/div>\n<div class=\"avia-testimonial-image\"><\/div>\n<div class=\"avia-testimonial-content \"><\/div>\n<div class=\"avia-testimonial-content \">\n<p class=\"resumo\">\n<\/div>\n<\/div><\/div><\/section>\n<section class='av_tab_section av_tab_section av-43jge9-81672bc6bd794ebaa2b706c860f37cd0'  itemscope=\"itemscope\" itemtype=\"https:\/\/schema.org\/CreativeWork\" ><div id='tab-id-2-tab' class='tab' role='tab' aria-selected=\"false\" tabindex=\"0\" data-fake-id='#tab-id-2' aria-controls='tab-id-2-content'  itemprop=\"headline\" ><span class='tab_icon avia-iconfont avia-font-entypo-fontello' data-av_icon='\ue81f' data-av_iconfont='entypo-fontello' ><\/span>Informa\u00e7\u00f5es Adicionais<\/div><div id='tab-id-2-content' class='tab_content' role='tabpanel' aria-labelledby='tab-id-2-tab' aria-hidden=\"true\"><div class='tab_inner_content invers-color'  itemprop=\"text\" ><p><strong>Per\u00edodo de inscri\u00e7\u00e3o:<\/strong>22\/01\/2026 a 20\/03\/2026.<br \/>\n<strong>Natureza do curso:<\/strong> Presencial (te\u00f3rico e cl\u00ednico).<br \/>\n<strong>N\u00famero de vagas:<\/strong> 24<br \/>\n<strong>Periodicidade:<\/strong>12 meses<\/p>\n<p><strong>Carga hor\u00e1ria<\/strong>: 200 horas.<\/p>\n<p><strong>Local:<\/strong> Faculdade de Odontologia da UFMG<\/p>\n<\/div><\/div><\/section>\n<section class='av_tab_section av_tab_section av-jg1ps1-d8ff13345f1e224ede52f98ffd1e52c3'  itemscope=\"itemscope\" itemtype=\"https:\/\/schema.org\/CreativeWork\" ><div id='tab-id-3-tab' class='tab' role='tab' aria-selected=\"false\" tabindex=\"0\" data-fake-id='#tab-id-3' aria-controls='tab-id-3-content'  itemprop=\"headline\" ><span class='tab_icon avia-iconfont avia-font-entypo-fontello' data-av_icon='\ue832' data-av_iconfont='entypo-fontello' ><\/span>Investimento e Matr\u00edculas<\/div><div id='tab-id-3-content' class='tab_content' role='tabpanel' aria-labelledby='tab-id-3-tab' aria-hidden=\"true\"><div class='tab_inner_content invers-color'  itemprop=\"text\" ><p><strong>INVESTIMENTO:\u00a0<\/strong><\/p>\n<p style=\"font-weight: 400\">INSCRI\u00c7\u00c3O: R$ 300,00 (trezentos reais) (pagamento via dep\u00f3sito banc\u00e1rio)<br \/>\nMENSALIDADE: R$ 1.000,00 (hum mil reais)<\/p>\n<p style=\"font-weight: 400\">\n<p><strong>Forma de sele\u00e7\u00e3o: <\/strong>Ordem de inscri\u00e7\u00e3o<\/p>\n<div  class='avia-button-wrap avia-button-center  avia-builder-el-9  avia-builder-el-no-sibling '>\n<style type=\"text\/css\" data-created_by=\"avia_inline_auto\" id=\"style-css-av-cm7pj8-d02fa211407aa2d420b20386c5652d83\">\n#top #wrap_all .avia-button.av-cm7pj8-d02fa211407aa2d420b20386c5652d83{\ncolor:#ffffff;\ntransition:all 0.4s ease-in-out;\n}\n#top #wrap_all .avia-button.av-cm7pj8-d02fa211407aa2d420b20386c5652d83:hover{\nbackground-color:#15844d;\ncolor:#ffffff;\ntransition:all 0.4s ease-in-out;\n}\n#top #wrap_all .avia-button.av-cm7pj8-d02fa211407aa2d420b20386c5652d83 .avia-svg-icon svg:first-child{\nfill:#ffffff;\nstroke:#ffffff;\n}\n#top #wrap_all .avia-button.av-cm7pj8-d02fa211407aa2d420b20386c5652d83:hover .avia-svg-icon svg:first-child{\nfill:#ffffff;\nstroke:#ffffff;\n}\n<\/style>\n<a href='https:\/\/fco.org.br\/cursos\/aperfeicoamento-em-alinhadores-esteticos\/' class='avia-color-theme-color avia-button avia-button-fullwidth av-cm7pj8-d02fa211407aa2d420b20386c5652d83 avia-icon_select-no avia-color-theme-color'   aria-label=\"MATRICULAR\"><span class='avia_iconbox_title' >MATRICULAR<\/span><div class='av-button-description av-button-description-below'><p>Voc\u00ea ser\u00e1 redirecionado para o site da FCO<\/p>\n<\/div><\/a><\/div>\n<p><b>SOBRE AS BOLSAS:<\/b><\/p>\n<p>Sobre as bolsas: Nos Cursos de Extens\u00e3o ser\u00e3o concedidas bolsas para alunos\u00a0 e\/ou servidores da UFMG, num total de 10% das vagas preenchidas, desde que o curso atinja o n\u00famero de inscri\u00e7\u00f5es necess\u00e1rias para sua viabiliza\u00e7\u00e3o.<\/p>\n<p>Email: odontocenex@gmail.com \/ Whatsapp: 31 3409-2451<\/p>\n<\/div><\/div><\/section>\n<\/div><\/p><\/div><\/p>\n","protected":false},"excerpt":{"rendered":"","protected":false},"author":72,"featured_media":18197,"parent":0,"menu_order":0,"comment_status":"closed","ping_status":"closed","template":"","meta":{"inline_featured_image":false,"footnotes":""},"class_list":["post-18196","page","type-page","status-publish","has-post-thumbnail","hentry"],"yoast_head":"<!-- This site is optimized with the Yoast SEO plugin v27.5 - https:\/\/yoast.com\/product\/yoast-seo-wordpress\/ -->\n<title>Aperfei\u00e7oamento em Alinhadores Est\u00e9ticos | CENEX Odonto<\/title>\n<meta name=\"robots\" content=\"index, follow, max-snippet:-1, max-image-preview:large, max-video-preview:-1\" \/>\n<link rel=\"canonical\" href=\"https:\/\/www.odonto.ufmg.br\/cenex\/aperfeicoamento-em-alinhadores-esteticos\/\" \/>\n<meta property=\"og:locale\" content=\"pt_BR\" \/>\n<meta property=\"og:type\" content=\"article\" \/>\n<meta property=\"og:title\" content=\"Aperfei\u00e7oamento em Alinhadores Est\u00e9ticos | CENEX Odonto\" \/>\n<meta property=\"og:url\" content=\"https:\/\/www.odonto.ufmg.br\/cenex\/aperfeicoamento-em-alinhadores-esteticos\/\" \/>\n<meta property=\"og:site_name\" content=\"CENEX Odonto\" \/>\n<meta property=\"article:publisher\" content=\"https:\/\/www.facebook.com\/cenexfao\/?locale=pt_BR\" \/>\n<meta property=\"article:modified_time\" content=\"2026-03-31T14:06:50+00:00\" \/>\n<meta property=\"og:image\" content=\"http:\/\/www.odonto.ufmg.br\/cenex\/wp-content\/uploads\/sites\/2\/2026\/03\/WhatsApp-Image-2026-03-31-at-11.03.23.jpeg\" \/>\n\t<meta property=\"og:image:width\" content=\"1080\" \/>\n\t<meta property=\"og:image:height\" content=\"1317\" \/>\n\t<meta property=\"og:image:type\" content=\"image\/jpeg\" \/>\n<meta name=\"twitter:card\" content=\"summary_large_image\" \/>\n<meta name=\"twitter:label1\" content=\"Est. tempo de leitura\" \/>\n\t<meta name=\"twitter:data1\" content=\"3 minutos\" \/>\n<script type=\"application\/ld+json\" class=\"yoast-schema-graph\">{\"@context\":\"https:\\\/\\\/schema.org\",\"@graph\":[{\"@type\":\"WebPage\",\"@id\":\"https:\\\/\\\/www.odonto.ufmg.br\\\/cenex\\\/aperfeicoamento-em-alinhadores-esteticos\\\/\",\"url\":\"https:\\\/\\\/www.odonto.ufmg.br\\\/cenex\\\/aperfeicoamento-em-alinhadores-esteticos\\\/\",\"name\":\"Aperfei\u00e7oamento em Alinhadores Est\u00e9ticos | CENEX Odonto\",\"isPartOf\":{\"@id\":\"https:\\\/\\\/www.odonto.ufmg.br\\\/cenex\\\/#website\"},\"primaryImageOfPage\":{\"@id\":\"https:\\\/\\\/www.odonto.ufmg.br\\\/cenex\\\/aperfeicoamento-em-alinhadores-esteticos\\\/#primaryimage\"},\"image\":{\"@id\":\"https:\\\/\\\/www.odonto.ufmg.br\\\/cenex\\\/aperfeicoamento-em-alinhadores-esteticos\\\/#primaryimage\"},\"thumbnailUrl\":\"https:\\\/\\\/www.odonto.ufmg.br\\\/cenex\\\/wp-content\\\/uploads\\\/sites\\\/2\\\/2026\\\/03\\\/WhatsApp-Image-2026-03-31-at-11.03.23.jpeg\",\"datePublished\":\"2026-03-31T14:05:37+00:00\",\"dateModified\":\"2026-03-31T14:06:50+00:00\",\"breadcrumb\":{\"@id\":\"https:\\\/\\\/www.odonto.ufmg.br\\\/cenex\\\/aperfeicoamento-em-alinhadores-esteticos\\\/#breadcrumb\"},\"inLanguage\":\"pt-BR\",\"potentialAction\":[{\"@type\":\"ReadAction\",\"target\":[\"https:\\\/\\\/www.odonto.ufmg.br\\\/cenex\\\/aperfeicoamento-em-alinhadores-esteticos\\\/\"]}]},{\"@type\":\"ImageObject\",\"inLanguage\":\"pt-BR\",\"@id\":\"https:\\\/\\\/www.odonto.ufmg.br\\\/cenex\\\/aperfeicoamento-em-alinhadores-esteticos\\\/#primaryimage\",\"url\":\"https:\\\/\\\/www.odonto.ufmg.br\\\/cenex\\\/wp-content\\\/uploads\\\/sites\\\/2\\\/2026\\\/03\\\/WhatsApp-Image-2026-03-31-at-11.03.23.jpeg\",\"contentUrl\":\"https:\\\/\\\/www.odonto.ufmg.br\\\/cenex\\\/wp-content\\\/uploads\\\/sites\\\/2\\\/2026\\\/03\\\/WhatsApp-Image-2026-03-31-at-11.03.23.jpeg\",\"width\":1080,\"height\":1317},{\"@type\":\"BreadcrumbList\",\"@id\":\"https:\\\/\\\/www.odonto.ufmg.br\\\/cenex\\\/aperfeicoamento-em-alinhadores-esteticos\\\/#breadcrumb\",\"itemListElement\":[{\"@type\":\"ListItem\",\"position\":1,\"name\":\"In\u00edcio\",\"item\":\"https:\\\/\\\/www.odonto.ufmg.br\\\/cenex\\\/cenex\\\/\"},{\"@type\":\"ListItem\",\"position\":2,\"name\":\"Aperfei\u00e7oamento em Alinhadores Est\u00e9ticos\"}]},{\"@type\":\"WebSite\",\"@id\":\"https:\\\/\\\/www.odonto.ufmg.br\\\/cenex\\\/#website\",\"url\":\"https:\\\/\\\/www.odonto.ufmg.br\\\/cenex\\\/\",\"name\":\"CENEX Odonto\",\"description\":\"Centro de Extens\u00e3o - Faculdade de Odontologia UFMG\",\"publisher\":{\"@id\":\"https:\\\/\\\/www.odonto.ufmg.br\\\/cenex\\\/#organization\"},\"potentialAction\":[{\"@type\":\"SearchAction\",\"target\":{\"@type\":\"EntryPoint\",\"urlTemplate\":\"https:\\\/\\\/www.odonto.ufmg.br\\\/cenex\\\/?s={search_term_string}\"},\"query-input\":{\"@type\":\"PropertyValueSpecification\",\"valueRequired\":true,\"valueName\":\"search_term_string\"}}],\"inLanguage\":\"pt-BR\"},{\"@type\":\"Organization\",\"@id\":\"https:\\\/\\\/www.odonto.ufmg.br\\\/cenex\\\/#organization\",\"name\":\"Faculdade de Odontologia da UFMG\",\"url\":\"https:\\\/\\\/www.odonto.ufmg.br\\\/cenex\\\/\",\"logo\":{\"@type\":\"ImageObject\",\"inLanguage\":\"pt-BR\",\"@id\":\"https:\\\/\\\/www.odonto.ufmg.br\\\/cenex\\\/#\\\/schema\\\/logo\\\/image\\\/\",\"url\":\"http:\\\/\\\/www.odonto.ufmg.br\\\/cenex\\\/wp-content\\\/uploads\\\/sites\\\/2\\\/2015\\\/12\\\/logo_cenex.svg\",\"contentUrl\":\"http:\\\/\\\/www.odonto.ufmg.br\\\/cenex\\\/wp-content\\\/uploads\\\/sites\\\/2\\\/2015\\\/12\\\/logo_cenex.svg\",\"width\":1,\"height\":1,\"caption\":\"Faculdade de Odontologia da UFMG\"},\"image\":{\"@id\":\"https:\\\/\\\/www.odonto.ufmg.br\\\/cenex\\\/#\\\/schema\\\/logo\\\/image\\\/\"},\"sameAs\":[\"https:\\\/\\\/www.facebook.com\\\/cenexfao\\\/?locale=pt_BR\",\"https:\\\/\\\/www.instagram.com\\\/cenexfao\\\/\"]}]}<\/script>\n<!-- \/ Yoast SEO plugin. -->","yoast_head_json":{"title":"Aperfei\u00e7oamento em Alinhadores Est\u00e9ticos | CENEX Odonto","robots":{"index":"index","follow":"follow","max-snippet":"max-snippet:-1","max-image-preview":"max-image-preview:large","max-video-preview":"max-video-preview:-1"},"canonical":"https:\/\/www.odonto.ufmg.br\/cenex\/aperfeicoamento-em-alinhadores-esteticos\/","og_locale":"pt_BR","og_type":"article","og_title":"Aperfei\u00e7oamento em Alinhadores Est\u00e9ticos | CENEX Odonto","og_url":"https:\/\/www.odonto.ufmg.br\/cenex\/aperfeicoamento-em-alinhadores-esteticos\/","og_site_name":"CENEX Odonto","article_publisher":"https:\/\/www.facebook.com\/cenexfao\/?locale=pt_BR","article_modified_time":"2026-03-31T14:06:50+00:00","og_image":[{"width":1080,"height":1317,"url":"http:\/\/www.odonto.ufmg.br\/cenex\/wp-content\/uploads\/sites\/2\/2026\/03\/WhatsApp-Image-2026-03-31-at-11.03.23.jpeg","type":"image\/jpeg"}],"twitter_card":"summary_large_image","twitter_misc":{"Est. tempo de leitura":"3 minutos"},"schema":{"@context":"https:\/\/schema.org","@graph":[{"@type":"WebPage","@id":"https:\/\/www.odonto.ufmg.br\/cenex\/aperfeicoamento-em-alinhadores-esteticos\/","url":"https:\/\/www.odonto.ufmg.br\/cenex\/aperfeicoamento-em-alinhadores-esteticos\/","name":"Aperfei\u00e7oamento em Alinhadores Est\u00e9ticos | CENEX Odonto","isPartOf":{"@id":"https:\/\/www.odonto.ufmg.br\/cenex\/#website"},"primaryImageOfPage":{"@id":"https:\/\/www.odonto.ufmg.br\/cenex\/aperfeicoamento-em-alinhadores-esteticos\/#primaryimage"},"image":{"@id":"https:\/\/www.odonto.ufmg.br\/cenex\/aperfeicoamento-em-alinhadores-esteticos\/#primaryimage"},"thumbnailUrl":"https:\/\/www.odonto.ufmg.br\/cenex\/wp-content\/uploads\/sites\/2\/2026\/03\/WhatsApp-Image-2026-03-31-at-11.03.23.jpeg","datePublished":"2026-03-31T14:05:37+00:00","dateModified":"2026-03-31T14:06:50+00:00","breadcrumb":{"@id":"https:\/\/www.odonto.ufmg.br\/cenex\/aperfeicoamento-em-alinhadores-esteticos\/#breadcrumb"},"inLanguage":"pt-BR","potentialAction":[{"@type":"ReadAction","target":["https:\/\/www.odonto.ufmg.br\/cenex\/aperfeicoamento-em-alinhadores-esteticos\/"]}]},{"@type":"ImageObject","inLanguage":"pt-BR","@id":"https:\/\/www.odonto.ufmg.br\/cenex\/aperfeicoamento-em-alinhadores-esteticos\/#primaryimage","url":"https:\/\/www.odonto.ufmg.br\/cenex\/wp-content\/uploads\/sites\/2\/2026\/03\/WhatsApp-Image-2026-03-31-at-11.03.23.jpeg","contentUrl":"https:\/\/www.odonto.ufmg.br\/cenex\/wp-content\/uploads\/sites\/2\/2026\/03\/WhatsApp-Image-2026-03-31-at-11.03.23.jpeg","width":1080,"height":1317},{"@type":"BreadcrumbList","@id":"https:\/\/www.odonto.ufmg.br\/cenex\/aperfeicoamento-em-alinhadores-esteticos\/#breadcrumb","itemListElement":[{"@type":"ListItem","position":1,"name":"In\u00edcio","item":"https:\/\/www.odonto.ufmg.br\/cenex\/cenex\/"},{"@type":"ListItem","position":2,"name":"Aperfei\u00e7oamento em Alinhadores Est\u00e9ticos"}]},{"@type":"WebSite","@id":"https:\/\/www.odonto.ufmg.br\/cenex\/#website","url":"https:\/\/www.odonto.ufmg.br\/cenex\/","name":"CENEX Odonto","description":"Centro de Extens\u00e3o - Faculdade de Odontologia UFMG","publisher":{"@id":"https:\/\/www.odonto.ufmg.br\/cenex\/#organization"},"potentialAction":[{"@type":"SearchAction","target":{"@type":"EntryPoint","urlTemplate":"https:\/\/www.odonto.ufmg.br\/cenex\/?s={search_term_string}"},"query-input":{"@type":"PropertyValueSpecification","valueRequired":true,"valueName":"search_term_string"}}],"inLanguage":"pt-BR"},{"@type":"Organization","@id":"https:\/\/www.odonto.ufmg.br\/cenex\/#organization","name":"Faculdade de Odontologia da UFMG","url":"https:\/\/www.odonto.ufmg.br\/cenex\/","logo":{"@type":"ImageObject","inLanguage":"pt-BR","@id":"https:\/\/www.odonto.ufmg.br\/cenex\/#\/schema\/logo\/image\/","url":"http:\/\/www.odonto.ufmg.br\/cenex\/wp-content\/uploads\/sites\/2\/2015\/12\/logo_cenex.svg","contentUrl":"http:\/\/www.odonto.ufmg.br\/cenex\/wp-content\/uploads\/sites\/2\/2015\/12\/logo_cenex.svg","width":1,"height":1,"caption":"Faculdade de Odontologia da UFMG"},"image":{"@id":"https:\/\/www.odonto.ufmg.br\/cenex\/#\/schema\/logo\/image\/"},"sameAs":["https:\/\/www.facebook.com\/cenexfao\/?locale=pt_BR","https:\/\/www.instagram.com\/cenexfao\/"]}]}},"_links":{"self":[{"href":"https:\/\/www.odonto.ufmg.br\/cenex\/wp-json\/wp\/v2\/pages\/18196","targetHints":{"allow":["GET"]}}],"collection":[{"href":"https:\/\/www.odonto.ufmg.br\/cenex\/wp-json\/wp\/v2\/pages"}],"about":[{"href":"https:\/\/www.odonto.ufmg.br\/cenex\/wp-json\/wp\/v2\/types\/page"}],"author":[{"embeddable":true,"href":"https:\/\/www.odonto.ufmg.br\/cenex\/wp-json\/wp\/v2\/users\/72"}],"replies":[{"embeddable":true,"href":"https:\/\/www.odonto.ufmg.br\/cenex\/wp-json\/wp\/v2\/comments?post=18196"}],"version-history":[{"count":3,"href":"https:\/\/www.odonto.ufmg.br\/cenex\/wp-json\/wp\/v2\/pages\/18196\/revisions"}],"predecessor-version":[{"id":18203,"href":"https:\/\/www.odonto.ufmg.br\/cenex\/wp-json\/wp\/v2\/pages\/18196\/revisions\/18203"}],"wp:featuredmedia":[{"embeddable":true,"href":"https:\/\/www.odonto.ufmg.br\/cenex\/wp-json\/wp\/v2\/media\/18197"}],"wp:attachment":[{"href":"https:\/\/www.odonto.ufmg.br\/cenex\/wp-json\/wp\/v2\/media?parent=18196"}],"curies":[{"name":"wp","href":"https:\/\/api.w.org\/{rel}","templated":true}]}}