{"id":17668,"date":"2025-12-22T13:11:11","date_gmt":"2025-12-22T16:11:11","guid":{"rendered":"https:\/\/www.odonto.ufmg.br\/cenex\/?page_id=17668"},"modified":"2026-03-03T12:51:59","modified_gmt":"2026-03-03T15:51:59","slug":"curso-auxiliar-em-saude-bucal","status":"publish","type":"page","link":"https:\/\/www.odonto.ufmg.br\/cenex\/iniciacao-profissional\/curso-auxiliar-em-saude-bucal\/","title":{"rendered":"Curso Auxiliar em Sa\u00fade Bucal"},"content":{"rendered":"\n<style type=\"text\/css\" data-created_by=\"avia_inline_auto\" id=\"style-css-av-mhhqwk-c05807a7d6240862d5e44787145e9500\">\n.flex_column.av-mhhqwk-c05807a7d6240862d5e44787145e9500{\nborder-radius:0px 0px 0px 0px;\npadding:0px 0px 0px 0px;\n}\n<\/style>\n<div  class='flex_column av-mhhqwk-c05807a7d6240862d5e44787145e9500 av_one_full  avia-builder-el-0  el_before_av_one_third  avia-builder-el-first  first flex_column_div av-zero-column-padding  '     ><div  class='avia-slideshow av-k3xyzo-c189fd170dbcda33ea3a8219889b2714 avia-slideshow-entry_without_sidebar av_slideshow avia-slide-slider  avia-builder-el-1  avia-builder-el-no-sibling  av-slideshow-ui av-control-default av-slideshow-manual av-loop-once av-loop-manual-endless av-default-height-applied avia-slideshow-1' data-slideshow-options=\"{&quot;animation&quot;:&quot;slide&quot;,&quot;autoplay&quot;:false,&quot;loop_autoplay&quot;:&quot;once&quot;,&quot;interval&quot;:5,&quot;loop_manual&quot;:&quot;manual-endless&quot;,&quot;autoplay_stopper&quot;:false,&quot;noNavigation&quot;:false,&quot;bg_slider&quot;:false,&quot;keep_padding&quot;:false,&quot;hoverpause&quot;:false,&quot;show_slide_delay&quot;:0}\"  itemprop=\"image\" itemscope=\"itemscope\" itemtype=\"https:\/\/schema.org\/ImageObject\" ><ul class='avia-slideshow-inner ' style='padding-bottom: 37.015276145711%;'><li  class='avia-slideshow-slide av-k3xyzo-c189fd170dbcda33ea3a8219889b2714__0  av-single-slide slide-1 slide-odd'><div data-rel='slideshow-1' class='avia-slide-wrap '   ><img decoding=\"async\" fetchpriority=\"high\" class=\"wp-image-17671 avia-img-lazy-loading-not-17671\"  src=\"https:\/\/www.odonto.ufmg.br\/cenex\/wp-content\/uploads\/sites\/2\/2025\/12\/EXTENSAO-1.png\" width=\"851\" height=\"315\" title='EXTENS\u00c3O' alt=''  itemprop=\"thumbnailUrl\" srcset=\"https:\/\/www.odonto.ufmg.br\/cenex\/wp-content\/uploads\/sites\/2\/2025\/12\/EXTENSAO-1.png 851w, https:\/\/www.odonto.ufmg.br\/cenex\/wp-content\/uploads\/sites\/2\/2025\/12\/EXTENSAO-1-300x111.png 300w, https:\/\/www.odonto.ufmg.br\/cenex\/wp-content\/uploads\/sites\/2\/2025\/12\/EXTENSAO-1-80x30.png 80w, https:\/\/www.odonto.ufmg.br\/cenex\/wp-content\/uploads\/sites\/2\/2025\/12\/EXTENSAO-1-768x284.png 768w, https:\/\/www.odonto.ufmg.br\/cenex\/wp-content\/uploads\/sites\/2\/2025\/12\/EXTENSAO-1-705x261.png 705w\" sizes=\"(max-width: 851px) 100vw, 851px\" \/><\/div><\/li><\/ul><\/div><\/div>\n\n<style type=\"text\/css\" data-created_by=\"avia_inline_auto\" id=\"style-css-av-gwkdo4-0f66c9f64f407054b5a6875d7024b492\">\n.flex_column.av-gwkdo4-0f66c9f64f407054b5a6875d7024b492{\nborder-radius:0px 0px 0px 0px;\npadding:0px 0px 0px 0px;\n}\n<\/style>\n<div  class='flex_column av-gwkdo4-0f66c9f64f407054b5a6875d7024b492 av_one_third  avia-builder-el-2  el_after_av_one_full  el_before_av_two_third  first flex_column_div av-zero-column-padding  column-top-margin'     ><p>\n<style type=\"text\/css\" data-created_by=\"avia_inline_auto\" id=\"style-css-av-2f2plup-4b9dac91a863e2fb484df40c433baec4\">\n#top .av-special-heading.av-2f2plup-4b9dac91a863e2fb484df40c433baec4{\npadding-bottom:10px;\n}\nbody .av-special-heading.av-2f2plup-4b9dac91a863e2fb484df40c433baec4 .av-special-heading-tag .heading-char{\nfont-size:25px;\n}\n.av-special-heading.av-2f2plup-4b9dac91a863e2fb484df40c433baec4 .av-subheading{\nfont-size:15px;\n}\n<\/style>\n<div  class='av-special-heading av-2f2plup-4b9dac91a863e2fb484df40c433baec4 av-special-heading-h3  avia-builder-el-3  el_before_av_textblock  avia-builder-el-first '><h3 class='av-special-heading-tag '  itemprop=\"headline\"  >Informa\u00e7\u00f5es B\u00e1sicas<\/h3><div class=\"special-heading-border\"><div class=\"special-heading-inner-border\"><\/div><\/div><\/div><br \/>\n<section  class='av_textblock_section av-edyf44-fea7b7e9ace2cffba07bede5de5b8106 '   itemscope=\"itemscope\" itemtype=\"https:\/\/schema.org\/CreativeWork\" ><div class='avia_textblock'  itemprop=\"text\" ><table width=\"100%\">\n<tbody>\n<tr>\n<td><strong>Objetivos gerais:<\/strong><\/td>\n<\/tr>\n<tr>\n<td>Formar profissional auxiliar capaz de atuar junto \u00e0 equipe odontol\u00f3gica, contribuindo assim, para o aumento da resolutividade e qualidade dos servi\u00e7os odontol\u00f3gicos prestados \u00e0 popula\u00e7\u00e3o.<\/td>\n<\/tr>\n<tr>\n<td><b>Metodologia<\/b><\/td>\n<\/tr>\n<tr>\n<td>\n<p style=\"font-weight: 400\">O curso \u00e9 organizado em m\u00f3dulos te\u00f3ricos e pr\u00e1ticos com aulas ministradas na FO-UFMG, utilizando metodologias ativas de aprendizagem, din\u00e2micas de grupo e oficinas, buscando a participa\u00e7\u00e3o e a reflex\u00e3o dos alunos. Os locais selecionados para o est\u00e1gio s\u00e3o intra e extramuros \u00e0 FO-UFMG como os Centros de Sa\u00fade da PBH. Na FO- UFMG o est\u00e1gio \u00e9 realizado na Central de Esteriliza\u00e7\u00e3o (CME), nas Cl\u00ednicas, Comiss\u00e3o de Biosseguran\u00e7a (COBIO), Laborat\u00f3rios e ainda, nos campos de atua\u00e7\u00e3o dos Projetos de Extens\u00e3o<\/p>\n<p style=\"font-weight: 400\">As atividades te\u00f3ricas e pr\u00e1ticas ocorrer\u00e3o de Segunda a Sexta &#8211; feira de 18:30 \u00e0s 21 hrs.<\/p>\n<p style=\"font-weight: 400\"><strong>A oferta do curso est\u00e1 condicionada a 54 matr\u00edculas pagantes. Caso a quantidade de vagas n\u00e3o seja preenchida, o valor da matr\u00edcula ser\u00e1 devolvido integralmente.<\/strong><\/p>\n<p style=\"font-weight: 400\"><strong>Ser\u00e3o disponibilizadas 10% das vagas para Alunos FUMP.\u00a0<\/strong><\/p>\n<\/td>\n<\/tr>\n<\/tbody>\n<\/table>\n<div  class='hr av-ct2nz8-36fa1ffc5705281aaf8d41baaf3f525c hr-short  avia-builder-el-5  avia-builder-el-no-sibling  hr-left'><span class='hr-inner '><span class=\"hr-inner-style\"><\/span><\/span><\/div>\n<ul>\n<li>P\u00fablico alvo: Candidatos com ensino fundamental completo e acima de 18 anos.<\/li>\n<li>Natureza do curso: Te\u00f3rico pr\u00e1tico .<\/li>\n<li>N\u00famero de vagas: 60.<\/li>\n<li>Periodicidade: Semanalmente.<\/li>\n<\/ul>\n<p><strong>Para mais informa\u00e7\u00f5es ou d\u00favidas entre em contato pelo e-mail:\u00a0projetos3@fepe.com.br\u00a0ou pelo telefone 3409-2071<\/strong><\/p>\n<\/div><\/section><\/p><\/div>\n<style type=\"text\/css\" data-created_by=\"avia_inline_auto\" id=\"style-css-av-aqn9n8-e6f8bd186f896df15a939d9b34888bdf\">\n.flex_column.av-aqn9n8-e6f8bd186f896df15a939d9b34888bdf{\nborder-radius:0px 0px 0px 0px;\npadding:0px 0px 0px 0px;\n}\n<\/style>\n<div  class='flex_column av-aqn9n8-e6f8bd186f896df15a939d9b34888bdf av_two_third  avia-builder-el-6  el_after_av_one_third  avia-builder-el-last  flex_column_div av-zero-column-padding  column-top-margin'     ><p>\n<style type=\"text\/css\" data-created_by=\"avia_inline_auto\" id=\"style-css-av-1d8uopt-b4ef2632bbe500cbf4992a002607315c\">\n#top .av-special-heading.av-1d8uopt-b4ef2632bbe500cbf4992a002607315c{\npadding-bottom:10px;\n}\nbody .av-special-heading.av-1d8uopt-b4ef2632bbe500cbf4992a002607315c .av-special-heading-tag .heading-char{\nfont-size:25px;\n}\n.av-special-heading.av-1d8uopt-b4ef2632bbe500cbf4992a002607315c .av-subheading{\nfont-size:15px;\n}\n<\/style>\n<div  class='av-special-heading av-1d8uopt-b4ef2632bbe500cbf4992a002607315c av-special-heading-h3  avia-builder-el-7  el_before_av_tab_container  avia-builder-el-first '><h3 class='av-special-heading-tag '  itemprop=\"headline\"  >Mais Informa\u00e7\u00f5es<\/h3><div class=\"special-heading-border\"><div class=\"special-heading-inner-border\"><\/div><\/div><\/div><br \/>\n<div  class='tabcontainer av-6wcwys-f23efbe54f727338847eaa356886a410 top_tab  avia-builder-el-8  el_after_av_heading  avia-builder-el-last '>\n<section class='av_tab_section av_tab_section av-15jaeht-447364cc9d4e55dd3c1c471beab13e1e'  itemscope=\"itemscope\" itemtype=\"https:\/\/schema.org\/CreativeWork\" ><div id='tab-id-1-tab' class='tab active_tab' role='tab' aria-selected=\"true\" tabindex=\"0\" data-fake-id='#tab-id-1' aria-controls='tab-id-1-content'  itemprop=\"headline\" ><span class='tab_icon avia-iconfont avia-font-entypo-fontello' data-av_icon='\ue80b' data-av_iconfont='entypo-fontello' ><\/span>Coordenadores <\/div><div id='tab-id-1-content' class='tab_content active_tab_content' role='tabpanel' aria-labelledby='tab-id-1-tab' aria-hidden=\"false\"><div class='tab_inner_content invers-color'  itemprop=\"text\" ><div class=\"avia-testimonial-image\"><\/div>\n<div class=\"avia-testimonial-content \">\n<p><em><strong><img decoding=\"async\" class=\"\" src=\"https:\/\/somos.ufmg.br\/img\/fotos\/8038195893811938.jpg\" width=\"192\" height=\"288\" \/><\/strong><\/em><\/p>\n<p><em><strong>Andr\u00e9a Clemente Palmier<\/strong><\/em><br \/>\n<em>Coordenadora<\/em><\/p>\n<p class=\"resumo\">Possui gradua\u00e7\u00e3o em Odontologia pela Universidade do Estado do Rio de Janeiro (1986), mestrado em Dental Public Health &#8211; University College London (1994) e doutorado em Odontologia pela Universidade Federal de Minas Gerais (2011). Atualmente \u00e9 professora adjunta no Departamento de Odontologia Social e Preventiva da Faculdade de Odontologia da UFMG. Tem experi\u00eancia na \u00e1rea de sa\u00fade coletiva com \u00eanfase em Ci\u00eancias da Sa\u00fade, atuando principalmente nos seguintes temas: integra\u00e7\u00e3o docente-assistencial, sus, curriculo, promo\u00e7\u00e3o de sa\u00fade e odontologia<\/p>\n<\/div>\n<div class=\"avia-testimonial-meta\"><\/div>\n<div class=\"avia-testimonial-image\"><\/div>\n<div class=\"avia-testimonial-content \"><\/div>\n<div class=\"avia-testimonial-content \">\n<p class=\"resumo\">\n<\/div>\n<div class=\"avia-testimonial-content \"><\/div>\n<\/div><\/div><\/section>\n<section class='av_tab_section av_tab_section av-43jge9-81672bc6bd794ebaa2b706c860f37cd0'  itemscope=\"itemscope\" itemtype=\"https:\/\/schema.org\/CreativeWork\" ><div id='tab-id-2-tab' class='tab' role='tab' aria-selected=\"false\" tabindex=\"0\" data-fake-id='#tab-id-2' aria-controls='tab-id-2-content'  itemprop=\"headline\" ><span class='tab_icon avia-iconfont avia-font-entypo-fontello' data-av_icon='\ue81f' data-av_iconfont='entypo-fontello' ><\/span>Informa\u00e7\u00f5es Adicionais<\/div><div id='tab-id-2-content' class='tab_content' role='tabpanel' aria-labelledby='tab-id-2-tab' aria-hidden=\"true\"><div class='tab_inner_content invers-color'  itemprop=\"text\" ><p><strong>Per\u00edodo de inscri\u00e7\u00e3o:<\/strong>18\/01\/2026 a 22\/02\/2026<br \/>\n<strong>Natureza do curso:<\/strong> Te\u00f3rico e pr\u00e1tico<br \/>\n<strong>Per\u00edodo de realiza\u00e7\u00e3o<\/strong>: <b>\u00a0<\/b>28\/02\/2025 a 26\/06\/2026<br \/>\n<strong>N\u00famero de vagas:<\/strong> 60.<\/p>\n<p><strong>Local de Realiza\u00e7\u00e3o:<\/strong> Faculdade de Odontologia da UFMG- Belo Horizonte.<br \/>\n<strong>Periodicidade:<\/strong> Segunda a Sexta-feira 18:30 \u00e0s 21h.<\/p>\n<\/div><\/div><\/section>\n<section class='av_tab_section av_tab_section av-jg1ps1-d8ff13345f1e224ede52f98ffd1e52c3'  itemscope=\"itemscope\" itemtype=\"https:\/\/schema.org\/CreativeWork\" ><div id='tab-id-3-tab' class='tab' role='tab' aria-selected=\"false\" tabindex=\"0\" data-fake-id='#tab-id-3' aria-controls='tab-id-3-content'  itemprop=\"headline\" ><span class='tab_icon avia-iconfont avia-font-entypo-fontello' data-av_icon='\ue832' data-av_iconfont='entypo-fontello' ><\/span>Investimento e Matr\u00edculas<\/div><div id='tab-id-3-content' class='tab_content' role='tabpanel' aria-labelledby='tab-id-3-tab' aria-hidden=\"true\"><div class='tab_inner_content invers-color'  itemprop=\"text\" ><p><strong>INVESTIMENTO:\u00a0<\/strong><\/p>\n<p>VALOR : R$ 50,00 (cinquenta reais)<\/p>\n<p><strong>Forma de sele\u00e7\u00e3o: <\/strong>Ordem de inscri\u00e7\u00e3o<\/p>\n<p style=\"text-align: center\">\n<p style=\"text-align: center\"><a style=\"padding: 14px 28px;background: #15844d;color: #ffffff;text-decoration: none;border-radius: 6px;font-weight: bold\" href=\"https:\/\/fepe.conveniar.com.br\/Eventos\/Forms\/Servicos\/EventoDados.aspx?action=1216\" target=\"_blank\" rel=\"noopener\">MATRICULAR<br \/>\n<\/a><\/p>\n<p>Voc\u00ea ser\u00e1 redirecionado para o site da funda\u00e7\u00e3o.<\/p>\n<p><b>SOBRE AS BOLSAS:<\/b><\/p>\n<p>Sobre as bolsas: Nos Cursos de Extens\u00e3o ser\u00e3o concedidas bolsas para alunos carentes e\/ou servidores da UFMG, num total de 10% das vagas preenchidas, desde que o curso atinja o n\u00famero de inscri\u00e7\u00f5es necess\u00e1rias para sua viabiliza\u00e7\u00e3o. Poder\u00e3o ser oferecidas at\u00e9 01 (uma) bolsa integral ou parciais (descontos de 10% a 90%), de forma que a soma dos percentuais atenda a 10% das vagas preenchidas com alunos pagantes.<\/p>\n<\/div><\/div><\/section>\n<\/div><\/p><\/div><\/p>\n","protected":false},"excerpt":{"rendered":"","protected":false},"author":72,"featured_media":17671,"parent":3367,"menu_order":0,"comment_status":"closed","ping_status":"closed","template":"","meta":{"inline_featured_image":false,"footnotes":""},"class_list":["post-17668","page","type-page","status-publish","has-post-thumbnail","hentry"],"yoast_head":"<!-- This site is optimized with the Yoast SEO plugin v27.3 - https:\/\/yoast.com\/product\/yoast-seo-wordpress\/ -->\n<title>Curso Auxiliar em Sa\u00fade Bucal | CENEX Odonto<\/title>\n<meta name=\"robots\" content=\"index, follow, max-snippet:-1, max-image-preview:large, max-video-preview:-1\" \/>\n<link rel=\"canonical\" href=\"https:\/\/www.odonto.ufmg.br\/cenex\/iniciacao-profissional\/curso-auxiliar-em-saude-bucal\/\" \/>\n<meta property=\"og:locale\" content=\"pt_BR\" \/>\n<meta property=\"og:type\" content=\"article\" \/>\n<meta property=\"og:title\" content=\"Curso Auxiliar em Sa\u00fade Bucal | CENEX Odonto\" \/>\n<meta property=\"og:url\" content=\"https:\/\/www.odonto.ufmg.br\/cenex\/iniciacao-profissional\/curso-auxiliar-em-saude-bucal\/\" \/>\n<meta property=\"og:site_name\" content=\"CENEX Odonto\" \/>\n<meta property=\"article:publisher\" content=\"https:\/\/www.facebook.com\/cenexfao\/?locale=pt_BR\" \/>\n<meta property=\"article:modified_time\" content=\"2026-03-03T15:51:59+00:00\" \/>\n<meta property=\"og:image\" content=\"http:\/\/www.odonto.ufmg.br\/cenex\/wp-content\/uploads\/sites\/2\/2025\/12\/EXTENSAO-1.png\" \/>\n\t<meta property=\"og:image:width\" content=\"851\" \/>\n\t<meta property=\"og:image:height\" content=\"315\" \/>\n\t<meta property=\"og:image:type\" content=\"image\/png\" \/>\n<meta name=\"twitter:card\" content=\"summary_large_image\" \/>\n<meta name=\"twitter:label1\" content=\"Est. tempo de leitura\" \/>\n\t<meta name=\"twitter:data1\" content=\"3 minutos\" \/>\n<script type=\"application\/ld+json\" class=\"yoast-schema-graph\">{\"@context\":\"https:\\\/\\\/schema.org\",\"@graph\":[{\"@type\":\"WebPage\",\"@id\":\"https:\\\/\\\/www.odonto.ufmg.br\\\/cenex\\\/iniciacao-profissional\\\/curso-auxiliar-em-saude-bucal\\\/\",\"url\":\"https:\\\/\\\/www.odonto.ufmg.br\\\/cenex\\\/iniciacao-profissional\\\/curso-auxiliar-em-saude-bucal\\\/\",\"name\":\"Curso Auxiliar em Sa\u00fade Bucal | CENEX Odonto\",\"isPartOf\":{\"@id\":\"https:\\\/\\\/www.odonto.ufmg.br\\\/cenex\\\/#website\"},\"primaryImageOfPage\":{\"@id\":\"https:\\\/\\\/www.odonto.ufmg.br\\\/cenex\\\/iniciacao-profissional\\\/curso-auxiliar-em-saude-bucal\\\/#primaryimage\"},\"image\":{\"@id\":\"https:\\\/\\\/www.odonto.ufmg.br\\\/cenex\\\/iniciacao-profissional\\\/curso-auxiliar-em-saude-bucal\\\/#primaryimage\"},\"thumbnailUrl\":\"https:\\\/\\\/www.odonto.ufmg.br\\\/cenex\\\/wp-content\\\/uploads\\\/sites\\\/2\\\/2025\\\/12\\\/EXTENSAO-1.png\",\"datePublished\":\"2025-12-22T16:11:11+00:00\",\"dateModified\":\"2026-03-03T15:51:59+00:00\",\"breadcrumb\":{\"@id\":\"https:\\\/\\\/www.odonto.ufmg.br\\\/cenex\\\/iniciacao-profissional\\\/curso-auxiliar-em-saude-bucal\\\/#breadcrumb\"},\"inLanguage\":\"pt-BR\",\"potentialAction\":[{\"@type\":\"ReadAction\",\"target\":[\"https:\\\/\\\/www.odonto.ufmg.br\\\/cenex\\\/iniciacao-profissional\\\/curso-auxiliar-em-saude-bucal\\\/\"]}]},{\"@type\":\"ImageObject\",\"inLanguage\":\"pt-BR\",\"@id\":\"https:\\\/\\\/www.odonto.ufmg.br\\\/cenex\\\/iniciacao-profissional\\\/curso-auxiliar-em-saude-bucal\\\/#primaryimage\",\"url\":\"https:\\\/\\\/www.odonto.ufmg.br\\\/cenex\\\/wp-content\\\/uploads\\\/sites\\\/2\\\/2025\\\/12\\\/EXTENSAO-1.png\",\"contentUrl\":\"https:\\\/\\\/www.odonto.ufmg.br\\\/cenex\\\/wp-content\\\/uploads\\\/sites\\\/2\\\/2025\\\/12\\\/EXTENSAO-1.png\",\"width\":851,\"height\":315},{\"@type\":\"BreadcrumbList\",\"@id\":\"https:\\\/\\\/www.odonto.ufmg.br\\\/cenex\\\/iniciacao-profissional\\\/curso-auxiliar-em-saude-bucal\\\/#breadcrumb\",\"itemListElement\":[{\"@type\":\"ListItem\",\"position\":1,\"name\":\"In\u00edcio\",\"item\":\"https:\\\/\\\/www.odonto.ufmg.br\\\/cenex\\\/cenex\\\/\"},{\"@type\":\"ListItem\",\"position\":2,\"name\":\"Em andamento\",\"item\":\"https:\\\/\\\/www.odonto.ufmg.br\\\/cenex\\\/iniciacao-profissional\\\/\"},{\"@type\":\"ListItem\",\"position\":3,\"name\":\"Curso Auxiliar em Sa\u00fade Bucal\"}]},{\"@type\":\"WebSite\",\"@id\":\"https:\\\/\\\/www.odonto.ufmg.br\\\/cenex\\\/#website\",\"url\":\"https:\\\/\\\/www.odonto.ufmg.br\\\/cenex\\\/\",\"name\":\"CENEX Odonto\",\"description\":\"Centro de Extens\u00e3o - Faculdade de Odontologia UFMG\",\"publisher\":{\"@id\":\"https:\\\/\\\/www.odonto.ufmg.br\\\/cenex\\\/#organization\"},\"potentialAction\":[{\"@type\":\"SearchAction\",\"target\":{\"@type\":\"EntryPoint\",\"urlTemplate\":\"https:\\\/\\\/www.odonto.ufmg.br\\\/cenex\\\/?s={search_term_string}\"},\"query-input\":{\"@type\":\"PropertyValueSpecification\",\"valueRequired\":true,\"valueName\":\"search_term_string\"}}],\"inLanguage\":\"pt-BR\"},{\"@type\":\"Organization\",\"@id\":\"https:\\\/\\\/www.odonto.ufmg.br\\\/cenex\\\/#organization\",\"name\":\"Faculdade de Odontologia da UFMG\",\"url\":\"https:\\\/\\\/www.odonto.ufmg.br\\\/cenex\\\/\",\"logo\":{\"@type\":\"ImageObject\",\"inLanguage\":\"pt-BR\",\"@id\":\"https:\\\/\\\/www.odonto.ufmg.br\\\/cenex\\\/#\\\/schema\\\/logo\\\/image\\\/\",\"url\":\"http:\\\/\\\/www.odonto.ufmg.br\\\/cenex\\\/wp-content\\\/uploads\\\/sites\\\/2\\\/2015\\\/12\\\/logo_cenex.svg\",\"contentUrl\":\"http:\\\/\\\/www.odonto.ufmg.br\\\/cenex\\\/wp-content\\\/uploads\\\/sites\\\/2\\\/2015\\\/12\\\/logo_cenex.svg\",\"width\":1,\"height\":1,\"caption\":\"Faculdade de Odontologia da UFMG\"},\"image\":{\"@id\":\"https:\\\/\\\/www.odonto.ufmg.br\\\/cenex\\\/#\\\/schema\\\/logo\\\/image\\\/\"},\"sameAs\":[\"https:\\\/\\\/www.facebook.com\\\/cenexfao\\\/?locale=pt_BR\",\"https:\\\/\\\/www.instagram.com\\\/cenexfao\\\/\"]}]}<\/script>\n<!-- \/ Yoast SEO plugin. -->","yoast_head_json":{"title":"Curso Auxiliar em Sa\u00fade Bucal | CENEX Odonto","robots":{"index":"index","follow":"follow","max-snippet":"max-snippet:-1","max-image-preview":"max-image-preview:large","max-video-preview":"max-video-preview:-1"},"canonical":"https:\/\/www.odonto.ufmg.br\/cenex\/iniciacao-profissional\/curso-auxiliar-em-saude-bucal\/","og_locale":"pt_BR","og_type":"article","og_title":"Curso Auxiliar em Sa\u00fade Bucal | CENEX Odonto","og_url":"https:\/\/www.odonto.ufmg.br\/cenex\/iniciacao-profissional\/curso-auxiliar-em-saude-bucal\/","og_site_name":"CENEX Odonto","article_publisher":"https:\/\/www.facebook.com\/cenexfao\/?locale=pt_BR","article_modified_time":"2026-03-03T15:51:59+00:00","og_image":[{"width":851,"height":315,"url":"http:\/\/www.odonto.ufmg.br\/cenex\/wp-content\/uploads\/sites\/2\/2025\/12\/EXTENSAO-1.png","type":"image\/png"}],"twitter_card":"summary_large_image","twitter_misc":{"Est. tempo de leitura":"3 minutos"},"schema":{"@context":"https:\/\/schema.org","@graph":[{"@type":"WebPage","@id":"https:\/\/www.odonto.ufmg.br\/cenex\/iniciacao-profissional\/curso-auxiliar-em-saude-bucal\/","url":"https:\/\/www.odonto.ufmg.br\/cenex\/iniciacao-profissional\/curso-auxiliar-em-saude-bucal\/","name":"Curso Auxiliar em Sa\u00fade Bucal | CENEX Odonto","isPartOf":{"@id":"https:\/\/www.odonto.ufmg.br\/cenex\/#website"},"primaryImageOfPage":{"@id":"https:\/\/www.odonto.ufmg.br\/cenex\/iniciacao-profissional\/curso-auxiliar-em-saude-bucal\/#primaryimage"},"image":{"@id":"https:\/\/www.odonto.ufmg.br\/cenex\/iniciacao-profissional\/curso-auxiliar-em-saude-bucal\/#primaryimage"},"thumbnailUrl":"https:\/\/www.odonto.ufmg.br\/cenex\/wp-content\/uploads\/sites\/2\/2025\/12\/EXTENSAO-1.png","datePublished":"2025-12-22T16:11:11+00:00","dateModified":"2026-03-03T15:51:59+00:00","breadcrumb":{"@id":"https:\/\/www.odonto.ufmg.br\/cenex\/iniciacao-profissional\/curso-auxiliar-em-saude-bucal\/#breadcrumb"},"inLanguage":"pt-BR","potentialAction":[{"@type":"ReadAction","target":["https:\/\/www.odonto.ufmg.br\/cenex\/iniciacao-profissional\/curso-auxiliar-em-saude-bucal\/"]}]},{"@type":"ImageObject","inLanguage":"pt-BR","@id":"https:\/\/www.odonto.ufmg.br\/cenex\/iniciacao-profissional\/curso-auxiliar-em-saude-bucal\/#primaryimage","url":"https:\/\/www.odonto.ufmg.br\/cenex\/wp-content\/uploads\/sites\/2\/2025\/12\/EXTENSAO-1.png","contentUrl":"https:\/\/www.odonto.ufmg.br\/cenex\/wp-content\/uploads\/sites\/2\/2025\/12\/EXTENSAO-1.png","width":851,"height":315},{"@type":"BreadcrumbList","@id":"https:\/\/www.odonto.ufmg.br\/cenex\/iniciacao-profissional\/curso-auxiliar-em-saude-bucal\/#breadcrumb","itemListElement":[{"@type":"ListItem","position":1,"name":"In\u00edcio","item":"https:\/\/www.odonto.ufmg.br\/cenex\/cenex\/"},{"@type":"ListItem","position":2,"name":"Em andamento","item":"https:\/\/www.odonto.ufmg.br\/cenex\/iniciacao-profissional\/"},{"@type":"ListItem","position":3,"name":"Curso Auxiliar em Sa\u00fade Bucal"}]},{"@type":"WebSite","@id":"https:\/\/www.odonto.ufmg.br\/cenex\/#website","url":"https:\/\/www.odonto.ufmg.br\/cenex\/","name":"CENEX Odonto","description":"Centro de Extens\u00e3o - Faculdade de Odontologia UFMG","publisher":{"@id":"https:\/\/www.odonto.ufmg.br\/cenex\/#organization"},"potentialAction":[{"@type":"SearchAction","target":{"@type":"EntryPoint","urlTemplate":"https:\/\/www.odonto.ufmg.br\/cenex\/?s={search_term_string}"},"query-input":{"@type":"PropertyValueSpecification","valueRequired":true,"valueName":"search_term_string"}}],"inLanguage":"pt-BR"},{"@type":"Organization","@id":"https:\/\/www.odonto.ufmg.br\/cenex\/#organization","name":"Faculdade de Odontologia da UFMG","url":"https:\/\/www.odonto.ufmg.br\/cenex\/","logo":{"@type":"ImageObject","inLanguage":"pt-BR","@id":"https:\/\/www.odonto.ufmg.br\/cenex\/#\/schema\/logo\/image\/","url":"http:\/\/www.odonto.ufmg.br\/cenex\/wp-content\/uploads\/sites\/2\/2015\/12\/logo_cenex.svg","contentUrl":"http:\/\/www.odonto.ufmg.br\/cenex\/wp-content\/uploads\/sites\/2\/2015\/12\/logo_cenex.svg","width":1,"height":1,"caption":"Faculdade de Odontologia da UFMG"},"image":{"@id":"https:\/\/www.odonto.ufmg.br\/cenex\/#\/schema\/logo\/image\/"},"sameAs":["https:\/\/www.facebook.com\/cenexfao\/?locale=pt_BR","https:\/\/www.instagram.com\/cenexfao\/"]}]}},"_links":{"self":[{"href":"https:\/\/www.odonto.ufmg.br\/cenex\/wp-json\/wp\/v2\/pages\/17668","targetHints":{"allow":["GET"]}}],"collection":[{"href":"https:\/\/www.odonto.ufmg.br\/cenex\/wp-json\/wp\/v2\/pages"}],"about":[{"href":"https:\/\/www.odonto.ufmg.br\/cenex\/wp-json\/wp\/v2\/types\/page"}],"author":[{"embeddable":true,"href":"https:\/\/www.odonto.ufmg.br\/cenex\/wp-json\/wp\/v2\/users\/72"}],"replies":[{"embeddable":true,"href":"https:\/\/www.odonto.ufmg.br\/cenex\/wp-json\/wp\/v2\/comments?post=17668"}],"version-history":[{"count":10,"href":"https:\/\/www.odonto.ufmg.br\/cenex\/wp-json\/wp\/v2\/pages\/17668\/revisions"}],"predecessor-version":[{"id":17870,"href":"https:\/\/www.odonto.ufmg.br\/cenex\/wp-json\/wp\/v2\/pages\/17668\/revisions\/17870"}],"up":[{"embeddable":true,"href":"https:\/\/www.odonto.ufmg.br\/cenex\/wp-json\/wp\/v2\/pages\/3367"}],"wp:featuredmedia":[{"embeddable":true,"href":"https:\/\/www.odonto.ufmg.br\/cenex\/wp-json\/wp\/v2\/media\/17671"}],"wp:attachment":[{"href":"https:\/\/www.odonto.ufmg.br\/cenex\/wp-json\/wp\/v2\/media?parent=17668"}],"curies":[{"name":"wp","href":"https:\/\/api.w.org\/{rel}","templated":true}]}}