{"id":17430,"date":"2025-09-04T13:14:53","date_gmt":"2025-09-04T16:14:53","guid":{"rendered":"https:\/\/www.odonto.ufmg.br\/cenex\/?page_id=17430"},"modified":"2025-09-04T13:15:32","modified_gmt":"2025-09-04T16:15:32","slug":"evento-mulheres-que-inspiram","status":"publish","type":"page","link":"https:\/\/www.odonto.ufmg.br\/cenex\/evento-mulheres-que-inspiram\/","title":{"rendered":"Evento Mulheres que Inspiram"},"content":{"rendered":"<div  class='flex_column av-13zbrsh-7f0e508c671bf2c6a43831c1b6489e00 av_one_full  avia-builder-el-0  avia-builder-el-no-sibling  first flex_column_div  '     ><p><div  class='avia-slideshow av-mbtoe76i-636c68c2806ca69ca64f521390e989e3 avia-slideshow-no scaling av_slideshow avia-slide-slider  avia-builder-el-1  el_before_av_textblock  avia-builder-el-first  av-slideshow-ui av-control-default av-slideshow-manual av-loop-once av-loop-manual-endless av-default-height-applied avia-slideshow-1' data-slideshow-options=\"{&quot;animation&quot;:&quot;slide&quot;,&quot;autoplay&quot;:false,&quot;loop_autoplay&quot;:&quot;once&quot;,&quot;interval&quot;:5,&quot;loop_manual&quot;:&quot;manual-endless&quot;,&quot;autoplay_stopper&quot;:false,&quot;noNavigation&quot;:false,&quot;bg_slider&quot;:false,&quot;keep_padding&quot;:false,&quot;hoverpause&quot;:false,&quot;show_slide_delay&quot;:0}\"  itemprop=\"image\" itemscope=\"itemscope\" itemtype=\"https:\/\/schema.org\/ImageObject\" ><ul class='avia-slideshow-inner ' style='padding-bottom: 125%;'><li  class='avia-slideshow-slide av-mbtoe76i-636c68c2806ca69ca64f521390e989e3__0  av-single-slide slide-1 slide-odd'><div data-rel='slideshow-1' class='avia-slide-wrap '   ><img decoding=\"async\" fetchpriority=\"high\" class=\"wp-image-17432 avia-img-lazy-loading-not-17432\"  src=\"https:\/\/www.odonto.ufmg.br\/cenex\/wp-content\/uploads\/sites\/2\/2025\/09\/Imagem-do-WhatsApp-de-2025-08-27-as-09.42.09_7ca15768.jpg\" width=\"1080\" height=\"1350\" title='Imagem do WhatsApp de 2025-08-27 \u00e0(s) 09.42.09_7ca15768' alt=''  itemprop=\"thumbnailUrl\" srcset=\"https:\/\/www.odonto.ufmg.br\/cenex\/wp-content\/uploads\/sites\/2\/2025\/09\/Imagem-do-WhatsApp-de-2025-08-27-as-09.42.09_7ca15768.jpg 1080w, https:\/\/www.odonto.ufmg.br\/cenex\/wp-content\/uploads\/sites\/2\/2025\/09\/Imagem-do-WhatsApp-de-2025-08-27-as-09.42.09_7ca15768-240x300.jpg 240w, https:\/\/www.odonto.ufmg.br\/cenex\/wp-content\/uploads\/sites\/2\/2025\/09\/Imagem-do-WhatsApp-de-2025-08-27-as-09.42.09_7ca15768-824x1030.jpg 824w, https:\/\/www.odonto.ufmg.br\/cenex\/wp-content\/uploads\/sites\/2\/2025\/09\/Imagem-do-WhatsApp-de-2025-08-27-as-09.42.09_7ca15768-64x80.jpg 64w, https:\/\/www.odonto.ufmg.br\/cenex\/wp-content\/uploads\/sites\/2\/2025\/09\/Imagem-do-WhatsApp-de-2025-08-27-as-09.42.09_7ca15768-768x960.jpg 768w, https:\/\/www.odonto.ufmg.br\/cenex\/wp-content\/uploads\/sites\/2\/2025\/09\/Imagem-do-WhatsApp-de-2025-08-27-as-09.42.09_7ca15768-564x705.jpg 564w\" sizes=\"(max-width: 1080px) 100vw, 1080px\" \/><\/div><\/li><\/ul><\/div><br \/>\n<section  class='av_textblock_section av-mbtodd12-65e2eb20f6b95ccd791e8ff570779a3f '   itemscope=\"itemscope\" itemtype=\"https:\/\/schema.org\/CreativeWork\" ><div class='avia_textblock'  itemprop=\"text\" ><p>O projeto Sororidade na odontologia convida a voc\u00ea a participar do evento <a class=\"x1i10hfl xjbqb8w x1ejq31n x18oe1m7 x1sy0etr xstzfhl x972fbf x10w94by x1qhh985 x14e42zd x9f619 x1ypdohk xt0psk2 x3ct3a4 xdj266r x14z9mp xat24cr x1lziwak xexx8yu xyri2b x18d9i69 x1c1uobl x16tdsg8 x1hl2dhg xggy1nq x1a2a7pz _aa9_ _a6hd\" role=\"link\" href=\"https:\/\/www.instagram.com\/explore\/tags\/mulheresqueinspiram\/\">#MulheresQueInspiram<\/a>\u00a0da faculdade de odontologia da UFMG.<\/p>\n<p>\ud83d\udcc5 24\/10\/2025 | \ud83d\udccd Audit\u00f3rio da Faculdade de Odontologia da UFMG<\/p>\n<p>\u23f0 10h de programa\u00e7\u00e3o intensa com palestras, mesas-redondas e debates conduzidos por mulheres que s\u00e3o refer\u00eancia em suas \u00e1reas.<\/p>\n<p><img decoding=\"async\" class=\"wp-image-17431 aligncenter\" src=\"http:\/\/www.odonto.ufmg.br\/cenex\/wp-content\/uploads\/sites\/2\/2025\/09\/Imagem-do-WhatsApp-de-2025-08-27-as-09.43.44_831887db-240x300.jpg\" alt=\"\" width=\"464\" height=\"580\" srcset=\"https:\/\/www.odonto.ufmg.br\/cenex\/wp-content\/uploads\/sites\/2\/2025\/09\/Imagem-do-WhatsApp-de-2025-08-27-as-09.43.44_831887db-240x300.jpg 240w, https:\/\/www.odonto.ufmg.br\/cenex\/wp-content\/uploads\/sites\/2\/2025\/09\/Imagem-do-WhatsApp-de-2025-08-27-as-09.43.44_831887db-824x1030.jpg 824w, https:\/\/www.odonto.ufmg.br\/cenex\/wp-content\/uploads\/sites\/2\/2025\/09\/Imagem-do-WhatsApp-de-2025-08-27-as-09.43.44_831887db-64x80.jpg 64w, https:\/\/www.odonto.ufmg.br\/cenex\/wp-content\/uploads\/sites\/2\/2025\/09\/Imagem-do-WhatsApp-de-2025-08-27-as-09.43.44_831887db-768x960.jpg 768w, https:\/\/www.odonto.ufmg.br\/cenex\/wp-content\/uploads\/sites\/2\/2025\/09\/Imagem-do-WhatsApp-de-2025-08-27-as-09.43.44_831887db-564x705.jpg 564w, https:\/\/www.odonto.ufmg.br\/cenex\/wp-content\/uploads\/sites\/2\/2025\/09\/Imagem-do-WhatsApp-de-2025-08-27-as-09.43.44_831887db.jpg 1080w\" sizes=\"(max-width: 464px) 100vw, 464px\" \/><\/p>\n<p>Vamos valorizar hist\u00f3rias de sucesso, promover conhecimento e refor\u00e7ar a atua\u00e7\u00e3o feminina na ci\u00eancia, na gest\u00e3o acad\u00eamica e em todas as \u00e1reas da Odontologia.<\/p>\n<p>\ud83d\udd39 Inscri\u00e7\u00f5es abertas at\u00e9 22\/10<br \/>\n\ud83d\udd39 Profissionais: R$ 100,00<br \/>\n\ud83d\udd39 Estudantes: R$ 50,00<br \/>\n\ud83d\udccc Vagas limitadas (200 pagantes + 10 bolsas)<br \/>\nInscri\u00e7\u00f5es pelo link: https:\/\/conveniar.fco.org.br\/eventos\/Forms\/Servicos\/EventoDados.aspx?action=317<\/p>\n<\/div><\/section><\/p><\/div>\n","protected":false},"excerpt":{"rendered":"","protected":false},"author":72,"featured_media":0,"parent":0,"menu_order":0,"comment_status":"closed","ping_status":"closed","template":"","meta":{"inline_featured_image":false,"footnotes":""},"class_list":["post-17430","page","type-page","status-publish","hentry"],"yoast_head":"<!-- This site is optimized with the Yoast SEO plugin v27.3 - https:\/\/yoast.com\/product\/yoast-seo-wordpress\/ -->\n<title>Evento Mulheres que Inspiram | CENEX Odonto<\/title>\n<meta name=\"robots\" content=\"index, follow, max-snippet:-1, max-image-preview:large, max-video-preview:-1\" \/>\n<link rel=\"canonical\" href=\"https:\/\/www.odonto.ufmg.br\/cenex\/evento-mulheres-que-inspiram\/\" \/>\n<meta property=\"og:locale\" content=\"pt_BR\" \/>\n<meta property=\"og:type\" content=\"article\" \/>\n<meta property=\"og:title\" content=\"Evento Mulheres que Inspiram | CENEX Odonto\" \/>\n<meta property=\"og:url\" content=\"https:\/\/www.odonto.ufmg.br\/cenex\/evento-mulheres-que-inspiram\/\" \/>\n<meta property=\"og:site_name\" content=\"CENEX Odonto\" \/>\n<meta property=\"article:publisher\" content=\"https:\/\/www.facebook.com\/cenexfao\/?locale=pt_BR\" \/>\n<meta property=\"article:modified_time\" content=\"2025-09-04T16:15:32+00:00\" \/>\n<meta property=\"og:image\" content=\"http:\/\/www.odonto.ufmg.br\/cenex\/wp-content\/uploads\/sites\/2\/2025\/09\/Imagem-do-WhatsApp-de-2025-08-27-as-09.43.44_831887db-240x300.jpg\" \/>\n<meta name=\"twitter:card\" content=\"summary_large_image\" \/>\n<meta name=\"twitter:label1\" content=\"Est. tempo de leitura\" \/>\n\t<meta name=\"twitter:data1\" content=\"1 minuto\" \/>\n<script type=\"application\/ld+json\" class=\"yoast-schema-graph\">{\"@context\":\"https:\\\/\\\/schema.org\",\"@graph\":[{\"@type\":\"WebPage\",\"@id\":\"https:\\\/\\\/www.odonto.ufmg.br\\\/cenex\\\/evento-mulheres-que-inspiram\\\/\",\"url\":\"https:\\\/\\\/www.odonto.ufmg.br\\\/cenex\\\/evento-mulheres-que-inspiram\\\/\",\"name\":\"Evento Mulheres que Inspiram | CENEX Odonto\",\"isPartOf\":{\"@id\":\"https:\\\/\\\/www.odonto.ufmg.br\\\/cenex\\\/#website\"},\"primaryImageOfPage\":{\"@id\":\"https:\\\/\\\/www.odonto.ufmg.br\\\/cenex\\\/evento-mulheres-que-inspiram\\\/#primaryimage\"},\"image\":{\"@id\":\"https:\\\/\\\/www.odonto.ufmg.br\\\/cenex\\\/evento-mulheres-que-inspiram\\\/#primaryimage\"},\"thumbnailUrl\":\"http:\\\/\\\/www.odonto.ufmg.br\\\/cenex\\\/wp-content\\\/uploads\\\/sites\\\/2\\\/2025\\\/09\\\/Imagem-do-WhatsApp-de-2025-08-27-as-09.43.44_831887db-240x300.jpg\",\"datePublished\":\"2025-09-04T16:14:53+00:00\",\"dateModified\":\"2025-09-04T16:15:32+00:00\",\"breadcrumb\":{\"@id\":\"https:\\\/\\\/www.odonto.ufmg.br\\\/cenex\\\/evento-mulheres-que-inspiram\\\/#breadcrumb\"},\"inLanguage\":\"pt-BR\",\"potentialAction\":[{\"@type\":\"ReadAction\",\"target\":[\"https:\\\/\\\/www.odonto.ufmg.br\\\/cenex\\\/evento-mulheres-que-inspiram\\\/\"]}]},{\"@type\":\"ImageObject\",\"inLanguage\":\"pt-BR\",\"@id\":\"https:\\\/\\\/www.odonto.ufmg.br\\\/cenex\\\/evento-mulheres-que-inspiram\\\/#primaryimage\",\"url\":\"https:\\\/\\\/www.odonto.ufmg.br\\\/cenex\\\/wp-content\\\/uploads\\\/sites\\\/2\\\/2025\\\/09\\\/Imagem-do-WhatsApp-de-2025-08-27-as-09.43.44_831887db.jpg\",\"contentUrl\":\"https:\\\/\\\/www.odonto.ufmg.br\\\/cenex\\\/wp-content\\\/uploads\\\/sites\\\/2\\\/2025\\\/09\\\/Imagem-do-WhatsApp-de-2025-08-27-as-09.43.44_831887db.jpg\",\"width\":1080,\"height\":1350},{\"@type\":\"BreadcrumbList\",\"@id\":\"https:\\\/\\\/www.odonto.ufmg.br\\\/cenex\\\/evento-mulheres-que-inspiram\\\/#breadcrumb\",\"itemListElement\":[{\"@type\":\"ListItem\",\"position\":1,\"name\":\"In\u00edcio\",\"item\":\"https:\\\/\\\/www.odonto.ufmg.br\\\/cenex\\\/cenex\\\/\"},{\"@type\":\"ListItem\",\"position\":2,\"name\":\"Evento Mulheres que Inspiram\"}]},{\"@type\":\"WebSite\",\"@id\":\"https:\\\/\\\/www.odonto.ufmg.br\\\/cenex\\\/#website\",\"url\":\"https:\\\/\\\/www.odonto.ufmg.br\\\/cenex\\\/\",\"name\":\"CENEX Odonto\",\"description\":\"Centro de Extens\u00e3o - Faculdade de Odontologia UFMG\",\"publisher\":{\"@id\":\"https:\\\/\\\/www.odonto.ufmg.br\\\/cenex\\\/#organization\"},\"potentialAction\":[{\"@type\":\"SearchAction\",\"target\":{\"@type\":\"EntryPoint\",\"urlTemplate\":\"https:\\\/\\\/www.odonto.ufmg.br\\\/cenex\\\/?s={search_term_string}\"},\"query-input\":{\"@type\":\"PropertyValueSpecification\",\"valueRequired\":true,\"valueName\":\"search_term_string\"}}],\"inLanguage\":\"pt-BR\"},{\"@type\":\"Organization\",\"@id\":\"https:\\\/\\\/www.odonto.ufmg.br\\\/cenex\\\/#organization\",\"name\":\"Faculdade de Odontologia da UFMG\",\"url\":\"https:\\\/\\\/www.odonto.ufmg.br\\\/cenex\\\/\",\"logo\":{\"@type\":\"ImageObject\",\"inLanguage\":\"pt-BR\",\"@id\":\"https:\\\/\\\/www.odonto.ufmg.br\\\/cenex\\\/#\\\/schema\\\/logo\\\/image\\\/\",\"url\":\"http:\\\/\\\/www.odonto.ufmg.br\\\/cenex\\\/wp-content\\\/uploads\\\/sites\\\/2\\\/2015\\\/12\\\/logo_cenex.svg\",\"contentUrl\":\"http:\\\/\\\/www.odonto.ufmg.br\\\/cenex\\\/wp-content\\\/uploads\\\/sites\\\/2\\\/2015\\\/12\\\/logo_cenex.svg\",\"width\":1,\"height\":1,\"caption\":\"Faculdade de Odontologia da UFMG\"},\"image\":{\"@id\":\"https:\\\/\\\/www.odonto.ufmg.br\\\/cenex\\\/#\\\/schema\\\/logo\\\/image\\\/\"},\"sameAs\":[\"https:\\\/\\\/www.facebook.com\\\/cenexfao\\\/?locale=pt_BR\",\"https:\\\/\\\/www.instagram.com\\\/cenexfao\\\/\"]}]}<\/script>\n<!-- \/ Yoast SEO plugin. -->","yoast_head_json":{"title":"Evento Mulheres que Inspiram | CENEX Odonto","robots":{"index":"index","follow":"follow","max-snippet":"max-snippet:-1","max-image-preview":"max-image-preview:large","max-video-preview":"max-video-preview:-1"},"canonical":"https:\/\/www.odonto.ufmg.br\/cenex\/evento-mulheres-que-inspiram\/","og_locale":"pt_BR","og_type":"article","og_title":"Evento Mulheres que Inspiram | CENEX Odonto","og_url":"https:\/\/www.odonto.ufmg.br\/cenex\/evento-mulheres-que-inspiram\/","og_site_name":"CENEX Odonto","article_publisher":"https:\/\/www.facebook.com\/cenexfao\/?locale=pt_BR","article_modified_time":"2025-09-04T16:15:32+00:00","og_image":[{"url":"http:\/\/www.odonto.ufmg.br\/cenex\/wp-content\/uploads\/sites\/2\/2025\/09\/Imagem-do-WhatsApp-de-2025-08-27-as-09.43.44_831887db-240x300.jpg","type":"","width":"","height":""}],"twitter_card":"summary_large_image","twitter_misc":{"Est. tempo de leitura":"1 minuto"},"schema":{"@context":"https:\/\/schema.org","@graph":[{"@type":"WebPage","@id":"https:\/\/www.odonto.ufmg.br\/cenex\/evento-mulheres-que-inspiram\/","url":"https:\/\/www.odonto.ufmg.br\/cenex\/evento-mulheres-que-inspiram\/","name":"Evento Mulheres que Inspiram | CENEX Odonto","isPartOf":{"@id":"https:\/\/www.odonto.ufmg.br\/cenex\/#website"},"primaryImageOfPage":{"@id":"https:\/\/www.odonto.ufmg.br\/cenex\/evento-mulheres-que-inspiram\/#primaryimage"},"image":{"@id":"https:\/\/www.odonto.ufmg.br\/cenex\/evento-mulheres-que-inspiram\/#primaryimage"},"thumbnailUrl":"http:\/\/www.odonto.ufmg.br\/cenex\/wp-content\/uploads\/sites\/2\/2025\/09\/Imagem-do-WhatsApp-de-2025-08-27-as-09.43.44_831887db-240x300.jpg","datePublished":"2025-09-04T16:14:53+00:00","dateModified":"2025-09-04T16:15:32+00:00","breadcrumb":{"@id":"https:\/\/www.odonto.ufmg.br\/cenex\/evento-mulheres-que-inspiram\/#breadcrumb"},"inLanguage":"pt-BR","potentialAction":[{"@type":"ReadAction","target":["https:\/\/www.odonto.ufmg.br\/cenex\/evento-mulheres-que-inspiram\/"]}]},{"@type":"ImageObject","inLanguage":"pt-BR","@id":"https:\/\/www.odonto.ufmg.br\/cenex\/evento-mulheres-que-inspiram\/#primaryimage","url":"https:\/\/www.odonto.ufmg.br\/cenex\/wp-content\/uploads\/sites\/2\/2025\/09\/Imagem-do-WhatsApp-de-2025-08-27-as-09.43.44_831887db.jpg","contentUrl":"https:\/\/www.odonto.ufmg.br\/cenex\/wp-content\/uploads\/sites\/2\/2025\/09\/Imagem-do-WhatsApp-de-2025-08-27-as-09.43.44_831887db.jpg","width":1080,"height":1350},{"@type":"BreadcrumbList","@id":"https:\/\/www.odonto.ufmg.br\/cenex\/evento-mulheres-que-inspiram\/#breadcrumb","itemListElement":[{"@type":"ListItem","position":1,"name":"In\u00edcio","item":"https:\/\/www.odonto.ufmg.br\/cenex\/cenex\/"},{"@type":"ListItem","position":2,"name":"Evento Mulheres que Inspiram"}]},{"@type":"WebSite","@id":"https:\/\/www.odonto.ufmg.br\/cenex\/#website","url":"https:\/\/www.odonto.ufmg.br\/cenex\/","name":"CENEX Odonto","description":"Centro de Extens\u00e3o - Faculdade de Odontologia UFMG","publisher":{"@id":"https:\/\/www.odonto.ufmg.br\/cenex\/#organization"},"potentialAction":[{"@type":"SearchAction","target":{"@type":"EntryPoint","urlTemplate":"https:\/\/www.odonto.ufmg.br\/cenex\/?s={search_term_string}"},"query-input":{"@type":"PropertyValueSpecification","valueRequired":true,"valueName":"search_term_string"}}],"inLanguage":"pt-BR"},{"@type":"Organization","@id":"https:\/\/www.odonto.ufmg.br\/cenex\/#organization","name":"Faculdade de Odontologia da UFMG","url":"https:\/\/www.odonto.ufmg.br\/cenex\/","logo":{"@type":"ImageObject","inLanguage":"pt-BR","@id":"https:\/\/www.odonto.ufmg.br\/cenex\/#\/schema\/logo\/image\/","url":"http:\/\/www.odonto.ufmg.br\/cenex\/wp-content\/uploads\/sites\/2\/2015\/12\/logo_cenex.svg","contentUrl":"http:\/\/www.odonto.ufmg.br\/cenex\/wp-content\/uploads\/sites\/2\/2015\/12\/logo_cenex.svg","width":1,"height":1,"caption":"Faculdade de Odontologia da UFMG"},"image":{"@id":"https:\/\/www.odonto.ufmg.br\/cenex\/#\/schema\/logo\/image\/"},"sameAs":["https:\/\/www.facebook.com\/cenexfao\/?locale=pt_BR","https:\/\/www.instagram.com\/cenexfao\/"]}]}},"_links":{"self":[{"href":"https:\/\/www.odonto.ufmg.br\/cenex\/wp-json\/wp\/v2\/pages\/17430","targetHints":{"allow":["GET"]}}],"collection":[{"href":"https:\/\/www.odonto.ufmg.br\/cenex\/wp-json\/wp\/v2\/pages"}],"about":[{"href":"https:\/\/www.odonto.ufmg.br\/cenex\/wp-json\/wp\/v2\/types\/page"}],"author":[{"embeddable":true,"href":"https:\/\/www.odonto.ufmg.br\/cenex\/wp-json\/wp\/v2\/users\/72"}],"replies":[{"embeddable":true,"href":"https:\/\/www.odonto.ufmg.br\/cenex\/wp-json\/wp\/v2\/comments?post=17430"}],"version-history":[{"count":2,"href":"https:\/\/www.odonto.ufmg.br\/cenex\/wp-json\/wp\/v2\/pages\/17430\/revisions"}],"predecessor-version":[{"id":17434,"href":"https:\/\/www.odonto.ufmg.br\/cenex\/wp-json\/wp\/v2\/pages\/17430\/revisions\/17434"}],"wp:attachment":[{"href":"https:\/\/www.odonto.ufmg.br\/cenex\/wp-json\/wp\/v2\/media?parent=17430"}],"curies":[{"name":"wp","href":"https:\/\/api.w.org\/{rel}","templated":true}]}}