{"id":17089,"date":"2025-07-04T12:18:28","date_gmt":"2025-07-04T15:18:28","guid":{"rendered":"https:\/\/www.odonto.ufmg.br\/cenex\/?page_id=17089"},"modified":"2025-07-09T15:50:15","modified_gmt":"2025-07-09T18:50:15","slug":"curso-de-atualizacao-em-estomatologia-e-patologia-oral","status":"publish","type":"page","link":"https:\/\/www.odonto.ufmg.br\/cenex\/curso-de-atualizacao-em-estomatologia-e-patologia-oral\/","title":{"rendered":"Curso de Atualiza\u00e7\u00e3o em Estomatologia e Patologia Oral"},"content":{"rendered":"\n<style type=\"text\/css\" data-created_by=\"avia_inline_auto\" id=\"style-css-av-mhhqwk-c05807a7d6240862d5e44787145e9500\">\n.flex_column.av-mhhqwk-c05807a7d6240862d5e44787145e9500{\nborder-radius:0px 0px 0px 0px;\npadding:0px 0px 0px 0px;\n}\n<\/style>\n<div  class='flex_column av-mhhqwk-c05807a7d6240862d5e44787145e9500 av_one_full  avia-builder-el-0  el_before_av_one_third  avia-builder-el-first  first flex_column_div av-zero-column-padding  '     ><div  class='avia-slideshow av-k3xyzo-c189fd170dbcda33ea3a8219889b2714 avia-slideshow-entry_without_sidebar av_slideshow avia-slide-slider  avia-builder-el-1  avia-builder-el-no-sibling  av-slideshow-ui av-control-default av-slideshow-manual av-loop-once av-loop-manual-endless av-default-height-applied avia-slideshow-1' data-slideshow-options=\"{&quot;animation&quot;:&quot;slide&quot;,&quot;autoplay&quot;:false,&quot;loop_autoplay&quot;:&quot;once&quot;,&quot;interval&quot;:5,&quot;loop_manual&quot;:&quot;manual-endless&quot;,&quot;autoplay_stopper&quot;:false,&quot;noNavigation&quot;:false,&quot;bg_slider&quot;:false,&quot;keep_padding&quot;:false,&quot;hoverpause&quot;:false,&quot;show_slide_delay&quot;:0}\"  itemprop=\"image\" itemscope=\"itemscope\" itemtype=\"https:\/\/schema.org\/ImageObject\" ><ul class='avia-slideshow-inner ' style='padding-bottom: 35.87786259542%;'><li  class='avia-slideshow-slide av-k3xyzo-c189fd170dbcda33ea3a8219889b2714__0  av-single-slide slide-1 slide-odd'><div data-rel='slideshow-1' class='avia-slide-wrap '   ><img decoding=\"async\" fetchpriority=\"high\" class=\"wp-image-17085 avia-img-lazy-loading-not-17085\"  src=\"https:\/\/www.odonto.ufmg.br\/cenex\/wp-content\/uploads\/sites\/2\/2025\/07\/Curso-prof-felipe.png\" width=\"1179\" height=\"423\" title='Curso prof felipe' alt=''  itemprop=\"thumbnailUrl\" srcset=\"https:\/\/www.odonto.ufmg.br\/cenex\/wp-content\/uploads\/sites\/2\/2025\/07\/Curso-prof-felipe.png 1747w, https:\/\/www.odonto.ufmg.br\/cenex\/wp-content\/uploads\/sites\/2\/2025\/07\/Curso-prof-felipe-300x108.png 300w, https:\/\/www.odonto.ufmg.br\/cenex\/wp-content\/uploads\/sites\/2\/2025\/07\/Curso-prof-felipe-1030x370.png 1030w, https:\/\/www.odonto.ufmg.br\/cenex\/wp-content\/uploads\/sites\/2\/2025\/07\/Curso-prof-felipe-80x29.png 80w, https:\/\/www.odonto.ufmg.br\/cenex\/wp-content\/uploads\/sites\/2\/2025\/07\/Curso-prof-felipe-768x276.png 768w, https:\/\/www.odonto.ufmg.br\/cenex\/wp-content\/uploads\/sites\/2\/2025\/07\/Curso-prof-felipe-1536x551.png 1536w\" sizes=\"(max-width: 1179px) 100vw, 1179px\" \/><\/div><\/li><\/ul><\/div><\/div>\n\n<style type=\"text\/css\" data-created_by=\"avia_inline_auto\" id=\"style-css-av-gwkdo4-0f66c9f64f407054b5a6875d7024b492\">\n.flex_column.av-gwkdo4-0f66c9f64f407054b5a6875d7024b492{\nborder-radius:0px 0px 0px 0px;\npadding:0px 0px 0px 0px;\n}\n<\/style>\n<div  class='flex_column av-gwkdo4-0f66c9f64f407054b5a6875d7024b492 av_one_third  avia-builder-el-2  el_after_av_one_full  el_before_av_two_third  first flex_column_div av-zero-column-padding  column-top-margin'     ><p>\n<style type=\"text\/css\" data-created_by=\"avia_inline_auto\" id=\"style-css-av-2f2plup-4b9dac91a863e2fb484df40c433baec4\">\n#top .av-special-heading.av-2f2plup-4b9dac91a863e2fb484df40c433baec4{\npadding-bottom:10px;\n}\nbody .av-special-heading.av-2f2plup-4b9dac91a863e2fb484df40c433baec4 .av-special-heading-tag .heading-char{\nfont-size:25px;\n}\n.av-special-heading.av-2f2plup-4b9dac91a863e2fb484df40c433baec4 .av-subheading{\nfont-size:15px;\n}\n<\/style>\n<div  class='av-special-heading av-2f2plup-4b9dac91a863e2fb484df40c433baec4 av-special-heading-h3  avia-builder-el-3  el_before_av_textblock  avia-builder-el-first '><h3 class='av-special-heading-tag '  itemprop=\"headline\"  >Informa\u00e7\u00f5es B\u00e1sicas<\/h3><div class=\"special-heading-border\"><div class=\"special-heading-inner-border\"><\/div><\/div><\/div><br \/>\n<section  class='av_textblock_section av-edyf44-fea7b7e9ace2cffba07bede5de5b8106 '   itemscope=\"itemscope\" itemtype=\"https:\/\/schema.org\/CreativeWork\" ><div class='avia_textblock'  itemprop=\"text\" ><table width=\"100%\">\n<tbody>\n<tr>\n<td><strong>Objetivos gerais:<\/strong><\/td>\n<\/tr>\n<tr>\n<td>Capacitar discentes de gradua\u00e7\u00e3o e p\u00f3s-gradua\u00e7\u00e3o em Odontologia, e Cirurgi\u00f5es-dentistas para melhorar suas atua\u00e7\u00f5es em Estomatologia e Patologia oral otimizando suas habilidades diagn\u00f3sticas e terap\u00eauticas no contexto de les\u00f5es orais e maxilofaciais.<\/td>\n<\/tr>\n<tr>\n<td><b>Metodologia<\/b><\/td>\n<\/tr>\n<tr>\n<td>Todo o curso ser\u00e1 desenvolvido na Plataforma Microsoft Teams e utiliza\u00e7\u00e3o do Googledrive<\/td>\n<\/tr>\n<\/tbody>\n<\/table>\n<div  class='hr av-ct2nz8-36fa1ffc5705281aaf8d41baaf3f525c hr-short  avia-builder-el-5  avia-builder-el-no-sibling  hr-left'><span class='hr-inner '><span class=\"hr-inner-style\"><\/span><\/span><\/div>\n<ul>\n<li>P\u00fablico alvo:\u00a0Alunos de gradua\u00e7\u00e3o e de p\u00f3s-gradua\u00e7\u00e3o em odontologia; Cirurgi\u00f5es-dentistas dos servi\u00e7os de sa\u00fade bucal p\u00fablicos e privados.<\/li>\n<li>Natureza do curso: Te\u00f3rico<\/li>\n<li>N\u00famero de vagas: 60<\/li>\n<li>Periodicidade: <strong>\u00a0<\/strong>07\/10\/2025 a 23\/10\/2025. Ter\u00e7a-feira e quinta-feira (18:30hrs).<\/li>\n<\/ul>\n<\/div><\/section><\/p><\/div>\n<style type=\"text\/css\" data-created_by=\"avia_inline_auto\" id=\"style-css-av-aqn9n8-e6f8bd186f896df15a939d9b34888bdf\">\n.flex_column.av-aqn9n8-e6f8bd186f896df15a939d9b34888bdf{\nborder-radius:0px 0px 0px 0px;\npadding:0px 0px 0px 0px;\n}\n<\/style>\n<div  class='flex_column av-aqn9n8-e6f8bd186f896df15a939d9b34888bdf av_two_third  avia-builder-el-6  el_after_av_one_third  avia-builder-el-last  flex_column_div av-zero-column-padding  column-top-margin'     ><p>\n<style type=\"text\/css\" data-created_by=\"avia_inline_auto\" id=\"style-css-av-1d8uopt-b4ef2632bbe500cbf4992a002607315c\">\n#top .av-special-heading.av-1d8uopt-b4ef2632bbe500cbf4992a002607315c{\npadding-bottom:10px;\n}\nbody .av-special-heading.av-1d8uopt-b4ef2632bbe500cbf4992a002607315c .av-special-heading-tag .heading-char{\nfont-size:25px;\n}\n.av-special-heading.av-1d8uopt-b4ef2632bbe500cbf4992a002607315c .av-subheading{\nfont-size:15px;\n}\n<\/style>\n<div  class='av-special-heading av-1d8uopt-b4ef2632bbe500cbf4992a002607315c av-special-heading-h3  avia-builder-el-7  el_before_av_tab_container  avia-builder-el-first '><h3 class='av-special-heading-tag '  itemprop=\"headline\"  >Mais Informa\u00e7\u00f5es<\/h3><div class=\"special-heading-border\"><div class=\"special-heading-inner-border\"><\/div><\/div><\/div><br \/>\n<div  class='tabcontainer av-6wcwys-f23efbe54f727338847eaa356886a410 top_tab  avia-builder-el-8  el_after_av_heading  avia-builder-el-last '>\n<section class='av_tab_section av_tab_section av-15jaeht-447364cc9d4e55dd3c1c471beab13e1e'  itemscope=\"itemscope\" itemtype=\"https:\/\/schema.org\/CreativeWork\" ><div id='tab-id-1-tab' class='tab active_tab' role='tab' aria-selected=\"true\" tabindex=\"0\" data-fake-id='#tab-id-1' aria-controls='tab-id-1-content'  itemprop=\"headline\" ><span class='tab_icon avia-iconfont avia-font-entypo-fontello' data-av_icon='\ue80b' data-av_iconfont='entypo-fontello' ><\/span>Coordenadores <\/div><div id='tab-id-1-content' class='tab_content active_tab_content' role='tabpanel' aria-labelledby='tab-id-1-tab' aria-hidden=\"false\"><div class='tab_inner_content invers-color'  itemprop=\"text\" ><div class=\"avia-testimonial-image\"><img decoding=\"async\" class=\"alignnone wp-image-17090 size-medium\" src=\"http:\/\/www.odonto.ufmg.br\/cenex\/wp-content\/uploads\/sites\/2\/2025\/07\/felipe-286x300.jpg\" alt=\"\" width=\"286\" height=\"300\" srcset=\"https:\/\/www.odonto.ufmg.br\/cenex\/wp-content\/uploads\/sites\/2\/2025\/07\/felipe-286x300.jpg 286w, https:\/\/www.odonto.ufmg.br\/cenex\/wp-content\/uploads\/sites\/2\/2025\/07\/felipe-980x1030.jpg 980w, https:\/\/www.odonto.ufmg.br\/cenex\/wp-content\/uploads\/sites\/2\/2025\/07\/felipe-76x80.jpg 76w, https:\/\/www.odonto.ufmg.br\/cenex\/wp-content\/uploads\/sites\/2\/2025\/07\/felipe-768x807.jpg 768w, https:\/\/www.odonto.ufmg.br\/cenex\/wp-content\/uploads\/sites\/2\/2025\/07\/felipe-1462x1536.jpg 1462w, https:\/\/www.odonto.ufmg.br\/cenex\/wp-content\/uploads\/sites\/2\/2025\/07\/felipe-1428x1500.jpg 1428w, https:\/\/www.odonto.ufmg.br\/cenex\/wp-content\/uploads\/sites\/2\/2025\/07\/felipe-671x705.jpg 671w, https:\/\/www.odonto.ufmg.br\/cenex\/wp-content\/uploads\/sites\/2\/2025\/07\/felipe.jpg 1675w\" sizes=\"(max-width: 286px) 100vw, 286px\" \/><\/div>\n<div class=\"avia-testimonial-content \">\n<p><em><strong>FELIPE PAIVA FONSECA<\/strong><\/em><br \/>\n<em>Coordenador<\/em><\/p>\n<p class=\"resumo\">Possui gradua\u00e7\u00e3o em Odontologia pela Universidade Federal do Par\u00e1 (Bel\u00e9m-2010), mestrado em Estomatopatologia (Patologia) pela Universidade Estadual de Campinas (Piracicaba-2012), doutorado sandu\u00edche em Estomatopatologia (Patologia) pela Universidade Estadual de Campinas em parceria com a The University of Sheffield (Piracicaba\/Sheffield &#8211; Inglaterra) (2015) e p\u00f3s-doutorado pela Universidade Estadual de Campinas em parceria com a The University of Pretoria (Piracicaba\/Pretoria &#8211; \u00c1frica do Sul). Atualmente \u00e9 Professor de Patologia Oral da Faculdade de Odontologia da Universidade Federal de Minas Gerais (Belo Horizonte\/Brasil), al\u00e9m de atuar como editor associado dos peri\u00f3dicos internacionais J Oral Pathol Med e Med Oral Patol Oral Cir Bucal, e como editor-chefe do J Oral Diagn.<\/p>\n<\/div>\n<div class=\"avia-testimonial-content \"><\/div>\n<\/div><\/div><\/section>\n<section class='av_tab_section av_tab_section av-43jge9-81672bc6bd794ebaa2b706c860f37cd0'  itemscope=\"itemscope\" itemtype=\"https:\/\/schema.org\/CreativeWork\" ><div id='tab-id-2-tab' class='tab' role='tab' aria-selected=\"false\" tabindex=\"0\" data-fake-id='#tab-id-2' aria-controls='tab-id-2-content'  itemprop=\"headline\" ><span class='tab_icon avia-iconfont avia-font-entypo-fontello' data-av_icon='\ue81f' data-av_iconfont='entypo-fontello' ><\/span>Informa\u00e7\u00f5es Adicionais<\/div><div id='tab-id-2-content' class='tab_content' role='tabpanel' aria-labelledby='tab-id-2-tab' aria-hidden=\"true\"><div class='tab_inner_content invers-color'  itemprop=\"text\" ><p><strong>Per\u00edodo de inscri\u00e7\u00e3o: <\/strong>01\/07\/2025 a 03\/10\/2025<br \/>\n<strong>Natureza do curso:<\/strong> Te\u00f3rico via plataforma Teams e Googledrive<br \/>\n<strong>Per\u00edodo de realiza\u00e7\u00e3o<\/strong>: 07\/10\/2025 a 23\/10\/2025<br \/>\n<strong>Carga hor\u00e1ria:<\/strong> 40 horas<br \/>\n<strong>N\u00famero de vagas:<\/strong> 60 vagas 6 reservadas para bolsistas<\/p>\n<p><strong>Aulas te\u00f3ricas:<\/strong> ter\u00e7as-feiras e quintas-feiras (18:30)<\/p>\n<\/div><\/div><\/section>\n<section class='av_tab_section av_tab_section av-rtlroh-ef751bdcf093be41db3f16b0b2dd2d24'  itemscope=\"itemscope\" itemtype=\"https:\/\/schema.org\/CreativeWork\" ><div id='tab-id-3-tab' class='tab' role='tab' aria-selected=\"false\" tabindex=\"0\" data-fake-id='#tab-id-3' aria-controls='tab-id-3-content'  itemprop=\"headline\" ><span class='tab_icon avia-iconfont avia-font-entypo-fontello' data-av_icon='\ue84b' data-av_iconfont='entypo-fontello' ><\/span>Conte\u00fado Program\u00e1tico<\/div><div id='tab-id-3-content' class='tab_content' role='tabpanel' aria-labelledby='tab-id-3-tab' aria-hidden=\"true\"><div class='tab_inner_content invers-color'  itemprop=\"text\" ><\/div><\/div><\/section>\n<section class='av_tab_section av_tab_section av-jg1ps1-d8ff13345f1e224ede52f98ffd1e52c3'  itemscope=\"itemscope\" itemtype=\"https:\/\/schema.org\/CreativeWork\" ><div id='tab-id-4-tab' class='tab' role='tab' aria-selected=\"false\" tabindex=\"0\" data-fake-id='#tab-id-4' aria-controls='tab-id-4-content'  itemprop=\"headline\" ><span class='tab_icon avia-iconfont avia-font-entypo-fontello' data-av_icon='\ue832' data-av_iconfont='entypo-fontello' ><\/span>Investimento e Matr\u00edculas<\/div><div id='tab-id-4-content' class='tab_content' role='tabpanel' aria-labelledby='tab-id-4-tab' aria-hidden=\"true\"><div class='tab_inner_content invers-color'  itemprop=\"text\" ><p><strong>INVESTIMENTO:\u00a0<\/strong><\/p>\n<p><strong>Brasileiros<\/strong>:<\/p>\n<p>VALOR \u00c0 VISTA: R$500,00<\/p>\n<p>VALOR PARCELADO: R$500,00 &#8211; 2x R$250,00 &#8211; Somente no cart\u00e3o<\/p>\n<p><strong>Estrangeiros<\/strong><\/p>\n<p>\u00c0 vista:\u00a0R$\u00a0500,00\u00a0<span style=\"font-family: arial, helvetica, sans-serif\">&#8211;\u00a0<\/span>Somente no cart\u00e3o<br \/>\nParcelado:\u00a0<span style=\"font-family: arial, helvetica, sans-serif\">R$ 500,00 &#8211; 2x R$ 250,00 &#8211;\u00a0<\/span>Somente no cart\u00e3o<\/p>\n<p>\u201c<span style=\"color: #000000;font-family: arial, helvetica, sans-serif\"><u>Para emiss\u00e3o do boleto de aluno estrangeiro \u00e9 necess\u00e1rio que o mesmo\u00a0<\/u><\/span><u>possua CPF (Cadastro de Pessoas F\u00edsicas) ou ter um respons\u00e1vel financeiro\u00a0<\/u><u>brasileiro que porte o documento, para inserir no momento da inscri\u00e7\u00e3o.<\/u><u>\u201d<\/u><\/p>\n<p><strong>Forma de sele\u00e7\u00e3o: <\/strong>Ordem de inscri\u00e7\u00e3o<\/p>\n<div  class='avia-button-wrap avia-button-center  avia-builder-el-9  avia-builder-el-no-sibling '>\n<style type=\"text\/css\" data-created_by=\"avia_inline_auto\" id=\"style-css-av-cm7pj8-d09fab5aeaa580b5a17385aa0dfc66e7\">\n#top #wrap_all .avia-button.av-cm7pj8-d09fab5aeaa580b5a17385aa0dfc66e7{\ncolor:#ffffff;\ntransition:all 0.4s ease-in-out;\n}\n#top #wrap_all .avia-button.av-cm7pj8-d09fab5aeaa580b5a17385aa0dfc66e7:hover{\nbackground-color:#15844d;\ncolor:#ffffff;\ntransition:all 0.4s ease-in-out;\n}\n#top #wrap_all .avia-button.av-cm7pj8-d09fab5aeaa580b5a17385aa0dfc66e7 .avia-svg-icon svg:first-child{\nfill:#ffffff;\nstroke:#ffffff;\n}\n#top #wrap_all .avia-button.av-cm7pj8-d09fab5aeaa580b5a17385aa0dfc66e7:hover .avia-svg-icon svg:first-child{\nfill:#ffffff;\nstroke:#ffffff;\n}\n<\/style>\n<a href='https:\/\/www.cursoseeventos.ufmg.br\/CAE\/DetalharCae.aspx?CAE=12134&amp;fbclid=PAQ0xDSwLUyg1leHRuA2FlbQIxMQABp550KA3z9nKYa8_OHZ25E31PCIDU6nYvGMqGlkE6Z4kPB0aIU5zrPA8YiwcK_aem_mcdoPnjP-yPg-BXftqBdsA' class='avia-color-theme-color avia-button avia-button-fullwidth av-cm7pj8-d09fab5aeaa580b5a17385aa0dfc66e7 avia-icon_select-no avia-color-theme-color'   aria-label=\"MATRICULAR\"><span class='avia_iconbox_title' >MATRICULAR<\/span><div class='av-button-description av-button-description-below'><p>Voc\u00ea ser\u00e1 redirecionado para o site<\/p>\n<\/div><\/a><\/div>\n<p><b>SOBRE AS BOLSAS:<\/b><\/p>\n<p>Sobre as bolsas: Nos Cursos de Extens\u00e3o ser\u00e3o concedidas bolsas para alunos carentes e\/ou servidores da UFMG, num total de 10% das vagas preenchidas, desde que o curso atinja o n\u00famero de inscri\u00e7\u00f5es necess\u00e1rias para sua viabiliza\u00e7\u00e3o. Acesse <a href=\"http:\/\/www.odonto.ufmg.br\/cenex\/wp-content\/uploads\/sites\/2\/2025\/07\/Edital_Processo_seletivo_bolsa_curso_atualizacao_estomatologia_patologia_oral_online.pdf\"><strong>aqui<\/strong><\/a> o edital do processo seletivo para concess\u00e3o de bolsas de estudos no curso de atualiza\u00e7\u00e3o em estomatologia e patologia oral &#8211; online.<\/p>\n<\/div><\/div><\/section>\n<\/div><\/p><\/div><\/p>\n","protected":false},"excerpt":{"rendered":"","protected":false},"author":72,"featured_media":17084,"parent":0,"menu_order":0,"comment_status":"closed","ping_status":"closed","template":"","meta":{"inline_featured_image":false,"footnotes":""},"class_list":["post-17089","page","type-page","status-publish","has-post-thumbnail","hentry"],"yoast_head":"<!-- This site is optimized with the Yoast SEO plugin v27.5 - https:\/\/yoast.com\/product\/yoast-seo-wordpress\/ -->\n<title>Curso de Atualiza\u00e7\u00e3o em Estomatologia e Patologia Oral | CENEX Odonto<\/title>\n<meta name=\"robots\" content=\"index, follow, max-snippet:-1, max-image-preview:large, max-video-preview:-1\" \/>\n<link rel=\"canonical\" href=\"https:\/\/www.odonto.ufmg.br\/cenex\/curso-de-atualizacao-em-estomatologia-e-patologia-oral\/\" \/>\n<meta property=\"og:locale\" content=\"pt_BR\" \/>\n<meta property=\"og:type\" content=\"article\" \/>\n<meta property=\"og:title\" content=\"Curso de Atualiza\u00e7\u00e3o em Estomatologia e Patologia Oral | CENEX Odonto\" \/>\n<meta property=\"og:url\" content=\"https:\/\/www.odonto.ufmg.br\/cenex\/curso-de-atualizacao-em-estomatologia-e-patologia-oral\/\" \/>\n<meta property=\"og:site_name\" content=\"CENEX Odonto\" \/>\n<meta property=\"article:publisher\" content=\"https:\/\/www.facebook.com\/cenexfao\/?locale=pt_BR\" \/>\n<meta property=\"article:modified_time\" content=\"2025-07-09T18:50:15+00:00\" \/>\n<meta property=\"og:image\" content=\"http:\/\/www.odonto.ufmg.br\/cenex\/wp-content\/uploads\/sites\/2\/2025\/07\/Curo-prof-felipe.png\" \/>\n\t<meta property=\"og:image:width\" content=\"589\" \/>\n\t<meta property=\"og:image:height\" content=\"587\" \/>\n\t<meta property=\"og:image:type\" content=\"image\/png\" \/>\n<meta name=\"twitter:card\" content=\"summary_large_image\" \/>\n<meta name=\"twitter:label1\" content=\"Est. tempo de leitura\" \/>\n\t<meta name=\"twitter:data1\" content=\"3 minutos\" \/>\n<script type=\"application\/ld+json\" class=\"yoast-schema-graph\">{\"@context\":\"https:\\\/\\\/schema.org\",\"@graph\":[{\"@type\":\"WebPage\",\"@id\":\"https:\\\/\\\/www.odonto.ufmg.br\\\/cenex\\\/curso-de-atualizacao-em-estomatologia-e-patologia-oral\\\/\",\"url\":\"https:\\\/\\\/www.odonto.ufmg.br\\\/cenex\\\/curso-de-atualizacao-em-estomatologia-e-patologia-oral\\\/\",\"name\":\"Curso de Atualiza\u00e7\u00e3o em Estomatologia e Patologia Oral | CENEX Odonto\",\"isPartOf\":{\"@id\":\"https:\\\/\\\/www.odonto.ufmg.br\\\/cenex\\\/#website\"},\"primaryImageOfPage\":{\"@id\":\"https:\\\/\\\/www.odonto.ufmg.br\\\/cenex\\\/curso-de-atualizacao-em-estomatologia-e-patologia-oral\\\/#primaryimage\"},\"image\":{\"@id\":\"https:\\\/\\\/www.odonto.ufmg.br\\\/cenex\\\/curso-de-atualizacao-em-estomatologia-e-patologia-oral\\\/#primaryimage\"},\"thumbnailUrl\":\"https:\\\/\\\/www.odonto.ufmg.br\\\/cenex\\\/wp-content\\\/uploads\\\/sites\\\/2\\\/2025\\\/07\\\/Curo-prof-felipe.png\",\"datePublished\":\"2025-07-04T15:18:28+00:00\",\"dateModified\":\"2025-07-09T18:50:15+00:00\",\"breadcrumb\":{\"@id\":\"https:\\\/\\\/www.odonto.ufmg.br\\\/cenex\\\/curso-de-atualizacao-em-estomatologia-e-patologia-oral\\\/#breadcrumb\"},\"inLanguage\":\"pt-BR\",\"potentialAction\":[{\"@type\":\"ReadAction\",\"target\":[\"https:\\\/\\\/www.odonto.ufmg.br\\\/cenex\\\/curso-de-atualizacao-em-estomatologia-e-patologia-oral\\\/\"]}]},{\"@type\":\"ImageObject\",\"inLanguage\":\"pt-BR\",\"@id\":\"https:\\\/\\\/www.odonto.ufmg.br\\\/cenex\\\/curso-de-atualizacao-em-estomatologia-e-patologia-oral\\\/#primaryimage\",\"url\":\"https:\\\/\\\/www.odonto.ufmg.br\\\/cenex\\\/wp-content\\\/uploads\\\/sites\\\/2\\\/2025\\\/07\\\/Curo-prof-felipe.png\",\"contentUrl\":\"https:\\\/\\\/www.odonto.ufmg.br\\\/cenex\\\/wp-content\\\/uploads\\\/sites\\\/2\\\/2025\\\/07\\\/Curo-prof-felipe.png\",\"width\":589,\"height\":587},{\"@type\":\"BreadcrumbList\",\"@id\":\"https:\\\/\\\/www.odonto.ufmg.br\\\/cenex\\\/curso-de-atualizacao-em-estomatologia-e-patologia-oral\\\/#breadcrumb\",\"itemListElement\":[{\"@type\":\"ListItem\",\"position\":1,\"name\":\"In\u00edcio\",\"item\":\"https:\\\/\\\/www.odonto.ufmg.br\\\/cenex\\\/cenex\\\/\"},{\"@type\":\"ListItem\",\"position\":2,\"name\":\"Curso de Atualiza\u00e7\u00e3o em Estomatologia e Patologia Oral\"}]},{\"@type\":\"WebSite\",\"@id\":\"https:\\\/\\\/www.odonto.ufmg.br\\\/cenex\\\/#website\",\"url\":\"https:\\\/\\\/www.odonto.ufmg.br\\\/cenex\\\/\",\"name\":\"CENEX Odonto\",\"description\":\"Centro de Extens\u00e3o - Faculdade de Odontologia UFMG\",\"publisher\":{\"@id\":\"https:\\\/\\\/www.odonto.ufmg.br\\\/cenex\\\/#organization\"},\"potentialAction\":[{\"@type\":\"SearchAction\",\"target\":{\"@type\":\"EntryPoint\",\"urlTemplate\":\"https:\\\/\\\/www.odonto.ufmg.br\\\/cenex\\\/?s={search_term_string}\"},\"query-input\":{\"@type\":\"PropertyValueSpecification\",\"valueRequired\":true,\"valueName\":\"search_term_string\"}}],\"inLanguage\":\"pt-BR\"},{\"@type\":\"Organization\",\"@id\":\"https:\\\/\\\/www.odonto.ufmg.br\\\/cenex\\\/#organization\",\"name\":\"Faculdade de Odontologia da UFMG\",\"url\":\"https:\\\/\\\/www.odonto.ufmg.br\\\/cenex\\\/\",\"logo\":{\"@type\":\"ImageObject\",\"inLanguage\":\"pt-BR\",\"@id\":\"https:\\\/\\\/www.odonto.ufmg.br\\\/cenex\\\/#\\\/schema\\\/logo\\\/image\\\/\",\"url\":\"http:\\\/\\\/www.odonto.ufmg.br\\\/cenex\\\/wp-content\\\/uploads\\\/sites\\\/2\\\/2015\\\/12\\\/logo_cenex.svg\",\"contentUrl\":\"http:\\\/\\\/www.odonto.ufmg.br\\\/cenex\\\/wp-content\\\/uploads\\\/sites\\\/2\\\/2015\\\/12\\\/logo_cenex.svg\",\"width\":1,\"height\":1,\"caption\":\"Faculdade de Odontologia da UFMG\"},\"image\":{\"@id\":\"https:\\\/\\\/www.odonto.ufmg.br\\\/cenex\\\/#\\\/schema\\\/logo\\\/image\\\/\"},\"sameAs\":[\"https:\\\/\\\/www.facebook.com\\\/cenexfao\\\/?locale=pt_BR\",\"https:\\\/\\\/www.instagram.com\\\/cenexfao\\\/\"]}]}<\/script>\n<!-- \/ Yoast SEO plugin. -->","yoast_head_json":{"title":"Curso de Atualiza\u00e7\u00e3o em Estomatologia e Patologia Oral | CENEX Odonto","robots":{"index":"index","follow":"follow","max-snippet":"max-snippet:-1","max-image-preview":"max-image-preview:large","max-video-preview":"max-video-preview:-1"},"canonical":"https:\/\/www.odonto.ufmg.br\/cenex\/curso-de-atualizacao-em-estomatologia-e-patologia-oral\/","og_locale":"pt_BR","og_type":"article","og_title":"Curso de Atualiza\u00e7\u00e3o em Estomatologia e Patologia Oral | CENEX Odonto","og_url":"https:\/\/www.odonto.ufmg.br\/cenex\/curso-de-atualizacao-em-estomatologia-e-patologia-oral\/","og_site_name":"CENEX Odonto","article_publisher":"https:\/\/www.facebook.com\/cenexfao\/?locale=pt_BR","article_modified_time":"2025-07-09T18:50:15+00:00","og_image":[{"width":589,"height":587,"url":"http:\/\/www.odonto.ufmg.br\/cenex\/wp-content\/uploads\/sites\/2\/2025\/07\/Curo-prof-felipe.png","type":"image\/png"}],"twitter_card":"summary_large_image","twitter_misc":{"Est. tempo de leitura":"3 minutos"},"schema":{"@context":"https:\/\/schema.org","@graph":[{"@type":"WebPage","@id":"https:\/\/www.odonto.ufmg.br\/cenex\/curso-de-atualizacao-em-estomatologia-e-patologia-oral\/","url":"https:\/\/www.odonto.ufmg.br\/cenex\/curso-de-atualizacao-em-estomatologia-e-patologia-oral\/","name":"Curso de Atualiza\u00e7\u00e3o em Estomatologia e Patologia Oral | CENEX Odonto","isPartOf":{"@id":"https:\/\/www.odonto.ufmg.br\/cenex\/#website"},"primaryImageOfPage":{"@id":"https:\/\/www.odonto.ufmg.br\/cenex\/curso-de-atualizacao-em-estomatologia-e-patologia-oral\/#primaryimage"},"image":{"@id":"https:\/\/www.odonto.ufmg.br\/cenex\/curso-de-atualizacao-em-estomatologia-e-patologia-oral\/#primaryimage"},"thumbnailUrl":"https:\/\/www.odonto.ufmg.br\/cenex\/wp-content\/uploads\/sites\/2\/2025\/07\/Curo-prof-felipe.png","datePublished":"2025-07-04T15:18:28+00:00","dateModified":"2025-07-09T18:50:15+00:00","breadcrumb":{"@id":"https:\/\/www.odonto.ufmg.br\/cenex\/curso-de-atualizacao-em-estomatologia-e-patologia-oral\/#breadcrumb"},"inLanguage":"pt-BR","potentialAction":[{"@type":"ReadAction","target":["https:\/\/www.odonto.ufmg.br\/cenex\/curso-de-atualizacao-em-estomatologia-e-patologia-oral\/"]}]},{"@type":"ImageObject","inLanguage":"pt-BR","@id":"https:\/\/www.odonto.ufmg.br\/cenex\/curso-de-atualizacao-em-estomatologia-e-patologia-oral\/#primaryimage","url":"https:\/\/www.odonto.ufmg.br\/cenex\/wp-content\/uploads\/sites\/2\/2025\/07\/Curo-prof-felipe.png","contentUrl":"https:\/\/www.odonto.ufmg.br\/cenex\/wp-content\/uploads\/sites\/2\/2025\/07\/Curo-prof-felipe.png","width":589,"height":587},{"@type":"BreadcrumbList","@id":"https:\/\/www.odonto.ufmg.br\/cenex\/curso-de-atualizacao-em-estomatologia-e-patologia-oral\/#breadcrumb","itemListElement":[{"@type":"ListItem","position":1,"name":"In\u00edcio","item":"https:\/\/www.odonto.ufmg.br\/cenex\/cenex\/"},{"@type":"ListItem","position":2,"name":"Curso de Atualiza\u00e7\u00e3o em Estomatologia e Patologia Oral"}]},{"@type":"WebSite","@id":"https:\/\/www.odonto.ufmg.br\/cenex\/#website","url":"https:\/\/www.odonto.ufmg.br\/cenex\/","name":"CENEX Odonto","description":"Centro de Extens\u00e3o - Faculdade de Odontologia UFMG","publisher":{"@id":"https:\/\/www.odonto.ufmg.br\/cenex\/#organization"},"potentialAction":[{"@type":"SearchAction","target":{"@type":"EntryPoint","urlTemplate":"https:\/\/www.odonto.ufmg.br\/cenex\/?s={search_term_string}"},"query-input":{"@type":"PropertyValueSpecification","valueRequired":true,"valueName":"search_term_string"}}],"inLanguage":"pt-BR"},{"@type":"Organization","@id":"https:\/\/www.odonto.ufmg.br\/cenex\/#organization","name":"Faculdade de Odontologia da UFMG","url":"https:\/\/www.odonto.ufmg.br\/cenex\/","logo":{"@type":"ImageObject","inLanguage":"pt-BR","@id":"https:\/\/www.odonto.ufmg.br\/cenex\/#\/schema\/logo\/image\/","url":"http:\/\/www.odonto.ufmg.br\/cenex\/wp-content\/uploads\/sites\/2\/2015\/12\/logo_cenex.svg","contentUrl":"http:\/\/www.odonto.ufmg.br\/cenex\/wp-content\/uploads\/sites\/2\/2015\/12\/logo_cenex.svg","width":1,"height":1,"caption":"Faculdade de Odontologia da UFMG"},"image":{"@id":"https:\/\/www.odonto.ufmg.br\/cenex\/#\/schema\/logo\/image\/"},"sameAs":["https:\/\/www.facebook.com\/cenexfao\/?locale=pt_BR","https:\/\/www.instagram.com\/cenexfao\/"]}]}},"_links":{"self":[{"href":"https:\/\/www.odonto.ufmg.br\/cenex\/wp-json\/wp\/v2\/pages\/17089","targetHints":{"allow":["GET"]}}],"collection":[{"href":"https:\/\/www.odonto.ufmg.br\/cenex\/wp-json\/wp\/v2\/pages"}],"about":[{"href":"https:\/\/www.odonto.ufmg.br\/cenex\/wp-json\/wp\/v2\/types\/page"}],"author":[{"embeddable":true,"href":"https:\/\/www.odonto.ufmg.br\/cenex\/wp-json\/wp\/v2\/users\/72"}],"replies":[{"embeddable":true,"href":"https:\/\/www.odonto.ufmg.br\/cenex\/wp-json\/wp\/v2\/comments?post=17089"}],"version-history":[{"count":3,"href":"https:\/\/www.odonto.ufmg.br\/cenex\/wp-json\/wp\/v2\/pages\/17089\/revisions"}],"predecessor-version":[{"id":17095,"href":"https:\/\/www.odonto.ufmg.br\/cenex\/wp-json\/wp\/v2\/pages\/17089\/revisions\/17095"}],"wp:featuredmedia":[{"embeddable":true,"href":"https:\/\/www.odonto.ufmg.br\/cenex\/wp-json\/wp\/v2\/media\/17084"}],"wp:attachment":[{"href":"https:\/\/www.odonto.ufmg.br\/cenex\/wp-json\/wp\/v2\/media?parent=17089"}],"curies":[{"name":"wp","href":"https:\/\/api.w.org\/{rel}","templated":true}]}}