{"id":16656,"date":"2025-04-04T10:05:51","date_gmt":"2025-04-04T13:05:51","guid":{"rendered":"https:\/\/www.odonto.ufmg.br\/cenex\/?page_id=16656"},"modified":"2025-06-18T10:35:58","modified_gmt":"2025-06-18T13:35:58","slug":"programas","status":"publish","type":"page","link":"https:\/\/www.odonto.ufmg.br\/cenex\/programas\/","title":{"rendered":"Programas"},"content":{"rendered":"<div  class='flex_column av-1aykp2o-8069f35748c85eda39765fa499879c5b av_one_full  avia-builder-el-0  el_before_av_icon_box  avia-builder-el-first  first flex_column_div  '     ><style type=\"text\/css\" data-created_by=\"avia_inline_auto\" id=\"style-css-av-mazq6c1d-b7ee80cf9e93b878473db20fde18d4f2\">\n#top .av_textblock_section.av-mazq6c1d-b7ee80cf9e93b878473db20fde18d4f2 .avia_textblock{\ncolor:#0c4930;\n}\n<\/style>\n<section  class='av_textblock_section av-mazq6c1d-b7ee80cf9e93b878473db20fde18d4f2 '   itemscope=\"itemscope\" itemtype=\"https:\/\/schema.org\/CreativeWork\" ><div class='avia_textblock av_inherit_color'  itemprop=\"text\" ><h3><strong>PROGRAMAS DE EXTENS\u00c3O<\/strong><\/h3>\n<\/div><\/section><br \/>\n<section  class='av_textblock_section av-mazriu9z-5247318a193f175725d2465f4eb8d369 '   itemscope=\"itemscope\" itemtype=\"https:\/\/schema.org\/CreativeWork\" ><div class='avia_textblock'  itemprop=\"text\" ><p>Programa de extens\u00e3o \u00e9 <strong>conjunto articulado de pelo menos dois projetos e outras a\u00e7\u00f5es de extens\u00e3o<\/strong> (cursos, eventos, presta\u00e7\u00e3o de servi\u00e7os), desenvolvido de forma processual e cont\u00ednua e que deve explicitar, necessariamente, a metodologia de articula\u00e7\u00e3o das diversas a\u00e7\u00f5es vinculadas.<\/p>\n<\/div><\/section><\/p><\/div><article  class='iconbox iconbox_left av-mazrxb7h-fbc43f1c30da69325b96e97159c752ee  avia-builder-el-3  el_after_av_one_full  el_before_av_icon_box '  itemscope=\"itemscope\" itemtype=\"https:\/\/schema.org\/CreativeWork\" ><div class=\"iconbox_content\"><header class=\"entry-content-header\" aria-label=\"Icon: Programa Traumatismos Dent\u00e1rios - SIEX 500011\"><div class='iconbox_icon heading-color avia-svg-icon avia-font-svg_entypo-fontello' data-av_svg_icon='level-down' data-av_iconset='svg_entypo-fontello' ><svg version=\"1.1\" xmlns=\"http:\/\/www.w3.org\/2000\/svg\" width=\"24\" height=\"32\" viewBox=\"0 0 24 32\" preserveAspectRatio=\"xMidYMid meet\" aria-labelledby='av-svg-title-1' aria-describedby='av-svg-desc-1' role=\"graphics-symbol\">\n<title id='av-svg-title-1'>Level-down<\/title>\n<desc id='av-svg-desc-1'>Level-down<\/desc>\n<path d=\"M3.2 20.8q-1.344 0-2.272-0.96t-0.928-2.24v-11.2h4.48v9.92h11.648v-4.8l7.68 7.040-7.68 7.040v-4.8h-12.928z\"><\/path>\n<\/svg><\/div><h3 class='iconbox_content_title '  itemprop=\"headline\" >Programa Traumatismos Dent\u00e1rios - SIEX 500011<\/h3><\/header><div class='iconbox_content_container '  itemprop=\"text\" ><p>Coordenador(a) acad\u00eamico: Juliana Vilela Bastos<br \/>\nProjetos vinculados:<\/p>\n<p><strong>Projeto de Extens\u00e3o Cl\u00ednica de Traumatismos Dent\u00e1rios &#8211; SIEX 400112; <\/strong><\/p>\n<p><strong>Atendimento Odontol\u00f3gica a Pacientes com Traumatismos Dent\u00e1rios na Denti\u00e7\u00e3o Dec\u00eddua &#8211; SIEX 400260; <\/strong><\/p>\n<p><strong>Projeto de Extens\u00e3o Restaura\u00e7\u00e3o de Dentes Traumatizados &#8211; SIEX 400259;<\/strong><\/p>\n<p><strong>Cl\u00ednica de Diagn\u00f3stico por Imagem para Pacientes com Les\u00f5es Traum\u00e1ticas Dento-Alveolares &#8211; SIEX 404224;<\/strong><\/p>\n<p><strong>Atendimento Ortod\u00f4ntico a Pacientes com Traumatismos Dent\u00e1rios &#8211; SIEX 400079;<\/strong><\/p>\n<\/div><\/div><footer class=\"entry-footer\"><\/footer><\/article><\/p>\n<article  class='iconbox iconbox_left av-mazs2k8l-f5cd0ac9e3b9fa66bc64043baf5ee273  avia-builder-el-4  el_after_av_icon_box  el_before_av_icon_box '  itemscope=\"itemscope\" itemtype=\"https:\/\/schema.org\/CreativeWork\" ><div class=\"iconbox_content\"><header class=\"entry-content-header\" aria-label=\"Icon: Programa Promo\u00e7\u00e3o de Sa\u00fade Bucal - SIEX 500026\"><div class='iconbox_icon heading-color avia-svg-icon avia-font-svg_entypo-fontello' data-av_svg_icon='level-down' data-av_iconset='svg_entypo-fontello' ><svg version=\"1.1\" xmlns=\"http:\/\/www.w3.org\/2000\/svg\" width=\"24\" height=\"32\" viewBox=\"0 0 24 32\" preserveAspectRatio=\"xMidYMid meet\" aria-labelledby='av-svg-title-2' aria-describedby='av-svg-desc-2' role=\"graphics-symbol\">\n<title id='av-svg-title-2'>Level-down<\/title>\n<desc id='av-svg-desc-2'>Level-down<\/desc>\n<path d=\"M3.2 20.8q-1.344 0-2.272-0.96t-0.928-2.24v-11.2h4.48v9.92h11.648v-4.8l7.68 7.040-7.68 7.040v-4.8h-12.928z\"><\/path>\n<\/svg><\/div><h3 class='iconbox_content_title '  itemprop=\"headline\" >Programa Promo\u00e7\u00e3o de Sa\u00fade Bucal - SIEX 500026<\/h3><\/header><div class='iconbox_content_container '  itemprop=\"text\" ><p>Coordenador(a) acad\u00eamico: Andrea Clemente Palmier<br \/>\nProjetos vinculados:<\/p>\n<p><strong>Viva Sorriso: Promo\u00e7\u00e3o de sa\u00fade &#8211; SIEX 401256<\/strong><\/p>\n<p><strong>Promo\u00e7\u00e3o de sa\u00fade bucal para adolescentes &#8211; SIEX 400151<\/strong><\/p>\n<p><strong>Escolas Saud\u00e1veis &#8211; SIEX 400356<\/strong><\/p>\n<p><strong>Caravana da Sa\u00fade &#8211; SIEX 400158<\/strong><\/p>\n<p><strong>Tal m\u00e3e. tal filho &#8211; Promo\u00e7\u00e3o de Sa\u00fade Bucal para Gestantes &#8211; SIEX 403342<\/strong><\/p>\n<p><strong>Alimenta\u00e7\u00e3o Saud\u00e1vel &#8211; SIEX 401500<\/strong><\/p>\n<p><strong>Humaniza\u00e7\u00e3o do Atendimento na Faculdade de Odontologia-UFMG &#8211; SIEX 402947<\/strong><\/p>\n<\/div><\/div><footer class=\"entry-footer\"><\/footer><\/article>\n<article  class='iconbox iconbox_left av-mazs7aib-ff6b37df17473ae9a5b35a1fb6765cd4  avia-builder-el-5  el_after_av_icon_box  el_before_av_icon_box '  itemscope=\"itemscope\" itemtype=\"https:\/\/schema.org\/CreativeWork\" ><div class=\"iconbox_content\"><header class=\"entry-content-header\" aria-label=\"Icon: Programa de Assist\u00eancia Odontol\u00f3gica a Pacientes de Transplantes da UFMG - SIEX 500327\"><div class='iconbox_icon heading-color avia-svg-icon avia-font-svg_entypo-fontello' data-av_svg_icon='level-down' data-av_iconset='svg_entypo-fontello' ><svg version=\"1.1\" xmlns=\"http:\/\/www.w3.org\/2000\/svg\" width=\"24\" height=\"32\" viewBox=\"0 0 24 32\" preserveAspectRatio=\"xMidYMid meet\" aria-labelledby='av-svg-title-3' aria-describedby='av-svg-desc-3' role=\"graphics-symbol\">\n<title id='av-svg-title-3'>Level-down<\/title>\n<desc id='av-svg-desc-3'>Level-down<\/desc>\n<path d=\"M3.2 20.8q-1.344 0-2.272-0.96t-0.928-2.24v-11.2h4.48v9.92h11.648v-4.8l7.68 7.040-7.68 7.040v-4.8h-12.928z\"><\/path>\n<\/svg><\/div><h3 class='iconbox_content_title '  itemprop=\"headline\" >Programa de Assist\u00eancia Odontol\u00f3gica a Pacientes de Transplantes da UFMG - SIEX 500327<\/h3><\/header><div class='iconbox_content_container '  itemprop=\"text\" ><p>Coordenador(a) acad\u00eamico: Danilo Rocha Dias<br \/>\nProjetos vinculados:<\/p>\n<p><strong>Assist\u00eancia Odontol\u00f3gica a Pacientes de Transplante de Medula \u00d3ssea &#8211; SIEX 400041<\/strong><\/p>\n<p><strong>Assist\u00eancia Odontol\u00f3gica a Pacientes de Transplante de Rins &#8211; SIEX 402603<\/strong><\/p>\n<p><strong>Assist\u00eancia Odontol\u00f3gica a Pacientes de Transplante de F\u00edgado &#8211; SIEX 402105<\/strong><\/p>\n<p><strong>Gerenciamento do Banco de Dados do Programa de Extens\u00e3o Assist\u00eancia Odontol\u00f3gica a Pacientes de Transplante da UFMG &#8211; SIEX 401546<\/strong><\/p>\n<p><strong>Restabelecimento est\u00e9tico e funcional da cavidade oral de pacientes com acometimento gastrointestinal e pacientes de transplantes da UFMG &#8211; SIEX 403442<\/strong><\/p>\n<\/div><\/div><footer class=\"entry-footer\"><\/footer><\/article>\n<article  class='iconbox iconbox_left av-mazsafpt-4cbe544a7da434853abb7f9fda04cb96  avia-builder-el-6  el_after_av_icon_box  el_before_av_icon_box '  itemscope=\"itemscope\" itemtype=\"https:\/\/schema.org\/CreativeWork\" ><div class=\"iconbox_content\"><header class=\"entry-content-header\" aria-label=\"Icon: Programa Aten\u00e7\u00e3o \u00e0 Sa\u00fade de Idosos em Situa\u00e7\u00e3o de vulnerabilidade cl\u00ednico-funcional - SIEX 500376\"><div class='iconbox_icon heading-color avia-svg-icon avia-font-svg_entypo-fontello' data-av_svg_icon='level-down' data-av_iconset='svg_entypo-fontello' ><svg version=\"1.1\" xmlns=\"http:\/\/www.w3.org\/2000\/svg\" width=\"24\" height=\"32\" viewBox=\"0 0 24 32\" preserveAspectRatio=\"xMidYMid meet\" aria-labelledby='av-svg-title-4' aria-describedby='av-svg-desc-4' role=\"graphics-symbol\">\n<title id='av-svg-title-4'>Level-down<\/title>\n<desc id='av-svg-desc-4'>Level-down<\/desc>\n<path d=\"M3.2 20.8q-1.344 0-2.272-0.96t-0.928-2.24v-11.2h4.48v9.92h11.648v-4.8l7.68 7.040-7.68 7.040v-4.8h-12.928z\"><\/path>\n<\/svg><\/div><h3 class='iconbox_content_title '  itemprop=\"headline\" >Programa Aten\u00e7\u00e3o \u00e0 Sa\u00fade de Idosos em Situa\u00e7\u00e3o de vulnerabilidade cl\u00ednico-funcional - SIEX 500376<\/h3><\/header><div class='iconbox_content_container '  itemprop=\"text\" ><p>Coordenador(a) acad\u00eamico: Raquel Concei\u00e7\u00e3o Ferreira<br \/>\nProjetos vinculados:<\/p>\n<p><strong>Atendimento odontol\u00f3gico domiciliar de idosos que vivem em Institui\u00e7\u00e3o d Longa Perman\u00eancia &#8211; SIEX 403574<\/strong><\/p>\n<p><strong>Letramento em sa\u00fade: integrando extens\u00e3o-ensino-pesquisa para a qualidade de vida dos idosos &#8211; SIEX 403786<\/strong><\/p>\n<\/div><\/div><footer class=\"entry-footer\"><\/footer><\/article>\n<article  class='iconbox iconbox_left av-mazsgqwb-ee05e52ab291ae015c9d9bc097574238  avia-builder-el-7  el_after_av_icon_box  el_before_av_icon_box '  itemscope=\"itemscope\" itemtype=\"https:\/\/schema.org\/CreativeWork\" ><div class=\"iconbox_content\"><header class=\"entry-content-header\" aria-label=\"Icon: Programa Atendimento odontol\u00f3gico ambulatorial e hospitalar a individuos com comprometimento sist\u00eamico e perda de subst\u00e2ncia em regi\u00e3o de cabe\u00e7a e pesco\u00e7o - SIEX 500478\"><div class='iconbox_icon heading-color avia-svg-icon avia-font-svg_entypo-fontello' data-av_svg_icon='level-down' data-av_iconset='svg_entypo-fontello' ><svg version=\"1.1\" xmlns=\"http:\/\/www.w3.org\/2000\/svg\" width=\"24\" height=\"32\" viewBox=\"0 0 24 32\" preserveAspectRatio=\"xMidYMid meet\" aria-labelledby='av-svg-title-5' aria-describedby='av-svg-desc-5' role=\"graphics-symbol\">\n<title id='av-svg-title-5'>Level-down<\/title>\n<desc id='av-svg-desc-5'>Level-down<\/desc>\n<path d=\"M3.2 20.8q-1.344 0-2.272-0.96t-0.928-2.24v-11.2h4.48v9.92h11.648v-4.8l7.68 7.040-7.68 7.040v-4.8h-12.928z\"><\/path>\n<\/svg><\/div><h3 class='iconbox_content_title '  itemprop=\"headline\" >Programa Atendimento odontol\u00f3gico ambulatorial e hospitalar a individuos com comprometimento sist\u00eamico e perda de subst\u00e2ncia em regi\u00e3o de cabe\u00e7a e pesco\u00e7o - SIEX 500478<\/h3><\/header><div class='iconbox_content_container '  itemprop=\"text\" ><p>Coordenador(a) acad\u00eamico: Silvia Ferreira de Sousa<br \/>\nProjetos vinculados:<\/p>\n<p><strong>Ultrassonografia em Odontologia &#8211; SIEX 404188<\/strong><\/p>\n<p><strong>Diagn\u00f3stico por Imagem para Pacientes Assistidos pela Pr\u00f3tese Bucomaxilofacial &#8211; SIEX 404949<\/strong><\/p>\n<p><strong>Atendimento de suporte odontol\u00f3gico ao paciente com c\u00e2ncer em regi\u00e3o de cabe\u00e7a e pesco\u00e7o &#8211; SIEX 400088<\/strong><\/p>\n<p><strong>Reabilita\u00e7\u00e3o prot\u00e9tica do paciente com perda de subst\u00e2ncia na regi\u00e3o de cabe\u00e7a e pesco\u00e7o &#8211; SIEX 401782<\/strong><\/p>\n<p><strong>Projeto de Extens\u00e3o de Odontologia Hospitalar &#8211; SIEX 400054<\/strong><\/p>\n<p><strong>Atendimento a indiv\u00edduos com comprometimento sist\u00eamico e necessidades de tratamento endod\u00f4ntico &#8211; SIEX 404614<\/strong><\/p>\n<\/div><\/div><footer class=\"entry-footer\"><\/footer><\/article>\n<article  class='iconbox iconbox_left av-mazsjozv-3698d705d5d522cd7e9390fd1c030c9e  avia-builder-el-8  el_after_av_icon_box  el_before_av_icon_box '  itemscope=\"itemscope\" itemtype=\"https:\/\/schema.org\/CreativeWork\" ><div class=\"iconbox_content\"><header class=\"entry-content-header\" aria-label=\"Icon: Novas tecnologias e procedimentos aplicados no restabelecimento da sa\u00fade bucal e qualidade de vida - SIEX 500434\"><div class='iconbox_icon heading-color avia-svg-icon avia-font-svg_entypo-fontello' data-av_svg_icon='level-down' data-av_iconset='svg_entypo-fontello' ><svg version=\"1.1\" xmlns=\"http:\/\/www.w3.org\/2000\/svg\" width=\"24\" height=\"32\" viewBox=\"0 0 24 32\" preserveAspectRatio=\"xMidYMid meet\" aria-labelledby='av-svg-title-6' aria-describedby='av-svg-desc-6' role=\"graphics-symbol\">\n<title id='av-svg-title-6'>Level-down<\/title>\n<desc id='av-svg-desc-6'>Level-down<\/desc>\n<path d=\"M3.2 20.8q-1.344 0-2.272-0.96t-0.928-2.24v-11.2h4.48v9.92h11.648v-4.8l7.68 7.040-7.68 7.040v-4.8h-12.928z\"><\/path>\n<\/svg><\/div><h3 class='iconbox_content_title '  itemprop=\"headline\" >Novas tecnologias e procedimentos aplicados no restabelecimento da sa\u00fade bucal e qualidade de vida - SIEX 500434<\/h3><\/header><div class='iconbox_content_container '  itemprop=\"text\" ><p>Coordenador(a) acad\u00eamico: Walison Arthuso Vasconcellos<br \/>\nProjetos vinculados:<\/p>\n<p><strong>Restaura\u00e7\u00e3o de dentes tratados endodonticamente &#8211; SIEX 401792<\/strong><\/p>\n<p><strong>Restaura\u00e7\u00f5es indiretas dento e implanto suportadas &#8211; SIEX 403144<\/strong><\/p>\n<\/div><\/div><footer class=\"entry-footer\"><\/footer><\/article>\n<article  class='iconbox iconbox_left av-mazsmm3g-1483809da1e82c956fcbf551027a17d4  avia-builder-el-9  el_after_av_icon_box  el_before_av_icon_box '  itemscope=\"itemscope\" itemtype=\"https:\/\/schema.org\/CreativeWork\" ><div class=\"iconbox_content\"><header class=\"entry-content-header\" aria-label=\"Icon: Aten\u00e7\u00e3o Odontol\u00f3gica \u00e0 Pacientes com Fissura Labiopalatina - SIEX 500404\"><div class='iconbox_icon heading-color avia-svg-icon avia-font-svg_entypo-fontello' data-av_svg_icon='level-down' data-av_iconset='svg_entypo-fontello' ><svg version=\"1.1\" xmlns=\"http:\/\/www.w3.org\/2000\/svg\" width=\"24\" height=\"32\" viewBox=\"0 0 24 32\" preserveAspectRatio=\"xMidYMid meet\" aria-labelledby='av-svg-title-7' aria-describedby='av-svg-desc-7' role=\"graphics-symbol\">\n<title id='av-svg-title-7'>Level-down<\/title>\n<desc id='av-svg-desc-7'>Level-down<\/desc>\n<path d=\"M3.2 20.8q-1.344 0-2.272-0.96t-0.928-2.24v-11.2h4.48v9.92h11.648v-4.8l7.68 7.040-7.68 7.040v-4.8h-12.928z\"><\/path>\n<\/svg><\/div><h3 class='iconbox_content_title '  itemprop=\"headline\" >Aten\u00e7\u00e3o Odontol\u00f3gica \u00e0 Pacientes com Fissura Labiopalatina - SIEX 500404<\/h3><\/header><div class='iconbox_content_container '  itemprop=\"text\" ><p>Coordenador(a) acad\u00eamico: Soraia Macari<br \/>\nProjetos vinculados:<\/p>\n<p><strong>Atendimento ortod\u00f4ntico para indiv\u00edduos com fissuras labiopalatinas &#8211; SIEX 401808<\/strong><\/p>\n<p><strong>NAM &#8211; Naso-Alveolar Modelador &#8211; SIEX 402946<\/strong><\/p>\n<\/div><\/div><footer class=\"entry-footer\"><\/footer><\/article>\n<article  class='iconbox iconbox_left av-mazsqf0q-509b1de34222f767b3829cd2af747480  avia-builder-el-10  el_after_av_icon_box  avia-builder-el-last '  itemscope=\"itemscope\" itemtype=\"https:\/\/schema.org\/CreativeWork\" ><div class=\"iconbox_content\"><header class=\"entry-content-header\" aria-label=\"Icon: Programa de atendimento multidisciplinar para beb\u00eas com Trissomia do 21 - SIEX 500553\"><div class='iconbox_icon heading-color avia-svg-icon avia-font-svg_entypo-fontello' data-av_svg_icon='level-down' data-av_iconset='svg_entypo-fontello' ><svg version=\"1.1\" xmlns=\"http:\/\/www.w3.org\/2000\/svg\" width=\"24\" height=\"32\" viewBox=\"0 0 24 32\" preserveAspectRatio=\"xMidYMid meet\" aria-labelledby='av-svg-title-8' aria-describedby='av-svg-desc-8' role=\"graphics-symbol\">\n<title id='av-svg-title-8'>Level-down<\/title>\n<desc id='av-svg-desc-8'>Level-down<\/desc>\n<path d=\"M3.2 20.8q-1.344 0-2.272-0.96t-0.928-2.24v-11.2h4.48v9.92h11.648v-4.8l7.68 7.040-7.68 7.040v-4.8h-12.928z\"><\/path>\n<\/svg><\/div><h3 class='iconbox_content_title '  itemprop=\"headline\" >Programa de atendimento multidisciplinar para beb\u00eas com Trissomia do 21 - SIEX 500553<\/h3><\/header><div class='iconbox_content_container '  itemprop=\"text\" ><p>Coordenador(a) acad\u00eamico: Soraia Macari<br \/>\nProjetos vinculados:<\/p>\n<p><strong>Abordagem multidisciplinar da hipotonia orofacial e protrus\u00e3o lingual de beb\u00eas com S\u00edndrome de Down &#8211; SIEX 403675<\/strong><\/p>\n<p><strong>Abordagem fonoaudiol\u00f3gica para beb\u00eas com Trissomia do 21 &#8211; SIEX 404891<\/strong><\/p>\n<p><strong>Abordagem do sono e seus dist\u00farbios em beb\u00eas com Trissomia do 21 &#8211; SIEX 405068<\/strong><\/p>\n<\/div><\/div><footer class=\"entry-footer\"><\/footer><\/article>\n","protected":false},"excerpt":{"rendered":"","protected":false},"author":72,"featured_media":0,"parent":0,"menu_order":0,"comment_status":"closed","ping_status":"closed","template":"","meta":{"inline_featured_image":false,"footnotes":""},"class_list":["post-16656","page","type-page","status-publish","hentry"],"yoast_head":"<!-- This site is optimized with the Yoast SEO plugin v27.3 - https:\/\/yoast.com\/product\/yoast-seo-wordpress\/ -->\n<title>Programas | CENEX Odonto<\/title>\n<meta name=\"robots\" content=\"index, follow, max-snippet:-1, max-image-preview:large, max-video-preview:-1\" \/>\n<link rel=\"canonical\" href=\"https:\/\/www.odonto.ufmg.br\/cenex\/programas\/\" \/>\n<meta property=\"og:locale\" content=\"pt_BR\" \/>\n<meta property=\"og:type\" content=\"article\" \/>\n<meta property=\"og:title\" content=\"Programas | CENEX Odonto\" \/>\n<meta property=\"og:url\" content=\"https:\/\/www.odonto.ufmg.br\/cenex\/programas\/\" \/>\n<meta property=\"og:site_name\" content=\"CENEX Odonto\" \/>\n<meta property=\"article:publisher\" content=\"https:\/\/www.facebook.com\/cenexfao\/?locale=pt_BR\" \/>\n<meta property=\"article:modified_time\" content=\"2025-06-18T13:35:58+00:00\" \/>\n<meta name=\"twitter:card\" content=\"summary_large_image\" \/>\n<meta name=\"twitter:label1\" content=\"Est. tempo de leitura\" \/>\n\t<meta name=\"twitter:data1\" content=\"4 minutos\" \/>\n<script type=\"application\/ld+json\" class=\"yoast-schema-graph\">{\"@context\":\"https:\\\/\\\/schema.org\",\"@graph\":[{\"@type\":\"WebPage\",\"@id\":\"https:\\\/\\\/www.odonto.ufmg.br\\\/cenex\\\/programas\\\/\",\"url\":\"https:\\\/\\\/www.odonto.ufmg.br\\\/cenex\\\/programas\\\/\",\"name\":\"Programas | CENEX Odonto\",\"isPartOf\":{\"@id\":\"https:\\\/\\\/www.odonto.ufmg.br\\\/cenex\\\/#website\"},\"datePublished\":\"2025-04-04T13:05:51+00:00\",\"dateModified\":\"2025-06-18T13:35:58+00:00\",\"breadcrumb\":{\"@id\":\"https:\\\/\\\/www.odonto.ufmg.br\\\/cenex\\\/programas\\\/#breadcrumb\"},\"inLanguage\":\"pt-BR\",\"potentialAction\":[{\"@type\":\"ReadAction\",\"target\":[\"https:\\\/\\\/www.odonto.ufmg.br\\\/cenex\\\/programas\\\/\"]}]},{\"@type\":\"BreadcrumbList\",\"@id\":\"https:\\\/\\\/www.odonto.ufmg.br\\\/cenex\\\/programas\\\/#breadcrumb\",\"itemListElement\":[{\"@type\":\"ListItem\",\"position\":1,\"name\":\"In\u00edcio\",\"item\":\"https:\\\/\\\/www.odonto.ufmg.br\\\/cenex\\\/cenex\\\/\"},{\"@type\":\"ListItem\",\"position\":2,\"name\":\"Programas\"}]},{\"@type\":\"WebSite\",\"@id\":\"https:\\\/\\\/www.odonto.ufmg.br\\\/cenex\\\/#website\",\"url\":\"https:\\\/\\\/www.odonto.ufmg.br\\\/cenex\\\/\",\"name\":\"CENEX Odonto\",\"description\":\"Centro de Extens\u00e3o - Faculdade de Odontologia UFMG\",\"publisher\":{\"@id\":\"https:\\\/\\\/www.odonto.ufmg.br\\\/cenex\\\/#organization\"},\"potentialAction\":[{\"@type\":\"SearchAction\",\"target\":{\"@type\":\"EntryPoint\",\"urlTemplate\":\"https:\\\/\\\/www.odonto.ufmg.br\\\/cenex\\\/?s={search_term_string}\"},\"query-input\":{\"@type\":\"PropertyValueSpecification\",\"valueRequired\":true,\"valueName\":\"search_term_string\"}}],\"inLanguage\":\"pt-BR\"},{\"@type\":\"Organization\",\"@id\":\"https:\\\/\\\/www.odonto.ufmg.br\\\/cenex\\\/#organization\",\"name\":\"Faculdade de Odontologia da UFMG\",\"url\":\"https:\\\/\\\/www.odonto.ufmg.br\\\/cenex\\\/\",\"logo\":{\"@type\":\"ImageObject\",\"inLanguage\":\"pt-BR\",\"@id\":\"https:\\\/\\\/www.odonto.ufmg.br\\\/cenex\\\/#\\\/schema\\\/logo\\\/image\\\/\",\"url\":\"http:\\\/\\\/www.odonto.ufmg.br\\\/cenex\\\/wp-content\\\/uploads\\\/sites\\\/2\\\/2015\\\/12\\\/logo_cenex.svg\",\"contentUrl\":\"http:\\\/\\\/www.odonto.ufmg.br\\\/cenex\\\/wp-content\\\/uploads\\\/sites\\\/2\\\/2015\\\/12\\\/logo_cenex.svg\",\"width\":1,\"height\":1,\"caption\":\"Faculdade de Odontologia da UFMG\"},\"image\":{\"@id\":\"https:\\\/\\\/www.odonto.ufmg.br\\\/cenex\\\/#\\\/schema\\\/logo\\\/image\\\/\"},\"sameAs\":[\"https:\\\/\\\/www.facebook.com\\\/cenexfao\\\/?locale=pt_BR\",\"https:\\\/\\\/www.instagram.com\\\/cenexfao\\\/\"]}]}<\/script>\n<!-- \/ Yoast SEO plugin. -->","yoast_head_json":{"title":"Programas | CENEX Odonto","robots":{"index":"index","follow":"follow","max-snippet":"max-snippet:-1","max-image-preview":"max-image-preview:large","max-video-preview":"max-video-preview:-1"},"canonical":"https:\/\/www.odonto.ufmg.br\/cenex\/programas\/","og_locale":"pt_BR","og_type":"article","og_title":"Programas | CENEX Odonto","og_url":"https:\/\/www.odonto.ufmg.br\/cenex\/programas\/","og_site_name":"CENEX Odonto","article_publisher":"https:\/\/www.facebook.com\/cenexfao\/?locale=pt_BR","article_modified_time":"2025-06-18T13:35:58+00:00","twitter_card":"summary_large_image","twitter_misc":{"Est. tempo de leitura":"4 minutos"},"schema":{"@context":"https:\/\/schema.org","@graph":[{"@type":"WebPage","@id":"https:\/\/www.odonto.ufmg.br\/cenex\/programas\/","url":"https:\/\/www.odonto.ufmg.br\/cenex\/programas\/","name":"Programas | CENEX Odonto","isPartOf":{"@id":"https:\/\/www.odonto.ufmg.br\/cenex\/#website"},"datePublished":"2025-04-04T13:05:51+00:00","dateModified":"2025-06-18T13:35:58+00:00","breadcrumb":{"@id":"https:\/\/www.odonto.ufmg.br\/cenex\/programas\/#breadcrumb"},"inLanguage":"pt-BR","potentialAction":[{"@type":"ReadAction","target":["https:\/\/www.odonto.ufmg.br\/cenex\/programas\/"]}]},{"@type":"BreadcrumbList","@id":"https:\/\/www.odonto.ufmg.br\/cenex\/programas\/#breadcrumb","itemListElement":[{"@type":"ListItem","position":1,"name":"In\u00edcio","item":"https:\/\/www.odonto.ufmg.br\/cenex\/cenex\/"},{"@type":"ListItem","position":2,"name":"Programas"}]},{"@type":"WebSite","@id":"https:\/\/www.odonto.ufmg.br\/cenex\/#website","url":"https:\/\/www.odonto.ufmg.br\/cenex\/","name":"CENEX Odonto","description":"Centro de Extens\u00e3o - Faculdade de Odontologia UFMG","publisher":{"@id":"https:\/\/www.odonto.ufmg.br\/cenex\/#organization"},"potentialAction":[{"@type":"SearchAction","target":{"@type":"EntryPoint","urlTemplate":"https:\/\/www.odonto.ufmg.br\/cenex\/?s={search_term_string}"},"query-input":{"@type":"PropertyValueSpecification","valueRequired":true,"valueName":"search_term_string"}}],"inLanguage":"pt-BR"},{"@type":"Organization","@id":"https:\/\/www.odonto.ufmg.br\/cenex\/#organization","name":"Faculdade de Odontologia da UFMG","url":"https:\/\/www.odonto.ufmg.br\/cenex\/","logo":{"@type":"ImageObject","inLanguage":"pt-BR","@id":"https:\/\/www.odonto.ufmg.br\/cenex\/#\/schema\/logo\/image\/","url":"http:\/\/www.odonto.ufmg.br\/cenex\/wp-content\/uploads\/sites\/2\/2015\/12\/logo_cenex.svg","contentUrl":"http:\/\/www.odonto.ufmg.br\/cenex\/wp-content\/uploads\/sites\/2\/2015\/12\/logo_cenex.svg","width":1,"height":1,"caption":"Faculdade de Odontologia da UFMG"},"image":{"@id":"https:\/\/www.odonto.ufmg.br\/cenex\/#\/schema\/logo\/image\/"},"sameAs":["https:\/\/www.facebook.com\/cenexfao\/?locale=pt_BR","https:\/\/www.instagram.com\/cenexfao\/"]}]}},"_links":{"self":[{"href":"https:\/\/www.odonto.ufmg.br\/cenex\/wp-json\/wp\/v2\/pages\/16656","targetHints":{"allow":["GET"]}}],"collection":[{"href":"https:\/\/www.odonto.ufmg.br\/cenex\/wp-json\/wp\/v2\/pages"}],"about":[{"href":"https:\/\/www.odonto.ufmg.br\/cenex\/wp-json\/wp\/v2\/types\/page"}],"author":[{"embeddable":true,"href":"https:\/\/www.odonto.ufmg.br\/cenex\/wp-json\/wp\/v2\/users\/72"}],"replies":[{"embeddable":true,"href":"https:\/\/www.odonto.ufmg.br\/cenex\/wp-json\/wp\/v2\/comments?post=16656"}],"version-history":[{"count":5,"href":"https:\/\/www.odonto.ufmg.br\/cenex\/wp-json\/wp\/v2\/pages\/16656\/revisions"}],"predecessor-version":[{"id":17040,"href":"https:\/\/www.odonto.ufmg.br\/cenex\/wp-json\/wp\/v2\/pages\/16656\/revisions\/17040"}],"wp:attachment":[{"href":"https:\/\/www.odonto.ufmg.br\/cenex\/wp-json\/wp\/v2\/media?parent=16656"}],"curies":[{"name":"wp","href":"https:\/\/api.w.org\/{rel}","templated":true}]}}