{"id":16471,"date":"2024-08-14T16:03:44","date_gmt":"2024-08-14T19:03:44","guid":{"rendered":"https:\/\/www.odonto.ufmg.br\/cenex\/?page_id=16471"},"modified":"2026-03-11T16:41:36","modified_gmt":"2026-03-11T19:41:36","slug":"extensao-na-educacao","status":"publish","type":"page","link":"https:\/\/www.odonto.ufmg.br\/cenex\/extensao-na-educacao\/","title":{"rendered":"Extens\u00e3o na Educa\u00e7\u00e3o"},"content":{"rendered":"<div  class='flex_column av-12a4enr-3211cdda42dff6f29615c120260fa7b1 av_one_half  avia-builder-el-0  el_before_av_one_half  avia-builder-el-first  first flex_column_div  '     ><style type=\"text\/css\" data-created_by=\"avia_inline_auto\" id=\"style-css-av-mmmff1jf-07ab07debc4de3c13b8f04e4f2721076\">\n.avia-image-container.av-mmmff1jf-07ab07debc4de3c13b8f04e4f2721076 img.avia_image{\nbox-shadow:none;\n}\n.avia-image-container.av-mmmff1jf-07ab07debc4de3c13b8f04e4f2721076 .av-image-caption-overlay-center{\ncolor:#ffffff;\n}\n<\/style>\n<div  class='avia-image-container av-mmmff1jf-07ab07debc4de3c13b8f04e4f2721076 av-styling- avia-align-center  avia-builder-el-1  avia-builder-el-no-sibling '   itemprop=\"image\" itemscope=\"itemscope\" itemtype=\"https:\/\/schema.org\/ImageObject\" ><div class=\"avia-image-container-inner\"><div class=\"avia-image-overlay-wrap\"><img decoding=\"async\" fetchpriority=\"high\" class='wp-image-17988 avia-img-lazy-loading-not-17988 avia_image ' src=\"https:\/\/www.odonto.ufmg.br\/cenex\/wp-content\/uploads\/sites\/2\/2026\/03\/1-Post-Instagram-3.png\" alt='' title='1 Post Instagram (3)'  height=\"1350\" width=\"1080\"  itemprop=\"thumbnailUrl\" srcset=\"https:\/\/www.odonto.ufmg.br\/cenex\/wp-content\/uploads\/sites\/2\/2026\/03\/1-Post-Instagram-3.png 1080w, https:\/\/www.odonto.ufmg.br\/cenex\/wp-content\/uploads\/sites\/2\/2026\/03\/1-Post-Instagram-3-240x300.png 240w, https:\/\/www.odonto.ufmg.br\/cenex\/wp-content\/uploads\/sites\/2\/2026\/03\/1-Post-Instagram-3-824x1030.png 824w, https:\/\/www.odonto.ufmg.br\/cenex\/wp-content\/uploads\/sites\/2\/2026\/03\/1-Post-Instagram-3-64x80.png 64w, https:\/\/www.odonto.ufmg.br\/cenex\/wp-content\/uploads\/sites\/2\/2026\/03\/1-Post-Instagram-3-768x960.png 768w, https:\/\/www.odonto.ufmg.br\/cenex\/wp-content\/uploads\/sites\/2\/2026\/03\/1-Post-Instagram-3-564x705.png 564w\" sizes=\"(max-width: 1080px) 100vw, 1080px\" \/><\/div><\/div><\/div><\/div><div  class='flex_column av-1ukm53-eeae5e2371ccb4de14b57fb7798307e9 av_one_half  avia-builder-el-2  el_after_av_one_half  el_before_av_hr  flex_column_div  '     ><p>\n<style type=\"text\/css\" data-created_by=\"avia_inline_auto\" id=\"style-css-av-m9ehllpf-6239badbe47c679de5744c16d44c0f60\">\n#top .av-special-heading.av-m9ehllpf-6239badbe47c679de5744c16d44c0f60{\npadding-bottom:10px;\ncolor:#0c4930;\n}\nbody .av-special-heading.av-m9ehllpf-6239badbe47c679de5744c16d44c0f60 .av-special-heading-tag .heading-char{\nfont-size:25px;\n}\n.av-special-heading.av-m9ehllpf-6239badbe47c679de5744c16d44c0f60 .special-heading-inner-border{\nborder-color:#0c4930;\n}\n.av-special-heading.av-m9ehllpf-6239badbe47c679de5744c16d44c0f60 .av-subheading{\nfont-size:15px;\n}\n<\/style>\n<div  class='av-special-heading av-m9ehllpf-6239badbe47c679de5744c16d44c0f60 av-special-heading-h2 custom-color-heading blockquote modern-quote  avia-builder-el-3  el_before_av_textblock  avia-builder-el-first '><h2 class='av-special-heading-tag '  itemprop=\"headline\"  >EXTENS\u00c3O NA EDUCA\u00c7\u00c3O BRASILEIRA<\/h2><div class=\"special-heading-border\"><div class=\"special-heading-inner-border\"><\/div><\/div><\/div><br \/>\n<section  class='av_textblock_section av-m9ehltwa-ab2ebdb5589ea2d13223f48a3cf7b1f9 '   itemscope=\"itemscope\" itemtype=\"https:\/\/schema.org\/CreativeWork\" ><div class='avia_textblock'  itemprop=\"text\" ><p><em>&#8220;A Forma\u00e7\u00e3o em Extens\u00e3o Universit\u00e1ria na UFMG \u00e9 definida como um conjunto de atividades acad\u00eamicas, curriculares que permitem a integraliza\u00e7\u00e3o de carga hor\u00e1ria nos percursos curriculares dos cursos de gradua\u00e7\u00e3o e p\u00f3s-gradua\u00e7\u00e3o por meio da participa\u00e7\u00e3o dos estudantes em atividades de Extens\u00e3o Universit\u00e1ria&#8221;<\/em> (Art. 4\u00ba, Normas Gerais da Extens\u00e3o).<\/p>\n<p><a href=\"http:\/\/portal.mec.gov.br\/pec-g\/33371-cne-conselho-nacional-de-educacao\/84291-extensao-na-educacao-superior-brasileira\">http:\/\/portal.mec.gov.br\/pec-g\/33371-cne-conselho-nacional-de-educacao\/84291-extensao-na-educacao-superior-brasileira<\/a><\/p>\n<\/div><\/section><br \/>\n<section  class='av_textblock_section av-mmmfjevp-0c9fbbad1f5a28ef04950c75da5b04aa '   itemscope=\"itemscope\" itemtype=\"https:\/\/schema.org\/CreativeWork\" ><div class='avia_textblock'  itemprop=\"text\" ><ul>\n<li><strong><span dir=\"auto\" style=\"vertical-align: inherit\"><span dir=\"auto\" style=\"vertical-align: inherit\"><span dir=\"auto\" style=\"vertical-align: inherit\"><span dir=\"auto\" style=\"vertical-align: inherit\">Parecer CNE\/CES n\u00ba 608\/2018, de 03 de outubro de 2018<\/span><\/span><\/span><\/span><\/strong><span dir=\"auto\" style=\"vertical-align: inherit\"><span dir=\"auto\" style=\"vertical-align: inherit\"><span dir=\"auto\" style=\"vertical-align: inherit\"><span dir=\"auto\" style=\"vertical-align: inherit\"> &#8211; Diretrizes para as Pol\u00edticas de Extens\u00e3o da Educa\u00e7\u00e3o Superior Brasileira.<\/span><\/span><\/span><\/span><\/li>\n<li><strong><span dir=\"auto\" style=\"vertical-align: inherit\"><span dir=\"auto\" style=\"vertical-align: inherit\"><span dir=\"auto\" style=\"vertical-align: inherit\"><span dir=\"auto\" style=\"vertical-align: inherit\">Resolu\u00e7\u00e3o CNE\/CES n\u00ba 7\/2018, de 18 de dezembro de 2018<\/span><\/span><\/span><\/span><\/strong><span dir=\"auto\" style=\"vertical-align: inherit\"><span dir=\"auto\" style=\"vertical-align: inherit\"><span dir=\"auto\" style=\"vertical-align: inherit\"><span dir=\"auto\" style=\"vertical-align: inherit\"> &#8211; Estabelece as Diretrizes para a Extens\u00e3o na Educa\u00e7\u00e3o Superior Brasileira e regimenta o disposto na Meta 12.7 da Lei n\u00ba 13.005\/2014, que aprova o Plano Nacional de Educa\u00e7\u00e3o &#8211; PNE 2014-2024 e d\u00e1 outras provid\u00eancias.<\/span><\/span><\/span><\/span><\/li>\n<li><strong><span dir=\"auto\" style=\"vertical-align: inherit\"><span dir=\"auto\" style=\"vertical-align: inherit\"><span dir=\"auto\" style=\"vertical-align: inherit\"><span dir=\"auto\" style=\"vertical-align: inherit\">Parecer CNE\/CES n\u00ba 576\/2023, de 09\/08\/2023<\/span><\/span><\/span><\/span><\/strong><span dir=\"auto\" style=\"vertical-align: inherit\"><span dir=\"auto\" style=\"vertical-align: inherit\"><span dir=\"auto\" style=\"vertical-align: inherit\"><span dir=\"auto\" style=\"vertical-align: inherit\"> &#8211; Revis\u00e3o da Resolu\u00e7\u00e3o CNE\/CES n\u00ba 7, de 18 de dezembro de 2018, que estabelece as Diretrizes para a Extens\u00e3o na Educa\u00e7\u00e3o Superior Brasileira e regimenta o disposto na Meta 12.7 da Lei n\u00ba 13.005, de 25 de junho de 2014, que aprova o Plano Nacional de Educa\u00e7\u00e3o \u2013 PNE 2014-2024 e d\u00e1 outras provid\u00eancias.<\/span><\/span><\/span><\/span><\/li>\n<\/ul>\n<p><span dir=\"auto\" style=\"vertical-align: inherit\"><span dir=\"auto\" style=\"vertical-align: inherit\"><span dir=\"auto\" style=\"vertical-align: inherit\"><span dir=\"auto\" style=\"vertical-align: inherit\">A Resolu\u00e7\u00e3o do Conselho Nacional de Educa\u00e7\u00e3o n\u00ba 7\/2018 trata da obrigatoriedade da Extens\u00e3o nos curr\u00edculos dos cursos de gradua\u00e7\u00e3o.<\/span><\/span><\/span><\/span><\/p>\n<p><span dir=\"auto\" style=\"vertical-align: inherit\"><span dir=\"auto\" style=\"vertical-align: inherit\"><span dir=\"auto\" style=\"vertical-align: inherit\"><span dir=\"auto\" style=\"vertical-align: inherit\">Na UFMG, para os ingressantes no semestre letivo 2023\/1 em diante, as atividades de extens\u00e3o devem compor, no m\u00ednimo, 10% (dez por cento) do total da carga hor\u00e1ria curricular estudantil dos cursos de gradua\u00e7\u00e3o, as quais dever\u00e3o fazer parte da matriz curricular dos cursos, em conformidade com o Art. 4\u00ba da Resolu\u00e7\u00e3o CNE\/CES n\u00ba 7\/2018.<\/span><\/span><\/span><\/span><\/p>\n<\/div><\/section><\/p><\/div><\/p>\n<div  class='hr av-mmmfjsm8-5776dfd0394e2199e1ab2f8f0b148b5b hr-big  avia-builder-el-6  el_after_av_one_half  avia-builder-el-last '><span class='hr-inner '><span class=\"hr-inner-style\"><\/span><\/span><\/div>\n","protected":false},"excerpt":{"rendered":"","protected":false},"author":1,"featured_media":0,"parent":0,"menu_order":0,"comment_status":"closed","ping_status":"closed","template":"","meta":{"inline_featured_image":false,"footnotes":""},"class_list":["post-16471","page","type-page","status-publish","hentry"],"yoast_head":"<!-- This site is optimized with the Yoast SEO plugin v27.3 - https:\/\/yoast.com\/product\/yoast-seo-wordpress\/ -->\n<title>Extens\u00e3o na Educa\u00e7\u00e3o | CENEX Odonto<\/title>\n<meta name=\"robots\" content=\"index, follow, max-snippet:-1, max-image-preview:large, max-video-preview:-1\" \/>\n<link rel=\"canonical\" href=\"https:\/\/www.odonto.ufmg.br\/cenex\/extensao-na-educacao\/\" \/>\n<meta property=\"og:locale\" content=\"pt_BR\" \/>\n<meta property=\"og:type\" content=\"article\" \/>\n<meta property=\"og:title\" content=\"Extens\u00e3o na Educa\u00e7\u00e3o | CENEX Odonto\" \/>\n<meta property=\"og:url\" content=\"https:\/\/www.odonto.ufmg.br\/cenex\/extensao-na-educacao\/\" \/>\n<meta property=\"og:site_name\" content=\"CENEX Odonto\" \/>\n<meta property=\"article:publisher\" content=\"https:\/\/www.facebook.com\/cenexfao\/?locale=pt_BR\" \/>\n<meta property=\"article:modified_time\" content=\"2026-03-11T19:41:36+00:00\" \/>\n<meta name=\"twitter:card\" content=\"summary_large_image\" \/>\n<meta name=\"twitter:label1\" content=\"Est. tempo de leitura\" \/>\n\t<meta name=\"twitter:data1\" content=\"2 minutos\" \/>\n<script type=\"application\/ld+json\" class=\"yoast-schema-graph\">{\"@context\":\"https:\\\/\\\/schema.org\",\"@graph\":[{\"@type\":\"WebPage\",\"@id\":\"https:\\\/\\\/www.odonto.ufmg.br\\\/cenex\\\/extensao-na-educacao\\\/\",\"url\":\"https:\\\/\\\/www.odonto.ufmg.br\\\/cenex\\\/extensao-na-educacao\\\/\",\"name\":\"Extens\u00e3o na Educa\u00e7\u00e3o | CENEX Odonto\",\"isPartOf\":{\"@id\":\"https:\\\/\\\/www.odonto.ufmg.br\\\/cenex\\\/#website\"},\"datePublished\":\"2024-08-14T19:03:44+00:00\",\"dateModified\":\"2026-03-11T19:41:36+00:00\",\"breadcrumb\":{\"@id\":\"https:\\\/\\\/www.odonto.ufmg.br\\\/cenex\\\/extensao-na-educacao\\\/#breadcrumb\"},\"inLanguage\":\"pt-BR\",\"potentialAction\":[{\"@type\":\"ReadAction\",\"target\":[\"https:\\\/\\\/www.odonto.ufmg.br\\\/cenex\\\/extensao-na-educacao\\\/\"]}]},{\"@type\":\"BreadcrumbList\",\"@id\":\"https:\\\/\\\/www.odonto.ufmg.br\\\/cenex\\\/extensao-na-educacao\\\/#breadcrumb\",\"itemListElement\":[{\"@type\":\"ListItem\",\"position\":1,\"name\":\"In\u00edcio\",\"item\":\"https:\\\/\\\/www.odonto.ufmg.br\\\/cenex\\\/cenex\\\/\"},{\"@type\":\"ListItem\",\"position\":2,\"name\":\"Extens\u00e3o na Educa\u00e7\u00e3o\"}]},{\"@type\":\"WebSite\",\"@id\":\"https:\\\/\\\/www.odonto.ufmg.br\\\/cenex\\\/#website\",\"url\":\"https:\\\/\\\/www.odonto.ufmg.br\\\/cenex\\\/\",\"name\":\"CENEX Odonto\",\"description\":\"Centro de Extens\u00e3o - Faculdade de Odontologia UFMG\",\"publisher\":{\"@id\":\"https:\\\/\\\/www.odonto.ufmg.br\\\/cenex\\\/#organization\"},\"potentialAction\":[{\"@type\":\"SearchAction\",\"target\":{\"@type\":\"EntryPoint\",\"urlTemplate\":\"https:\\\/\\\/www.odonto.ufmg.br\\\/cenex\\\/?s={search_term_string}\"},\"query-input\":{\"@type\":\"PropertyValueSpecification\",\"valueRequired\":true,\"valueName\":\"search_term_string\"}}],\"inLanguage\":\"pt-BR\"},{\"@type\":\"Organization\",\"@id\":\"https:\\\/\\\/www.odonto.ufmg.br\\\/cenex\\\/#organization\",\"name\":\"Faculdade de Odontologia da UFMG\",\"url\":\"https:\\\/\\\/www.odonto.ufmg.br\\\/cenex\\\/\",\"logo\":{\"@type\":\"ImageObject\",\"inLanguage\":\"pt-BR\",\"@id\":\"https:\\\/\\\/www.odonto.ufmg.br\\\/cenex\\\/#\\\/schema\\\/logo\\\/image\\\/\",\"url\":\"http:\\\/\\\/www.odonto.ufmg.br\\\/cenex\\\/wp-content\\\/uploads\\\/sites\\\/2\\\/2015\\\/12\\\/logo_cenex.svg\",\"contentUrl\":\"http:\\\/\\\/www.odonto.ufmg.br\\\/cenex\\\/wp-content\\\/uploads\\\/sites\\\/2\\\/2015\\\/12\\\/logo_cenex.svg\",\"width\":1,\"height\":1,\"caption\":\"Faculdade de Odontologia da UFMG\"},\"image\":{\"@id\":\"https:\\\/\\\/www.odonto.ufmg.br\\\/cenex\\\/#\\\/schema\\\/logo\\\/image\\\/\"},\"sameAs\":[\"https:\\\/\\\/www.facebook.com\\\/cenexfao\\\/?locale=pt_BR\",\"https:\\\/\\\/www.instagram.com\\\/cenexfao\\\/\"]}]}<\/script>\n<!-- \/ Yoast SEO plugin. -->","yoast_head_json":{"title":"Extens\u00e3o na Educa\u00e7\u00e3o | CENEX Odonto","robots":{"index":"index","follow":"follow","max-snippet":"max-snippet:-1","max-image-preview":"max-image-preview:large","max-video-preview":"max-video-preview:-1"},"canonical":"https:\/\/www.odonto.ufmg.br\/cenex\/extensao-na-educacao\/","og_locale":"pt_BR","og_type":"article","og_title":"Extens\u00e3o na Educa\u00e7\u00e3o | CENEX Odonto","og_url":"https:\/\/www.odonto.ufmg.br\/cenex\/extensao-na-educacao\/","og_site_name":"CENEX Odonto","article_publisher":"https:\/\/www.facebook.com\/cenexfao\/?locale=pt_BR","article_modified_time":"2026-03-11T19:41:36+00:00","twitter_card":"summary_large_image","twitter_misc":{"Est. tempo de leitura":"2 minutos"},"schema":{"@context":"https:\/\/schema.org","@graph":[{"@type":"WebPage","@id":"https:\/\/www.odonto.ufmg.br\/cenex\/extensao-na-educacao\/","url":"https:\/\/www.odonto.ufmg.br\/cenex\/extensao-na-educacao\/","name":"Extens\u00e3o na Educa\u00e7\u00e3o | CENEX Odonto","isPartOf":{"@id":"https:\/\/www.odonto.ufmg.br\/cenex\/#website"},"datePublished":"2024-08-14T19:03:44+00:00","dateModified":"2026-03-11T19:41:36+00:00","breadcrumb":{"@id":"https:\/\/www.odonto.ufmg.br\/cenex\/extensao-na-educacao\/#breadcrumb"},"inLanguage":"pt-BR","potentialAction":[{"@type":"ReadAction","target":["https:\/\/www.odonto.ufmg.br\/cenex\/extensao-na-educacao\/"]}]},{"@type":"BreadcrumbList","@id":"https:\/\/www.odonto.ufmg.br\/cenex\/extensao-na-educacao\/#breadcrumb","itemListElement":[{"@type":"ListItem","position":1,"name":"In\u00edcio","item":"https:\/\/www.odonto.ufmg.br\/cenex\/cenex\/"},{"@type":"ListItem","position":2,"name":"Extens\u00e3o na Educa\u00e7\u00e3o"}]},{"@type":"WebSite","@id":"https:\/\/www.odonto.ufmg.br\/cenex\/#website","url":"https:\/\/www.odonto.ufmg.br\/cenex\/","name":"CENEX Odonto","description":"Centro de Extens\u00e3o - Faculdade de Odontologia UFMG","publisher":{"@id":"https:\/\/www.odonto.ufmg.br\/cenex\/#organization"},"potentialAction":[{"@type":"SearchAction","target":{"@type":"EntryPoint","urlTemplate":"https:\/\/www.odonto.ufmg.br\/cenex\/?s={search_term_string}"},"query-input":{"@type":"PropertyValueSpecification","valueRequired":true,"valueName":"search_term_string"}}],"inLanguage":"pt-BR"},{"@type":"Organization","@id":"https:\/\/www.odonto.ufmg.br\/cenex\/#organization","name":"Faculdade de Odontologia da UFMG","url":"https:\/\/www.odonto.ufmg.br\/cenex\/","logo":{"@type":"ImageObject","inLanguage":"pt-BR","@id":"https:\/\/www.odonto.ufmg.br\/cenex\/#\/schema\/logo\/image\/","url":"http:\/\/www.odonto.ufmg.br\/cenex\/wp-content\/uploads\/sites\/2\/2015\/12\/logo_cenex.svg","contentUrl":"http:\/\/www.odonto.ufmg.br\/cenex\/wp-content\/uploads\/sites\/2\/2015\/12\/logo_cenex.svg","width":1,"height":1,"caption":"Faculdade de Odontologia da UFMG"},"image":{"@id":"https:\/\/www.odonto.ufmg.br\/cenex\/#\/schema\/logo\/image\/"},"sameAs":["https:\/\/www.facebook.com\/cenexfao\/?locale=pt_BR","https:\/\/www.instagram.com\/cenexfao\/"]}]}},"_links":{"self":[{"href":"https:\/\/www.odonto.ufmg.br\/cenex\/wp-json\/wp\/v2\/pages\/16471","targetHints":{"allow":["GET"]}}],"collection":[{"href":"https:\/\/www.odonto.ufmg.br\/cenex\/wp-json\/wp\/v2\/pages"}],"about":[{"href":"https:\/\/www.odonto.ufmg.br\/cenex\/wp-json\/wp\/v2\/types\/page"}],"author":[{"embeddable":true,"href":"https:\/\/www.odonto.ufmg.br\/cenex\/wp-json\/wp\/v2\/users\/1"}],"replies":[{"embeddable":true,"href":"https:\/\/www.odonto.ufmg.br\/cenex\/wp-json\/wp\/v2\/comments?post=16471"}],"version-history":[{"count":6,"href":"https:\/\/www.odonto.ufmg.br\/cenex\/wp-json\/wp\/v2\/pages\/16471\/revisions"}],"predecessor-version":[{"id":17991,"href":"https:\/\/www.odonto.ufmg.br\/cenex\/wp-json\/wp\/v2\/pages\/16471\/revisions\/17991"}],"wp:attachment":[{"href":"https:\/\/www.odonto.ufmg.br\/cenex\/wp-json\/wp\/v2\/media?parent=16471"}],"curies":[{"name":"wp","href":"https:\/\/api.w.org\/{rel}","templated":true}]}}