{"id":16466,"date":"2024-08-14T15:57:06","date_gmt":"2024-08-14T18:57:06","guid":{"rendered":"https:\/\/www.odonto.ufmg.br\/cenex\/?page_id=16466"},"modified":"2025-04-17T16:20:02","modified_gmt":"2025-04-17T19:20:02","slug":"calendario-de-reunioes","status":"publish","type":"page","link":"https:\/\/www.odonto.ufmg.br\/cenex\/calendario-de-reunioes\/","title":{"rendered":"Calend\u00e1rio de Reuni\u00f5es"},"content":{"rendered":"\n<div class=\"wp-block-group is-layout-constrained wp-block-group-is-layout-constrained\">\n<div class=\"wp-block-group is-layout-constrained wp-block-group-is-layout-constrained\">\n<figure class=\"wp-block-table\"><table class=\"has-fixed-layout\"><tbody><tr><td colspan=\"5\"><strong>Calend\u00e1rio de Reuni\u00f5es FAO\/UFMG 2025<\/strong><\/td><\/tr><tr><td colspan=\"2\"><strong>CENEX<\/strong><\/td><td colspan=\"3\">CONGREGA\u00c7\u00c3O<\/td><\/tr><tr><td><strong>Data<\/strong><\/td><td><strong>Dia semana<\/strong><\/td><td>Data<\/td><td>Dia semana<\/td><td><strong>Hor\u00e1rio<\/strong><\/td><\/tr><tr><td>25\/02<\/td><td>3\u00aa feira<\/td><td>11\/03<\/td><td>3\u00aa feira<\/td><td>8h30<\/td><\/tr><tr><td>28\/03<\/td><td>6\u00aa feira<\/td><td>09\/04<\/td><td>4\u00aa feira<\/td><td>8h30<\/td><\/tr><tr><td>24\/04<\/td><td>5\u00aa feira<\/td><td>08\/05<\/td><td>5\u00aa feira<\/td><td>8h30<\/td><\/tr><tr><td>30\/05<\/td><td>6\u00aa feira<\/td><td>09\/06<\/td><td>2\u00aa feira<\/td><td>8h30<\/td><\/tr><tr><td>26\/06<\/td><td>5\u00aa feira<\/td><td>08\/07<\/td><td>3\u00aa feira<\/td><td>8h30<\/td><\/tr><tr><td>05\/08<\/td><td>3\u00aa feira<\/td><td>12\/08<\/td><td>3\u00aa feira<\/td><td>8h30<\/td><\/tr><tr><td>09\/09<\/td><td>3\u00aa feira<\/td><td>17\/09<\/td><td>4\u00aa feira<\/td><td>8h30<\/td><\/tr><tr><td>01\/10<\/td><td>4\u00aa feira<\/td><td>16\/10<\/td><td>5\u00aa feira<\/td><td>8h30<\/td><\/tr><tr><td>10\/11<\/td><td>2\u00aa feira<\/td><td>17\/11<\/td><td>2\u00aa feira<\/td><td>8h30<\/td><\/tr><tr><td>09\/12<\/td><td>3\u00aa feira<\/td><td>16\/12<\/td><td>3\u00aa feira<\/td><td>8h30<\/td><\/tr><\/tbody><\/table><\/figure>\n<\/div>\n<\/div>\n\n\n\n<p><\/p>\n","protected":false},"excerpt":{"rendered":"<p>Calend\u00e1rio de Reuni\u00f5es FAO\/UFMG 2025 CENEX CONGREGA\u00c7\u00c3O Data Dia semana Data Dia semana Hor\u00e1rio 25\/02 3\u00aa feira 11\/03 3\u00aa feira 8h30 28\/03 6\u00aa feira 09\/04 4\u00aa feira 8h30 24\/04 5\u00aa feira 08\/05 5\u00aa feira 8h30 30\/05 6\u00aa feira 09\/06 2\u00aa feira 8h30 26\/06 5\u00aa feira 08\/07 3\u00aa feira 8h30 05\/08 3\u00aa feira 12\/08 3\u00aa feira [&hellip;]<\/p>\n","protected":false},"author":1,"featured_media":0,"parent":0,"menu_order":0,"comment_status":"closed","ping_status":"closed","template":"","meta":{"inline_featured_image":false,"footnotes":""},"class_list":["post-16466","page","type-page","status-publish","hentry"],"yoast_head":"<!-- This site is optimized with the Yoast SEO plugin v27.5 - https:\/\/yoast.com\/product\/yoast-seo-wordpress\/ -->\n<title>Calend\u00e1rio de Reuni\u00f5es | CENEX Odonto<\/title>\n<meta name=\"robots\" content=\"index, follow, max-snippet:-1, max-image-preview:large, max-video-preview:-1\" \/>\n<link rel=\"canonical\" href=\"https:\/\/www.odonto.ufmg.br\/cenex\/calendario-de-reunioes\/\" \/>\n<meta property=\"og:locale\" content=\"pt_BR\" \/>\n<meta property=\"og:type\" content=\"article\" \/>\n<meta property=\"og:title\" content=\"Calend\u00e1rio de Reuni\u00f5es | CENEX Odonto\" \/>\n<meta property=\"og:description\" content=\"Calend\u00e1rio de Reuni\u00f5es FAO\/UFMG 2025 CENEX CONGREGA\u00c7\u00c3O Data Dia semana Data Dia semana Hor\u00e1rio 25\/02 3\u00aa feira 11\/03 3\u00aa feira 8h30 28\/03 6\u00aa feira 09\/04 4\u00aa feira 8h30 24\/04 5\u00aa feira 08\/05 5\u00aa feira 8h30 30\/05 6\u00aa feira 09\/06 2\u00aa feira 8h30 26\/06 5\u00aa feira 08\/07 3\u00aa feira 8h30 05\/08 3\u00aa feira 12\/08 3\u00aa feira [&hellip;]\" \/>\n<meta property=\"og:url\" content=\"https:\/\/www.odonto.ufmg.br\/cenex\/calendario-de-reunioes\/\" \/>\n<meta property=\"og:site_name\" content=\"CENEX Odonto\" \/>\n<meta property=\"article:publisher\" content=\"https:\/\/www.facebook.com\/cenexfao\/?locale=pt_BR\" \/>\n<meta property=\"article:modified_time\" content=\"2025-04-17T19:20:02+00:00\" \/>\n<meta name=\"twitter:card\" content=\"summary_large_image\" \/>\n<meta name=\"twitter:label1\" content=\"Est. tempo de leitura\" \/>\n\t<meta name=\"twitter:data1\" content=\"1 minuto\" \/>\n<script type=\"application\/ld+json\" class=\"yoast-schema-graph\">{\"@context\":\"https:\\\/\\\/schema.org\",\"@graph\":[{\"@type\":\"WebPage\",\"@id\":\"https:\\\/\\\/www.odonto.ufmg.br\\\/cenex\\\/calendario-de-reunioes\\\/\",\"url\":\"https:\\\/\\\/www.odonto.ufmg.br\\\/cenex\\\/calendario-de-reunioes\\\/\",\"name\":\"Calend\u00e1rio de Reuni\u00f5es | CENEX Odonto\",\"isPartOf\":{\"@id\":\"https:\\\/\\\/www.odonto.ufmg.br\\\/cenex\\\/#website\"},\"datePublished\":\"2024-08-14T18:57:06+00:00\",\"dateModified\":\"2025-04-17T19:20:02+00:00\",\"breadcrumb\":{\"@id\":\"https:\\\/\\\/www.odonto.ufmg.br\\\/cenex\\\/calendario-de-reunioes\\\/#breadcrumb\"},\"inLanguage\":\"pt-BR\",\"potentialAction\":[{\"@type\":\"ReadAction\",\"target\":[\"https:\\\/\\\/www.odonto.ufmg.br\\\/cenex\\\/calendario-de-reunioes\\\/\"]}]},{\"@type\":\"BreadcrumbList\",\"@id\":\"https:\\\/\\\/www.odonto.ufmg.br\\\/cenex\\\/calendario-de-reunioes\\\/#breadcrumb\",\"itemListElement\":[{\"@type\":\"ListItem\",\"position\":1,\"name\":\"In\u00edcio\",\"item\":\"https:\\\/\\\/www.odonto.ufmg.br\\\/cenex\\\/cenex\\\/\"},{\"@type\":\"ListItem\",\"position\":2,\"name\":\"Calend\u00e1rio de Reuni\u00f5es\"}]},{\"@type\":\"WebSite\",\"@id\":\"https:\\\/\\\/www.odonto.ufmg.br\\\/cenex\\\/#website\",\"url\":\"https:\\\/\\\/www.odonto.ufmg.br\\\/cenex\\\/\",\"name\":\"CENEX Odonto\",\"description\":\"Centro de Extens\u00e3o - Faculdade de Odontologia UFMG\",\"publisher\":{\"@id\":\"https:\\\/\\\/www.odonto.ufmg.br\\\/cenex\\\/#organization\"},\"potentialAction\":[{\"@type\":\"SearchAction\",\"target\":{\"@type\":\"EntryPoint\",\"urlTemplate\":\"https:\\\/\\\/www.odonto.ufmg.br\\\/cenex\\\/?s={search_term_string}\"},\"query-input\":{\"@type\":\"PropertyValueSpecification\",\"valueRequired\":true,\"valueName\":\"search_term_string\"}}],\"inLanguage\":\"pt-BR\"},{\"@type\":\"Organization\",\"@id\":\"https:\\\/\\\/www.odonto.ufmg.br\\\/cenex\\\/#organization\",\"name\":\"Faculdade de Odontologia da UFMG\",\"url\":\"https:\\\/\\\/www.odonto.ufmg.br\\\/cenex\\\/\",\"logo\":{\"@type\":\"ImageObject\",\"inLanguage\":\"pt-BR\",\"@id\":\"https:\\\/\\\/www.odonto.ufmg.br\\\/cenex\\\/#\\\/schema\\\/logo\\\/image\\\/\",\"url\":\"http:\\\/\\\/www.odonto.ufmg.br\\\/cenex\\\/wp-content\\\/uploads\\\/sites\\\/2\\\/2015\\\/12\\\/logo_cenex.svg\",\"contentUrl\":\"http:\\\/\\\/www.odonto.ufmg.br\\\/cenex\\\/wp-content\\\/uploads\\\/sites\\\/2\\\/2015\\\/12\\\/logo_cenex.svg\",\"width\":1,\"height\":1,\"caption\":\"Faculdade de Odontologia da UFMG\"},\"image\":{\"@id\":\"https:\\\/\\\/www.odonto.ufmg.br\\\/cenex\\\/#\\\/schema\\\/logo\\\/image\\\/\"},\"sameAs\":[\"https:\\\/\\\/www.facebook.com\\\/cenexfao\\\/?locale=pt_BR\",\"https:\\\/\\\/www.instagram.com\\\/cenexfao\\\/\"]}]}<\/script>\n<!-- \/ Yoast SEO plugin. -->","yoast_head_json":{"title":"Calend\u00e1rio de Reuni\u00f5es | CENEX Odonto","robots":{"index":"index","follow":"follow","max-snippet":"max-snippet:-1","max-image-preview":"max-image-preview:large","max-video-preview":"max-video-preview:-1"},"canonical":"https:\/\/www.odonto.ufmg.br\/cenex\/calendario-de-reunioes\/","og_locale":"pt_BR","og_type":"article","og_title":"Calend\u00e1rio de Reuni\u00f5es | CENEX Odonto","og_description":"Calend\u00e1rio de Reuni\u00f5es FAO\/UFMG 2025 CENEX CONGREGA\u00c7\u00c3O Data Dia semana Data Dia semana Hor\u00e1rio 25\/02 3\u00aa feira 11\/03 3\u00aa feira 8h30 28\/03 6\u00aa feira 09\/04 4\u00aa feira 8h30 24\/04 5\u00aa feira 08\/05 5\u00aa feira 8h30 30\/05 6\u00aa feira 09\/06 2\u00aa feira 8h30 26\/06 5\u00aa feira 08\/07 3\u00aa feira 8h30 05\/08 3\u00aa feira 12\/08 3\u00aa feira [&hellip;]","og_url":"https:\/\/www.odonto.ufmg.br\/cenex\/calendario-de-reunioes\/","og_site_name":"CENEX Odonto","article_publisher":"https:\/\/www.facebook.com\/cenexfao\/?locale=pt_BR","article_modified_time":"2025-04-17T19:20:02+00:00","twitter_card":"summary_large_image","twitter_misc":{"Est. tempo de leitura":"1 minuto"},"schema":{"@context":"https:\/\/schema.org","@graph":[{"@type":"WebPage","@id":"https:\/\/www.odonto.ufmg.br\/cenex\/calendario-de-reunioes\/","url":"https:\/\/www.odonto.ufmg.br\/cenex\/calendario-de-reunioes\/","name":"Calend\u00e1rio de Reuni\u00f5es | CENEX Odonto","isPartOf":{"@id":"https:\/\/www.odonto.ufmg.br\/cenex\/#website"},"datePublished":"2024-08-14T18:57:06+00:00","dateModified":"2025-04-17T19:20:02+00:00","breadcrumb":{"@id":"https:\/\/www.odonto.ufmg.br\/cenex\/calendario-de-reunioes\/#breadcrumb"},"inLanguage":"pt-BR","potentialAction":[{"@type":"ReadAction","target":["https:\/\/www.odonto.ufmg.br\/cenex\/calendario-de-reunioes\/"]}]},{"@type":"BreadcrumbList","@id":"https:\/\/www.odonto.ufmg.br\/cenex\/calendario-de-reunioes\/#breadcrumb","itemListElement":[{"@type":"ListItem","position":1,"name":"In\u00edcio","item":"https:\/\/www.odonto.ufmg.br\/cenex\/cenex\/"},{"@type":"ListItem","position":2,"name":"Calend\u00e1rio de Reuni\u00f5es"}]},{"@type":"WebSite","@id":"https:\/\/www.odonto.ufmg.br\/cenex\/#website","url":"https:\/\/www.odonto.ufmg.br\/cenex\/","name":"CENEX Odonto","description":"Centro de Extens\u00e3o - Faculdade de Odontologia UFMG","publisher":{"@id":"https:\/\/www.odonto.ufmg.br\/cenex\/#organization"},"potentialAction":[{"@type":"SearchAction","target":{"@type":"EntryPoint","urlTemplate":"https:\/\/www.odonto.ufmg.br\/cenex\/?s={search_term_string}"},"query-input":{"@type":"PropertyValueSpecification","valueRequired":true,"valueName":"search_term_string"}}],"inLanguage":"pt-BR"},{"@type":"Organization","@id":"https:\/\/www.odonto.ufmg.br\/cenex\/#organization","name":"Faculdade de Odontologia da UFMG","url":"https:\/\/www.odonto.ufmg.br\/cenex\/","logo":{"@type":"ImageObject","inLanguage":"pt-BR","@id":"https:\/\/www.odonto.ufmg.br\/cenex\/#\/schema\/logo\/image\/","url":"http:\/\/www.odonto.ufmg.br\/cenex\/wp-content\/uploads\/sites\/2\/2015\/12\/logo_cenex.svg","contentUrl":"http:\/\/www.odonto.ufmg.br\/cenex\/wp-content\/uploads\/sites\/2\/2015\/12\/logo_cenex.svg","width":1,"height":1,"caption":"Faculdade de Odontologia da UFMG"},"image":{"@id":"https:\/\/www.odonto.ufmg.br\/cenex\/#\/schema\/logo\/image\/"},"sameAs":["https:\/\/www.facebook.com\/cenexfao\/?locale=pt_BR","https:\/\/www.instagram.com\/cenexfao\/"]}]}},"_links":{"self":[{"href":"https:\/\/www.odonto.ufmg.br\/cenex\/wp-json\/wp\/v2\/pages\/16466","targetHints":{"allow":["GET"]}}],"collection":[{"href":"https:\/\/www.odonto.ufmg.br\/cenex\/wp-json\/wp\/v2\/pages"}],"about":[{"href":"https:\/\/www.odonto.ufmg.br\/cenex\/wp-json\/wp\/v2\/types\/page"}],"author":[{"embeddable":true,"href":"https:\/\/www.odonto.ufmg.br\/cenex\/wp-json\/wp\/v2\/users\/1"}],"replies":[{"embeddable":true,"href":"https:\/\/www.odonto.ufmg.br\/cenex\/wp-json\/wp\/v2\/comments?post=16466"}],"version-history":[{"count":4,"href":"https:\/\/www.odonto.ufmg.br\/cenex\/wp-json\/wp\/v2\/pages\/16466\/revisions"}],"predecessor-version":[{"id":16780,"href":"https:\/\/www.odonto.ufmg.br\/cenex\/wp-json\/wp\/v2\/pages\/16466\/revisions\/16780"}],"wp:attachment":[{"href":"https:\/\/www.odonto.ufmg.br\/cenex\/wp-json\/wp\/v2\/media?parent=16466"}],"curies":[{"name":"wp","href":"https:\/\/api.w.org\/{rel}","templated":true}]}}