{"id":13182,"date":"2021-03-22T19:02:29","date_gmt":"2021-03-22T22:02:29","guid":{"rendered":"https:\/\/www.odonto.ufmg.br\/cenex\/?page_id=13182"},"modified":"2026-04-15T16:26:30","modified_gmt":"2026-04-15T19:26:30","slug":"programa-projetos","status":"publish","type":"page","link":"https:\/\/www.odonto.ufmg.br\/cenex\/programa-projetos\/","title":{"rendered":"A\u00e7\u00f5es de Extens\u00e3o"},"content":{"rendered":"<section  class='av_textblock_section av-m9pwns3z-cc17bc4d7f917b9d328d254855fdfdbe '   itemscope=\"itemscope\" itemtype=\"https:\/\/schema.org\/CreativeWork\" ><div class='avia_textblock'  itemprop=\"text\" ><p class=\"\" data-start=\"339\" data-end=\"682\">O <strong>CENEX (Centro de Extens\u00e3o) da Faculdade de Odontologia<\/strong> \u00e9 o setor respons\u00e1vel por coordenar e acompanhar as A\u00e7\u00f5es de Extens\u00e3o desenvolvidas por nossos docentes, t\u00e9cnicos e estudantes. Essas a\u00e7\u00f5es se materializam em <strong>Programas, Projetos, Cursos, Eventos e Presta\u00e7\u00f5es de Servi\u00e7os<\/strong>, e representam uma dimens\u00e3o essencial da nossa atua\u00e7\u00e3o acad\u00eamica.<\/p>\n<p class=\"\" data-start=\"684\" data-end=\"716\">Mas qual \u00e9 o papel dessas a\u00e7\u00f5es?<\/p>\n<p class=\"\" data-start=\"718\" data-end=\"1086\">As atividades de extens\u00e3o aproximam a Universidade da sociedade. Por meio delas, o conhecimento produzido na Faculdade de Odontologia ultrapassa os muros da universidade e gera impacto direto nas comunidades. S\u00e3o iniciativas que dialogam com as demandas sociais e promovem a troca de saberes, contribuindo para a forma\u00e7\u00e3o cidad\u00e3 e o compromisso social da Universidade.<\/p>\n<p class=\"\" data-start=\"1088\" data-end=\"1230\">Atenta \u00e0s necessidades da popula\u00e7\u00e3o, nossa Faculdade mant\u00e9m projetos consolidados, com forte relev\u00e2ncia social e alto potencial transformador.<\/p>\n<p class=\"\" data-start=\"1232\" data-end=\"1528\">Todas as a\u00e7\u00f5es de extens\u00e3o vinculadas ao CENEX podem ser consultadas no <a href=\"https:\/\/sistemas.ufmg.br\/siex\/PrepararPesquisarAcaoExtensao.do?clean=1\"><strong data-start=\"1304\" data-end=\"1353\">Sistema de Informa\u00e7\u00e3o da Extens\u00e3o \u2013 SIEX\/PROEX<\/strong><\/a>. A plataforma permite ao p\u00fablico acessar os dados dos projetos em andamento ou j\u00e1 conclu\u00eddos, com diversos filtros que facilitam a navega\u00e7\u00e3o e a busca por temas de interesse.<\/p>\n<\/div><\/section>\n\n<style type=\"text\/css\" data-created_by=\"avia_inline_auto\" id=\"style-css-av-34sp4hq-5acc679e18a992356cf7b42e0cfef582\">\n.flex_column.av-34sp4hq-5acc679e18a992356cf7b42e0cfef582{\nborder-radius:0px 0px 0px 0px;\npadding:0px 0px 0px 0px;\n}\n<\/style>\n<div  class='flex_column av-34sp4hq-5acc679e18a992356cf7b42e0cfef582 av_one_third  avia-builder-el-1  el_after_av_textblock  el_before_av_one_third  first flex_column_div av-zero-column-padding  column-top-margin'     ><article  class='iconbox iconbox_left av-m8xhcgn0-03d6056269bc2521fbb986723c5a8ac2  avia-builder-el-2  avia-builder-el-no-sibling '  itemscope=\"itemscope\" itemtype=\"https:\/\/schema.org\/CreativeWork\" ><div class=\"iconbox_content\"><header class=\"entry-content-header\" aria-label=\"Icon: Programas\"><div class='iconbox_icon heading-color avia-iconfont avia-font-entypo-fontello' data-av_icon='\ue828' data-av_iconfont='entypo-fontello' title=\"Programas\" desc=\"Programas\" ><\/div><h3 class='iconbox_content_title '  itemprop=\"headline\" ><a href='https:\/\/www.odonto.ufmg.br\/cenex\/programas\/' title='Programas'  >Programas<\/a><\/h3><\/header><div class='iconbox_content_container '  itemprop=\"text\" ><p>Atividade caracterizada pela atua\u00e7\u00e3o diversificada e integrada de atividades de extens\u00e3o orientadas por um eixo articulador, que deve englobar determinado p\u00fablico, tem\u00e1tica, linha de extens\u00e3o ou recorte territorial e conter, pelo menos, dois projetos vinculados.<\/p>\n<\/div><\/div><footer class=\"entry-footer\"><\/footer><\/article><\/div>\n\n<style type=\"text\/css\" data-created_by=\"avia_inline_auto\" id=\"style-css-av-95da0u-6a90597d82ef1871492fe2928322e313\">\n.flex_column.av-95da0u-6a90597d82ef1871492fe2928322e313{\nborder-radius:0px 0px 0px 0px;\npadding:0px 0px 0px 0px;\n}\n<\/style>\n<div  class='flex_column av-95da0u-6a90597d82ef1871492fe2928322e313 av_one_third  avia-builder-el-3  el_after_av_one_third  el_before_av_one_third  flex_column_div av-zero-column-padding  column-top-margin'     ><article  class='iconbox iconbox_left av-m8xhcsv4-868a5564fd163133e31e6853b3469e9c  avia-builder-el-4  avia-builder-el-no-sibling '  itemscope=\"itemscope\" itemtype=\"https:\/\/schema.org\/CreativeWork\" ><div class=\"iconbox_content\"><header class=\"entry-content-header\" aria-label=\"Icon: Projetos\"><div class='iconbox_icon heading-color avia-iconfont avia-font-entypo-fontello' data-av_icon='\ue849' data-av_iconfont='entypo-fontello' title=\"Projetos\" desc=\"Projetos\" ><\/div><h3 class='iconbox_content_title '  itemprop=\"headline\" ><a href='https:\/\/www.odonto.ufmg.br\/cenex\/projetos-2\/' title='Projetos'  >Projetos<\/a><\/h3><\/header><div class='iconbox_content_container '  itemprop=\"text\" ><p>Atividade que se constr\u00f3i juntamente com a comunidade externa em torno de objetivos que necessitam de trabalho processual e cont\u00ednuo para ser alcan\u00e7ados, com atua\u00e7\u00e3o na produ\u00e7\u00e3o e na constru\u00e7\u00e3o de conhecimentos voltados para o desenvolvimento social, cultural, art\u00edstico e tecnol\u00f3gico, podendo abranger de forma vinculada, cursos, eventos, e presta\u00e7\u00e3o de servi\u00e7os.<\/p>\n<\/div><\/div><footer class=\"entry-footer\"><\/footer><\/article><\/div>\n<style type=\"text\/css\" data-created_by=\"avia_inline_auto\" id=\"style-css-av-29x0jr2-a9d9ae578cda641782fcd750e8077029\">\n.flex_column.av-29x0jr2-a9d9ae578cda641782fcd750e8077029{\nborder-radius:0px 0px 0px 0px;\npadding:0px 0px 0px 0px;\n}\n<\/style>\n<div  class='flex_column av-29x0jr2-a9d9ae578cda641782fcd750e8077029 av_one_third  avia-builder-el-5  el_after_av_one_third  el_before_av_one_third  flex_column_div av-zero-column-padding  column-top-margin'     ><article  class='iconbox iconbox_left av-m8xhd3wz-3b64c9624ce6e2fc659500fc4eeec5cb  avia-builder-el-6  avia-builder-el-no-sibling '  itemscope=\"itemscope\" itemtype=\"https:\/\/schema.org\/CreativeWork\" ><div class=\"iconbox_content\"><header class=\"entry-content-header\" aria-label=\"Icon: Presta\u00e7\u00e3o de Servi\u00e7os\"><div class='iconbox_icon heading-color avia-iconfont avia-font-entypo-fontello' data-av_icon='\ue8ad' data-av_iconfont='entypo-fontello'  ><\/div><h3 class='iconbox_content_title '  itemprop=\"headline\" >Presta\u00e7\u00e3o de Servi\u00e7os<\/h3><\/header><div class='iconbox_content_container '  itemprop=\"text\" ><p>Atividade com tempo determinado de execu\u00e7\u00e3o para a solu\u00e7\u00e3o de problemas produtivos ou sociais a partir de conhecimento existente e que poder\u00e1 resultar em desenvolvimento, aperfei\u00e7oamento ou difus\u00e3o de solu\u00e7\u00f5es cient\u00edficas, art\u00edsticas e tecnol\u00f3gicas.<\/p>\n<\/div><\/div><footer class=\"entry-footer\"><\/footer><\/article><\/div><\/p>\n\n<style type=\"text\/css\" data-created_by=\"avia_inline_auto\" id=\"style-css-av-1s419vi-83e06a55a7b4f4dbbc54b142c9534243\">\n.flex_column.av-1s419vi-83e06a55a7b4f4dbbc54b142c9534243{\nborder-radius:0px 0px 0px 0px;\npadding:0px 0px 0px 0px;\n}\n<\/style>\n<div  class='flex_column av-1s419vi-83e06a55a7b4f4dbbc54b142c9534243 av_one_third  avia-builder-el-7  el_after_av_one_third  el_before_av_one_third  first flex_column_div av-zero-column-padding  column-top-margin'     ><\/div>\n\n<style type=\"text\/css\" data-created_by=\"avia_inline_auto\" id=\"style-css-av-1blm3i6-94e7641aea096f09eec5de19548447aa\">\n.flex_column.av-1blm3i6-94e7641aea096f09eec5de19548447aa{\nborder-radius:0px 0px 0px 0px;\npadding:0px 0px 0px 0px;\n}\n<\/style>\n<div  class='flex_column av-1blm3i6-94e7641aea096f09eec5de19548447aa av_one_third  avia-builder-el-8  el_after_av_one_third  el_before_av_one_third  flex_column_div av-zero-column-padding  column-top-margin'     ><\/div>\n\n<style type=\"text\/css\" data-created_by=\"avia_inline_auto\" id=\"style-css-av-n7k0ji-eeeb97af2fd64e4e7e0e2a965095d52c\">\n.flex_column.av-n7k0ji-eeeb97af2fd64e4e7e0e2a965095d52c{\nborder-radius:0px 0px 0px 0px;\npadding:0px 0px 0px 0px;\n}\n<\/style>\n<div  class='flex_column av-n7k0ji-eeeb97af2fd64e4e7e0e2a965095d52c av_one_third  avia-builder-el-9  el_after_av_one_third  el_before_av_one_full  flex_column_div av-zero-column-padding  column-top-margin'     ><\/div>\n\n<style type=\"text\/css\" data-created_by=\"avia_inline_auto\" id=\"style-css-av-iierku-7efeef6aed6cfd1da269674a0cdabf8b\">\n.flex_column.av-iierku-7efeef6aed6cfd1da269674a0cdabf8b{\nborder-radius:0px 0px 0px 0px;\npadding:0px 0px 0px 0px;\n}\n<\/style>\n<div  class='flex_column av-iierku-7efeef6aed6cfd1da269674a0cdabf8b av_one_full  avia-builder-el-10  el_after_av_one_third  avia-builder-el-last  first flex_column_div av-zero-column-padding  column-top-margin'     ><\/div>\n","protected":false},"excerpt":{"rendered":"","protected":false},"author":5,"featured_media":0,"parent":0,"menu_order":0,"comment_status":"closed","ping_status":"closed","template":"","meta":{"inline_featured_image":false,"footnotes":""},"class_list":["post-13182","page","type-page","status-publish","hentry"],"yoast_head":"<!-- This site is optimized with the Yoast SEO plugin v27.3 - https:\/\/yoast.com\/product\/yoast-seo-wordpress\/ -->\n<title>A\u00e7\u00f5es de Extens\u00e3o | CENEX Odonto<\/title>\n<meta name=\"robots\" content=\"index, follow, max-snippet:-1, max-image-preview:large, max-video-preview:-1\" \/>\n<link rel=\"canonical\" href=\"https:\/\/www.odonto.ufmg.br\/cenex\/programa-projetos\/\" \/>\n<meta property=\"og:locale\" content=\"pt_BR\" \/>\n<meta property=\"og:type\" content=\"article\" \/>\n<meta property=\"og:title\" content=\"A\u00e7\u00f5es de Extens\u00e3o | CENEX Odonto\" \/>\n<meta property=\"og:url\" content=\"https:\/\/www.odonto.ufmg.br\/cenex\/programa-projetos\/\" \/>\n<meta property=\"og:site_name\" content=\"CENEX Odonto\" \/>\n<meta property=\"article:publisher\" content=\"https:\/\/www.facebook.com\/cenexfao\/?locale=pt_BR\" \/>\n<meta property=\"article:modified_time\" content=\"2026-04-15T19:26:30+00:00\" \/>\n<meta name=\"twitter:card\" content=\"summary_large_image\" \/>\n<meta name=\"twitter:label1\" content=\"Est. tempo de leitura\" \/>\n\t<meta name=\"twitter:data1\" content=\"2 minutos\" \/>\n<script type=\"application\/ld+json\" class=\"yoast-schema-graph\">{\"@context\":\"https:\\\/\\\/schema.org\",\"@graph\":[{\"@type\":\"WebPage\",\"@id\":\"https:\\\/\\\/www.odonto.ufmg.br\\\/cenex\\\/programa-projetos\\\/\",\"url\":\"https:\\\/\\\/www.odonto.ufmg.br\\\/cenex\\\/programa-projetos\\\/\",\"name\":\"A\u00e7\u00f5es de Extens\u00e3o | CENEX Odonto\",\"isPartOf\":{\"@id\":\"https:\\\/\\\/www.odonto.ufmg.br\\\/cenex\\\/#website\"},\"datePublished\":\"2021-03-22T22:02:29+00:00\",\"dateModified\":\"2026-04-15T19:26:30+00:00\",\"breadcrumb\":{\"@id\":\"https:\\\/\\\/www.odonto.ufmg.br\\\/cenex\\\/programa-projetos\\\/#breadcrumb\"},\"inLanguage\":\"pt-BR\",\"potentialAction\":[{\"@type\":\"ReadAction\",\"target\":[\"https:\\\/\\\/www.odonto.ufmg.br\\\/cenex\\\/programa-projetos\\\/\"]}]},{\"@type\":\"BreadcrumbList\",\"@id\":\"https:\\\/\\\/www.odonto.ufmg.br\\\/cenex\\\/programa-projetos\\\/#breadcrumb\",\"itemListElement\":[{\"@type\":\"ListItem\",\"position\":1,\"name\":\"In\u00edcio\",\"item\":\"https:\\\/\\\/www.odonto.ufmg.br\\\/cenex\\\/cenex\\\/\"},{\"@type\":\"ListItem\",\"position\":2,\"name\":\"A\u00e7\u00f5es de Extens\u00e3o\"}]},{\"@type\":\"WebSite\",\"@id\":\"https:\\\/\\\/www.odonto.ufmg.br\\\/cenex\\\/#website\",\"url\":\"https:\\\/\\\/www.odonto.ufmg.br\\\/cenex\\\/\",\"name\":\"CENEX Odonto\",\"description\":\"Centro de Extens\u00e3o - Faculdade de Odontologia UFMG\",\"publisher\":{\"@id\":\"https:\\\/\\\/www.odonto.ufmg.br\\\/cenex\\\/#organization\"},\"potentialAction\":[{\"@type\":\"SearchAction\",\"target\":{\"@type\":\"EntryPoint\",\"urlTemplate\":\"https:\\\/\\\/www.odonto.ufmg.br\\\/cenex\\\/?s={search_term_string}\"},\"query-input\":{\"@type\":\"PropertyValueSpecification\",\"valueRequired\":true,\"valueName\":\"search_term_string\"}}],\"inLanguage\":\"pt-BR\"},{\"@type\":\"Organization\",\"@id\":\"https:\\\/\\\/www.odonto.ufmg.br\\\/cenex\\\/#organization\",\"name\":\"Faculdade de Odontologia da UFMG\",\"url\":\"https:\\\/\\\/www.odonto.ufmg.br\\\/cenex\\\/\",\"logo\":{\"@type\":\"ImageObject\",\"inLanguage\":\"pt-BR\",\"@id\":\"https:\\\/\\\/www.odonto.ufmg.br\\\/cenex\\\/#\\\/schema\\\/logo\\\/image\\\/\",\"url\":\"http:\\\/\\\/www.odonto.ufmg.br\\\/cenex\\\/wp-content\\\/uploads\\\/sites\\\/2\\\/2015\\\/12\\\/logo_cenex.svg\",\"contentUrl\":\"http:\\\/\\\/www.odonto.ufmg.br\\\/cenex\\\/wp-content\\\/uploads\\\/sites\\\/2\\\/2015\\\/12\\\/logo_cenex.svg\",\"width\":1,\"height\":1,\"caption\":\"Faculdade de Odontologia da UFMG\"},\"image\":{\"@id\":\"https:\\\/\\\/www.odonto.ufmg.br\\\/cenex\\\/#\\\/schema\\\/logo\\\/image\\\/\"},\"sameAs\":[\"https:\\\/\\\/www.facebook.com\\\/cenexfao\\\/?locale=pt_BR\",\"https:\\\/\\\/www.instagram.com\\\/cenexfao\\\/\"]}]}<\/script>\n<!-- \/ Yoast SEO plugin. -->","yoast_head_json":{"title":"A\u00e7\u00f5es de Extens\u00e3o | CENEX Odonto","robots":{"index":"index","follow":"follow","max-snippet":"max-snippet:-1","max-image-preview":"max-image-preview:large","max-video-preview":"max-video-preview:-1"},"canonical":"https:\/\/www.odonto.ufmg.br\/cenex\/programa-projetos\/","og_locale":"pt_BR","og_type":"article","og_title":"A\u00e7\u00f5es de Extens\u00e3o | CENEX Odonto","og_url":"https:\/\/www.odonto.ufmg.br\/cenex\/programa-projetos\/","og_site_name":"CENEX Odonto","article_publisher":"https:\/\/www.facebook.com\/cenexfao\/?locale=pt_BR","article_modified_time":"2026-04-15T19:26:30+00:00","twitter_card":"summary_large_image","twitter_misc":{"Est. tempo de leitura":"2 minutos"},"schema":{"@context":"https:\/\/schema.org","@graph":[{"@type":"WebPage","@id":"https:\/\/www.odonto.ufmg.br\/cenex\/programa-projetos\/","url":"https:\/\/www.odonto.ufmg.br\/cenex\/programa-projetos\/","name":"A\u00e7\u00f5es de Extens\u00e3o | CENEX Odonto","isPartOf":{"@id":"https:\/\/www.odonto.ufmg.br\/cenex\/#website"},"datePublished":"2021-03-22T22:02:29+00:00","dateModified":"2026-04-15T19:26:30+00:00","breadcrumb":{"@id":"https:\/\/www.odonto.ufmg.br\/cenex\/programa-projetos\/#breadcrumb"},"inLanguage":"pt-BR","potentialAction":[{"@type":"ReadAction","target":["https:\/\/www.odonto.ufmg.br\/cenex\/programa-projetos\/"]}]},{"@type":"BreadcrumbList","@id":"https:\/\/www.odonto.ufmg.br\/cenex\/programa-projetos\/#breadcrumb","itemListElement":[{"@type":"ListItem","position":1,"name":"In\u00edcio","item":"https:\/\/www.odonto.ufmg.br\/cenex\/cenex\/"},{"@type":"ListItem","position":2,"name":"A\u00e7\u00f5es de Extens\u00e3o"}]},{"@type":"WebSite","@id":"https:\/\/www.odonto.ufmg.br\/cenex\/#website","url":"https:\/\/www.odonto.ufmg.br\/cenex\/","name":"CENEX Odonto","description":"Centro de Extens\u00e3o - Faculdade de Odontologia UFMG","publisher":{"@id":"https:\/\/www.odonto.ufmg.br\/cenex\/#organization"},"potentialAction":[{"@type":"SearchAction","target":{"@type":"EntryPoint","urlTemplate":"https:\/\/www.odonto.ufmg.br\/cenex\/?s={search_term_string}"},"query-input":{"@type":"PropertyValueSpecification","valueRequired":true,"valueName":"search_term_string"}}],"inLanguage":"pt-BR"},{"@type":"Organization","@id":"https:\/\/www.odonto.ufmg.br\/cenex\/#organization","name":"Faculdade de Odontologia da UFMG","url":"https:\/\/www.odonto.ufmg.br\/cenex\/","logo":{"@type":"ImageObject","inLanguage":"pt-BR","@id":"https:\/\/www.odonto.ufmg.br\/cenex\/#\/schema\/logo\/image\/","url":"http:\/\/www.odonto.ufmg.br\/cenex\/wp-content\/uploads\/sites\/2\/2015\/12\/logo_cenex.svg","contentUrl":"http:\/\/www.odonto.ufmg.br\/cenex\/wp-content\/uploads\/sites\/2\/2015\/12\/logo_cenex.svg","width":1,"height":1,"caption":"Faculdade de Odontologia da UFMG"},"image":{"@id":"https:\/\/www.odonto.ufmg.br\/cenex\/#\/schema\/logo\/image\/"},"sameAs":["https:\/\/www.facebook.com\/cenexfao\/?locale=pt_BR","https:\/\/www.instagram.com\/cenexfao\/"]}]}},"_links":{"self":[{"href":"https:\/\/www.odonto.ufmg.br\/cenex\/wp-json\/wp\/v2\/pages\/13182","targetHints":{"allow":["GET"]}}],"collection":[{"href":"https:\/\/www.odonto.ufmg.br\/cenex\/wp-json\/wp\/v2\/pages"}],"about":[{"href":"https:\/\/www.odonto.ufmg.br\/cenex\/wp-json\/wp\/v2\/types\/page"}],"author":[{"embeddable":true,"href":"https:\/\/www.odonto.ufmg.br\/cenex\/wp-json\/wp\/v2\/users\/5"}],"replies":[{"embeddable":true,"href":"https:\/\/www.odonto.ufmg.br\/cenex\/wp-json\/wp\/v2\/comments?post=13182"}],"version-history":[{"count":9,"href":"https:\/\/www.odonto.ufmg.br\/cenex\/wp-json\/wp\/v2\/pages\/13182\/revisions"}],"predecessor-version":[{"id":18276,"href":"https:\/\/www.odonto.ufmg.br\/cenex\/wp-json\/wp\/v2\/pages\/13182\/revisions\/18276"}],"wp:attachment":[{"href":"https:\/\/www.odonto.ufmg.br\/cenex\/wp-json\/wp\/v2\/media?parent=13182"}],"curies":[{"name":"wp","href":"https:\/\/api.w.org\/{rel}","templated":true}]}}