{"id":729,"date":"2016-04-23T03:34:12","date_gmt":"2016-04-23T03:34:12","guid":{"rendered":"https:\/\/www.odonto.ufmg.br\/bucomaxilo\/?page_id=729"},"modified":"2020-05-20T13:31:55","modified_gmt":"2020-05-20T13:31:55","slug":"especialistas","status":"publish","type":"page","link":"https:\/\/www.odonto.ufmg.br\/bucomaxilo\/o-curso\/corpo-docente\/especialistas\/","title":{"rendered":"Especialistas"},"content":{"rendered":"<div id='full_slider_1'  class='avia-fullwidth-slider main_color avia-shadow   avia-builder-el-0  el_before_av_layout_row  avia-builder-el-first   container_wrap fullsize'  ><div  class='avia-slideshow av-11q6up-7202b9895e1d05102c80ce88fe4f8fdc avia-slideshow-featured_large av_slideshow_full avia-fade-slider av-slideshow-ui av-control-minimal av-slideshow-manual av-loop-once av-loop-manual-endless av-default-height-applied   avia-slideshow-1' data-slideshow-options=\"{&quot;animation&quot;:&quot;fade&quot;,&quot;autoplay&quot;:false,&quot;loop_autoplay&quot;:&quot;once&quot;,&quot;interval&quot;:5,&quot;loop_manual&quot;:&quot;manual-endless&quot;,&quot;autoplay_stopper&quot;:false,&quot;noNavigation&quot;:false,&quot;bg_slider&quot;:false,&quot;keep_padding&quot;:false,&quot;hoverpause&quot;:false,&quot;show_slide_delay&quot;:0}\"  itemprop=\"image\" itemscope=\"itemscope\" itemtype=\"https:\/\/schema.org\/ImageObject\" ><ul class='avia-slideshow-inner ' style='padding-bottom: 42%;'><li  class='avia-slideshow-slide av-11q6up-7202b9895e1d05102c80ce88fe4f8fdc__0  av-single-slide slide-1 slide-odd'><div data-rel='slideshow-1' class='avia-slide-wrap '   ><div class='av-slideshow-caption av-11q6up-7202b9895e1d05102c80ce88fe4f8fdc__0 caption_fullwidth caption_bottom'><div class=\"container caption_container\"><div class=\"slideshow_caption\"><div class=\"slideshow_inner_caption\"><div class=\"slideshow_align_caption\"><h2 class='avia-caption-title '  itemprop=\"name\" >Corpo Docente<\/h2><div class='avia-caption-content '  itemprop=\"description\" ><p>Especialistas<\/p>\n<\/div><\/div><\/div><\/div><\/div><\/div><img fetchpriority=\"high\" class=\"wp-image-995 avia-img-lazy-loading-not-995\"  src='https:\/\/www.odonto.ufmg.br\/bucomaxilo\/wp-content\/uploads\/sites\/9\/2020\/05\/Cirurgia-145-1500x630.jpg' width='1500' height='630' title='Cirurgia-145' alt=''  itemprop=\"thumbnailUrl\"   \/><\/div><\/li><\/ul><\/div><\/div>\n<div id='av-layout-grid-1'  class='av-layout-grid-container av-pa0ld-4426da1e612f724b713fcaecdd89d892 entry-content-wrapper main_color av-flex-cells  avia-builder-el-1  el_after_av_slideshow_full  avia-builder-el-last  grid-row-not-first  container_wrap fullsize'  >\n\n<style type=\"text\/css\" data-created_by=\"avia_inline_auto\" id=\"style-css-av-iwcuh-040872be83af3624843335be3bf645af\">\n.flex_cell.av-iwcuh-040872be83af3624843335be3bf645af{\nvertical-align:top;\n}\n.responsive #top #wrap_all .flex_cell.av-iwcuh-040872be83af3624843335be3bf645af{\npadding:30px 30px 30px 30px !important;\n}\n<\/style>\n<div class='flex_cell av-iwcuh-040872be83af3624843335be3bf645af av-gridrow-cell av_one_full no_margin  avia-builder-el-2  avia-builder-el-no-sibling  content-align-top'  ><div class='flex_cell_inner'><section  class='avia-team-member av-d03n5-2c80ffbc708fab6ab19912dbb9606d01  avia-builder-el-3  avia-builder-el-no-sibling '  itemscope=\"itemscope\" itemtype=\"https:\/\/schema.org\/Person\" ><div class=\"team-img-container\"><img fetchpriority=\"high\" class='wp-image-868 avia-img-lazy-loading-not-868 avia_image avia_image_team av-team-img-original' src='https:\/\/www.odonto.ufmg.br\/bucomaxilo\/wp-content\/uploads\/sites\/9\/2016\/04\/user-300x300.png' alt='Eduardo Morato'  itemprop=\"image\"   height=\"300\" width=\"300\" \/><div class=\"team-social\"><div class=\"team-social-inner\"><a class='avia-team-icon av-756a1-81da21f550e1706a7b63795efabddcdc avia-iconfont avia-font-entypo-fontello' data-avia-tooltip=\"Lattes\" data-av_icon='\ue816' data-av_iconfont='entypo-fontello' ><\/a><\/div><\/div><\/div><h3 class='team-member-name '  itemprop=\"name\" >Eduardo Morato<\/h3><div class='team-member-job-title '  itemprop=\"jobTitle\" >Professor<\/div><div class='team-member-description '  itemprop=\"description\" ><p>Descri\u00e7\u00e3o n\u00e3o dispon\u00edvel<\/p>\n<\/div><span class='hidden team-member-affiliation'  itemprop=\"affiliation\" >Especializa\u00e7\u00e3o em Cirurgia Buco-Maxilo-Facial<\/span><\/section>\n<\/div><\/div>\n<\/div>\n","protected":false},"excerpt":{"rendered":"","protected":false},"author":5,"featured_media":0,"parent":702,"menu_order":0,"comment_status":"closed","ping_status":"closed","template":"","meta":{"inline_featured_image":false,"footnotes":""},"class_list":["post-729","page","type-page","status-publish","hentry"],"yoast_head":"<!-- This site is optimized with the Yoast SEO plugin v27.6 - https:\/\/yoast.com\/product\/yoast-seo-wordpress\/ -->\n<title>Especialistas - Especializa\u00e7\u00e3o em Cirurgia Buco-Maxilo-Facial<\/title>\n<meta name=\"robots\" content=\"index, follow, max-snippet:-1, max-image-preview:large, max-video-preview:-1\" \/>\n<link rel=\"canonical\" href=\"https:\/\/www.odonto.ufmg.br\/bucomaxilo\/o-curso\/corpo-docente\/especialistas\/\" \/>\n<meta property=\"og:locale\" content=\"pt_BR\" \/>\n<meta property=\"og:type\" content=\"article\" \/>\n<meta property=\"og:title\" content=\"Especialistas - Especializa\u00e7\u00e3o em Cirurgia Buco-Maxilo-Facial\" \/>\n<meta property=\"og:url\" content=\"https:\/\/www.odonto.ufmg.br\/bucomaxilo\/o-curso\/corpo-docente\/especialistas\/\" \/>\n<meta property=\"og:site_name\" content=\"Especializa\u00e7\u00e3o em Cirurgia Buco-Maxilo-Facial\" \/>\n<meta property=\"article:modified_time\" content=\"2020-05-20T13:31:55+00:00\" \/>\n<meta name=\"twitter:card\" content=\"summary_large_image\" \/>\n<meta name=\"twitter:label1\" content=\"Est. tempo de leitura\" \/>\n\t<meta name=\"twitter:data1\" content=\"1 minuto\" \/>\n<script type=\"application\/ld+json\" class=\"yoast-schema-graph\">{\"@context\":\"https:\\\/\\\/schema.org\",\"@graph\":[{\"@type\":\"WebPage\",\"@id\":\"https:\\\/\\\/www.odonto.ufmg.br\\\/bucomaxilo\\\/o-curso\\\/corpo-docente\\\/especialistas\\\/\",\"url\":\"https:\\\/\\\/www.odonto.ufmg.br\\\/bucomaxilo\\\/o-curso\\\/corpo-docente\\\/especialistas\\\/\",\"name\":\"Especialistas - Especializa\u00e7\u00e3o em Cirurgia Buco-Maxilo-Facial\",\"isPartOf\":{\"@id\":\"https:\\\/\\\/www.odonto.ufmg.br\\\/bucomaxilo\\\/#website\"},\"datePublished\":\"2016-04-23T03:34:12+00:00\",\"dateModified\":\"2020-05-20T13:31:55+00:00\",\"breadcrumb\":{\"@id\":\"https:\\\/\\\/www.odonto.ufmg.br\\\/bucomaxilo\\\/o-curso\\\/corpo-docente\\\/especialistas\\\/#breadcrumb\"},\"inLanguage\":\"pt-BR\",\"potentialAction\":[{\"@type\":\"ReadAction\",\"target\":[\"https:\\\/\\\/www.odonto.ufmg.br\\\/bucomaxilo\\\/o-curso\\\/corpo-docente\\\/especialistas\\\/\"]}]},{\"@type\":\"BreadcrumbList\",\"@id\":\"https:\\\/\\\/www.odonto.ufmg.br\\\/bucomaxilo\\\/o-curso\\\/corpo-docente\\\/especialistas\\\/#breadcrumb\",\"itemListElement\":[{\"@type\":\"ListItem\",\"position\":1,\"name\":\"In\u00edcio\",\"item\":\"https:\\\/\\\/www.odonto.ufmg.br\\\/bucomaxilo\\\/inicio\\\/\"},{\"@type\":\"ListItem\",\"position\":2,\"name\":\"O Curso\",\"item\":\"https:\\\/\\\/www.odonto.ufmg.br\\\/bucomaxilo\\\/o-curso\\\/\"},{\"@type\":\"ListItem\",\"position\":3,\"name\":\"Corpo Docente\",\"item\":\"https:\\\/\\\/www.odonto.ufmg.br\\\/bucomaxilo\\\/o-curso\\\/corpo-docente\\\/\"},{\"@type\":\"ListItem\",\"position\":4,\"name\":\"Especialistas\"}]},{\"@type\":\"WebSite\",\"@id\":\"https:\\\/\\\/www.odonto.ufmg.br\\\/bucomaxilo\\\/#website\",\"url\":\"https:\\\/\\\/www.odonto.ufmg.br\\\/bucomaxilo\\\/\",\"name\":\"Especializa\u00e7\u00e3o em Cirurgia Buco-Maxilo-Facial\",\"description\":\"S\u00f3 mais um site Faculdade de Odontologia Universidade Federal de Minas Gerais\",\"potentialAction\":[{\"@type\":\"SearchAction\",\"target\":{\"@type\":\"EntryPoint\",\"urlTemplate\":\"https:\\\/\\\/www.odonto.ufmg.br\\\/bucomaxilo\\\/?s={search_term_string}\"},\"query-input\":{\"@type\":\"PropertyValueSpecification\",\"valueRequired\":true,\"valueName\":\"search_term_string\"}}],\"inLanguage\":\"pt-BR\"}]}<\/script>\n<!-- \/ Yoast SEO plugin. -->","yoast_head_json":{"title":"Especialistas - Especializa\u00e7\u00e3o em Cirurgia Buco-Maxilo-Facial","robots":{"index":"index","follow":"follow","max-snippet":"max-snippet:-1","max-image-preview":"max-image-preview:large","max-video-preview":"max-video-preview:-1"},"canonical":"https:\/\/www.odonto.ufmg.br\/bucomaxilo\/o-curso\/corpo-docente\/especialistas\/","og_locale":"pt_BR","og_type":"article","og_title":"Especialistas - Especializa\u00e7\u00e3o em Cirurgia Buco-Maxilo-Facial","og_url":"https:\/\/www.odonto.ufmg.br\/bucomaxilo\/o-curso\/corpo-docente\/especialistas\/","og_site_name":"Especializa\u00e7\u00e3o em Cirurgia Buco-Maxilo-Facial","article_modified_time":"2020-05-20T13:31:55+00:00","twitter_card":"summary_large_image","twitter_misc":{"Est. tempo de leitura":"1 minuto"},"schema":{"@context":"https:\/\/schema.org","@graph":[{"@type":"WebPage","@id":"https:\/\/www.odonto.ufmg.br\/bucomaxilo\/o-curso\/corpo-docente\/especialistas\/","url":"https:\/\/www.odonto.ufmg.br\/bucomaxilo\/o-curso\/corpo-docente\/especialistas\/","name":"Especialistas - Especializa\u00e7\u00e3o em Cirurgia Buco-Maxilo-Facial","isPartOf":{"@id":"https:\/\/www.odonto.ufmg.br\/bucomaxilo\/#website"},"datePublished":"2016-04-23T03:34:12+00:00","dateModified":"2020-05-20T13:31:55+00:00","breadcrumb":{"@id":"https:\/\/www.odonto.ufmg.br\/bucomaxilo\/o-curso\/corpo-docente\/especialistas\/#breadcrumb"},"inLanguage":"pt-BR","potentialAction":[{"@type":"ReadAction","target":["https:\/\/www.odonto.ufmg.br\/bucomaxilo\/o-curso\/corpo-docente\/especialistas\/"]}]},{"@type":"BreadcrumbList","@id":"https:\/\/www.odonto.ufmg.br\/bucomaxilo\/o-curso\/corpo-docente\/especialistas\/#breadcrumb","itemListElement":[{"@type":"ListItem","position":1,"name":"In\u00edcio","item":"https:\/\/www.odonto.ufmg.br\/bucomaxilo\/inicio\/"},{"@type":"ListItem","position":2,"name":"O Curso","item":"https:\/\/www.odonto.ufmg.br\/bucomaxilo\/o-curso\/"},{"@type":"ListItem","position":3,"name":"Corpo Docente","item":"https:\/\/www.odonto.ufmg.br\/bucomaxilo\/o-curso\/corpo-docente\/"},{"@type":"ListItem","position":4,"name":"Especialistas"}]},{"@type":"WebSite","@id":"https:\/\/www.odonto.ufmg.br\/bucomaxilo\/#website","url":"https:\/\/www.odonto.ufmg.br\/bucomaxilo\/","name":"Especializa\u00e7\u00e3o em Cirurgia Buco-Maxilo-Facial","description":"S\u00f3 mais um site Faculdade de Odontologia Universidade Federal de Minas Gerais","potentialAction":[{"@type":"SearchAction","target":{"@type":"EntryPoint","urlTemplate":"https:\/\/www.odonto.ufmg.br\/bucomaxilo\/?s={search_term_string}"},"query-input":{"@type":"PropertyValueSpecification","valueRequired":true,"valueName":"search_term_string"}}],"inLanguage":"pt-BR"}]}},"_links":{"self":[{"href":"https:\/\/www.odonto.ufmg.br\/bucomaxilo\/wp-json\/wp\/v2\/pages\/729","targetHints":{"allow":["GET"]}}],"collection":[{"href":"https:\/\/www.odonto.ufmg.br\/bucomaxilo\/wp-json\/wp\/v2\/pages"}],"about":[{"href":"https:\/\/www.odonto.ufmg.br\/bucomaxilo\/wp-json\/wp\/v2\/types\/page"}],"author":[{"embeddable":true,"href":"https:\/\/www.odonto.ufmg.br\/bucomaxilo\/wp-json\/wp\/v2\/users\/5"}],"replies":[{"embeddable":true,"href":"https:\/\/www.odonto.ufmg.br\/bucomaxilo\/wp-json\/wp\/v2\/comments?post=729"}],"version-history":[{"count":6,"href":"https:\/\/www.odonto.ufmg.br\/bucomaxilo\/wp-json\/wp\/v2\/pages\/729\/revisions"}],"predecessor-version":[{"id":994,"href":"https:\/\/www.odonto.ufmg.br\/bucomaxilo\/wp-json\/wp\/v2\/pages\/729\/revisions\/994"}],"up":[{"embeddable":true,"href":"https:\/\/www.odonto.ufmg.br\/bucomaxilo\/wp-json\/wp\/v2\/pages\/702"}],"wp:attachment":[{"href":"https:\/\/www.odonto.ufmg.br\/bucomaxilo\/wp-json\/wp\/v2\/media?parent=729"}],"curies":[{"name":"wp","href":"https:\/\/api.w.org\/{rel}","templated":true}]}}