{"id":724,"date":"2016-04-23T03:26:25","date_gmt":"2016-04-23T03:26:25","guid":{"rendered":"https:\/\/www.odonto.ufmg.br\/bucomaxilo\/?page_id=724"},"modified":"2020-06-01T14:38:15","modified_gmt":"2020-06-01T14:38:15","slug":"mestres","status":"publish","type":"page","link":"https:\/\/www.odonto.ufmg.br\/bucomaxilo\/o-curso\/corpo-docente\/mestres\/","title":{"rendered":"Mestres"},"content":{"rendered":"<div id='full_slider_1'  class='avia-fullwidth-slider main_color avia-shadow   avia-builder-el-0  el_before_av_layout_row  avia-builder-el-first   container_wrap fullsize'  ><div  class='avia-slideshow av-8kj1g-38df4ec472f79004ee34ba13f0476030 avia-slideshow-featured_large av_slideshow_full avia-fade-slider av-slideshow-ui av-control-minimal av-slideshow-manual av-loop-once av-loop-manual-endless av-default-height-applied   avia-slideshow-1' data-slideshow-options=\"{&quot;animation&quot;:&quot;fade&quot;,&quot;autoplay&quot;:false,&quot;loop_autoplay&quot;:&quot;once&quot;,&quot;interval&quot;:5,&quot;loop_manual&quot;:&quot;manual-endless&quot;,&quot;autoplay_stopper&quot;:false,&quot;noNavigation&quot;:false,&quot;bg_slider&quot;:false,&quot;keep_padding&quot;:false,&quot;hoverpause&quot;:false,&quot;show_slide_delay&quot;:0}\"  itemprop=\"image\" itemscope=\"itemscope\" itemtype=\"https:\/\/schema.org\/ImageObject\" ><ul class='avia-slideshow-inner ' style='padding-bottom: 42%;'><li  class='avia-slideshow-slide av-8kj1g-38df4ec472f79004ee34ba13f0476030__0  av-single-slide slide-1 slide-odd'><div data-rel='slideshow-1' class='avia-slide-wrap '   ><div class='av-slideshow-caption av-8kj1g-38df4ec472f79004ee34ba13f0476030__0 caption_fullwidth caption_bottom'><div class=\"container caption_container\"><div class=\"slideshow_caption\"><div class=\"slideshow_inner_caption\"><div class=\"slideshow_align_caption\"><h2 class='avia-caption-title '  itemprop=\"name\" >Corpo Docente<\/h2><div class='avia-caption-content '  itemprop=\"description\" ><p>Mestres<\/p>\n<\/div><\/div><\/div><\/div><\/div><\/div><img fetchpriority=\"high\" class=\"wp-image-982 avia-img-lazy-loading-not-982\"  src='https:\/\/www.odonto.ufmg.br\/bucomaxilo\/wp-content\/uploads\/sites\/9\/2020\/05\/Cirurgia-103-1500x630.jpg' width='1500' height='630' title='Cirurgia-103' alt=''  itemprop=\"thumbnailUrl\"   \/><\/div><\/li><\/ul><\/div><\/div>\n<div id='av-layout-grid-1'  class='av-layout-grid-container av-1epfu4-ce9b1df151b8f31db736f35b56fc3b53 entry-content-wrapper main_color av-flex-cells  avia-builder-el-1  el_after_av_slideshow_full  el_before_av_layout_row  grid-row-not-first  container_wrap fullsize'  >\n\n<style type=\"text\/css\" data-created_by=\"avia_inline_auto\" id=\"style-css-av-1b3hlg-46e5fc513db83da8561d5ff482112b11\">\n.flex_cell.av-1b3hlg-46e5fc513db83da8561d5ff482112b11{\nvertical-align:top;\n}\n.responsive #top #wrap_all .flex_cell.av-1b3hlg-46e5fc513db83da8561d5ff482112b11{\npadding:30px 30px 30px 30px !important;\n}\n<\/style>\n<div class='flex_cell av-1b3hlg-46e5fc513db83da8561d5ff482112b11 av-gridrow-cell av_one_full no_margin  avia-builder-el-2  avia-builder-el-no-sibling  content-align-top'  ><div class='flex_cell_inner'><section  class='avia-team-member av-134ux8-4f973c82e652e0e3ddd01592f7fe2eb8  avia-builder-el-3  avia-builder-el-no-sibling '  itemscope=\"itemscope\" itemtype=\"https:\/\/schema.org\/Person\" ><div class=\"team-img-container\"><img fetchpriority=\"high\" class='wp-image-866 avia-img-lazy-loading-not-866 avia_image avia_image_team av-team-img-original' src='https:\/\/www.odonto.ufmg.br\/bucomaxilo\/wp-content\/uploads\/sites\/9\/2016\/04\/Prof.-Rodrigo-Ara\u00fajo-296x300.jpg' alt='Rodrigo Coelho '  itemprop=\"image\"   height=\"300\" width=\"296\" \/><div class=\"team-social\"><div class=\"team-social-inner\"><span class='hidden av_member_url_markup '  itemprop=\"url\" >http:\/\/buscatextual.cnpq.br\/buscatextual\/visualizacv.do?id=K4704864P4<\/span><a href='http:\/\/buscatextual.cnpq.br\/buscatextual\/visualizacv.do?id=K4704864P4' class='avia-team-icon av-yr2d8-21e6835e47a7dadff343cc8ff413d9c8 avia-iconfont avia-font-entypo-fontello' rel='v:url' data-avia-tooltip=\"Lattes\" target='_blank' data-av_icon='\ue817' data-av_iconfont='entypo-fontello' ><\/a><\/div><\/div><\/div><h3 class='team-member-name '  itemprop=\"name\" >Rodrigo Coelho <\/h3><div class='team-member-job-title '  itemprop=\"jobTitle\" >Professor<\/div><div class='team-member-description '  itemprop=\"description\" ><p>Descri\u00e7\u00e3o n\u00e3o dispon\u00edvel no momento<\/p>\n<\/div><span class='hidden team-member-affiliation'  itemprop=\"affiliation\" >Especializa\u00e7\u00e3o em Cirurgia Buco-Maxilo-Facial<\/span><\/section>\n<\/div><\/div>\n<\/div>\n<div id='av-layout-grid-2'  class='av-layout-grid-container av-a2fw-e6c9c25de482a4bba066d8aa06575cfd entry-content-wrapper main_color av-flex-cells  avia-builder-el-4  el_after_av_layout_row  avia-builder-el-last  grid-row-not-first  container_wrap fullsize'  >\n\n<style type=\"text\/css\" data-created_by=\"avia_inline_auto\" id=\"style-css-av-jvcvg-59382cbf47865baa56a4ed777f81180e\">\n.flex_cell.av-jvcvg-59382cbf47865baa56a4ed777f81180e{\nvertical-align:top;\n}\n.responsive #top #wrap_all .flex_cell.av-jvcvg-59382cbf47865baa56a4ed777f81180e{\npadding:30px 30px 30px 30px !important;\n}\n<\/style>\n<div class='flex_cell av-jvcvg-59382cbf47865baa56a4ed777f81180e av-gridrow-cell av_one_full no_margin  avia-builder-el-5  avia-builder-el-no-sibling  content-align-top'  ><div class='flex_cell_inner'><section  class='avia-team-member av-f6hec-9c195be4935750cd0f644d14bcd6e575  avia-builder-el-6  avia-builder-el-no-sibling '  itemscope=\"itemscope\" itemtype=\"https:\/\/schema.org\/Person\" ><div class=\"team-img-container\"><img fetchpriority=\"high\" class='wp-image-1133 avia-img-lazy-loading-not-1133 avia_image avia_image_team av-team-img-original' src='https:\/\/www.odonto.ufmg.br\/bucomaxilo\/wp-content\/uploads\/sites\/9\/2020\/06\/prof-marcos-254x300.jpeg' alt='Marcos Lima'  itemprop=\"image\"   height=\"300\" width=\"254\" \/><div class=\"team-social\"><div class=\"team-social-inner\"><span class='hidden av_member_url_markup '  itemprop=\"url\" >http:\/\/buscatextual.cnpq.br\/buscatextual\/visualizacv.do?id=K4704864P4<\/span><a href='http:\/\/buscatextual.cnpq.br\/buscatextual\/visualizacv.do?id=K4704864P4' class='avia-team-icon av-b27fo-b8ccd3e8e69389229b8f2a42e1e04074 avia-iconfont avia-font-entypo-fontello' rel='v:url' data-avia-tooltip=\"Lattes\" target='_blank' data-av_icon='\ue817' data-av_iconfont='entypo-fontello' ><\/a><\/div><\/div><\/div><h3 class='team-member-name '  itemprop=\"name\" >Marcos Lima<\/h3><div class='team-member-job-title '  itemprop=\"jobTitle\" >Professor<\/div><div class='team-member-description '  itemprop=\"description\" ><p>Gradua\u00e7\u00e3o pela Escola de Odontologia da UFMG<br \/>\nMestrado em Cl\u00ednicas Odontol\u00f3gicas (Pr\u00f3tese Dentaria) PUC - Minas<br \/>\nP\u00f3s gradua\u00e7\u00e3o em Implantodontia UFMG<\/p>\n<\/div><span class='hidden team-member-affiliation'  itemprop=\"affiliation\" >Especializa\u00e7\u00e3o em Cirurgia Buco-Maxilo-Facial<\/span><\/section>\n<\/div><\/div><\/div>\n","protected":false},"excerpt":{"rendered":"","protected":false},"author":5,"featured_media":0,"parent":702,"menu_order":0,"comment_status":"closed","ping_status":"closed","template":"","meta":{"inline_featured_image":false,"footnotes":""},"class_list":["post-724","page","type-page","status-publish","hentry"],"yoast_head":"<!-- This site is optimized with the Yoast SEO plugin v27.5 - https:\/\/yoast.com\/product\/yoast-seo-wordpress\/ -->\n<title>Mestres - Especializa\u00e7\u00e3o em Cirurgia Buco-Maxilo-Facial<\/title>\n<meta name=\"robots\" content=\"index, follow, max-snippet:-1, max-image-preview:large, max-video-preview:-1\" \/>\n<link rel=\"canonical\" href=\"https:\/\/www.odonto.ufmg.br\/bucomaxilo\/o-curso\/corpo-docente\/mestres\/\" \/>\n<meta property=\"og:locale\" content=\"pt_BR\" \/>\n<meta property=\"og:type\" content=\"article\" \/>\n<meta property=\"og:title\" content=\"Mestres - Especializa\u00e7\u00e3o em Cirurgia Buco-Maxilo-Facial\" \/>\n<meta property=\"og:url\" content=\"https:\/\/www.odonto.ufmg.br\/bucomaxilo\/o-curso\/corpo-docente\/mestres\/\" \/>\n<meta property=\"og:site_name\" content=\"Especializa\u00e7\u00e3o em Cirurgia Buco-Maxilo-Facial\" \/>\n<meta property=\"article:modified_time\" content=\"2020-06-01T14:38:15+00:00\" \/>\n<meta name=\"twitter:card\" content=\"summary_large_image\" \/>\n<meta name=\"twitter:label1\" content=\"Est. tempo de leitura\" \/>\n\t<meta name=\"twitter:data1\" content=\"2 minutos\" \/>\n<script type=\"application\/ld+json\" class=\"yoast-schema-graph\">{\"@context\":\"https:\\\/\\\/schema.org\",\"@graph\":[{\"@type\":\"WebPage\",\"@id\":\"https:\\\/\\\/www.odonto.ufmg.br\\\/bucomaxilo\\\/o-curso\\\/corpo-docente\\\/mestres\\\/\",\"url\":\"https:\\\/\\\/www.odonto.ufmg.br\\\/bucomaxilo\\\/o-curso\\\/corpo-docente\\\/mestres\\\/\",\"name\":\"Mestres - Especializa\u00e7\u00e3o em Cirurgia Buco-Maxilo-Facial\",\"isPartOf\":{\"@id\":\"https:\\\/\\\/www.odonto.ufmg.br\\\/bucomaxilo\\\/#website\"},\"datePublished\":\"2016-04-23T03:26:25+00:00\",\"dateModified\":\"2020-06-01T14:38:15+00:00\",\"breadcrumb\":{\"@id\":\"https:\\\/\\\/www.odonto.ufmg.br\\\/bucomaxilo\\\/o-curso\\\/corpo-docente\\\/mestres\\\/#breadcrumb\"},\"inLanguage\":\"pt-BR\",\"potentialAction\":[{\"@type\":\"ReadAction\",\"target\":[\"https:\\\/\\\/www.odonto.ufmg.br\\\/bucomaxilo\\\/o-curso\\\/corpo-docente\\\/mestres\\\/\"]}]},{\"@type\":\"BreadcrumbList\",\"@id\":\"https:\\\/\\\/www.odonto.ufmg.br\\\/bucomaxilo\\\/o-curso\\\/corpo-docente\\\/mestres\\\/#breadcrumb\",\"itemListElement\":[{\"@type\":\"ListItem\",\"position\":1,\"name\":\"In\u00edcio\",\"item\":\"https:\\\/\\\/www.odonto.ufmg.br\\\/bucomaxilo\\\/inicio\\\/\"},{\"@type\":\"ListItem\",\"position\":2,\"name\":\"O Curso\",\"item\":\"https:\\\/\\\/www.odonto.ufmg.br\\\/bucomaxilo\\\/o-curso\\\/\"},{\"@type\":\"ListItem\",\"position\":3,\"name\":\"Corpo Docente\",\"item\":\"https:\\\/\\\/www.odonto.ufmg.br\\\/bucomaxilo\\\/o-curso\\\/corpo-docente\\\/\"},{\"@type\":\"ListItem\",\"position\":4,\"name\":\"Mestres\"}]},{\"@type\":\"WebSite\",\"@id\":\"https:\\\/\\\/www.odonto.ufmg.br\\\/bucomaxilo\\\/#website\",\"url\":\"https:\\\/\\\/www.odonto.ufmg.br\\\/bucomaxilo\\\/\",\"name\":\"Especializa\u00e7\u00e3o em Cirurgia Buco-Maxilo-Facial\",\"description\":\"S\u00f3 mais um site Faculdade de Odontologia Universidade Federal de Minas Gerais\",\"potentialAction\":[{\"@type\":\"SearchAction\",\"target\":{\"@type\":\"EntryPoint\",\"urlTemplate\":\"https:\\\/\\\/www.odonto.ufmg.br\\\/bucomaxilo\\\/?s={search_term_string}\"},\"query-input\":{\"@type\":\"PropertyValueSpecification\",\"valueRequired\":true,\"valueName\":\"search_term_string\"}}],\"inLanguage\":\"pt-BR\"}]}<\/script>\n<!-- \/ Yoast SEO plugin. -->","yoast_head_json":{"title":"Mestres - Especializa\u00e7\u00e3o em Cirurgia Buco-Maxilo-Facial","robots":{"index":"index","follow":"follow","max-snippet":"max-snippet:-1","max-image-preview":"max-image-preview:large","max-video-preview":"max-video-preview:-1"},"canonical":"https:\/\/www.odonto.ufmg.br\/bucomaxilo\/o-curso\/corpo-docente\/mestres\/","og_locale":"pt_BR","og_type":"article","og_title":"Mestres - Especializa\u00e7\u00e3o em Cirurgia Buco-Maxilo-Facial","og_url":"https:\/\/www.odonto.ufmg.br\/bucomaxilo\/o-curso\/corpo-docente\/mestres\/","og_site_name":"Especializa\u00e7\u00e3o em Cirurgia Buco-Maxilo-Facial","article_modified_time":"2020-06-01T14:38:15+00:00","twitter_card":"summary_large_image","twitter_misc":{"Est. tempo de leitura":"2 minutos"},"schema":{"@context":"https:\/\/schema.org","@graph":[{"@type":"WebPage","@id":"https:\/\/www.odonto.ufmg.br\/bucomaxilo\/o-curso\/corpo-docente\/mestres\/","url":"https:\/\/www.odonto.ufmg.br\/bucomaxilo\/o-curso\/corpo-docente\/mestres\/","name":"Mestres - Especializa\u00e7\u00e3o em Cirurgia Buco-Maxilo-Facial","isPartOf":{"@id":"https:\/\/www.odonto.ufmg.br\/bucomaxilo\/#website"},"datePublished":"2016-04-23T03:26:25+00:00","dateModified":"2020-06-01T14:38:15+00:00","breadcrumb":{"@id":"https:\/\/www.odonto.ufmg.br\/bucomaxilo\/o-curso\/corpo-docente\/mestres\/#breadcrumb"},"inLanguage":"pt-BR","potentialAction":[{"@type":"ReadAction","target":["https:\/\/www.odonto.ufmg.br\/bucomaxilo\/o-curso\/corpo-docente\/mestres\/"]}]},{"@type":"BreadcrumbList","@id":"https:\/\/www.odonto.ufmg.br\/bucomaxilo\/o-curso\/corpo-docente\/mestres\/#breadcrumb","itemListElement":[{"@type":"ListItem","position":1,"name":"In\u00edcio","item":"https:\/\/www.odonto.ufmg.br\/bucomaxilo\/inicio\/"},{"@type":"ListItem","position":2,"name":"O Curso","item":"https:\/\/www.odonto.ufmg.br\/bucomaxilo\/o-curso\/"},{"@type":"ListItem","position":3,"name":"Corpo Docente","item":"https:\/\/www.odonto.ufmg.br\/bucomaxilo\/o-curso\/corpo-docente\/"},{"@type":"ListItem","position":4,"name":"Mestres"}]},{"@type":"WebSite","@id":"https:\/\/www.odonto.ufmg.br\/bucomaxilo\/#website","url":"https:\/\/www.odonto.ufmg.br\/bucomaxilo\/","name":"Especializa\u00e7\u00e3o em Cirurgia Buco-Maxilo-Facial","description":"S\u00f3 mais um site Faculdade de Odontologia Universidade Federal de Minas Gerais","potentialAction":[{"@type":"SearchAction","target":{"@type":"EntryPoint","urlTemplate":"https:\/\/www.odonto.ufmg.br\/bucomaxilo\/?s={search_term_string}"},"query-input":{"@type":"PropertyValueSpecification","valueRequired":true,"valueName":"search_term_string"}}],"inLanguage":"pt-BR"}]}},"_links":{"self":[{"href":"https:\/\/www.odonto.ufmg.br\/bucomaxilo\/wp-json\/wp\/v2\/pages\/724","targetHints":{"allow":["GET"]}}],"collection":[{"href":"https:\/\/www.odonto.ufmg.br\/bucomaxilo\/wp-json\/wp\/v2\/pages"}],"about":[{"href":"https:\/\/www.odonto.ufmg.br\/bucomaxilo\/wp-json\/wp\/v2\/types\/page"}],"author":[{"embeddable":true,"href":"https:\/\/www.odonto.ufmg.br\/bucomaxilo\/wp-json\/wp\/v2\/users\/5"}],"replies":[{"embeddable":true,"href":"https:\/\/www.odonto.ufmg.br\/bucomaxilo\/wp-json\/wp\/v2\/comments?post=724"}],"version-history":[{"count":11,"href":"https:\/\/www.odonto.ufmg.br\/bucomaxilo\/wp-json\/wp\/v2\/pages\/724\/revisions"}],"predecessor-version":[{"id":1132,"href":"https:\/\/www.odonto.ufmg.br\/bucomaxilo\/wp-json\/wp\/v2\/pages\/724\/revisions\/1132"}],"up":[{"embeddable":true,"href":"https:\/\/www.odonto.ufmg.br\/bucomaxilo\/wp-json\/wp\/v2\/pages\/702"}],"wp:attachment":[{"href":"https:\/\/www.odonto.ufmg.br\/bucomaxilo\/wp-json\/wp\/v2\/media?parent=724"}],"curies":[{"name":"wp","href":"https:\/\/api.w.org\/{rel}","templated":true}]}}