{"id":615,"date":"2016-04-19T02:45:51","date_gmt":"2016-04-19T02:45:51","guid":{"rendered":"https:\/\/www.odonto.ufmg.br\/bucomaxilo\/?page_id=615"},"modified":"2020-05-19T02:47:29","modified_gmt":"2020-05-19T02:47:29","slug":"o-curso","status":"publish","type":"page","link":"https:\/\/www.odonto.ufmg.br\/bucomaxilo\/o-curso\/","title":{"rendered":"O Curso"},"content":{"rendered":"\n<style type=\"text\/css\" data-created_by=\"avia_inline_auto\" id=\"style-css-av-kadbh8uo-b3a2f95c2da89daf3ea673a59f756f6b\">\n.avia-section.av-kadbh8uo-b3a2f95c2da89daf3ea673a59f756f6b{\nbackground-color:#f7f7f7;\nbackground-image:unset;\n}\n<\/style>\n<div id='av_section_1'  class='avia-section av-kadbh8uo-b3a2f95c2da89daf3ea673a59f756f6b main_color avia-section-default avia-no-border-styling  avia-builder-el-0  avia-builder-el-no-sibling  avia-bg-style-scroll container_wrap fullsize'  ><div class='container av-section-cont-open' ><main  role=\"main\" itemprop=\"mainContentOfPage\"  class='template-page content  av-content-full alpha units'><div class='post-entry post-entry-type-page post-entry-615'><div class='entry-content-wrapper clearfix'>\n\n<style type=\"text\/css\" data-created_by=\"avia_inline_auto\" id=\"style-css-av-kad7q30t-02a2583ffb52a0084e30fdf44eed4f01\">\n.flex_column.av-kad7q30t-02a2583ffb52a0084e30fdf44eed4f01{\nborder-radius:0px 0px 0px 0px;\npadding:0px 0px 0px 0px;\n}\n<\/style>\n<div  class='flex_column av-kad7q30t-02a2583ffb52a0084e30fdf44eed4f01 av_one_half  avia-builder-el-1  el_before_av_one_half  avia-builder-el-first  first flex_column_div av-animated-generic left-to-right av-zero-column-padding  '     ><p>\n<style type=\"text\/css\" data-created_by=\"avia_inline_auto\" id=\"style-css-av-av_heading-b523c498b3b6b7c6c20c3710e2f6c649\">\n#top .av-special-heading.av-av_heading-b523c498b3b6b7c6c20c3710e2f6c649{\npadding-bottom:10px;\n}\nbody .av-special-heading.av-av_heading-b523c498b3b6b7c6c20c3710e2f6c649 .av-special-heading-tag .heading-char{\nfont-size:25px;\n}\n.av-special-heading.av-av_heading-b523c498b3b6b7c6c20c3710e2f6c649 .av-subheading{\nfont-size:15px;\n}\n<\/style>\n<div  class='av-special-heading av-av_heading-b523c498b3b6b7c6c20c3710e2f6c649 av-special-heading-h3 blockquote modern-quote modern-centered  avia-builder-el-2  el_before_av_image  avia-builder-el-first  av-linked-heading'><h3 class='av-special-heading-tag '  itemprop=\"headline\"  ><a class=\"av-heading-link\" href=\"https:\/\/www.odonto.ufmg.br\/bucomaxilo\/apresentacao\/\" >Apresenta\u00e7\u00e3o<\/a><\/h3><div class=\"special-heading-border\"><div class=\"special-heading-inner-border\"><\/div><\/div><\/div><br \/>\n\n<style type=\"text\/css\" data-created_by=\"avia_inline_auto\" id=\"style-css-av-kad85j1l-bb82c3cf974bf0fd3f28f15a147e7535\">\n.avia-image-container.av-kad85j1l-bb82c3cf974bf0fd3f28f15a147e7535 img.avia_image{\nbox-shadow:none;\n}\n.avia-image-container.av-kad85j1l-bb82c3cf974bf0fd3f28f15a147e7535 .av-image-caption-overlay-center{\ncolor:#ffffff;\n}\n<\/style>\n<div  class='avia-image-container av-kad85j1l-bb82c3cf974bf0fd3f28f15a147e7535 av-styling- av-img-linked avia-align-center  avia-builder-el-3  el_after_av_heading  avia-builder-el-last '   itemprop=\"image\" itemscope=\"itemscope\" itemtype=\"https:\/\/schema.org\/ImageObject\" ><div class=\"avia-image-container-inner\"><div class=\"avia-image-overlay-wrap\"><a href=\"https:\/\/www.odonto.ufmg.br\/bucomaxilo\/apresentacao\/\" class='avia_image '  aria-label='Cirurgia-231'><img fetchpriority=\"high\" class='wp-image-966 avia-img-lazy-loading-not-966 avia_image ' src='https:\/\/www.odonto.ufmg.br\/bucomaxilo\/wp-content\/uploads\/sites\/9\/2020\/05\/Cirurgia-231-1030x687.jpg' alt='' title='Cirurgia-231'  height=\"687\" width=\"1030\"  itemprop=\"thumbnailUrl\"  \/><\/a><\/div><\/div><\/div><\/p><\/div>\n<style type=\"text\/css\" data-created_by=\"avia_inline_auto\" id=\"style-css-av-kad7q30t-5f815f7cda22d59b8a3e86b531f93fa8\">\n.flex_column.av-kad7q30t-5f815f7cda22d59b8a3e86b531f93fa8{\nborder-radius:0px 0px 0px 0px;\npadding:0px 0px 0px 0px;\n}\n<\/style>\n<div  class='flex_column av-kad7q30t-5f815f7cda22d59b8a3e86b531f93fa8 av_one_half  avia-builder-el-4  el_after_av_one_half  el_before_av_one_half  flex_column_div av-animated-generic left-to-right av-zero-column-padding  '     ><p>\n<style type=\"text\/css\" data-created_by=\"avia_inline_auto\" id=\"style-css-av-av_heading-67048d8170119f02a4daea49cd6c2898\">\n#top .av-special-heading.av-av_heading-67048d8170119f02a4daea49cd6c2898{\npadding-bottom:10px;\n}\nbody .av-special-heading.av-av_heading-67048d8170119f02a4daea49cd6c2898 .av-special-heading-tag .heading-char{\nfont-size:25px;\n}\n.av-special-heading.av-av_heading-67048d8170119f02a4daea49cd6c2898 .av-subheading{\nfont-size:15px;\n}\n<\/style>\n<div  class='av-special-heading av-av_heading-67048d8170119f02a4daea49cd6c2898 av-special-heading-h3 blockquote modern-quote modern-centered  avia-builder-el-5  el_before_av_image  avia-builder-el-first  av-linked-heading'><h3 class='av-special-heading-tag '  itemprop=\"headline\"  ><a class=\"av-heading-link\" href=\"https:\/\/www.odonto.ufmg.br\/bucomaxilo\/o-curso\/estrutura-didatica\/\" >Estrutura did\u00e1tica<\/a><\/h3><div class=\"special-heading-border\"><div class=\"special-heading-inner-border\"><\/div><\/div><\/div><br \/>\n\n<style type=\"text\/css\" data-created_by=\"avia_inline_auto\" id=\"style-css-av-kad83ont-e505b90dfb83681650adc10f7bc99c27\">\n.avia-image-container.av-kad83ont-e505b90dfb83681650adc10f7bc99c27 img.avia_image{\nbox-shadow:none;\n}\n.avia-image-container.av-kad83ont-e505b90dfb83681650adc10f7bc99c27 .av-image-caption-overlay-center{\ncolor:#ffffff;\n}\n<\/style>\n<div  class='avia-image-container av-kad83ont-e505b90dfb83681650adc10f7bc99c27 av-styling- av-img-linked avia-align-center  avia-builder-el-6  el_after_av_heading  avia-builder-el-last '   itemprop=\"image\" itemscope=\"itemscope\" itemtype=\"https:\/\/schema.org\/ImageObject\" ><div class=\"avia-image-container-inner\"><div class=\"avia-image-overlay-wrap\"><a href=\"https:\/\/www.odonto.ufmg.br\/bucomaxilo\/o-curso\/estrutura-didatica\/\" class='avia_image '  aria-label='Cirurgia-197'><img fetchpriority=\"high\" class='wp-image-967 avia-img-lazy-loading-not-967 avia_image ' src='https:\/\/www.odonto.ufmg.br\/bucomaxilo\/wp-content\/uploads\/sites\/9\/2020\/05\/Cirurgia-197-1030x687.jpg' alt='' title='Cirurgia-197'  height=\"687\" width=\"1030\"  itemprop=\"thumbnailUrl\"  \/><\/a><\/div><\/div><\/div><\/p><\/div>\n<style type=\"text\/css\" data-created_by=\"avia_inline_auto\" id=\"style-css-av-kad7qc79-bfd0a41a847368b9f19270d98148f7ee\">\n.flex_column.av-kad7qc79-bfd0a41a847368b9f19270d98148f7ee{\nborder-radius:0px 0px 0px 0px;\npadding:0px 0px 0px 0px;\n}\n<\/style>\n<div  class='flex_column av-kad7qc79-bfd0a41a847368b9f19270d98148f7ee av_one_half  avia-builder-el-7  el_after_av_one_half  el_before_av_one_half  first flex_column_div av-animated-generic left-to-right av-zero-column-padding  column-top-margin'     ><p>\n<style type=\"text\/css\" data-created_by=\"avia_inline_auto\" id=\"style-css-av-av_heading-664376c1beb65fab0f22fc57252b9348\">\n#top .av-special-heading.av-av_heading-664376c1beb65fab0f22fc57252b9348{\npadding-bottom:10px;\n}\nbody .av-special-heading.av-av_heading-664376c1beb65fab0f22fc57252b9348 .av-special-heading-tag .heading-char{\nfont-size:25px;\n}\n.av-special-heading.av-av_heading-664376c1beb65fab0f22fc57252b9348 .av-subheading{\nfont-size:15px;\n}\n<\/style>\n<div  class='av-special-heading av-av_heading-664376c1beb65fab0f22fc57252b9348 av-special-heading-h3 blockquote modern-quote modern-centered  avia-builder-el-8  el_before_av_image  avia-builder-el-first  av-linked-heading'><h3 class='av-special-heading-tag '  itemprop=\"headline\"  ><a class=\"av-heading-link\" href=\"https:\/\/www.odonto.ufmg.br\/bucomaxilo\/o-curso\/estrutura-fisica\/\" >Estrutura f\u00edsica<\/a><\/h3><div class=\"special-heading-border\"><div class=\"special-heading-inner-border\"><\/div><\/div><\/div><br \/>\n\n<style type=\"text\/css\" data-created_by=\"avia_inline_auto\" id=\"style-css-av-kad85j1l-0fc166b45f94ba73ba6b41562d8870bb\">\n.avia-image-container.av-kad85j1l-0fc166b45f94ba73ba6b41562d8870bb img.avia_image{\nbox-shadow:none;\n}\n.avia-image-container.av-kad85j1l-0fc166b45f94ba73ba6b41562d8870bb .av-image-caption-overlay-center{\ncolor:#ffffff;\n}\n<\/style>\n<div  class='avia-image-container av-kad85j1l-0fc166b45f94ba73ba6b41562d8870bb av-styling- av-img-linked avia-align-center  avia-builder-el-9  el_after_av_heading  avia-builder-el-last '   itemprop=\"image\" itemscope=\"itemscope\" itemtype=\"https:\/\/schema.org\/ImageObject\" ><div class=\"avia-image-container-inner\"><div class=\"avia-image-overlay-wrap\"><a href=\"https:\/\/www.odonto.ufmg.br\/bucomaxilo\/o-curso\/estrutura-fisica\/\" class='avia_image '  aria-label='Cirurgia-83'><img fetchpriority=\"high\" class='wp-image-969 avia-img-lazy-loading-not-969 avia_image ' src='https:\/\/www.odonto.ufmg.br\/bucomaxilo\/wp-content\/uploads\/sites\/9\/2020\/05\/Cirurgia-83-1030x687.jpg' alt='' title='Cirurgia-83'  height=\"687\" width=\"1030\"  itemprop=\"thumbnailUrl\"  \/><\/a><\/div><\/div><\/div><\/p><\/div>\n<style type=\"text\/css\" data-created_by=\"avia_inline_auto\" id=\"style-css-av-kad7qc79-810b726efc06a587f4652c60e3b5b90c\">\n.flex_column.av-kad7qc79-810b726efc06a587f4652c60e3b5b90c{\nborder-radius:0px 0px 0px 0px;\npadding:0px 0px 0px 0px;\n}\n<\/style>\n<div  class='flex_column av-kad7qc79-810b726efc06a587f4652c60e3b5b90c av_one_half  avia-builder-el-10  el_after_av_one_half  avia-builder-el-last  flex_column_div av-animated-generic left-to-right av-zero-column-padding  column-top-margin'     ><p>\n<style type=\"text\/css\" data-created_by=\"avia_inline_auto\" id=\"style-css-av-av_heading-489302dec3c3bf89df49eb7e0d4098c3\">\n#top .av-special-heading.av-av_heading-489302dec3c3bf89df49eb7e0d4098c3{\npadding-bottom:10px;\n}\nbody .av-special-heading.av-av_heading-489302dec3c3bf89df49eb7e0d4098c3 .av-special-heading-tag .heading-char{\nfont-size:25px;\n}\n.av-special-heading.av-av_heading-489302dec3c3bf89df49eb7e0d4098c3 .av-subheading{\nfont-size:15px;\n}\n<\/style>\n<div  class='av-special-heading av-av_heading-489302dec3c3bf89df49eb7e0d4098c3 av-special-heading-h3 blockquote modern-quote modern-centered  avia-builder-el-11  el_before_av_image  avia-builder-el-first  av-linked-heading'><h3 class='av-special-heading-tag '  itemprop=\"headline\"  ><a class=\"av-heading-link\" href=\"https:\/\/www.odonto.ufmg.br\/bucomaxilo\/o-curso\/estrutura-fisica\/\" >Estat\u00edsticas <\/a><\/h3><div class=\"special-heading-border\"><div class=\"special-heading-inner-border\"><\/div><\/div><\/div><br \/>\n\n<style type=\"text\/css\" data-created_by=\"avia_inline_auto\" id=\"style-css-av-kad83ont-481478858c975a5b868e464ef861844f\">\n.avia-image-container.av-kad83ont-481478858c975a5b868e464ef861844f img.avia_image{\nbox-shadow:none;\n}\n.avia-image-container.av-kad83ont-481478858c975a5b868e464ef861844f .av-image-caption-overlay-center{\ncolor:#ffffff;\n}\n<\/style>\n<div  class='avia-image-container av-kad83ont-481478858c975a5b868e464ef861844f av-styling- av-img-linked avia-align-center  avia-builder-el-12  el_after_av_heading  avia-builder-el-last '   itemprop=\"image\" itemscope=\"itemscope\" itemtype=\"https:\/\/schema.org\/ImageObject\" ><div class=\"avia-image-container-inner\"><div class=\"avia-image-overlay-wrap\"><a href=\"https:\/\/www.odonto.ufmg.br\/bucomaxilo\/o-curso\/estatisticas\/\" class='avia_image '  aria-label='estatisticas'><img fetchpriority=\"high\" class='wp-image-968 avia-img-lazy-loading-not-968 avia_image ' src='https:\/\/www.odonto.ufmg.br\/bucomaxilo\/wp-content\/uploads\/sites\/9\/2020\/05\/estatisticas.png' alt='' title='estatisticas'  height=\"687\" width=\"1030\"  itemprop=\"thumbnailUrl\"  \/><\/a><\/div><\/div><\/div><\/p><\/div>\n","protected":false},"excerpt":{"rendered":"","protected":false},"author":5,"featured_media":0,"parent":0,"menu_order":0,"comment_status":"closed","ping_status":"closed","template":"","meta":{"inline_featured_image":false,"footnotes":""},"class_list":["post-615","page","type-page","status-publish","hentry"],"yoast_head":"<!-- This site is optimized with the Yoast SEO plugin v27.3 - https:\/\/yoast.com\/product\/yoast-seo-wordpress\/ -->\n<title>O Curso - Especializa\u00e7\u00e3o em Cirurgia Buco-Maxilo-Facial<\/title>\n<meta name=\"robots\" content=\"index, follow, max-snippet:-1, max-image-preview:large, max-video-preview:-1\" \/>\n<link rel=\"canonical\" href=\"https:\/\/www.odonto.ufmg.br\/bucomaxilo\/o-curso\/\" \/>\n<meta property=\"og:locale\" content=\"pt_BR\" \/>\n<meta property=\"og:type\" content=\"article\" \/>\n<meta property=\"og:title\" content=\"O Curso - Especializa\u00e7\u00e3o em Cirurgia Buco-Maxilo-Facial\" \/>\n<meta property=\"og:url\" content=\"https:\/\/www.odonto.ufmg.br\/bucomaxilo\/o-curso\/\" \/>\n<meta property=\"og:site_name\" content=\"Especializa\u00e7\u00e3o em Cirurgia Buco-Maxilo-Facial\" \/>\n<meta property=\"article:modified_time\" content=\"2020-05-19T02:47:29+00:00\" \/>\n<meta name=\"twitter:card\" content=\"summary_large_image\" \/>\n<meta name=\"twitter:label1\" content=\"Est. tempo de leitura\" \/>\n\t<meta name=\"twitter:data1\" content=\"6 minutos\" \/>\n<script type=\"application\/ld+json\" class=\"yoast-schema-graph\">{\"@context\":\"https:\\\/\\\/schema.org\",\"@graph\":[{\"@type\":\"WebPage\",\"@id\":\"https:\\\/\\\/www.odonto.ufmg.br\\\/bucomaxilo\\\/o-curso\\\/\",\"url\":\"https:\\\/\\\/www.odonto.ufmg.br\\\/bucomaxilo\\\/o-curso\\\/\",\"name\":\"O Curso - Especializa\u00e7\u00e3o em Cirurgia Buco-Maxilo-Facial\",\"isPartOf\":{\"@id\":\"https:\\\/\\\/www.odonto.ufmg.br\\\/bucomaxilo\\\/#website\"},\"datePublished\":\"2016-04-19T02:45:51+00:00\",\"dateModified\":\"2020-05-19T02:47:29+00:00\",\"breadcrumb\":{\"@id\":\"https:\\\/\\\/www.odonto.ufmg.br\\\/bucomaxilo\\\/o-curso\\\/#breadcrumb\"},\"inLanguage\":\"pt-BR\",\"potentialAction\":[{\"@type\":\"ReadAction\",\"target\":[\"https:\\\/\\\/www.odonto.ufmg.br\\\/bucomaxilo\\\/o-curso\\\/\"]}]},{\"@type\":\"BreadcrumbList\",\"@id\":\"https:\\\/\\\/www.odonto.ufmg.br\\\/bucomaxilo\\\/o-curso\\\/#breadcrumb\",\"itemListElement\":[{\"@type\":\"ListItem\",\"position\":1,\"name\":\"In\u00edcio\",\"item\":\"https:\\\/\\\/www.odonto.ufmg.br\\\/bucomaxilo\\\/inicio\\\/\"},{\"@type\":\"ListItem\",\"position\":2,\"name\":\"O Curso\"}]},{\"@type\":\"WebSite\",\"@id\":\"https:\\\/\\\/www.odonto.ufmg.br\\\/bucomaxilo\\\/#website\",\"url\":\"https:\\\/\\\/www.odonto.ufmg.br\\\/bucomaxilo\\\/\",\"name\":\"Especializa\u00e7\u00e3o em Cirurgia Buco-Maxilo-Facial\",\"description\":\"S\u00f3 mais um site Faculdade de Odontologia Universidade Federal de Minas Gerais\",\"potentialAction\":[{\"@type\":\"SearchAction\",\"target\":{\"@type\":\"EntryPoint\",\"urlTemplate\":\"https:\\\/\\\/www.odonto.ufmg.br\\\/bucomaxilo\\\/?s={search_term_string}\"},\"query-input\":{\"@type\":\"PropertyValueSpecification\",\"valueRequired\":true,\"valueName\":\"search_term_string\"}}],\"inLanguage\":\"pt-BR\"}]}<\/script>\n<!-- \/ Yoast SEO plugin. -->","yoast_head_json":{"title":"O Curso - Especializa\u00e7\u00e3o em Cirurgia Buco-Maxilo-Facial","robots":{"index":"index","follow":"follow","max-snippet":"max-snippet:-1","max-image-preview":"max-image-preview:large","max-video-preview":"max-video-preview:-1"},"canonical":"https:\/\/www.odonto.ufmg.br\/bucomaxilo\/o-curso\/","og_locale":"pt_BR","og_type":"article","og_title":"O Curso - Especializa\u00e7\u00e3o em Cirurgia Buco-Maxilo-Facial","og_url":"https:\/\/www.odonto.ufmg.br\/bucomaxilo\/o-curso\/","og_site_name":"Especializa\u00e7\u00e3o em Cirurgia Buco-Maxilo-Facial","article_modified_time":"2020-05-19T02:47:29+00:00","twitter_card":"summary_large_image","twitter_misc":{"Est. tempo de leitura":"6 minutos"},"schema":{"@context":"https:\/\/schema.org","@graph":[{"@type":"WebPage","@id":"https:\/\/www.odonto.ufmg.br\/bucomaxilo\/o-curso\/","url":"https:\/\/www.odonto.ufmg.br\/bucomaxilo\/o-curso\/","name":"O Curso - Especializa\u00e7\u00e3o em Cirurgia Buco-Maxilo-Facial","isPartOf":{"@id":"https:\/\/www.odonto.ufmg.br\/bucomaxilo\/#website"},"datePublished":"2016-04-19T02:45:51+00:00","dateModified":"2020-05-19T02:47:29+00:00","breadcrumb":{"@id":"https:\/\/www.odonto.ufmg.br\/bucomaxilo\/o-curso\/#breadcrumb"},"inLanguage":"pt-BR","potentialAction":[{"@type":"ReadAction","target":["https:\/\/www.odonto.ufmg.br\/bucomaxilo\/o-curso\/"]}]},{"@type":"BreadcrumbList","@id":"https:\/\/www.odonto.ufmg.br\/bucomaxilo\/o-curso\/#breadcrumb","itemListElement":[{"@type":"ListItem","position":1,"name":"In\u00edcio","item":"https:\/\/www.odonto.ufmg.br\/bucomaxilo\/inicio\/"},{"@type":"ListItem","position":2,"name":"O Curso"}]},{"@type":"WebSite","@id":"https:\/\/www.odonto.ufmg.br\/bucomaxilo\/#website","url":"https:\/\/www.odonto.ufmg.br\/bucomaxilo\/","name":"Especializa\u00e7\u00e3o em Cirurgia Buco-Maxilo-Facial","description":"S\u00f3 mais um site Faculdade de Odontologia Universidade Federal de Minas Gerais","potentialAction":[{"@type":"SearchAction","target":{"@type":"EntryPoint","urlTemplate":"https:\/\/www.odonto.ufmg.br\/bucomaxilo\/?s={search_term_string}"},"query-input":{"@type":"PropertyValueSpecification","valueRequired":true,"valueName":"search_term_string"}}],"inLanguage":"pt-BR"}]}},"_links":{"self":[{"href":"https:\/\/www.odonto.ufmg.br\/bucomaxilo\/wp-json\/wp\/v2\/pages\/615","targetHints":{"allow":["GET"]}}],"collection":[{"href":"https:\/\/www.odonto.ufmg.br\/bucomaxilo\/wp-json\/wp\/v2\/pages"}],"about":[{"href":"https:\/\/www.odonto.ufmg.br\/bucomaxilo\/wp-json\/wp\/v2\/types\/page"}],"author":[{"embeddable":true,"href":"https:\/\/www.odonto.ufmg.br\/bucomaxilo\/wp-json\/wp\/v2\/users\/5"}],"replies":[{"embeddable":true,"href":"https:\/\/www.odonto.ufmg.br\/bucomaxilo\/wp-json\/wp\/v2\/comments?post=615"}],"version-history":[{"count":5,"href":"https:\/\/www.odonto.ufmg.br\/bucomaxilo\/wp-json\/wp\/v2\/pages\/615\/revisions"}],"predecessor-version":[{"id":965,"href":"https:\/\/www.odonto.ufmg.br\/bucomaxilo\/wp-json\/wp\/v2\/pages\/615\/revisions\/965"}],"wp:attachment":[{"href":"https:\/\/www.odonto.ufmg.br\/bucomaxilo\/wp-json\/wp\/v2\/media?parent=615"}],"curies":[{"name":"wp","href":"https:\/\/api.w.org\/{rel}","templated":true}]}}