{"id":23,"date":"2014-09-26T17:23:42","date_gmt":"2014-09-26T17:23:42","guid":{"rendered":"http:\/\/192.168.1.104\/enfold-photography\/?page_id=23"},"modified":"2020-05-21T04:15:39","modified_gmt":"2020-05-21T04:15:39","slug":"contato","status":"publish","type":"page","link":"https:\/\/www.odonto.ufmg.br\/bucomaxilo\/contato\/","title":{"rendered":"Contato"},"content":{"rendered":"\n<style type=\"text\/css\" data-created_by=\"avia_inline_auto\" id=\"style-css-av-4dsq7-c002a40866d9d507c3960a32726108c2\">\n.flex_column.av-4dsq7-c002a40866d9d507c3960a32726108c2{\nborder-radius:0px 0px 0px 0px;\npadding:0px 0px 0px 0px;\n}\n<\/style>\n<div  class='flex_column av-4dsq7-c002a40866d9d507c3960a32726108c2 av_one_full  avia-builder-el-0  el_before_av_layout_row  avia-builder-el-no-sibling  first flex_column_div av-zero-column-padding  '     ><p>\n<style type=\"text\/css\" data-created_by=\"avia_inline_auto\" id=\"style-css-av-av_heading-a62cff487b01e42ae2a094fe04ff890a\">\n#top .av-special-heading.av-av_heading-a62cff487b01e42ae2a094fe04ff890a{\npadding-bottom:10px;\n}\nbody .av-special-heading.av-av_heading-a62cff487b01e42ae2a094fe04ff890a .av-special-heading-tag .heading-char{\nfont-size:25px;\n}\n.av-special-heading.av-av_heading-a62cff487b01e42ae2a094fe04ff890a .av-subheading{\nfont-size:15px;\n}\n<\/style>\n<div  class='av-special-heading av-av_heading-a62cff487b01e42ae2a094fe04ff890a av-special-heading-h3  avia-builder-el-1  el_before_av_textblock  avia-builder-el-first '><h3 class='av-special-heading-tag '  itemprop=\"headline\"  >Faculdade de Odontologia da UFMG<\/h3><div class=\"special-heading-border\"><div class=\"special-heading-inner-border\"><\/div><\/div><\/div><br \/>\n<section  class='av_textblock_section av-b7n7-c92941b8eb12dfef3b4b0c139325f23a '   itemscope=\"itemscope\" itemtype=\"https:\/\/schema.org\/CreativeWork\" ><div class='avia_textblock'  itemprop=\"text\" ><p><strong>Especializa\u00e7\u00e3o Buco-Maxilo-Facial<br \/>\nE-Mail:<\/strong>\u00a0bucomaxilo.ufmg@gmail.com<br \/>\n<strong>Endere\u00e7o:<\/strong>\u00a0Faculdade de Odontologia da UFMG &#8211; Av. Presidente Ant\u00f4nio Carlos, 6627 &#8211; Bairro Universit\u00e1rio &#8211; 31270-901<br \/>\n<strong>Telefone:<\/strong> 31 99969-8136<\/p>\n<\/div><\/section><\/p><\/div><\/div><\/div><\/div><!-- close content main div --><\/div><\/div><div id='av-layout-grid-1'  class='av-layout-grid-container av-2pd9j-eb97a31a07e9733cc159b399930e8902 entry-content-wrapper main_color av-flex-cells  avia-builder-el-3  el_after_av_one_full  avia-builder-el-last  grid-row-not-first  container_wrap fullsize'  >\n\n<style type=\"text\/css\" data-created_by=\"avia_inline_auto\" id=\"style-css-av-2dksz-be478627eb80460ed7062f4cc68d179c\">\n.flex_cell.av-2dksz-be478627eb80460ed7062f4cc68d179c{\nvertical-align:top;\n}\n.responsive #top #wrap_all .flex_cell.av-2dksz-be478627eb80460ed7062f4cc68d179c{\npadding:30px 30px 30px 30px !important;\n}\n<\/style>\n<div class='flex_cell av-2dksz-be478627eb80460ed7062f4cc68d179c av-gridrow-cell av_one_full no_margin  avia-builder-el-4  avia-builder-el-no-sibling  content-align-top'  ><div class='flex_cell_inner'><p>\n<style type=\"text\/css\" data-created_by=\"avia_inline_auto\" id=\"style-css-av-1addv-1bebaf9effb376de138fc5b4f6b3f785\">\n#top .av-special-heading.av-1addv-1bebaf9effb376de138fc5b4f6b3f785{\npadding-bottom:10px;\n}\nbody .av-special-heading.av-1addv-1bebaf9effb376de138fc5b4f6b3f785 .av-special-heading-tag .heading-char{\nfont-size:25px;\n}\n.av-special-heading.av-1addv-1bebaf9effb376de138fc5b4f6b3f785 .av-subheading{\nfont-size:15px;\n}\n<\/style>\n<div  class='av-special-heading av-1addv-1bebaf9effb376de138fc5b4f6b3f785 av-special-heading-h3  avia-builder-el-5  el_before_av_codeblock  avia-builder-el-first '><h3 class='av-special-heading-tag '  itemprop=\"headline\"  >Fale Conosco<\/h3><div class=\"special-heading-border\"><div class=\"special-heading-inner-border\"><\/div><\/div><\/div><br \/>\n<\/p>\n<\/div><\/div>\n<\/div><\/p>\n","protected":false},"excerpt":{"rendered":"","protected":false},"author":5,"featured_media":0,"parent":0,"menu_order":0,"comment_status":"closed","ping_status":"closed","template":"","meta":{"inline_featured_image":false,"footnotes":""},"class_list":["post-23","page","type-page","status-publish","hentry"],"yoast_head":"<!-- This site is optimized with the Yoast SEO plugin v27.3 - https:\/\/yoast.com\/product\/yoast-seo-wordpress\/ -->\n<title>Contato - Especializa\u00e7\u00e3o em Cirurgia Buco-Maxilo-Facial<\/title>\n<meta name=\"robots\" content=\"index, follow, max-snippet:-1, max-image-preview:large, max-video-preview:-1\" \/>\n<link rel=\"canonical\" href=\"https:\/\/www.odonto.ufmg.br\/bucomaxilo\/contato\/\" \/>\n<meta property=\"og:locale\" content=\"pt_BR\" \/>\n<meta property=\"og:type\" content=\"article\" \/>\n<meta property=\"og:title\" content=\"Contato - Especializa\u00e7\u00e3o em Cirurgia Buco-Maxilo-Facial\" \/>\n<meta property=\"og:url\" content=\"https:\/\/www.odonto.ufmg.br\/bucomaxilo\/contato\/\" \/>\n<meta property=\"og:site_name\" content=\"Especializa\u00e7\u00e3o em Cirurgia Buco-Maxilo-Facial\" \/>\n<meta property=\"article:modified_time\" content=\"2020-05-21T04:15:39+00:00\" \/>\n<meta name=\"twitter:card\" content=\"summary_large_image\" \/>\n<meta name=\"twitter:label1\" content=\"Est. tempo de leitura\" \/>\n\t<meta name=\"twitter:data1\" content=\"1 minuto\" \/>\n<script type=\"application\/ld+json\" class=\"yoast-schema-graph\">{\"@context\":\"https:\\\/\\\/schema.org\",\"@graph\":[{\"@type\":\"WebPage\",\"@id\":\"https:\\\/\\\/www.odonto.ufmg.br\\\/bucomaxilo\\\/contato\\\/\",\"url\":\"https:\\\/\\\/www.odonto.ufmg.br\\\/bucomaxilo\\\/contato\\\/\",\"name\":\"Contato - Especializa\u00e7\u00e3o em Cirurgia Buco-Maxilo-Facial\",\"isPartOf\":{\"@id\":\"https:\\\/\\\/www.odonto.ufmg.br\\\/bucomaxilo\\\/#website\"},\"datePublished\":\"2014-09-26T17:23:42+00:00\",\"dateModified\":\"2020-05-21T04:15:39+00:00\",\"breadcrumb\":{\"@id\":\"https:\\\/\\\/www.odonto.ufmg.br\\\/bucomaxilo\\\/contato\\\/#breadcrumb\"},\"inLanguage\":\"pt-BR\",\"potentialAction\":[{\"@type\":\"ReadAction\",\"target\":[\"https:\\\/\\\/www.odonto.ufmg.br\\\/bucomaxilo\\\/contato\\\/\"]}]},{\"@type\":\"BreadcrumbList\",\"@id\":\"https:\\\/\\\/www.odonto.ufmg.br\\\/bucomaxilo\\\/contato\\\/#breadcrumb\",\"itemListElement\":[{\"@type\":\"ListItem\",\"position\":1,\"name\":\"In\u00edcio\",\"item\":\"https:\\\/\\\/www.odonto.ufmg.br\\\/bucomaxilo\\\/inicio\\\/\"},{\"@type\":\"ListItem\",\"position\":2,\"name\":\"Contato\"}]},{\"@type\":\"WebSite\",\"@id\":\"https:\\\/\\\/www.odonto.ufmg.br\\\/bucomaxilo\\\/#website\",\"url\":\"https:\\\/\\\/www.odonto.ufmg.br\\\/bucomaxilo\\\/\",\"name\":\"Especializa\u00e7\u00e3o em Cirurgia Buco-Maxilo-Facial\",\"description\":\"S\u00f3 mais um site Faculdade de Odontologia Universidade Federal de Minas Gerais\",\"potentialAction\":[{\"@type\":\"SearchAction\",\"target\":{\"@type\":\"EntryPoint\",\"urlTemplate\":\"https:\\\/\\\/www.odonto.ufmg.br\\\/bucomaxilo\\\/?s={search_term_string}\"},\"query-input\":{\"@type\":\"PropertyValueSpecification\",\"valueRequired\":true,\"valueName\":\"search_term_string\"}}],\"inLanguage\":\"pt-BR\"}]}<\/script>\n<!-- \/ Yoast SEO plugin. -->","yoast_head_json":{"title":"Contato - Especializa\u00e7\u00e3o em Cirurgia Buco-Maxilo-Facial","robots":{"index":"index","follow":"follow","max-snippet":"max-snippet:-1","max-image-preview":"max-image-preview:large","max-video-preview":"max-video-preview:-1"},"canonical":"https:\/\/www.odonto.ufmg.br\/bucomaxilo\/contato\/","og_locale":"pt_BR","og_type":"article","og_title":"Contato - Especializa\u00e7\u00e3o em Cirurgia Buco-Maxilo-Facial","og_url":"https:\/\/www.odonto.ufmg.br\/bucomaxilo\/contato\/","og_site_name":"Especializa\u00e7\u00e3o em Cirurgia Buco-Maxilo-Facial","article_modified_time":"2020-05-21T04:15:39+00:00","twitter_card":"summary_large_image","twitter_misc":{"Est. tempo de leitura":"1 minuto"},"schema":{"@context":"https:\/\/schema.org","@graph":[{"@type":"WebPage","@id":"https:\/\/www.odonto.ufmg.br\/bucomaxilo\/contato\/","url":"https:\/\/www.odonto.ufmg.br\/bucomaxilo\/contato\/","name":"Contato - Especializa\u00e7\u00e3o em Cirurgia Buco-Maxilo-Facial","isPartOf":{"@id":"https:\/\/www.odonto.ufmg.br\/bucomaxilo\/#website"},"datePublished":"2014-09-26T17:23:42+00:00","dateModified":"2020-05-21T04:15:39+00:00","breadcrumb":{"@id":"https:\/\/www.odonto.ufmg.br\/bucomaxilo\/contato\/#breadcrumb"},"inLanguage":"pt-BR","potentialAction":[{"@type":"ReadAction","target":["https:\/\/www.odonto.ufmg.br\/bucomaxilo\/contato\/"]}]},{"@type":"BreadcrumbList","@id":"https:\/\/www.odonto.ufmg.br\/bucomaxilo\/contato\/#breadcrumb","itemListElement":[{"@type":"ListItem","position":1,"name":"In\u00edcio","item":"https:\/\/www.odonto.ufmg.br\/bucomaxilo\/inicio\/"},{"@type":"ListItem","position":2,"name":"Contato"}]},{"@type":"WebSite","@id":"https:\/\/www.odonto.ufmg.br\/bucomaxilo\/#website","url":"https:\/\/www.odonto.ufmg.br\/bucomaxilo\/","name":"Especializa\u00e7\u00e3o em Cirurgia Buco-Maxilo-Facial","description":"S\u00f3 mais um site Faculdade de Odontologia Universidade Federal de Minas Gerais","potentialAction":[{"@type":"SearchAction","target":{"@type":"EntryPoint","urlTemplate":"https:\/\/www.odonto.ufmg.br\/bucomaxilo\/?s={search_term_string}"},"query-input":{"@type":"PropertyValueSpecification","valueRequired":true,"valueName":"search_term_string"}}],"inLanguage":"pt-BR"}]}},"_links":{"self":[{"href":"https:\/\/www.odonto.ufmg.br\/bucomaxilo\/wp-json\/wp\/v2\/pages\/23","targetHints":{"allow":["GET"]}}],"collection":[{"href":"https:\/\/www.odonto.ufmg.br\/bucomaxilo\/wp-json\/wp\/v2\/pages"}],"about":[{"href":"https:\/\/www.odonto.ufmg.br\/bucomaxilo\/wp-json\/wp\/v2\/types\/page"}],"author":[{"embeddable":true,"href":"https:\/\/www.odonto.ufmg.br\/bucomaxilo\/wp-json\/wp\/v2\/users\/5"}],"replies":[{"embeddable":true,"href":"https:\/\/www.odonto.ufmg.br\/bucomaxilo\/wp-json\/wp\/v2\/comments?post=23"}],"version-history":[{"count":22,"href":"https:\/\/www.odonto.ufmg.br\/bucomaxilo\/wp-json\/wp\/v2\/pages\/23\/revisions"}],"predecessor-version":[{"id":584,"href":"https:\/\/www.odonto.ufmg.br\/bucomaxilo\/wp-json\/wp\/v2\/pages\/23\/revisions\/584"}],"wp:attachment":[{"href":"https:\/\/www.odonto.ufmg.br\/bucomaxilo\/wp-json\/wp\/v2\/media?parent=23"}],"curies":[{"name":"wp","href":"https:\/\/api.w.org\/{rel}","templated":true}]}}