{"id":6850,"date":"2025-08-13T16:37:08","date_gmt":"2025-08-13T19:37:08","guid":{"rendered":"https:\/\/www.odonto.ufmg.br\/biblioteca\/?page_id=6850"},"modified":"2025-08-13T16:37:11","modified_gmt":"2025-08-13T19:37:11","slug":"nomes-proprios-contendo-pontuacao-um-prefixo-uma-preposicao-ou-particula","status":"publish","type":"page","link":"https:\/\/www.odonto.ufmg.br\/biblioteca\/nomes-proprios-contendo-pontuacao-um-prefixo-uma-preposicao-ou-particula\/","title":{"rendered":"Nomes pr\u00f3prios contendo pontua\u00e7\u00e3o, um prefixo, uma preposi\u00e7\u00e3o ou part\u00edcula"},"content":{"rendered":"<div>\n<div>\n<div>\n<div>\n<p>Desconsidere os h\u00edfens que unem nomes pr\u00f3prios (primeiro ou do meio)<\/p>\n<\/div>\n<\/div>\n<div>\n<div>\n<p><span style=\"color: #3366ff\">Jean-Louis Lagrot &#8211; inserir Lagrot JL<\/span><\/p>\n<\/div>\n<\/div>\n<div>\n<div>\n<p>Use apenas a primeira letra dos nomes pr\u00f3prios e nomes do meio quando cont\u00eam um prefixo, uma preposi\u00e7\u00e3o ou outro part\u00edcula<\/p>\n<\/div>\n<\/div>\n<div>\n<div>\n<p><span style=\"color: #3366ff\">D&#8217; arcy Hart &#8211; inserir Hart D<\/span><\/p>\n<\/div>\n<div>\n<p><span style=\"color: #3366ff\">W. St. John Patterson &#8211; inserir Patterson WS<\/span><\/p>\n<\/div>\n<div>\n<p><span style=\"color: #3366ff\">De la Broquerie Fortier &#8211; inserir Fortier D<\/span><\/p>\n<\/div>\n<\/div>\n<\/div>\n<\/div>\n","protected":false},"excerpt":{"rendered":"<p>Desconsidere os h\u00edfens que unem nomes pr\u00f3prios (primeiro ou do meio) Jean-Louis Lagrot &#8211; inserir Lagrot JL Use apenas a primeira letra dos nomes pr\u00f3prios e nomes do meio quando cont\u00eam um prefixo, uma preposi\u00e7\u00e3o ou outro part\u00edcula D&#8217; arcy Hart &#8211; inserir Hart D W. St. John Patterson &#8211; inserir Patterson WS De la [&hellip;]<\/p>\n","protected":false},"author":35,"featured_media":0,"parent":0,"menu_order":0,"comment_status":"closed","ping_status":"closed","template":"","meta":{"inline_featured_image":false,"footnotes":""},"class_list":["post-6850","page","type-page","status-publish","hentry"],"yoast_head":"<!-- This site is optimized with the Yoast SEO plugin v27.3 - https:\/\/yoast.com\/product\/yoast-seo-wordpress\/ -->\n<title>Nomes pr\u00f3prios contendo pontua\u00e7\u00e3o, um prefixo, uma preposi\u00e7\u00e3o ou part\u00edcula - Biblioteca Professora Helena Helo\u00edsa Paix\u00e3o<\/title>\n<meta name=\"robots\" content=\"index, follow, max-snippet:-1, max-image-preview:large, max-video-preview:-1\" \/>\n<link rel=\"canonical\" href=\"https:\/\/www.odonto.ufmg.br\/biblioteca\/nomes-proprios-contendo-pontuacao-um-prefixo-uma-preposicao-ou-particula\/\" \/>\n<meta property=\"og:locale\" content=\"pt_BR\" \/>\n<meta property=\"og:type\" content=\"article\" \/>\n<meta property=\"og:title\" content=\"Nomes pr\u00f3prios contendo pontua\u00e7\u00e3o, um prefixo, uma preposi\u00e7\u00e3o ou part\u00edcula - Biblioteca Professora Helena Helo\u00edsa Paix\u00e3o\" \/>\n<meta property=\"og:description\" content=\"Desconsidere os h\u00edfens que unem nomes pr\u00f3prios (primeiro ou do meio) Jean-Louis Lagrot &#8211; inserir Lagrot JL Use apenas a primeira letra dos nomes pr\u00f3prios e nomes do meio quando cont\u00eam um prefixo, uma preposi\u00e7\u00e3o ou outro part\u00edcula D&#8217; arcy Hart &#8211; inserir Hart D W. St. John Patterson &#8211; inserir Patterson WS De la [&hellip;]\" \/>\n<meta property=\"og:url\" content=\"https:\/\/www.odonto.ufmg.br\/biblioteca\/nomes-proprios-contendo-pontuacao-um-prefixo-uma-preposicao-ou-particula\/\" \/>\n<meta property=\"og:site_name\" content=\"Biblioteca Professora Helena Helo\u00edsa Paix\u00e3o\" \/>\n<meta property=\"article:modified_time\" content=\"2025-08-13T19:37:11+00:00\" \/>\n<meta name=\"twitter:card\" content=\"summary_large_image\" \/>\n<script type=\"application\/ld+json\" class=\"yoast-schema-graph\">{\"@context\":\"https:\\\/\\\/schema.org\",\"@graph\":[{\"@type\":\"WebPage\",\"@id\":\"https:\\\/\\\/www.odonto.ufmg.br\\\/biblioteca\\\/nomes-proprios-contendo-pontuacao-um-prefixo-uma-preposicao-ou-particula\\\/\",\"url\":\"https:\\\/\\\/www.odonto.ufmg.br\\\/biblioteca\\\/nomes-proprios-contendo-pontuacao-um-prefixo-uma-preposicao-ou-particula\\\/\",\"name\":\"Nomes pr\u00f3prios contendo pontua\u00e7\u00e3o, um prefixo, uma preposi\u00e7\u00e3o ou part\u00edcula - Biblioteca Professora Helena Helo\u00edsa Paix\u00e3o\",\"isPartOf\":{\"@id\":\"https:\\\/\\\/www.odonto.ufmg.br\\\/biblioteca\\\/#website\"},\"datePublished\":\"2025-08-13T19:37:08+00:00\",\"dateModified\":\"2025-08-13T19:37:11+00:00\",\"breadcrumb\":{\"@id\":\"https:\\\/\\\/www.odonto.ufmg.br\\\/biblioteca\\\/nomes-proprios-contendo-pontuacao-um-prefixo-uma-preposicao-ou-particula\\\/#breadcrumb\"},\"inLanguage\":\"pt-BR\",\"potentialAction\":[{\"@type\":\"ReadAction\",\"target\":[\"https:\\\/\\\/www.odonto.ufmg.br\\\/biblioteca\\\/nomes-proprios-contendo-pontuacao-um-prefixo-uma-preposicao-ou-particula\\\/\"]}]},{\"@type\":\"BreadcrumbList\",\"@id\":\"https:\\\/\\\/www.odonto.ufmg.br\\\/biblioteca\\\/nomes-proprios-contendo-pontuacao-um-prefixo-uma-preposicao-ou-particula\\\/#breadcrumb\",\"itemListElement\":[{\"@type\":\"ListItem\",\"position\":1,\"name\":\"In\u00edcio\",\"item\":\"https:\\\/\\\/www.odonto.ufmg.br\\\/biblioteca\\\/inicio2\\\/\"},{\"@type\":\"ListItem\",\"position\":2,\"name\":\"Nomes pr\u00f3prios contendo pontua\u00e7\u00e3o, um prefixo, uma preposi\u00e7\u00e3o ou part\u00edcula\"}]},{\"@type\":\"WebSite\",\"@id\":\"https:\\\/\\\/www.odonto.ufmg.br\\\/biblioteca\\\/#website\",\"url\":\"https:\\\/\\\/www.odonto.ufmg.br\\\/biblioteca\\\/\",\"name\":\"Biblioteca Professora Helena Helo\u00edsa Paix\u00e3o\",\"description\":\"Faculdade de Odontologia UFMG\",\"potentialAction\":[{\"@type\":\"SearchAction\",\"target\":{\"@type\":\"EntryPoint\",\"urlTemplate\":\"https:\\\/\\\/www.odonto.ufmg.br\\\/biblioteca\\\/?s={search_term_string}\"},\"query-input\":{\"@type\":\"PropertyValueSpecification\",\"valueRequired\":true,\"valueName\":\"search_term_string\"}}],\"inLanguage\":\"pt-BR\"}]}<\/script>\n<!-- \/ Yoast SEO plugin. -->","yoast_head_json":{"title":"Nomes pr\u00f3prios contendo pontua\u00e7\u00e3o, um prefixo, uma preposi\u00e7\u00e3o ou part\u00edcula - Biblioteca Professora Helena Helo\u00edsa Paix\u00e3o","robots":{"index":"index","follow":"follow","max-snippet":"max-snippet:-1","max-image-preview":"max-image-preview:large","max-video-preview":"max-video-preview:-1"},"canonical":"https:\/\/www.odonto.ufmg.br\/biblioteca\/nomes-proprios-contendo-pontuacao-um-prefixo-uma-preposicao-ou-particula\/","og_locale":"pt_BR","og_type":"article","og_title":"Nomes pr\u00f3prios contendo pontua\u00e7\u00e3o, um prefixo, uma preposi\u00e7\u00e3o ou part\u00edcula - Biblioteca Professora Helena Helo\u00edsa Paix\u00e3o","og_description":"Desconsidere os h\u00edfens que unem nomes pr\u00f3prios (primeiro ou do meio) Jean-Louis Lagrot &#8211; inserir Lagrot JL Use apenas a primeira letra dos nomes pr\u00f3prios e nomes do meio quando cont\u00eam um prefixo, uma preposi\u00e7\u00e3o ou outro part\u00edcula D&#8217; arcy Hart &#8211; inserir Hart D W. St. John Patterson &#8211; inserir Patterson WS De la [&hellip;]","og_url":"https:\/\/www.odonto.ufmg.br\/biblioteca\/nomes-proprios-contendo-pontuacao-um-prefixo-uma-preposicao-ou-particula\/","og_site_name":"Biblioteca Professora Helena Helo\u00edsa Paix\u00e3o","article_modified_time":"2025-08-13T19:37:11+00:00","twitter_card":"summary_large_image","schema":{"@context":"https:\/\/schema.org","@graph":[{"@type":"WebPage","@id":"https:\/\/www.odonto.ufmg.br\/biblioteca\/nomes-proprios-contendo-pontuacao-um-prefixo-uma-preposicao-ou-particula\/","url":"https:\/\/www.odonto.ufmg.br\/biblioteca\/nomes-proprios-contendo-pontuacao-um-prefixo-uma-preposicao-ou-particula\/","name":"Nomes pr\u00f3prios contendo pontua\u00e7\u00e3o, um prefixo, uma preposi\u00e7\u00e3o ou part\u00edcula - Biblioteca Professora Helena Helo\u00edsa Paix\u00e3o","isPartOf":{"@id":"https:\/\/www.odonto.ufmg.br\/biblioteca\/#website"},"datePublished":"2025-08-13T19:37:08+00:00","dateModified":"2025-08-13T19:37:11+00:00","breadcrumb":{"@id":"https:\/\/www.odonto.ufmg.br\/biblioteca\/nomes-proprios-contendo-pontuacao-um-prefixo-uma-preposicao-ou-particula\/#breadcrumb"},"inLanguage":"pt-BR","potentialAction":[{"@type":"ReadAction","target":["https:\/\/www.odonto.ufmg.br\/biblioteca\/nomes-proprios-contendo-pontuacao-um-prefixo-uma-preposicao-ou-particula\/"]}]},{"@type":"BreadcrumbList","@id":"https:\/\/www.odonto.ufmg.br\/biblioteca\/nomes-proprios-contendo-pontuacao-um-prefixo-uma-preposicao-ou-particula\/#breadcrumb","itemListElement":[{"@type":"ListItem","position":1,"name":"In\u00edcio","item":"https:\/\/www.odonto.ufmg.br\/biblioteca\/inicio2\/"},{"@type":"ListItem","position":2,"name":"Nomes pr\u00f3prios contendo pontua\u00e7\u00e3o, um prefixo, uma preposi\u00e7\u00e3o ou part\u00edcula"}]},{"@type":"WebSite","@id":"https:\/\/www.odonto.ufmg.br\/biblioteca\/#website","url":"https:\/\/www.odonto.ufmg.br\/biblioteca\/","name":"Biblioteca Professora Helena Helo\u00edsa Paix\u00e3o","description":"Faculdade de Odontologia UFMG","potentialAction":[{"@type":"SearchAction","target":{"@type":"EntryPoint","urlTemplate":"https:\/\/www.odonto.ufmg.br\/biblioteca\/?s={search_term_string}"},"query-input":{"@type":"PropertyValueSpecification","valueRequired":true,"valueName":"search_term_string"}}],"inLanguage":"pt-BR"}]}},"_links":{"self":[{"href":"https:\/\/www.odonto.ufmg.br\/biblioteca\/wp-json\/wp\/v2\/pages\/6850","targetHints":{"allow":["GET"]}}],"collection":[{"href":"https:\/\/www.odonto.ufmg.br\/biblioteca\/wp-json\/wp\/v2\/pages"}],"about":[{"href":"https:\/\/www.odonto.ufmg.br\/biblioteca\/wp-json\/wp\/v2\/types\/page"}],"author":[{"embeddable":true,"href":"https:\/\/www.odonto.ufmg.br\/biblioteca\/wp-json\/wp\/v2\/users\/35"}],"replies":[{"embeddable":true,"href":"https:\/\/www.odonto.ufmg.br\/biblioteca\/wp-json\/wp\/v2\/comments?post=6850"}],"version-history":[{"count":2,"href":"https:\/\/www.odonto.ufmg.br\/biblioteca\/wp-json\/wp\/v2\/pages\/6850\/revisions"}],"predecessor-version":[{"id":6852,"href":"https:\/\/www.odonto.ufmg.br\/biblioteca\/wp-json\/wp\/v2\/pages\/6850\/revisions\/6852"}],"wp:attachment":[{"href":"https:\/\/www.odonto.ufmg.br\/biblioteca\/wp-json\/wp\/v2\/media?parent=6850"}],"curies":[{"name":"wp","href":"https:\/\/api.w.org\/{rel}","templated":true}]}}