{"id":6832,"date":"2025-08-13T16:29:18","date_gmt":"2025-08-13T19:29:18","guid":{"rendered":"https:\/\/www.odonto.ufmg.br\/biblioteca\/?page_id=6832"},"modified":"2025-08-13T16:29:18","modified_gmt":"2025-08-13T19:29:18","slug":"referencias","status":"publish","type":"page","link":"https:\/\/www.odonto.ufmg.br\/biblioteca\/referencias\/","title":{"rendered":"Refer\u00eancias"},"content":{"rendered":"<div>\n<div>\n<div>\n<p>As refer\u00eancias devem ser apresentadas ao final do trabalho, sob o t\u00edtulo REFER\u00caNCIAS. Esta lista precisa ser organizada de acordo com a sequ\u00eancia das cita\u00e7\u00f5es num\u00e9ricas utilizadas no texto.<\/p>\n<\/div>\n<\/div>\n<\/div>\n","protected":false},"excerpt":{"rendered":"<p>As refer\u00eancias devem ser apresentadas ao final do trabalho, sob o t\u00edtulo REFER\u00caNCIAS. Esta lista precisa ser organizada de acordo com a sequ\u00eancia das cita\u00e7\u00f5es num\u00e9ricas utilizadas no texto.<\/p>\n","protected":false},"author":35,"featured_media":0,"parent":0,"menu_order":0,"comment_status":"closed","ping_status":"closed","template":"","meta":{"inline_featured_image":false,"footnotes":""},"class_list":["post-6832","page","type-page","status-publish","hentry"],"yoast_head":"<!-- This site is optimized with the Yoast SEO plugin v27.5 - https:\/\/yoast.com\/product\/yoast-seo-wordpress\/ -->\n<title>Refer\u00eancias - Biblioteca Professora Helena Helo\u00edsa Paix\u00e3o<\/title>\n<meta name=\"robots\" content=\"index, follow, max-snippet:-1, max-image-preview:large, max-video-preview:-1\" \/>\n<link rel=\"canonical\" href=\"https:\/\/www.odonto.ufmg.br\/biblioteca\/referencias\/\" \/>\n<meta property=\"og:locale\" content=\"pt_BR\" \/>\n<meta property=\"og:type\" content=\"article\" \/>\n<meta property=\"og:title\" content=\"Refer\u00eancias - Biblioteca Professora Helena Helo\u00edsa Paix\u00e3o\" \/>\n<meta property=\"og:description\" content=\"As refer\u00eancias devem ser apresentadas ao final do trabalho, sob o t\u00edtulo REFER\u00caNCIAS. Esta lista precisa ser organizada de acordo com a sequ\u00eancia das cita\u00e7\u00f5es num\u00e9ricas utilizadas no texto.\" \/>\n<meta property=\"og:url\" content=\"https:\/\/www.odonto.ufmg.br\/biblioteca\/referencias\/\" \/>\n<meta property=\"og:site_name\" content=\"Biblioteca Professora Helena Helo\u00edsa Paix\u00e3o\" \/>\n<meta name=\"twitter:card\" content=\"summary_large_image\" \/>\n<script type=\"application\/ld+json\" class=\"yoast-schema-graph\">{\"@context\":\"https:\\\/\\\/schema.org\",\"@graph\":[{\"@type\":\"WebPage\",\"@id\":\"https:\\\/\\\/www.odonto.ufmg.br\\\/biblioteca\\\/referencias\\\/\",\"url\":\"https:\\\/\\\/www.odonto.ufmg.br\\\/biblioteca\\\/referencias\\\/\",\"name\":\"Refer\u00eancias - Biblioteca Professora Helena Helo\u00edsa Paix\u00e3o\",\"isPartOf\":{\"@id\":\"https:\\\/\\\/www.odonto.ufmg.br\\\/biblioteca\\\/#website\"},\"datePublished\":\"2025-08-13T19:29:18+00:00\",\"breadcrumb\":{\"@id\":\"https:\\\/\\\/www.odonto.ufmg.br\\\/biblioteca\\\/referencias\\\/#breadcrumb\"},\"inLanguage\":\"pt-BR\",\"potentialAction\":[{\"@type\":\"ReadAction\",\"target\":[\"https:\\\/\\\/www.odonto.ufmg.br\\\/biblioteca\\\/referencias\\\/\"]}]},{\"@type\":\"BreadcrumbList\",\"@id\":\"https:\\\/\\\/www.odonto.ufmg.br\\\/biblioteca\\\/referencias\\\/#breadcrumb\",\"itemListElement\":[{\"@type\":\"ListItem\",\"position\":1,\"name\":\"In\u00edcio\",\"item\":\"https:\\\/\\\/www.odonto.ufmg.br\\\/biblioteca\\\/inicio2\\\/\"},{\"@type\":\"ListItem\",\"position\":2,\"name\":\"Refer\u00eancias\"}]},{\"@type\":\"WebSite\",\"@id\":\"https:\\\/\\\/www.odonto.ufmg.br\\\/biblioteca\\\/#website\",\"url\":\"https:\\\/\\\/www.odonto.ufmg.br\\\/biblioteca\\\/\",\"name\":\"Biblioteca Professora Helena Helo\u00edsa Paix\u00e3o\",\"description\":\"Faculdade de Odontologia UFMG\",\"potentialAction\":[{\"@type\":\"SearchAction\",\"target\":{\"@type\":\"EntryPoint\",\"urlTemplate\":\"https:\\\/\\\/www.odonto.ufmg.br\\\/biblioteca\\\/?s={search_term_string}\"},\"query-input\":{\"@type\":\"PropertyValueSpecification\",\"valueRequired\":true,\"valueName\":\"search_term_string\"}}],\"inLanguage\":\"pt-BR\"}]}<\/script>\n<!-- \/ Yoast SEO plugin. -->","yoast_head_json":{"title":"Refer\u00eancias - Biblioteca Professora Helena Helo\u00edsa Paix\u00e3o","robots":{"index":"index","follow":"follow","max-snippet":"max-snippet:-1","max-image-preview":"max-image-preview:large","max-video-preview":"max-video-preview:-1"},"canonical":"https:\/\/www.odonto.ufmg.br\/biblioteca\/referencias\/","og_locale":"pt_BR","og_type":"article","og_title":"Refer\u00eancias - Biblioteca Professora Helena Helo\u00edsa Paix\u00e3o","og_description":"As refer\u00eancias devem ser apresentadas ao final do trabalho, sob o t\u00edtulo REFER\u00caNCIAS. Esta lista precisa ser organizada de acordo com a sequ\u00eancia das cita\u00e7\u00f5es num\u00e9ricas utilizadas no texto.","og_url":"https:\/\/www.odonto.ufmg.br\/biblioteca\/referencias\/","og_site_name":"Biblioteca Professora Helena Helo\u00edsa Paix\u00e3o","twitter_card":"summary_large_image","schema":{"@context":"https:\/\/schema.org","@graph":[{"@type":"WebPage","@id":"https:\/\/www.odonto.ufmg.br\/biblioteca\/referencias\/","url":"https:\/\/www.odonto.ufmg.br\/biblioteca\/referencias\/","name":"Refer\u00eancias - Biblioteca Professora Helena Helo\u00edsa Paix\u00e3o","isPartOf":{"@id":"https:\/\/www.odonto.ufmg.br\/biblioteca\/#website"},"datePublished":"2025-08-13T19:29:18+00:00","breadcrumb":{"@id":"https:\/\/www.odonto.ufmg.br\/biblioteca\/referencias\/#breadcrumb"},"inLanguage":"pt-BR","potentialAction":[{"@type":"ReadAction","target":["https:\/\/www.odonto.ufmg.br\/biblioteca\/referencias\/"]}]},{"@type":"BreadcrumbList","@id":"https:\/\/www.odonto.ufmg.br\/biblioteca\/referencias\/#breadcrumb","itemListElement":[{"@type":"ListItem","position":1,"name":"In\u00edcio","item":"https:\/\/www.odonto.ufmg.br\/biblioteca\/inicio2\/"},{"@type":"ListItem","position":2,"name":"Refer\u00eancias"}]},{"@type":"WebSite","@id":"https:\/\/www.odonto.ufmg.br\/biblioteca\/#website","url":"https:\/\/www.odonto.ufmg.br\/biblioteca\/","name":"Biblioteca Professora Helena Helo\u00edsa Paix\u00e3o","description":"Faculdade de Odontologia UFMG","potentialAction":[{"@type":"SearchAction","target":{"@type":"EntryPoint","urlTemplate":"https:\/\/www.odonto.ufmg.br\/biblioteca\/?s={search_term_string}"},"query-input":{"@type":"PropertyValueSpecification","valueRequired":true,"valueName":"search_term_string"}}],"inLanguage":"pt-BR"}]}},"_links":{"self":[{"href":"https:\/\/www.odonto.ufmg.br\/biblioteca\/wp-json\/wp\/v2\/pages\/6832","targetHints":{"allow":["GET"]}}],"collection":[{"href":"https:\/\/www.odonto.ufmg.br\/biblioteca\/wp-json\/wp\/v2\/pages"}],"about":[{"href":"https:\/\/www.odonto.ufmg.br\/biblioteca\/wp-json\/wp\/v2\/types\/page"}],"author":[{"embeddable":true,"href":"https:\/\/www.odonto.ufmg.br\/biblioteca\/wp-json\/wp\/v2\/users\/35"}],"replies":[{"embeddable":true,"href":"https:\/\/www.odonto.ufmg.br\/biblioteca\/wp-json\/wp\/v2\/comments?post=6832"}],"version-history":[{"count":2,"href":"https:\/\/www.odonto.ufmg.br\/biblioteca\/wp-json\/wp\/v2\/pages\/6832\/revisions"}],"predecessor-version":[{"id":6834,"href":"https:\/\/www.odonto.ufmg.br\/biblioteca\/wp-json\/wp\/v2\/pages\/6832\/revisions\/6834"}],"wp:attachment":[{"href":"https:\/\/www.odonto.ufmg.br\/biblioteca\/wp-json\/wp\/v2\/media?parent=6832"}],"curies":[{"name":"wp","href":"https:\/\/api.w.org\/{rel}","templated":true}]}}