{"id":6344,"date":"2025-02-07T19:16:18","date_gmt":"2025-02-07T22:16:18","guid":{"rendered":"https:\/\/www.odonto.ufmg.br\/biblioteca\/?page_id=6344"},"modified":"2025-02-07T19:19:07","modified_gmt":"2025-02-07T22:19:07","slug":"normas-da-abnt-bu","status":"publish","type":"page","link":"https:\/\/www.odonto.ufmg.br\/biblioteca\/normas-da-abnt-bu\/","title":{"rendered":"NORMAS DA ABNT-BU"},"content":{"rendered":"<p><span style=\"font-size: 28px;font-weight: 600\">UFMG adquire assinatura que d\u00e1 acesso \u00e0s normas t\u00e9cnicas via site da ABNT<\/span><\/p>\n<header class=\"page-header\">\n<p class=\"news-subtitle\">Antes a consulta era feita pelo cat\u00e1logo on-line<\/p>\n<p class=\"news-postdate\">ter\u00e7a-feira, 10 de dezembro 2024, \u00e0s 11h25<\/p>\n<\/header>\n<div id=\"attachment_4902\" class=\"wp-caption alignnone\">\n<p><img fetchpriority=\"high\" decoding=\"async\" class=\"size-full wp-image-4902\" src=\"https:\/\/www.bu.ufmg.br\/bu_atual\/wp-content\/uploads\/2024\/12\/abnt.png\" alt=\"\" width=\"942\" height=\"711\" \/><\/p>\n<p class=\"wp-caption-text\">Assinatura que permite visualiza\u00e7\u00e3o das normas t\u00e9cnicas est\u00e1 vigente at\u00e9 novembro de 2025, podendo ser renovada. Imagem de reprodu\u00e7\u00e3o da tela do site da ABNT<\/p>\n<\/div>\n<p>As regras de formata\u00e7\u00e3o para trabalhos acad\u00eamicos agora podem ser acessadas diretamente no\u00a0<a href=\"http:\/\/www.abntcolecao.com.br\/\" target=\"_blank\" rel=\"noopener\">site da\u00a0Associa\u00e7\u00e3o Brasileira de Normas T\u00e9cnicas (ABNT)<\/a>.<\/p>\n<p>Na p\u00e1gina inicial, basta informar \u2018UFMG\u2019 no campo empresa. Em usu\u00e1rio, deve ser digitado \u2018AlunoUFMG\u2019 ou \u2018ProfessorUFMG\u2019 e a senha deve ser id\u00eantica ao nome de usu\u00e1rio fornecido.<\/p>\n<p>Por meio de ambas as possibilidades de login, toda a comunidade acad\u00eamica pode visualizar o conte\u00fado da plataforma.<\/p>\n<p>Login<\/p>\n<p><span style=\"color: #000000\">SITE:<\/span>\u00a0<a href=\"http:\/\/www.abntcolecao.com.br\/\" target=\"_blank\" rel=\"noopener\">www.abntcolecao.com.br<\/a><br \/>\n<span style=\"color: #000000\">EMPRESA:<\/span>\u00a0UFMG<br \/>\n<span style=\"color: #000000\">NOME DE USU\u00c1RIO:<\/span>\u00a0AlunoUFMG<br \/>\nSENHA:\u00a0AlunoUFMG<\/p>\n<p>OU<\/p>\n<p>SITE:\u00a0<a href=\"http:\/\/www.abntcolecao.com.br\/\" target=\"_blank\" rel=\"noopener\">www.abntcolecao.com.br<\/a><br \/>\nEMPRESA:\u00a0UFMG<br \/>\nNOME DE USU\u00c1RIO:\u00a0ProfessorUFMG<br \/>\nSENHA:\u00a0ProfessorUFMG<\/p>\n<p><strong><span style=\"color: #000000\">Fonte da not\u00edcia na \u00edntegra: <a href=\"https:\/\/www.bu.ufmg.br\/bu_atual\/noticias\/ufmg-adquire-assinatura-que-da-acesso-as-normas-tecnicas-via-site-da-abnt\/\">www.bu.ufmg.br<\/a><\/span><\/strong><\/p>\n","protected":false},"excerpt":{"rendered":"<p>UFMG adquire assinatura que d\u00e1 acesso \u00e0s normas t\u00e9cnicas via site da ABNT Antes a consulta era feita pelo cat\u00e1logo on-line ter\u00e7a-feira, 10 de dezembro 2024, \u00e0s 11h25 Assinatura que permite visualiza\u00e7\u00e3o das normas t\u00e9cnicas est\u00e1 vigente at\u00e9 novembro de 2025, podendo ser renovada. Imagem de reprodu\u00e7\u00e3o da tela do site da ABNT As regras [&hellip;]<\/p>\n","protected":false},"author":35,"featured_media":0,"parent":0,"menu_order":0,"comment_status":"closed","ping_status":"closed","template":"","meta":{"inline_featured_image":false,"footnotes":""},"class_list":["post-6344","page","type-page","status-publish","hentry"],"yoast_head":"<!-- This site is optimized with the Yoast SEO plugin v27.3 - https:\/\/yoast.com\/product\/yoast-seo-wordpress\/ -->\n<title>NORMAS DA ABNT-BU - Biblioteca Professora Helena Helo\u00edsa Paix\u00e3o<\/title>\n<meta name=\"robots\" content=\"index, follow, max-snippet:-1, max-image-preview:large, max-video-preview:-1\" \/>\n<link rel=\"canonical\" href=\"https:\/\/www.odonto.ufmg.br\/biblioteca\/normas-da-abnt-bu\/\" \/>\n<meta property=\"og:locale\" content=\"pt_BR\" \/>\n<meta property=\"og:type\" content=\"article\" \/>\n<meta property=\"og:title\" content=\"NORMAS DA ABNT-BU - Biblioteca Professora Helena Helo\u00edsa Paix\u00e3o\" \/>\n<meta property=\"og:description\" content=\"UFMG adquire assinatura que d\u00e1 acesso \u00e0s normas t\u00e9cnicas via site da ABNT Antes a consulta era feita pelo cat\u00e1logo on-line ter\u00e7a-feira, 10 de dezembro 2024, \u00e0s 11h25 Assinatura que permite visualiza\u00e7\u00e3o das normas t\u00e9cnicas est\u00e1 vigente at\u00e9 novembro de 2025, podendo ser renovada. Imagem de reprodu\u00e7\u00e3o da tela do site da ABNT As regras [&hellip;]\" \/>\n<meta property=\"og:url\" content=\"https:\/\/www.odonto.ufmg.br\/biblioteca\/normas-da-abnt-bu\/\" \/>\n<meta property=\"og:site_name\" content=\"Biblioteca Professora Helena Helo\u00edsa Paix\u00e3o\" \/>\n<meta property=\"article:modified_time\" content=\"2025-02-07T22:19:07+00:00\" \/>\n<meta name=\"twitter:card\" content=\"summary_large_image\" \/>\n<meta name=\"twitter:label1\" content=\"Est. tempo de leitura\" \/>\n\t<meta name=\"twitter:data1\" content=\"2 minutos\" \/>\n<script type=\"application\/ld+json\" class=\"yoast-schema-graph\">{\"@context\":\"https:\\\/\\\/schema.org\",\"@graph\":[{\"@type\":\"WebPage\",\"@id\":\"https:\\\/\\\/www.odonto.ufmg.br\\\/biblioteca\\\/normas-da-abnt-bu\\\/\",\"url\":\"https:\\\/\\\/www.odonto.ufmg.br\\\/biblioteca\\\/normas-da-abnt-bu\\\/\",\"name\":\"NORMAS DA ABNT-BU - Biblioteca Professora Helena Helo\u00edsa Paix\u00e3o\",\"isPartOf\":{\"@id\":\"https:\\\/\\\/www.odonto.ufmg.br\\\/biblioteca\\\/#website\"},\"primaryImageOfPage\":{\"@id\":\"https:\\\/\\\/www.odonto.ufmg.br\\\/biblioteca\\\/normas-da-abnt-bu\\\/#primaryimage\"},\"image\":{\"@id\":\"https:\\\/\\\/www.odonto.ufmg.br\\\/biblioteca\\\/normas-da-abnt-bu\\\/#primaryimage\"},\"thumbnailUrl\":\"https:\\\/\\\/www.bu.ufmg.br\\\/bu_atual\\\/wp-content\\\/uploads\\\/2024\\\/12\\\/abnt.png\",\"datePublished\":\"2025-02-07T22:16:18+00:00\",\"dateModified\":\"2025-02-07T22:19:07+00:00\",\"breadcrumb\":{\"@id\":\"https:\\\/\\\/www.odonto.ufmg.br\\\/biblioteca\\\/normas-da-abnt-bu\\\/#breadcrumb\"},\"inLanguage\":\"pt-BR\",\"potentialAction\":[{\"@type\":\"ReadAction\",\"target\":[\"https:\\\/\\\/www.odonto.ufmg.br\\\/biblioteca\\\/normas-da-abnt-bu\\\/\"]}]},{\"@type\":\"ImageObject\",\"inLanguage\":\"pt-BR\",\"@id\":\"https:\\\/\\\/www.odonto.ufmg.br\\\/biblioteca\\\/normas-da-abnt-bu\\\/#primaryimage\",\"url\":\"https:\\\/\\\/www.bu.ufmg.br\\\/bu_atual\\\/wp-content\\\/uploads\\\/2024\\\/12\\\/abnt.png\",\"contentUrl\":\"https:\\\/\\\/www.bu.ufmg.br\\\/bu_atual\\\/wp-content\\\/uploads\\\/2024\\\/12\\\/abnt.png\"},{\"@type\":\"BreadcrumbList\",\"@id\":\"https:\\\/\\\/www.odonto.ufmg.br\\\/biblioteca\\\/normas-da-abnt-bu\\\/#breadcrumb\",\"itemListElement\":[{\"@type\":\"ListItem\",\"position\":1,\"name\":\"In\u00edcio\",\"item\":\"https:\\\/\\\/www.odonto.ufmg.br\\\/biblioteca\\\/inicio2\\\/\"},{\"@type\":\"ListItem\",\"position\":2,\"name\":\"NORMAS DA ABNT-BU\"}]},{\"@type\":\"WebSite\",\"@id\":\"https:\\\/\\\/www.odonto.ufmg.br\\\/biblioteca\\\/#website\",\"url\":\"https:\\\/\\\/www.odonto.ufmg.br\\\/biblioteca\\\/\",\"name\":\"Biblioteca Professora Helena Helo\u00edsa Paix\u00e3o\",\"description\":\"Faculdade de Odontologia UFMG\",\"potentialAction\":[{\"@type\":\"SearchAction\",\"target\":{\"@type\":\"EntryPoint\",\"urlTemplate\":\"https:\\\/\\\/www.odonto.ufmg.br\\\/biblioteca\\\/?s={search_term_string}\"},\"query-input\":{\"@type\":\"PropertyValueSpecification\",\"valueRequired\":true,\"valueName\":\"search_term_string\"}}],\"inLanguage\":\"pt-BR\"}]}<\/script>\n<!-- \/ Yoast SEO plugin. -->","yoast_head_json":{"title":"NORMAS DA ABNT-BU - Biblioteca Professora Helena Helo\u00edsa Paix\u00e3o","robots":{"index":"index","follow":"follow","max-snippet":"max-snippet:-1","max-image-preview":"max-image-preview:large","max-video-preview":"max-video-preview:-1"},"canonical":"https:\/\/www.odonto.ufmg.br\/biblioteca\/normas-da-abnt-bu\/","og_locale":"pt_BR","og_type":"article","og_title":"NORMAS DA ABNT-BU - Biblioteca Professora Helena Helo\u00edsa Paix\u00e3o","og_description":"UFMG adquire assinatura que d\u00e1 acesso \u00e0s normas t\u00e9cnicas via site da ABNT Antes a consulta era feita pelo cat\u00e1logo on-line ter\u00e7a-feira, 10 de dezembro 2024, \u00e0s 11h25 Assinatura que permite visualiza\u00e7\u00e3o das normas t\u00e9cnicas est\u00e1 vigente at\u00e9 novembro de 2025, podendo ser renovada. Imagem de reprodu\u00e7\u00e3o da tela do site da ABNT As regras [&hellip;]","og_url":"https:\/\/www.odonto.ufmg.br\/biblioteca\/normas-da-abnt-bu\/","og_site_name":"Biblioteca Professora Helena Helo\u00edsa Paix\u00e3o","article_modified_time":"2025-02-07T22:19:07+00:00","twitter_card":"summary_large_image","twitter_misc":{"Est. tempo de leitura":"2 minutos"},"schema":{"@context":"https:\/\/schema.org","@graph":[{"@type":"WebPage","@id":"https:\/\/www.odonto.ufmg.br\/biblioteca\/normas-da-abnt-bu\/","url":"https:\/\/www.odonto.ufmg.br\/biblioteca\/normas-da-abnt-bu\/","name":"NORMAS DA ABNT-BU - Biblioteca Professora Helena Helo\u00edsa Paix\u00e3o","isPartOf":{"@id":"https:\/\/www.odonto.ufmg.br\/biblioteca\/#website"},"primaryImageOfPage":{"@id":"https:\/\/www.odonto.ufmg.br\/biblioteca\/normas-da-abnt-bu\/#primaryimage"},"image":{"@id":"https:\/\/www.odonto.ufmg.br\/biblioteca\/normas-da-abnt-bu\/#primaryimage"},"thumbnailUrl":"https:\/\/www.bu.ufmg.br\/bu_atual\/wp-content\/uploads\/2024\/12\/abnt.png","datePublished":"2025-02-07T22:16:18+00:00","dateModified":"2025-02-07T22:19:07+00:00","breadcrumb":{"@id":"https:\/\/www.odonto.ufmg.br\/biblioteca\/normas-da-abnt-bu\/#breadcrumb"},"inLanguage":"pt-BR","potentialAction":[{"@type":"ReadAction","target":["https:\/\/www.odonto.ufmg.br\/biblioteca\/normas-da-abnt-bu\/"]}]},{"@type":"ImageObject","inLanguage":"pt-BR","@id":"https:\/\/www.odonto.ufmg.br\/biblioteca\/normas-da-abnt-bu\/#primaryimage","url":"https:\/\/www.bu.ufmg.br\/bu_atual\/wp-content\/uploads\/2024\/12\/abnt.png","contentUrl":"https:\/\/www.bu.ufmg.br\/bu_atual\/wp-content\/uploads\/2024\/12\/abnt.png"},{"@type":"BreadcrumbList","@id":"https:\/\/www.odonto.ufmg.br\/biblioteca\/normas-da-abnt-bu\/#breadcrumb","itemListElement":[{"@type":"ListItem","position":1,"name":"In\u00edcio","item":"https:\/\/www.odonto.ufmg.br\/biblioteca\/inicio2\/"},{"@type":"ListItem","position":2,"name":"NORMAS DA ABNT-BU"}]},{"@type":"WebSite","@id":"https:\/\/www.odonto.ufmg.br\/biblioteca\/#website","url":"https:\/\/www.odonto.ufmg.br\/biblioteca\/","name":"Biblioteca Professora Helena Helo\u00edsa Paix\u00e3o","description":"Faculdade de Odontologia UFMG","potentialAction":[{"@type":"SearchAction","target":{"@type":"EntryPoint","urlTemplate":"https:\/\/www.odonto.ufmg.br\/biblioteca\/?s={search_term_string}"},"query-input":{"@type":"PropertyValueSpecification","valueRequired":true,"valueName":"search_term_string"}}],"inLanguage":"pt-BR"}]}},"_links":{"self":[{"href":"https:\/\/www.odonto.ufmg.br\/biblioteca\/wp-json\/wp\/v2\/pages\/6344","targetHints":{"allow":["GET"]}}],"collection":[{"href":"https:\/\/www.odonto.ufmg.br\/biblioteca\/wp-json\/wp\/v2\/pages"}],"about":[{"href":"https:\/\/www.odonto.ufmg.br\/biblioteca\/wp-json\/wp\/v2\/types\/page"}],"author":[{"embeddable":true,"href":"https:\/\/www.odonto.ufmg.br\/biblioteca\/wp-json\/wp\/v2\/users\/35"}],"replies":[{"embeddable":true,"href":"https:\/\/www.odonto.ufmg.br\/biblioteca\/wp-json\/wp\/v2\/comments?post=6344"}],"version-history":[{"count":4,"href":"https:\/\/www.odonto.ufmg.br\/biblioteca\/wp-json\/wp\/v2\/pages\/6344\/revisions"}],"predecessor-version":[{"id":6349,"href":"https:\/\/www.odonto.ufmg.br\/biblioteca\/wp-json\/wp\/v2\/pages\/6344\/revisions\/6349"}],"wp:attachment":[{"href":"https:\/\/www.odonto.ufmg.br\/biblioteca\/wp-json\/wp\/v2\/media?parent=6344"}],"curies":[{"name":"wp","href":"https:\/\/api.w.org\/{rel}","templated":true}]}}