{"id":6010,"date":"2024-10-07T18:04:30","date_gmt":"2024-10-07T21:04:30","guid":{"rendered":"https:\/\/www.odonto.ufmg.br\/biblioteca\/?page_id=6010"},"modified":"2025-06-02T19:07:36","modified_gmt":"2025-06-02T22:07:36","slug":"formulario-de-solicitacao-de-isbn-em-word","status":"publish","type":"page","link":"https:\/\/www.odonto.ufmg.br\/biblioteca\/formulario-de-solicitacao-de-isbn-em-word\/","title":{"rendered":"Formul\u00e1rio de solicita\u00e7\u00e3o de ISBN em Word"},"content":{"rendered":"<p><a href=\"https:\/\/www.odonto.ufmg.br\/biblioteca\/wp-content\/uploads\/sites\/5\/2024\/10\/Formulario-para-solicitacao-de-ISBN-a-Comissao-Editorialreformulado-24092024.docx\" target=\"_blank\" rel=\"attachment noopener wp-att-6017\"><img fetchpriority=\"high\" decoding=\"async\" class=\"alignnone wp-image-6017 size-medium\" src=\"http:\/\/www.odonto.ufmg.br\/biblioteca\/wp-content\/uploads\/sites\/5\/2024\/10\/Formulario-para-solicitacao-de-ISBN-a-Comissao-Editorialreformulado-24092024_page-0001-242x300.jpg\" alt=\"\" width=\"242\" height=\"300\" srcset=\"https:\/\/www.odonto.ufmg.br\/biblioteca\/wp-content\/uploads\/sites\/5\/2024\/10\/Formulario-para-solicitacao-de-ISBN-a-Comissao-Editorialreformulado-24092024_page-0001-242x300.jpg 242w, https:\/\/www.odonto.ufmg.br\/biblioteca\/wp-content\/uploads\/sites\/5\/2024\/10\/Formulario-para-solicitacao-de-ISBN-a-Comissao-Editorialreformulado-24092024_page-0001-832x1030.jpg 832w, https:\/\/www.odonto.ufmg.br\/biblioteca\/wp-content\/uploads\/sites\/5\/2024\/10\/Formulario-para-solicitacao-de-ISBN-a-Comissao-Editorialreformulado-24092024_page-0001-65x80.jpg 65w, https:\/\/www.odonto.ufmg.br\/biblioteca\/wp-content\/uploads\/sites\/5\/2024\/10\/Formulario-para-solicitacao-de-ISBN-a-Comissao-Editorialreformulado-24092024_page-0001-768x951.jpg 768w, https:\/\/www.odonto.ufmg.br\/biblioteca\/wp-content\/uploads\/sites\/5\/2024\/10\/Formulario-para-solicitacao-de-ISBN-a-Comissao-Editorialreformulado-24092024_page-0001-1212x1500.jpg 1212w, https:\/\/www.odonto.ufmg.br\/biblioteca\/wp-content\/uploads\/sites\/5\/2024\/10\/Formulario-para-solicitacao-de-ISBN-a-Comissao-Editorialreformulado-24092024_page-0001-570x705.jpg 570w, https:\/\/www.odonto.ufmg.br\/biblioteca\/wp-content\/uploads\/sites\/5\/2024\/10\/Formulario-para-solicitacao-de-ISBN-a-Comissao-Editorialreformulado-24092024_page-0001.jpg 1241w\" sizes=\"(max-width: 242px) 100vw, 242px\" \/><\/a><\/p>\n","protected":false},"excerpt":{"rendered":"","protected":false},"author":35,"featured_media":0,"parent":0,"menu_order":0,"comment_status":"closed","ping_status":"closed","template":"","meta":{"inline_featured_image":false,"footnotes":""},"class_list":["post-6010","page","type-page","status-publish","hentry"],"yoast_head":"<!-- This site is optimized with the Yoast SEO plugin v27.6 - https:\/\/yoast.com\/product\/yoast-seo-wordpress\/ -->\n<title>Formul\u00e1rio de solicita\u00e7\u00e3o de ISBN em Word - Biblioteca Professora Helena Helo\u00edsa Paix\u00e3o<\/title>\n<meta name=\"robots\" content=\"index, follow, max-snippet:-1, max-image-preview:large, max-video-preview:-1\" \/>\n<link rel=\"canonical\" href=\"https:\/\/www.odonto.ufmg.br\/biblioteca\/formulario-de-solicitacao-de-isbn-em-word\/\" \/>\n<meta property=\"og:locale\" content=\"pt_BR\" \/>\n<meta property=\"og:type\" content=\"article\" \/>\n<meta property=\"og:title\" content=\"Formul\u00e1rio de solicita\u00e7\u00e3o de ISBN em Word - Biblioteca Professora Helena Helo\u00edsa Paix\u00e3o\" \/>\n<meta property=\"og:url\" content=\"https:\/\/www.odonto.ufmg.br\/biblioteca\/formulario-de-solicitacao-de-isbn-em-word\/\" \/>\n<meta property=\"og:site_name\" content=\"Biblioteca Professora Helena Helo\u00edsa Paix\u00e3o\" \/>\n<meta property=\"article:modified_time\" content=\"2025-06-02T22:07:36+00:00\" \/>\n<meta property=\"og:image\" content=\"https:\/\/www.odonto.ufmg.br\/biblioteca\/wp-content\/uploads\/sites\/5\/2024\/10\/Formulario-para-solicitacao-de-ISBN-a-Comissao-Editorialreformulado-24092024_page-0001.jpg\" \/>\n\t<meta property=\"og:image:width\" content=\"1241\" \/>\n\t<meta property=\"og:image:height\" content=\"1536\" \/>\n\t<meta property=\"og:image:type\" content=\"image\/jpeg\" \/>\n<meta name=\"twitter:card\" content=\"summary_large_image\" \/>\n<meta name=\"twitter:label1\" content=\"Est. tempo de leitura\" \/>\n\t<meta name=\"twitter:data1\" content=\"1 minuto\" \/>\n<script type=\"application\/ld+json\" class=\"yoast-schema-graph\">{\"@context\":\"https:\\\/\\\/schema.org\",\"@graph\":[{\"@type\":\"WebPage\",\"@id\":\"https:\\\/\\\/www.odonto.ufmg.br\\\/biblioteca\\\/formulario-de-solicitacao-de-isbn-em-word\\\/\",\"url\":\"https:\\\/\\\/www.odonto.ufmg.br\\\/biblioteca\\\/formulario-de-solicitacao-de-isbn-em-word\\\/\",\"name\":\"Formul\u00e1rio de solicita\u00e7\u00e3o de ISBN em Word - Biblioteca Professora Helena Helo\u00edsa Paix\u00e3o\",\"isPartOf\":{\"@id\":\"https:\\\/\\\/www.odonto.ufmg.br\\\/biblioteca\\\/#website\"},\"primaryImageOfPage\":{\"@id\":\"https:\\\/\\\/www.odonto.ufmg.br\\\/biblioteca\\\/formulario-de-solicitacao-de-isbn-em-word\\\/#primaryimage\"},\"image\":{\"@id\":\"https:\\\/\\\/www.odonto.ufmg.br\\\/biblioteca\\\/formulario-de-solicitacao-de-isbn-em-word\\\/#primaryimage\"},\"thumbnailUrl\":\"http:\\\/\\\/www.odonto.ufmg.br\\\/biblioteca\\\/wp-content\\\/uploads\\\/sites\\\/5\\\/2024\\\/10\\\/Formulario-para-solicitacao-de-ISBN-a-Comissao-Editorialreformulado-24092024_page-0001-242x300.jpg\",\"datePublished\":\"2024-10-07T21:04:30+00:00\",\"dateModified\":\"2025-06-02T22:07:36+00:00\",\"breadcrumb\":{\"@id\":\"https:\\\/\\\/www.odonto.ufmg.br\\\/biblioteca\\\/formulario-de-solicitacao-de-isbn-em-word\\\/#breadcrumb\"},\"inLanguage\":\"pt-BR\",\"potentialAction\":[{\"@type\":\"ReadAction\",\"target\":[\"https:\\\/\\\/www.odonto.ufmg.br\\\/biblioteca\\\/formulario-de-solicitacao-de-isbn-em-word\\\/\"]}]},{\"@type\":\"ImageObject\",\"inLanguage\":\"pt-BR\",\"@id\":\"https:\\\/\\\/www.odonto.ufmg.br\\\/biblioteca\\\/formulario-de-solicitacao-de-isbn-em-word\\\/#primaryimage\",\"url\":\"\",\"contentUrl\":\"\"},{\"@type\":\"BreadcrumbList\",\"@id\":\"https:\\\/\\\/www.odonto.ufmg.br\\\/biblioteca\\\/formulario-de-solicitacao-de-isbn-em-word\\\/#breadcrumb\",\"itemListElement\":[{\"@type\":\"ListItem\",\"position\":1,\"name\":\"In\u00edcio\",\"item\":\"https:\\\/\\\/www.odonto.ufmg.br\\\/biblioteca\\\/inicio2\\\/\"},{\"@type\":\"ListItem\",\"position\":2,\"name\":\"Formul\u00e1rio de solicita\u00e7\u00e3o de ISBN em Word\"}]},{\"@type\":\"WebSite\",\"@id\":\"https:\\\/\\\/www.odonto.ufmg.br\\\/biblioteca\\\/#website\",\"url\":\"https:\\\/\\\/www.odonto.ufmg.br\\\/biblioteca\\\/\",\"name\":\"Biblioteca Professora Helena Helo\u00edsa Paix\u00e3o\",\"description\":\"Faculdade de Odontologia UFMG\",\"potentialAction\":[{\"@type\":\"SearchAction\",\"target\":{\"@type\":\"EntryPoint\",\"urlTemplate\":\"https:\\\/\\\/www.odonto.ufmg.br\\\/biblioteca\\\/?s={search_term_string}\"},\"query-input\":{\"@type\":\"PropertyValueSpecification\",\"valueRequired\":true,\"valueName\":\"search_term_string\"}}],\"inLanguage\":\"pt-BR\"}]}<\/script>\n<!-- \/ Yoast SEO plugin. -->","yoast_head_json":{"title":"Formul\u00e1rio de solicita\u00e7\u00e3o de ISBN em Word - Biblioteca Professora Helena Helo\u00edsa Paix\u00e3o","robots":{"index":"index","follow":"follow","max-snippet":"max-snippet:-1","max-image-preview":"max-image-preview:large","max-video-preview":"max-video-preview:-1"},"canonical":"https:\/\/www.odonto.ufmg.br\/biblioteca\/formulario-de-solicitacao-de-isbn-em-word\/","og_locale":"pt_BR","og_type":"article","og_title":"Formul\u00e1rio de solicita\u00e7\u00e3o de ISBN em Word - Biblioteca Professora Helena Helo\u00edsa Paix\u00e3o","og_url":"https:\/\/www.odonto.ufmg.br\/biblioteca\/formulario-de-solicitacao-de-isbn-em-word\/","og_site_name":"Biblioteca Professora Helena Helo\u00edsa Paix\u00e3o","article_modified_time":"2025-06-02T22:07:36+00:00","og_image":[{"width":1241,"height":1536,"url":"https:\/\/www.odonto.ufmg.br\/biblioteca\/wp-content\/uploads\/sites\/5\/2024\/10\/Formulario-para-solicitacao-de-ISBN-a-Comissao-Editorialreformulado-24092024_page-0001.jpg","type":"image\/jpeg"}],"twitter_card":"summary_large_image","twitter_misc":{"Est. tempo de leitura":"1 minuto"},"schema":{"@context":"https:\/\/schema.org","@graph":[{"@type":"WebPage","@id":"https:\/\/www.odonto.ufmg.br\/biblioteca\/formulario-de-solicitacao-de-isbn-em-word\/","url":"https:\/\/www.odonto.ufmg.br\/biblioteca\/formulario-de-solicitacao-de-isbn-em-word\/","name":"Formul\u00e1rio de solicita\u00e7\u00e3o de ISBN em Word - Biblioteca Professora Helena Helo\u00edsa Paix\u00e3o","isPartOf":{"@id":"https:\/\/www.odonto.ufmg.br\/biblioteca\/#website"},"primaryImageOfPage":{"@id":"https:\/\/www.odonto.ufmg.br\/biblioteca\/formulario-de-solicitacao-de-isbn-em-word\/#primaryimage"},"image":{"@id":"https:\/\/www.odonto.ufmg.br\/biblioteca\/formulario-de-solicitacao-de-isbn-em-word\/#primaryimage"},"thumbnailUrl":"http:\/\/www.odonto.ufmg.br\/biblioteca\/wp-content\/uploads\/sites\/5\/2024\/10\/Formulario-para-solicitacao-de-ISBN-a-Comissao-Editorialreformulado-24092024_page-0001-242x300.jpg","datePublished":"2024-10-07T21:04:30+00:00","dateModified":"2025-06-02T22:07:36+00:00","breadcrumb":{"@id":"https:\/\/www.odonto.ufmg.br\/biblioteca\/formulario-de-solicitacao-de-isbn-em-word\/#breadcrumb"},"inLanguage":"pt-BR","potentialAction":[{"@type":"ReadAction","target":["https:\/\/www.odonto.ufmg.br\/biblioteca\/formulario-de-solicitacao-de-isbn-em-word\/"]}]},{"@type":"ImageObject","inLanguage":"pt-BR","@id":"https:\/\/www.odonto.ufmg.br\/biblioteca\/formulario-de-solicitacao-de-isbn-em-word\/#primaryimage","url":"","contentUrl":""},{"@type":"BreadcrumbList","@id":"https:\/\/www.odonto.ufmg.br\/biblioteca\/formulario-de-solicitacao-de-isbn-em-word\/#breadcrumb","itemListElement":[{"@type":"ListItem","position":1,"name":"In\u00edcio","item":"https:\/\/www.odonto.ufmg.br\/biblioteca\/inicio2\/"},{"@type":"ListItem","position":2,"name":"Formul\u00e1rio de solicita\u00e7\u00e3o de ISBN em Word"}]},{"@type":"WebSite","@id":"https:\/\/www.odonto.ufmg.br\/biblioteca\/#website","url":"https:\/\/www.odonto.ufmg.br\/biblioteca\/","name":"Biblioteca Professora Helena Helo\u00edsa Paix\u00e3o","description":"Faculdade de Odontologia UFMG","potentialAction":[{"@type":"SearchAction","target":{"@type":"EntryPoint","urlTemplate":"https:\/\/www.odonto.ufmg.br\/biblioteca\/?s={search_term_string}"},"query-input":{"@type":"PropertyValueSpecification","valueRequired":true,"valueName":"search_term_string"}}],"inLanguage":"pt-BR"}]}},"_links":{"self":[{"href":"https:\/\/www.odonto.ufmg.br\/biblioteca\/wp-json\/wp\/v2\/pages\/6010","targetHints":{"allow":["GET"]}}],"collection":[{"href":"https:\/\/www.odonto.ufmg.br\/biblioteca\/wp-json\/wp\/v2\/pages"}],"about":[{"href":"https:\/\/www.odonto.ufmg.br\/biblioteca\/wp-json\/wp\/v2\/types\/page"}],"author":[{"embeddable":true,"href":"https:\/\/www.odonto.ufmg.br\/biblioteca\/wp-json\/wp\/v2\/users\/35"}],"replies":[{"embeddable":true,"href":"https:\/\/www.odonto.ufmg.br\/biblioteca\/wp-json\/wp\/v2\/comments?post=6010"}],"version-history":[{"count":7,"href":"https:\/\/www.odonto.ufmg.br\/biblioteca\/wp-json\/wp\/v2\/pages\/6010\/revisions"}],"predecessor-version":[{"id":6744,"href":"https:\/\/www.odonto.ufmg.br\/biblioteca\/wp-json\/wp\/v2\/pages\/6010\/revisions\/6744"}],"wp:attachment":[{"href":"https:\/\/www.odonto.ufmg.br\/biblioteca\/wp-json\/wp\/v2\/media?parent=6010"}],"curies":[{"name":"wp","href":"https:\/\/api.w.org\/{rel}","templated":true}]}}