{"id":4621,"date":"2021-08-25T17:21:16","date_gmt":"2021-08-25T20:21:16","guid":{"rendered":"https:\/\/www.odonto.ufmg.br\/biblioteca\/?page_id=4621"},"modified":"2025-11-28T19:48:40","modified_gmt":"2025-11-28T22:48:40","slug":"solicitacao-de-isbn","status":"publish","type":"page","link":"https:\/\/www.odonto.ufmg.br\/biblioteca\/solicitacao-de-isbn\/","title":{"rendered":"SOLICITA\u00c7\u00c3O DE ISBN"},"content":{"rendered":"<h4><strong>SOLICITA\u00c7\u00c3O DE ISBN &#8211; EDITORA FAO UFMG<\/strong><\/h4>\n<p style=\"text-align: left\"><a href=\"https:\/\/www.odonto.ufmg.br\/biblioteca\/6766-2\/\" target=\"_blank\" rel=\"noopener\"><strong><span style=\"color: #3366ff\"><span style=\"color: #0000ff\"><span style=\"vertical-align: inherit\"><span style=\"vertical-align: inherit\">Guia Comiss\u00e3o Editorial 2\u00aa edi\u00e7\u00e3o &#8211; 2025<\/span><\/span><\/span><\/span><\/strong><\/a><\/p>\n<p><strong><span style=\"color: #0000ff\"><a style=\"color: #0000ff\" href=\"https:\/\/www.odonto.ufmg.br\/biblioteca\/fluxo-para-submissao-das-obras-no-ri-ufmg-apos-a-aprovacao-pela-comissao-editorial-da-fao\/\" target=\"_blank\" rel=\"noopener\">Fluxo para submiss\u00e3o das obras no RI-UFMG ap\u00f3s a aprova\u00e7\u00e3o pela Comiss\u00e3o Editorial da FAO -atualizado<\/a><\/span><\/strong><\/p>\n<p><strong><span style=\"color: #0000ff\"><a style=\"color: #0000ff\" href=\"https:\/\/www.odonto.ufmg.br\/biblioteca\/comissao-editorial-fao-ufmg-atual\/\" target=\"_blank\" rel=\"noopener\">Membros Comiss\u00e3o Editorial<\/a><\/span><\/strong><\/p>\n<p><span style=\"color: #0000ff\"><strong><a style=\"color: #0000ff\" href=\"https:\/\/www.odonto.ufmg.br\/biblioteca\/wp-content\/uploads\/sites\/5\/2024\/10\/Formulario-para-solicitacao-de-ISBN-a-Comissao-Editorialreformulado-24092024.docx\" target=\"_blank\" rel=\"noopener\">Formul\u00e1rio para solicita\u00e7\u00e3o de ISBN \u00e0 Comiss\u00e3o Editorial<\/a><\/strong><\/span><\/p>\n<p><span style=\"color: #0000ff\"><strong><a style=\"color: #0000ff\" href=\"http:\/\/www.odonto.ufmg.br\/biblioteca\/wp-content\/uploads\/sites\/5\/2024\/09\/logo_FAO-Faculdade-de-Odontologia-FUNDO-TRANSPARENTE.png\">Logo FAO<\/a>\u00a0<\/strong><\/span><\/p>\n<p style=\"text-align: left\"><span style=\"color: #0000ff\"><strong><a style=\"color: #0000ff\" href=\"http:\/\/www.odonto.ufmg.br\/biblioteca\/wp-content\/uploads\/sites\/5\/2021\/08\/Logo-Comissao-Editorial.png\" target=\"_blank\" rel=\"noopener\"><span style=\"vertical-align: inherit\"><span style=\"vertical-align: inherit\">Logo Comiss\u00e3o Editorial &#8211; fundo transparente\u00a0<\/span><\/span><\/a><\/strong><\/span><\/p>\n<p style=\"text-align: left\"><strong><span style=\"color: #0000ff\"><a style=\"color: #0000ff\" href=\"http:\/\/www.odonto.ufmg.br\/biblioteca\/wp-content\/uploads\/sites\/5\/2021\/08\/Logo-Comissao-Editorial-com-Fundo-Branco.png\" target=\"_blank\" rel=\"noopener\"><span style=\"vertical-align: inherit\"><span style=\"vertical-align: inherit\">Logo Comiss\u00e3o Editorial &#8211; fundo branco<\/span><\/span><\/a><\/span><\/strong><\/p>\n<h3 style=\"text-align: left\"><\/h3>\n<p>&nbsp;<\/p>\n","protected":false},"excerpt":{"rendered":"<p>SOLICITA\u00c7\u00c3O DE ISBN &#8211; EDITORA FAO UFMG Guia Comiss\u00e3o Editorial 2\u00aa edi\u00e7\u00e3o &#8211; 2025 Fluxo para submiss\u00e3o das obras no RI-UFMG ap\u00f3s a aprova\u00e7\u00e3o pela Comiss\u00e3o Editorial da FAO -atualizado Membros Comiss\u00e3o Editorial Formul\u00e1rio para solicita\u00e7\u00e3o de ISBN \u00e0 Comiss\u00e3o Editorial Logo FAO\u00a0 Logo Comiss\u00e3o Editorial &#8211; fundo transparente\u00a0 Logo Comiss\u00e3o Editorial &#8211; fundo branco [&hellip;]<\/p>\n","protected":false},"author":35,"featured_media":0,"parent":0,"menu_order":0,"comment_status":"closed","ping_status":"closed","template":"","meta":{"inline_featured_image":false,"footnotes":""},"class_list":["post-4621","page","type-page","status-publish","hentry"],"yoast_head":"<!-- This site is optimized with the Yoast SEO plugin v27.3 - https:\/\/yoast.com\/product\/yoast-seo-wordpress\/ -->\n<title>SOLICITA\u00c7\u00c3O DE ISBN - Biblioteca Professora Helena Helo\u00edsa Paix\u00e3o<\/title>\n<meta name=\"robots\" content=\"index, follow, max-snippet:-1, max-image-preview:large, max-video-preview:-1\" \/>\n<link rel=\"canonical\" href=\"https:\/\/www.odonto.ufmg.br\/biblioteca\/solicitacao-de-isbn\/\" \/>\n<meta property=\"og:locale\" content=\"pt_BR\" \/>\n<meta property=\"og:type\" content=\"article\" \/>\n<meta property=\"og:title\" content=\"SOLICITA\u00c7\u00c3O DE ISBN - Biblioteca Professora Helena Helo\u00edsa Paix\u00e3o\" \/>\n<meta property=\"og:description\" content=\"SOLICITA\u00c7\u00c3O DE ISBN &#8211; EDITORA FAO UFMG Guia Comiss\u00e3o Editorial 2\u00aa edi\u00e7\u00e3o &#8211; 2025 Fluxo para submiss\u00e3o das obras no RI-UFMG ap\u00f3s a aprova\u00e7\u00e3o pela Comiss\u00e3o Editorial da FAO -atualizado Membros Comiss\u00e3o Editorial Formul\u00e1rio para solicita\u00e7\u00e3o de ISBN \u00e0 Comiss\u00e3o Editorial Logo FAO\u00a0 Logo Comiss\u00e3o Editorial &#8211; fundo transparente\u00a0 Logo Comiss\u00e3o Editorial &#8211; fundo branco [&hellip;]\" \/>\n<meta property=\"og:url\" content=\"https:\/\/www.odonto.ufmg.br\/biblioteca\/solicitacao-de-isbn\/\" \/>\n<meta property=\"og:site_name\" content=\"Biblioteca Professora Helena Helo\u00edsa Paix\u00e3o\" \/>\n<meta property=\"article:modified_time\" content=\"2025-11-28T22:48:40+00:00\" \/>\n<meta name=\"twitter:card\" content=\"summary_large_image\" \/>\n<meta name=\"twitter:label1\" content=\"Est. tempo de leitura\" \/>\n\t<meta name=\"twitter:data1\" content=\"1 minuto\" \/>\n<script type=\"application\/ld+json\" class=\"yoast-schema-graph\">{\"@context\":\"https:\\\/\\\/schema.org\",\"@graph\":[{\"@type\":\"WebPage\",\"@id\":\"https:\\\/\\\/www.odonto.ufmg.br\\\/biblioteca\\\/solicitacao-de-isbn\\\/\",\"url\":\"https:\\\/\\\/www.odonto.ufmg.br\\\/biblioteca\\\/solicitacao-de-isbn\\\/\",\"name\":\"SOLICITA\u00c7\u00c3O DE ISBN - Biblioteca Professora Helena Helo\u00edsa Paix\u00e3o\",\"isPartOf\":{\"@id\":\"https:\\\/\\\/www.odonto.ufmg.br\\\/biblioteca\\\/#website\"},\"datePublished\":\"2021-08-25T20:21:16+00:00\",\"dateModified\":\"2025-11-28T22:48:40+00:00\",\"breadcrumb\":{\"@id\":\"https:\\\/\\\/www.odonto.ufmg.br\\\/biblioteca\\\/solicitacao-de-isbn\\\/#breadcrumb\"},\"inLanguage\":\"pt-BR\",\"potentialAction\":[{\"@type\":\"ReadAction\",\"target\":[\"https:\\\/\\\/www.odonto.ufmg.br\\\/biblioteca\\\/solicitacao-de-isbn\\\/\"]}]},{\"@type\":\"BreadcrumbList\",\"@id\":\"https:\\\/\\\/www.odonto.ufmg.br\\\/biblioteca\\\/solicitacao-de-isbn\\\/#breadcrumb\",\"itemListElement\":[{\"@type\":\"ListItem\",\"position\":1,\"name\":\"In\u00edcio\",\"item\":\"https:\\\/\\\/www.odonto.ufmg.br\\\/biblioteca\\\/inicio2\\\/\"},{\"@type\":\"ListItem\",\"position\":2,\"name\":\"SOLICITA\u00c7\u00c3O DE ISBN\"}]},{\"@type\":\"WebSite\",\"@id\":\"https:\\\/\\\/www.odonto.ufmg.br\\\/biblioteca\\\/#website\",\"url\":\"https:\\\/\\\/www.odonto.ufmg.br\\\/biblioteca\\\/\",\"name\":\"Biblioteca Professora Helena Helo\u00edsa Paix\u00e3o\",\"description\":\"Faculdade de Odontologia UFMG\",\"potentialAction\":[{\"@type\":\"SearchAction\",\"target\":{\"@type\":\"EntryPoint\",\"urlTemplate\":\"https:\\\/\\\/www.odonto.ufmg.br\\\/biblioteca\\\/?s={search_term_string}\"},\"query-input\":{\"@type\":\"PropertyValueSpecification\",\"valueRequired\":true,\"valueName\":\"search_term_string\"}}],\"inLanguage\":\"pt-BR\"}]}<\/script>\n<!-- \/ Yoast SEO plugin. -->","yoast_head_json":{"title":"SOLICITA\u00c7\u00c3O DE ISBN - Biblioteca Professora Helena Helo\u00edsa Paix\u00e3o","robots":{"index":"index","follow":"follow","max-snippet":"max-snippet:-1","max-image-preview":"max-image-preview:large","max-video-preview":"max-video-preview:-1"},"canonical":"https:\/\/www.odonto.ufmg.br\/biblioteca\/solicitacao-de-isbn\/","og_locale":"pt_BR","og_type":"article","og_title":"SOLICITA\u00c7\u00c3O DE ISBN - Biblioteca Professora Helena Helo\u00edsa Paix\u00e3o","og_description":"SOLICITA\u00c7\u00c3O DE ISBN &#8211; EDITORA FAO UFMG Guia Comiss\u00e3o Editorial 2\u00aa edi\u00e7\u00e3o &#8211; 2025 Fluxo para submiss\u00e3o das obras no RI-UFMG ap\u00f3s a aprova\u00e7\u00e3o pela Comiss\u00e3o Editorial da FAO -atualizado Membros Comiss\u00e3o Editorial Formul\u00e1rio para solicita\u00e7\u00e3o de ISBN \u00e0 Comiss\u00e3o Editorial Logo FAO\u00a0 Logo Comiss\u00e3o Editorial &#8211; fundo transparente\u00a0 Logo Comiss\u00e3o Editorial &#8211; fundo branco [&hellip;]","og_url":"https:\/\/www.odonto.ufmg.br\/biblioteca\/solicitacao-de-isbn\/","og_site_name":"Biblioteca Professora Helena Helo\u00edsa Paix\u00e3o","article_modified_time":"2025-11-28T22:48:40+00:00","twitter_card":"summary_large_image","twitter_misc":{"Est. tempo de leitura":"1 minuto"},"schema":{"@context":"https:\/\/schema.org","@graph":[{"@type":"WebPage","@id":"https:\/\/www.odonto.ufmg.br\/biblioteca\/solicitacao-de-isbn\/","url":"https:\/\/www.odonto.ufmg.br\/biblioteca\/solicitacao-de-isbn\/","name":"SOLICITA\u00c7\u00c3O DE ISBN - Biblioteca Professora Helena Helo\u00edsa Paix\u00e3o","isPartOf":{"@id":"https:\/\/www.odonto.ufmg.br\/biblioteca\/#website"},"datePublished":"2021-08-25T20:21:16+00:00","dateModified":"2025-11-28T22:48:40+00:00","breadcrumb":{"@id":"https:\/\/www.odonto.ufmg.br\/biblioteca\/solicitacao-de-isbn\/#breadcrumb"},"inLanguage":"pt-BR","potentialAction":[{"@type":"ReadAction","target":["https:\/\/www.odonto.ufmg.br\/biblioteca\/solicitacao-de-isbn\/"]}]},{"@type":"BreadcrumbList","@id":"https:\/\/www.odonto.ufmg.br\/biblioteca\/solicitacao-de-isbn\/#breadcrumb","itemListElement":[{"@type":"ListItem","position":1,"name":"In\u00edcio","item":"https:\/\/www.odonto.ufmg.br\/biblioteca\/inicio2\/"},{"@type":"ListItem","position":2,"name":"SOLICITA\u00c7\u00c3O DE ISBN"}]},{"@type":"WebSite","@id":"https:\/\/www.odonto.ufmg.br\/biblioteca\/#website","url":"https:\/\/www.odonto.ufmg.br\/biblioteca\/","name":"Biblioteca Professora Helena Helo\u00edsa Paix\u00e3o","description":"Faculdade de Odontologia UFMG","potentialAction":[{"@type":"SearchAction","target":{"@type":"EntryPoint","urlTemplate":"https:\/\/www.odonto.ufmg.br\/biblioteca\/?s={search_term_string}"},"query-input":{"@type":"PropertyValueSpecification","valueRequired":true,"valueName":"search_term_string"}}],"inLanguage":"pt-BR"}]}},"_links":{"self":[{"href":"https:\/\/www.odonto.ufmg.br\/biblioteca\/wp-json\/wp\/v2\/pages\/4621","targetHints":{"allow":["GET"]}}],"collection":[{"href":"https:\/\/www.odonto.ufmg.br\/biblioteca\/wp-json\/wp\/v2\/pages"}],"about":[{"href":"https:\/\/www.odonto.ufmg.br\/biblioteca\/wp-json\/wp\/v2\/types\/page"}],"author":[{"embeddable":true,"href":"https:\/\/www.odonto.ufmg.br\/biblioteca\/wp-json\/wp\/v2\/users\/35"}],"replies":[{"embeddable":true,"href":"https:\/\/www.odonto.ufmg.br\/biblioteca\/wp-json\/wp\/v2\/comments?post=4621"}],"version-history":[{"count":94,"href":"https:\/\/www.odonto.ufmg.br\/biblioteca\/wp-json\/wp\/v2\/pages\/4621\/revisions"}],"predecessor-version":[{"id":8043,"href":"https:\/\/www.odonto.ufmg.br\/biblioteca\/wp-json\/wp\/v2\/pages\/4621\/revisions\/8043"}],"wp:attachment":[{"href":"https:\/\/www.odonto.ufmg.br\/biblioteca\/wp-json\/wp\/v2\/media?parent=4621"}],"curies":[{"name":"wp","href":"https:\/\/api.w.org\/{rel}","templated":true}]}}